{"id":81086,"date":"2024-12-10T13:45:44","date_gmt":"2024-12-10T13:45:44","guid":{"rendered":"https:\/\/www.accuratereviews.com\/?page_id=81086"},"modified":"2024-12-10T13:45:44","modified_gmt":"2024-12-10T13:45:44","slug":"korra-recensione","status":"publish","type":"page","link":"https:\/\/www.accuratereviews.com\/it\/software-intelligenza-artificiale\/korra-recensione\/","title":{"rendered":"Korra"},"content":{"rendered":"<p><strong>Korra<\/strong> \u00e8 una piattaforma di knowledge discovery all&#8217;avanguardia, basata <strong>sull&#8217;intelligenza artificiale<\/strong>, che rivoluziona l&#8217;assistenza clienti e le esperienze self-service. La piattaforma \u00e8 la prima del suo genere a fornire un motore di ricerca semantico diretto alle risposte in grado di comprendere le query in linguaggio naturale degli utenti.<br \/>\nUtilizzando algoritmi avanzati di ricerca NLP e neural vector, il motore di <strong>Korra<\/strong> interpreta le richieste degli utenti e recupera le risposte pi\u00f9 pertinenti in una gamma di formati, tra cui video, PDF e altri contenuti. Con la sua esperienza di knowledge discovery intuitiva e personalizzata, <strong>Korra<\/strong> consente agli utenti di trovare rapidamente le risposte di cui hanno bisogno senza dover aprire un ticket di assistenza. Ci\u00f2 non solo consente di risparmiare tempo e risorse alle aziende, ma offre anche un&#8217;esperienza migliore ai clienti che desiderano risolvere i propri problemi in modo rapido ed efficiente.<br \/>\nAnalizzando i dati di coinvolgimento degli utenti, <strong>Korra<\/strong> fornisce informazioni preziose su come i clienti interagiscono con i contenuti e dove potrebbero esserci punti di attrito. Ci\u00f2 consente ai gestori dei contenuti di perfezionare i propri materiali di supporto, vendita e marketing, migliorando in definitiva l&#8217;esperienza complessiva del cliente.<\/p>\n<h2>KORRA &#8211; TUTORIAL<\/h2>\n<div id=\"fluid-wrapper-counter-1\" class=\"g1-fluid-wrapper \" style=\"width:686px;\">\n<div style=\"padding-bottom:56.268221574344%;\"><iframe loading=\"lazy\" title=\"Korra UI video\" src=\"https:\/\/player.vimeo.com\/video\/847720133?dnt=1&amp;app_id=122963?title=0&amp;byline=0&amp;portrait=0\" width=\"686\" height=\"386\" frameborder=\"0\" allow=\"autoplay; fullscreen; picture-in-picture; clipboard-write\"><\/iframe><\/div>\n<\/div>\n<h3>KORRA &#8211; CARATTERISTICHE<\/h3>\n<ul>\n<li>Accesso al supporto tramite chat AI da qualsiasi pagina del tuo sito.<\/li>\n<li>Aspetto di ricerca della knowledge base tradizionale con un URL di supporto dedicato.<\/li>\n<li>Esperienza di supporto completamente personalizzabile per la massima integrazione.<\/li>\n<li>Supporta tutti i tipi di file, inclusi testo, video, Web e altro.<\/li>\n<li>Analisi della struttura completamente automatizzata per una pubblicazione senza sforzo di articoli di supporto e argomenti.<\/li>\n<li>Comprende le domande dei clienti tramite un potente motore semantico NLP.<\/li>\n<li>Addestrato sui tuoi contenuti e costantemente migliorato in base alle interazioni dei tuoi utenti.<\/li>\n<li>Offri ai tuoi clienti ci\u00f2 che desiderano con uno strumento basato sull&#8217;intelligenza artificiale che consente loro di trovare risposte reali a domande reali, senza bisogno di intermediari.<\/li>\n<li>Puoi facilmente ridimensionare le tue operazioni di supporto clienti per soddisfare la crescita aziendale e le fluttuanti richieste di supporto.<\/li>\n<li>Le funzionalit\u00e0 di supporto chatbot AI in tempo reale e di evidenziazione dei contenuti consentono ai clienti di trovare risposte pi\u00f9 rapidamente, con conseguente riduzione dei ticket di supporto aperti.<\/li>\n<li>Ottieni informazioni preziose sul comportamento dei clienti, sulle domande comuni, sulle lacune di conoscenza e sull&#8217;efficacia dei contenuti per prendere decisioni aziendali informate.<\/li>\n<li>Fornisci ai clienti accesso immediato a manuali utente, guide alla risoluzione dei problemi e suggerimenti per la manutenzione, favorendo un&#8217;esperienza di prodotto pi\u00f9 fluida e una maggiore soddisfazione del cliente.<\/li>\n<\/ul>\n<h4>LE RECENSIONI DEGLI UTENTI<\/h4>\n<p><strong>Adi &#8220;Sorprendentemente buono, veloce, cordiale e ottimo supporto&#8221;<\/strong><br \/>\n<strong>Pro<\/strong>: Korra \u00e8 molto intuitivo. L&#8217;impostazione ha richiesto alcuni minuti e, a parte il tempo impiegato dal sistema per analizzare il mio corpus, il time-to-value \u00e8 stato minimo.<br \/>\n<strong>Contro<\/strong>: Il modo in cui vengono presentati i risultati potrebbe essere ottimizzato.<\/p>\n<p><strong>Alona &#8220;Recensione dal punto di vista di un product manager&#8221;<\/strong><br \/>\n<strong>Pro<\/strong>: Utilizza l&#8217;intelligenza artificiale per recuperare le informazioni pi\u00f9 rilevanti di cui ho bisogno invece di cercarle da solo<br \/>\n<strong>Contro<\/strong>: Alcune modifiche all&#8217;interfaccia utente possono migliorare l&#8217;esperienza utente di alcuni moduli.<\/p>\n<p><strong>Cheryl &#8220;Noleggio WEDGE United&#8221;<\/strong><br \/>\n<strong>Commenti<\/strong>: Positivo, grazie al team Korra per tutto il duro lavoro.<br \/>\n<strong>Pro<\/strong>: Integrazione con l&#8217;intelligenza artificiale, risposte simili a quelle della chat GPT, possibilit\u00e0 di caricare pi\u00f9 tipi di media, che Korra cercher\u00e0 nei video.<br \/>\n<strong>Contro<\/strong>: Abbiamo appena lanciato il servizio, quindi al momento non possiamo rilasciare dichiarazioni.<\/p>\n<p>&nbsp;<\/p>\n","protected":false},"excerpt":{"rendered":"<p>Korra \u00e8 una piattaforma di knowledge discovery all&#8217;avanguardia, basata sull&#8217;intelligenza artificiale, che rivoluziona l&#8217;assistenza clienti e le esperienze self-service. La piattaforma \u00e8 la prima del suo genere a fornire un motore di ricerca semantico diretto alle risposte in grado di comprendere le query in linguaggio naturale degli utenti. Utilizzando algoritmi avanzati di ricerca NLP e neural vector, il motore di Korra interpreta le richieste degli utenti<\/p>\n","protected":false},"author":19,"featured_media":81087,"parent":79864,"menu_order":0,"comment_status":"open","ping_status":"closed","template":"g1_template_page_review_new.php","meta":{"_acf_changed":false,"cwp_meta_box_check":"No","cwp_rev_product_name":"","cwp_rev_product_image":"","wppr_links":[],"cwp_rev_price":"","wppr_options":[],"wppr_pros":[],"wppr_cons":[],"_monsterinsights_skip_tracking":false,"_monsterinsights_sitenote_active":false,"_monsterinsights_sitenote_note":"","_monsterinsights_sitenote_category":0,"footnotes":""},"categories":[15435],"tags":[997,998,15625,15441,15440,15479,15480],"features":[],"class_list":{"0":"post-81086","1":"page","2":"type-page","3":"status-publish","4":"has-post-thumbnail","6":"category-software-intelligenza-artificiale-cat","7":"tag-ai","8":"tag-intelligenza-artificiale","9":"tag-korra","10":"tag-piattaforma-intelligenza-artificiale","11":"tag-programma-intelligenza-artificiale","12":"tag-software-intelligenza-artificiale","13":"tag-soluzione-intelligenza-artificiale"},"wppr_data":{"cwp_meta_box_check":"No"},"acf":[],"yoast_head":"<!-- This site is optimized with the Yoast SEO plugin v27.4 - https:\/\/yoast.com\/product\/yoast-seo-wordpress\/ -->\n<title>Korra: recensione software intelligenza artificiale - Accurate Reviews<\/title>\n<meta name=\"description\" content=\"Korra: recensione software di knowledge discovery, basata sull&#039;AI, che rivoluziona l&#039;assistenza clienti e le esperienze self-service.\" \/>\n<meta name=\"robots\" content=\"index, follow, max-snippet:-1, max-image-preview:large, max-video-preview:-1\" \/>\n<link rel=\"canonical\" href=\"https:\/\/www.accuratereviews.com\/it\/software-intelligenza-artificiale\/korra-recensione\/\" \/>\n<meta property=\"og:locale\" content=\"it_IT\" \/>\n<meta property=\"og:type\" content=\"article\" \/>\n<meta property=\"og:title\" content=\"Korra: recensione software intelligenza artificiale - Accurate Reviews\" \/>\n<meta property=\"og:description\" content=\"Korra: recensione software di knowledge discovery, basata sull&#039;AI, che rivoluziona l&#039;assistenza clienti e le esperienze self-service.\" \/>\n<meta property=\"og:url\" content=\"https:\/\/www.accuratereviews.com\/it\/software-intelligenza-artificiale\/korra-recensione\/\" \/>\n<meta property=\"og:site_name\" content=\"Accurate Reviews\" \/>\n<meta property=\"og:image\" content=\"https:\/\/www.accuratereviews.com\/wp-content\/uploads\/2024\/12\/Korra.png\" \/>\n\t<meta property=\"og:image:width\" content=\"216\" \/>\n\t<meta property=\"og:image:height\" content=\"216\" \/>\n\t<meta property=\"og:image:type\" content=\"image\/png\" \/>\n<meta name=\"twitter:card\" content=\"summary_large_image\" \/>\n<meta name=\"twitter:label1\" content=\"Tempo di lettura stimato\" \/>\n\t<meta name=\"twitter:data1\" content=\"4 minuti\" \/>\n<script type=\"application\/ld+json\" class=\"yoast-schema-graph\">{\"@context\":\"https:\\\/\\\/schema.org\",\"@graph\":[{\"@type\":\"WebPage\",\"@id\":\"https:\\\/\\\/www.accuratereviews.com\\\/it\\\/software-intelligenza-artificiale\\\/korra-recensione\\\/\",\"url\":\"https:\\\/\\\/www.accuratereviews.com\\\/it\\\/software-intelligenza-artificiale\\\/korra-recensione\\\/\",\"name\":\"Korra: recensione software intelligenza artificiale - Accurate Reviews\",\"isPartOf\":{\"@id\":\"https:\\\/\\\/www.accuratereviews.com\\\/it\\\/#website\"},\"primaryImageOfPage\":{\"@id\":\"https:\\\/\\\/www.accuratereviews.com\\\/it\\\/software-intelligenza-artificiale\\\/korra-recensione\\\/#primaryimage\"},\"image\":{\"@id\":\"https:\\\/\\\/www.accuratereviews.com\\\/it\\\/software-intelligenza-artificiale\\\/korra-recensione\\\/#primaryimage\"},\"thumbnailUrl\":\"https:\\\/\\\/www.accuratereviews.com\\\/wp-content\\\/uploads\\\/2024\\\/12\\\/Korra.png\",\"datePublished\":\"2024-12-10T13:45:44+00:00\",\"description\":\"Korra: recensione software di knowledge discovery, basata sull'AI, che rivoluziona l'assistenza clienti e le esperienze self-service.\",\"breadcrumb\":{\"@id\":\"https:\\\/\\\/www.accuratereviews.com\\\/it\\\/software-intelligenza-artificiale\\\/korra-recensione\\\/#breadcrumb\"},\"inLanguage\":\"it-IT\",\"potentialAction\":[{\"@type\":\"ReadAction\",\"target\":[\"https:\\\/\\\/www.accuratereviews.com\\\/it\\\/software-intelligenza-artificiale\\\/korra-recensione\\\/\"]}]},{\"@type\":\"ImageObject\",\"inLanguage\":\"it-IT\",\"@id\":\"https:\\\/\\\/www.accuratereviews.com\\\/it\\\/software-intelligenza-artificiale\\\/korra-recensione\\\/#primaryimage\",\"url\":\"https:\\\/\\\/www.accuratereviews.com\\\/wp-content\\\/uploads\\\/2024\\\/12\\\/Korra.png\",\"contentUrl\":\"https:\\\/\\\/www.accuratereviews.com\\\/wp-content\\\/uploads\\\/2024\\\/12\\\/Korra.png\",\"width\":216,\"height\":216},{\"@type\":\"BreadcrumbList\",\"@id\":\"https:\\\/\\\/www.accuratereviews.com\\\/it\\\/software-intelligenza-artificiale\\\/korra-recensione\\\/#breadcrumb\",\"itemListElement\":[{\"@type\":\"ListItem\",\"position\":1,\"name\":\"Home\",\"item\":\"https:\\\/\\\/www.accuratereviews.com\\\/it\\\/\"},{\"@type\":\"ListItem\",\"position\":2,\"name\":\"Software di intelligenza artificiale\",\"item\":\"https:\\\/\\\/www.accuratereviews.com\\\/it\\\/software-intelligenza-artificiale\\\/\"},{\"@type\":\"ListItem\",\"position\":3,\"name\":\"Korra\"}]},{\"@type\":\"WebSite\",\"@id\":\"https:\\\/\\\/www.accuratereviews.com\\\/it\\\/#website\",\"url\":\"https:\\\/\\\/www.accuratereviews.com\\\/it\\\/\",\"name\":\"Accurate Reviews\",\"description\":\"\",\"potentialAction\":[{\"@type\":\"SearchAction\",\"target\":{\"@type\":\"EntryPoint\",\"urlTemplate\":\"https:\\\/\\\/www.accuratereviews.com\\\/it\\\/?s={search_term_string}\"},\"query-input\":{\"@type\":\"PropertyValueSpecification\",\"valueRequired\":true,\"valueName\":\"search_term_string\"}}],\"inLanguage\":\"it-IT\"}]}<\/script>\n<!-- \/ Yoast SEO plugin. -->","yoast_head_json":{"title":"Korra: recensione software intelligenza artificiale - Accurate Reviews","description":"Korra: recensione software di knowledge discovery, basata sull'AI, che rivoluziona l'assistenza clienti e le esperienze self-service.","robots":{"index":"index","follow":"follow","max-snippet":"max-snippet:-1","max-image-preview":"max-image-preview:large","max-video-preview":"max-video-preview:-1"},"canonical":"https:\/\/www.accuratereviews.com\/it\/software-intelligenza-artificiale\/korra-recensione\/","og_locale":"it_IT","og_type":"article","og_title":"Korra: recensione software intelligenza artificiale - Accurate Reviews","og_description":"Korra: recensione software di knowledge discovery, basata sull'AI, che rivoluziona l'assistenza clienti e le esperienze self-service.","og_url":"https:\/\/www.accuratereviews.com\/it\/software-intelligenza-artificiale\/korra-recensione\/","og_site_name":"Accurate Reviews","og_image":[{"width":216,"height":216,"url":"https:\/\/www.accuratereviews.com\/wp-content\/uploads\/2024\/12\/Korra.png","type":"image\/png"}],"twitter_card":"summary_large_image","twitter_misc":{"Tempo di lettura stimato":"4 minuti"},"schema":{"@context":"https:\/\/schema.org","@graph":[{"@type":"WebPage","@id":"https:\/\/www.accuratereviews.com\/it\/software-intelligenza-artificiale\/korra-recensione\/","url":"https:\/\/www.accuratereviews.com\/it\/software-intelligenza-artificiale\/korra-recensione\/","name":"Korra: recensione software intelligenza artificiale - Accurate Reviews","isPartOf":{"@id":"https:\/\/www.accuratereviews.com\/it\/#website"},"primaryImageOfPage":{"@id":"https:\/\/www.accuratereviews.com\/it\/software-intelligenza-artificiale\/korra-recensione\/#primaryimage"},"image":{"@id":"https:\/\/www.accuratereviews.com\/it\/software-intelligenza-artificiale\/korra-recensione\/#primaryimage"},"thumbnailUrl":"https:\/\/www.accuratereviews.com\/wp-content\/uploads\/2024\/12\/Korra.png","datePublished":"2024-12-10T13:45:44+00:00","description":"Korra: recensione software di knowledge discovery, basata sull'AI, che rivoluziona l'assistenza clienti e le esperienze self-service.","breadcrumb":{"@id":"https:\/\/www.accuratereviews.com\/it\/software-intelligenza-artificiale\/korra-recensione\/#breadcrumb"},"inLanguage":"it-IT","potentialAction":[{"@type":"ReadAction","target":["https:\/\/www.accuratereviews.com\/it\/software-intelligenza-artificiale\/korra-recensione\/"]}]},{"@type":"ImageObject","inLanguage":"it-IT","@id":"https:\/\/www.accuratereviews.com\/it\/software-intelligenza-artificiale\/korra-recensione\/#primaryimage","url":"https:\/\/www.accuratereviews.com\/wp-content\/uploads\/2024\/12\/Korra.png","contentUrl":"https:\/\/www.accuratereviews.com\/wp-content\/uploads\/2024\/12\/Korra.png","width":216,"height":216},{"@type":"BreadcrumbList","@id":"https:\/\/www.accuratereviews.com\/it\/software-intelligenza-artificiale\/korra-recensione\/#breadcrumb","itemListElement":[{"@type":"ListItem","position":1,"name":"Home","item":"https:\/\/www.accuratereviews.com\/it\/"},{"@type":"ListItem","position":2,"name":"Software di intelligenza artificiale","item":"https:\/\/www.accuratereviews.com\/it\/software-intelligenza-artificiale\/"},{"@type":"ListItem","position":3,"name":"Korra"}]},{"@type":"WebSite","@id":"https:\/\/www.accuratereviews.com\/it\/#website","url":"https:\/\/www.accuratereviews.com\/it\/","name":"Accurate Reviews","description":"","potentialAction":[{"@type":"SearchAction","target":{"@type":"EntryPoint","urlTemplate":"https:\/\/www.accuratereviews.com\/it\/?s={search_term_string}"},"query-input":{"@type":"PropertyValueSpecification","valueRequired":true,"valueName":"search_term_string"}}],"inLanguage":"it-IT"}]}},"_links":{"self":[{"href":"https:\/\/www.accuratereviews.com\/it\/wp-json\/wp\/v2\/pages\/81086","targetHints":{"allow":["GET"]}}],"collection":[{"href":"https:\/\/www.accuratereviews.com\/it\/wp-json\/wp\/v2\/pages"}],"about":[{"href":"https:\/\/www.accuratereviews.com\/it\/wp-json\/wp\/v2\/types\/page"}],"author":[{"embeddable":true,"href":"https:\/\/www.accuratereviews.com\/it\/wp-json\/wp\/v2\/users\/19"}],"replies":[{"embeddable":true,"href":"https:\/\/www.accuratereviews.com\/it\/wp-json\/wp\/v2\/comments?post=81086"}],"version-history":[{"count":10,"href":"https:\/\/www.accuratereviews.com\/it\/wp-json\/wp\/v2\/pages\/81086\/revisions"}],"predecessor-version":[{"id":81105,"href":"https:\/\/www.accuratereviews.com\/it\/wp-json\/wp\/v2\/pages\/81086\/revisions\/81105"}],"up":[{"embeddable":true,"href":"https:\/\/www.accuratereviews.com\/it\/wp-json\/wp\/v2\/pages\/79864"}],"wp:featuredmedia":[{"embeddable":true,"href":"https:\/\/www.accuratereviews.com\/it\/wp-json\/wp\/v2\/media\/81087"}],"wp:attachment":[{"href":"https:\/\/www.accuratereviews.com\/it\/wp-json\/wp\/v2\/media?parent=81086"}],"wp:term":[{"taxonomy":"category","embeddable":true,"href":"https:\/\/www.accuratereviews.com\/it\/wp-json\/wp\/v2\/categories?post=81086"},{"taxonomy":"post_tag","embeddable":true,"href":"https:\/\/www.accuratereviews.com\/it\/wp-json\/wp\/v2\/tags?post=81086"},{"taxonomy":"features","embeddable":true,"href":"https:\/\/www.accuratereviews.com\/it\/wp-json\/wp\/v2\/features?post=81086"}],"curies":[{"name":"wp","href":"https:\/\/api.w.org\/{rel}","templated":true}]}}