{"id":81106,"date":"2024-12-11T11:11:11","date_gmt":"2024-12-11T11:11:11","guid":{"rendered":"https:\/\/www.accuratereviews.com\/?page_id=81106"},"modified":"2025-01-02T17:42:18","modified_gmt":"2025-01-02T17:42:18","slug":"coursera-recensione","status":"publish","type":"page","link":"https:\/\/www.accuratereviews.com\/it\/piattaforme-e-learning\/coursera-recensione\/","title":{"rendered":"Coursera"},"content":{"rendered":"<p><strong>Coursera<\/strong> \u00e8 una delle <strong>piattaforme di e-learning<\/strong> pi\u00f9 rinomate al mondo, collaborando con oltre 200 universit\u00e0 e aziende prestigiose come Stanford, Google e IBM. Propone corsi, certificazioni professionali, programmi di specializzazione e lauree online, offrendo opzioni per individui, team aziendali e organizzazioni. Ideale per chi desidera accrescere le proprie competenze professionali o esplorare nuovi settori.<br \/>\nLa piattaforma si distingue per l&#8217;alta qualit\u00e0 dei contenuti, il riconoscimento internazionale dei suoi certificati e la flessibilit\u00e0 che consente agli studenti di apprendere a proprio ritmo. <strong>Coursera<\/strong> rappresenta una soluzione adatta sia per chi desidera acquisire nuove competenze professionali, sia per chi cerca una formazione accademica o tecnica di alto livello, includendo persino lauree online\u200b.<\/p>\n<h2>COURSERA &#8211; TUTORIAL<\/h2>\n<div id=\"fluid-wrapper-counter-1\" class=\"g1-fluid-wrapper \" style=\"width:686px;\">\n<div style=\"padding-bottom:56.268221574344%;\"><iframe loading=\"lazy\" title=\"How to Use Coursera\" width=\"686\" height=\"386\" src=\"https:\/\/www.youtube.com\/embed\/TFlZTtdrLTM?feature=oembed&amp;wmode=transparent&amp;autohide=1&amp;autoplay=0&amp;disablekb=0&amp;fs=1&amp;loop=0&amp;enablejsapi=1&amp;rel=0&amp;controls=2&amp;showinfo=0&amp;wmode=transparent&amp;autohide=2&amp;autoplay=0&amp;disablekb=0&amp;fs=1&amp;loop=0&amp;enablejsapi=1&amp;rel=0&amp;controls=2&amp;showinfo=1\" frameborder=\"0\" allow=\"accelerometer; autoplay; clipboard-write; encrypted-media; gyroscope; picture-in-picture; web-share\" referrerpolicy=\"strict-origin-when-cross-origin\" allowfullscreen><\/iframe><\/div>\n<\/div>\n<h3>COURSERA &#8211; CARATTERISTICHE<\/h3>\n<ul>\n<li><strong>Ampia offerta formativa:<\/strong> corsi individuali, certificazioni professionali, specializzazioni, certificati MasterTrack e programmi di laurea completi.<\/li>\n<li><strong>Collaborazioni di alto profilo:<\/strong> contenuti realizzati in partnership con universit\u00e0 e aziende leader.<\/li>\n<li><strong>Modalit\u00e0 di apprendimento flessibili:<\/strong> lezioni disponibili 24\/7, con scadenze personalizzabili e la possibilit\u00e0 di apprendere offline.<\/li>\n<li><strong>Certificati verificati:<\/strong> riconosciuti dai datori di lavoro e utili per arricchire il proprio curriculum.<\/li>\n<li><strong>Accesso gratuito:<\/strong> possibilit\u00e0 di iscriversi in modalit\u00e0 &#8220;audit&#8221; per esplorare i corsi senza costi.<\/li>\n<li><strong>Progetti pratici:<\/strong> corsi con esercitazioni e progetti che simulano situazioni reali.<\/li>\n<li><strong>Valutazioni interattive:<\/strong> quiz e test per verificare il progresso.<\/li>\n<li><strong>Integrazione aziendale:<\/strong> soluzioni personalizzate per il training aziendale e il miglioramento delle competenze del team.<\/li>\n<\/ul>\n<h4>LE RECENSIONI DEGLI UTENTI<\/h4>\n<p><strong>Joseph K. \u201cOttimo per l&#8217;avanzamento di carriera\u201d<\/strong><br \/>\nPro: Ho utilizzato la piattaforma Coursera per completare diversi corsi di livello universitario. Questa piattaforma ha reso facile l&#8217;organizzazione delle risorse della classe e l&#8217;invio dei compiti. Ottimo programma software.<br \/>\nContro: niente di specifico da segnalare. Altre piattaforme hanno funzioni pi\u00f9 specifiche per i documenti, ma \u00e8 possibile caricare facilmente i documenti Microsoft di Google.<\/p>\n<p><strong>Sagar S. \u201cLa migliore piattaforma per chi vuole imparare da solo via internet\u201d.<\/strong><br \/>\nComplessivamente: \u00e8 favoloso, come utente ne conosco personalmente l&#8217;importanza.<br \/>\nPro: Il contenuto e il modo in cui mi sono aggiornato.<br \/>\nContro: Niente di niente perch\u00e9 il contenuto che imparo \u00e8 eccezionale.<\/p>\n<p><strong>Ahmed S. \u201cLa migliore applicazione per i corsi di formazione\u201d<\/strong><br \/>\nNel complesso: Molto speciale, l&#8217;ho sfruttata al massimo<br \/>\nPro: Facilit\u00e0 d&#8217;uso, variet\u00e0 di corsi, possibilit\u00e0 di ottenere certificati documentati.<br \/>\nContro: Alcuni corsi sono un po&#8217; pi\u00f9 cari del solito<\/p>\n","protected":false},"excerpt":{"rendered":"<p>Coursera \u00e8 una delle piattaforme di e-learning pi\u00f9 rinomate al mondo, collaborando con oltre 200 universit\u00e0 e aziende prestigiose come Stanford, Google e IBM. Propone corsi, certificazioni professionali, programmi di specializzazione e lauree online, offrendo opzioni per individui, team aziendali e organizzazioni.<\/p>\n","protected":false},"author":17,"featured_media":81114,"parent":81131,"menu_order":0,"comment_status":"open","ping_status":"closed","template":"g1_template_page_review_new.php","meta":{"_acf_changed":false,"cwp_meta_box_check":"No","cwp_rev_product_name":"","cwp_rev_product_image":"","wppr_links":[],"cwp_rev_price":"","wppr_options":[],"wppr_pros":[],"wppr_cons":[],"_monsterinsights_skip_tracking":false,"_monsterinsights_sitenote_active":false,"_monsterinsights_sitenote_note":"","_monsterinsights_sitenote_category":0,"footnotes":""},"categories":[15634],"tags":[15633,15626,13042,4708,13045,15631],"features":[],"class_list":{"0":"post-81106","1":"page","2":"type-page","3":"status-publish","4":"has-post-thumbnail","6":"category-piattaforme-e-learning-cat","7":"tag-apprendimento","8":"tag-coursera","9":"tag-e-learning","10":"tag-piattaforma-di-e-learning","11":"tag-programma-di-e-learning","12":"tag-software-e-learning"},"wppr_data":{"cwp_meta_box_check":"No"},"acf":[],"yoast_head":"<!-- This site is optimized with the Yoast SEO plugin v27.4 - https:\/\/yoast.com\/product\/yoast-seo-wordpress\/ -->\n<title>Coursera: recensione piattaforma e-learning - Accurate Reviews<\/title>\n<meta name=\"description\" content=\"Coursera: una delle piattaforme di e-learning pi\u00f9 rinomate al mondo, che collabora con oltre 200 universit\u00e0 e aziende prestigiose.\" \/>\n<meta name=\"robots\" content=\"index, follow, max-snippet:-1, max-image-preview:large, max-video-preview:-1\" \/>\n<link rel=\"canonical\" href=\"https:\/\/www.accuratereviews.com\/it\/piattaforme-e-learning\/coursera-recensione\/\" \/>\n<meta property=\"og:locale\" content=\"it_IT\" \/>\n<meta property=\"og:type\" content=\"article\" \/>\n<meta property=\"og:title\" content=\"Coursera: recensione piattaforma e-learning - Accurate Reviews\" \/>\n<meta property=\"og:description\" content=\"Coursera: una delle piattaforme di e-learning pi\u00f9 rinomate al mondo, che collabora con oltre 200 universit\u00e0 e aziende prestigiose.\" \/>\n<meta property=\"og:url\" content=\"https:\/\/www.accuratereviews.com\/it\/piattaforme-e-learning\/coursera-recensione\/\" \/>\n<meta property=\"og:site_name\" content=\"Accurate Reviews\" \/>\n<meta property=\"article:modified_time\" content=\"2025-01-02T17:42:18+00:00\" \/>\n<meta property=\"og:image\" content=\"https:\/\/www.accuratereviews.com\/wp-content\/uploads\/2024\/12\/images-1.png\" \/>\n\t<meta property=\"og:image:width\" content=\"502\" \/>\n\t<meta property=\"og:image:height\" content=\"421\" \/>\n\t<meta property=\"og:image:type\" content=\"image\/png\" \/>\n<meta name=\"twitter:card\" content=\"summary_large_image\" \/>\n<meta name=\"twitter:label1\" content=\"Tempo di lettura stimato\" \/>\n\t<meta name=\"twitter:data1\" content=\"4 minuti\" \/>\n<script type=\"application\/ld+json\" class=\"yoast-schema-graph\">{\"@context\":\"https:\\\/\\\/schema.org\",\"@graph\":[{\"@type\":\"WebPage\",\"@id\":\"https:\\\/\\\/www.accuratereviews.com\\\/it\\\/piattaforme-e-learning\\\/coursera-recensione\\\/\",\"url\":\"https:\\\/\\\/www.accuratereviews.com\\\/it\\\/piattaforme-e-learning\\\/coursera-recensione\\\/\",\"name\":\"Coursera: recensione piattaforma e-learning - Accurate Reviews\",\"isPartOf\":{\"@id\":\"https:\\\/\\\/www.accuratereviews.com\\\/it\\\/#website\"},\"primaryImageOfPage\":{\"@id\":\"https:\\\/\\\/www.accuratereviews.com\\\/it\\\/piattaforme-e-learning\\\/coursera-recensione\\\/#primaryimage\"},\"image\":{\"@id\":\"https:\\\/\\\/www.accuratereviews.com\\\/it\\\/piattaforme-e-learning\\\/coursera-recensione\\\/#primaryimage\"},\"thumbnailUrl\":\"https:\\\/\\\/www.accuratereviews.com\\\/wp-content\\\/uploads\\\/2024\\\/12\\\/images-1.png\",\"datePublished\":\"2024-12-11T11:11:11+00:00\",\"dateModified\":\"2025-01-02T17:42:18+00:00\",\"description\":\"Coursera: una delle piattaforme di e-learning pi\u00f9 rinomate al mondo, che collabora con oltre 200 universit\u00e0 e aziende prestigiose.\",\"breadcrumb\":{\"@id\":\"https:\\\/\\\/www.accuratereviews.com\\\/it\\\/piattaforme-e-learning\\\/coursera-recensione\\\/#breadcrumb\"},\"inLanguage\":\"it-IT\",\"potentialAction\":[{\"@type\":\"ReadAction\",\"target\":[\"https:\\\/\\\/www.accuratereviews.com\\\/it\\\/piattaforme-e-learning\\\/coursera-recensione\\\/\"]}]},{\"@type\":\"ImageObject\",\"inLanguage\":\"it-IT\",\"@id\":\"https:\\\/\\\/www.accuratereviews.com\\\/it\\\/piattaforme-e-learning\\\/coursera-recensione\\\/#primaryimage\",\"url\":\"https:\\\/\\\/www.accuratereviews.com\\\/wp-content\\\/uploads\\\/2024\\\/12\\\/images-1.png\",\"contentUrl\":\"https:\\\/\\\/www.accuratereviews.com\\\/wp-content\\\/uploads\\\/2024\\\/12\\\/images-1.png\",\"width\":502,\"height\":421},{\"@type\":\"BreadcrumbList\",\"@id\":\"https:\\\/\\\/www.accuratereviews.com\\\/it\\\/piattaforme-e-learning\\\/coursera-recensione\\\/#breadcrumb\",\"itemListElement\":[{\"@type\":\"ListItem\",\"position\":1,\"name\":\"Home\",\"item\":\"https:\\\/\\\/www.accuratereviews.com\\\/it\\\/\"},{\"@type\":\"ListItem\",\"position\":2,\"name\":\"Piattaforme e-learning\",\"item\":\"https:\\\/\\\/www.accuratereviews.com\\\/it\\\/piattaforme-e-learning\\\/\"},{\"@type\":\"ListItem\",\"position\":3,\"name\":\"Coursera\"}]},{\"@type\":\"WebSite\",\"@id\":\"https:\\\/\\\/www.accuratereviews.com\\\/it\\\/#website\",\"url\":\"https:\\\/\\\/www.accuratereviews.com\\\/it\\\/\",\"name\":\"Accurate Reviews\",\"description\":\"\",\"potentialAction\":[{\"@type\":\"SearchAction\",\"target\":{\"@type\":\"EntryPoint\",\"urlTemplate\":\"https:\\\/\\\/www.accuratereviews.com\\\/it\\\/?s={search_term_string}\"},\"query-input\":{\"@type\":\"PropertyValueSpecification\",\"valueRequired\":true,\"valueName\":\"search_term_string\"}}],\"inLanguage\":\"it-IT\"}]}<\/script>\n<!-- \/ Yoast SEO plugin. -->","yoast_head_json":{"title":"Coursera: recensione piattaforma e-learning - Accurate Reviews","description":"Coursera: una delle piattaforme di e-learning pi\u00f9 rinomate al mondo, che collabora con oltre 200 universit\u00e0 e aziende prestigiose.","robots":{"index":"index","follow":"follow","max-snippet":"max-snippet:-1","max-image-preview":"max-image-preview:large","max-video-preview":"max-video-preview:-1"},"canonical":"https:\/\/www.accuratereviews.com\/it\/piattaforme-e-learning\/coursera-recensione\/","og_locale":"it_IT","og_type":"article","og_title":"Coursera: recensione piattaforma e-learning - Accurate Reviews","og_description":"Coursera: una delle piattaforme di e-learning pi\u00f9 rinomate al mondo, che collabora con oltre 200 universit\u00e0 e aziende prestigiose.","og_url":"https:\/\/www.accuratereviews.com\/it\/piattaforme-e-learning\/coursera-recensione\/","og_site_name":"Accurate Reviews","article_modified_time":"2025-01-02T17:42:18+00:00","og_image":[{"width":502,"height":421,"url":"https:\/\/www.accuratereviews.com\/wp-content\/uploads\/2024\/12\/images-1.png","type":"image\/png"}],"twitter_card":"summary_large_image","twitter_misc":{"Tempo di lettura stimato":"4 minuti"},"schema":{"@context":"https:\/\/schema.org","@graph":[{"@type":"WebPage","@id":"https:\/\/www.accuratereviews.com\/it\/piattaforme-e-learning\/coursera-recensione\/","url":"https:\/\/www.accuratereviews.com\/it\/piattaforme-e-learning\/coursera-recensione\/","name":"Coursera: recensione piattaforma e-learning - Accurate Reviews","isPartOf":{"@id":"https:\/\/www.accuratereviews.com\/it\/#website"},"primaryImageOfPage":{"@id":"https:\/\/www.accuratereviews.com\/it\/piattaforme-e-learning\/coursera-recensione\/#primaryimage"},"image":{"@id":"https:\/\/www.accuratereviews.com\/it\/piattaforme-e-learning\/coursera-recensione\/#primaryimage"},"thumbnailUrl":"https:\/\/www.accuratereviews.com\/wp-content\/uploads\/2024\/12\/images-1.png","datePublished":"2024-12-11T11:11:11+00:00","dateModified":"2025-01-02T17:42:18+00:00","description":"Coursera: una delle piattaforme di e-learning pi\u00f9 rinomate al mondo, che collabora con oltre 200 universit\u00e0 e aziende prestigiose.","breadcrumb":{"@id":"https:\/\/www.accuratereviews.com\/it\/piattaforme-e-learning\/coursera-recensione\/#breadcrumb"},"inLanguage":"it-IT","potentialAction":[{"@type":"ReadAction","target":["https:\/\/www.accuratereviews.com\/it\/piattaforme-e-learning\/coursera-recensione\/"]}]},{"@type":"ImageObject","inLanguage":"it-IT","@id":"https:\/\/www.accuratereviews.com\/it\/piattaforme-e-learning\/coursera-recensione\/#primaryimage","url":"https:\/\/www.accuratereviews.com\/wp-content\/uploads\/2024\/12\/images-1.png","contentUrl":"https:\/\/www.accuratereviews.com\/wp-content\/uploads\/2024\/12\/images-1.png","width":502,"height":421},{"@type":"BreadcrumbList","@id":"https:\/\/www.accuratereviews.com\/it\/piattaforme-e-learning\/coursera-recensione\/#breadcrumb","itemListElement":[{"@type":"ListItem","position":1,"name":"Home","item":"https:\/\/www.accuratereviews.com\/it\/"},{"@type":"ListItem","position":2,"name":"Piattaforme e-learning","item":"https:\/\/www.accuratereviews.com\/it\/piattaforme-e-learning\/"},{"@type":"ListItem","position":3,"name":"Coursera"}]},{"@type":"WebSite","@id":"https:\/\/www.accuratereviews.com\/it\/#website","url":"https:\/\/www.accuratereviews.com\/it\/","name":"Accurate Reviews","description":"","potentialAction":[{"@type":"SearchAction","target":{"@type":"EntryPoint","urlTemplate":"https:\/\/www.accuratereviews.com\/it\/?s={search_term_string}"},"query-input":{"@type":"PropertyValueSpecification","valueRequired":true,"valueName":"search_term_string"}}],"inLanguage":"it-IT"}]}},"_links":{"self":[{"href":"https:\/\/www.accuratereviews.com\/it\/wp-json\/wp\/v2\/pages\/81106","targetHints":{"allow":["GET"]}}],"collection":[{"href":"https:\/\/www.accuratereviews.com\/it\/wp-json\/wp\/v2\/pages"}],"about":[{"href":"https:\/\/www.accuratereviews.com\/it\/wp-json\/wp\/v2\/types\/page"}],"author":[{"embeddable":true,"href":"https:\/\/www.accuratereviews.com\/it\/wp-json\/wp\/v2\/users\/17"}],"replies":[{"embeddable":true,"href":"https:\/\/www.accuratereviews.com\/it\/wp-json\/wp\/v2\/comments?post=81106"}],"version-history":[{"count":5,"href":"https:\/\/www.accuratereviews.com\/it\/wp-json\/wp\/v2\/pages\/81106\/revisions"}],"predecessor-version":[{"id":81871,"href":"https:\/\/www.accuratereviews.com\/it\/wp-json\/wp\/v2\/pages\/81106\/revisions\/81871"}],"up":[{"embeddable":true,"href":"https:\/\/www.accuratereviews.com\/it\/wp-json\/wp\/v2\/pages\/81131"}],"wp:featuredmedia":[{"embeddable":true,"href":"https:\/\/www.accuratereviews.com\/it\/wp-json\/wp\/v2\/media\/81114"}],"wp:attachment":[{"href":"https:\/\/www.accuratereviews.com\/it\/wp-json\/wp\/v2\/media?parent=81106"}],"wp:term":[{"taxonomy":"category","embeddable":true,"href":"https:\/\/www.accuratereviews.com\/it\/wp-json\/wp\/v2\/categories?post=81106"},{"taxonomy":"post_tag","embeddable":true,"href":"https:\/\/www.accuratereviews.com\/it\/wp-json\/wp\/v2\/tags?post=81106"},{"taxonomy":"features","embeddable":true,"href":"https:\/\/www.accuratereviews.com\/it\/wp-json\/wp\/v2\/features?post=81106"}],"curies":[{"name":"wp","href":"https:\/\/api.w.org\/{rel}","templated":true}]}}