{"id":81171,"date":"2024-12-12T15:38:01","date_gmt":"2024-12-12T15:38:01","guid":{"rendered":"https:\/\/www.accuratereviews.com\/?page_id=81171"},"modified":"2024-12-12T15:38:01","modified_gmt":"2024-12-12T15:38:01","slug":"amio-recensione","status":"publish","type":"page","link":"https:\/\/www.accuratereviews.com\/it\/software-intelligenza-artificiale\/amio-recensione\/","title":{"rendered":"Amio"},"content":{"rendered":"<div class=\"n4sEPd\">\n<div class=\"QFw9Te BLojaf\">\n<div id=\"ow11\"><span class=\"jCAhz ChMk0b\"><span class=\"ryNqvb\"><strong>Amio<\/strong> ti aiuta a creare chatbot basati sull&#8217;<strong>intelligenza artificiale<\/strong> per gli e-shop in modo da poter automatizzare il 95% delle richieste dei tuoi clienti.<\/span><\/span><span class=\"jCAhz ChMk0b\"><span class=\"ryNqvb\"> Il chatbot pu\u00f2 rispondere a qualsiasi richiesta post-vendita, ma pu\u00f2 anche aiutarti con gli acquisti consigliando i prodotti giusti.<\/span><\/span> <span class=\"jCAhz ChMk0b\"><span class=\"ryNqvb\">Rilevando i clienti che hanno bisogno di un assistente e avviando proattivamente una conversazione con loro, il tuo negozio di ecommerce pu\u00f2 aumentare la conversione di oltre il 20%.<\/span><\/span><span class=\"jCAhz ChMk0b\"><span class=\"ryNqvb\"><strong><br \/>\nAmio<\/strong> utilizzer\u00e0 i tuoi feed di prodotto per tenerti aggiornato su scorte, variazioni di prezzo e nuovi prodotti.<\/span><\/span><\/div>\n<\/div>\n<\/div>\n<h2><a href=\"https:\/\/www.accuratereviews.com\/wp-content\/uploads\/2024\/12\/AMIO2.png\"><img loading=\"lazy\" decoding=\"async\" class=\"size-large wp-image-81178 aligncenter\" src=\"https:\/\/www.accuratereviews.com\/wp-content\/uploads\/2024\/12\/AMIO2-1024x532.png\" alt=\"\" width=\"686\" height=\"356\" srcset=\"https:\/\/www.accuratereviews.com\/wp-content\/uploads\/2024\/12\/AMIO2-1024x532.png 1024w, https:\/\/www.accuratereviews.com\/wp-content\/uploads\/2024\/12\/AMIO2-300x156.png 300w, https:\/\/www.accuratereviews.com\/wp-content\/uploads\/2024\/12\/AMIO2-768x399.png 768w, https:\/\/www.accuratereviews.com\/wp-content\/uploads\/2024\/12\/AMIO2-50x26.png 50w, https:\/\/www.accuratereviews.com\/wp-content\/uploads\/2024\/12\/AMIO2-240x125.png 240w, https:\/\/www.accuratereviews.com\/wp-content\/uploads\/2024\/12\/AMIO2-968x503.png 968w, https:\/\/www.accuratereviews.com\/wp-content\/uploads\/2024\/12\/AMIO2-636x331.png 636w, https:\/\/www.accuratereviews.com\/wp-content\/uploads\/2024\/12\/AMIO2-320x166.png 320w, https:\/\/www.accuratereviews.com\/wp-content\/uploads\/2024\/12\/AMIO2-239x124.png 239w, https:\/\/www.accuratereviews.com\/wp-content\/uploads\/2024\/12\/AMIO2.png 1154w\" sizes=\"auto, (max-width: 686px) 100vw, 686px\" \/><\/a><\/h2>\n<h2>AMIO &#8211; CARATTERISTICHE<\/h2>\n<ul>\n<li>Utilizza modelli di chatbot per il tuo settore per iniziare con oltre il 50% di automazione.<\/li>\n<li>Addestra l&#8217;IA in 42 lingue e crea conversazioni, come se rispondessi a un cliente.<\/li>\n<li>Esegui il bot sui canali importanti per i tuoi clienti.<\/li>\n<li>Motiva oltre il 30% dei clienti a passare ai canali automatizzati tramite modifiche di progettazione e risposte rapide e precise.<\/li>\n<li>L&#8217;IA assister\u00e0 nel rilevamento delle domande non automatizzate e fornir\u00e0 persino delle risposte.<\/li>\n<li>Dedica solo pochi minuti alla settimana al miglioramento del chatbot. Ricevi suggerimenti su cosa automatizzare in seguito, alimenta i dati di addestramento e automatizza le risposte.<\/li>\n<li>Inizia con i principali indicatori chiave delle prestazioni: numero di conversazioni e livello di automazione.<\/li>\n<li>Scopri le domande pi\u00f9 frequenti e le loro prestazioni in base al feedback dei clienti.<\/li>\n<li>Fai ipotesi praticabili esaminando le conversazioni, non i dati aggregati.<\/li>\n<\/ul>\n<h3>LE RECENSIONI DEGLI UTENTI<\/h3>\n<p><strong>Ludv\u00edk &#8220;Potente strumento di chatbot con analisi eccezionali&#8221;<\/strong><br \/>\n<strong>Pro<\/strong>: il software di Amio eccelle nel fornire un&#8217;esperienza completa e intuitiva per la creazione e la gestione di chatbot per l&#8217;e-commerce. Le analisi della piattaforma sono una caratteristica distintiva, che offre una visione di alto livello delle prestazioni del bot e consente di approfondire conversazioni specifiche per approfondimenti pi\u00f9 approfonditi. Ci\u00f2 \u00e8 estremamente prezioso per ottimizzare le risposte del bot e migliorare l&#8217;esperienza complessiva del cliente.<br \/>\n<strong>Contro<\/strong>: sebbene le analisi dello strumento siano eccellenti, c&#8217;\u00e8 spazio per miglioramenti nella presentazione dei dati, in particolare nell&#8217;esportazione. :-)<\/p>\n<p><strong>Martin &#8220;Essenziale per un supporto efficace alla raccolta fondi&#8221;<\/strong><br \/>\n<strong>Pro<\/strong>: il canale Slack dedicato con il success manager di Amio \u00e8 una caratteristica distintiva, che fornisce risoluzioni rapide e supporto senza interruzioni. I chatbot gestiscono in modo efficiente le richieste dei donatori, migliorando l&#8217;efficacia della nostra campagna.<br \/>\n<strong>Contro<\/strong>: l&#8217;implementazione \u00e8 stata tardiva, ma ci\u00f2 \u00e8 stato in parte dovuto alla nostra mancanza di sforzi. Una migliore preparazione e coordinamento potrebbero migliorare l&#8217;esperienza di implementazione.<\/p>\n<p><strong>Olga &#8220;User friendly&#8221;<\/strong><br \/>\n<strong>Commenti<\/strong>: \u00c8 facile da usare, \u00e8 facile copiare e incollare le cose che scrivi e poi devi solo modificarle di conseguenza.<br \/>\n<strong>Pro<\/strong>: Facile da usare, con istruzioni semplici non \u00e8 affatto complicato.<br \/>\n<strong>Contro<\/strong>: Non ho niente di negativo da dire sull&#8217;uso.<\/p>\n","protected":false},"excerpt":{"rendered":"<p>Amio ti aiuta a creare chatbot basati sull&#8217;intelligenza artificiale per gli e-shop in modo da poter automatizzare il 95% delle richieste dei tuoi clienti. Il chatbot pu\u00f2 rispondere a qualsiasi richiesta post-vendita, ma pu\u00f2 anche aiutarti con gli acquisti consigliando i prodotti giusti.<\/p>\n","protected":false},"author":19,"featured_media":81173,"parent":79864,"menu_order":0,"comment_status":"open","ping_status":"closed","template":"g1_template_page_review_new.php","meta":{"_acf_changed":false,"cwp_meta_box_check":"No","cwp_rev_product_name":"","cwp_rev_product_image":"","wppr_links":[],"cwp_rev_price":"","wppr_options":[],"wppr_pros":[],"wppr_cons":[],"_monsterinsights_skip_tracking":false,"_monsterinsights_sitenote_active":false,"_monsterinsights_sitenote_note":"","_monsterinsights_sitenote_category":0,"footnotes":""},"categories":[15435],"tags":[997,15637,998,15441,15440,15479,15480],"features":[],"class_list":{"0":"post-81171","1":"page","2":"type-page","3":"status-publish","4":"has-post-thumbnail","6":"category-software-intelligenza-artificiale-cat","7":"tag-ai","8":"tag-amio","9":"tag-intelligenza-artificiale","10":"tag-piattaforma-intelligenza-artificiale","11":"tag-programma-intelligenza-artificiale","12":"tag-software-intelligenza-artificiale","13":"tag-soluzione-intelligenza-artificiale"},"wppr_data":{"cwp_meta_box_check":"No"},"acf":[],"yoast_head":"<!-- This site is optimized with the Yoast SEO plugin v27.4 - https:\/\/yoast.com\/product\/yoast-seo-wordpress\/ -->\n<title>Amio: recensione software intelligenza artificiale - Accurate Reviews<\/title>\n<meta name=\"description\" content=\"Amio: recensione soluzione che aiuta a creare chatbot basati sull&#039;intelligenza artificiale per gli e-shop.\" \/>\n<meta name=\"robots\" content=\"index, follow, max-snippet:-1, max-image-preview:large, max-video-preview:-1\" \/>\n<link rel=\"canonical\" href=\"https:\/\/www.accuratereviews.com\/it\/software-intelligenza-artificiale\/amio-recensione\/\" \/>\n<meta property=\"og:locale\" content=\"it_IT\" \/>\n<meta property=\"og:type\" content=\"article\" \/>\n<meta property=\"og:title\" content=\"Amio: recensione software intelligenza artificiale - Accurate Reviews\" \/>\n<meta property=\"og:description\" content=\"Amio: recensione soluzione che aiuta a creare chatbot basati sull&#039;intelligenza artificiale per gli e-shop.\" \/>\n<meta property=\"og:url\" content=\"https:\/\/www.accuratereviews.com\/it\/software-intelligenza-artificiale\/amio-recensione\/\" \/>\n<meta property=\"og:site_name\" content=\"Accurate Reviews\" \/>\n<meta property=\"og:image\" content=\"https:\/\/www.accuratereviews.com\/wp-content\/uploads\/2024\/12\/Amio.png\" \/>\n\t<meta property=\"og:image:width\" content=\"401\" \/>\n\t<meta property=\"og:image:height\" content=\"214\" \/>\n\t<meta property=\"og:image:type\" content=\"image\/png\" \/>\n<meta name=\"twitter:card\" content=\"summary_large_image\" \/>\n<meta name=\"twitter:label1\" content=\"Tempo di lettura stimato\" \/>\n\t<meta name=\"twitter:data1\" content=\"4 minuti\" \/>\n<script type=\"application\/ld+json\" class=\"yoast-schema-graph\">{\"@context\":\"https:\\\/\\\/schema.org\",\"@graph\":[{\"@type\":\"WebPage\",\"@id\":\"https:\\\/\\\/www.accuratereviews.com\\\/it\\\/software-intelligenza-artificiale\\\/amio-recensione\\\/\",\"url\":\"https:\\\/\\\/www.accuratereviews.com\\\/it\\\/software-intelligenza-artificiale\\\/amio-recensione\\\/\",\"name\":\"Amio: recensione software intelligenza artificiale - Accurate Reviews\",\"isPartOf\":{\"@id\":\"https:\\\/\\\/www.accuratereviews.com\\\/it\\\/#website\"},\"primaryImageOfPage\":{\"@id\":\"https:\\\/\\\/www.accuratereviews.com\\\/it\\\/software-intelligenza-artificiale\\\/amio-recensione\\\/#primaryimage\"},\"image\":{\"@id\":\"https:\\\/\\\/www.accuratereviews.com\\\/it\\\/software-intelligenza-artificiale\\\/amio-recensione\\\/#primaryimage\"},\"thumbnailUrl\":\"https:\\\/\\\/www.accuratereviews.com\\\/wp-content\\\/uploads\\\/2024\\\/12\\\/Amio.png\",\"datePublished\":\"2024-12-12T15:38:01+00:00\",\"description\":\"Amio: recensione soluzione che aiuta a creare chatbot basati sull'intelligenza artificiale per gli e-shop.\",\"breadcrumb\":{\"@id\":\"https:\\\/\\\/www.accuratereviews.com\\\/it\\\/software-intelligenza-artificiale\\\/amio-recensione\\\/#breadcrumb\"},\"inLanguage\":\"it-IT\",\"potentialAction\":[{\"@type\":\"ReadAction\",\"target\":[\"https:\\\/\\\/www.accuratereviews.com\\\/it\\\/software-intelligenza-artificiale\\\/amio-recensione\\\/\"]}]},{\"@type\":\"ImageObject\",\"inLanguage\":\"it-IT\",\"@id\":\"https:\\\/\\\/www.accuratereviews.com\\\/it\\\/software-intelligenza-artificiale\\\/amio-recensione\\\/#primaryimage\",\"url\":\"https:\\\/\\\/www.accuratereviews.com\\\/wp-content\\\/uploads\\\/2024\\\/12\\\/Amio.png\",\"contentUrl\":\"https:\\\/\\\/www.accuratereviews.com\\\/wp-content\\\/uploads\\\/2024\\\/12\\\/Amio.png\",\"width\":401,\"height\":214},{\"@type\":\"BreadcrumbList\",\"@id\":\"https:\\\/\\\/www.accuratereviews.com\\\/it\\\/software-intelligenza-artificiale\\\/amio-recensione\\\/#breadcrumb\",\"itemListElement\":[{\"@type\":\"ListItem\",\"position\":1,\"name\":\"Home\",\"item\":\"https:\\\/\\\/www.accuratereviews.com\\\/it\\\/\"},{\"@type\":\"ListItem\",\"position\":2,\"name\":\"Software di intelligenza artificiale\",\"item\":\"https:\\\/\\\/www.accuratereviews.com\\\/it\\\/software-intelligenza-artificiale\\\/\"},{\"@type\":\"ListItem\",\"position\":3,\"name\":\"Amio\"}]},{\"@type\":\"WebSite\",\"@id\":\"https:\\\/\\\/www.accuratereviews.com\\\/it\\\/#website\",\"url\":\"https:\\\/\\\/www.accuratereviews.com\\\/it\\\/\",\"name\":\"Accurate Reviews\",\"description\":\"\",\"potentialAction\":[{\"@type\":\"SearchAction\",\"target\":{\"@type\":\"EntryPoint\",\"urlTemplate\":\"https:\\\/\\\/www.accuratereviews.com\\\/it\\\/?s={search_term_string}\"},\"query-input\":{\"@type\":\"PropertyValueSpecification\",\"valueRequired\":true,\"valueName\":\"search_term_string\"}}],\"inLanguage\":\"it-IT\"}]}<\/script>\n<!-- \/ Yoast SEO plugin. -->","yoast_head_json":{"title":"Amio: recensione software intelligenza artificiale - Accurate Reviews","description":"Amio: recensione soluzione che aiuta a creare chatbot basati sull'intelligenza artificiale per gli e-shop.","robots":{"index":"index","follow":"follow","max-snippet":"max-snippet:-1","max-image-preview":"max-image-preview:large","max-video-preview":"max-video-preview:-1"},"canonical":"https:\/\/www.accuratereviews.com\/it\/software-intelligenza-artificiale\/amio-recensione\/","og_locale":"it_IT","og_type":"article","og_title":"Amio: recensione software intelligenza artificiale - Accurate Reviews","og_description":"Amio: recensione soluzione che aiuta a creare chatbot basati sull'intelligenza artificiale per gli e-shop.","og_url":"https:\/\/www.accuratereviews.com\/it\/software-intelligenza-artificiale\/amio-recensione\/","og_site_name":"Accurate Reviews","og_image":[{"width":401,"height":214,"url":"https:\/\/www.accuratereviews.com\/wp-content\/uploads\/2024\/12\/Amio.png","type":"image\/png"}],"twitter_card":"summary_large_image","twitter_misc":{"Tempo di lettura stimato":"4 minuti"},"schema":{"@context":"https:\/\/schema.org","@graph":[{"@type":"WebPage","@id":"https:\/\/www.accuratereviews.com\/it\/software-intelligenza-artificiale\/amio-recensione\/","url":"https:\/\/www.accuratereviews.com\/it\/software-intelligenza-artificiale\/amio-recensione\/","name":"Amio: recensione software intelligenza artificiale - Accurate Reviews","isPartOf":{"@id":"https:\/\/www.accuratereviews.com\/it\/#website"},"primaryImageOfPage":{"@id":"https:\/\/www.accuratereviews.com\/it\/software-intelligenza-artificiale\/amio-recensione\/#primaryimage"},"image":{"@id":"https:\/\/www.accuratereviews.com\/it\/software-intelligenza-artificiale\/amio-recensione\/#primaryimage"},"thumbnailUrl":"https:\/\/www.accuratereviews.com\/wp-content\/uploads\/2024\/12\/Amio.png","datePublished":"2024-12-12T15:38:01+00:00","description":"Amio: recensione soluzione che aiuta a creare chatbot basati sull'intelligenza artificiale per gli e-shop.","breadcrumb":{"@id":"https:\/\/www.accuratereviews.com\/it\/software-intelligenza-artificiale\/amio-recensione\/#breadcrumb"},"inLanguage":"it-IT","potentialAction":[{"@type":"ReadAction","target":["https:\/\/www.accuratereviews.com\/it\/software-intelligenza-artificiale\/amio-recensione\/"]}]},{"@type":"ImageObject","inLanguage":"it-IT","@id":"https:\/\/www.accuratereviews.com\/it\/software-intelligenza-artificiale\/amio-recensione\/#primaryimage","url":"https:\/\/www.accuratereviews.com\/wp-content\/uploads\/2024\/12\/Amio.png","contentUrl":"https:\/\/www.accuratereviews.com\/wp-content\/uploads\/2024\/12\/Amio.png","width":401,"height":214},{"@type":"BreadcrumbList","@id":"https:\/\/www.accuratereviews.com\/it\/software-intelligenza-artificiale\/amio-recensione\/#breadcrumb","itemListElement":[{"@type":"ListItem","position":1,"name":"Home","item":"https:\/\/www.accuratereviews.com\/it\/"},{"@type":"ListItem","position":2,"name":"Software di intelligenza artificiale","item":"https:\/\/www.accuratereviews.com\/it\/software-intelligenza-artificiale\/"},{"@type":"ListItem","position":3,"name":"Amio"}]},{"@type":"WebSite","@id":"https:\/\/www.accuratereviews.com\/it\/#website","url":"https:\/\/www.accuratereviews.com\/it\/","name":"Accurate Reviews","description":"","potentialAction":[{"@type":"SearchAction","target":{"@type":"EntryPoint","urlTemplate":"https:\/\/www.accuratereviews.com\/it\/?s={search_term_string}"},"query-input":{"@type":"PropertyValueSpecification","valueRequired":true,"valueName":"search_term_string"}}],"inLanguage":"it-IT"}]}},"_links":{"self":[{"href":"https:\/\/www.accuratereviews.com\/it\/wp-json\/wp\/v2\/pages\/81171","targetHints":{"allow":["GET"]}}],"collection":[{"href":"https:\/\/www.accuratereviews.com\/it\/wp-json\/wp\/v2\/pages"}],"about":[{"href":"https:\/\/www.accuratereviews.com\/it\/wp-json\/wp\/v2\/types\/page"}],"author":[{"embeddable":true,"href":"https:\/\/www.accuratereviews.com\/it\/wp-json\/wp\/v2\/users\/19"}],"replies":[{"embeddable":true,"href":"https:\/\/www.accuratereviews.com\/it\/wp-json\/wp\/v2\/comments?post=81171"}],"version-history":[{"count":11,"href":"https:\/\/www.accuratereviews.com\/it\/wp-json\/wp\/v2\/pages\/81171\/revisions"}],"predecessor-version":[{"id":81195,"href":"https:\/\/www.accuratereviews.com\/it\/wp-json\/wp\/v2\/pages\/81171\/revisions\/81195"}],"up":[{"embeddable":true,"href":"https:\/\/www.accuratereviews.com\/it\/wp-json\/wp\/v2\/pages\/79864"}],"wp:featuredmedia":[{"embeddable":true,"href":"https:\/\/www.accuratereviews.com\/it\/wp-json\/wp\/v2\/media\/81173"}],"wp:attachment":[{"href":"https:\/\/www.accuratereviews.com\/it\/wp-json\/wp\/v2\/media?parent=81171"}],"wp:term":[{"taxonomy":"category","embeddable":true,"href":"https:\/\/www.accuratereviews.com\/it\/wp-json\/wp\/v2\/categories?post=81171"},{"taxonomy":"post_tag","embeddable":true,"href":"https:\/\/www.accuratereviews.com\/it\/wp-json\/wp\/v2\/tags?post=81171"},{"taxonomy":"features","embeddable":true,"href":"https:\/\/www.accuratereviews.com\/it\/wp-json\/wp\/v2\/features?post=81171"}],"curies":[{"name":"wp","href":"https:\/\/api.w.org\/{rel}","templated":true}]}}