{"id":81205,"date":"2024-12-13T15:11:27","date_gmt":"2024-12-13T15:11:27","guid":{"rendered":"https:\/\/www.accuratereviews.com\/?page_id=81205"},"modified":"2024-12-16T11:28:42","modified_gmt":"2024-12-16T11:28:42","slug":"solvemate-recensione","status":"publish","type":"page","link":"https:\/\/www.accuratereviews.com\/it\/software-intelligenza-artificiale\/solvemate-recensione\/","title":{"rendered":"Solvemate"},"content":{"rendered":"<p><strong>Solvemate<\/strong> \u00e8 una soluzione di automazione del servizio clienti, alimentata da un&#8217;intelligenza artificiale conversazionale intelligente che consente alle aziende di creare conversazioni chatbot altamente personalizzate su larga scala. Questo permette ai clienti di trovare risposte quando ne hanno bisogno e ai team di assistenza di poter concentrare la propria competenza dove pi\u00f9 conta.<br \/>\nL&#8217;approccio esclusivo del<strong> motore di conversazione contestuale<\/strong> si integra facilmente e risolve le richieste in modo rapido e affidabile rispetto a qualsiasi altro chatbot sul mercato. Ha un team dedicato per aiutarti in ogni fase del percorso con le best practice specifiche del settore. I marchi traggono vantaggio da un&#8217;esperienza self-service altamente personalizzata e in tempo reale che aumenta la soddisfazione del cliente, riduce i costi e offre informazioni fruibili sul servizio clienti.<br \/>\n<strong>Solvemate<\/strong> ha consentito ad aziende innovative come <strong> On Running, musicMagpie, egym e JustPark<\/strong> di migliorare la loro esperienza cliente.<\/p>\n<h2><a href=\"https:\/\/www.accuratereviews.com\/wp-content\/uploads\/2024\/12\/Screenshot-2024-12-13-alle-10.43.03.png\"><img loading=\"lazy\" decoding=\"async\" class=\"size-large wp-image-81213 aligncenter\" src=\"https:\/\/www.accuratereviews.com\/wp-content\/uploads\/2024\/12\/Screenshot-2024-12-13-alle-10.43.03-1024x936.png\" alt=\"\" width=\"686\" height=\"627\" srcset=\"https:\/\/www.accuratereviews.com\/wp-content\/uploads\/2024\/12\/Screenshot-2024-12-13-alle-10.43.03-1024x936.png 1024w, https:\/\/www.accuratereviews.com\/wp-content\/uploads\/2024\/12\/Screenshot-2024-12-13-alle-10.43.03-300x274.png 300w, https:\/\/www.accuratereviews.com\/wp-content\/uploads\/2024\/12\/Screenshot-2024-12-13-alle-10.43.03-768x702.png 768w, https:\/\/www.accuratereviews.com\/wp-content\/uploads\/2024\/12\/Screenshot-2024-12-13-alle-10.43.03-1536x1405.png 1536w, https:\/\/www.accuratereviews.com\/wp-content\/uploads\/2024\/12\/Screenshot-2024-12-13-alle-10.43.03-50x46.png 50w, https:\/\/www.accuratereviews.com\/wp-content\/uploads\/2024\/12\/Screenshot-2024-12-13-alle-10.43.03-137x125.png 137w, https:\/\/www.accuratereviews.com\/wp-content\/uploads\/2024\/12\/Screenshot-2024-12-13-alle-10.43.03-968x885.png 968w, https:\/\/www.accuratereviews.com\/wp-content\/uploads\/2024\/12\/Screenshot-2024-12-13-alle-10.43.03-636x582.png 636w, https:\/\/www.accuratereviews.com\/wp-content\/uploads\/2024\/12\/Screenshot-2024-12-13-alle-10.43.03-320x293.png 320w, https:\/\/www.accuratereviews.com\/wp-content\/uploads\/2024\/12\/Screenshot-2024-12-13-alle-10.43.03-239x219.png 239w, https:\/\/www.accuratereviews.com\/wp-content\/uploads\/2024\/12\/Screenshot-2024-12-13-alle-10.43.03.png 1776w\" sizes=\"auto, (max-width: 686px) 100vw, 686px\" \/><\/a><\/h2>\n<h2>SOLVEMATE &#8211; CARATTERISTICHE<\/h2>\n<ul>\n<li>L&#8217;algoritmo guida le conversazioni con tempi di risoluzione rapidi (in media 12,4 secondi)<\/li>\n<li>I consigli di formazione proattivi migliorano costantemente la precisione e il richiamo<\/li>\n<li>Si integra nel flusso di lavoro esistente per inoltrare i casi difficili<\/li>\n<li>Ottieni informazioni aziendali con la dashboard di analisi<\/li>\n<li>Personalizza domande, colori, immagini e moduli per rimanere fedele al marchio<\/li>\n<li>La chatbot mostra sempre un collegamento all&#8217;articolo di origine per creare fiducia e trasparenza ed evitare confusione.<\/li>\n<li>Traduzione delle domande dei clienti e fornisce risposte nella lingua parlata dagli utenti<\/li>\n<\/ul>\n<h3>LE RECENSIONI DEGLI UTENTI<\/h3>\n<p><strong>Charlotte &#8220;Ottimo strumento per i clienti per trovare risposte o per inviare le loro richieste in qualsiasi momento online&#8221;Pro<\/strong>: Il software ci aiuta a offrire ai nostri clienti un canale, dove possono inviare le loro richieste in qualsiasi momento e in qualsiasi luogo (online). Per ogni argomento possiamo definire quali dati dobbiamo conoscere dal cliente per poter gestire la richiesta, ora \u00e8 possibile anche caricare documenti. Riceviamo anche feedback preziosi dai clienti che ci aiutano ancora una volta a ottimizzare la struttura del bot. Il bot ha una buona usabilit\u00e0. Per noi e i nostri clienti il \u200b\u200bbot \u00e8 uno strumento digitale molto utile e ci aiuta ad aumentare la nostra efficienza!<br \/>\n<strong>Contro<\/strong>: Alcune funzionalit\u00e0 possono essere utilizzate solo con uno strumento CRM esistente. Alcune cifre chiave vengono ancora segnalate manualmente, il che richiede un po&#8217; di tempo, ma si spera che verr\u00e0 risolto presto.<\/p>\n<p><strong>Mike &#8220;Un bot AI per l&#8217;assistenza clienti che piacer\u00e0 sia a te che ai tuoi clienti!&#8221;<\/strong><br \/>\n<strong>Pro<\/strong>: Il software \u00e8 facile da usare, la configurazione \u00e8 logica e veloce da aggiornare. L&#8217;implementazione \u00e8 durata meno di un giorno e stiamo gi\u00e0 riscontrando un numero significativo di contatti in entrata ridotti per il nostro team!<br \/>\n<strong>Contro<\/strong>: Alcune delle funzionalit\u00e0 che desideravamo all&#8217;inizio non erano disponibili, tuttavia Solvemate \u00e8 stata rapida nel risolvere il problema, implementandole o aggiungendole alla propria roadmap.<\/p>\n<p><strong>Sandra &#8220;Un software solido con un ottimo supporto clienti&#8221;<\/strong><br \/>\n<strong>Commenti<\/strong>: Riconosciamo un grande impatto positivo sul numero delle nostre richieste perch\u00e9 il chatbot risolve molti problemi direttamente. Solvemate si concentra sempre sul miglioramento delle proprie funzionalit\u00e0 e offre un ottimo supporto clienti.<br \/>\n<strong>Pro<\/strong>: &#8211; Facile da personalizzare il tuo chatbot (colore, titolo, icona, ecc.) &#8211; Facile da aggiungere nuove soluzioni &#8211; Buoni canali di handover e possibilit\u00e0 API per diversi casi di utilizzo<br \/>\n<strong>Contro<\/strong>: &#8211; Migliori possibilit\u00e0 di esportazione e filtro &#8211; Una funzione di traduzione automatica sarebbe perfetta<\/p>\n","protected":false},"excerpt":{"rendered":"<p>Solvemate \u00e8 una soluzione di automazione del servizio clienti, alimentata da un&#8217;intelligenza artificiale conversazionale intelligente che consente alle aziende di creare conversazioni chatbot altamente personalizzate su larga scala. Questo permette ai clienti di trovare risposte quando ne hanno bisogno e ai team di assistenza di poter concentrare la propria competenza dove pi\u00f9 conta.<\/p>\n","protected":false},"author":19,"featured_media":81208,"parent":79864,"menu_order":0,"comment_status":"open","ping_status":"closed","template":"g1_template_page_review_new.php","meta":{"_acf_changed":false,"cwp_meta_box_check":"Yes","cwp_rev_product_name":"","cwp_rev_product_image":"","wppr_links":[],"cwp_rev_price":"0.00","wppr_options":[{"name":"Usability","value":"0"},{"name":"Speed","value":"0"},{"name":"Features","value":"0"},{"name":"Support","value":"0"},{"name":"Pricing","value":"0"}],"wppr_pros":["","","","",""],"wppr_cons":["","","","",""],"_monsterinsights_skip_tracking":false,"_monsterinsights_sitenote_active":false,"_monsterinsights_sitenote_note":"","_monsterinsights_sitenote_category":0,"footnotes":""},"categories":[15435],"tags":[997,998,15441,15440,15479,15480,15638],"features":[],"class_list":{"0":"post-81205","1":"page","2":"type-page","3":"status-publish","4":"has-post-thumbnail","6":"category-software-intelligenza-artificiale-cat","7":"tag-ai","8":"tag-intelligenza-artificiale","9":"tag-piattaforma-intelligenza-artificiale","10":"tag-programma-intelligenza-artificiale","11":"tag-software-intelligenza-artificiale","12":"tag-soluzione-intelligenza-artificiale","13":"tag-solvemate"},"wppr_data":{"cwp_meta_box_check":"Yes","_wppr_review_template":"default","cwp_rev_product_image":"","cwp_image_link":"image","wppr_links":[],"cwp_rev_price":"0.00","wppr_pros":["","","","",""],"wppr_cons":["","","","",""],"wppr_rating":"0.00","wppr_options":{"1":{"name":"Usability","value":"0"},"2":{"name":"Speed","value":"0"},"3":{"name":"Features","value":"0"},"4":{"name":"Support","value":"0"},"5":{"name":"Pricing","value":"0"}},"wppr_review_type":"Product","wppr_review_custom_fields":{"additionalProperty":"","additionalType":"","aggregateRating":"","alternateName":"","audience":"","award":"","awards":"","brand":"","color":"","depth":"","description":"","disambiguatingDescription":"","gtin12":"","gtin13":"","gtin14":"","gtin8":"","height":"","identifier":"","image":"","isAccessoryOrSparePartFor":"","isConsumableFor":"","isRelatedTo":"","isSimilarTo":"","itemCondition":"","logo":"","mainEntityOfPage":"","manufacturer":"","material":"","model":"","mpn":"","name":"","offers":"","potentialAction":"","productID":"","productionDate":"","purchaseDate":"","releaseDate":"","review":"","reviews":"","sameAs":"","sku":"","slogan":"","subjectOf":"","url":"","weight":"","width":""}},"acf":[],"yoast_head":"<!-- This site is optimized with the Yoast SEO plugin v27.4 - https:\/\/yoast.com\/product\/yoast-seo-wordpress\/ -->\n<title>Solvemate: recensione software intelligenza artificiale - Accurate Reviews<\/title>\n<meta name=\"description\" content=\"Solvemate: recensione soluzione di automazione del servizio clienti, alimentata da un&#039;intelligenza artificiale conversazionale intelligente.\" \/>\n<meta name=\"robots\" content=\"index, follow, max-snippet:-1, max-image-preview:large, max-video-preview:-1\" \/>\n<link rel=\"canonical\" href=\"https:\/\/www.accuratereviews.com\/it\/software-intelligenza-artificiale\/solvemate-recensione\/\" \/>\n<meta property=\"og:locale\" content=\"it_IT\" \/>\n<meta property=\"og:type\" content=\"article\" \/>\n<meta property=\"og:title\" content=\"Solvemate: recensione software intelligenza artificiale - Accurate Reviews\" \/>\n<meta property=\"og:description\" content=\"Solvemate: recensione soluzione di automazione del servizio clienti, alimentata da un&#039;intelligenza artificiale conversazionale intelligente.\" \/>\n<meta property=\"og:url\" content=\"https:\/\/www.accuratereviews.com\/it\/software-intelligenza-artificiale\/solvemate-recensione\/\" \/>\n<meta property=\"og:site_name\" content=\"Accurate Reviews\" \/>\n<meta property=\"article:modified_time\" content=\"2024-12-16T11:28:42+00:00\" \/>\n<meta property=\"og:image\" content=\"https:\/\/www.accuratereviews.com\/wp-content\/uploads\/2024\/12\/Solvemate.png\" \/>\n\t<meta property=\"og:image:width\" content=\"700\" \/>\n\t<meta property=\"og:image:height\" content=\"700\" \/>\n\t<meta property=\"og:image:type\" content=\"image\/png\" \/>\n<meta name=\"twitter:card\" content=\"summary_large_image\" \/>\n<meta name=\"twitter:label1\" content=\"Tempo di lettura stimato\" \/>\n\t<meta name=\"twitter:data1\" content=\"4 minuti\" \/>\n<script type=\"application\/ld+json\" class=\"yoast-schema-graph\">{\"@context\":\"https:\\\/\\\/schema.org\",\"@graph\":[{\"@type\":\"WebPage\",\"@id\":\"https:\\\/\\\/www.accuratereviews.com\\\/it\\\/software-intelligenza-artificiale\\\/solvemate-recensione\\\/\",\"url\":\"https:\\\/\\\/www.accuratereviews.com\\\/it\\\/software-intelligenza-artificiale\\\/solvemate-recensione\\\/\",\"name\":\"Solvemate: recensione software intelligenza artificiale - Accurate Reviews\",\"isPartOf\":{\"@id\":\"https:\\\/\\\/www.accuratereviews.com\\\/it\\\/#website\"},\"primaryImageOfPage\":{\"@id\":\"https:\\\/\\\/www.accuratereviews.com\\\/it\\\/software-intelligenza-artificiale\\\/solvemate-recensione\\\/#primaryimage\"},\"image\":{\"@id\":\"https:\\\/\\\/www.accuratereviews.com\\\/it\\\/software-intelligenza-artificiale\\\/solvemate-recensione\\\/#primaryimage\"},\"thumbnailUrl\":\"https:\\\/\\\/www.accuratereviews.com\\\/wp-content\\\/uploads\\\/2024\\\/12\\\/Solvemate.png\",\"datePublished\":\"2024-12-13T15:11:27+00:00\",\"dateModified\":\"2024-12-16T11:28:42+00:00\",\"description\":\"Solvemate: recensione soluzione di automazione del servizio clienti, alimentata da un'intelligenza artificiale conversazionale intelligente.\",\"breadcrumb\":{\"@id\":\"https:\\\/\\\/www.accuratereviews.com\\\/it\\\/software-intelligenza-artificiale\\\/solvemate-recensione\\\/#breadcrumb\"},\"inLanguage\":\"it-IT\",\"potentialAction\":[{\"@type\":\"ReadAction\",\"target\":[\"https:\\\/\\\/www.accuratereviews.com\\\/it\\\/software-intelligenza-artificiale\\\/solvemate-recensione\\\/\"]}]},{\"@type\":\"ImageObject\",\"inLanguage\":\"it-IT\",\"@id\":\"https:\\\/\\\/www.accuratereviews.com\\\/it\\\/software-intelligenza-artificiale\\\/solvemate-recensione\\\/#primaryimage\",\"url\":\"https:\\\/\\\/www.accuratereviews.com\\\/wp-content\\\/uploads\\\/2024\\\/12\\\/Solvemate.png\",\"contentUrl\":\"https:\\\/\\\/www.accuratereviews.com\\\/wp-content\\\/uploads\\\/2024\\\/12\\\/Solvemate.png\",\"width\":700,\"height\":700,\"caption\":\"Recensione\"},{\"@type\":\"BreadcrumbList\",\"@id\":\"https:\\\/\\\/www.accuratereviews.com\\\/it\\\/software-intelligenza-artificiale\\\/solvemate-recensione\\\/#breadcrumb\",\"itemListElement\":[{\"@type\":\"ListItem\",\"position\":1,\"name\":\"Home\",\"item\":\"https:\\\/\\\/www.accuratereviews.com\\\/it\\\/\"},{\"@type\":\"ListItem\",\"position\":2,\"name\":\"Software di intelligenza artificiale\",\"item\":\"https:\\\/\\\/www.accuratereviews.com\\\/it\\\/software-intelligenza-artificiale\\\/\"},{\"@type\":\"ListItem\",\"position\":3,\"name\":\"Solvemate\"}]},{\"@type\":\"WebSite\",\"@id\":\"https:\\\/\\\/www.accuratereviews.com\\\/it\\\/#website\",\"url\":\"https:\\\/\\\/www.accuratereviews.com\\\/it\\\/\",\"name\":\"Accurate Reviews\",\"description\":\"\",\"potentialAction\":[{\"@type\":\"SearchAction\",\"target\":{\"@type\":\"EntryPoint\",\"urlTemplate\":\"https:\\\/\\\/www.accuratereviews.com\\\/it\\\/?s={search_term_string}\"},\"query-input\":{\"@type\":\"PropertyValueSpecification\",\"valueRequired\":true,\"valueName\":\"search_term_string\"}}],\"inLanguage\":\"it-IT\"}]}<\/script>\n<!-- \/ Yoast SEO plugin. -->","yoast_head_json":{"title":"Solvemate: recensione software intelligenza artificiale - Accurate Reviews","description":"Solvemate: recensione soluzione di automazione del servizio clienti, alimentata da un'intelligenza artificiale conversazionale intelligente.","robots":{"index":"index","follow":"follow","max-snippet":"max-snippet:-1","max-image-preview":"max-image-preview:large","max-video-preview":"max-video-preview:-1"},"canonical":"https:\/\/www.accuratereviews.com\/it\/software-intelligenza-artificiale\/solvemate-recensione\/","og_locale":"it_IT","og_type":"article","og_title":"Solvemate: recensione software intelligenza artificiale - Accurate Reviews","og_description":"Solvemate: recensione soluzione di automazione del servizio clienti, alimentata da un'intelligenza artificiale conversazionale intelligente.","og_url":"https:\/\/www.accuratereviews.com\/it\/software-intelligenza-artificiale\/solvemate-recensione\/","og_site_name":"Accurate Reviews","article_modified_time":"2024-12-16T11:28:42+00:00","og_image":[{"width":700,"height":700,"url":"https:\/\/www.accuratereviews.com\/wp-content\/uploads\/2024\/12\/Solvemate.png","type":"image\/png"}],"twitter_card":"summary_large_image","twitter_misc":{"Tempo di lettura stimato":"4 minuti"},"schema":{"@context":"https:\/\/schema.org","@graph":[{"@type":"WebPage","@id":"https:\/\/www.accuratereviews.com\/it\/software-intelligenza-artificiale\/solvemate-recensione\/","url":"https:\/\/www.accuratereviews.com\/it\/software-intelligenza-artificiale\/solvemate-recensione\/","name":"Solvemate: recensione software intelligenza artificiale - Accurate Reviews","isPartOf":{"@id":"https:\/\/www.accuratereviews.com\/it\/#website"},"primaryImageOfPage":{"@id":"https:\/\/www.accuratereviews.com\/it\/software-intelligenza-artificiale\/solvemate-recensione\/#primaryimage"},"image":{"@id":"https:\/\/www.accuratereviews.com\/it\/software-intelligenza-artificiale\/solvemate-recensione\/#primaryimage"},"thumbnailUrl":"https:\/\/www.accuratereviews.com\/wp-content\/uploads\/2024\/12\/Solvemate.png","datePublished":"2024-12-13T15:11:27+00:00","dateModified":"2024-12-16T11:28:42+00:00","description":"Solvemate: recensione soluzione di automazione del servizio clienti, alimentata da un'intelligenza artificiale conversazionale intelligente.","breadcrumb":{"@id":"https:\/\/www.accuratereviews.com\/it\/software-intelligenza-artificiale\/solvemate-recensione\/#breadcrumb"},"inLanguage":"it-IT","potentialAction":[{"@type":"ReadAction","target":["https:\/\/www.accuratereviews.com\/it\/software-intelligenza-artificiale\/solvemate-recensione\/"]}]},{"@type":"ImageObject","inLanguage":"it-IT","@id":"https:\/\/www.accuratereviews.com\/it\/software-intelligenza-artificiale\/solvemate-recensione\/#primaryimage","url":"https:\/\/www.accuratereviews.com\/wp-content\/uploads\/2024\/12\/Solvemate.png","contentUrl":"https:\/\/www.accuratereviews.com\/wp-content\/uploads\/2024\/12\/Solvemate.png","width":700,"height":700,"caption":"Recensione"},{"@type":"BreadcrumbList","@id":"https:\/\/www.accuratereviews.com\/it\/software-intelligenza-artificiale\/solvemate-recensione\/#breadcrumb","itemListElement":[{"@type":"ListItem","position":1,"name":"Home","item":"https:\/\/www.accuratereviews.com\/it\/"},{"@type":"ListItem","position":2,"name":"Software di intelligenza artificiale","item":"https:\/\/www.accuratereviews.com\/it\/software-intelligenza-artificiale\/"},{"@type":"ListItem","position":3,"name":"Solvemate"}]},{"@type":"WebSite","@id":"https:\/\/www.accuratereviews.com\/it\/#website","url":"https:\/\/www.accuratereviews.com\/it\/","name":"Accurate Reviews","description":"","potentialAction":[{"@type":"SearchAction","target":{"@type":"EntryPoint","urlTemplate":"https:\/\/www.accuratereviews.com\/it\/?s={search_term_string}"},"query-input":{"@type":"PropertyValueSpecification","valueRequired":true,"valueName":"search_term_string"}}],"inLanguage":"it-IT"}]}},"_links":{"self":[{"href":"https:\/\/www.accuratereviews.com\/it\/wp-json\/wp\/v2\/pages\/81205","targetHints":{"allow":["GET"]}}],"collection":[{"href":"https:\/\/www.accuratereviews.com\/it\/wp-json\/wp\/v2\/pages"}],"about":[{"href":"https:\/\/www.accuratereviews.com\/it\/wp-json\/wp\/v2\/types\/page"}],"author":[{"embeddable":true,"href":"https:\/\/www.accuratereviews.com\/it\/wp-json\/wp\/v2\/users\/19"}],"replies":[{"embeddable":true,"href":"https:\/\/www.accuratereviews.com\/it\/wp-json\/wp\/v2\/comments?post=81205"}],"version-history":[{"count":11,"href":"https:\/\/www.accuratereviews.com\/it\/wp-json\/wp\/v2\/pages\/81205\/revisions"}],"predecessor-version":[{"id":81301,"href":"https:\/\/www.accuratereviews.com\/it\/wp-json\/wp\/v2\/pages\/81205\/revisions\/81301"}],"up":[{"embeddable":true,"href":"https:\/\/www.accuratereviews.com\/it\/wp-json\/wp\/v2\/pages\/79864"}],"wp:featuredmedia":[{"embeddable":true,"href":"https:\/\/www.accuratereviews.com\/it\/wp-json\/wp\/v2\/media\/81208"}],"wp:attachment":[{"href":"https:\/\/www.accuratereviews.com\/it\/wp-json\/wp\/v2\/media?parent=81205"}],"wp:term":[{"taxonomy":"category","embeddable":true,"href":"https:\/\/www.accuratereviews.com\/it\/wp-json\/wp\/v2\/categories?post=81205"},{"taxonomy":"post_tag","embeddable":true,"href":"https:\/\/www.accuratereviews.com\/it\/wp-json\/wp\/v2\/tags?post=81205"},{"taxonomy":"features","embeddable":true,"href":"https:\/\/www.accuratereviews.com\/it\/wp-json\/wp\/v2\/features?post=81205"}],"curies":[{"name":"wp","href":"https:\/\/api.w.org\/{rel}","templated":true}]}}