{"id":81313,"date":"2024-12-17T16:53:52","date_gmt":"2024-12-17T16:53:52","guid":{"rendered":"https:\/\/www.accuratereviews.com\/?page_id=81313"},"modified":"2024-12-18T11:13:58","modified_gmt":"2024-12-18T11:13:58","slug":"coursebox-recensione","status":"publish","type":"page","link":"https:\/\/www.accuratereviews.com\/it\/software-intelligenza-artificiale\/coursebox-recensione\/","title":{"rendered":"Coursebox"},"content":{"rendered":"<p><strong>Coursebox<\/strong> \u00e8 una<strong> soluzione di intelligenza artificiale<\/strong> che aiuta le aziende a creare corsi velocemente. Questo sviluppatore di corsi pu\u00f2 progettare una bozza della struttura del corso e quindi scrivere contenuti, inclusi quiz per gli utenti. Il corso pu\u00f2 essere modificato e aggiunto con un costruttore di corsi drag and drop. I corsi possono essere scritti in pi\u00f9 lingue, venduti online o condivisi in privato.<br \/>\nInoltre, grazie a <strong>Coursebox<\/strong>, \u00e8 possibile produrre certificati e le aziende possono abilitare l&#8217;apprendimento social, vendere corsi con un abbonamento ricorrente e altro ancora. I creatori possono anche impostare certificati brandizzati. Gli studenti possono accedere al corso online o tramite l&#8217;app mobile.<\/p>\n<h2>COURSEBOX &#8211; TUTORIAL<\/h2>\n<div id=\"fluid-wrapper-counter-1\" class=\"g1-fluid-wrapper \" style=\"width:686px;\">\n<div style=\"padding-bottom:56.268221574344%;\"><iframe loading=\"lazy\" title=\"AI Chatbot Tutor\" width=\"686\" height=\"386\" src=\"https:\/\/www.youtube.com\/embed\/mFhFr6YGxXI?feature=oembed&amp;wmode=transparent&amp;autohide=1&amp;autoplay=0&amp;disablekb=0&amp;fs=1&amp;loop=0&amp;enablejsapi=1&amp;rel=0&amp;controls=2&amp;showinfo=0&amp;wmode=transparent&amp;autohide=2&amp;autoplay=0&amp;disablekb=0&amp;fs=1&amp;loop=0&amp;enablejsapi=1&amp;rel=0&amp;controls=2&amp;showinfo=1\" frameborder=\"0\" allow=\"accelerometer; autoplay; clipboard-write; encrypted-media; gyroscope; picture-in-picture; web-share\" referrerpolicy=\"strict-origin-when-cross-origin\" allowfullscreen><\/iframe><\/div>\n<\/div>\n<h3>COURSEBOX &#8211; CARATTERISTICHE<\/h3>\n<ul>\n<li>Converti i tuoi video, documenti e siti Web in corsi per sfruttare al meglio le risorse esistenti<\/li>\n<li>Gli studenti ottengono una valutazione e un feedback istantanei tramite intelligenza artificiale in base alla rubrica e ai criteri di valutazione<\/li>\n<li>Un chatbot addestrato sull&#8217;intero corso fornir\u00e0 ai tuoi studenti assistenza conversazionale in tempo reale<\/li>\n<li>Genera quiz, domande con compiti a risposta lunga e segna le rubriche in pochi secondi<\/li>\n<li>Personalizza la tua piattaforma di apprendimento, l&#8217;app mobile e i corsi per un&#8217;esperienza di apprendimento senza interruzioni<\/li>\n<li>L&#8217;intelligenza artificiale ti aiuta a fare brainstorming e decidere la struttura del tuo corso prima di generare la bozza<\/li>\n<li>Con le app mobili personalizzate disponibili per i tuoi studenti, puoi formare e valutare i tuoi studenti in viaggio e con il dispositivo di loro scelta. La valutazione dell&#8217;IA \u00e8 sia efficiente che coinvolgente.<\/li>\n<li>Crea corsi di formazione interattivi e visivi contenenti video, quiz, compiti pratici e altro ancora. Motiviamo i tuoi dipendenti con un entusiasmante e-learning.<\/li>\n<li>Gli studenti ricevono contenuti su misura e supporto personalizzato, il che si traduce in un elevato coinvolgimento. I certificati, il tutoraggio e la valutazione automatica offrono agli studenti ricompense immediate invece di dover aspettare fino a giorni per ricevere le risposte degli insegnanti.<\/li>\n<\/ul>\n<h4><strong>LE RECENSIONI DEGLI UTENTI<\/strong><\/h4>\n<p><strong>Theoneste &#8220;La mia scelta di Coursebox&#8221;<\/strong><br \/>\n<strong>Commenti<\/strong>: La mia esperienza complessiva \u00e8 eccellente, Coursebox mi ha semplificato la vita rendendo pi\u00f9 semplice la creazione di un corso in pochi minuti e la sua pubblicazione per gli studenti.<br \/>\n<strong>Pro<\/strong>: Adoro il modo in cui Coursebox \u00e8 facile da usare, ti aiuta a creare corsi con quiz molto semplici e quello che ho imparato dai miei studenti \u00e8 che \u00e8 molto facile da usare per loro.<br \/>\n<strong>Contro<\/strong>: Apprezzo l&#8217;organizzazione ponderata di corsi e argomenti su Coursebox. Tuttavia, credo che sarebbe ancora pi\u00f9 utile includere pagine aggiuntive nella sezione attivit\u00e0. Questa espansione potrebbe migliorare l&#8217;esperienza di apprendimento complessiva<\/p>\n<p><strong>Candice &#8220;Coursebox: una svolta per l&#8217;apprendimento online? La mia onesta recensione&#8221;<\/strong><br \/>\n<strong>Commenti<\/strong>: Nel complesso, Coursebox ha funzionato alla grande per le mie esigenze. Senza l&#8217;incentivo per un pagamento mensile pi\u00f9 basso, non sono sicuro che avrei firmato oltre la prova, ma a un prezzo pi\u00f9 basso ero sicuramente dentro.<br \/>\n<strong>Pro<\/strong>: Adoro la possibilit\u00e0 di semplificare i corsi, perch\u00e9 mi toglie un carico. Inoltre, fornisce contenuti fantastici per aiutarmi a creare i miei corsi.<br \/>\n<strong>Contro<\/strong>: Le capacit\u00e0 di intelligenza artificiale di Coursebox, sebbene convenienti, potrebbero limitare il livello di personalizzazione che gli istruttori hanno sul design del corso e sull&#8217;interfaccia utente. Questo potrebbe non essere l&#8217;ideale per gli istruttori che preferiscono il controllo completo sull&#8217;aspetto dei loro corsi. Rispetto ad alcuni concorrenti, Coursebox potrebbe avere piani tariffari pi\u00f9 elevati, specialmente per le organizzazioni pi\u00f9 grandi o per quelle che richiedono funzionalit\u00e0 avanzate. Questo potrebbe essere un deterrente per alcuni utenti che cercano opzioni pi\u00f9 economiche.<\/p>\n<p><strong>Charles &#8220;Creatore di corsi a prezzi accessibili&#8221;<\/strong><br \/>\n<strong>Commenti<\/strong>: Questo software mi ha aiutato moltissimo a risparmiare tempo nella creazione dei corsi.<br \/>\n<strong>Pro<\/strong>: Il prezzo accessibile \u00e8 la caratteristica migliore di questo software!<br \/>\n<strong>Contro<\/strong>: Finora nessuna lamentela. Sto ottenendo ci\u00f2 di cui ho bisogno.<\/p>\n","protected":false},"excerpt":{"rendered":"<p>Coursebox \u00e8 una soluzione di intelligenza artificiale che aiuta le aziende a creare corsi velocemente. Questo sviluppatore di corsi pu\u00f2 progettare una bozza della struttura del corso e quindi scrivere contenuti, inclusi quiz per gli utenti. Il corso pu\u00f2 essere modificato e aggiunto con un costruttore di corsi drag and drop.<\/p>\n","protected":false},"author":19,"featured_media":81316,"parent":79864,"menu_order":0,"comment_status":"open","ping_status":"closed","template":"g1_template_page_review_new.php","meta":{"_acf_changed":false,"cwp_meta_box_check":"No","cwp_rev_product_name":"","cwp_rev_product_image":"","wppr_links":[],"cwp_rev_price":"","wppr_options":[],"wppr_pros":[],"wppr_cons":[],"_monsterinsights_skip_tracking":false,"_monsterinsights_sitenote_active":false,"_monsterinsights_sitenote_note":"","_monsterinsights_sitenote_category":0,"footnotes":""},"categories":[15435],"tags":[997,15652,998,15653,15440,15479,15480],"features":[],"class_list":{"0":"post-81313","1":"page","2":"type-page","3":"status-publish","4":"has-post-thumbnail","6":"category-software-intelligenza-artificiale-cat","7":"tag-ai","8":"tag-coursebox","9":"tag-intelligenza-artificiale","10":"tag-piattaforma-intelligenza-artifaciale","11":"tag-programma-intelligenza-artificiale","12":"tag-software-intelligenza-artificiale","13":"tag-soluzione-intelligenza-artificiale"},"wppr_data":{"cwp_meta_box_check":"No"},"acf":[],"yoast_head":"<!-- This site is optimized with the Yoast SEO plugin v27.4 - https:\/\/yoast.com\/product\/yoast-seo-wordpress\/ -->\n<title>Coursebox: recensione software intelligenza artificiale - Accurate Reviews<\/title>\n<meta name=\"description\" content=\"Coursebox: recensione soluzione di intelligenza artificiale che aiuta le aziende a creare corsi velocemente.\" \/>\n<meta name=\"robots\" content=\"index, follow, max-snippet:-1, max-image-preview:large, max-video-preview:-1\" \/>\n<link rel=\"canonical\" href=\"https:\/\/www.accuratereviews.com\/it\/software-intelligenza-artificiale\/coursebox-recensione\/\" \/>\n<meta property=\"og:locale\" content=\"it_IT\" \/>\n<meta property=\"og:type\" content=\"article\" \/>\n<meta property=\"og:title\" content=\"Coursebox: recensione software intelligenza artificiale - Accurate Reviews\" \/>\n<meta property=\"og:description\" content=\"Coursebox: recensione soluzione di intelligenza artificiale che aiuta le aziende a creare corsi velocemente.\" \/>\n<meta property=\"og:url\" content=\"https:\/\/www.accuratereviews.com\/it\/software-intelligenza-artificiale\/coursebox-recensione\/\" \/>\n<meta property=\"og:site_name\" content=\"Accurate Reviews\" \/>\n<meta property=\"article:modified_time\" content=\"2024-12-18T11:13:58+00:00\" \/>\n<meta property=\"og:image\" content=\"https:\/\/www.accuratereviews.com\/wp-content\/uploads\/2024\/12\/Coursebox.webp\" \/>\n\t<meta property=\"og:image:width\" content=\"840\" \/>\n\t<meta property=\"og:image:height\" content=\"840\" \/>\n\t<meta property=\"og:image:type\" content=\"image\/webp\" \/>\n<meta name=\"twitter:card\" content=\"summary_large_image\" \/>\n<meta name=\"twitter:label1\" content=\"Tempo di lettura stimato\" \/>\n\t<meta name=\"twitter:data1\" content=\"5 minuti\" \/>\n<script type=\"application\/ld+json\" class=\"yoast-schema-graph\">{\"@context\":\"https:\\\/\\\/schema.org\",\"@graph\":[{\"@type\":\"WebPage\",\"@id\":\"https:\\\/\\\/www.accuratereviews.com\\\/it\\\/software-intelligenza-artificiale\\\/coursebox-recensione\\\/\",\"url\":\"https:\\\/\\\/www.accuratereviews.com\\\/it\\\/software-intelligenza-artificiale\\\/coursebox-recensione\\\/\",\"name\":\"Coursebox: recensione software intelligenza artificiale - Accurate Reviews\",\"isPartOf\":{\"@id\":\"https:\\\/\\\/www.accuratereviews.com\\\/it\\\/#website\"},\"primaryImageOfPage\":{\"@id\":\"https:\\\/\\\/www.accuratereviews.com\\\/it\\\/software-intelligenza-artificiale\\\/coursebox-recensione\\\/#primaryimage\"},\"image\":{\"@id\":\"https:\\\/\\\/www.accuratereviews.com\\\/it\\\/software-intelligenza-artificiale\\\/coursebox-recensione\\\/#primaryimage\"},\"thumbnailUrl\":\"https:\\\/\\\/www.accuratereviews.com\\\/wp-content\\\/uploads\\\/2024\\\/12\\\/Coursebox.webp\",\"datePublished\":\"2024-12-17T16:53:52+00:00\",\"dateModified\":\"2024-12-18T11:13:58+00:00\",\"description\":\"Coursebox: recensione soluzione di intelligenza artificiale che aiuta le aziende a creare corsi velocemente.\",\"breadcrumb\":{\"@id\":\"https:\\\/\\\/www.accuratereviews.com\\\/it\\\/software-intelligenza-artificiale\\\/coursebox-recensione\\\/#breadcrumb\"},\"inLanguage\":\"it-IT\",\"potentialAction\":[{\"@type\":\"ReadAction\",\"target\":[\"https:\\\/\\\/www.accuratereviews.com\\\/it\\\/software-intelligenza-artificiale\\\/coursebox-recensione\\\/\"]}]},{\"@type\":\"ImageObject\",\"inLanguage\":\"it-IT\",\"@id\":\"https:\\\/\\\/www.accuratereviews.com\\\/it\\\/software-intelligenza-artificiale\\\/coursebox-recensione\\\/#primaryimage\",\"url\":\"https:\\\/\\\/www.accuratereviews.com\\\/wp-content\\\/uploads\\\/2024\\\/12\\\/Coursebox.webp\",\"contentUrl\":\"https:\\\/\\\/www.accuratereviews.com\\\/wp-content\\\/uploads\\\/2024\\\/12\\\/Coursebox.webp\",\"width\":840,\"height\":840},{\"@type\":\"BreadcrumbList\",\"@id\":\"https:\\\/\\\/www.accuratereviews.com\\\/it\\\/software-intelligenza-artificiale\\\/coursebox-recensione\\\/#breadcrumb\",\"itemListElement\":[{\"@type\":\"ListItem\",\"position\":1,\"name\":\"Home\",\"item\":\"https:\\\/\\\/www.accuratereviews.com\\\/it\\\/\"},{\"@type\":\"ListItem\",\"position\":2,\"name\":\"Software di intelligenza artificiale\",\"item\":\"https:\\\/\\\/www.accuratereviews.com\\\/it\\\/software-intelligenza-artificiale\\\/\"},{\"@type\":\"ListItem\",\"position\":3,\"name\":\"Coursebox\"}]},{\"@type\":\"WebSite\",\"@id\":\"https:\\\/\\\/www.accuratereviews.com\\\/it\\\/#website\",\"url\":\"https:\\\/\\\/www.accuratereviews.com\\\/it\\\/\",\"name\":\"Accurate Reviews\",\"description\":\"\",\"potentialAction\":[{\"@type\":\"SearchAction\",\"target\":{\"@type\":\"EntryPoint\",\"urlTemplate\":\"https:\\\/\\\/www.accuratereviews.com\\\/it\\\/?s={search_term_string}\"},\"query-input\":{\"@type\":\"PropertyValueSpecification\",\"valueRequired\":true,\"valueName\":\"search_term_string\"}}],\"inLanguage\":\"it-IT\"}]}<\/script>\n<!-- \/ Yoast SEO plugin. -->","yoast_head_json":{"title":"Coursebox: recensione software intelligenza artificiale - Accurate Reviews","description":"Coursebox: recensione soluzione di intelligenza artificiale che aiuta le aziende a creare corsi velocemente.","robots":{"index":"index","follow":"follow","max-snippet":"max-snippet:-1","max-image-preview":"max-image-preview:large","max-video-preview":"max-video-preview:-1"},"canonical":"https:\/\/www.accuratereviews.com\/it\/software-intelligenza-artificiale\/coursebox-recensione\/","og_locale":"it_IT","og_type":"article","og_title":"Coursebox: recensione software intelligenza artificiale - Accurate Reviews","og_description":"Coursebox: recensione soluzione di intelligenza artificiale che aiuta le aziende a creare corsi velocemente.","og_url":"https:\/\/www.accuratereviews.com\/it\/software-intelligenza-artificiale\/coursebox-recensione\/","og_site_name":"Accurate Reviews","article_modified_time":"2024-12-18T11:13:58+00:00","og_image":[{"width":840,"height":840,"url":"https:\/\/www.accuratereviews.com\/wp-content\/uploads\/2024\/12\/Coursebox.webp","type":"image\/webp"}],"twitter_card":"summary_large_image","twitter_misc":{"Tempo di lettura stimato":"5 minuti"},"schema":{"@context":"https:\/\/schema.org","@graph":[{"@type":"WebPage","@id":"https:\/\/www.accuratereviews.com\/it\/software-intelligenza-artificiale\/coursebox-recensione\/","url":"https:\/\/www.accuratereviews.com\/it\/software-intelligenza-artificiale\/coursebox-recensione\/","name":"Coursebox: recensione software intelligenza artificiale - Accurate Reviews","isPartOf":{"@id":"https:\/\/www.accuratereviews.com\/it\/#website"},"primaryImageOfPage":{"@id":"https:\/\/www.accuratereviews.com\/it\/software-intelligenza-artificiale\/coursebox-recensione\/#primaryimage"},"image":{"@id":"https:\/\/www.accuratereviews.com\/it\/software-intelligenza-artificiale\/coursebox-recensione\/#primaryimage"},"thumbnailUrl":"https:\/\/www.accuratereviews.com\/wp-content\/uploads\/2024\/12\/Coursebox.webp","datePublished":"2024-12-17T16:53:52+00:00","dateModified":"2024-12-18T11:13:58+00:00","description":"Coursebox: recensione soluzione di intelligenza artificiale che aiuta le aziende a creare corsi velocemente.","breadcrumb":{"@id":"https:\/\/www.accuratereviews.com\/it\/software-intelligenza-artificiale\/coursebox-recensione\/#breadcrumb"},"inLanguage":"it-IT","potentialAction":[{"@type":"ReadAction","target":["https:\/\/www.accuratereviews.com\/it\/software-intelligenza-artificiale\/coursebox-recensione\/"]}]},{"@type":"ImageObject","inLanguage":"it-IT","@id":"https:\/\/www.accuratereviews.com\/it\/software-intelligenza-artificiale\/coursebox-recensione\/#primaryimage","url":"https:\/\/www.accuratereviews.com\/wp-content\/uploads\/2024\/12\/Coursebox.webp","contentUrl":"https:\/\/www.accuratereviews.com\/wp-content\/uploads\/2024\/12\/Coursebox.webp","width":840,"height":840},{"@type":"BreadcrumbList","@id":"https:\/\/www.accuratereviews.com\/it\/software-intelligenza-artificiale\/coursebox-recensione\/#breadcrumb","itemListElement":[{"@type":"ListItem","position":1,"name":"Home","item":"https:\/\/www.accuratereviews.com\/it\/"},{"@type":"ListItem","position":2,"name":"Software di intelligenza artificiale","item":"https:\/\/www.accuratereviews.com\/it\/software-intelligenza-artificiale\/"},{"@type":"ListItem","position":3,"name":"Coursebox"}]},{"@type":"WebSite","@id":"https:\/\/www.accuratereviews.com\/it\/#website","url":"https:\/\/www.accuratereviews.com\/it\/","name":"Accurate Reviews","description":"","potentialAction":[{"@type":"SearchAction","target":{"@type":"EntryPoint","urlTemplate":"https:\/\/www.accuratereviews.com\/it\/?s={search_term_string}"},"query-input":{"@type":"PropertyValueSpecification","valueRequired":true,"valueName":"search_term_string"}}],"inLanguage":"it-IT"}]}},"_links":{"self":[{"href":"https:\/\/www.accuratereviews.com\/it\/wp-json\/wp\/v2\/pages\/81313","targetHints":{"allow":["GET"]}}],"collection":[{"href":"https:\/\/www.accuratereviews.com\/it\/wp-json\/wp\/v2\/pages"}],"about":[{"href":"https:\/\/www.accuratereviews.com\/it\/wp-json\/wp\/v2\/types\/page"}],"author":[{"embeddable":true,"href":"https:\/\/www.accuratereviews.com\/it\/wp-json\/wp\/v2\/users\/19"}],"replies":[{"embeddable":true,"href":"https:\/\/www.accuratereviews.com\/it\/wp-json\/wp\/v2\/comments?post=81313"}],"version-history":[{"count":14,"href":"https:\/\/www.accuratereviews.com\/it\/wp-json\/wp\/v2\/pages\/81313\/revisions"}],"predecessor-version":[{"id":81352,"href":"https:\/\/www.accuratereviews.com\/it\/wp-json\/wp\/v2\/pages\/81313\/revisions\/81352"}],"up":[{"embeddable":true,"href":"https:\/\/www.accuratereviews.com\/it\/wp-json\/wp\/v2\/pages\/79864"}],"wp:featuredmedia":[{"embeddable":true,"href":"https:\/\/www.accuratereviews.com\/it\/wp-json\/wp\/v2\/media\/81316"}],"wp:attachment":[{"href":"https:\/\/www.accuratereviews.com\/it\/wp-json\/wp\/v2\/media?parent=81313"}],"wp:term":[{"taxonomy":"category","embeddable":true,"href":"https:\/\/www.accuratereviews.com\/it\/wp-json\/wp\/v2\/categories?post=81313"},{"taxonomy":"post_tag","embeddable":true,"href":"https:\/\/www.accuratereviews.com\/it\/wp-json\/wp\/v2\/tags?post=81313"},{"taxonomy":"features","embeddable":true,"href":"https:\/\/www.accuratereviews.com\/it\/wp-json\/wp\/v2\/features?post=81313"}],"curies":[{"name":"wp","href":"https:\/\/api.w.org\/{rel}","templated":true}]}}