{"id":8133,"date":"2017-02-24T17:07:21","date_gmt":"2017-02-24T17:07:21","guid":{"rendered":"http:\/\/www.accuratereviews.com\/video-editing-lista-software\/adobe-premiere\/"},"modified":"2017-03-12T16:13:27","modified_gmt":"2017-03-12T16:13:27","slug":"adobe-premiere","status":"publish","type":"page","link":"https:\/\/www.accuratereviews.com\/it\/video-editing-lista-software\/adobe-premiere\/","title":{"rendered":"Adobe Premiere"},"content":{"rendered":"<p><img loading=\"lazy\" decoding=\"async\" class=\"alignnone size-full wp-image-8124\" src=\"http:\/\/www.accuratereviews.com\/wp-content\/uploads\/2017\/02\/adobe1.png\" alt=\"adobe premiere\" width=\"1000\" height=\"563\" srcset=\"https:\/\/www.accuratereviews.com\/wp-content\/uploads\/2017\/02\/adobe1.png 1000w, https:\/\/www.accuratereviews.com\/wp-content\/uploads\/2017\/02\/adobe1-300x169.png 300w, https:\/\/www.accuratereviews.com\/wp-content\/uploads\/2017\/02\/adobe1-768x432.png 768w, https:\/\/www.accuratereviews.com\/wp-content\/uploads\/2017\/02\/adobe1-222x125.png 222w, https:\/\/www.accuratereviews.com\/wp-content\/uploads\/2017\/02\/adobe1-50x28.png 50w, https:\/\/www.accuratereviews.com\/wp-content\/uploads\/2017\/02\/adobe1-968x545.png 968w, https:\/\/www.accuratereviews.com\/wp-content\/uploads\/2017\/02\/adobe1-636x358.png 636w, https:\/\/www.accuratereviews.com\/wp-content\/uploads\/2017\/02\/adobe1-482x271.png 482w, https:\/\/www.accuratereviews.com\/wp-content\/uploads\/2017\/02\/adobe1-320x180.png 320w, https:\/\/www.accuratereviews.com\/wp-content\/uploads\/2017\/02\/adobe1-239x135.png 239w\" sizes=\"auto, (max-width: 1000px) 100vw, 1000px\" \/><\/p>\n<p><strong>Per i filmaker amatoriali Adobe Premiere potrebbe essere il programma migliore da usare per il video editing<\/strong>. Il nome della software house \u00e8 piuttosto conosciuto, e rispetto a quello che si trova sui telefoni o sui tablet, <strong>Adobe Premiere \u00e8 ricco di funzioni<\/strong> e opzioni che ti fanno sentire direttamente in sala montaggio.<\/p>\n<p>In effetti, la forza di Adobe Premiere non \u00e8 nella vastit\u00e0 delle funzioni, n\u00e9 nel suo grado di specificit\u00e0 e professionalismo. <strong>La forza del software \u00e8 nella sua capacit\u00e0 di far raggiungere un livello di montaggio professionale<\/strong> (e i risultati di tale livello) sia ai montatori che lavorano ai video promozionali dei clienti che alle persone normali che vogliono solo togliere le parti pi\u00f9 sciatte dai video delle loro vacanze. Pertanto ancor prima che abbiate scaricato e installato il software, Adobe manda i nuovi utenti a una pagina in cui spiega il funzionamento del software, piena di video tutorial che mostrano le principali funzioni di Premiere. <strong>Il veloce video introduttivo sulle 5 cose fondamentali dell\u2019editing permette anche al pi\u00f9 inesperto dei montatori di importare, tagliare e caricare<\/strong>, prima di immergersi nel mondo del render, formati a bassa e alta risoluzione, usare proxy e gli strumenti colore Lumetri di Adobe, che trasformano qualsiasi dispositivo mobile in un cameraman completo di luci\u2026 persino se riprendono direttamente il sole.<\/p>\n<p><img loading=\"lazy\" decoding=\"async\" class=\"alignnone size-full wp-image-8125\" src=\"http:\/\/www.accuratereviews.com\/wp-content\/uploads\/2017\/02\/adobe2.png\" alt=\"adobe premiere\" width=\"1000\" height=\"607\" srcset=\"https:\/\/www.accuratereviews.com\/wp-content\/uploads\/2017\/02\/adobe2.png 1000w, https:\/\/www.accuratereviews.com\/wp-content\/uploads\/2017\/02\/adobe2-300x182.png 300w, https:\/\/www.accuratereviews.com\/wp-content\/uploads\/2017\/02\/adobe2-768x466.png 768w, https:\/\/www.accuratereviews.com\/wp-content\/uploads\/2017\/02\/adobe2-206x125.png 206w, https:\/\/www.accuratereviews.com\/wp-content\/uploads\/2017\/02\/adobe2-50x30.png 50w, https:\/\/www.accuratereviews.com\/wp-content\/uploads\/2017\/02\/adobe2-968x588.png 968w, https:\/\/www.accuratereviews.com\/wp-content\/uploads\/2017\/02\/adobe2-636x386.png 636w, https:\/\/www.accuratereviews.com\/wp-content\/uploads\/2017\/02\/adobe2-320x194.png 320w, https:\/\/www.accuratereviews.com\/wp-content\/uploads\/2017\/02\/adobe2-239x145.png 239w\" sizes=\"auto, (max-width: 1000px) 100vw, 1000px\" \/><\/p>\n<p>L\u2019iultima versione di questo software decennale introduce alcune piccole ma notevoli migliorie: per esempio un frame-rate pi\u00f9 alto durante la riproduzione dei video, e <strong>l\u2019upload diretto su un portfolio Behance<\/strong> (i creativi professionisti apprezzeranno molto). Ma include anche la \u201cauto-aware VR\u201d: <strong>il programma riconosce quando un video VR \u00e8 \u201cmonoscopico, stereoscopico destra\/sinistra o stereoscopico sopra\/sotto\u201d, e applica autonomamente i giusti parametri<\/strong>. Pu\u00f2 sembrare una <em>feature<\/em> non essenziale, ma \u00e8 sicuramente quella che incuriosisce di pi\u00f9, soprattutto per le pesanti richieste hardware. Un nuovo approccio che permette ai nuovi montatori di montare il loro primo film.<\/p>\n<p>Altre migliorie quest\u2019anno riguardano un nuovo flusso di lavoro per i proxy. Gli utenti possono \u201csmanettare\u201d con video a bassa risoluzione anzich\u00e9 essere rallentati da giganteschi file 4K. Un interruttore permette di riportare la risoluzione al massimo grado prima dell\u2019esporto.<br \/>\nNonostante il numero spropositato di funzionalit\u00e0 (e le tentazioni della realt\u00e0 virtuale) <strong>molti utenti consumer probabilmente rimarranno a quelle due o tre mosse base, e saranno conten<\/strong><b>ti<\/b>. Ci sono opzioni per correggere automaticamente la lumiosit\u00e0 e il colore, e lo scatto di quando si avvicinano due clip risulta incredibilmente soddisfacente. La stabilizzazione delle immagini potrebbe essere un carico eccessivo per delle clip molto lunghe, e non salver\u00e0 affatto da quel movimento eccessivo che avete fatto inciampando, ma contribuir\u00e0 a migliorare il video e ammorbidir\u00e0 quell\u2019effetto \u201cbarca nella tempesta\u201d.<br \/>\n<strong>Alcuni utenti hanno notato dei ritardi nei tempi di rendering<\/strong>, ma potrebbe dipendere dal fatto che stanno usando uno strumento pensato per il mercato professionale su computer poco performanti.<\/p>\n","protected":false},"excerpt":{"rendered":"<p>Per i filmaker amatoriali Adobe Premiere potrebbe essere il programma migliore da usare per il video editing. Il nome della software house \u00e8 piuttosto conosciuto, e rispetto a quello che si trova sui telefoni o sui tablet, Adobe Premiere \u00e8 ricco di funzioni e opzioni che ti fanno sentire direttamente in sala montaggio.<\/p>\n","protected":false},"author":16,"featured_media":0,"parent":7571,"menu_order":0,"comment_status":"closed","ping_status":"closed","template":"g1_template_page_review_new.php","meta":{"_acf_changed":false,"cwp_meta_box_check":"No","cwp_rev_product_name":"","cwp_rev_product_image":"","wppr_links":[],"cwp_rev_price":"","wppr_options":[],"wppr_pros":[],"wppr_cons":[],"_monsterinsights_skip_tracking":false,"_monsterinsights_sitenote_active":false,"_monsterinsights_sitenote_note":"","_monsterinsights_sitenote_category":0,"footnotes":""},"categories":[169],"tags":[],"features":[],"class_list":{"0":"post-8133","1":"page","2":"type-page","3":"status-publish","5":"category-video-editing-software-it"},"wppr_data":{"cwp_meta_box_check":"No"},"acf":[],"yoast_head":"<!-- This site is optimized with the Yoast SEO plugin v27.4 - https:\/\/yoast.com\/product\/yoast-seo-wordpress\/ -->\n<title>Adobe Premiere recensione del miglior software per il video editing | Accurate Reviews<\/title>\n<meta name=\"description\" content=\"Between Final Cut and Avid, there&#039;s a third app that you can use to edit your professional videos: Adobe Premiere (even by accessing to the Creative Cloud).\" \/>\n<meta name=\"robots\" content=\"index, follow, max-snippet:-1, max-image-preview:large, max-video-preview:-1\" \/>\n<link rel=\"canonical\" href=\"https:\/\/www.accuratereviews.com\/it\/video-editing-lista-software\/adobe-premiere\/\" \/>\n<meta property=\"og:locale\" content=\"it_IT\" \/>\n<meta property=\"og:type\" content=\"article\" \/>\n<meta property=\"og:title\" content=\"Adobe Premiere recensione del miglior software per il video editing | Accurate Reviews\" \/>\n<meta property=\"og:description\" content=\"Between Final Cut and Avid, there&#039;s a third app that you can use to edit your professional videos: Adobe Premiere (even by accessing to the Creative Cloud).\" \/>\n<meta property=\"og:url\" content=\"https:\/\/www.accuratereviews.com\/it\/video-editing-lista-software\/adobe-premiere\/\" \/>\n<meta property=\"og:site_name\" content=\"Accurate Reviews\" \/>\n<meta property=\"article:modified_time\" content=\"2017-03-12T16:13:27+00:00\" \/>\n<meta property=\"og:image\" content=\"http:\/\/www.accuratereviews.com\/wp-content\/uploads\/2017\/02\/adobe1.png\" \/>\n<meta name=\"twitter:card\" content=\"summary_large_image\" \/>\n<meta name=\"twitter:label1\" content=\"Tempo di lettura stimato\" \/>\n\t<meta name=\"twitter:data1\" content=\"2 minuti\" \/>\n<script type=\"application\/ld+json\" class=\"yoast-schema-graph\">{\"@context\":\"https:\\\/\\\/schema.org\",\"@graph\":[{\"@type\":\"WebPage\",\"@id\":\"https:\\\/\\\/www.accuratereviews.com\\\/it\\\/video-editing-lista-software\\\/adobe-premiere\\\/\",\"url\":\"https:\\\/\\\/www.accuratereviews.com\\\/it\\\/video-editing-lista-software\\\/adobe-premiere\\\/\",\"name\":\"Adobe Premiere recensione del miglior software per il video editing | Accurate Reviews\",\"isPartOf\":{\"@id\":\"https:\\\/\\\/www.accuratereviews.com\\\/it\\\/#website\"},\"primaryImageOfPage\":{\"@id\":\"https:\\\/\\\/www.accuratereviews.com\\\/it\\\/video-editing-lista-software\\\/adobe-premiere\\\/#primaryimage\"},\"image\":{\"@id\":\"https:\\\/\\\/www.accuratereviews.com\\\/it\\\/video-editing-lista-software\\\/adobe-premiere\\\/#primaryimage\"},\"thumbnailUrl\":\"http:\\\/\\\/www.accuratereviews.com\\\/wp-content\\\/uploads\\\/2017\\\/02\\\/adobe1.png\",\"datePublished\":\"2017-02-24T17:07:21+00:00\",\"dateModified\":\"2017-03-12T16:13:27+00:00\",\"description\":\"Between Final Cut and Avid, there's a third app that you can use to edit your professional videos: Adobe Premiere (even by accessing to the Creative Cloud).\",\"breadcrumb\":{\"@id\":\"https:\\\/\\\/www.accuratereviews.com\\\/it\\\/video-editing-lista-software\\\/adobe-premiere\\\/#breadcrumb\"},\"inLanguage\":\"it-IT\",\"potentialAction\":[{\"@type\":\"ReadAction\",\"target\":[\"https:\\\/\\\/www.accuratereviews.com\\\/it\\\/video-editing-lista-software\\\/adobe-premiere\\\/\"]}]},{\"@type\":\"ImageObject\",\"inLanguage\":\"it-IT\",\"@id\":\"https:\\\/\\\/www.accuratereviews.com\\\/it\\\/video-editing-lista-software\\\/adobe-premiere\\\/#primaryimage\",\"url\":\"http:\\\/\\\/www.accuratereviews.com\\\/wp-content\\\/uploads\\\/2017\\\/02\\\/adobe1.png\",\"contentUrl\":\"http:\\\/\\\/www.accuratereviews.com\\\/wp-content\\\/uploads\\\/2017\\\/02\\\/adobe1.png\"},{\"@type\":\"BreadcrumbList\",\"@id\":\"https:\\\/\\\/www.accuratereviews.com\\\/it\\\/video-editing-lista-software\\\/adobe-premiere\\\/#breadcrumb\",\"itemListElement\":[{\"@type\":\"ListItem\",\"position\":1,\"name\":\"Home\",\"item\":\"https:\\\/\\\/www.accuratereviews.com\\\/it\\\/\"},{\"@type\":\"ListItem\",\"position\":2,\"name\":\"Software per il video editing\",\"item\":\"https:\\\/\\\/www.accuratereviews.com\\\/it\\\/video-editing-lista-software\\\/\"},{\"@type\":\"ListItem\",\"position\":3,\"name\":\"Adobe Premiere\"}]},{\"@type\":\"WebSite\",\"@id\":\"https:\\\/\\\/www.accuratereviews.com\\\/it\\\/#website\",\"url\":\"https:\\\/\\\/www.accuratereviews.com\\\/it\\\/\",\"name\":\"Accurate Reviews\",\"description\":\"\",\"potentialAction\":[{\"@type\":\"SearchAction\",\"target\":{\"@type\":\"EntryPoint\",\"urlTemplate\":\"https:\\\/\\\/www.accuratereviews.com\\\/it\\\/?s={search_term_string}\"},\"query-input\":{\"@type\":\"PropertyValueSpecification\",\"valueRequired\":true,\"valueName\":\"search_term_string\"}}],\"inLanguage\":\"it-IT\"}]}<\/script>\n<!-- \/ Yoast SEO plugin. -->","yoast_head_json":{"title":"Adobe Premiere recensione del miglior software per il video editing | Accurate Reviews","description":"Between Final Cut and Avid, there's a third app that you can use to edit your professional videos: Adobe Premiere (even by accessing to the Creative Cloud).","robots":{"index":"index","follow":"follow","max-snippet":"max-snippet:-1","max-image-preview":"max-image-preview:large","max-video-preview":"max-video-preview:-1"},"canonical":"https:\/\/www.accuratereviews.com\/it\/video-editing-lista-software\/adobe-premiere\/","og_locale":"it_IT","og_type":"article","og_title":"Adobe Premiere recensione del miglior software per il video editing | Accurate Reviews","og_description":"Between Final Cut and Avid, there's a third app that you can use to edit your professional videos: Adobe Premiere (even by accessing to the Creative Cloud).","og_url":"https:\/\/www.accuratereviews.com\/it\/video-editing-lista-software\/adobe-premiere\/","og_site_name":"Accurate Reviews","article_modified_time":"2017-03-12T16:13:27+00:00","og_image":[{"url":"http:\/\/www.accuratereviews.com\/wp-content\/uploads\/2017\/02\/adobe1.png","type":"","width":"","height":""}],"twitter_card":"summary_large_image","twitter_misc":{"Tempo di lettura stimato":"2 minuti"},"schema":{"@context":"https:\/\/schema.org","@graph":[{"@type":"WebPage","@id":"https:\/\/www.accuratereviews.com\/it\/video-editing-lista-software\/adobe-premiere\/","url":"https:\/\/www.accuratereviews.com\/it\/video-editing-lista-software\/adobe-premiere\/","name":"Adobe Premiere recensione del miglior software per il video editing | Accurate Reviews","isPartOf":{"@id":"https:\/\/www.accuratereviews.com\/it\/#website"},"primaryImageOfPage":{"@id":"https:\/\/www.accuratereviews.com\/it\/video-editing-lista-software\/adobe-premiere\/#primaryimage"},"image":{"@id":"https:\/\/www.accuratereviews.com\/it\/video-editing-lista-software\/adobe-premiere\/#primaryimage"},"thumbnailUrl":"http:\/\/www.accuratereviews.com\/wp-content\/uploads\/2017\/02\/adobe1.png","datePublished":"2017-02-24T17:07:21+00:00","dateModified":"2017-03-12T16:13:27+00:00","description":"Between Final Cut and Avid, there's a third app that you can use to edit your professional videos: Adobe Premiere (even by accessing to the Creative Cloud).","breadcrumb":{"@id":"https:\/\/www.accuratereviews.com\/it\/video-editing-lista-software\/adobe-premiere\/#breadcrumb"},"inLanguage":"it-IT","potentialAction":[{"@type":"ReadAction","target":["https:\/\/www.accuratereviews.com\/it\/video-editing-lista-software\/adobe-premiere\/"]}]},{"@type":"ImageObject","inLanguage":"it-IT","@id":"https:\/\/www.accuratereviews.com\/it\/video-editing-lista-software\/adobe-premiere\/#primaryimage","url":"http:\/\/www.accuratereviews.com\/wp-content\/uploads\/2017\/02\/adobe1.png","contentUrl":"http:\/\/www.accuratereviews.com\/wp-content\/uploads\/2017\/02\/adobe1.png"},{"@type":"BreadcrumbList","@id":"https:\/\/www.accuratereviews.com\/it\/video-editing-lista-software\/adobe-premiere\/#breadcrumb","itemListElement":[{"@type":"ListItem","position":1,"name":"Home","item":"https:\/\/www.accuratereviews.com\/it\/"},{"@type":"ListItem","position":2,"name":"Software per il video editing","item":"https:\/\/www.accuratereviews.com\/it\/video-editing-lista-software\/"},{"@type":"ListItem","position":3,"name":"Adobe Premiere"}]},{"@type":"WebSite","@id":"https:\/\/www.accuratereviews.com\/it\/#website","url":"https:\/\/www.accuratereviews.com\/it\/","name":"Accurate Reviews","description":"","potentialAction":[{"@type":"SearchAction","target":{"@type":"EntryPoint","urlTemplate":"https:\/\/www.accuratereviews.com\/it\/?s={search_term_string}"},"query-input":{"@type":"PropertyValueSpecification","valueRequired":true,"valueName":"search_term_string"}}],"inLanguage":"it-IT"}]}},"_links":{"self":[{"href":"https:\/\/www.accuratereviews.com\/it\/wp-json\/wp\/v2\/pages\/8133","targetHints":{"allow":["GET"]}}],"collection":[{"href":"https:\/\/www.accuratereviews.com\/it\/wp-json\/wp\/v2\/pages"}],"about":[{"href":"https:\/\/www.accuratereviews.com\/it\/wp-json\/wp\/v2\/types\/page"}],"author":[{"embeddable":true,"href":"https:\/\/www.accuratereviews.com\/it\/wp-json\/wp\/v2\/users\/16"}],"replies":[{"embeddable":true,"href":"https:\/\/www.accuratereviews.com\/it\/wp-json\/wp\/v2\/comments?post=8133"}],"version-history":[{"count":4,"href":"https:\/\/www.accuratereviews.com\/it\/wp-json\/wp\/v2\/pages\/8133\/revisions"}],"predecessor-version":[{"id":8417,"href":"https:\/\/www.accuratereviews.com\/it\/wp-json\/wp\/v2\/pages\/8133\/revisions\/8417"}],"up":[{"embeddable":true,"href":"https:\/\/www.accuratereviews.com\/it\/wp-json\/wp\/v2\/pages\/7571"}],"wp:attachment":[{"href":"https:\/\/www.accuratereviews.com\/it\/wp-json\/wp\/v2\/media?parent=8133"}],"wp:term":[{"taxonomy":"category","embeddable":true,"href":"https:\/\/www.accuratereviews.com\/it\/wp-json\/wp\/v2\/categories?post=8133"},{"taxonomy":"post_tag","embeddable":true,"href":"https:\/\/www.accuratereviews.com\/it\/wp-json\/wp\/v2\/tags?post=8133"},{"taxonomy":"features","embeddable":true,"href":"https:\/\/www.accuratereviews.com\/it\/wp-json\/wp\/v2\/features?post=8133"}],"curies":[{"name":"wp","href":"https:\/\/api.w.org\/{rel}","templated":true}]}}