{"id":81339,"date":"2024-12-18T14:33:37","date_gmt":"2024-12-18T14:33:37","guid":{"rendered":"https:\/\/www.accuratereviews.com\/?page_id=81339"},"modified":"2024-12-18T14:33:37","modified_gmt":"2024-12-18T14:33:37","slug":"daxtra-recensione","status":"publish","type":"page","link":"https:\/\/www.accuratereviews.com\/it\/software-intelligenza-artificiale\/daxtra-recensione\/","title":{"rendered":"Daxtra"},"content":{"rendered":"<p><strong>Daxtra<\/strong> \u00e8 una <strong>suite di gestione dei candidati e reclutamento<\/strong> automatizzato, basata su <strong>cloud<\/strong>, che offre una gamma di soluzioni tecnologiche di reclutamento integrate per ricerca e abbinamento, acquisizione dati candidati, analisi curriculum e lavoro, ricerca database, riferimenti incrociati dati e altro ancora. La suite integrata di moduli \u00e8 progettata per aiutare i reclutatori e i team delle risorse umane a trovare i candidati migliori e aumentare i loro flussi di lavoro di reclutamento tramite acquisizione dati automatica e analisi curriculum multilingue e analisi lavoro.<br \/>\n<strong>Daxtra<\/strong> si integra con una vasta gamma di piattaforme CRM e ATS per flussi di lavoro senza interruzioni.<\/p>\n<h2>DAXTRA &#8211; TUTORIAL<\/h2>\n<div id=\"fluid-wrapper-counter-1\" class=\"g1-fluid-wrapper \" style=\"width:686px;\">\n<div style=\"padding-bottom:56.268221574344%;\"><iframe loading=\"lazy\" title=\"Anonymise, brand and style CVs with DaXtra Styler\" width=\"686\" height=\"386\" src=\"https:\/\/www.youtube.com\/embed\/3d0FPLCElBc?feature=oembed&amp;wmode=transparent&amp;autohide=1&amp;autoplay=0&amp;disablekb=0&amp;fs=1&amp;loop=0&amp;enablejsapi=1&amp;rel=0&amp;controls=2&amp;showinfo=0&amp;wmode=transparent&amp;autohide=2&amp;autoplay=0&amp;disablekb=0&amp;fs=1&amp;loop=0&amp;enablejsapi=1&amp;rel=0&amp;controls=2&amp;showinfo=1\" frameborder=\"0\" allow=\"accelerometer; autoplay; clipboard-write; encrypted-media; gyroscope; picture-in-picture; web-share\" referrerpolicy=\"strict-origin-when-cross-origin\" allowfullscreen><\/iframe><\/div>\n<\/div>\n<h3>DAXTRA &#8211; CARATTERISTICHE<\/h3>\n<ul>\n<li><strong>Sblocca il valore nel tuo database<\/strong>: trova candidati pertinenti indipendentemente dalla quantit\u00e0 di dati sui candidati che hai acquisito nel tuo CRM o ATS.<\/li>\n<li><strong>Visualizza prima i candidati migliori<\/strong>: visualizza i candidati pi\u00f9 pertinenti in cima ai risultati di ricerca, in base al contesto delle loro competenze ed esperienze tramite un punteggio intelligente.<\/li>\n<li><strong>Risparmia tempo con l&#8217;automazione<\/strong>: automatizza la ricerca, la corrispondenza, la classificazione e la selezione per trovare i candidati migliori in modo efficiente.<\/li>\n<li><strong>Tieni traccia delle tue attivit\u00e0 di reperimento risorse<\/strong>: scopri quali fonti di candidati sono le pi\u00f9 produttive e calcola facilmente il tuo ritorno sulla spesa online per CV\/curriculum.<\/li>\n<li><strong>Crea valore nel tuo database<\/strong>: popola automaticamente il tuo database con dati accurati sui candidati, eliminando gli errori manuali.<\/li>\n<li><strong>Risparmia tempo sull&#8217;amministrazione<\/strong>: automatizza le attivit\u00e0 amministrative come il caricamento di CV\/curriculum e l&#8217;elaborazione dei dati sui candidati.<\/li>\n<li><strong>Alimenta il tuo stack tecnologico di reclutamento<\/strong>: alimenta i tuoi strumenti di automazione del reclutamento con dati sui candidati validi e aggiornati.<\/li>\n<li><strong>Aumenta la produttivit\u00e0<\/strong>: carica automaticamente dati puliti che si traducono in pi\u00f9 posizionamenti e maggiori entrate per la tua attivit\u00e0.<\/li>\n<li><strong>Coinvolgimento semplificato<\/strong>: consenti al tuo team di raggiungere i candidati in pochi secondi, migliorando il coinvolgimento sia per i candidati che per i responsabili delle assunzioni<\/li>\n<li><strong>Comunicazione flessibile:<\/strong> automatizza i flussi di lavoro di messaggistica personalizzati e abilita la comunicazione interpersonale in tempo reale<\/li>\n<li><strong>Chiamate comode<\/strong>: effettua chiamate vocali nel modo pi\u00f9 adatto a te, tramite telefono o browser<\/li>\n<li><strong>Analisi potenti:<\/strong> monitora il tuo funnel e trova rapidamente i talenti con una comoda dashboard e analisi personalizzate<\/li>\n<li><strong>Sfrutta al meglio i dati del profilo online<\/strong>: collega le informazioni sui candidati da bacheche di lavoro, social network o pagine web al tuo ATS o CRM.<\/li>\n<li><strong>Aggiorna i record dei candidati in modo efficiente<\/strong>: registra tutte le interazioni chiave con clienti e candidati senza uscire dall&#8217;applicazione in cui stai gi\u00e0 lavorando.<\/li>\n<li><strong>Seleziona i candidati in modo efficace<\/strong>: genera una selezione di candidati altamente pertinenti collegando i candidati ai lavori.<\/li>\n<li><strong>Mantieni aggiornato il tuo pool di talenti:<\/strong> aggiungi nuovi record dei candidati e aggiorna quelli esistenti dall&#8217;applicazione in cui stai attualmente lavorando.<\/li>\n<li><strong>Elimina i processi manuali:<\/strong> estrai e converti le informazioni sui candidati e sui lavori in dati strutturati avanzati.<\/li>\n<li><strong>Parsing multilingue<\/strong>: analizza CV\/curriculum e lavori in oltre 40 lingue, pi\u00f9 di qualsiasi altro software di analisi.<\/li>\n<\/ul>\n<h4>LE RECENSIONI DEGLI UTENTI<\/h4>\n<p><strong>Patrick &#8220;Ottimo prodotto supportato da un team formidabile&#8221;<\/strong><br \/>\n<strong>Commenti<\/strong>: Ottima esperienza.<br \/>\n<strong>Pro<\/strong>: Mantiene ci\u00f2 che promette&#8230; Il parser ha ridotto notevolmente la quantit\u00e0 di duplicati nel nostro sistema e ha mantenuto i record con dati errati. La ricerca ha aumentato del 500% il numero di curriculum aggiunti al nostro sistema e il consolidamento dell&#8217;interfaccia di ricerca ha aumentato la produttivit\u00e0. Il loro apprendimento automatico ha anche ridotto il tempo di avvio necessario ai nuovi reclutatori per acquisire dimestichezza con il sourcing tecnico.<br \/>\n<strong>Contro<\/strong>: Questo prodotto \u00e8 molto&#8230; devi davvero gettare le basi con i tuoi team internamente per ottimizzarne l&#8217;uso. Non puoi reclutare da Daxtra, \u00e8 meglio usarlo per il sourcing, la creazione di elenchi e quindi sfruttare il tuo CRM per raggiungere effettivamente quei potenziali abbinamenti.<\/p>\n<p><strong>Shannon &#8220;Si integra bene con Bullhorn&#8221;<\/strong><br \/>\n<strong>Pro<\/strong>: Mi piace che questo prodotto si integri con il nostro database Bullhorn. Semplifica l&#8217;analisi dei curriculum nel nostro sistema e pu\u00f2 scansionare il nostro sistema per trovare duplicati prima di caricarli.<br \/>\n<strong>Contro<\/strong>: Dice\/Monster hanno entrambi delle funzionalit\u00e0 di ricerca non disponibili con Daxtra. Ad esempio, la ricerca su autorizzazioni di lavoro specifiche, ecc.<\/p>\n<p><strong>Patrick &#8220;Ottima ricerca integrata per gli utenti di Bullhorn&#8221;<\/strong><br \/>\n<strong>Commenti<\/strong>: nel complesso molto positivo &#8211; buon prodotto.<br \/>\n<strong>Pro<\/strong>: Integrato in Bullhorn e la possibilit\u00e0 di cercare pi\u00f9 bacheche con una stringa di ricerca. Anche la funzione watchdog (ricerca salvata) \u00e8 fantastica per trovare il candidato recente\/nuovo.<br \/>\n<strong>Contro<\/strong>: L&#8217;email di controllo per le ricerche salvate dovrebbe contenere collegamenti ipertestuali ai potenziali candidati.<\/p>\n","protected":false},"excerpt":{"rendered":"<p>Daxtra \u00e8 una suite di gestione dei candidati e reclutamento automatizzato, basata su cloud, che offre una gamma di soluzioni tecnologiche di reclutamento integrate per ricerca e abbinamento, acquisizione dati candidati, analisi curriculum e lavoro, ricerca database, riferimenti incrociati dati e altro ancora.<\/p>\n","protected":false},"author":19,"featured_media":81340,"parent":79864,"menu_order":0,"comment_status":"open","ping_status":"closed","template":"g1_template_page_review_new.php","meta":{"_acf_changed":false,"cwp_meta_box_check":"No","cwp_rev_product_name":"","cwp_rev_product_image":"","wppr_links":[],"cwp_rev_price":"","wppr_options":[],"wppr_pros":[],"wppr_cons":[],"_monsterinsights_skip_tracking":false,"_monsterinsights_sitenote_active":false,"_monsterinsights_sitenote_note":"","_monsterinsights_sitenote_category":0,"footnotes":""},"categories":[15435],"tags":[997,15656,998,15441,15440,15479,15480],"features":[],"class_list":{"0":"post-81339","1":"page","2":"type-page","3":"status-publish","4":"has-post-thumbnail","6":"category-software-intelligenza-artificiale-cat","7":"tag-ai","8":"tag-daxtra","9":"tag-intelligenza-artificiale","10":"tag-piattaforma-intelligenza-artificiale","11":"tag-programma-intelligenza-artificiale","12":"tag-software-intelligenza-artificiale","13":"tag-soluzione-intelligenza-artificiale"},"wppr_data":{"cwp_meta_box_check":"No"},"acf":[],"yoast_head":"<!-- This site is optimized with the Yoast SEO plugin v27.4 - https:\/\/yoast.com\/product\/yoast-seo-wordpress\/ -->\n<title>Daxtra: recensione software intelligenza artificiale - Accurate Reviews<\/title>\n<meta name=\"description\" content=\"Daxtra: recensione suite di gestione dei candidati e reclutamento automatizzato, basata su cloud e sull&#039;intelligenza artificiale.\" \/>\n<meta name=\"robots\" content=\"index, follow, max-snippet:-1, max-image-preview:large, max-video-preview:-1\" \/>\n<link rel=\"canonical\" href=\"https:\/\/www.accuratereviews.com\/it\/software-intelligenza-artificiale\/daxtra-recensione\/\" \/>\n<meta property=\"og:locale\" content=\"it_IT\" \/>\n<meta property=\"og:type\" content=\"article\" \/>\n<meta property=\"og:title\" content=\"Daxtra: recensione software intelligenza artificiale - Accurate Reviews\" \/>\n<meta property=\"og:description\" content=\"Daxtra: recensione suite di gestione dei candidati e reclutamento automatizzato, basata su cloud e sull&#039;intelligenza artificiale.\" \/>\n<meta property=\"og:url\" content=\"https:\/\/www.accuratereviews.com\/it\/software-intelligenza-artificiale\/daxtra-recensione\/\" \/>\n<meta property=\"og:site_name\" content=\"Accurate Reviews\" \/>\n<meta property=\"og:image\" content=\"https:\/\/www.accuratereviews.com\/wp-content\/uploads\/2024\/12\/Daxtra.jpg\" \/>\n\t<meta property=\"og:image:width\" content=\"400\" \/>\n\t<meta property=\"og:image:height\" content=\"400\" \/>\n\t<meta property=\"og:image:type\" content=\"image\/jpeg\" \/>\n<meta name=\"twitter:card\" content=\"summary_large_image\" \/>\n<meta name=\"twitter:label1\" content=\"Tempo di lettura stimato\" \/>\n\t<meta name=\"twitter:data1\" content=\"5 minuti\" \/>\n<script type=\"application\/ld+json\" class=\"yoast-schema-graph\">{\"@context\":\"https:\\\/\\\/schema.org\",\"@graph\":[{\"@type\":\"WebPage\",\"@id\":\"https:\\\/\\\/www.accuratereviews.com\\\/it\\\/software-intelligenza-artificiale\\\/daxtra-recensione\\\/\",\"url\":\"https:\\\/\\\/www.accuratereviews.com\\\/it\\\/software-intelligenza-artificiale\\\/daxtra-recensione\\\/\",\"name\":\"Daxtra: recensione software intelligenza artificiale - Accurate Reviews\",\"isPartOf\":{\"@id\":\"https:\\\/\\\/www.accuratereviews.com\\\/it\\\/#website\"},\"primaryImageOfPage\":{\"@id\":\"https:\\\/\\\/www.accuratereviews.com\\\/it\\\/software-intelligenza-artificiale\\\/daxtra-recensione\\\/#primaryimage\"},\"image\":{\"@id\":\"https:\\\/\\\/www.accuratereviews.com\\\/it\\\/software-intelligenza-artificiale\\\/daxtra-recensione\\\/#primaryimage\"},\"thumbnailUrl\":\"https:\\\/\\\/www.accuratereviews.com\\\/wp-content\\\/uploads\\\/2024\\\/12\\\/Daxtra.jpg\",\"datePublished\":\"2024-12-18T14:33:37+00:00\",\"description\":\"Daxtra: recensione suite di gestione dei candidati e reclutamento automatizzato, basata su cloud e sull'intelligenza artificiale.\",\"breadcrumb\":{\"@id\":\"https:\\\/\\\/www.accuratereviews.com\\\/it\\\/software-intelligenza-artificiale\\\/daxtra-recensione\\\/#breadcrumb\"},\"inLanguage\":\"it-IT\",\"potentialAction\":[{\"@type\":\"ReadAction\",\"target\":[\"https:\\\/\\\/www.accuratereviews.com\\\/it\\\/software-intelligenza-artificiale\\\/daxtra-recensione\\\/\"]}]},{\"@type\":\"ImageObject\",\"inLanguage\":\"it-IT\",\"@id\":\"https:\\\/\\\/www.accuratereviews.com\\\/it\\\/software-intelligenza-artificiale\\\/daxtra-recensione\\\/#primaryimage\",\"url\":\"https:\\\/\\\/www.accuratereviews.com\\\/wp-content\\\/uploads\\\/2024\\\/12\\\/Daxtra.jpg\",\"contentUrl\":\"https:\\\/\\\/www.accuratereviews.com\\\/wp-content\\\/uploads\\\/2024\\\/12\\\/Daxtra.jpg\",\"width\":400,\"height\":400},{\"@type\":\"BreadcrumbList\",\"@id\":\"https:\\\/\\\/www.accuratereviews.com\\\/it\\\/software-intelligenza-artificiale\\\/daxtra-recensione\\\/#breadcrumb\",\"itemListElement\":[{\"@type\":\"ListItem\",\"position\":1,\"name\":\"Home\",\"item\":\"https:\\\/\\\/www.accuratereviews.com\\\/it\\\/\"},{\"@type\":\"ListItem\",\"position\":2,\"name\":\"Software di intelligenza artificiale\",\"item\":\"https:\\\/\\\/www.accuratereviews.com\\\/it\\\/software-intelligenza-artificiale\\\/\"},{\"@type\":\"ListItem\",\"position\":3,\"name\":\"Daxtra\"}]},{\"@type\":\"WebSite\",\"@id\":\"https:\\\/\\\/www.accuratereviews.com\\\/it\\\/#website\",\"url\":\"https:\\\/\\\/www.accuratereviews.com\\\/it\\\/\",\"name\":\"Accurate Reviews\",\"description\":\"\",\"potentialAction\":[{\"@type\":\"SearchAction\",\"target\":{\"@type\":\"EntryPoint\",\"urlTemplate\":\"https:\\\/\\\/www.accuratereviews.com\\\/it\\\/?s={search_term_string}\"},\"query-input\":{\"@type\":\"PropertyValueSpecification\",\"valueRequired\":true,\"valueName\":\"search_term_string\"}}],\"inLanguage\":\"it-IT\"}]}<\/script>\n<!-- \/ Yoast SEO plugin. -->","yoast_head_json":{"title":"Daxtra: recensione software intelligenza artificiale - Accurate Reviews","description":"Daxtra: recensione suite di gestione dei candidati e reclutamento automatizzato, basata su cloud e sull'intelligenza artificiale.","robots":{"index":"index","follow":"follow","max-snippet":"max-snippet:-1","max-image-preview":"max-image-preview:large","max-video-preview":"max-video-preview:-1"},"canonical":"https:\/\/www.accuratereviews.com\/it\/software-intelligenza-artificiale\/daxtra-recensione\/","og_locale":"it_IT","og_type":"article","og_title":"Daxtra: recensione software intelligenza artificiale - Accurate Reviews","og_description":"Daxtra: recensione suite di gestione dei candidati e reclutamento automatizzato, basata su cloud e sull'intelligenza artificiale.","og_url":"https:\/\/www.accuratereviews.com\/it\/software-intelligenza-artificiale\/daxtra-recensione\/","og_site_name":"Accurate Reviews","og_image":[{"width":400,"height":400,"url":"https:\/\/www.accuratereviews.com\/wp-content\/uploads\/2024\/12\/Daxtra.jpg","type":"image\/jpeg"}],"twitter_card":"summary_large_image","twitter_misc":{"Tempo di lettura stimato":"5 minuti"},"schema":{"@context":"https:\/\/schema.org","@graph":[{"@type":"WebPage","@id":"https:\/\/www.accuratereviews.com\/it\/software-intelligenza-artificiale\/daxtra-recensione\/","url":"https:\/\/www.accuratereviews.com\/it\/software-intelligenza-artificiale\/daxtra-recensione\/","name":"Daxtra: recensione software intelligenza artificiale - Accurate Reviews","isPartOf":{"@id":"https:\/\/www.accuratereviews.com\/it\/#website"},"primaryImageOfPage":{"@id":"https:\/\/www.accuratereviews.com\/it\/software-intelligenza-artificiale\/daxtra-recensione\/#primaryimage"},"image":{"@id":"https:\/\/www.accuratereviews.com\/it\/software-intelligenza-artificiale\/daxtra-recensione\/#primaryimage"},"thumbnailUrl":"https:\/\/www.accuratereviews.com\/wp-content\/uploads\/2024\/12\/Daxtra.jpg","datePublished":"2024-12-18T14:33:37+00:00","description":"Daxtra: recensione suite di gestione dei candidati e reclutamento automatizzato, basata su cloud e sull'intelligenza artificiale.","breadcrumb":{"@id":"https:\/\/www.accuratereviews.com\/it\/software-intelligenza-artificiale\/daxtra-recensione\/#breadcrumb"},"inLanguage":"it-IT","potentialAction":[{"@type":"ReadAction","target":["https:\/\/www.accuratereviews.com\/it\/software-intelligenza-artificiale\/daxtra-recensione\/"]}]},{"@type":"ImageObject","inLanguage":"it-IT","@id":"https:\/\/www.accuratereviews.com\/it\/software-intelligenza-artificiale\/daxtra-recensione\/#primaryimage","url":"https:\/\/www.accuratereviews.com\/wp-content\/uploads\/2024\/12\/Daxtra.jpg","contentUrl":"https:\/\/www.accuratereviews.com\/wp-content\/uploads\/2024\/12\/Daxtra.jpg","width":400,"height":400},{"@type":"BreadcrumbList","@id":"https:\/\/www.accuratereviews.com\/it\/software-intelligenza-artificiale\/daxtra-recensione\/#breadcrumb","itemListElement":[{"@type":"ListItem","position":1,"name":"Home","item":"https:\/\/www.accuratereviews.com\/it\/"},{"@type":"ListItem","position":2,"name":"Software di intelligenza artificiale","item":"https:\/\/www.accuratereviews.com\/it\/software-intelligenza-artificiale\/"},{"@type":"ListItem","position":3,"name":"Daxtra"}]},{"@type":"WebSite","@id":"https:\/\/www.accuratereviews.com\/it\/#website","url":"https:\/\/www.accuratereviews.com\/it\/","name":"Accurate Reviews","description":"","potentialAction":[{"@type":"SearchAction","target":{"@type":"EntryPoint","urlTemplate":"https:\/\/www.accuratereviews.com\/it\/?s={search_term_string}"},"query-input":{"@type":"PropertyValueSpecification","valueRequired":true,"valueName":"search_term_string"}}],"inLanguage":"it-IT"}]}},"_links":{"self":[{"href":"https:\/\/www.accuratereviews.com\/it\/wp-json\/wp\/v2\/pages\/81339","targetHints":{"allow":["GET"]}}],"collection":[{"href":"https:\/\/www.accuratereviews.com\/it\/wp-json\/wp\/v2\/pages"}],"about":[{"href":"https:\/\/www.accuratereviews.com\/it\/wp-json\/wp\/v2\/types\/page"}],"author":[{"embeddable":true,"href":"https:\/\/www.accuratereviews.com\/it\/wp-json\/wp\/v2\/users\/19"}],"replies":[{"embeddable":true,"href":"https:\/\/www.accuratereviews.com\/it\/wp-json\/wp\/v2\/comments?post=81339"}],"version-history":[{"count":9,"href":"https:\/\/www.accuratereviews.com\/it\/wp-json\/wp\/v2\/pages\/81339\/revisions"}],"predecessor-version":[{"id":81356,"href":"https:\/\/www.accuratereviews.com\/it\/wp-json\/wp\/v2\/pages\/81339\/revisions\/81356"}],"up":[{"embeddable":true,"href":"https:\/\/www.accuratereviews.com\/it\/wp-json\/wp\/v2\/pages\/79864"}],"wp:featuredmedia":[{"embeddable":true,"href":"https:\/\/www.accuratereviews.com\/it\/wp-json\/wp\/v2\/media\/81340"}],"wp:attachment":[{"href":"https:\/\/www.accuratereviews.com\/it\/wp-json\/wp\/v2\/media?parent=81339"}],"wp:term":[{"taxonomy":"category","embeddable":true,"href":"https:\/\/www.accuratereviews.com\/it\/wp-json\/wp\/v2\/categories?post=81339"},{"taxonomy":"post_tag","embeddable":true,"href":"https:\/\/www.accuratereviews.com\/it\/wp-json\/wp\/v2\/tags?post=81339"},{"taxonomy":"features","embeddable":true,"href":"https:\/\/www.accuratereviews.com\/it\/wp-json\/wp\/v2\/features?post=81339"}],"curies":[{"name":"wp","href":"https:\/\/api.w.org\/{rel}","templated":true}]}}