{"id":81384,"date":"2024-12-19T16:09:26","date_gmt":"2024-12-19T16:09:26","guid":{"rendered":"https:\/\/www.accuratereviews.com\/?page_id=81384"},"modified":"2024-12-20T11:27:11","modified_gmt":"2024-12-20T11:27:11","slug":"botpress-recensione","status":"publish","type":"page","link":"https:\/\/www.accuratereviews.com\/it\/software-intelligenza-artificiale\/botpress-recensione\/","title":{"rendered":"Botpress"},"content":{"rendered":"<p><strong>Botpress<\/strong> \u00e8 una <strong>piattaforma di intelligenza artificiale (AI)<\/strong> conversazionale on-premise adatto per creare chatbot, utilizzando la tecnologia di comprensione del linguaggio naturale (NLU). I manager possono incorporare i chatbot nelle pagine web e utilizzare una dashboard centralizzata per ottenere informazioni sulle metriche di coinvolgimento. Lo studio di conversazione consente agli sviluppatori di creare conversazioni utilizzando un designer di flussi di lavoro incorporato e un&#8217;interfaccia drag-and-drop.<br \/>\n<strong>Botpress<\/strong> permette alle aziende di testare, eseguire il debug, iterare e comunicare con i chatbot e convalidare gli input degli utenti tramite variabili personalizzate. Aiuta inoltre i dipartimenti di gestione dei <strong>servizi IT (ITSM)<\/strong> a intercettare o risolvere le query prima di inoltrarle agli agenti e ad automatizzare le richieste specifiche dei clienti utilizzando i chatbot.\u00a0Altre funzionalit\u00e0 includono<strong> Single Sign-On (SSO)<\/strong>, autorizzazioni di accesso basate sui ruoli, analisi delle conversazioni e Security Assertion Markup Language (SAML).<\/p>\n<h2>BOTPRESS &#8211; TUTORIAL<\/h2>\n<div id=\"fluid-wrapper-counter-1\" class=\"g1-fluid-wrapper \" style=\"width:686px;\">\n<div style=\"padding-bottom:56.268221574344%;\"><iframe loading=\"lazy\" title=\"Welcome to Botpress | AI Chatbot Platform\" width=\"686\" height=\"386\" src=\"https:\/\/www.youtube.com\/embed\/pG01Y6Tlg6g?feature=oembed&amp;wmode=transparent&amp;autohide=1&amp;autoplay=0&amp;disablekb=0&amp;fs=1&amp;loop=0&amp;enablejsapi=1&amp;rel=0&amp;controls=2&amp;showinfo=0&amp;wmode=transparent&amp;autohide=2&amp;autoplay=0&amp;disablekb=0&amp;fs=1&amp;loop=0&amp;enablejsapi=1&amp;rel=0&amp;controls=2&amp;showinfo=1\" frameborder=\"0\" allow=\"accelerometer; autoplay; clipboard-write; encrypted-media; gyroscope; picture-in-picture; web-share\" referrerpolicy=\"strict-origin-when-cross-origin\" allowfullscreen><\/iframe><\/div>\n<\/div>\n<h3>BOTPRESS &#8211; CARATTERISTICHE<\/h3>\n<ul>\n<li><strong>Costruire<\/strong>: uno studio di progettazione visiva intuitiva consente di creare conversazioni intelligenti.<\/li>\n<li><strong>Test<\/strong>: utilizzate un emulatore integrato per testare le conversazioni prima procedere con i vostri agenti.<\/li>\n<li><strong>Gestire<\/strong>: una dashboard centrale per organizzare file, conoscenze e automazioni.<\/li>\n<li><strong>Integrare<\/strong>: un semplice processo di installazione e configurazione consente di collegarsi rapidamente a servizi di terze parti.<\/li>\n<li><strong>Processo decisionale intelligente<\/strong>: gli LLM eseguono azioni e dirigono conversazioni in modo autonomo.<\/li>\n<li><strong>Integrazione<\/strong>: collegarsi a servizi di terze parti e ai flussi di lavoro esistenti.<\/li>\n<li><strong>Costruire da un prompt<\/strong>: progettate esperienze conversazionali e di automazione con un unico prompt.<\/li>\n<li><strong>Combina LLM e la logica:<\/strong> mescolate conversazioni dirette a LLM con flussi di lavoro affidabili e strutturati.<\/li>\n<li><strong>Siti web<\/strong>: formate il vostro agente attraverso un sito web, un blog o una FAQ.<\/li>\n<li><strong>Documenti<\/strong>: caricare documenti in diversi formati di file come PDF, TXT e testo.<\/li>\n<li><strong>Tabelle<\/strong>: utilizzate le tabelle integrate o importate i vostri dati strutturati.<\/li>\n<li><strong>API<\/strong>: gestite dinamicamente i file e gli accessi del vostro agente utilizzando un&#8217;API.<\/li>\n<li><strong>Dati persistenti<\/strong>: conservare i dati in tempo reale su pi\u00f9 sessioni.<\/li>\n<li><strong>Facile da scalare<\/strong>: gestisci senza problemi milioni di record, progettati per la flessibilit\u00e0 e la crescita.<\/li>\n<li><strong>Integrazione facile<\/strong>: organizza le tabelle con una robusta API costruita per operazioni complesse.<\/li>\n<\/ul>\n<h4>LE RECENSIONI DEGLI UTENTI<\/h4>\n<p><strong>Jean-Francois &#8220;Prodotto eccellente e molto facile da usare&#8221;<\/strong><br \/>\n<strong>Pro<\/strong>: Dopo aver valutato diverse opzioni, abbiamo scoperto che Botpress \u00e8 la soluzione ideale. Questo strumento si distingue per la sua semplicit\u00e0 d&#8217;uso, semplicit\u00e0 d&#8217;uso ed efficienza. La combinazione di gestione dei flussi di conversazione con schede preconfigurate e IA fornisce un controllo efficace e una flessibilit\u00e0 notevole. Inoltre, l&#8217;integrazione con GPT \u00e8 molto impressionante e perfettamente incorporata nello strumento. Inoltre, il supporto per l&#8217;apprendimento dello strumento \u00e8 solido. La documentazione disponibile, il canale Discord attivo per richieste e discussioni e il canale di formazione completo su YouTube creano insieme un ecosistema ben progettato attorno allo strumento.<br \/>\n<strong>Contro<\/strong>: Sebbene la documentazione sia accessibile e facile da consultare, ci sono aree di miglioramento, come l&#8217;inclusione di valori predefiniti per determinate configurazioni o variabili. I nostri test ci hanno aiutato a identificarli, ma la ricerca nella documentazione non lo ha fatto.<\/p>\n<p><strong>Kamsi &#8220;Una piattaforma flessibile per la creazione di chatbot&#8221;<\/strong><br \/>\n<strong>Pro<\/strong>: Mi piace che Botpress abbia un&#8217;interfaccia low-code che semplifica la creazione e la gestione dei chatbot, con poche o nessuna competenza di programmazione. Posso usare l&#8217;editor di flusso visivo, i modelli integrati e i widget drag-and-drop per progettare flussi conversazionali e interfacce utente in pochi minuti.<br \/>\n<strong>Contro<\/strong>: Non mi piace che Botpress abbia una curva di apprendimento ripida, specialmente per i principianti e gli utenti non tecnici. La piattaforma ha un sacco di funzionalit\u00e0 e opzioni, che possono essere opprimenti e confuse all&#8217;inizio. Devo dedicare un po&#8217; di tempo e impegno per imparare a usare la piattaforma in modo efficace ed efficiente.<\/p>\n<p><strong>Cesar Augusto &#8220;Creazione di chatbot con intelligenza artificiale&#8221;<\/strong><br \/>\n<strong>Commenti<\/strong>: Nel complesso \u00e8 interessante e soddisfacente; aiuta a stimolare l&#8217;immaginazione per creare robot interessanti.<br \/>\n<strong>Pro<\/strong>: Facilit\u00e0 d&#8217;uso e sviluppo di bot in linguaggio naturale<br \/>\n<strong>Contro<\/strong>: All&#8217;inizio \u00e8 un po&#8217; difficile capire l&#8217;interfaccia<\/p>\n","protected":false},"excerpt":{"rendered":"<p>Botpress \u00e8 una piattaforma di intelligenza artificiale (AI) conversazionale on-premise utile per creare chatbot utilizzando la tecnologia di comprensione del linguaggio naturale (NLU). I manager possono incorporare i chatbot nelle pagine web e utilizzare una dashboard centralizzata per ottenere informazioni sulle metriche di coinvolgimento<\/p>\n","protected":false},"author":19,"featured_media":81386,"parent":79864,"menu_order":0,"comment_status":"open","ping_status":"closed","template":"g1_template_page_review_new.php","meta":{"_acf_changed":false,"cwp_meta_box_check":"No","cwp_rev_product_name":"","cwp_rev_product_image":"","wppr_links":[],"cwp_rev_price":"","wppr_options":[],"wppr_pros":[],"wppr_cons":[],"_monsterinsights_skip_tracking":false,"_monsterinsights_sitenote_active":false,"_monsterinsights_sitenote_note":"","_monsterinsights_sitenote_category":0,"footnotes":""},"categories":[15435],"tags":[997,15657,998,15441,15440,15479,15480],"features":[],"class_list":{"0":"post-81384","1":"page","2":"type-page","3":"status-publish","4":"has-post-thumbnail","6":"category-software-intelligenza-artificiale-cat","7":"tag-ai","8":"tag-botpress","9":"tag-intelligenza-artificiale","10":"tag-piattaforma-intelligenza-artificiale","11":"tag-programma-intelligenza-artificiale","12":"tag-software-intelligenza-artificiale","13":"tag-soluzione-intelligenza-artificiale"},"wppr_data":{"cwp_meta_box_check":"No"},"acf":[],"yoast_head":"<!-- This site is optimized with the Yoast SEO plugin v27.4 - https:\/\/yoast.com\/product\/yoast-seo-wordpress\/ -->\n<title>Botpress: recensione software intelligenza artificiale - Accurate Reviews<\/title>\n<meta name=\"description\" content=\"Botpress: recensione soluzione AI conversazionale utile per creare chatbot utilizzando la tecnologia di comprensione del linguaggio naturale\" \/>\n<meta name=\"robots\" content=\"index, follow, max-snippet:-1, max-image-preview:large, max-video-preview:-1\" \/>\n<link rel=\"canonical\" href=\"https:\/\/www.accuratereviews.com\/it\/software-intelligenza-artificiale\/botpress-recensione\/\" \/>\n<meta property=\"og:locale\" content=\"it_IT\" \/>\n<meta property=\"og:type\" content=\"article\" \/>\n<meta property=\"og:title\" content=\"Botpress: recensione software intelligenza artificiale - Accurate Reviews\" \/>\n<meta property=\"og:description\" content=\"Botpress: recensione soluzione AI conversazionale utile per creare chatbot utilizzando la tecnologia di comprensione del linguaggio naturale\" \/>\n<meta property=\"og:url\" content=\"https:\/\/www.accuratereviews.com\/it\/software-intelligenza-artificiale\/botpress-recensione\/\" \/>\n<meta property=\"og:site_name\" content=\"Accurate Reviews\" \/>\n<meta property=\"article:modified_time\" content=\"2024-12-20T11:27:11+00:00\" \/>\n<meta property=\"og:image\" content=\"https:\/\/www.accuratereviews.com\/wp-content\/uploads\/2024\/12\/Botpress.png\" \/>\n\t<meta property=\"og:image:width\" content=\"500\" \/>\n\t<meta property=\"og:image:height\" content=\"264\" \/>\n\t<meta property=\"og:image:type\" content=\"image\/png\" \/>\n<meta name=\"twitter:card\" content=\"summary_large_image\" \/>\n<meta name=\"twitter:label1\" content=\"Tempo di lettura stimato\" \/>\n\t<meta name=\"twitter:data1\" content=\"5 minuti\" \/>\n<script type=\"application\/ld+json\" class=\"yoast-schema-graph\">{\"@context\":\"https:\\\/\\\/schema.org\",\"@graph\":[{\"@type\":\"WebPage\",\"@id\":\"https:\\\/\\\/www.accuratereviews.com\\\/it\\\/software-intelligenza-artificiale\\\/botpress-recensione\\\/\",\"url\":\"https:\\\/\\\/www.accuratereviews.com\\\/it\\\/software-intelligenza-artificiale\\\/botpress-recensione\\\/\",\"name\":\"Botpress: recensione software intelligenza artificiale - Accurate Reviews\",\"isPartOf\":{\"@id\":\"https:\\\/\\\/www.accuratereviews.com\\\/it\\\/#website\"},\"primaryImageOfPage\":{\"@id\":\"https:\\\/\\\/www.accuratereviews.com\\\/it\\\/software-intelligenza-artificiale\\\/botpress-recensione\\\/#primaryimage\"},\"image\":{\"@id\":\"https:\\\/\\\/www.accuratereviews.com\\\/it\\\/software-intelligenza-artificiale\\\/botpress-recensione\\\/#primaryimage\"},\"thumbnailUrl\":\"https:\\\/\\\/www.accuratereviews.com\\\/wp-content\\\/uploads\\\/2024\\\/12\\\/Botpress.png\",\"datePublished\":\"2024-12-19T16:09:26+00:00\",\"dateModified\":\"2024-12-20T11:27:11+00:00\",\"description\":\"Botpress: recensione soluzione AI conversazionale utile per creare chatbot utilizzando la tecnologia di comprensione del linguaggio naturale\",\"breadcrumb\":{\"@id\":\"https:\\\/\\\/www.accuratereviews.com\\\/it\\\/software-intelligenza-artificiale\\\/botpress-recensione\\\/#breadcrumb\"},\"inLanguage\":\"it-IT\",\"potentialAction\":[{\"@type\":\"ReadAction\",\"target\":[\"https:\\\/\\\/www.accuratereviews.com\\\/it\\\/software-intelligenza-artificiale\\\/botpress-recensione\\\/\"]}]},{\"@type\":\"ImageObject\",\"inLanguage\":\"it-IT\",\"@id\":\"https:\\\/\\\/www.accuratereviews.com\\\/it\\\/software-intelligenza-artificiale\\\/botpress-recensione\\\/#primaryimage\",\"url\":\"https:\\\/\\\/www.accuratereviews.com\\\/wp-content\\\/uploads\\\/2024\\\/12\\\/Botpress.png\",\"contentUrl\":\"https:\\\/\\\/www.accuratereviews.com\\\/wp-content\\\/uploads\\\/2024\\\/12\\\/Botpress.png\",\"width\":500,\"height\":264},{\"@type\":\"BreadcrumbList\",\"@id\":\"https:\\\/\\\/www.accuratereviews.com\\\/it\\\/software-intelligenza-artificiale\\\/botpress-recensione\\\/#breadcrumb\",\"itemListElement\":[{\"@type\":\"ListItem\",\"position\":1,\"name\":\"Home\",\"item\":\"https:\\\/\\\/www.accuratereviews.com\\\/it\\\/\"},{\"@type\":\"ListItem\",\"position\":2,\"name\":\"Software di intelligenza artificiale\",\"item\":\"https:\\\/\\\/www.accuratereviews.com\\\/it\\\/software-intelligenza-artificiale\\\/\"},{\"@type\":\"ListItem\",\"position\":3,\"name\":\"Botpress\"}]},{\"@type\":\"WebSite\",\"@id\":\"https:\\\/\\\/www.accuratereviews.com\\\/it\\\/#website\",\"url\":\"https:\\\/\\\/www.accuratereviews.com\\\/it\\\/\",\"name\":\"Accurate Reviews\",\"description\":\"\",\"potentialAction\":[{\"@type\":\"SearchAction\",\"target\":{\"@type\":\"EntryPoint\",\"urlTemplate\":\"https:\\\/\\\/www.accuratereviews.com\\\/it\\\/?s={search_term_string}\"},\"query-input\":{\"@type\":\"PropertyValueSpecification\",\"valueRequired\":true,\"valueName\":\"search_term_string\"}}],\"inLanguage\":\"it-IT\"}]}<\/script>\n<!-- \/ Yoast SEO plugin. -->","yoast_head_json":{"title":"Botpress: recensione software intelligenza artificiale - Accurate Reviews","description":"Botpress: recensione soluzione AI conversazionale utile per creare chatbot utilizzando la tecnologia di comprensione del linguaggio naturale","robots":{"index":"index","follow":"follow","max-snippet":"max-snippet:-1","max-image-preview":"max-image-preview:large","max-video-preview":"max-video-preview:-1"},"canonical":"https:\/\/www.accuratereviews.com\/it\/software-intelligenza-artificiale\/botpress-recensione\/","og_locale":"it_IT","og_type":"article","og_title":"Botpress: recensione software intelligenza artificiale - Accurate Reviews","og_description":"Botpress: recensione soluzione AI conversazionale utile per creare chatbot utilizzando la tecnologia di comprensione del linguaggio naturale","og_url":"https:\/\/www.accuratereviews.com\/it\/software-intelligenza-artificiale\/botpress-recensione\/","og_site_name":"Accurate Reviews","article_modified_time":"2024-12-20T11:27:11+00:00","og_image":[{"width":500,"height":264,"url":"https:\/\/www.accuratereviews.com\/wp-content\/uploads\/2024\/12\/Botpress.png","type":"image\/png"}],"twitter_card":"summary_large_image","twitter_misc":{"Tempo di lettura stimato":"5 minuti"},"schema":{"@context":"https:\/\/schema.org","@graph":[{"@type":"WebPage","@id":"https:\/\/www.accuratereviews.com\/it\/software-intelligenza-artificiale\/botpress-recensione\/","url":"https:\/\/www.accuratereviews.com\/it\/software-intelligenza-artificiale\/botpress-recensione\/","name":"Botpress: recensione software intelligenza artificiale - Accurate Reviews","isPartOf":{"@id":"https:\/\/www.accuratereviews.com\/it\/#website"},"primaryImageOfPage":{"@id":"https:\/\/www.accuratereviews.com\/it\/software-intelligenza-artificiale\/botpress-recensione\/#primaryimage"},"image":{"@id":"https:\/\/www.accuratereviews.com\/it\/software-intelligenza-artificiale\/botpress-recensione\/#primaryimage"},"thumbnailUrl":"https:\/\/www.accuratereviews.com\/wp-content\/uploads\/2024\/12\/Botpress.png","datePublished":"2024-12-19T16:09:26+00:00","dateModified":"2024-12-20T11:27:11+00:00","description":"Botpress: recensione soluzione AI conversazionale utile per creare chatbot utilizzando la tecnologia di comprensione del linguaggio naturale","breadcrumb":{"@id":"https:\/\/www.accuratereviews.com\/it\/software-intelligenza-artificiale\/botpress-recensione\/#breadcrumb"},"inLanguage":"it-IT","potentialAction":[{"@type":"ReadAction","target":["https:\/\/www.accuratereviews.com\/it\/software-intelligenza-artificiale\/botpress-recensione\/"]}]},{"@type":"ImageObject","inLanguage":"it-IT","@id":"https:\/\/www.accuratereviews.com\/it\/software-intelligenza-artificiale\/botpress-recensione\/#primaryimage","url":"https:\/\/www.accuratereviews.com\/wp-content\/uploads\/2024\/12\/Botpress.png","contentUrl":"https:\/\/www.accuratereviews.com\/wp-content\/uploads\/2024\/12\/Botpress.png","width":500,"height":264},{"@type":"BreadcrumbList","@id":"https:\/\/www.accuratereviews.com\/it\/software-intelligenza-artificiale\/botpress-recensione\/#breadcrumb","itemListElement":[{"@type":"ListItem","position":1,"name":"Home","item":"https:\/\/www.accuratereviews.com\/it\/"},{"@type":"ListItem","position":2,"name":"Software di intelligenza artificiale","item":"https:\/\/www.accuratereviews.com\/it\/software-intelligenza-artificiale\/"},{"@type":"ListItem","position":3,"name":"Botpress"}]},{"@type":"WebSite","@id":"https:\/\/www.accuratereviews.com\/it\/#website","url":"https:\/\/www.accuratereviews.com\/it\/","name":"Accurate Reviews","description":"","potentialAction":[{"@type":"SearchAction","target":{"@type":"EntryPoint","urlTemplate":"https:\/\/www.accuratereviews.com\/it\/?s={search_term_string}"},"query-input":{"@type":"PropertyValueSpecification","valueRequired":true,"valueName":"search_term_string"}}],"inLanguage":"it-IT"}]}},"_links":{"self":[{"href":"https:\/\/www.accuratereviews.com\/it\/wp-json\/wp\/v2\/pages\/81384","targetHints":{"allow":["GET"]}}],"collection":[{"href":"https:\/\/www.accuratereviews.com\/it\/wp-json\/wp\/v2\/pages"}],"about":[{"href":"https:\/\/www.accuratereviews.com\/it\/wp-json\/wp\/v2\/types\/page"}],"author":[{"embeddable":true,"href":"https:\/\/www.accuratereviews.com\/it\/wp-json\/wp\/v2\/users\/19"}],"replies":[{"embeddable":true,"href":"https:\/\/www.accuratereviews.com\/it\/wp-json\/wp\/v2\/comments?post=81384"}],"version-history":[{"count":9,"href":"https:\/\/www.accuratereviews.com\/it\/wp-json\/wp\/v2\/pages\/81384\/revisions"}],"predecessor-version":[{"id":81460,"href":"https:\/\/www.accuratereviews.com\/it\/wp-json\/wp\/v2\/pages\/81384\/revisions\/81460"}],"up":[{"embeddable":true,"href":"https:\/\/www.accuratereviews.com\/it\/wp-json\/wp\/v2\/pages\/79864"}],"wp:featuredmedia":[{"embeddable":true,"href":"https:\/\/www.accuratereviews.com\/it\/wp-json\/wp\/v2\/media\/81386"}],"wp:attachment":[{"href":"https:\/\/www.accuratereviews.com\/it\/wp-json\/wp\/v2\/media?parent=81384"}],"wp:term":[{"taxonomy":"category","embeddable":true,"href":"https:\/\/www.accuratereviews.com\/it\/wp-json\/wp\/v2\/categories?post=81384"},{"taxonomy":"post_tag","embeddable":true,"href":"https:\/\/www.accuratereviews.com\/it\/wp-json\/wp\/v2\/tags?post=81384"},{"taxonomy":"features","embeddable":true,"href":"https:\/\/www.accuratereviews.com\/it\/wp-json\/wp\/v2\/features?post=81384"}],"curies":[{"name":"wp","href":"https:\/\/api.w.org\/{rel}","templated":true}]}}