{"id":81438,"date":"2024-12-20T11:26:22","date_gmt":"2024-12-20T11:26:22","guid":{"rendered":"https:\/\/www.accuratereviews.com\/?page_id=81438"},"modified":"2024-12-20T11:26:22","modified_gmt":"2024-12-20T11:26:22","slug":"asana-recensione","status":"publish","type":"page","link":"https:\/\/www.accuratereviews.com\/it\/software-intelligenza-artificiale\/asana-recensione\/","title":{"rendered":"Asana"},"content":{"rendered":"<p><strong>Asana<\/strong> \u00e8 un <strong>assistente help desk<\/strong> automatizzato basato sull&#8217;<strong>intelligenza artificiale<\/strong>, che fornisce alle organizzazioni una piattaforma self-service per ticketing e knowledge management in un pacchetto strettamente integrato. La piattaforma offre ai team di supporto in un&#8217;unica posizione per gestire le richieste dei dipendenti utilizzando un chatbot amichevole per rispondere automaticamente alle domande su Slack, Web, email e sms. Aiuta a facilitare e semplificare i processi di ticketing utilizzando l&#8217;IA per trovare le risposte corrette e pertinenti per i dipendenti, offrendo ai team di supporto tempo senza interruzioni per lavorare sui progetti e portare a termine le cose. Quando viene posta una domanda, <strong>Asana<\/strong> risponder\u00e0 immediatamente o invier\u00e0 la richiesta al reparto competente. La knowledge base tiene traccia di tutti i tipi di informazioni utili automaticamente e i dipendenti possono aggiungere elementi man mano che le loro domande ottengono risposta.<\/p>\n<h2>ASANA &#8211; TUTORIAL<\/h2>\n<div id=\"fluid-wrapper-counter-1\" class=\"g1-fluid-wrapper \" style=\"width:686px;\">\n<div style=\"padding-bottom:56.268221574344%;\"><iframe loading=\"lazy\" title=\"How to use Asana - 2024 Overview\" width=\"686\" height=\"386\" src=\"https:\/\/www.youtube.com\/embed\/hcY-2Xux2oI?feature=oembed&amp;wmode=transparent&amp;autohide=1&amp;autoplay=0&amp;disablekb=0&amp;fs=1&amp;loop=0&amp;enablejsapi=1&amp;rel=0&amp;controls=2&amp;showinfo=0&amp;wmode=transparent&amp;autohide=2&amp;autoplay=0&amp;disablekb=0&amp;fs=1&amp;loop=0&amp;enablejsapi=1&amp;rel=0&amp;controls=2&amp;showinfo=1\" frameborder=\"0\" allow=\"accelerometer; autoplay; clipboard-write; encrypted-media; gyroscope; picture-in-picture; web-share\" referrerpolicy=\"strict-origin-when-cross-origin\" allowfullscreen><\/iframe><\/div>\n<\/div>\n<h3>ASANA &#8211; CARATTERISTICHE<\/h3>\n<ul>\n<li><strong>Progetti<\/strong>: organizza le attivit\u00e0 e affronta il lavoro insieme in un hub condiviso.<\/li>\n<li><strong>Visualizzazioni progetti<\/strong>: guarda il tuo lavoro come un elenco, un calendario, una cronologia, un diagramma di Gantt o una bacheca Kanban.<\/li>\n<li><strong>Attivit\u00e0<\/strong>: suddividi il lavoro in sezioni con titolari e date di scadenza chiari.<\/li>\n<li><strong>Campi personalizzati<\/strong>: aggiungi etichette alle attivit\u00e0 per ordinare, filtrare e creare automaticamente resoconti sul lavoro.<\/li>\n<li><strong>Aggiornamenti di stato<\/strong>: crea aggiornamenti di progetto in pochi minuti con automazioni che consentono di risparmiare tempo.<\/li>\n<li><strong>Posta in arrivo<\/strong>: ricevi automaticamente aggiornamenti sul lavoro che conta e filtra il resto.<\/li>\n<li><strong>Le attivit\u00e0<\/strong>: visualizza tutte le tue attivit\u00e0 in un unico posto, in modo da dare la priorit\u00e0 a quello che ancora ti resta da fare.<\/li>\n<li><strong>App per desktop e dispositivi mobili<\/strong>: utilizza la soluzione a casa o in ufficio senza lasciarti sfuggire nulla.<\/li>\n<li><strong>Monitoraggio del tempo<\/strong>: misura quanto tempo dedichi al lavoro, in modo da riuscire a prevedere di quanto tempo avrai bisogno.<\/li>\n<li><strong>Obiettivi<\/strong>: collega il lavoro di ogni team agli obiettivi a livello aziendale.<\/li>\n<li><strong>Dashboard dei resoconti<\/strong>: visualizza lo stato del lavoro del tuo team con grafici e approfondimenti in tempo reale.<\/li>\n<li><strong>Portfolio<\/strong>: il tuo centro di comando per monitorare i progetti collegati e collaborare tra team.<\/li>\n<\/ul>\n<h4>LE RECENSIONI DEGLI UTENTI<\/h4>\n<p><strong>Valentina&#8221;Project Management&#8221;<\/strong><br \/>\n<strong>Pro<\/strong>: Asana consente di gestire progetti di lavoro strutturati in cui intervengono vari team di lavoro. Il monitoraggio delle attivit\u00e0 \u00e8 immediato e semplice. La visualizzazione della dashboard \u00e8 personalizzabile secondo le proprie esigenze.<br \/>\n<strong>Contro<\/strong>: Non trovo difetti al momento. Alcune funzionalit\u00e0 non le ho ancora esplorate ma finora tutto bene<\/p>\n<p><strong>Giuseppe&#8221;Fondamentale per la crescita aziendale&#8221;<\/strong><br \/>\n<strong>Commenti<\/strong>: Sicuramente Asana \u00e8 indispensabile per tutti coloro che vogliono ottimizzare i compiti aziendali dando ad ogni team la possibilit\u00e0 di poter smarcare i propri compiti e di portarli a termine nel minor tempo possibile.<br \/>\n<strong>Pro<\/strong>: Asana \u00e8 stata una bella scoperta. Ho sempre rifiutato tali programmi perch\u00e8 sono alla vecchia maniera: carta e penna ma da quando l&#8217;azienda mi ha fatto conoscere in maniera approfondita il software la mia giornata \u00e8 svoltata andando a massimizzare le task che prima andavano perse dal team. I colori, le categorie, lo scadenziario ben fatto e preciso aiuta molto ad avere sempre tutto sotto controllo.<br \/>\nContro: Attualmente non ho avuto particolari problemi se non che ogni tanto sparisce un progetto dalla dashboard che devo andare a riprendere interagendo con il team.<\/p>\n<p><strong>Elisa&#8221;Ottima app per l&#8217;organizzazione&#8221;<\/strong><br \/>\n<strong>Pro<\/strong>: Sono stata invitata a utilizzare questa app all&#8217;interno di un gruppo ed \u00e8 ottima per comunicare con i vari membri. Inoltre l&#8217;amministratore ha la possibilit\u00e0 di gestirli senza che loro possano mettersi in contatto indipendentemente, ma solo attraverso l&#8217;app.<br \/>\n<strong>Contro<\/strong>: Non mi viene in mente qualcosa di negativo.<\/p>\n","protected":false},"excerpt":{"rendered":"<p>atSpoke \u00e8 un assistente help desk automatizzato basato sull&#8217;intelligenza artificiale, che fornisce alle organizzazioni una piattaforma self-service per ticketing e knowledge management in un pacchetto strettamente integrato. La piattaforma offre ai team di supporto in un&#8217;unica posizione per gestire le richieste dei dipendenti utilizzando un chatbot amichevole per rispondere automaticamente alle domande su Slack, Web, email e sms.<\/p>\n","protected":false},"author":19,"featured_media":81452,"parent":79864,"menu_order":0,"comment_status":"open","ping_status":"closed","template":"g1_template_page_review_new.php","meta":{"_acf_changed":false,"cwp_meta_box_check":"No","cwp_rev_product_name":"","cwp_rev_product_image":"","wppr_links":[],"cwp_rev_price":"","wppr_options":[],"wppr_pros":[],"wppr_cons":[],"_monsterinsights_skip_tracking":false,"_monsterinsights_sitenote_active":false,"_monsterinsights_sitenote_note":"","_monsterinsights_sitenote_category":0,"footnotes":""},"categories":[15435],"tags":[997,15658,998,15441,15440,15479,15480,15659],"features":[],"class_list":{"0":"post-81438","1":"page","2":"type-page","3":"status-publish","4":"has-post-thumbnail","6":"category-software-intelligenza-artificiale-cat","7":"tag-ai","8":"tag-atspoke","9":"tag-intelligenza-artificiale","10":"tag-piattaforma-intelligenza-artificiale","11":"tag-programma-intelligenza-artificiale","12":"tag-software-intelligenza-artificiale","13":"tag-soluzione-intelligenza-artificiale","14":"tag-supporto-ai"},"wppr_data":{"cwp_meta_box_check":"No"},"acf":[],"yoast_head":"<!-- This site is optimized with the Yoast SEO plugin v27.4 - https:\/\/yoast.com\/product\/yoast-seo-wordpress\/ -->\n<title>Asana: recensione software intelligenza artificiale - Accurate Reviews<\/title>\n<meta name=\"description\" content=\"Asana: recensione assistente help desk automatizzato basato sull&#039;intelligenza artificiale che fornisce gli strumenti per ticketing e knowledge management\" \/>\n<meta name=\"robots\" content=\"index, follow, max-snippet:-1, max-image-preview:large, max-video-preview:-1\" \/>\n<link rel=\"canonical\" href=\"https:\/\/www.accuratereviews.com\/it\/software-intelligenza-artificiale\/asana-recensione\/\" \/>\n<meta property=\"og:locale\" content=\"it_IT\" \/>\n<meta property=\"og:type\" content=\"article\" \/>\n<meta property=\"og:title\" content=\"Asana: recensione software intelligenza artificiale - Accurate Reviews\" \/>\n<meta property=\"og:description\" content=\"Asana: recensione assistente help desk automatizzato basato sull&#039;intelligenza artificiale che fornisce gli strumenti per ticketing e knowledge management\" \/>\n<meta property=\"og:url\" content=\"https:\/\/www.accuratereviews.com\/it\/software-intelligenza-artificiale\/asana-recensione\/\" \/>\n<meta property=\"og:site_name\" content=\"Accurate Reviews\" \/>\n<meta property=\"og:image\" content=\"https:\/\/www.accuratereviews.com\/wp-content\/uploads\/2024\/12\/asana.png\" \/>\n\t<meta property=\"og:image:width\" content=\"1565\" \/>\n\t<meta property=\"og:image:height\" content=\"1032\" \/>\n\t<meta property=\"og:image:type\" content=\"image\/png\" \/>\n<meta name=\"twitter:card\" content=\"summary_large_image\" \/>\n<meta name=\"twitter:label1\" content=\"Tempo di lettura stimato\" \/>\n\t<meta name=\"twitter:data1\" content=\"5 minuti\" \/>\n<script type=\"application\/ld+json\" class=\"yoast-schema-graph\">{\"@context\":\"https:\\\/\\\/schema.org\",\"@graph\":[{\"@type\":\"WebPage\",\"@id\":\"https:\\\/\\\/www.accuratereviews.com\\\/it\\\/software-intelligenza-artificiale\\\/asana-recensione\\\/\",\"url\":\"https:\\\/\\\/www.accuratereviews.com\\\/it\\\/software-intelligenza-artificiale\\\/asana-recensione\\\/\",\"name\":\"Asana: recensione software intelligenza artificiale - Accurate Reviews\",\"isPartOf\":{\"@id\":\"https:\\\/\\\/www.accuratereviews.com\\\/it\\\/#website\"},\"primaryImageOfPage\":{\"@id\":\"https:\\\/\\\/www.accuratereviews.com\\\/it\\\/software-intelligenza-artificiale\\\/asana-recensione\\\/#primaryimage\"},\"image\":{\"@id\":\"https:\\\/\\\/www.accuratereviews.com\\\/it\\\/software-intelligenza-artificiale\\\/asana-recensione\\\/#primaryimage\"},\"thumbnailUrl\":\"https:\\\/\\\/www.accuratereviews.com\\\/wp-content\\\/uploads\\\/2024\\\/12\\\/asana.png\",\"datePublished\":\"2024-12-20T11:26:22+00:00\",\"description\":\"Asana: recensione assistente help desk automatizzato basato sull'intelligenza artificiale che fornisce gli strumenti per ticketing e knowledge management\",\"breadcrumb\":{\"@id\":\"https:\\\/\\\/www.accuratereviews.com\\\/it\\\/software-intelligenza-artificiale\\\/asana-recensione\\\/#breadcrumb\"},\"inLanguage\":\"it-IT\",\"potentialAction\":[{\"@type\":\"ReadAction\",\"target\":[\"https:\\\/\\\/www.accuratereviews.com\\\/it\\\/software-intelligenza-artificiale\\\/asana-recensione\\\/\"]}]},{\"@type\":\"ImageObject\",\"inLanguage\":\"it-IT\",\"@id\":\"https:\\\/\\\/www.accuratereviews.com\\\/it\\\/software-intelligenza-artificiale\\\/asana-recensione\\\/#primaryimage\",\"url\":\"https:\\\/\\\/www.accuratereviews.com\\\/wp-content\\\/uploads\\\/2024\\\/12\\\/asana.png\",\"contentUrl\":\"https:\\\/\\\/www.accuratereviews.com\\\/wp-content\\\/uploads\\\/2024\\\/12\\\/asana.png\",\"width\":1565,\"height\":1032},{\"@type\":\"BreadcrumbList\",\"@id\":\"https:\\\/\\\/www.accuratereviews.com\\\/it\\\/software-intelligenza-artificiale\\\/asana-recensione\\\/#breadcrumb\",\"itemListElement\":[{\"@type\":\"ListItem\",\"position\":1,\"name\":\"Home\",\"item\":\"https:\\\/\\\/www.accuratereviews.com\\\/it\\\/\"},{\"@type\":\"ListItem\",\"position\":2,\"name\":\"Software di intelligenza artificiale\",\"item\":\"https:\\\/\\\/www.accuratereviews.com\\\/it\\\/software-intelligenza-artificiale\\\/\"},{\"@type\":\"ListItem\",\"position\":3,\"name\":\"Asana\"}]},{\"@type\":\"WebSite\",\"@id\":\"https:\\\/\\\/www.accuratereviews.com\\\/it\\\/#website\",\"url\":\"https:\\\/\\\/www.accuratereviews.com\\\/it\\\/\",\"name\":\"Accurate Reviews\",\"description\":\"\",\"potentialAction\":[{\"@type\":\"SearchAction\",\"target\":{\"@type\":\"EntryPoint\",\"urlTemplate\":\"https:\\\/\\\/www.accuratereviews.com\\\/it\\\/?s={search_term_string}\"},\"query-input\":{\"@type\":\"PropertyValueSpecification\",\"valueRequired\":true,\"valueName\":\"search_term_string\"}}],\"inLanguage\":\"it-IT\"}]}<\/script>\n<!-- \/ Yoast SEO plugin. -->","yoast_head_json":{"title":"Asana: recensione software intelligenza artificiale - Accurate Reviews","description":"Asana: recensione assistente help desk automatizzato basato sull'intelligenza artificiale che fornisce gli strumenti per ticketing e knowledge management","robots":{"index":"index","follow":"follow","max-snippet":"max-snippet:-1","max-image-preview":"max-image-preview:large","max-video-preview":"max-video-preview:-1"},"canonical":"https:\/\/www.accuratereviews.com\/it\/software-intelligenza-artificiale\/asana-recensione\/","og_locale":"it_IT","og_type":"article","og_title":"Asana: recensione software intelligenza artificiale - Accurate Reviews","og_description":"Asana: recensione assistente help desk automatizzato basato sull'intelligenza artificiale che fornisce gli strumenti per ticketing e knowledge management","og_url":"https:\/\/www.accuratereviews.com\/it\/software-intelligenza-artificiale\/asana-recensione\/","og_site_name":"Accurate Reviews","og_image":[{"width":1565,"height":1032,"url":"https:\/\/www.accuratereviews.com\/wp-content\/uploads\/2024\/12\/asana.png","type":"image\/png"}],"twitter_card":"summary_large_image","twitter_misc":{"Tempo di lettura stimato":"5 minuti"},"schema":{"@context":"https:\/\/schema.org","@graph":[{"@type":"WebPage","@id":"https:\/\/www.accuratereviews.com\/it\/software-intelligenza-artificiale\/asana-recensione\/","url":"https:\/\/www.accuratereviews.com\/it\/software-intelligenza-artificiale\/asana-recensione\/","name":"Asana: recensione software intelligenza artificiale - Accurate Reviews","isPartOf":{"@id":"https:\/\/www.accuratereviews.com\/it\/#website"},"primaryImageOfPage":{"@id":"https:\/\/www.accuratereviews.com\/it\/software-intelligenza-artificiale\/asana-recensione\/#primaryimage"},"image":{"@id":"https:\/\/www.accuratereviews.com\/it\/software-intelligenza-artificiale\/asana-recensione\/#primaryimage"},"thumbnailUrl":"https:\/\/www.accuratereviews.com\/wp-content\/uploads\/2024\/12\/asana.png","datePublished":"2024-12-20T11:26:22+00:00","description":"Asana: recensione assistente help desk automatizzato basato sull'intelligenza artificiale che fornisce gli strumenti per ticketing e knowledge management","breadcrumb":{"@id":"https:\/\/www.accuratereviews.com\/it\/software-intelligenza-artificiale\/asana-recensione\/#breadcrumb"},"inLanguage":"it-IT","potentialAction":[{"@type":"ReadAction","target":["https:\/\/www.accuratereviews.com\/it\/software-intelligenza-artificiale\/asana-recensione\/"]}]},{"@type":"ImageObject","inLanguage":"it-IT","@id":"https:\/\/www.accuratereviews.com\/it\/software-intelligenza-artificiale\/asana-recensione\/#primaryimage","url":"https:\/\/www.accuratereviews.com\/wp-content\/uploads\/2024\/12\/asana.png","contentUrl":"https:\/\/www.accuratereviews.com\/wp-content\/uploads\/2024\/12\/asana.png","width":1565,"height":1032},{"@type":"BreadcrumbList","@id":"https:\/\/www.accuratereviews.com\/it\/software-intelligenza-artificiale\/asana-recensione\/#breadcrumb","itemListElement":[{"@type":"ListItem","position":1,"name":"Home","item":"https:\/\/www.accuratereviews.com\/it\/"},{"@type":"ListItem","position":2,"name":"Software di intelligenza artificiale","item":"https:\/\/www.accuratereviews.com\/it\/software-intelligenza-artificiale\/"},{"@type":"ListItem","position":3,"name":"Asana"}]},{"@type":"WebSite","@id":"https:\/\/www.accuratereviews.com\/it\/#website","url":"https:\/\/www.accuratereviews.com\/it\/","name":"Accurate Reviews","description":"","potentialAction":[{"@type":"SearchAction","target":{"@type":"EntryPoint","urlTemplate":"https:\/\/www.accuratereviews.com\/it\/?s={search_term_string}"},"query-input":{"@type":"PropertyValueSpecification","valueRequired":true,"valueName":"search_term_string"}}],"inLanguage":"it-IT"}]}},"_links":{"self":[{"href":"https:\/\/www.accuratereviews.com\/it\/wp-json\/wp\/v2\/pages\/81438","targetHints":{"allow":["GET"]}}],"collection":[{"href":"https:\/\/www.accuratereviews.com\/it\/wp-json\/wp\/v2\/pages"}],"about":[{"href":"https:\/\/www.accuratereviews.com\/it\/wp-json\/wp\/v2\/types\/page"}],"author":[{"embeddable":true,"href":"https:\/\/www.accuratereviews.com\/it\/wp-json\/wp\/v2\/users\/19"}],"replies":[{"embeddable":true,"href":"https:\/\/www.accuratereviews.com\/it\/wp-json\/wp\/v2\/comments?post=81438"}],"version-history":[{"count":13,"href":"https:\/\/www.accuratereviews.com\/it\/wp-json\/wp\/v2\/pages\/81438\/revisions"}],"predecessor-version":[{"id":81461,"href":"https:\/\/www.accuratereviews.com\/it\/wp-json\/wp\/v2\/pages\/81438\/revisions\/81461"}],"up":[{"embeddable":true,"href":"https:\/\/www.accuratereviews.com\/it\/wp-json\/wp\/v2\/pages\/79864"}],"wp:featuredmedia":[{"embeddable":true,"href":"https:\/\/www.accuratereviews.com\/it\/wp-json\/wp\/v2\/media\/81452"}],"wp:attachment":[{"href":"https:\/\/www.accuratereviews.com\/it\/wp-json\/wp\/v2\/media?parent=81438"}],"wp:term":[{"taxonomy":"category","embeddable":true,"href":"https:\/\/www.accuratereviews.com\/it\/wp-json\/wp\/v2\/categories?post=81438"},{"taxonomy":"post_tag","embeddable":true,"href":"https:\/\/www.accuratereviews.com\/it\/wp-json\/wp\/v2\/tags?post=81438"},{"taxonomy":"features","embeddable":true,"href":"https:\/\/www.accuratereviews.com\/it\/wp-json\/wp\/v2\/features?post=81438"}],"curies":[{"name":"wp","href":"https:\/\/api.w.org\/{rel}","templated":true}]}}