{"id":81525,"date":"2024-12-23T11:09:01","date_gmt":"2024-12-23T11:09:01","guid":{"rendered":"https:\/\/www.accuratereviews.com\/?page_id=81525"},"modified":"2024-12-23T11:09:01","modified_gmt":"2024-12-23T11:09:01","slug":"linkedin-learning-recensione","status":"publish","type":"page","link":"https:\/\/www.accuratereviews.com\/it\/piattaforme-e-learning\/linkedin-learning-recensione\/","title":{"rendered":"LinkedIn Learning"},"content":{"rendered":"<p><strong>LinkedIn Learning<\/strong> \u00e8 una <strong>piattaforma di e-learning<\/strong> dedicata allo sviluppo delle competenze professionali, particolarmente apprezzata per la sua vasta gamma di corsi online. Con pi\u00f9 di 21.500 corsi disponibili, copre aree come business, tecnologia e creativit\u00e0, offrendo contenuti di alta qualit\u00e0 per chi desidera migliorare le proprie capacit\u00e0 o acquisire nuove competenze. Ideale sia per professionisti che per studenti, <strong>LinkedIn Learning<\/strong> \u00e8 una risorsa flessibile e ricca di opportunit\u00e0 per il perfezionamento personale e lavorativo.<\/p>\n<h2>LINKEDIN LEARNING &#8211; TUTORIAL<\/h2>\n<div id=\"fluid-wrapper-counter-1\" class=\"g1-fluid-wrapper \" style=\"width:686px;\">\n<div style=\"padding-bottom:56.268221574344%;\"><iframe loading=\"lazy\" title=\"Come funziona Linkedin Learning\" width=\"686\" height=\"386\" src=\"https:\/\/www.youtube.com\/embed\/KXxhOEGkaMk?feature=oembed&amp;wmode=transparent&amp;autohide=1&amp;autoplay=0&amp;disablekb=0&amp;fs=1&amp;loop=0&amp;enablejsapi=1&amp;rel=0&amp;controls=2&amp;showinfo=0&amp;wmode=transparent&amp;autohide=2&amp;autoplay=0&amp;disablekb=0&amp;fs=1&amp;loop=0&amp;enablejsapi=1&amp;rel=0&amp;controls=2&amp;showinfo=1\" frameborder=\"0\" allow=\"accelerometer; autoplay; clipboard-write; encrypted-media; gyroscope; picture-in-picture; web-share\" referrerpolicy=\"strict-origin-when-cross-origin\" allowfullscreen><\/iframe><\/div>\n<\/div>\n<h3>LINKEDIN LEARNING &#8211; CARATTERISTICHE<\/h3>\n<ul>\n<li><strong>Ampia variet\u00e0 di corsi<\/strong>: una vasta selezione di corsi per soddisfare esigenze trasversali in settori professionali diversi.<\/li>\n<li><strong>Integrazione con LinkedIn<\/strong>: certificati di completamento visibili direttamente sul proprio profilo LinkedIn, migliorando la visibilit\u00e0 delle competenze.<\/li>\n<li><strong>Modalit\u00e0 offline<\/strong>: accesso ai corsi anche senza connessione Internet grazie all\u2019app mobile.<\/li>\n<li><strong>Approccio personalizzato<\/strong>: suggerimenti di corsi basati sul proprio profilo professionale e sulle competenze gi\u00e0 acquisite.<\/li>\n<\/ul>\n<h4>LE RECENSIONI DEGLI UTENTI<\/h4>\n<p><strong>Mcneil \u201cNon sapevo che linkedin avesse una piattaforma per l&#8217;apprendimento&#8230;\u201d<\/strong><br \/>\nMi ha sorpreso molto e continua a stupirmi la semplicit\u00e0 di utilizzo di questa piattaforma.<\/p>\n<p><strong>Kaitlyn Hope \u201cBuoni corsi\u201d<\/strong><br \/>\nOttimi corsi, anche il prezzo non \u00e8 male, tuttavia \u00e8 un peccato che i corsi di linkedin siano inutili &#8211; solo per il tuo miglioramento personale, e non dice nulla sul curriculum&#8230;<\/p>\n<p><strong>Shawnn \u201cCostoso\u201d<\/strong><br \/>\nUn po&#8217; caro ma una cosa buona \u00e8 che si ottiene un mese di prova gratuito.<\/p>\n","protected":false},"excerpt":{"rendered":"<p>LinkedIn Learning \u00e8 una piattaforma di e-learning dedicata allo sviluppo delle competenze professionali, particolarmente apprezzata per la sua vasta gamma di corsi online. Con pi\u00f9 di 21.500 corsi disponibili, copre aree come business, tecnologia e creativit\u00e0, offrendo contenuti di alta qualit\u00e0 per chi desidera migliorare le proprie capacit\u00e0 o acquisire nuove competenze.<\/p>\n","protected":false},"author":17,"featured_media":81536,"parent":81131,"menu_order":0,"comment_status":"open","ping_status":"closed","template":"g1_template_page_review_new.php","meta":{"_acf_changed":false,"cwp_meta_box_check":"No","cwp_rev_product_name":"","cwp_rev_product_image":"","wppr_links":[],"cwp_rev_price":"","wppr_options":[],"wppr_pros":[],"wppr_cons":[],"_monsterinsights_skip_tracking":false,"_monsterinsights_sitenote_active":false,"_monsterinsights_sitenote_note":"","_monsterinsights_sitenote_category":0,"footnotes":""},"categories":[15634],"tags":[13042,13040,4708,13045,15631,15630],"features":[],"class_list":{"0":"post-81525","1":"page","2":"type-page","3":"status-publish","4":"has-post-thumbnail","6":"category-piattaforme-e-learning-cat","7":"tag-e-learning","8":"tag-linkedin-learning","9":"tag-piattaforma-di-e-learning","10":"tag-programma-di-e-learning","11":"tag-software-e-learning","12":"tag-soluzione-e-learning"},"wppr_data":{"cwp_meta_box_check":"No"},"acf":[],"yoast_head":"<!-- This site is optimized with the Yoast SEO plugin v27.4 - https:\/\/yoast.com\/product\/yoast-seo-wordpress\/ -->\n<title>LinkedIn Learning: recensione piattaforma e-learning - Accurate Reviews<\/title>\n<meta name=\"description\" content=\"LinkedIn Learning: recensione della piattaforma di e-learning dedicata allo sviluppo delle competenze professionali.\" \/>\n<meta name=\"robots\" content=\"index, follow, max-snippet:-1, max-image-preview:large, max-video-preview:-1\" \/>\n<link rel=\"canonical\" href=\"https:\/\/www.accuratereviews.com\/it\/piattaforme-e-learning\/linkedin-learning-recensione\/\" \/>\n<meta property=\"og:locale\" content=\"it_IT\" \/>\n<meta property=\"og:type\" content=\"article\" \/>\n<meta property=\"og:title\" content=\"LinkedIn Learning: recensione piattaforma e-learning - Accurate Reviews\" \/>\n<meta property=\"og:description\" content=\"LinkedIn Learning: recensione della piattaforma di e-learning dedicata allo sviluppo delle competenze professionali.\" \/>\n<meta property=\"og:url\" content=\"https:\/\/www.accuratereviews.com\/it\/piattaforme-e-learning\/linkedin-learning-recensione\/\" \/>\n<meta property=\"og:site_name\" content=\"Accurate Reviews\" \/>\n<meta property=\"og:image\" content=\"https:\/\/www.accuratereviews.com\/wp-content\/uploads\/2024\/12\/LinkedIn-Learning-8.jpg\" \/>\n\t<meta property=\"og:image:width\" content=\"1200\" \/>\n\t<meta property=\"og:image:height\" content=\"630\" \/>\n\t<meta property=\"og:image:type\" content=\"image\/jpeg\" \/>\n<meta name=\"twitter:card\" content=\"summary_large_image\" \/>\n<meta name=\"twitter:label1\" content=\"Tempo di lettura stimato\" \/>\n\t<meta name=\"twitter:data1\" content=\"3 minuti\" \/>\n<script type=\"application\/ld+json\" class=\"yoast-schema-graph\">{\"@context\":\"https:\\\/\\\/schema.org\",\"@graph\":[{\"@type\":\"WebPage\",\"@id\":\"https:\\\/\\\/www.accuratereviews.com\\\/it\\\/piattaforme-e-learning\\\/linkedin-learning-recensione\\\/\",\"url\":\"https:\\\/\\\/www.accuratereviews.com\\\/it\\\/piattaforme-e-learning\\\/linkedin-learning-recensione\\\/\",\"name\":\"LinkedIn Learning: recensione piattaforma e-learning - Accurate Reviews\",\"isPartOf\":{\"@id\":\"https:\\\/\\\/www.accuratereviews.com\\\/it\\\/#website\"},\"primaryImageOfPage\":{\"@id\":\"https:\\\/\\\/www.accuratereviews.com\\\/it\\\/piattaforme-e-learning\\\/linkedin-learning-recensione\\\/#primaryimage\"},\"image\":{\"@id\":\"https:\\\/\\\/www.accuratereviews.com\\\/it\\\/piattaforme-e-learning\\\/linkedin-learning-recensione\\\/#primaryimage\"},\"thumbnailUrl\":\"https:\\\/\\\/www.accuratereviews.com\\\/wp-content\\\/uploads\\\/2024\\\/12\\\/LinkedIn-Learning-8.jpg\",\"datePublished\":\"2024-12-23T11:09:01+00:00\",\"description\":\"LinkedIn Learning: recensione della piattaforma di e-learning dedicata allo sviluppo delle competenze professionali.\",\"breadcrumb\":{\"@id\":\"https:\\\/\\\/www.accuratereviews.com\\\/it\\\/piattaforme-e-learning\\\/linkedin-learning-recensione\\\/#breadcrumb\"},\"inLanguage\":\"it-IT\",\"potentialAction\":[{\"@type\":\"ReadAction\",\"target\":[\"https:\\\/\\\/www.accuratereviews.com\\\/it\\\/piattaforme-e-learning\\\/linkedin-learning-recensione\\\/\"]}]},{\"@type\":\"ImageObject\",\"inLanguage\":\"it-IT\",\"@id\":\"https:\\\/\\\/www.accuratereviews.com\\\/it\\\/piattaforme-e-learning\\\/linkedin-learning-recensione\\\/#primaryimage\",\"url\":\"https:\\\/\\\/www.accuratereviews.com\\\/wp-content\\\/uploads\\\/2024\\\/12\\\/LinkedIn-Learning-8.jpg\",\"contentUrl\":\"https:\\\/\\\/www.accuratereviews.com\\\/wp-content\\\/uploads\\\/2024\\\/12\\\/LinkedIn-Learning-8.jpg\",\"width\":1200,\"height\":630},{\"@type\":\"BreadcrumbList\",\"@id\":\"https:\\\/\\\/www.accuratereviews.com\\\/it\\\/piattaforme-e-learning\\\/linkedin-learning-recensione\\\/#breadcrumb\",\"itemListElement\":[{\"@type\":\"ListItem\",\"position\":1,\"name\":\"Home\",\"item\":\"https:\\\/\\\/www.accuratereviews.com\\\/it\\\/\"},{\"@type\":\"ListItem\",\"position\":2,\"name\":\"Piattaforme e-learning\",\"item\":\"https:\\\/\\\/www.accuratereviews.com\\\/it\\\/piattaforme-e-learning\\\/\"},{\"@type\":\"ListItem\",\"position\":3,\"name\":\"LinkedIn Learning\"}]},{\"@type\":\"WebSite\",\"@id\":\"https:\\\/\\\/www.accuratereviews.com\\\/it\\\/#website\",\"url\":\"https:\\\/\\\/www.accuratereviews.com\\\/it\\\/\",\"name\":\"Accurate Reviews\",\"description\":\"\",\"potentialAction\":[{\"@type\":\"SearchAction\",\"target\":{\"@type\":\"EntryPoint\",\"urlTemplate\":\"https:\\\/\\\/www.accuratereviews.com\\\/it\\\/?s={search_term_string}\"},\"query-input\":{\"@type\":\"PropertyValueSpecification\",\"valueRequired\":true,\"valueName\":\"search_term_string\"}}],\"inLanguage\":\"it-IT\"}]}<\/script>\n<!-- \/ Yoast SEO plugin. -->","yoast_head_json":{"title":"LinkedIn Learning: recensione piattaforma e-learning - Accurate Reviews","description":"LinkedIn Learning: recensione della piattaforma di e-learning dedicata allo sviluppo delle competenze professionali.","robots":{"index":"index","follow":"follow","max-snippet":"max-snippet:-1","max-image-preview":"max-image-preview:large","max-video-preview":"max-video-preview:-1"},"canonical":"https:\/\/www.accuratereviews.com\/it\/piattaforme-e-learning\/linkedin-learning-recensione\/","og_locale":"it_IT","og_type":"article","og_title":"LinkedIn Learning: recensione piattaforma e-learning - Accurate Reviews","og_description":"LinkedIn Learning: recensione della piattaforma di e-learning dedicata allo sviluppo delle competenze professionali.","og_url":"https:\/\/www.accuratereviews.com\/it\/piattaforme-e-learning\/linkedin-learning-recensione\/","og_site_name":"Accurate Reviews","og_image":[{"width":1200,"height":630,"url":"https:\/\/www.accuratereviews.com\/wp-content\/uploads\/2024\/12\/LinkedIn-Learning-8.jpg","type":"image\/jpeg"}],"twitter_card":"summary_large_image","twitter_misc":{"Tempo di lettura stimato":"3 minuti"},"schema":{"@context":"https:\/\/schema.org","@graph":[{"@type":"WebPage","@id":"https:\/\/www.accuratereviews.com\/it\/piattaforme-e-learning\/linkedin-learning-recensione\/","url":"https:\/\/www.accuratereviews.com\/it\/piattaforme-e-learning\/linkedin-learning-recensione\/","name":"LinkedIn Learning: recensione piattaforma e-learning - Accurate Reviews","isPartOf":{"@id":"https:\/\/www.accuratereviews.com\/it\/#website"},"primaryImageOfPage":{"@id":"https:\/\/www.accuratereviews.com\/it\/piattaforme-e-learning\/linkedin-learning-recensione\/#primaryimage"},"image":{"@id":"https:\/\/www.accuratereviews.com\/it\/piattaforme-e-learning\/linkedin-learning-recensione\/#primaryimage"},"thumbnailUrl":"https:\/\/www.accuratereviews.com\/wp-content\/uploads\/2024\/12\/LinkedIn-Learning-8.jpg","datePublished":"2024-12-23T11:09:01+00:00","description":"LinkedIn Learning: recensione della piattaforma di e-learning dedicata allo sviluppo delle competenze professionali.","breadcrumb":{"@id":"https:\/\/www.accuratereviews.com\/it\/piattaforme-e-learning\/linkedin-learning-recensione\/#breadcrumb"},"inLanguage":"it-IT","potentialAction":[{"@type":"ReadAction","target":["https:\/\/www.accuratereviews.com\/it\/piattaforme-e-learning\/linkedin-learning-recensione\/"]}]},{"@type":"ImageObject","inLanguage":"it-IT","@id":"https:\/\/www.accuratereviews.com\/it\/piattaforme-e-learning\/linkedin-learning-recensione\/#primaryimage","url":"https:\/\/www.accuratereviews.com\/wp-content\/uploads\/2024\/12\/LinkedIn-Learning-8.jpg","contentUrl":"https:\/\/www.accuratereviews.com\/wp-content\/uploads\/2024\/12\/LinkedIn-Learning-8.jpg","width":1200,"height":630},{"@type":"BreadcrumbList","@id":"https:\/\/www.accuratereviews.com\/it\/piattaforme-e-learning\/linkedin-learning-recensione\/#breadcrumb","itemListElement":[{"@type":"ListItem","position":1,"name":"Home","item":"https:\/\/www.accuratereviews.com\/it\/"},{"@type":"ListItem","position":2,"name":"Piattaforme e-learning","item":"https:\/\/www.accuratereviews.com\/it\/piattaforme-e-learning\/"},{"@type":"ListItem","position":3,"name":"LinkedIn Learning"}]},{"@type":"WebSite","@id":"https:\/\/www.accuratereviews.com\/it\/#website","url":"https:\/\/www.accuratereviews.com\/it\/","name":"Accurate Reviews","description":"","potentialAction":[{"@type":"SearchAction","target":{"@type":"EntryPoint","urlTemplate":"https:\/\/www.accuratereviews.com\/it\/?s={search_term_string}"},"query-input":{"@type":"PropertyValueSpecification","valueRequired":true,"valueName":"search_term_string"}}],"inLanguage":"it-IT"}]}},"_links":{"self":[{"href":"https:\/\/www.accuratereviews.com\/it\/wp-json\/wp\/v2\/pages\/81525","targetHints":{"allow":["GET"]}}],"collection":[{"href":"https:\/\/www.accuratereviews.com\/it\/wp-json\/wp\/v2\/pages"}],"about":[{"href":"https:\/\/www.accuratereviews.com\/it\/wp-json\/wp\/v2\/types\/page"}],"author":[{"embeddable":true,"href":"https:\/\/www.accuratereviews.com\/it\/wp-json\/wp\/v2\/users\/17"}],"replies":[{"embeddable":true,"href":"https:\/\/www.accuratereviews.com\/it\/wp-json\/wp\/v2\/comments?post=81525"}],"version-history":[{"count":4,"href":"https:\/\/www.accuratereviews.com\/it\/wp-json\/wp\/v2\/pages\/81525\/revisions"}],"predecessor-version":[{"id":81547,"href":"https:\/\/www.accuratereviews.com\/it\/wp-json\/wp\/v2\/pages\/81525\/revisions\/81547"}],"up":[{"embeddable":true,"href":"https:\/\/www.accuratereviews.com\/it\/wp-json\/wp\/v2\/pages\/81131"}],"wp:featuredmedia":[{"embeddable":true,"href":"https:\/\/www.accuratereviews.com\/it\/wp-json\/wp\/v2\/media\/81536"}],"wp:attachment":[{"href":"https:\/\/www.accuratereviews.com\/it\/wp-json\/wp\/v2\/media?parent=81525"}],"wp:term":[{"taxonomy":"category","embeddable":true,"href":"https:\/\/www.accuratereviews.com\/it\/wp-json\/wp\/v2\/categories?post=81525"},{"taxonomy":"post_tag","embeddable":true,"href":"https:\/\/www.accuratereviews.com\/it\/wp-json\/wp\/v2\/tags?post=81525"},{"taxonomy":"features","embeddable":true,"href":"https:\/\/www.accuratereviews.com\/it\/wp-json\/wp\/v2\/features?post=81525"}],"curies":[{"name":"wp","href":"https:\/\/api.w.org\/{rel}","templated":true}]}}