{"id":81581,"date":"2024-12-24T16:24:21","date_gmt":"2024-12-24T16:24:21","guid":{"rendered":"https:\/\/www.accuratereviews.com\/?page_id=81581"},"modified":"2024-12-24T16:24:21","modified_gmt":"2024-12-24T16:24:21","slug":"accessibe-recensione","status":"publish","type":"page","link":"https:\/\/www.accuratereviews.com\/it\/software-intelligenza-artificiale\/accessibe-recensione\/","title":{"rendered":"accessiBe"},"content":{"rendered":"<p><strong>accessiBe<\/strong> \u00e8 un<strong> software di gestione della conformit\u00e0<\/strong>, basato su <strong>cloud<\/strong>, progettato per aiutare le aziende a garantire la conformit\u00e0 alle Web Content Accessibility Guidelines (WCAG) e all&#8217;Americans with Disabilities Act (ADA) su tutti i siti web. La piattaforma include funzionalit\u00e0 di white-labeling, che consentono alle organizzazioni di personalizzare l&#8217;interfaccia con colori, icone, immagini e altro ancora.<br \/>\nLo screen reader, abilitato all&#8217;<strong>intelligenza artificiale (AI)<\/strong> in <strong>accessiBe<\/strong>, esegue automaticamente la scansione, la valutazione e l&#8217;identificazione di tag, immagini, moduli e altri elementi nei siti web, consentendo agli utenti non vedenti di ottenere contesto e navigare nelle pagine web. L&#8217;applicazione consente alle aziende di aggiungere glossari e dizionari live per aiutare le persone con disturbi cognitivi a visualizzare i significati di frasi, abbreviazioni e slang in tempo reale. Supporta inoltre l&#8217;integrazione con diverse piattaforme, tra cui WooCommerce, Joomla, Drupal, Shopify, Magento, PrestaShop e altre ancora.<\/p>\n<h2>ACCESSIBE &#8211; TUTORIAL<\/h2>\n<div id=\"fluid-wrapper-counter-1\" class=\"g1-fluid-wrapper \" style=\"width:686px;\">\n<div style=\"padding-bottom:56.268221574344%;\"><iframe loading=\"lazy\" title=\"accessiBe | A 9-minute Demo of the #1 Web Accessibility Solution for ADA and WCAG Compliance\" width=\"686\" height=\"386\" src=\"https:\/\/www.youtube.com\/embed\/YRto1QedAE4?feature=oembed&amp;wmode=transparent&amp;autohide=1&amp;autoplay=0&amp;disablekb=0&amp;fs=1&amp;loop=0&amp;enablejsapi=1&amp;rel=0&amp;controls=2&amp;showinfo=0&amp;wmode=transparent&amp;autohide=2&amp;autoplay=0&amp;disablekb=0&amp;fs=1&amp;loop=0&amp;enablejsapi=1&amp;rel=0&amp;controls=2&amp;showinfo=1\" frameborder=\"0\" allow=\"accelerometer; autoplay; clipboard-write; encrypted-media; gyroscope; picture-in-picture; web-share\" referrerpolicy=\"strict-origin-when-cross-origin\" allowfullscreen><\/iframe><\/div>\n<\/div>\n<h3>ACCESSIBE &#8211; CARATTERISTICHE<\/h3>\n<ul>\n<li><strong>Ottieni la conformit\u00e0 senza complessit\u00e0<\/strong>: semplifica la conformit\u00e0 all&#8217;accessibilit\u00e0 web con scansione automatizzata e correzioni di codice personalizzate<\/li>\n<li><strong>Lavora velocemente con un&#8217;accessibilit\u00e0 senza attriti:<\/strong> integra l&#8217;accessibilit\u00e0 direttamente nel tuo ciclo di sviluppo, risparmiando tempo e riducendo il debito tecnico<\/li>\n<li><strong>Crea esperienze utente migliori:<\/strong> migliora l&#8217;esperienza utente e migliora le prestazioni del sito web mentre promuovi l&#8217;inclusione<\/li>\n<li><strong>Accessibilit\u00e0 multimediale<\/strong>: consenti a tutti l&#8217;accesso alle tue risorse audio e video con sottotitoli chiusi e aperti, trascrizioni descrittive e descrizioni audio<\/li>\n<li><strong>Test utente<\/strong>: ottieni feedback dettagliati da utenti reali con disabilit\u00e0<\/li>\n<li><strong>App mobili<\/strong>: assicurati che le tue app mobili offrano la migliore esperienza per utenti con diverse abilit\u00e0<\/li>\n<li><strong>Design e grafica accessibili<\/strong>: assicurati che i tuoi file di progettazione siano inclusivi con immagini e grafici accessibili<\/li>\n<li><strong>Audit di accessibilit\u00e0<\/strong>: valuta la tua accessibilit\u00e0 con VPAT e audit completi di esperti delle tue risorse web<\/li>\n<li><strong>Accessibilit\u00e0 dei file<\/strong>: garantisci che i tuoi documenti siano accessibili con l&#8217;audit e la correzione dei file per PDF, file di Microsoft Office, presentazioni e altro ancora<\/li>\n<\/ul>\n<h4>LE RECENSIONI DEGLI UTENTI<\/h4>\n<p><strong>Andre &#8220;La soluzione di accessibilit\u00e0 web pi\u00f9 semplice e completa sul mercato&#8221;<\/strong><br \/>\n<strong>Commenti<\/strong>: Ne sono davvero soddisfatto, \u00e8 il modo pi\u00f9 semplice possibile per essere conforme all&#8217;ADA e accessibile.<br \/>\n<strong>Pro<\/strong>: Incredibilmente facile da installare e integrare, anche per siti web che sono sopra la media in termini di complessit\u00e0 di progettazione. L&#8217;interfaccia utente \u00e8 intuitiva e facile da usare, rendendo le regolazioni un gioco da ragazzi anche per coloro che non sono particolarmente esperti di tecnologia.<br \/>\n<strong>Contro<\/strong>: L&#8217;aspetto white label non \u00e8 ovvio, anche se \u00e8 una funzionalit\u00e0 eccezionale, quindi sarebbe meglio avere una migliore documentazione in merito.<\/p>\n<p><strong>Sam &#8220;Buon prodotto di facile installazione&#8221;<\/strong><br \/>\n<strong>Commenti<\/strong>: Era buono e soddisfa le nostre esigenze. Ma dopo anni di abbonamento, siamo passati a un&#8217;alternativa a causa dell&#8217;aumento dei prezzi.<br \/>\n<strong>Pro<\/strong>: Il prodotto \u00e8 facile da installare sul sito web e ha la documentazione adeguata<br \/>\n<strong>Contro<\/strong>: Il prezzo dell&#8217;abbonamento \u00e8 stato aumentato.<\/p>\n<p><strong>Eva &#8220;Mancanza di prezzi trasparenti&#8221;<\/strong><br \/>\n<strong>Commenti<\/strong>: Non sono stato per niente soddisfatto della mia esperienza. Ho avuto la sensazione che i prezzi non fossero trasparenti ed \u00e8 stato difficile annullare l&#8217;abbonamento.<br \/>\n<strong>Pro<\/strong>: Accessibe ha reso tecnicamente il mio sito web conforme all&#8217;ADA.<br \/>\n<strong>Contro<\/strong>: Sono rimasto molto deluso, aumentato dopo aver pagato in anticipo per un anno. Mi hanno fatturato 900 $ in pi\u00f9.<\/p>\n","protected":false},"excerpt":{"rendered":"<p>accessiBe \u00e8 un software di gestione della conformit\u00e0, basato su cloud, progettato per aiutare le aziende a garantire la conformit\u00e0 alle Web Content Accessibility Guidelines (WCAG) e all&#8217;Americans with Disabilities Act (ADA) su tutti i siti web. La piattaforma include funzionalit\u00e0 di white-labeling, che consentono alle organizzazioni di personalizzare l&#8217;interfaccia con colori, icone, immagini e altro ancora.<\/p>\n","protected":false},"author":19,"featured_media":81584,"parent":79864,"menu_order":0,"comment_status":"open","ping_status":"closed","template":"g1_template_page_review_new.php","meta":{"_acf_changed":false,"cwp_meta_box_check":"No","cwp_rev_product_name":"","cwp_rev_product_image":"","wppr_links":[],"cwp_rev_price":"","wppr_options":[],"wppr_pros":[],"wppr_cons":[],"_monsterinsights_skip_tracking":false,"_monsterinsights_sitenote_active":false,"_monsterinsights_sitenote_note":"","_monsterinsights_sitenote_category":0,"footnotes":""},"categories":[15435],"tags":[15661,997,998,15441,15440,15479,15480],"features":[],"class_list":{"0":"post-81581","1":"page","2":"type-page","3":"status-publish","4":"has-post-thumbnail","6":"category-software-intelligenza-artificiale-cat","7":"tag-accessibe","8":"tag-ai","9":"tag-intelligenza-artificiale","10":"tag-piattaforma-intelligenza-artificiale","11":"tag-programma-intelligenza-artificiale","12":"tag-software-intelligenza-artificiale","13":"tag-soluzione-intelligenza-artificiale"},"wppr_data":{"cwp_meta_box_check":"No"},"acf":[],"yoast_head":"<!-- This site is optimized with the Yoast SEO plugin v27.4 - https:\/\/yoast.com\/product\/yoast-seo-wordpress\/ -->\n<title>AccessiBe: recensione software intelligenza artificiale - Accurate Reviews<\/title>\n<meta name=\"description\" content=\"AccessiBe: recensione software AI che include funzionalit\u00e0 di white-labeling per personalizzare l&#039;interfaccia con colori, icone e immagini.\" \/>\n<meta name=\"robots\" content=\"index, follow, max-snippet:-1, max-image-preview:large, max-video-preview:-1\" \/>\n<link rel=\"canonical\" href=\"https:\/\/www.accuratereviews.com\/it\/software-intelligenza-artificiale\/accessibe-recensione\/\" \/>\n<meta property=\"og:locale\" content=\"it_IT\" \/>\n<meta property=\"og:type\" content=\"article\" \/>\n<meta property=\"og:title\" content=\"AccessiBe: recensione software intelligenza artificiale - Accurate Reviews\" \/>\n<meta property=\"og:description\" content=\"AccessiBe: recensione software AI che include funzionalit\u00e0 di white-labeling per personalizzare l&#039;interfaccia con colori, icone e immagini.\" \/>\n<meta property=\"og:url\" content=\"https:\/\/www.accuratereviews.com\/it\/software-intelligenza-artificiale\/accessibe-recensione\/\" \/>\n<meta property=\"og:site_name\" content=\"Accurate Reviews\" \/>\n<meta property=\"og:image\" content=\"https:\/\/www.accuratereviews.com\/wp-content\/uploads\/2024\/12\/accessiBe.png\" \/>\n\t<meta property=\"og:image:width\" content=\"1000\" \/>\n\t<meta property=\"og:image:height\" content=\"1000\" \/>\n\t<meta property=\"og:image:type\" content=\"image\/png\" \/>\n<meta name=\"twitter:card\" content=\"summary_large_image\" \/>\n<meta name=\"twitter:label1\" content=\"Tempo di lettura stimato\" \/>\n\t<meta name=\"twitter:data1\" content=\"4 minuti\" \/>\n<script type=\"application\/ld+json\" class=\"yoast-schema-graph\">{\"@context\":\"https:\\\/\\\/schema.org\",\"@graph\":[{\"@type\":\"WebPage\",\"@id\":\"https:\\\/\\\/www.accuratereviews.com\\\/it\\\/software-intelligenza-artificiale\\\/accessibe-recensione\\\/\",\"url\":\"https:\\\/\\\/www.accuratereviews.com\\\/it\\\/software-intelligenza-artificiale\\\/accessibe-recensione\\\/\",\"name\":\"AccessiBe: recensione software intelligenza artificiale - Accurate Reviews\",\"isPartOf\":{\"@id\":\"https:\\\/\\\/www.accuratereviews.com\\\/it\\\/#website\"},\"primaryImageOfPage\":{\"@id\":\"https:\\\/\\\/www.accuratereviews.com\\\/it\\\/software-intelligenza-artificiale\\\/accessibe-recensione\\\/#primaryimage\"},\"image\":{\"@id\":\"https:\\\/\\\/www.accuratereviews.com\\\/it\\\/software-intelligenza-artificiale\\\/accessibe-recensione\\\/#primaryimage\"},\"thumbnailUrl\":\"https:\\\/\\\/www.accuratereviews.com\\\/wp-content\\\/uploads\\\/2024\\\/12\\\/accessiBe.png\",\"datePublished\":\"2024-12-24T16:24:21+00:00\",\"description\":\"AccessiBe: recensione software AI che include funzionalit\u00e0 di white-labeling per personalizzare l'interfaccia con colori, icone e immagini.\",\"breadcrumb\":{\"@id\":\"https:\\\/\\\/www.accuratereviews.com\\\/it\\\/software-intelligenza-artificiale\\\/accessibe-recensione\\\/#breadcrumb\"},\"inLanguage\":\"it-IT\",\"potentialAction\":[{\"@type\":\"ReadAction\",\"target\":[\"https:\\\/\\\/www.accuratereviews.com\\\/it\\\/software-intelligenza-artificiale\\\/accessibe-recensione\\\/\"]}]},{\"@type\":\"ImageObject\",\"inLanguage\":\"it-IT\",\"@id\":\"https:\\\/\\\/www.accuratereviews.com\\\/it\\\/software-intelligenza-artificiale\\\/accessibe-recensione\\\/#primaryimage\",\"url\":\"https:\\\/\\\/www.accuratereviews.com\\\/wp-content\\\/uploads\\\/2024\\\/12\\\/accessiBe.png\",\"contentUrl\":\"https:\\\/\\\/www.accuratereviews.com\\\/wp-content\\\/uploads\\\/2024\\\/12\\\/accessiBe.png\",\"width\":1000,\"height\":1000},{\"@type\":\"BreadcrumbList\",\"@id\":\"https:\\\/\\\/www.accuratereviews.com\\\/it\\\/software-intelligenza-artificiale\\\/accessibe-recensione\\\/#breadcrumb\",\"itemListElement\":[{\"@type\":\"ListItem\",\"position\":1,\"name\":\"Home\",\"item\":\"https:\\\/\\\/www.accuratereviews.com\\\/it\\\/\"},{\"@type\":\"ListItem\",\"position\":2,\"name\":\"Software di intelligenza artificiale\",\"item\":\"https:\\\/\\\/www.accuratereviews.com\\\/it\\\/software-intelligenza-artificiale\\\/\"},{\"@type\":\"ListItem\",\"position\":3,\"name\":\"accessiBe\"}]},{\"@type\":\"WebSite\",\"@id\":\"https:\\\/\\\/www.accuratereviews.com\\\/it\\\/#website\",\"url\":\"https:\\\/\\\/www.accuratereviews.com\\\/it\\\/\",\"name\":\"Accurate Reviews\",\"description\":\"\",\"potentialAction\":[{\"@type\":\"SearchAction\",\"target\":{\"@type\":\"EntryPoint\",\"urlTemplate\":\"https:\\\/\\\/www.accuratereviews.com\\\/it\\\/?s={search_term_string}\"},\"query-input\":{\"@type\":\"PropertyValueSpecification\",\"valueRequired\":true,\"valueName\":\"search_term_string\"}}],\"inLanguage\":\"it-IT\"}]}<\/script>\n<!-- \/ Yoast SEO plugin. -->","yoast_head_json":{"title":"AccessiBe: recensione software intelligenza artificiale - Accurate Reviews","description":"AccessiBe: recensione software AI che include funzionalit\u00e0 di white-labeling per personalizzare l'interfaccia con colori, icone e immagini.","robots":{"index":"index","follow":"follow","max-snippet":"max-snippet:-1","max-image-preview":"max-image-preview:large","max-video-preview":"max-video-preview:-1"},"canonical":"https:\/\/www.accuratereviews.com\/it\/software-intelligenza-artificiale\/accessibe-recensione\/","og_locale":"it_IT","og_type":"article","og_title":"AccessiBe: recensione software intelligenza artificiale - Accurate Reviews","og_description":"AccessiBe: recensione software AI che include funzionalit\u00e0 di white-labeling per personalizzare l'interfaccia con colori, icone e immagini.","og_url":"https:\/\/www.accuratereviews.com\/it\/software-intelligenza-artificiale\/accessibe-recensione\/","og_site_name":"Accurate Reviews","og_image":[{"width":1000,"height":1000,"url":"https:\/\/www.accuratereviews.com\/wp-content\/uploads\/2024\/12\/accessiBe.png","type":"image\/png"}],"twitter_card":"summary_large_image","twitter_misc":{"Tempo di lettura stimato":"4 minuti"},"schema":{"@context":"https:\/\/schema.org","@graph":[{"@type":"WebPage","@id":"https:\/\/www.accuratereviews.com\/it\/software-intelligenza-artificiale\/accessibe-recensione\/","url":"https:\/\/www.accuratereviews.com\/it\/software-intelligenza-artificiale\/accessibe-recensione\/","name":"AccessiBe: recensione software intelligenza artificiale - Accurate Reviews","isPartOf":{"@id":"https:\/\/www.accuratereviews.com\/it\/#website"},"primaryImageOfPage":{"@id":"https:\/\/www.accuratereviews.com\/it\/software-intelligenza-artificiale\/accessibe-recensione\/#primaryimage"},"image":{"@id":"https:\/\/www.accuratereviews.com\/it\/software-intelligenza-artificiale\/accessibe-recensione\/#primaryimage"},"thumbnailUrl":"https:\/\/www.accuratereviews.com\/wp-content\/uploads\/2024\/12\/accessiBe.png","datePublished":"2024-12-24T16:24:21+00:00","description":"AccessiBe: recensione software AI che include funzionalit\u00e0 di white-labeling per personalizzare l'interfaccia con colori, icone e immagini.","breadcrumb":{"@id":"https:\/\/www.accuratereviews.com\/it\/software-intelligenza-artificiale\/accessibe-recensione\/#breadcrumb"},"inLanguage":"it-IT","potentialAction":[{"@type":"ReadAction","target":["https:\/\/www.accuratereviews.com\/it\/software-intelligenza-artificiale\/accessibe-recensione\/"]}]},{"@type":"ImageObject","inLanguage":"it-IT","@id":"https:\/\/www.accuratereviews.com\/it\/software-intelligenza-artificiale\/accessibe-recensione\/#primaryimage","url":"https:\/\/www.accuratereviews.com\/wp-content\/uploads\/2024\/12\/accessiBe.png","contentUrl":"https:\/\/www.accuratereviews.com\/wp-content\/uploads\/2024\/12\/accessiBe.png","width":1000,"height":1000},{"@type":"BreadcrumbList","@id":"https:\/\/www.accuratereviews.com\/it\/software-intelligenza-artificiale\/accessibe-recensione\/#breadcrumb","itemListElement":[{"@type":"ListItem","position":1,"name":"Home","item":"https:\/\/www.accuratereviews.com\/it\/"},{"@type":"ListItem","position":2,"name":"Software di intelligenza artificiale","item":"https:\/\/www.accuratereviews.com\/it\/software-intelligenza-artificiale\/"},{"@type":"ListItem","position":3,"name":"accessiBe"}]},{"@type":"WebSite","@id":"https:\/\/www.accuratereviews.com\/it\/#website","url":"https:\/\/www.accuratereviews.com\/it\/","name":"Accurate Reviews","description":"","potentialAction":[{"@type":"SearchAction","target":{"@type":"EntryPoint","urlTemplate":"https:\/\/www.accuratereviews.com\/it\/?s={search_term_string}"},"query-input":{"@type":"PropertyValueSpecification","valueRequired":true,"valueName":"search_term_string"}}],"inLanguage":"it-IT"}]}},"_links":{"self":[{"href":"https:\/\/www.accuratereviews.com\/it\/wp-json\/wp\/v2\/pages\/81581","targetHints":{"allow":["GET"]}}],"collection":[{"href":"https:\/\/www.accuratereviews.com\/it\/wp-json\/wp\/v2\/pages"}],"about":[{"href":"https:\/\/www.accuratereviews.com\/it\/wp-json\/wp\/v2\/types\/page"}],"author":[{"embeddable":true,"href":"https:\/\/www.accuratereviews.com\/it\/wp-json\/wp\/v2\/users\/19"}],"replies":[{"embeddable":true,"href":"https:\/\/www.accuratereviews.com\/it\/wp-json\/wp\/v2\/comments?post=81581"}],"version-history":[{"count":9,"href":"https:\/\/www.accuratereviews.com\/it\/wp-json\/wp\/v2\/pages\/81581\/revisions"}],"predecessor-version":[{"id":81616,"href":"https:\/\/www.accuratereviews.com\/it\/wp-json\/wp\/v2\/pages\/81581\/revisions\/81616"}],"up":[{"embeddable":true,"href":"https:\/\/www.accuratereviews.com\/it\/wp-json\/wp\/v2\/pages\/79864"}],"wp:featuredmedia":[{"embeddable":true,"href":"https:\/\/www.accuratereviews.com\/it\/wp-json\/wp\/v2\/media\/81584"}],"wp:attachment":[{"href":"https:\/\/www.accuratereviews.com\/it\/wp-json\/wp\/v2\/media?parent=81581"}],"wp:term":[{"taxonomy":"category","embeddable":true,"href":"https:\/\/www.accuratereviews.com\/it\/wp-json\/wp\/v2\/categories?post=81581"},{"taxonomy":"post_tag","embeddable":true,"href":"https:\/\/www.accuratereviews.com\/it\/wp-json\/wp\/v2\/tags?post=81581"},{"taxonomy":"features","embeddable":true,"href":"https:\/\/www.accuratereviews.com\/it\/wp-json\/wp\/v2\/features?post=81581"}],"curies":[{"name":"wp","href":"https:\/\/api.w.org\/{rel}","templated":true}]}}