{"id":81765,"date":"2024-12-30T14:29:59","date_gmt":"2024-12-30T14:29:59","guid":{"rendered":"https:\/\/www.accuratereviews.com\/?page_id=81765"},"modified":"2025-01-02T18:29:49","modified_gmt":"2025-01-02T18:29:49","slug":"skillshare-recensione","status":"publish","type":"page","link":"https:\/\/www.accuratereviews.com\/it\/piattaforme-e-learning\/skillshare-recensione\/","title":{"rendered":"Skillshare"},"content":{"rendered":"<p><strong>Skillshare<\/strong> \u00e8 una <strong>piattaforma di e-learning<\/strong> pensata principalmente per creativi e professionisti che desiderano sviluppare nuove competenze o affinare quelle gi\u00e0 acquisite. Con una libreria che include migliaia di corsi su argomenti come design grafico, scrittura, fotografia, marketing, sviluppo personale e altro, questa soluzione si distingue per il suo approccio accessibile e pratico all&#8217;apprendimento.<br \/>\nPerfetta per chi cerca corsi pratici e diretti, la piattaforma offre lezioni video in formato breve che si adattano facilmente alla routine quotidiana. <strong>Skillshare<\/strong> si presenta come un&#8217;opzione valida per migliorare il proprio arsenale di competenze in modo dinamico, grazie a contenuti curati da esperti e professionisti del settore.<\/p>\n<h2>SKILLSHARE &#8211; TUTORIAL<\/h2>\n<div id=\"fluid-wrapper-counter-1\" class=\"g1-fluid-wrapper \" style=\"width:686px;\">\n<div style=\"padding-bottom:56.268221574344%;\"><iframe loading=\"lazy\" title=\"YouTube for Beginners: Creating and Growing Your First Channel\" width=\"686\" height=\"386\" src=\"https:\/\/www.youtube.com\/embed\/T9kzTuwS3co?feature=oembed&amp;wmode=transparent&amp;autohide=1&amp;autoplay=0&amp;disablekb=0&amp;fs=1&amp;loop=0&amp;enablejsapi=1&amp;rel=0&amp;controls=2&amp;showinfo=0&amp;wmode=transparent&amp;autohide=2&amp;autoplay=0&amp;disablekb=0&amp;fs=1&amp;loop=0&amp;enablejsapi=1&amp;rel=0&amp;controls=2&amp;showinfo=1\" frameborder=\"0\" allow=\"accelerometer; autoplay; clipboard-write; encrypted-media; gyroscope; picture-in-picture; web-share\" referrerpolicy=\"strict-origin-when-cross-origin\" allowfullscreen><\/iframe><\/div>\n<\/div>\n<h3>SKILLSHARE &#8211; CARATTERISTICHE<\/h3>\n<ul>\n<li><strong>Accesso illimitato con abbonamento<\/strong>: Tutti i corsi sono disponibili con un unico piano di abbonamento.<\/li>\n<li><strong>Lezioni brevi e concentrate<\/strong>: Ideali per apprendere concetti chiave in poco tempo.<\/li>\n<li><strong>Classi orientate alla pratica<\/strong>: Gli studenti sono incoraggiati a lavorare su progetti pratici.<\/li>\n<li><strong>Ampia variet\u00e0 di argomenti<\/strong>: Include corsi su creativit\u00e0, tecnologia, marketing, business e altro.<\/li>\n<li><strong>Comunit\u00e0 di apprendimento<\/strong>: Opportunit\u00e0 di scambio con altri studenti e insegnanti.<\/li>\n<li><strong>App mobile<\/strong>: Disponibile su dispositivi iOS e Android per apprendere ovunque.<\/li>\n<\/ul>\n<h4>LE RECENSIONI DEGLI UTENTI<\/h4>\n<p><strong>Richard S. \u201cUno strumento eccellente per i team da un marchio rinomato\u201d.<\/strong><br \/>\nCOMMENTI: Avendo utilizzato Skillshare come utente individuale per diversi anni, ho pensato che sarebbe stato perfetto come piattaforma di apprendimento al lavoro. Anche se la piattaforma mi \u00e8 piaciuta molto, purtroppo non ha funzionato come servizio permanente a causa dei costi e della mancanza di una reale necessit\u00e0.<br \/>\nPRO: Sono da tempo un fan della piattaforma di apprendimento Skillshare, quindi quando ho visto che avevano una versione collaborativa per i gruppi professionali, ero entusiasta di verificarla. Il mio aspetto preferito della piattaforma \u00e8 l&#8217;implementazione dell&#8217;interfaccia e dell&#8217;estetica di Skillshare.<br \/>\nCONTRO: l&#8217;aspetto meno apprezzato del servizio \u00e8 il costo. Sebbene non sia elevato rispetto ad altri strumenti simili, \u00e8 pi\u00f9 alto di quanto mi aspettassi e alla fine era troppo alto per un&#8217;implementazione permanente.<\/p>\n<p><strong>Matt L. \u201cOttima opzione di apprendimento per il prezzo\u201d.<\/strong><br \/>\nPRO: Ha una TONNELLATA di opzioni di classe tra cui scegliere quando abbiamo tempo libero nel nostro ufficio. L&#8217;interfaccia web \u00e8 facile da navigare.<br \/>\nCONTRO: NULLA. Tutto il nostro team ha avuto un&#8217;ottima esperienza.<\/p>\n<p><strong>Osarumwense I. \u201cSkillShare for Teams<\/strong><br \/>\nPRO: Una cosa che mi piace di Skillshare for Teams sono le lezioni dal vivo. L&#8217;interfaccia utente \u00e8 di prim&#8217;ordine.<br \/>\nCONTRO: \u00e8 costoso utilizzare Skillshare for Teams&#8230; i video impiegano molto tempo a caricarsi.<\/p>\n","protected":false},"excerpt":{"rendered":"<p>Skillshare \u00e8 una piattaforma di e-learning pensata principalmente per creativi e professionisti che desiderano sviluppare nuove competenze o affinare quelle gi\u00e0 acquisite. Con una libreria che include migliaia di corsi su argomenti come design grafico, scrittura, fotografia, marketing, sviluppo personale e altro, questa soluzione si distingue per il suo approccio accessibile e pratico all&#8217;apprendimento.<\/p>\n","protected":false},"author":17,"featured_media":81767,"parent":81131,"menu_order":0,"comment_status":"open","ping_status":"closed","template":"g1_template_page_review_new.php","meta":{"_acf_changed":false,"cwp_meta_box_check":"No","cwp_rev_product_name":"","cwp_rev_product_image":"","wppr_links":[],"cwp_rev_price":"","wppr_options":[],"wppr_pros":[],"wppr_cons":[],"_monsterinsights_skip_tracking":false,"_monsterinsights_sitenote_active":false,"_monsterinsights_sitenote_note":"","_monsterinsights_sitenote_category":0,"footnotes":""},"categories":[15634],"tags":[4708,13045,15629,13044,13043],"features":[],"class_list":{"0":"post-81765","1":"page","2":"type-page","3":"status-publish","4":"has-post-thumbnail","6":"category-piattaforme-e-learning-cat","7":"tag-piattaforma-di-e-learning","8":"tag-programma-di-e-learning","9":"tag-skillshare","10":"tag-software-di-e-learnig","11":"tag-soluzioni-di-e-learning"},"wppr_data":{"cwp_meta_box_check":"No"},"acf":[],"yoast_head":"<!-- This site is optimized with the Yoast SEO plugin v27.4 - https:\/\/yoast.com\/product\/yoast-seo-wordpress\/ -->\n<title>Skillshare: recensione piattaforma e-learning - Accurate Reviews<\/title>\n<meta name=\"description\" content=\"Skillshare: piattaforma e-learning pensata principalmente per creativi e professionisti che desiderano sviluppare nuove competenze.\" \/>\n<meta name=\"robots\" content=\"index, follow, max-snippet:-1, max-image-preview:large, max-video-preview:-1\" \/>\n<link rel=\"canonical\" href=\"https:\/\/www.accuratereviews.com\/it\/piattaforme-e-learning\/skillshare-recensione\/\" \/>\n<meta property=\"og:locale\" content=\"it_IT\" \/>\n<meta property=\"og:type\" content=\"article\" \/>\n<meta property=\"og:title\" content=\"Skillshare: recensione piattaforma e-learning - Accurate Reviews\" \/>\n<meta property=\"og:description\" content=\"Skillshare: piattaforma e-learning pensata principalmente per creativi e professionisti che desiderano sviluppare nuove competenze.\" \/>\n<meta property=\"og:url\" content=\"https:\/\/www.accuratereviews.com\/it\/piattaforme-e-learning\/skillshare-recensione\/\" \/>\n<meta property=\"og:site_name\" content=\"Accurate Reviews\" \/>\n<meta property=\"article:modified_time\" content=\"2025-01-02T18:29:49+00:00\" \/>\n<meta property=\"og:image\" content=\"https:\/\/www.accuratereviews.com\/wp-content\/uploads\/2024\/12\/Skillshare.jpg\" \/>\n\t<meta property=\"og:image:width\" content=\"1279\" \/>\n\t<meta property=\"og:image:height\" content=\"1175\" \/>\n\t<meta property=\"og:image:type\" content=\"image\/jpeg\" \/>\n<meta name=\"twitter:card\" content=\"summary_large_image\" \/>\n<meta name=\"twitter:label1\" content=\"Tempo di lettura stimato\" \/>\n\t<meta name=\"twitter:data1\" content=\"3 minuti\" \/>\n<script type=\"application\/ld+json\" class=\"yoast-schema-graph\">{\"@context\":\"https:\\\/\\\/schema.org\",\"@graph\":[{\"@type\":\"WebPage\",\"@id\":\"https:\\\/\\\/www.accuratereviews.com\\\/it\\\/piattaforme-e-learning\\\/skillshare-recensione\\\/\",\"url\":\"https:\\\/\\\/www.accuratereviews.com\\\/it\\\/piattaforme-e-learning\\\/skillshare-recensione\\\/\",\"name\":\"Skillshare: recensione piattaforma e-learning - Accurate Reviews\",\"isPartOf\":{\"@id\":\"https:\\\/\\\/www.accuratereviews.com\\\/it\\\/#website\"},\"primaryImageOfPage\":{\"@id\":\"https:\\\/\\\/www.accuratereviews.com\\\/it\\\/piattaforme-e-learning\\\/skillshare-recensione\\\/#primaryimage\"},\"image\":{\"@id\":\"https:\\\/\\\/www.accuratereviews.com\\\/it\\\/piattaforme-e-learning\\\/skillshare-recensione\\\/#primaryimage\"},\"thumbnailUrl\":\"https:\\\/\\\/www.accuratereviews.com\\\/wp-content\\\/uploads\\\/2024\\\/12\\\/Skillshare.jpg\",\"datePublished\":\"2024-12-30T14:29:59+00:00\",\"dateModified\":\"2025-01-02T18:29:49+00:00\",\"description\":\"Skillshare: piattaforma e-learning pensata principalmente per creativi e professionisti che desiderano sviluppare nuove competenze.\",\"breadcrumb\":{\"@id\":\"https:\\\/\\\/www.accuratereviews.com\\\/it\\\/piattaforme-e-learning\\\/skillshare-recensione\\\/#breadcrumb\"},\"inLanguage\":\"it-IT\",\"potentialAction\":[{\"@type\":\"ReadAction\",\"target\":[\"https:\\\/\\\/www.accuratereviews.com\\\/it\\\/piattaforme-e-learning\\\/skillshare-recensione\\\/\"]}]},{\"@type\":\"ImageObject\",\"inLanguage\":\"it-IT\",\"@id\":\"https:\\\/\\\/www.accuratereviews.com\\\/it\\\/piattaforme-e-learning\\\/skillshare-recensione\\\/#primaryimage\",\"url\":\"https:\\\/\\\/www.accuratereviews.com\\\/wp-content\\\/uploads\\\/2024\\\/12\\\/Skillshare.jpg\",\"contentUrl\":\"https:\\\/\\\/www.accuratereviews.com\\\/wp-content\\\/uploads\\\/2024\\\/12\\\/Skillshare.jpg\",\"width\":1279,\"height\":1175},{\"@type\":\"BreadcrumbList\",\"@id\":\"https:\\\/\\\/www.accuratereviews.com\\\/it\\\/piattaforme-e-learning\\\/skillshare-recensione\\\/#breadcrumb\",\"itemListElement\":[{\"@type\":\"ListItem\",\"position\":1,\"name\":\"Home\",\"item\":\"https:\\\/\\\/www.accuratereviews.com\\\/it\\\/\"},{\"@type\":\"ListItem\",\"position\":2,\"name\":\"Piattaforme e-learning\",\"item\":\"https:\\\/\\\/www.accuratereviews.com\\\/it\\\/piattaforme-e-learning\\\/\"},{\"@type\":\"ListItem\",\"position\":3,\"name\":\"Skillshare\"}]},{\"@type\":\"WebSite\",\"@id\":\"https:\\\/\\\/www.accuratereviews.com\\\/it\\\/#website\",\"url\":\"https:\\\/\\\/www.accuratereviews.com\\\/it\\\/\",\"name\":\"Accurate Reviews\",\"description\":\"\",\"potentialAction\":[{\"@type\":\"SearchAction\",\"target\":{\"@type\":\"EntryPoint\",\"urlTemplate\":\"https:\\\/\\\/www.accuratereviews.com\\\/it\\\/?s={search_term_string}\"},\"query-input\":{\"@type\":\"PropertyValueSpecification\",\"valueRequired\":true,\"valueName\":\"search_term_string\"}}],\"inLanguage\":\"it-IT\"}]}<\/script>\n<!-- \/ Yoast SEO plugin. -->","yoast_head_json":{"title":"Skillshare: recensione piattaforma e-learning - Accurate Reviews","description":"Skillshare: piattaforma e-learning pensata principalmente per creativi e professionisti che desiderano sviluppare nuove competenze.","robots":{"index":"index","follow":"follow","max-snippet":"max-snippet:-1","max-image-preview":"max-image-preview:large","max-video-preview":"max-video-preview:-1"},"canonical":"https:\/\/www.accuratereviews.com\/it\/piattaforme-e-learning\/skillshare-recensione\/","og_locale":"it_IT","og_type":"article","og_title":"Skillshare: recensione piattaforma e-learning - Accurate Reviews","og_description":"Skillshare: piattaforma e-learning pensata principalmente per creativi e professionisti che desiderano sviluppare nuove competenze.","og_url":"https:\/\/www.accuratereviews.com\/it\/piattaforme-e-learning\/skillshare-recensione\/","og_site_name":"Accurate Reviews","article_modified_time":"2025-01-02T18:29:49+00:00","og_image":[{"width":1279,"height":1175,"url":"https:\/\/www.accuratereviews.com\/wp-content\/uploads\/2024\/12\/Skillshare.jpg","type":"image\/jpeg"}],"twitter_card":"summary_large_image","twitter_misc":{"Tempo di lettura stimato":"3 minuti"},"schema":{"@context":"https:\/\/schema.org","@graph":[{"@type":"WebPage","@id":"https:\/\/www.accuratereviews.com\/it\/piattaforme-e-learning\/skillshare-recensione\/","url":"https:\/\/www.accuratereviews.com\/it\/piattaforme-e-learning\/skillshare-recensione\/","name":"Skillshare: recensione piattaforma e-learning - Accurate Reviews","isPartOf":{"@id":"https:\/\/www.accuratereviews.com\/it\/#website"},"primaryImageOfPage":{"@id":"https:\/\/www.accuratereviews.com\/it\/piattaforme-e-learning\/skillshare-recensione\/#primaryimage"},"image":{"@id":"https:\/\/www.accuratereviews.com\/it\/piattaforme-e-learning\/skillshare-recensione\/#primaryimage"},"thumbnailUrl":"https:\/\/www.accuratereviews.com\/wp-content\/uploads\/2024\/12\/Skillshare.jpg","datePublished":"2024-12-30T14:29:59+00:00","dateModified":"2025-01-02T18:29:49+00:00","description":"Skillshare: piattaforma e-learning pensata principalmente per creativi e professionisti che desiderano sviluppare nuove competenze.","breadcrumb":{"@id":"https:\/\/www.accuratereviews.com\/it\/piattaforme-e-learning\/skillshare-recensione\/#breadcrumb"},"inLanguage":"it-IT","potentialAction":[{"@type":"ReadAction","target":["https:\/\/www.accuratereviews.com\/it\/piattaforme-e-learning\/skillshare-recensione\/"]}]},{"@type":"ImageObject","inLanguage":"it-IT","@id":"https:\/\/www.accuratereviews.com\/it\/piattaforme-e-learning\/skillshare-recensione\/#primaryimage","url":"https:\/\/www.accuratereviews.com\/wp-content\/uploads\/2024\/12\/Skillshare.jpg","contentUrl":"https:\/\/www.accuratereviews.com\/wp-content\/uploads\/2024\/12\/Skillshare.jpg","width":1279,"height":1175},{"@type":"BreadcrumbList","@id":"https:\/\/www.accuratereviews.com\/it\/piattaforme-e-learning\/skillshare-recensione\/#breadcrumb","itemListElement":[{"@type":"ListItem","position":1,"name":"Home","item":"https:\/\/www.accuratereviews.com\/it\/"},{"@type":"ListItem","position":2,"name":"Piattaforme e-learning","item":"https:\/\/www.accuratereviews.com\/it\/piattaforme-e-learning\/"},{"@type":"ListItem","position":3,"name":"Skillshare"}]},{"@type":"WebSite","@id":"https:\/\/www.accuratereviews.com\/it\/#website","url":"https:\/\/www.accuratereviews.com\/it\/","name":"Accurate Reviews","description":"","potentialAction":[{"@type":"SearchAction","target":{"@type":"EntryPoint","urlTemplate":"https:\/\/www.accuratereviews.com\/it\/?s={search_term_string}"},"query-input":{"@type":"PropertyValueSpecification","valueRequired":true,"valueName":"search_term_string"}}],"inLanguage":"it-IT"}]}},"_links":{"self":[{"href":"https:\/\/www.accuratereviews.com\/it\/wp-json\/wp\/v2\/pages\/81765","targetHints":{"allow":["GET"]}}],"collection":[{"href":"https:\/\/www.accuratereviews.com\/it\/wp-json\/wp\/v2\/pages"}],"about":[{"href":"https:\/\/www.accuratereviews.com\/it\/wp-json\/wp\/v2\/types\/page"}],"author":[{"embeddable":true,"href":"https:\/\/www.accuratereviews.com\/it\/wp-json\/wp\/v2\/users\/17"}],"replies":[{"embeddable":true,"href":"https:\/\/www.accuratereviews.com\/it\/wp-json\/wp\/v2\/comments?post=81765"}],"version-history":[{"count":2,"href":"https:\/\/www.accuratereviews.com\/it\/wp-json\/wp\/v2\/pages\/81765\/revisions"}],"predecessor-version":[{"id":81779,"href":"https:\/\/www.accuratereviews.com\/it\/wp-json\/wp\/v2\/pages\/81765\/revisions\/81779"}],"up":[{"embeddable":true,"href":"https:\/\/www.accuratereviews.com\/it\/wp-json\/wp\/v2\/pages\/81131"}],"wp:featuredmedia":[{"embeddable":true,"href":"https:\/\/www.accuratereviews.com\/it\/wp-json\/wp\/v2\/media\/81767"}],"wp:attachment":[{"href":"https:\/\/www.accuratereviews.com\/it\/wp-json\/wp\/v2\/media?parent=81765"}],"wp:term":[{"taxonomy":"category","embeddable":true,"href":"https:\/\/www.accuratereviews.com\/it\/wp-json\/wp\/v2\/categories?post=81765"},{"taxonomy":"post_tag","embeddable":true,"href":"https:\/\/www.accuratereviews.com\/it\/wp-json\/wp\/v2\/tags?post=81765"},{"taxonomy":"features","embeddable":true,"href":"https:\/\/www.accuratereviews.com\/it\/wp-json\/wp\/v2\/features?post=81765"}],"curies":[{"name":"wp","href":"https:\/\/api.w.org\/{rel}","templated":true}]}}