{"id":81830,"date":"2025-01-02T16:29:00","date_gmt":"2025-01-02T16:29:00","guid":{"rendered":"https:\/\/www.accuratereviews.com\/?page_id=81830"},"modified":"2025-01-02T16:29:00","modified_gmt":"2025-01-02T16:29:00","slug":"chatbot-recensione","status":"publish","type":"page","link":"https:\/\/www.accuratereviews.com\/it\/software-intelligenza-artificiale\/chatbot-recensione\/","title":{"rendered":"ChatBot"},"content":{"rendered":"<p><strong>Chatbot<\/strong>, attraverso l&#8217;<strong>intelligenza artificiale<\/strong>, permette di creare<strong> chatbot<\/strong> in pochi minuti con diversi modelli e automatizza subito le attivit\u00e0 chiave. Trascina e rilascia facilmente nuovi elementi per adattare qualsiasi modello alle tue esigenze. Progetta esperienze di conversazione fluide per costruire relazioni migliori con i tuoi clienti. Invia risposte dinamiche che incoraggiano i clienti a chattare e interagire. Mescola e abbina testo, immagini, pulsanti e risposte rapide per mostrare il tuo marchio, i tuoi prodotti e i tuoi servizi.<br \/>\nCollega il tuo chatbot a qualsiasi cosa ti venga in mente utilizzando API aperte, webhook e Zapier.<\/p>\n<p><a href=\"https:\/\/www.accuratereviews.com\/wp-content\/uploads\/2025\/01\/Screenshot-2025-01-02-alle-11.05.36.png\"><img loading=\"lazy\" decoding=\"async\" class=\"wp-image-81839 size-full aligncenter\" src=\"https:\/\/www.accuratereviews.com\/wp-content\/uploads\/2025\/01\/Screenshot-2025-01-02-alle-11.05.36.png\" alt=\"\" width=\"1198\" height=\"676\" srcset=\"https:\/\/www.accuratereviews.com\/wp-content\/uploads\/2025\/01\/Screenshot-2025-01-02-alle-11.05.36.png 1198w, https:\/\/www.accuratereviews.com\/wp-content\/uploads\/2025\/01\/Screenshot-2025-01-02-alle-11.05.36-300x169.png 300w, https:\/\/www.accuratereviews.com\/wp-content\/uploads\/2025\/01\/Screenshot-2025-01-02-alle-11.05.36-1024x578.png 1024w, https:\/\/www.accuratereviews.com\/wp-content\/uploads\/2025\/01\/Screenshot-2025-01-02-alle-11.05.36-768x433.png 768w, https:\/\/www.accuratereviews.com\/wp-content\/uploads\/2025\/01\/Screenshot-2025-01-02-alle-11.05.36-50x28.png 50w, https:\/\/www.accuratereviews.com\/wp-content\/uploads\/2025\/01\/Screenshot-2025-01-02-alle-11.05.36-222x125.png 222w, https:\/\/www.accuratereviews.com\/wp-content\/uploads\/2025\/01\/Screenshot-2025-01-02-alle-11.05.36-968x546.png 968w, https:\/\/www.accuratereviews.com\/wp-content\/uploads\/2025\/01\/Screenshot-2025-01-02-alle-11.05.36-636x359.png 636w, https:\/\/www.accuratereviews.com\/wp-content\/uploads\/2025\/01\/Screenshot-2025-01-02-alle-11.05.36-482x271.png 482w, https:\/\/www.accuratereviews.com\/wp-content\/uploads\/2025\/01\/Screenshot-2025-01-02-alle-11.05.36-320x181.png 320w, https:\/\/www.accuratereviews.com\/wp-content\/uploads\/2025\/01\/Screenshot-2025-01-02-alle-11.05.36-239x135.png 239w\" sizes=\"auto, (max-width: 1198px) 100vw, 1198px\" \/><\/a><\/p>\n<h2>CHATBOT &#8211; CARATTERISTICHE<\/h2>\n<ul>\n<li><strong>Funzionalit\u00e0 del chatbot AI<\/strong>: sfrutta la potenza dell&#8217;AI generativa per automatizzare le chat con i tuoi clienti.<\/li>\n<li><strong>AI Assist<\/strong>: utilizza il tuo modello AI personalizzato per risolvere fino all&#8217;80% delle domande dei clienti.<\/li>\n<li><strong>Small talk<\/strong>: rispondi a messaggi casuali per mantenere il flusso naturale della conversazione.<\/li>\n<li><strong>AI Knowledge<\/strong>: scansiona siti web, centri assistenza o articoli di testo per generare automaticamente il tuo chatbot.<\/li>\n<li><strong>Training<\/strong>: ottimizza il tuo modello AI senza sforzo per ottenere le migliori prestazioni possibili.<\/li>\n<li><strong>AI Training<\/strong>: sfoglia, rivedi e modifica le risposte generate da AI Assist.<\/li>\n<li><strong>FAQ<\/strong>: crea elenchi di domande comuni con risposte predefinite.<\/li>\n<li><strong>Archivi<\/strong>: visualizza in anteprima singole chat per analizzare il modo in cui gli utenti interagiscono con il tuo chatbot.<\/li>\n<li><strong>Trasferimenti<\/strong>: trasferisci le chat agli agenti in tempo reale quando \u00e8 necessaria assistenza personalizzata.<\/li>\n<li><strong>Obiettivi<\/strong>: misura le prestazioni del bot monitorando conversioni, acquisti e altro.<\/li>\n<li><strong>Tag<\/strong>: aggiungi tag alle chat e categorizzale per una navigazione e un&#8217;analisi pi\u00f9 semplici.<\/li>\n<li><strong>Widget chat per sito web<\/strong>: copia un frammento di codice o usa il plugin WordPress per aggiungere un chatbot a qualsiasi sito web.<\/li>\n<li><strong>Personalizzazione widget<\/strong>: personalizza l&#8217;aspetto del widget chat adattandone l&#8217;aspetto al tuo marchio.<\/li>\n<li><strong>Flussi Shopify<\/strong>: visualizza schede prodotto, controlla la disponibilit\u00e0 dei prodotti e fornisci lo stato dell&#8217;ordine.<\/li>\n<\/ul>\n<h3>LE RECENSIONI DEGLI UTENTI<\/h3>\n<p><strong>Micah &#8220;Recensione di ChatBot&#8221;<\/strong><br \/>\n<strong>Pro<\/strong>: ChatBot fa risparmiare un&#8217;incredibile quantit\u00e0 di tempo e aiuta con la pianificazione e l&#8217;organizzazione. Pu\u00f2 creare molteplici idee e piani aziendali in pochi secondi, il che a volte pu\u00f2 semplicemente darti la mente creativa per escogitare un nuovo piano.<br \/>\n<strong>Contro<\/strong>: A volte le informazioni sono obsolete. Non funziona bene con cose super aggiornate se non ci sono abbastanza informazioni su un argomento particolare.<\/p>\n<p><strong>Jessica &#8220;Il chatbot offre un&#8217;esperienza di servizio clienti straordinaria&#8221;<\/strong><br \/>\n<strong>Commenti<\/strong>: La comunicazione regolare con il servizio clienti \u00e8 semplificata grazie al chatbot.<br \/>\n<strong>Pro<\/strong>: Poter contattare i fornitori di servizi senza lo stress di linee telefoniche malfunzionanti o di attese infinite.<br \/>\n<strong>Contro<\/strong>: Dovendo ogni volta relazionarmi con un agente diverso quando sottopongo lo stesso problema a un fornitore di servizi.<\/p>\n<p><strong>Lauren &#8220;Recensione di Chatbot&#8221;<\/strong><br \/>\n<strong>Pro<\/strong>: Il sito web l&#8217;aveva impostato su un paio di clic e io stavo parlando con qualcuno.<br \/>\n<strong>Contro<\/strong>: Niente di particolare. Non ho avuto problemi con questo.<\/p>\n","protected":false},"excerpt":{"rendered":"<p>Chatbot, attraverso l&#8217;intelligenza artificiale, permette di creare chatbot in pochi minuti con diversi modelli e automatizza subito le attivit\u00e0 chiave. Trascina e rilascia facilmente nuovi elementi per adattare qualsiasi modello alle tue esigenze. Progetta esperienze di conversazione fluide per costruire relazioni migliori con i tuoi clienti.<\/p>\n","protected":false},"author":19,"featured_media":81833,"parent":79864,"menu_order":0,"comment_status":"open","ping_status":"closed","template":"g1_template_page_review_new.php","meta":{"_acf_changed":false,"cwp_meta_box_check":"No","cwp_rev_product_name":"","cwp_rev_product_image":"","wppr_links":[],"cwp_rev_price":"","wppr_options":[],"wppr_pros":[],"wppr_cons":[],"_monsterinsights_skip_tracking":false,"_monsterinsights_sitenote_active":false,"_monsterinsights_sitenote_note":"","_monsterinsights_sitenote_category":0,"footnotes":""},"categories":[15435],"tags":[997,15665,998,15441,15440,15479,15480],"features":[],"class_list":{"0":"post-81830","1":"page","2":"type-page","3":"status-publish","4":"has-post-thumbnail","6":"category-software-intelligenza-artificiale-cat","7":"tag-ai","8":"tag-chatbot","9":"tag-intelligenza-artificiale","10":"tag-piattaforma-intelligenza-artificiale","11":"tag-programma-intelligenza-artificiale","12":"tag-software-intelligenza-artificiale","13":"tag-soluzione-intelligenza-artificiale"},"wppr_data":{"cwp_meta_box_check":"No"},"acf":[],"yoast_head":"<!-- This site is optimized with the Yoast SEO plugin v27.4 - https:\/\/yoast.com\/product\/yoast-seo-wordpress\/ -->\n<title>ChatBot: recensione software intelligenza artificiale - Accurate Reviews<\/title>\n<meta name=\"description\" content=\"ChatBot: recensione soluzione che permette di creare chatbot in pochi minuti con diversi modelli e automatizza subito le attivit\u00e0 chiave.\" \/>\n<meta name=\"robots\" content=\"index, follow, max-snippet:-1, max-image-preview:large, max-video-preview:-1\" \/>\n<link rel=\"canonical\" href=\"https:\/\/www.accuratereviews.com\/it\/software-intelligenza-artificiale\/chatbot-recensione\/\" \/>\n<meta property=\"og:locale\" content=\"it_IT\" \/>\n<meta property=\"og:type\" content=\"article\" \/>\n<meta property=\"og:title\" content=\"ChatBot: recensione software intelligenza artificiale - Accurate Reviews\" \/>\n<meta property=\"og:description\" content=\"ChatBot: recensione soluzione che permette di creare chatbot in pochi minuti con diversi modelli e automatizza subito le attivit\u00e0 chiave.\" \/>\n<meta property=\"og:url\" content=\"https:\/\/www.accuratereviews.com\/it\/software-intelligenza-artificiale\/chatbot-recensione\/\" \/>\n<meta property=\"og:site_name\" content=\"Accurate Reviews\" \/>\n<meta name=\"twitter:card\" content=\"summary_large_image\" \/>\n<meta name=\"twitter:label1\" content=\"Tempo di lettura stimato\" \/>\n\t<meta name=\"twitter:data1\" content=\"4 minuti\" \/>\n<script type=\"application\/ld+json\" class=\"yoast-schema-graph\">{\"@context\":\"https:\\\/\\\/schema.org\",\"@graph\":[{\"@type\":\"WebPage\",\"@id\":\"https:\\\/\\\/www.accuratereviews.com\\\/it\\\/software-intelligenza-artificiale\\\/chatbot-recensione\\\/\",\"url\":\"https:\\\/\\\/www.accuratereviews.com\\\/it\\\/software-intelligenza-artificiale\\\/chatbot-recensione\\\/\",\"name\":\"ChatBot: recensione software intelligenza artificiale - Accurate Reviews\",\"isPartOf\":{\"@id\":\"https:\\\/\\\/www.accuratereviews.com\\\/it\\\/#website\"},\"primaryImageOfPage\":{\"@id\":\"https:\\\/\\\/www.accuratereviews.com\\\/it\\\/software-intelligenza-artificiale\\\/chatbot-recensione\\\/#primaryimage\"},\"image\":{\"@id\":\"https:\\\/\\\/www.accuratereviews.com\\\/it\\\/software-intelligenza-artificiale\\\/chatbot-recensione\\\/#primaryimage\"},\"thumbnailUrl\":\"https:\\\/\\\/www.accuratereviews.com\\\/wp-content\\\/uploads\\\/2025\\\/01\\\/ChatBot.avif\",\"datePublished\":\"2025-01-02T16:29:00+00:00\",\"description\":\"ChatBot: recensione soluzione che permette di creare chatbot in pochi minuti con diversi modelli e automatizza subito le attivit\u00e0 chiave.\",\"breadcrumb\":{\"@id\":\"https:\\\/\\\/www.accuratereviews.com\\\/it\\\/software-intelligenza-artificiale\\\/chatbot-recensione\\\/#breadcrumb\"},\"inLanguage\":\"it-IT\",\"potentialAction\":[{\"@type\":\"ReadAction\",\"target\":[\"https:\\\/\\\/www.accuratereviews.com\\\/it\\\/software-intelligenza-artificiale\\\/chatbot-recensione\\\/\"]}]},{\"@type\":\"ImageObject\",\"inLanguage\":\"it-IT\",\"@id\":\"https:\\\/\\\/www.accuratereviews.com\\\/it\\\/software-intelligenza-artificiale\\\/chatbot-recensione\\\/#primaryimage\",\"url\":\"https:\\\/\\\/www.accuratereviews.com\\\/wp-content\\\/uploads\\\/2025\\\/01\\\/ChatBot.avif\",\"contentUrl\":\"https:\\\/\\\/www.accuratereviews.com\\\/wp-content\\\/uploads\\\/2025\\\/01\\\/ChatBot.avif\",\"width\":1500,\"height\":850},{\"@type\":\"BreadcrumbList\",\"@id\":\"https:\\\/\\\/www.accuratereviews.com\\\/it\\\/software-intelligenza-artificiale\\\/chatbot-recensione\\\/#breadcrumb\",\"itemListElement\":[{\"@type\":\"ListItem\",\"position\":1,\"name\":\"Home\",\"item\":\"https:\\\/\\\/www.accuratereviews.com\\\/it\\\/\"},{\"@type\":\"ListItem\",\"position\":2,\"name\":\"Software di intelligenza artificiale\",\"item\":\"https:\\\/\\\/www.accuratereviews.com\\\/it\\\/software-intelligenza-artificiale\\\/\"},{\"@type\":\"ListItem\",\"position\":3,\"name\":\"ChatBot\"}]},{\"@type\":\"WebSite\",\"@id\":\"https:\\\/\\\/www.accuratereviews.com\\\/it\\\/#website\",\"url\":\"https:\\\/\\\/www.accuratereviews.com\\\/it\\\/\",\"name\":\"Accurate Reviews\",\"description\":\"\",\"potentialAction\":[{\"@type\":\"SearchAction\",\"target\":{\"@type\":\"EntryPoint\",\"urlTemplate\":\"https:\\\/\\\/www.accuratereviews.com\\\/it\\\/?s={search_term_string}\"},\"query-input\":{\"@type\":\"PropertyValueSpecification\",\"valueRequired\":true,\"valueName\":\"search_term_string\"}}],\"inLanguage\":\"it-IT\"}]}<\/script>\n<!-- \/ Yoast SEO plugin. -->","yoast_head_json":{"title":"ChatBot: recensione software intelligenza artificiale - Accurate Reviews","description":"ChatBot: recensione soluzione che permette di creare chatbot in pochi minuti con diversi modelli e automatizza subito le attivit\u00e0 chiave.","robots":{"index":"index","follow":"follow","max-snippet":"max-snippet:-1","max-image-preview":"max-image-preview:large","max-video-preview":"max-video-preview:-1"},"canonical":"https:\/\/www.accuratereviews.com\/it\/software-intelligenza-artificiale\/chatbot-recensione\/","og_locale":"it_IT","og_type":"article","og_title":"ChatBot: recensione software intelligenza artificiale - Accurate Reviews","og_description":"ChatBot: recensione soluzione che permette di creare chatbot in pochi minuti con diversi modelli e automatizza subito le attivit\u00e0 chiave.","og_url":"https:\/\/www.accuratereviews.com\/it\/software-intelligenza-artificiale\/chatbot-recensione\/","og_site_name":"Accurate Reviews","twitter_card":"summary_large_image","twitter_misc":{"Tempo di lettura stimato":"4 minuti"},"schema":{"@context":"https:\/\/schema.org","@graph":[{"@type":"WebPage","@id":"https:\/\/www.accuratereviews.com\/it\/software-intelligenza-artificiale\/chatbot-recensione\/","url":"https:\/\/www.accuratereviews.com\/it\/software-intelligenza-artificiale\/chatbot-recensione\/","name":"ChatBot: recensione software intelligenza artificiale - Accurate Reviews","isPartOf":{"@id":"https:\/\/www.accuratereviews.com\/it\/#website"},"primaryImageOfPage":{"@id":"https:\/\/www.accuratereviews.com\/it\/software-intelligenza-artificiale\/chatbot-recensione\/#primaryimage"},"image":{"@id":"https:\/\/www.accuratereviews.com\/it\/software-intelligenza-artificiale\/chatbot-recensione\/#primaryimage"},"thumbnailUrl":"https:\/\/www.accuratereviews.com\/wp-content\/uploads\/2025\/01\/ChatBot.avif","datePublished":"2025-01-02T16:29:00+00:00","description":"ChatBot: recensione soluzione che permette di creare chatbot in pochi minuti con diversi modelli e automatizza subito le attivit\u00e0 chiave.","breadcrumb":{"@id":"https:\/\/www.accuratereviews.com\/it\/software-intelligenza-artificiale\/chatbot-recensione\/#breadcrumb"},"inLanguage":"it-IT","potentialAction":[{"@type":"ReadAction","target":["https:\/\/www.accuratereviews.com\/it\/software-intelligenza-artificiale\/chatbot-recensione\/"]}]},{"@type":"ImageObject","inLanguage":"it-IT","@id":"https:\/\/www.accuratereviews.com\/it\/software-intelligenza-artificiale\/chatbot-recensione\/#primaryimage","url":"https:\/\/www.accuratereviews.com\/wp-content\/uploads\/2025\/01\/ChatBot.avif","contentUrl":"https:\/\/www.accuratereviews.com\/wp-content\/uploads\/2025\/01\/ChatBot.avif","width":1500,"height":850},{"@type":"BreadcrumbList","@id":"https:\/\/www.accuratereviews.com\/it\/software-intelligenza-artificiale\/chatbot-recensione\/#breadcrumb","itemListElement":[{"@type":"ListItem","position":1,"name":"Home","item":"https:\/\/www.accuratereviews.com\/it\/"},{"@type":"ListItem","position":2,"name":"Software di intelligenza artificiale","item":"https:\/\/www.accuratereviews.com\/it\/software-intelligenza-artificiale\/"},{"@type":"ListItem","position":3,"name":"ChatBot"}]},{"@type":"WebSite","@id":"https:\/\/www.accuratereviews.com\/it\/#website","url":"https:\/\/www.accuratereviews.com\/it\/","name":"Accurate Reviews","description":"","potentialAction":[{"@type":"SearchAction","target":{"@type":"EntryPoint","urlTemplate":"https:\/\/www.accuratereviews.com\/it\/?s={search_term_string}"},"query-input":{"@type":"PropertyValueSpecification","valueRequired":true,"valueName":"search_term_string"}}],"inLanguage":"it-IT"}]}},"_links":{"self":[{"href":"https:\/\/www.accuratereviews.com\/it\/wp-json\/wp\/v2\/pages\/81830","targetHints":{"allow":["GET"]}}],"collection":[{"href":"https:\/\/www.accuratereviews.com\/it\/wp-json\/wp\/v2\/pages"}],"about":[{"href":"https:\/\/www.accuratereviews.com\/it\/wp-json\/wp\/v2\/types\/page"}],"author":[{"embeddable":true,"href":"https:\/\/www.accuratereviews.com\/it\/wp-json\/wp\/v2\/users\/19"}],"replies":[{"embeddable":true,"href":"https:\/\/www.accuratereviews.com\/it\/wp-json\/wp\/v2\/comments?post=81830"}],"version-history":[{"count":5,"href":"https:\/\/www.accuratereviews.com\/it\/wp-json\/wp\/v2\/pages\/81830\/revisions"}],"predecessor-version":[{"id":81859,"href":"https:\/\/www.accuratereviews.com\/it\/wp-json\/wp\/v2\/pages\/81830\/revisions\/81859"}],"up":[{"embeddable":true,"href":"https:\/\/www.accuratereviews.com\/it\/wp-json\/wp\/v2\/pages\/79864"}],"wp:featuredmedia":[{"embeddable":true,"href":"https:\/\/www.accuratereviews.com\/it\/wp-json\/wp\/v2\/media\/81833"}],"wp:attachment":[{"href":"https:\/\/www.accuratereviews.com\/it\/wp-json\/wp\/v2\/media?parent=81830"}],"wp:term":[{"taxonomy":"category","embeddable":true,"href":"https:\/\/www.accuratereviews.com\/it\/wp-json\/wp\/v2\/categories?post=81830"},{"taxonomy":"post_tag","embeddable":true,"href":"https:\/\/www.accuratereviews.com\/it\/wp-json\/wp\/v2\/tags?post=81830"},{"taxonomy":"features","embeddable":true,"href":"https:\/\/www.accuratereviews.com\/it\/wp-json\/wp\/v2\/features?post=81830"}],"curies":[{"name":"wp","href":"https:\/\/api.w.org\/{rel}","templated":true}]}}