{"id":82015,"date":"2025-01-07T16:59:12","date_gmt":"2025-01-07T16:59:12","guid":{"rendered":"https:\/\/www.accuratereviews.com\/?page_id=82015"},"modified":"2025-01-07T16:59:12","modified_gmt":"2025-01-07T16:59:12","slug":"hexowatch-recensione","status":"publish","type":"page","link":"https:\/\/www.accuratereviews.com\/it\/software-intelligenza-artificiale\/hexowatch-recensione\/","title":{"rendered":"Hexowatch"},"content":{"rendered":"<p><strong>Hexowatch<\/strong> \u00e8 un <strong>software di analisi dei dati<\/strong> che aiuta le aziende a utilizzare la tecnologia dell&#8217;<strong>intelligenza artificiale (IA)<\/strong> per monitorare i siti web e ricevere avvisi automatici sulle modifiche rilevate. I manager possono configurare la frequenza dei processi di monitoraggio dei dati e analizzare le pagine web per identificare modifiche visive, di contenuto, di codice sorgente, di tecnologia, di disponibilit\u00e0 o di prezzo.<br \/>\nLe aziende possono acquisire screenshot delle pagine aggiornate e archiviarle per scopi legali e di conformit\u00e0. Consente agli amministratori di monitorare gli URL e determinare parole chiave di tendenza o elementi HTML. Gli utenti possono anche generare report dettagliati, consentendo loro di visualizzare, evidenziare e confrontare le modifiche contemporaneamente.\u00a0I manager possono monitorare i prezzi di distributori o partner su pi\u00f9 canali e ricevere notifiche sui lanci di nuovi prodotti, posti vacanti disponibili o propriet\u00e0 immobiliari. Il software aiuta inoltre gli utenti a proteggere le informazioni critiche tramite protezione da defacement e manomissione.<\/p>\n<h2>HEXOWATCH &#8211; TUTORIAL<\/h2>\n<div id=\"fluid-wrapper-counter-1\" class=\"g1-fluid-wrapper \" style=\"width:686px;\">\n<div style=\"padding-bottom:56.268221574344%;\"><iframe loading=\"lazy\" title=\"Hexowatch How-To on AppSumo\" width=\"686\" height=\"386\" src=\"https:\/\/www.youtube.com\/embed\/gWXocuoBsyY?feature=oembed&amp;wmode=transparent&amp;autohide=1&amp;autoplay=0&amp;disablekb=0&amp;fs=1&amp;loop=0&amp;enablejsapi=1&amp;rel=0&amp;controls=2&amp;showinfo=0&amp;wmode=transparent&amp;autohide=2&amp;autoplay=0&amp;disablekb=0&amp;fs=1&amp;loop=0&amp;enablejsapi=1&amp;rel=0&amp;controls=2&amp;showinfo=1\" frameborder=\"0\" allow=\"accelerometer; autoplay; clipboard-write; encrypted-media; gyroscope; picture-in-picture; web-share\" referrerpolicy=\"strict-origin-when-cross-origin\" allowfullscreen><\/iframe><\/div>\n<\/div>\n<h3>HEXOWATCH &#8211; CARATTERISTICHE<\/h3>\n<ul>\n<li><strong>Monitoraggio visivo<\/strong>: monitoraggio delle pagine web per eventuali modifiche visive. Seleziona una parte dello schermo o l&#8217;intera pagina.<\/li>\n<li><strong>Elementi HTML<\/strong>: controllo di elementi HTML specifici o del contenuto di qualsiasi campo per eventuali modifiche.<\/li>\n<li><strong>Parole chiave<\/strong>: rilevamento delle pagine web per la presenza o l&#8217;assenza di parole chiave specifiche.<\/li>\n<li><strong>Controllo della tecnologia<\/strong>: indagine delle modifiche allo stack tecnologico o agli script di terze parti utilizzati sulla pagina web.<\/li>\n<li><strong>Codice sorgente<\/strong>: esplorazione delle pagine web per eventuali modifiche al codice sorgente\/HTML.<\/li>\n<li><strong>Contenuti<\/strong>: rilevamento del contenuto visibile su una pagina web per eventuali modifiche.<\/li>\n<li><strong>Monitoraggio automatico dell&#8217;IA<\/strong>: la soluzione cercher\u00e0 qualsiasi tipo di modifica (monitoraggio visivo, dei contenuti, del codice sorgente e della tecnologia).<\/li>\n<li><strong>Disponibilit\u00e0<\/strong>: controllo di qualsiasi URL per i tempi di inattivit\u00e0 e ricezione di avvisi quando una pagina web non funziona.<\/li>\n<li><strong>WHOIS del dominio<\/strong>: analisi dei record amministrativi e di propriet\u00e0 dei nomi di dominio.<\/li>\n<li><strong>Mappa del sito<\/strong>: osservazione di qualsiasi sito web per pagine nuove o eliminate tramite la mappa del sito.i.<\/li>\n<li><strong>Monitora feed RSS<\/strong>: verifica gli aggiornamenti dei feed RSS per eventuali modifiche.<\/li>\n<\/ul>\n<h4>LE RECENSIONI DEGLI UTENTI<\/h4>\n<p><strong>Ben &#8220;Ottimo per monitorare tutto ci\u00f2 che accade su Internet!&#8221;<\/strong><br \/>\n<strong>Commenti<\/strong>: \u00c8 molto utile quando si tratta di monitorare i prezzi della concorrenza, verificare i cambiamenti tecnologici sui siti, eventuali cambiamenti visivi, ecc.<br \/>\n<strong>Pro<\/strong>: Facile da installare nuovi monitor. Il supporto \u00e8 molto reattivo e disponibile!<br \/>\n<strong>Contro<\/strong>: I cambiamenti visivi possono essere difficili da ottenere quando le piccole cose differiscono e vengono attivati di continuo. Dal punto di vista dell&#8217;usabilit\u00e0 potrebbe essere migliore quando si tratta di gestire i monitor esistenti.<\/p>\n<p><strong>Alexis &#8220;Monitora tutto ci\u00f2 che fai di buono e tutto ci\u00f2 che stai per acquistare&#8221;<\/strong><br \/>\n<strong>Commenti<\/strong>: Ricevere notifiche quando il mio sito web, quello del mio concorrente o il mio prodotto sono stati modificati; \u00e8 semplicemente meraviglioso. Hexowatch \u00e8 un monitor di siti web basato sull&#8217;intelligenza artificiale. Riesce a rilevare i cambiamenti in pochi minuti, \u00e8 veloce e molto preciso, mi ha fatto risparmiare ore di lavoro e un sacco di soldi! Vale oro.<br \/>\n<strong>Pro<\/strong>: Interfaccia modalit\u00e0 chiara e scura Interfaccia intuitiva Diversi tipi di monitoraggio per tutti i tipi di utenti Aggiornamenti costanti Guide utente facili da seguire Supporto molto attento<br \/>\n<strong>Contro<\/strong>: Tutto funziona perfettamente. Vorrei aggiungere le notifiche WhatsApp<\/p>\n<p><strong>Chris &#8220;Meglio degli altri!&#8221;<\/strong><br \/>\n<strong>Commenti<\/strong>: Ho trovato Hexowatch sorprendentemente facile da configurare e lo uso da circa 2 settimane. Ho avuto un paio di problemi di rendering su un sito, ma il team mi ha subito aiutato a modificare le impostazioni per far caricare completamente la pagina prima di controllare. Ottimo prodotto a un ottimo prezzo e un ottimo supporto.<br \/>\n<strong>Pro<\/strong>: Il numero di opzioni disponibili nel monitoraggio visivo \u00e8 elevato e puoi interagire con tutti gli elementi di una pagina web per monitorare esattamente ci\u00f2 di cui hai bisogno.<br \/>\n<strong>Contro<\/strong>: Per essere onesti, sto cercando un problema qui, ma non ce n&#8217;\u00e8 stato uno. L&#8217;unica cosa che potrebbe essere migliorata, credo, sarebbe una telefonata o una notifica SMS se la percentuale di modifica della pagina supera una certa soglia e rimane tale per un paio di controlli.<\/p>\n","protected":false},"excerpt":{"rendered":"<p>Hexowatch \u00e8 un software di analisi dei dati che aiuta le aziende a utilizzare la tecnologia dell&#8217;intelligenza artificiale (IA) per monitorare i siti web e ricevere avvisi automatici sulle modifiche rilevate. I manager possono configurare la frequenza dei processi di monitoraggio dei dati e analizzare le pagine web per identificare modifiche visive, di contenuto, di codice sorgente, di tecnologia, di disponibilit\u00e0 o di prezzo.<\/p>\n","protected":false},"author":19,"featured_media":82016,"parent":79864,"menu_order":0,"comment_status":"open","ping_status":"closed","template":"g1_template_page_review_new.php","meta":{"_acf_changed":false,"cwp_meta_box_check":"Yes","cwp_rev_product_name":"","cwp_rev_product_image":"","wppr_links":[],"cwp_rev_price":"0.00","wppr_options":[{"name":"Usability","value":"0"},{"name":"Speed","value":"0"},{"name":"Features","value":"0"},{"name":"Support","value":"0"},{"name":"Pricing","value":"0"}],"wppr_pros":["","","","",""],"wppr_cons":["","","","",""],"_monsterinsights_skip_tracking":false,"_monsterinsights_sitenote_active":false,"_monsterinsights_sitenote_note":"","_monsterinsights_sitenote_category":0,"footnotes":""},"categories":[15435],"tags":[997,15684,15441,15440,15479,15480],"features":[],"class_list":{"0":"post-82015","1":"page","2":"type-page","3":"status-publish","4":"has-post-thumbnail","6":"category-software-intelligenza-artificiale-cat","7":"tag-ai","8":"tag-hexowatch","9":"tag-piattaforma-intelligenza-artificiale","10":"tag-programma-intelligenza-artificiale","11":"tag-software-intelligenza-artificiale","12":"tag-soluzione-intelligenza-artificiale"},"wppr_data":{"cwp_meta_box_check":"Yes","_wppr_review_template":"default","cwp_rev_product_image":"","cwp_image_link":"image","wppr_links":[],"cwp_rev_price":"0.00","wppr_pros":["","","","",""],"wppr_cons":["","","","",""],"wppr_rating":"0.00","wppr_options":{"1":{"name":"Usability","value":"0"},"2":{"name":"Speed","value":"0"},"3":{"name":"Features","value":"0"},"4":{"name":"Support","value":"0"},"5":{"name":"Pricing","value":"0"}},"wppr_review_type":"Product","wppr_review_custom_fields":{"additionalProperty":"","additionalType":"","aggregateRating":"","alternateName":"","audience":"","award":"","awards":"","brand":"","color":"","depth":"","description":"","disambiguatingDescription":"","gtin12":"","gtin13":"","gtin14":"","gtin8":"","height":"","identifier":"","image":"","isAccessoryOrSparePartFor":"","isConsumableFor":"","isRelatedTo":"","isSimilarTo":"","itemCondition":"","logo":"","mainEntityOfPage":"","manufacturer":"","material":"","model":"","mpn":"","name":"","offers":"","potentialAction":"","productID":"","productionDate":"","purchaseDate":"","releaseDate":"","review":"","reviews":"","sameAs":"","sku":"","slogan":"","subjectOf":"","url":"","weight":"","width":""}},"acf":[],"yoast_head":"<!-- This site is optimized with the Yoast SEO plugin v27.4 - https:\/\/yoast.com\/product\/yoast-seo-wordpress\/ -->\n<title>Hexowatch: recensione software intelligenza artificiale - Accurate Reviews<\/title>\n<meta name=\"description\" content=\"Hexowatch: recensione software analisi dei dati che aiuta a utilizzare la tecnologia dell&#039;intelligenza artificiale per monitorare i siti web\" \/>\n<meta name=\"robots\" content=\"index, follow, max-snippet:-1, max-image-preview:large, max-video-preview:-1\" \/>\n<link rel=\"canonical\" href=\"https:\/\/www.accuratereviews.com\/it\/software-intelligenza-artificiale\/hexowatch-recensione\/\" \/>\n<meta property=\"og:locale\" content=\"it_IT\" \/>\n<meta property=\"og:type\" content=\"article\" \/>\n<meta property=\"og:title\" content=\"Hexowatch: recensione software intelligenza artificiale - Accurate Reviews\" \/>\n<meta property=\"og:description\" content=\"Hexowatch: recensione software analisi dei dati che aiuta a utilizzare la tecnologia dell&#039;intelligenza artificiale per monitorare i siti web\" \/>\n<meta property=\"og:url\" content=\"https:\/\/www.accuratereviews.com\/it\/software-intelligenza-artificiale\/hexowatch-recensione\/\" \/>\n<meta property=\"og:site_name\" content=\"Accurate Reviews\" \/>\n<meta property=\"og:image\" content=\"https:\/\/www.accuratereviews.com\/wp-content\/uploads\/2025\/01\/Hexowatch.png\" \/>\n\t<meta property=\"og:image:width\" content=\"400\" \/>\n\t<meta property=\"og:image:height\" content=\"278\" \/>\n\t<meta property=\"og:image:type\" content=\"image\/png\" \/>\n<meta name=\"twitter:card\" content=\"summary_large_image\" \/>\n<meta name=\"twitter:label1\" content=\"Tempo di lettura stimato\" \/>\n\t<meta name=\"twitter:data1\" content=\"5 minuti\" \/>\n<script type=\"application\/ld+json\" class=\"yoast-schema-graph\">{\"@context\":\"https:\\\/\\\/schema.org\",\"@graph\":[{\"@type\":\"WebPage\",\"@id\":\"https:\\\/\\\/www.accuratereviews.com\\\/it\\\/software-intelligenza-artificiale\\\/hexowatch-recensione\\\/\",\"url\":\"https:\\\/\\\/www.accuratereviews.com\\\/it\\\/software-intelligenza-artificiale\\\/hexowatch-recensione\\\/\",\"name\":\"Hexowatch: recensione software intelligenza artificiale - Accurate Reviews\",\"isPartOf\":{\"@id\":\"https:\\\/\\\/www.accuratereviews.com\\\/it\\\/#website\"},\"primaryImageOfPage\":{\"@id\":\"https:\\\/\\\/www.accuratereviews.com\\\/it\\\/software-intelligenza-artificiale\\\/hexowatch-recensione\\\/#primaryimage\"},\"image\":{\"@id\":\"https:\\\/\\\/www.accuratereviews.com\\\/it\\\/software-intelligenza-artificiale\\\/hexowatch-recensione\\\/#primaryimage\"},\"thumbnailUrl\":\"https:\\\/\\\/www.accuratereviews.com\\\/wp-content\\\/uploads\\\/2025\\\/01\\\/Hexowatch.png\",\"datePublished\":\"2025-01-07T16:59:12+00:00\",\"description\":\"Hexowatch: recensione software analisi dei dati che aiuta a utilizzare la tecnologia dell'intelligenza artificiale per monitorare i siti web\",\"breadcrumb\":{\"@id\":\"https:\\\/\\\/www.accuratereviews.com\\\/it\\\/software-intelligenza-artificiale\\\/hexowatch-recensione\\\/#breadcrumb\"},\"inLanguage\":\"it-IT\",\"potentialAction\":[{\"@type\":\"ReadAction\",\"target\":[\"https:\\\/\\\/www.accuratereviews.com\\\/it\\\/software-intelligenza-artificiale\\\/hexowatch-recensione\\\/\"]}]},{\"@type\":\"ImageObject\",\"inLanguage\":\"it-IT\",\"@id\":\"https:\\\/\\\/www.accuratereviews.com\\\/it\\\/software-intelligenza-artificiale\\\/hexowatch-recensione\\\/#primaryimage\",\"url\":\"https:\\\/\\\/www.accuratereviews.com\\\/wp-content\\\/uploads\\\/2025\\\/01\\\/Hexowatch.png\",\"contentUrl\":\"https:\\\/\\\/www.accuratereviews.com\\\/wp-content\\\/uploads\\\/2025\\\/01\\\/Hexowatch.png\",\"width\":400,\"height\":278},{\"@type\":\"BreadcrumbList\",\"@id\":\"https:\\\/\\\/www.accuratereviews.com\\\/it\\\/software-intelligenza-artificiale\\\/hexowatch-recensione\\\/#breadcrumb\",\"itemListElement\":[{\"@type\":\"ListItem\",\"position\":1,\"name\":\"Home\",\"item\":\"https:\\\/\\\/www.accuratereviews.com\\\/it\\\/\"},{\"@type\":\"ListItem\",\"position\":2,\"name\":\"Software di intelligenza artificiale\",\"item\":\"https:\\\/\\\/www.accuratereviews.com\\\/it\\\/software-intelligenza-artificiale\\\/\"},{\"@type\":\"ListItem\",\"position\":3,\"name\":\"Hexowatch\"}]},{\"@type\":\"WebSite\",\"@id\":\"https:\\\/\\\/www.accuratereviews.com\\\/it\\\/#website\",\"url\":\"https:\\\/\\\/www.accuratereviews.com\\\/it\\\/\",\"name\":\"Accurate Reviews\",\"description\":\"\",\"potentialAction\":[{\"@type\":\"SearchAction\",\"target\":{\"@type\":\"EntryPoint\",\"urlTemplate\":\"https:\\\/\\\/www.accuratereviews.com\\\/it\\\/?s={search_term_string}\"},\"query-input\":{\"@type\":\"PropertyValueSpecification\",\"valueRequired\":true,\"valueName\":\"search_term_string\"}}],\"inLanguage\":\"it-IT\"}]}<\/script>\n<!-- \/ Yoast SEO plugin. -->","yoast_head_json":{"title":"Hexowatch: recensione software intelligenza artificiale - Accurate Reviews","description":"Hexowatch: recensione software analisi dei dati che aiuta a utilizzare la tecnologia dell'intelligenza artificiale per monitorare i siti web","robots":{"index":"index","follow":"follow","max-snippet":"max-snippet:-1","max-image-preview":"max-image-preview:large","max-video-preview":"max-video-preview:-1"},"canonical":"https:\/\/www.accuratereviews.com\/it\/software-intelligenza-artificiale\/hexowatch-recensione\/","og_locale":"it_IT","og_type":"article","og_title":"Hexowatch: recensione software intelligenza artificiale - Accurate Reviews","og_description":"Hexowatch: recensione software analisi dei dati che aiuta a utilizzare la tecnologia dell'intelligenza artificiale per monitorare i siti web","og_url":"https:\/\/www.accuratereviews.com\/it\/software-intelligenza-artificiale\/hexowatch-recensione\/","og_site_name":"Accurate Reviews","og_image":[{"width":400,"height":278,"url":"https:\/\/www.accuratereviews.com\/wp-content\/uploads\/2025\/01\/Hexowatch.png","type":"image\/png"}],"twitter_card":"summary_large_image","twitter_misc":{"Tempo di lettura stimato":"5 minuti"},"schema":{"@context":"https:\/\/schema.org","@graph":[{"@type":"WebPage","@id":"https:\/\/www.accuratereviews.com\/it\/software-intelligenza-artificiale\/hexowatch-recensione\/","url":"https:\/\/www.accuratereviews.com\/it\/software-intelligenza-artificiale\/hexowatch-recensione\/","name":"Hexowatch: recensione software intelligenza artificiale - Accurate Reviews","isPartOf":{"@id":"https:\/\/www.accuratereviews.com\/it\/#website"},"primaryImageOfPage":{"@id":"https:\/\/www.accuratereviews.com\/it\/software-intelligenza-artificiale\/hexowatch-recensione\/#primaryimage"},"image":{"@id":"https:\/\/www.accuratereviews.com\/it\/software-intelligenza-artificiale\/hexowatch-recensione\/#primaryimage"},"thumbnailUrl":"https:\/\/www.accuratereviews.com\/wp-content\/uploads\/2025\/01\/Hexowatch.png","datePublished":"2025-01-07T16:59:12+00:00","description":"Hexowatch: recensione software analisi dei dati che aiuta a utilizzare la tecnologia dell'intelligenza artificiale per monitorare i siti web","breadcrumb":{"@id":"https:\/\/www.accuratereviews.com\/it\/software-intelligenza-artificiale\/hexowatch-recensione\/#breadcrumb"},"inLanguage":"it-IT","potentialAction":[{"@type":"ReadAction","target":["https:\/\/www.accuratereviews.com\/it\/software-intelligenza-artificiale\/hexowatch-recensione\/"]}]},{"@type":"ImageObject","inLanguage":"it-IT","@id":"https:\/\/www.accuratereviews.com\/it\/software-intelligenza-artificiale\/hexowatch-recensione\/#primaryimage","url":"https:\/\/www.accuratereviews.com\/wp-content\/uploads\/2025\/01\/Hexowatch.png","contentUrl":"https:\/\/www.accuratereviews.com\/wp-content\/uploads\/2025\/01\/Hexowatch.png","width":400,"height":278},{"@type":"BreadcrumbList","@id":"https:\/\/www.accuratereviews.com\/it\/software-intelligenza-artificiale\/hexowatch-recensione\/#breadcrumb","itemListElement":[{"@type":"ListItem","position":1,"name":"Home","item":"https:\/\/www.accuratereviews.com\/it\/"},{"@type":"ListItem","position":2,"name":"Software di intelligenza artificiale","item":"https:\/\/www.accuratereviews.com\/it\/software-intelligenza-artificiale\/"},{"@type":"ListItem","position":3,"name":"Hexowatch"}]},{"@type":"WebSite","@id":"https:\/\/www.accuratereviews.com\/it\/#website","url":"https:\/\/www.accuratereviews.com\/it\/","name":"Accurate Reviews","description":"","potentialAction":[{"@type":"SearchAction","target":{"@type":"EntryPoint","urlTemplate":"https:\/\/www.accuratereviews.com\/it\/?s={search_term_string}"},"query-input":{"@type":"PropertyValueSpecification","valueRequired":true,"valueName":"search_term_string"}}],"inLanguage":"it-IT"}]}},"_links":{"self":[{"href":"https:\/\/www.accuratereviews.com\/it\/wp-json\/wp\/v2\/pages\/82015","targetHints":{"allow":["GET"]}}],"collection":[{"href":"https:\/\/www.accuratereviews.com\/it\/wp-json\/wp\/v2\/pages"}],"about":[{"href":"https:\/\/www.accuratereviews.com\/it\/wp-json\/wp\/v2\/types\/page"}],"author":[{"embeddable":true,"href":"https:\/\/www.accuratereviews.com\/it\/wp-json\/wp\/v2\/users\/19"}],"replies":[{"embeddable":true,"href":"https:\/\/www.accuratereviews.com\/it\/wp-json\/wp\/v2\/comments?post=82015"}],"version-history":[{"count":9,"href":"https:\/\/www.accuratereviews.com\/it\/wp-json\/wp\/v2\/pages\/82015\/revisions"}],"predecessor-version":[{"id":82045,"href":"https:\/\/www.accuratereviews.com\/it\/wp-json\/wp\/v2\/pages\/82015\/revisions\/82045"}],"up":[{"embeddable":true,"href":"https:\/\/www.accuratereviews.com\/it\/wp-json\/wp\/v2\/pages\/79864"}],"wp:featuredmedia":[{"embeddable":true,"href":"https:\/\/www.accuratereviews.com\/it\/wp-json\/wp\/v2\/media\/82016"}],"wp:attachment":[{"href":"https:\/\/www.accuratereviews.com\/it\/wp-json\/wp\/v2\/media?parent=82015"}],"wp:term":[{"taxonomy":"category","embeddable":true,"href":"https:\/\/www.accuratereviews.com\/it\/wp-json\/wp\/v2\/categories?post=82015"},{"taxonomy":"post_tag","embeddable":true,"href":"https:\/\/www.accuratereviews.com\/it\/wp-json\/wp\/v2\/tags?post=82015"},{"taxonomy":"features","embeddable":true,"href":"https:\/\/www.accuratereviews.com\/it\/wp-json\/wp\/v2\/features?post=82015"}],"curies":[{"name":"wp","href":"https:\/\/api.w.org\/{rel}","templated":true}]}}