{"id":82025,"date":"2025-01-07T16:42:42","date_gmt":"2025-01-07T16:42:42","guid":{"rendered":"https:\/\/www.accuratereviews.com\/?page_id=82025"},"modified":"2025-01-08T11:23:27","modified_gmt":"2025-01-08T11:23:27","slug":"easygenerator-recensione","status":"publish","type":"page","link":"https:\/\/www.accuratereviews.com\/it\/piattaforme-e-learning\/easygenerator-recensione\/","title":{"rendered":"Easygenerator"},"content":{"rendered":"<p><strong>Easygenerator<\/strong> \u00e8 una <strong>piattaforma di authoring basata su cloud<\/strong> che consente a organizzazioni e formatori di creare, progettare e distribuire <strong>contenuti e-learning<\/strong> in modo semplice ed efficiente. Grazie alla sua interfaccia intuitiva e alle funzionalit\u00e0 collaborative, \u00e8 particolarmente adatta sia per esperti di formazione che per principianti nel campo dell&#8217;e-learning.<br \/>\nCon una missione chiara di semplificare la progettazione dei corsi,<strong> Easygenerator<\/strong> si distingue per la sua accessibilit\u00e0 e funzionalit\u00e0 collaborative. Non importa se sei un principiante nel mondo dell&#8217;e-learning o un esperto, questa piattaforma offre strumenti che si adattano a diversi livelli di competenza.<\/p>\n<h2>EASYGENERATOR &#8211; TUTORIAL<\/h2>\n<div id=\"fluid-wrapper-counter-1\" class=\"g1-fluid-wrapper \" style=\"width:686px;\">\n<div style=\"padding-bottom:56.268221574344%;\"><iframe loading=\"lazy\" title=\"Getting Started with Easygenerator\" width=\"686\" height=\"386\" src=\"https:\/\/www.youtube.com\/embed\/dE2lSLnvTRk?feature=oembed&amp;wmode=transparent&amp;autohide=1&amp;autoplay=0&amp;disablekb=0&amp;fs=1&amp;loop=0&amp;enablejsapi=1&amp;rel=0&amp;controls=2&amp;showinfo=0&amp;wmode=transparent&amp;autohide=2&amp;autoplay=0&amp;disablekb=0&amp;fs=1&amp;loop=0&amp;enablejsapi=1&amp;rel=0&amp;controls=2&amp;showinfo=1\" frameborder=\"0\" allow=\"accelerometer; autoplay; clipboard-write; encrypted-media; gyroscope; picture-in-picture; web-share\" referrerpolicy=\"strict-origin-when-cross-origin\" allowfullscreen><\/iframe><\/div>\n<\/div>\n<h3>EASYGENERATOR &#8211; CARATTERISTICHE<\/h3>\n<ul>\n<li><strong>Creazione collaborativa:<\/strong> permette a pi\u00f9 autori di lavorare simultaneamente sullo stesso progetto, facilitando la collaborazione in tempo reale.<\/li>\n<li><strong>Integrazione con PowerPoint:<\/strong> consente di importare presentazioni PowerPoint esistenti, trasformandole rapidamente in corsi e-learning interattivi.<\/li>\n<li><strong>Quiz e valutazioni:<\/strong> offre una variet\u00e0 di tipi di domande per creare quiz interattivi, utili per valutare l&#8217;apprendimento degli utenti.<\/li>\n<li><strong>Analisi delle performance:<\/strong> fornisce report dettagliati sulle prestazioni degli studenti, aiutando a monitorare l&#8217;efficacia dei corsi e identificare aree di miglioramento.<\/li>\n<li><strong>Traduzione automatica:<\/strong> supporta la traduzione dei corsi in oltre 75 lingue, facilitando la formazione di team internazionali.<\/li>\n<li><strong>Template personalizzabili:<\/strong> libreria di modelli per creare corsi rapidamente e con uno stile professionale.<\/li>\n<li><strong>Interfaccia drag-and-drop:<\/strong> per semplificare il processo di progettazione anche a chi non ha competenze tecniche.<\/li>\n<\/ul>\n<h4>LE RECENSIONI DEGLI UTENTI<\/h4>\n<p><strong>Jeanette \u201cTecnologia e-learning di grande impatto\u201d<\/strong><br \/>\nPro: La maggior parte delle caratteristiche sono superbe, molto facile da usare, davvero da raccomandare<br \/>\nContro: Ogni funzione che offrono \u00e8 buona, ma il prezzo pu\u00f2 essere troppo alto per alcuni che hanno un budget limitato.<\/p>\n<p><strong>Leonardo \u201cEasygenerator ha un sacco di potenziale ed \u00e8 facile da usare!\u201d<\/strong><br \/>\nCommenti: Finora, sono positivo riguardo a questo strumento, anche il supporto clienti \u00e8 sempre l\u00ec per voi, eccellente! Questo strumento \u00e8 facile da usare per creare e-learning essenziale con interazioni.<br \/>\nPro: Questo strumento di authoring mi permette di sviluppare corsi e-learning essenziali e amichevoli. L&#8217;interfaccia di sviluppo dell&#8217;e-learning \u00e8 intuitiva. Tutti possono sviluppare e-learning interessanti in pochi minuti. Il team di supporto di easygenerator \u00e8 sempre a disposizione, via chat, e risponde alle vostre domande in pochi minuti.<br \/>\nContro: Finora l&#8217;azienda esegue la manutenzione della piattaforma ogni gioved\u00ec mattina, quindi bisogna pianificare in anticipo perch\u00e9 il server \u00e8 fuori uso per un paio d&#8217;ore. La situazione potrebbe cambiare presto!<\/p>\n<p><strong>Lauren \u201cOttimo strumento per creare apprendimento online!\u201d<\/strong><br \/>\nPro: Facilit\u00e0 d&#8217;uso e possibilit\u00e0 di inserire vari strumenti di apprendimento nei corsi &#8211; ad esempio documenti, link, immagini, quiz, ecc.<br \/>\nContro: Mi piace il software, ma il corso che viene prodotto a volte contiene un sacco di scorrimento per arrivare al tasto \u201csuccessivo\u201d. Sarebbe bello poter ridimensionare pi\u00f9 facilmente gli oggetti o estenderli a una seconda pagina senza dover creare una nuova intestazione o sezione.<\/p>\n","protected":false},"excerpt":{"rendered":"<p>Easygenerator \u00e8 una piattaforma di authoring basata su cloud che consente a organizzazioni e formatori di creare, progettare e distribuire contenuti e-learning in modo semplice ed efficiente. Grazie alla sua interfaccia intuitiva e alle funzionalit\u00e0 collaborative, \u00e8 particolarmente adatta sia per esperti di formazione che per principianti nel campo dell&#8217;e-learning.<\/p>\n","protected":false},"author":17,"featured_media":82032,"parent":81131,"menu_order":0,"comment_status":"open","ping_status":"closed","template":"g1_template_page_review_new.php","meta":{"_acf_changed":false,"cwp_meta_box_check":"No","cwp_rev_product_name":"","cwp_rev_product_image":"","wppr_links":[],"cwp_rev_price":"","wppr_options":[],"wppr_pros":[],"wppr_cons":[],"_monsterinsights_skip_tracking":false,"_monsterinsights_sitenote_active":false,"_monsterinsights_sitenote_note":"","_monsterinsights_sitenote_category":0,"footnotes":""},"categories":[15634],"tags":[15685,4708,13045,15662,15687],"features":[],"class_list":{"0":"post-82025","1":"page","2":"type-page","3":"status-publish","4":"has-post-thumbnail","6":"category-piattaforme-e-learning-cat","7":"tag-easygenerator","8":"tag-piattaforma-di-e-learning","9":"tag-programma-di-e-learning","10":"tag-software-di-e-learning","11":"tag-soluzione-di-e-learning"},"wppr_data":{"cwp_meta_box_check":"No"},"acf":[],"yoast_head":"<!-- This site is optimized with the Yoast SEO plugin v27.4 - https:\/\/yoast.com\/product\/yoast-seo-wordpress\/ -->\n<title>Easygenerator: recensione piattaforma e-learning - Accurate Reviews<\/title>\n<meta name=\"description\" content=\"Easygenerator: recensione della piattaforma di authoring che di creare, progettare e distribuire contenuti e-learning.\" \/>\n<meta name=\"robots\" content=\"index, follow, max-snippet:-1, max-image-preview:large, max-video-preview:-1\" \/>\n<link rel=\"canonical\" href=\"https:\/\/www.accuratereviews.com\/it\/piattaforme-e-learning\/easygenerator-recensione\/\" \/>\n<meta property=\"og:locale\" content=\"it_IT\" \/>\n<meta property=\"og:type\" content=\"article\" \/>\n<meta property=\"og:title\" content=\"Easygenerator: recensione piattaforma e-learning - Accurate Reviews\" \/>\n<meta property=\"og:description\" content=\"Easygenerator: recensione della piattaforma di authoring che di creare, progettare e distribuire contenuti e-learning.\" \/>\n<meta property=\"og:url\" content=\"https:\/\/www.accuratereviews.com\/it\/piattaforme-e-learning\/easygenerator-recensione\/\" \/>\n<meta property=\"og:site_name\" content=\"Accurate Reviews\" \/>\n<meta property=\"article:modified_time\" content=\"2025-01-08T11:23:27+00:00\" \/>\n<meta property=\"og:image\" content=\"https:\/\/www.accuratereviews.com\/wp-content\/uploads\/2025\/01\/Easygenerator.png\" \/>\n\t<meta property=\"og:image:width\" content=\"1004\" \/>\n\t<meta property=\"og:image:height\" content=\"650\" \/>\n\t<meta property=\"og:image:type\" content=\"image\/png\" \/>\n<meta name=\"twitter:card\" content=\"summary_large_image\" \/>\n<meta name=\"twitter:label1\" content=\"Tempo di lettura stimato\" \/>\n\t<meta name=\"twitter:data1\" content=\"4 minuti\" \/>\n<script type=\"application\/ld+json\" class=\"yoast-schema-graph\">{\"@context\":\"https:\\\/\\\/schema.org\",\"@graph\":[{\"@type\":\"WebPage\",\"@id\":\"https:\\\/\\\/www.accuratereviews.com\\\/it\\\/piattaforme-e-learning\\\/easygenerator-recensione\\\/\",\"url\":\"https:\\\/\\\/www.accuratereviews.com\\\/it\\\/piattaforme-e-learning\\\/easygenerator-recensione\\\/\",\"name\":\"Easygenerator: recensione piattaforma e-learning - Accurate Reviews\",\"isPartOf\":{\"@id\":\"https:\\\/\\\/www.accuratereviews.com\\\/it\\\/#website\"},\"primaryImageOfPage\":{\"@id\":\"https:\\\/\\\/www.accuratereviews.com\\\/it\\\/piattaforme-e-learning\\\/easygenerator-recensione\\\/#primaryimage\"},\"image\":{\"@id\":\"https:\\\/\\\/www.accuratereviews.com\\\/it\\\/piattaforme-e-learning\\\/easygenerator-recensione\\\/#primaryimage\"},\"thumbnailUrl\":\"https:\\\/\\\/www.accuratereviews.com\\\/wp-content\\\/uploads\\\/2025\\\/01\\\/Easygenerator.png\",\"datePublished\":\"2025-01-07T16:42:42+00:00\",\"dateModified\":\"2025-01-08T11:23:27+00:00\",\"description\":\"Easygenerator: recensione della piattaforma di authoring che di creare, progettare e distribuire contenuti e-learning.\",\"breadcrumb\":{\"@id\":\"https:\\\/\\\/www.accuratereviews.com\\\/it\\\/piattaforme-e-learning\\\/easygenerator-recensione\\\/#breadcrumb\"},\"inLanguage\":\"it-IT\",\"potentialAction\":[{\"@type\":\"ReadAction\",\"target\":[\"https:\\\/\\\/www.accuratereviews.com\\\/it\\\/piattaforme-e-learning\\\/easygenerator-recensione\\\/\"]}]},{\"@type\":\"ImageObject\",\"inLanguage\":\"it-IT\",\"@id\":\"https:\\\/\\\/www.accuratereviews.com\\\/it\\\/piattaforme-e-learning\\\/easygenerator-recensione\\\/#primaryimage\",\"url\":\"https:\\\/\\\/www.accuratereviews.com\\\/wp-content\\\/uploads\\\/2025\\\/01\\\/Easygenerator.png\",\"contentUrl\":\"https:\\\/\\\/www.accuratereviews.com\\\/wp-content\\\/uploads\\\/2025\\\/01\\\/Easygenerator.png\",\"width\":1004,\"height\":650},{\"@type\":\"BreadcrumbList\",\"@id\":\"https:\\\/\\\/www.accuratereviews.com\\\/it\\\/piattaforme-e-learning\\\/easygenerator-recensione\\\/#breadcrumb\",\"itemListElement\":[{\"@type\":\"ListItem\",\"position\":1,\"name\":\"Home\",\"item\":\"https:\\\/\\\/www.accuratereviews.com\\\/it\\\/\"},{\"@type\":\"ListItem\",\"position\":2,\"name\":\"Piattaforme e-learning\",\"item\":\"https:\\\/\\\/www.accuratereviews.com\\\/it\\\/piattaforme-e-learning\\\/\"},{\"@type\":\"ListItem\",\"position\":3,\"name\":\"Easygenerator\"}]},{\"@type\":\"WebSite\",\"@id\":\"https:\\\/\\\/www.accuratereviews.com\\\/it\\\/#website\",\"url\":\"https:\\\/\\\/www.accuratereviews.com\\\/it\\\/\",\"name\":\"Accurate Reviews\",\"description\":\"\",\"potentialAction\":[{\"@type\":\"SearchAction\",\"target\":{\"@type\":\"EntryPoint\",\"urlTemplate\":\"https:\\\/\\\/www.accuratereviews.com\\\/it\\\/?s={search_term_string}\"},\"query-input\":{\"@type\":\"PropertyValueSpecification\",\"valueRequired\":true,\"valueName\":\"search_term_string\"}}],\"inLanguage\":\"it-IT\"}]}<\/script>\n<!-- \/ Yoast SEO plugin. -->","yoast_head_json":{"title":"Easygenerator: recensione piattaforma e-learning - Accurate Reviews","description":"Easygenerator: recensione della piattaforma di authoring che di creare, progettare e distribuire contenuti e-learning.","robots":{"index":"index","follow":"follow","max-snippet":"max-snippet:-1","max-image-preview":"max-image-preview:large","max-video-preview":"max-video-preview:-1"},"canonical":"https:\/\/www.accuratereviews.com\/it\/piattaforme-e-learning\/easygenerator-recensione\/","og_locale":"it_IT","og_type":"article","og_title":"Easygenerator: recensione piattaforma e-learning - Accurate Reviews","og_description":"Easygenerator: recensione della piattaforma di authoring che di creare, progettare e distribuire contenuti e-learning.","og_url":"https:\/\/www.accuratereviews.com\/it\/piattaforme-e-learning\/easygenerator-recensione\/","og_site_name":"Accurate Reviews","article_modified_time":"2025-01-08T11:23:27+00:00","og_image":[{"width":1004,"height":650,"url":"https:\/\/www.accuratereviews.com\/wp-content\/uploads\/2025\/01\/Easygenerator.png","type":"image\/png"}],"twitter_card":"summary_large_image","twitter_misc":{"Tempo di lettura stimato":"4 minuti"},"schema":{"@context":"https:\/\/schema.org","@graph":[{"@type":"WebPage","@id":"https:\/\/www.accuratereviews.com\/it\/piattaforme-e-learning\/easygenerator-recensione\/","url":"https:\/\/www.accuratereviews.com\/it\/piattaforme-e-learning\/easygenerator-recensione\/","name":"Easygenerator: recensione piattaforma e-learning - Accurate Reviews","isPartOf":{"@id":"https:\/\/www.accuratereviews.com\/it\/#website"},"primaryImageOfPage":{"@id":"https:\/\/www.accuratereviews.com\/it\/piattaforme-e-learning\/easygenerator-recensione\/#primaryimage"},"image":{"@id":"https:\/\/www.accuratereviews.com\/it\/piattaforme-e-learning\/easygenerator-recensione\/#primaryimage"},"thumbnailUrl":"https:\/\/www.accuratereviews.com\/wp-content\/uploads\/2025\/01\/Easygenerator.png","datePublished":"2025-01-07T16:42:42+00:00","dateModified":"2025-01-08T11:23:27+00:00","description":"Easygenerator: recensione della piattaforma di authoring che di creare, progettare e distribuire contenuti e-learning.","breadcrumb":{"@id":"https:\/\/www.accuratereviews.com\/it\/piattaforme-e-learning\/easygenerator-recensione\/#breadcrumb"},"inLanguage":"it-IT","potentialAction":[{"@type":"ReadAction","target":["https:\/\/www.accuratereviews.com\/it\/piattaforme-e-learning\/easygenerator-recensione\/"]}]},{"@type":"ImageObject","inLanguage":"it-IT","@id":"https:\/\/www.accuratereviews.com\/it\/piattaforme-e-learning\/easygenerator-recensione\/#primaryimage","url":"https:\/\/www.accuratereviews.com\/wp-content\/uploads\/2025\/01\/Easygenerator.png","contentUrl":"https:\/\/www.accuratereviews.com\/wp-content\/uploads\/2025\/01\/Easygenerator.png","width":1004,"height":650},{"@type":"BreadcrumbList","@id":"https:\/\/www.accuratereviews.com\/it\/piattaforme-e-learning\/easygenerator-recensione\/#breadcrumb","itemListElement":[{"@type":"ListItem","position":1,"name":"Home","item":"https:\/\/www.accuratereviews.com\/it\/"},{"@type":"ListItem","position":2,"name":"Piattaforme e-learning","item":"https:\/\/www.accuratereviews.com\/it\/piattaforme-e-learning\/"},{"@type":"ListItem","position":3,"name":"Easygenerator"}]},{"@type":"WebSite","@id":"https:\/\/www.accuratereviews.com\/it\/#website","url":"https:\/\/www.accuratereviews.com\/it\/","name":"Accurate Reviews","description":"","potentialAction":[{"@type":"SearchAction","target":{"@type":"EntryPoint","urlTemplate":"https:\/\/www.accuratereviews.com\/it\/?s={search_term_string}"},"query-input":{"@type":"PropertyValueSpecification","valueRequired":true,"valueName":"search_term_string"}}],"inLanguage":"it-IT"}]}},"_links":{"self":[{"href":"https:\/\/www.accuratereviews.com\/it\/wp-json\/wp\/v2\/pages\/82025","targetHints":{"allow":["GET"]}}],"collection":[{"href":"https:\/\/www.accuratereviews.com\/it\/wp-json\/wp\/v2\/pages"}],"about":[{"href":"https:\/\/www.accuratereviews.com\/it\/wp-json\/wp\/v2\/types\/page"}],"author":[{"embeddable":true,"href":"https:\/\/www.accuratereviews.com\/it\/wp-json\/wp\/v2\/users\/17"}],"replies":[{"embeddable":true,"href":"https:\/\/www.accuratereviews.com\/it\/wp-json\/wp\/v2\/comments?post=82025"}],"version-history":[{"count":4,"href":"https:\/\/www.accuratereviews.com\/it\/wp-json\/wp\/v2\/pages\/82025\/revisions"}],"predecessor-version":[{"id":82039,"href":"https:\/\/www.accuratereviews.com\/it\/wp-json\/wp\/v2\/pages\/82025\/revisions\/82039"}],"up":[{"embeddable":true,"href":"https:\/\/www.accuratereviews.com\/it\/wp-json\/wp\/v2\/pages\/81131"}],"wp:featuredmedia":[{"embeddable":true,"href":"https:\/\/www.accuratereviews.com\/it\/wp-json\/wp\/v2\/media\/82032"}],"wp:attachment":[{"href":"https:\/\/www.accuratereviews.com\/it\/wp-json\/wp\/v2\/media?parent=82025"}],"wp:term":[{"taxonomy":"category","embeddable":true,"href":"https:\/\/www.accuratereviews.com\/it\/wp-json\/wp\/v2\/categories?post=82025"},{"taxonomy":"post_tag","embeddable":true,"href":"https:\/\/www.accuratereviews.com\/it\/wp-json\/wp\/v2\/tags?post=82025"},{"taxonomy":"features","embeddable":true,"href":"https:\/\/www.accuratereviews.com\/it\/wp-json\/wp\/v2\/features?post=82025"}],"curies":[{"name":"wp","href":"https:\/\/api.w.org\/{rel}","templated":true}]}}