{"id":82073,"date":"2025-01-08T17:14:00","date_gmt":"2025-01-08T17:14:00","guid":{"rendered":"https:\/\/www.accuratereviews.com\/?page_id=82073"},"modified":"2025-01-09T10:49:57","modified_gmt":"2025-01-09T10:49:57","slug":"neuraltext-recensione","status":"publish","type":"page","link":"https:\/\/www.accuratereviews.com\/it\/software-intelligenza-artificiale\/neuraltext-recensione\/","title":{"rendered":"NeuralText"},"content":{"rendered":"<p><strong>NeuralText<\/strong> sfrutta le ultime <strong>tecnologie AI<\/strong> (in particolare, Natural Language Processing e Generation) per automatizzare i flussi di lavoro di ideazione, creazione e ottimizzazione dei <strong>contenuti per SEO<\/strong>, copywriter, esperti di marketing digitale, blogger e imprenditori. Aiuta i team ad accedere facilmente alle informazioni dai motori di ricerca e a generare testo per blog o campagne pubblicitarie. Crea un piano editoriale ottimizzato in pochi minuti. Recupera informazioni preziose dai motori di ricerca e crea report condivisibili con un clic. Ottieni un elenco di parole chiave correlate in base a un argomento.<\/p>\n<h2>NEURALTEXT &#8211; TUTORIAL<\/h2>\n<div id=\"fluid-wrapper-counter-1\" class=\"g1-fluid-wrapper \" style=\"width:686px;\">\n<div style=\"padding-bottom:56.268221574344%;\"><iframe loading=\"lazy\" title=\"Neuraltext - The AI Tool To Help You Succeed With Your SEO | Neuraltext AI Content Writing Tool\" width=\"686\" height=\"386\" src=\"https:\/\/www.youtube.com\/embed\/MK6iBawP5-U?feature=oembed&amp;wmode=transparent&amp;autohide=1&amp;autoplay=0&amp;disablekb=0&amp;fs=1&amp;loop=0&amp;enablejsapi=1&amp;rel=0&amp;controls=2&amp;showinfo=0&amp;wmode=transparent&amp;autohide=2&amp;autoplay=0&amp;disablekb=0&amp;fs=1&amp;loop=0&amp;enablejsapi=1&amp;rel=0&amp;controls=2&amp;showinfo=1\" frameborder=\"0\" allow=\"accelerometer; autoplay; clipboard-write; encrypted-media; gyroscope; picture-in-picture; web-share\" referrerpolicy=\"strict-origin-when-cross-origin\" allowfullscreen><\/iframe><\/div>\n<\/div>\n<h3>NEURALTEXT &#8211; CARATTERISTICHE<\/h3>\n<ul>\n<li>Avvia il processo creativo offrendo sia il completamento automatico in linea per un&#8217;ideazione senza sforzo sia un menu contestuale per opzioni di stesura avanzate: trasforma il brainstorming sugli argomenti del blog in bozze complete senza soluzione di continuit\u00e0.<\/li>\n<li>Migliora e diversifica i contenuti consentendo l&#8217;espansione delle idee o il perfezionamento del testo esistente tramite un menu contestuale basato sulla selezione, che include la riformulazione, la sintesi e la semplificazione, arricchendo la profondit\u00e0 e la pertinenza dei contenuti.<\/li>\n<li>Crea i migliori contenuti in base ai dati in tempo reale su SERP con l&#8217;editor di stile di Google Docs.<\/li>\n<li>Risparmia ore generando briefing sui contenuti per i tuoi autori in pochi clic. D\u00ec addio alla noiosa ricerca manuale dei concorrenti.<\/li>\n<li>Identifica ci\u00f2 di cui i tuoi contenuti hanno bisogno per ottenere un posizionamento pi\u00f9 alto. La soluzione ti aiuta a trovare aree di miglioramento analizzando leggibilit\u00e0, lunghezza e argomenti pertinenti in base a migliaia di punti dati.<\/li>\n<li>Trova centinaia di suggerimenti di parole chiave long-tail per ogni termine di ricerca e ottieni popolarit\u00e0 e tendenze<\/li>\n<li>Identifica rapidamente i cluster di argomenti utilizzando la funzione di clustering delle parole chiave e scopri quali e quante pagine devi creare per trattare un argomento in modo completo. Ti aiuta a trovare aree di miglioramento analizzando leggibilit\u00e0, lunghezza e argomenti pertinenti in base a migliaia di punti dati.<\/li>\n<li>Accesso diretto a metriche delle prestazioni in tempo reale come traffico, classifiche e coinvolgimento, consentendo decisioni informate e pianificazione strategica.<\/li>\n<li>Suggerimenti personalizzati per migliorare i contenuti esistenti o creare nuovi articoli in base a informazioni fruibili da parole chiave e tendenze emergenti.<\/li>\n<li>Invia parole chiave direttamente agli strumenti del software per un&#8217;analisi rapida e l&#8217;ottimizzazione dei contenuti.<\/li>\n<\/ul>\n<h4>LE RECENSIONI DEGLI UTENTI<\/h4>\n<p><strong>Oscar &#8220;Lo strumento che ha cambiato il modo in cui lavoro con il content marketing&#8221;<\/strong><br \/>\n<strong>Commenti<\/strong>: Lo adoro, \u00e8 diventato il mio strumento preferito quando faccio content marketing.<br \/>\n<strong>Pro<\/strong>: Questo strumento mi aiuta moltissimo quando si tratta di migliorare i miei contenuti per i motori di ricerca. Adoro come nell&#8217;editor stesso puoi vedere quali parole chiave non hai incluso rispetto alla concorrenza.<br \/>\n<strong>Contro<\/strong>: L&#8217;organizzazione della scrivania mi crea un po&#8217; di confusione, ma non \u00e8 un dramma.<\/p>\n<p><strong>Abhijeet &#8220;NeuralText \u00e8 uno strumento che utilizzo quasi ogni giorno.&#8221;<\/strong><br \/>\n<strong>Commenti<\/strong>: Fa risparmiare un sacco di tempo a chi deve fare un sacco di ricerche. Per me \u00e8 pi\u00f9 facile. I modelli AI generano anche utili prompt per iniziare il mio lavoro. NeuralText \u00e8 molto prezioso per me.<br \/>\n<strong>Pro<\/strong>: Alcuni pro di NeuralText: 1. Puoi creare briefing di contenuto con un clic. 2. I suggerimenti di domande da Reddit, Quora e Google fanno risparmiare tempo. 3. Lo strumento AI e i modelli AI svolgono il lavoro per diversi casi d&#8217;uso. L&#8217;offerta a vita lo rende un ottimo rapporto qualit\u00e0-prezzo. Dubito che ci sia un altro strumento come NeuralText a questo prezzo accessibile.<br \/>\n<strong>Contro<\/strong>: La dashboard e il menu devono essere pi\u00f9 intuitivi. Non sono adatti ai principianti. Possono essere opprimenti per un utente alle prime armi. L&#8217;interfaccia utente ha bisogno di un&#8217;ulteriore revisione, anche dopo la recente modifica.<\/p>\n<p><strong>Loc &#8220;Esperienza sul software NeuralText&#8221;<\/strong><br \/>\n<strong>Commenti<\/strong>: Lo scrittore si sente sicuro con NeuralText AI che supporta la ricerca di parole chiave. Quindi, \u00e8 facile delineare e creare la strategia per il contenuto. Infine, \u00e8 comodo usare strumenti SEO per controllare lo stato del ranking, se non \u00e8 quello previsto, regolarlo o correggerlo in seguito. NeuralText AI allevia il peso di uno scrittore nella scrittura.<br \/>\n<strong>Pro<\/strong>: L&#8217;introduzione di NeuralText AI soddisfa le aspettative di un content writer nella maggior parte delle funzionalit\u00e0 essenziali, come la ricerca di parole chiave, la selezione di argomenti di intenti e la struttura automatica per i contenuti. Queste funzionalit\u00e0 portano un content writer al livello successivo.<br \/>\n<strong>Contro<\/strong>: Poich\u00e9 sono nella fase di prova e non ho ancora sfruttato tutte le funzionalit\u00e0 offerte da NeutralText AI, non riesco a trovare alcun difetto nell&#8217;app.<\/p>\n","protected":false},"excerpt":{"rendered":"<p>NeuralText sfrutta le ultime tecnologie AI (in particolare, Natural Language Processing e Generation) per automatizzare i flussi di lavoro di ideazione, creazione e ottimizzazione dei contenuti per SEO, copywriter, esperti di marketing digitale, blogger e imprenditori. Aiuta i team ad accedere facilmente alle informazioni dai motori di ricerca e a  pgenerare testo per blog o campagne pubblicitarie.<\/p>\n","protected":false},"author":19,"featured_media":82074,"parent":79864,"menu_order":0,"comment_status":"open","ping_status":"closed","template":"g1_template_page_review_new.php","meta":{"_acf_changed":false,"cwp_meta_box_check":"No","cwp_rev_product_name":"","cwp_rev_product_image":"","wppr_links":[],"cwp_rev_price":"","wppr_options":[],"wppr_pros":[],"wppr_cons":[],"_monsterinsights_skip_tracking":false,"_monsterinsights_sitenote_active":false,"_monsterinsights_sitenote_note":"","_monsterinsights_sitenote_category":0,"footnotes":""},"categories":[15435],"tags":[997,998,15686,15441,15440,15479,15480],"features":[],"class_list":{"0":"post-82073","1":"page","2":"type-page","3":"status-publish","4":"has-post-thumbnail","6":"category-software-intelligenza-artificiale-cat","7":"tag-ai","8":"tag-intelligenza-artificiale","9":"tag-neuraltext","10":"tag-piattaforma-intelligenza-artificiale","11":"tag-programma-intelligenza-artificiale","12":"tag-software-intelligenza-artificiale","13":"tag-soluzione-intelligenza-artificiale"},"wppr_data":{"cwp_meta_box_check":"No"},"acf":[],"yoast_head":"<!-- This site is optimized with the Yoast SEO plugin v27.4 - https:\/\/yoast.com\/product\/yoast-seo-wordpress\/ -->\n<title>NeuralText: recensione software intelligenza artificiale - Accurate Reviews<\/title>\n<meta name=\"description\" content=\"NeuralText: soluzione che sfrutta le tecnologie AI per automatizzare i flussi di lavoro di ideazione, creazione e ottimizzazione dei contenuti\" \/>\n<meta name=\"robots\" content=\"index, follow, max-snippet:-1, max-image-preview:large, max-video-preview:-1\" \/>\n<link rel=\"canonical\" href=\"https:\/\/www.accuratereviews.com\/it\/software-intelligenza-artificiale\/neuraltext-recensione\/\" \/>\n<meta property=\"og:locale\" content=\"it_IT\" \/>\n<meta property=\"og:type\" content=\"article\" \/>\n<meta property=\"og:title\" content=\"NeuralText: recensione software intelligenza artificiale - Accurate Reviews\" \/>\n<meta property=\"og:description\" content=\"NeuralText: soluzione che sfrutta le tecnologie AI per automatizzare i flussi di lavoro di ideazione, creazione e ottimizzazione dei contenuti\" \/>\n<meta property=\"og:url\" content=\"https:\/\/www.accuratereviews.com\/it\/software-intelligenza-artificiale\/neuraltext-recensione\/\" \/>\n<meta property=\"og:site_name\" content=\"Accurate Reviews\" \/>\n<meta property=\"article:modified_time\" content=\"2025-01-09T10:49:57+00:00\" \/>\n<meta property=\"og:image\" content=\"https:\/\/www.accuratereviews.com\/wp-content\/uploads\/2025\/01\/neuraltext.jpg\" \/>\n\t<meta property=\"og:image:width\" content=\"400\" \/>\n\t<meta property=\"og:image:height\" content=\"400\" \/>\n\t<meta property=\"og:image:type\" content=\"image\/jpeg\" \/>\n<meta name=\"twitter:card\" content=\"summary_large_image\" \/>\n<meta name=\"twitter:label1\" content=\"Tempo di lettura stimato\" \/>\n\t<meta name=\"twitter:data1\" content=\"5 minuti\" \/>\n<script type=\"application\/ld+json\" class=\"yoast-schema-graph\">{\"@context\":\"https:\\\/\\\/schema.org\",\"@graph\":[{\"@type\":\"WebPage\",\"@id\":\"https:\\\/\\\/www.accuratereviews.com\\\/it\\\/software-intelligenza-artificiale\\\/neuraltext-recensione\\\/\",\"url\":\"https:\\\/\\\/www.accuratereviews.com\\\/it\\\/software-intelligenza-artificiale\\\/neuraltext-recensione\\\/\",\"name\":\"NeuralText: recensione software intelligenza artificiale - Accurate Reviews\",\"isPartOf\":{\"@id\":\"https:\\\/\\\/www.accuratereviews.com\\\/it\\\/#website\"},\"primaryImageOfPage\":{\"@id\":\"https:\\\/\\\/www.accuratereviews.com\\\/it\\\/software-intelligenza-artificiale\\\/neuraltext-recensione\\\/#primaryimage\"},\"image\":{\"@id\":\"https:\\\/\\\/www.accuratereviews.com\\\/it\\\/software-intelligenza-artificiale\\\/neuraltext-recensione\\\/#primaryimage\"},\"thumbnailUrl\":\"https:\\\/\\\/www.accuratereviews.com\\\/wp-content\\\/uploads\\\/2025\\\/01\\\/neuraltext.jpg\",\"datePublished\":\"2025-01-08T17:14:00+00:00\",\"dateModified\":\"2025-01-09T10:49:57+00:00\",\"description\":\"NeuralText: soluzione che sfrutta le tecnologie AI per automatizzare i flussi di lavoro di ideazione, creazione e ottimizzazione dei contenuti\",\"breadcrumb\":{\"@id\":\"https:\\\/\\\/www.accuratereviews.com\\\/it\\\/software-intelligenza-artificiale\\\/neuraltext-recensione\\\/#breadcrumb\"},\"inLanguage\":\"it-IT\",\"potentialAction\":[{\"@type\":\"ReadAction\",\"target\":[\"https:\\\/\\\/www.accuratereviews.com\\\/it\\\/software-intelligenza-artificiale\\\/neuraltext-recensione\\\/\"]}]},{\"@type\":\"ImageObject\",\"inLanguage\":\"it-IT\",\"@id\":\"https:\\\/\\\/www.accuratereviews.com\\\/it\\\/software-intelligenza-artificiale\\\/neuraltext-recensione\\\/#primaryimage\",\"url\":\"https:\\\/\\\/www.accuratereviews.com\\\/wp-content\\\/uploads\\\/2025\\\/01\\\/neuraltext.jpg\",\"contentUrl\":\"https:\\\/\\\/www.accuratereviews.com\\\/wp-content\\\/uploads\\\/2025\\\/01\\\/neuraltext.jpg\",\"width\":400,\"height\":400},{\"@type\":\"BreadcrumbList\",\"@id\":\"https:\\\/\\\/www.accuratereviews.com\\\/it\\\/software-intelligenza-artificiale\\\/neuraltext-recensione\\\/#breadcrumb\",\"itemListElement\":[{\"@type\":\"ListItem\",\"position\":1,\"name\":\"Home\",\"item\":\"https:\\\/\\\/www.accuratereviews.com\\\/it\\\/\"},{\"@type\":\"ListItem\",\"position\":2,\"name\":\"Software di intelligenza artificiale\",\"item\":\"https:\\\/\\\/www.accuratereviews.com\\\/it\\\/software-intelligenza-artificiale\\\/\"},{\"@type\":\"ListItem\",\"position\":3,\"name\":\"NeuralText\"}]},{\"@type\":\"WebSite\",\"@id\":\"https:\\\/\\\/www.accuratereviews.com\\\/it\\\/#website\",\"url\":\"https:\\\/\\\/www.accuratereviews.com\\\/it\\\/\",\"name\":\"Accurate Reviews\",\"description\":\"\",\"potentialAction\":[{\"@type\":\"SearchAction\",\"target\":{\"@type\":\"EntryPoint\",\"urlTemplate\":\"https:\\\/\\\/www.accuratereviews.com\\\/it\\\/?s={search_term_string}\"},\"query-input\":{\"@type\":\"PropertyValueSpecification\",\"valueRequired\":true,\"valueName\":\"search_term_string\"}}],\"inLanguage\":\"it-IT\"}]}<\/script>\n<!-- \/ Yoast SEO plugin. -->","yoast_head_json":{"title":"NeuralText: recensione software intelligenza artificiale - Accurate Reviews","description":"NeuralText: soluzione che sfrutta le tecnologie AI per automatizzare i flussi di lavoro di ideazione, creazione e ottimizzazione dei contenuti","robots":{"index":"index","follow":"follow","max-snippet":"max-snippet:-1","max-image-preview":"max-image-preview:large","max-video-preview":"max-video-preview:-1"},"canonical":"https:\/\/www.accuratereviews.com\/it\/software-intelligenza-artificiale\/neuraltext-recensione\/","og_locale":"it_IT","og_type":"article","og_title":"NeuralText: recensione software intelligenza artificiale - Accurate Reviews","og_description":"NeuralText: soluzione che sfrutta le tecnologie AI per automatizzare i flussi di lavoro di ideazione, creazione e ottimizzazione dei contenuti","og_url":"https:\/\/www.accuratereviews.com\/it\/software-intelligenza-artificiale\/neuraltext-recensione\/","og_site_name":"Accurate Reviews","article_modified_time":"2025-01-09T10:49:57+00:00","og_image":[{"width":400,"height":400,"url":"https:\/\/www.accuratereviews.com\/wp-content\/uploads\/2025\/01\/neuraltext.jpg","type":"image\/jpeg"}],"twitter_card":"summary_large_image","twitter_misc":{"Tempo di lettura stimato":"5 minuti"},"schema":{"@context":"https:\/\/schema.org","@graph":[{"@type":"WebPage","@id":"https:\/\/www.accuratereviews.com\/it\/software-intelligenza-artificiale\/neuraltext-recensione\/","url":"https:\/\/www.accuratereviews.com\/it\/software-intelligenza-artificiale\/neuraltext-recensione\/","name":"NeuralText: recensione software intelligenza artificiale - Accurate Reviews","isPartOf":{"@id":"https:\/\/www.accuratereviews.com\/it\/#website"},"primaryImageOfPage":{"@id":"https:\/\/www.accuratereviews.com\/it\/software-intelligenza-artificiale\/neuraltext-recensione\/#primaryimage"},"image":{"@id":"https:\/\/www.accuratereviews.com\/it\/software-intelligenza-artificiale\/neuraltext-recensione\/#primaryimage"},"thumbnailUrl":"https:\/\/www.accuratereviews.com\/wp-content\/uploads\/2025\/01\/neuraltext.jpg","datePublished":"2025-01-08T17:14:00+00:00","dateModified":"2025-01-09T10:49:57+00:00","description":"NeuralText: soluzione che sfrutta le tecnologie AI per automatizzare i flussi di lavoro di ideazione, creazione e ottimizzazione dei contenuti","breadcrumb":{"@id":"https:\/\/www.accuratereviews.com\/it\/software-intelligenza-artificiale\/neuraltext-recensione\/#breadcrumb"},"inLanguage":"it-IT","potentialAction":[{"@type":"ReadAction","target":["https:\/\/www.accuratereviews.com\/it\/software-intelligenza-artificiale\/neuraltext-recensione\/"]}]},{"@type":"ImageObject","inLanguage":"it-IT","@id":"https:\/\/www.accuratereviews.com\/it\/software-intelligenza-artificiale\/neuraltext-recensione\/#primaryimage","url":"https:\/\/www.accuratereviews.com\/wp-content\/uploads\/2025\/01\/neuraltext.jpg","contentUrl":"https:\/\/www.accuratereviews.com\/wp-content\/uploads\/2025\/01\/neuraltext.jpg","width":400,"height":400},{"@type":"BreadcrumbList","@id":"https:\/\/www.accuratereviews.com\/it\/software-intelligenza-artificiale\/neuraltext-recensione\/#breadcrumb","itemListElement":[{"@type":"ListItem","position":1,"name":"Home","item":"https:\/\/www.accuratereviews.com\/it\/"},{"@type":"ListItem","position":2,"name":"Software di intelligenza artificiale","item":"https:\/\/www.accuratereviews.com\/it\/software-intelligenza-artificiale\/"},{"@type":"ListItem","position":3,"name":"NeuralText"}]},{"@type":"WebSite","@id":"https:\/\/www.accuratereviews.com\/it\/#website","url":"https:\/\/www.accuratereviews.com\/it\/","name":"Accurate Reviews","description":"","potentialAction":[{"@type":"SearchAction","target":{"@type":"EntryPoint","urlTemplate":"https:\/\/www.accuratereviews.com\/it\/?s={search_term_string}"},"query-input":{"@type":"PropertyValueSpecification","valueRequired":true,"valueName":"search_term_string"}}],"inLanguage":"it-IT"}]}},"_links":{"self":[{"href":"https:\/\/www.accuratereviews.com\/it\/wp-json\/wp\/v2\/pages\/82073","targetHints":{"allow":["GET"]}}],"collection":[{"href":"https:\/\/www.accuratereviews.com\/it\/wp-json\/wp\/v2\/pages"}],"about":[{"href":"https:\/\/www.accuratereviews.com\/it\/wp-json\/wp\/v2\/types\/page"}],"author":[{"embeddable":true,"href":"https:\/\/www.accuratereviews.com\/it\/wp-json\/wp\/v2\/users\/19"}],"replies":[{"embeddable":true,"href":"https:\/\/www.accuratereviews.com\/it\/wp-json\/wp\/v2\/comments?post=82073"}],"version-history":[{"count":9,"href":"https:\/\/www.accuratereviews.com\/it\/wp-json\/wp\/v2\/pages\/82073\/revisions"}],"predecessor-version":[{"id":82140,"href":"https:\/\/www.accuratereviews.com\/it\/wp-json\/wp\/v2\/pages\/82073\/revisions\/82140"}],"up":[{"embeddable":true,"href":"https:\/\/www.accuratereviews.com\/it\/wp-json\/wp\/v2\/pages\/79864"}],"wp:featuredmedia":[{"embeddable":true,"href":"https:\/\/www.accuratereviews.com\/it\/wp-json\/wp\/v2\/media\/82074"}],"wp:attachment":[{"href":"https:\/\/www.accuratereviews.com\/it\/wp-json\/wp\/v2\/media?parent=82073"}],"wp:term":[{"taxonomy":"category","embeddable":true,"href":"https:\/\/www.accuratereviews.com\/it\/wp-json\/wp\/v2\/categories?post=82073"},{"taxonomy":"post_tag","embeddable":true,"href":"https:\/\/www.accuratereviews.com\/it\/wp-json\/wp\/v2\/tags?post=82073"},{"taxonomy":"features","embeddable":true,"href":"https:\/\/www.accuratereviews.com\/it\/wp-json\/wp\/v2\/features?post=82073"}],"curies":[{"name":"wp","href":"https:\/\/api.w.org\/{rel}","templated":true}]}}