{"id":82158,"date":"2025-01-10T16:47:51","date_gmt":"2025-01-10T16:47:51","guid":{"rendered":"https:\/\/www.accuratereviews.com\/?page_id=82158"},"modified":"2025-01-13T10:56:59","modified_gmt":"2025-01-13T10:56:59","slug":"elephas-recensione","status":"publish","type":"page","link":"https:\/\/www.accuratereviews.com\/it\/software-intelligenza-artificiale\/elephas-recensione\/","title":{"rendered":"Elephas"},"content":{"rendered":"<p><strong>Elephas<\/strong> \u00e8 uno strumento di assistente alla scrittura, basato<strong> sull&#8217;intelligenza artificiale<\/strong> e su <strong>cloud<\/strong>, per Macbook, iPhone e iPad che consente agli utenti di creare automaticamente contenuti per post sui social media, email, blog e altro da una piattaforma unificata. Permette agli utenti di correggere errori grammaticali, inviare risposte email istantanee, accedere a preset predefiniti e riassumere articoli per leggere solo le informazioni importanti. I membri del team possono creare presentazioni, titoli, scalette e altro ancora.<\/p>\n<h2>ELEPHAS &#8211; TUTORIAL<\/h2>\n<div id=\"fluid-wrapper-counter-1\" class=\"g1-fluid-wrapper \" style=\"width:686px;\">\n<div style=\"padding-bottom:56.268221574344%;\"><iframe loading=\"lazy\" title=\"Elephas Super Command Demo\" width=\"686\" height=\"386\" src=\"https:\/\/www.youtube.com\/embed\/qrTTig9INaU?list=PLpv207Ven3s1Hmfcq9lqG74eRzJicbmoy\" frameborder=\"0\" allow=\"accelerometer; autoplay; clipboard-write; encrypted-media; gyroscope; picture-in-picture; web-share\" referrerpolicy=\"strict-origin-when-cross-origin\" allowfullscreen><\/iframe><\/div>\n<\/div>\n<h2>ELEPHAS &#8211; CARATTERISTICHE<\/h2>\n<ul>\n<li><strong>Brainstorming di idee<\/strong>: scatena la creativit\u00e0 all&#8217;istante generando concetti e soluzioni innovative su misura per i tuoi progetti.<\/li>\n<li><strong>Assistenza all&#8217;apprendimento<\/strong>: accelera il tuo apprendimento riassumendo i punti chiave e creando materiali di studio personalizzati dalle tue risorse.<\/li>\n<li><strong>Scrivi contenuti<\/strong>: crea articoli, post di blog e report avvincenti supportati dai tuoi dati. Ti aiuta a scrivere pi\u00f9 velocemente.<\/li>\n<li><strong>Genera report<\/strong>: compila rapidamente report completi sintetizzando dati e approfondimenti da pi\u00f9 fonti.<\/li>\n<li><strong>Rispondi alle domande<\/strong>: accedi a risposte istantanee e accurate tratte dalla tua knowledge base personale e da fonti attendibili.<\/li>\n<li><strong>Genera approfondimenti<\/strong>: scopri schemi nascosti e trai conclusioni significative dalle informazioni in tuo possesso.<\/li>\n<li><strong>Analizza il sentimento:<\/strong> valuta i toni emotivi nel testo per comprendere meglio il feedback dei clienti o le reazioni del mercato.<\/li>\n<li><strong>Genera riepiloghi<\/strong>: condensa documenti lunghi in riepiloghi concisi e fruibili per una revisione efficiente.<\/li>\n<li><strong>Rispondi alle email<\/strong>: crea risposte email personalizzate e consapevoli del contesto utilizzando il potere del tuo Super Brain.<\/li>\n<li><strong>Accesso multipiattaforma<\/strong>: utilizza Super Brain senza problemi su Mac, iPhone e iPad<\/li>\n<\/ul>\n<h4>LE RECENSIONI DEGLI UTENTI<\/h4>\n<p><strong>Nicol\u00f2 &#8220;Interessante inizio!&#8221;<\/strong><br \/>\n<strong>Commenti<\/strong>: Buona, sembra molto interessante sicuramente continuer\u00f2 ad utilizzarlo e a testarlo.<br \/>\n<strong>Pro<\/strong>: Il vantaggio di poter usufruire di un boost costante sul proprio mac durante tutti i processi lavorativi<br \/>\n<strong>Contro<\/strong>: Al momento la sto ancora testando, quello che posso dire che non mi piace l&#8217;icona che non credo elevi il valore dell&#8217;applicazione e riconduca l&#8217;utente ad un&#8217;associazione diretta.<\/p>\n<p><strong>Luca &#8220;Elephas \u00e8 il migliore nel portare l&#8217;intelligenza artificiale a portata di mano&#8221;<\/strong><br \/>\n<strong>Pro<\/strong>: La caratteristica vincente \u00e8 la stretta integrazione con il mio sistema operativo. Ho superpoteri di intelligenza artificiale ogni volta che ne ho bisogno.<br \/>\n<strong>Contro<\/strong>: Devi davvero sapere cosa stai facendo. Elephas \u00e8 fantastico ed \u00e8 facile da usare, ma hai davvero bisogno di conoscenza per sfruttare appieno la creazione di contenuti AI in tutta la sua portata.<\/p>\n<p><strong>Zane &#8220;Assistente AI nativo per Mac senza pari&#8221;<\/strong><br \/>\n<strong>Pro<\/strong>: Elephas si adatta perfettamente alla mia routine di scrittura! Non ho trovato nessun&#8217;altra app che offra un livello cos\u00ec elevato di integrazione con Mac insieme a un&#8217;ampia variet\u00e0 di strumenti e funzionalit\u00e0 di intelligenza artificiale.<br \/>\n<strong>Contro<\/strong>: L&#8217;interfaccia utente migliora sicuramente con ogni aggiornamento, ma risulta ancora un po&#8217; fiacca e goffa.<\/p>\n","protected":false},"excerpt":{"rendered":"<p>Elephas \u00e8 uno strumento di assistente alla scrittura, basato sull&#8217;intelligenza artificiale e su cloud, per Macbook, iPhone e iPad che consente agli utenti di creare automaticamente contenuti per post sui social media, email, blog e altro da una piattaforma unificata.<\/p>\n","protected":false},"author":19,"featured_media":82159,"parent":79864,"menu_order":0,"comment_status":"open","ping_status":"closed","template":"g1_template_page_review_new.php","meta":{"_acf_changed":false,"cwp_meta_box_check":"No","cwp_rev_product_name":"","cwp_rev_product_image":"","wppr_links":[],"cwp_rev_price":"","wppr_options":[],"wppr_pros":[],"wppr_cons":[],"_monsterinsights_skip_tracking":false,"_monsterinsights_sitenote_active":false,"_monsterinsights_sitenote_note":"","_monsterinsights_sitenote_category":0,"footnotes":""},"categories":[15435],"tags":[997,15690,15441,15440,15479,15480],"features":[],"class_list":{"0":"post-82158","1":"page","2":"type-page","3":"status-publish","4":"has-post-thumbnail","6":"category-software-intelligenza-artificiale-cat","7":"tag-ai","8":"tag-elephas","9":"tag-piattaforma-intelligenza-artificiale","10":"tag-programma-intelligenza-artificiale","11":"tag-software-intelligenza-artificiale","12":"tag-soluzione-intelligenza-artificiale"},"wppr_data":{"cwp_meta_box_check":"No"},"acf":[],"yoast_head":"<!-- This site is optimized with the Yoast SEO plugin v27.4 - https:\/\/yoast.com\/product\/yoast-seo-wordpress\/ -->\n<title>Elephas: recensione software intelligenza artificiale - Accurate Reviews<\/title>\n<meta name=\"description\" content=\"Elephas: recensione strumento di assistente alla scrittura basato sull&#039;intelligenza artificiale e su cloud per Macbook, iPhone e iPad.\" \/>\n<meta name=\"robots\" content=\"index, follow, max-snippet:-1, max-image-preview:large, max-video-preview:-1\" \/>\n<link rel=\"canonical\" href=\"https:\/\/www.accuratereviews.com\/it\/software-intelligenza-artificiale\/elephas-recensione\/\" \/>\n<meta property=\"og:locale\" content=\"it_IT\" \/>\n<meta property=\"og:type\" content=\"article\" \/>\n<meta property=\"og:title\" content=\"Elephas: recensione software intelligenza artificiale - Accurate Reviews\" \/>\n<meta property=\"og:description\" content=\"Elephas: recensione strumento di assistente alla scrittura basato sull&#039;intelligenza artificiale e su cloud per Macbook, iPhone e iPad.\" \/>\n<meta property=\"og:url\" content=\"https:\/\/www.accuratereviews.com\/it\/software-intelligenza-artificiale\/elephas-recensione\/\" \/>\n<meta property=\"og:site_name\" content=\"Accurate Reviews\" \/>\n<meta property=\"article:modified_time\" content=\"2025-01-13T10:56:59+00:00\" \/>\n<meta property=\"og:image\" content=\"https:\/\/www.accuratereviews.com\/wp-content\/uploads\/2025\/01\/Elephas.png\" \/>\n\t<meta property=\"og:image:width\" content=\"600\" \/>\n\t<meta property=\"og:image:height\" content=\"600\" \/>\n\t<meta property=\"og:image:type\" content=\"image\/png\" \/>\n<meta name=\"twitter:card\" content=\"summary_large_image\" \/>\n<meta name=\"twitter:label1\" content=\"Tempo di lettura stimato\" \/>\n\t<meta name=\"twitter:data1\" content=\"4 minuti\" \/>\n<script type=\"application\/ld+json\" class=\"yoast-schema-graph\">{\"@context\":\"https:\\\/\\\/schema.org\",\"@graph\":[{\"@type\":\"WebPage\",\"@id\":\"https:\\\/\\\/www.accuratereviews.com\\\/it\\\/software-intelligenza-artificiale\\\/elephas-recensione\\\/\",\"url\":\"https:\\\/\\\/www.accuratereviews.com\\\/it\\\/software-intelligenza-artificiale\\\/elephas-recensione\\\/\",\"name\":\"Elephas: recensione software intelligenza artificiale - Accurate Reviews\",\"isPartOf\":{\"@id\":\"https:\\\/\\\/www.accuratereviews.com\\\/it\\\/#website\"},\"primaryImageOfPage\":{\"@id\":\"https:\\\/\\\/www.accuratereviews.com\\\/it\\\/software-intelligenza-artificiale\\\/elephas-recensione\\\/#primaryimage\"},\"image\":{\"@id\":\"https:\\\/\\\/www.accuratereviews.com\\\/it\\\/software-intelligenza-artificiale\\\/elephas-recensione\\\/#primaryimage\"},\"thumbnailUrl\":\"https:\\\/\\\/www.accuratereviews.com\\\/wp-content\\\/uploads\\\/2025\\\/01\\\/Elephas.png\",\"datePublished\":\"2025-01-10T16:47:51+00:00\",\"dateModified\":\"2025-01-13T10:56:59+00:00\",\"description\":\"Elephas: recensione strumento di assistente alla scrittura basato sull'intelligenza artificiale e su cloud per Macbook, iPhone e iPad.\",\"breadcrumb\":{\"@id\":\"https:\\\/\\\/www.accuratereviews.com\\\/it\\\/software-intelligenza-artificiale\\\/elephas-recensione\\\/#breadcrumb\"},\"inLanguage\":\"it-IT\",\"potentialAction\":[{\"@type\":\"ReadAction\",\"target\":[\"https:\\\/\\\/www.accuratereviews.com\\\/it\\\/software-intelligenza-artificiale\\\/elephas-recensione\\\/\"]}]},{\"@type\":\"ImageObject\",\"inLanguage\":\"it-IT\",\"@id\":\"https:\\\/\\\/www.accuratereviews.com\\\/it\\\/software-intelligenza-artificiale\\\/elephas-recensione\\\/#primaryimage\",\"url\":\"https:\\\/\\\/www.accuratereviews.com\\\/wp-content\\\/uploads\\\/2025\\\/01\\\/Elephas.png\",\"contentUrl\":\"https:\\\/\\\/www.accuratereviews.com\\\/wp-content\\\/uploads\\\/2025\\\/01\\\/Elephas.png\",\"width\":600,\"height\":600},{\"@type\":\"BreadcrumbList\",\"@id\":\"https:\\\/\\\/www.accuratereviews.com\\\/it\\\/software-intelligenza-artificiale\\\/elephas-recensione\\\/#breadcrumb\",\"itemListElement\":[{\"@type\":\"ListItem\",\"position\":1,\"name\":\"Home\",\"item\":\"https:\\\/\\\/www.accuratereviews.com\\\/it\\\/\"},{\"@type\":\"ListItem\",\"position\":2,\"name\":\"Software di intelligenza artificiale\",\"item\":\"https:\\\/\\\/www.accuratereviews.com\\\/it\\\/software-intelligenza-artificiale\\\/\"},{\"@type\":\"ListItem\",\"position\":3,\"name\":\"Elephas\"}]},{\"@type\":\"WebSite\",\"@id\":\"https:\\\/\\\/www.accuratereviews.com\\\/it\\\/#website\",\"url\":\"https:\\\/\\\/www.accuratereviews.com\\\/it\\\/\",\"name\":\"Accurate Reviews\",\"description\":\"\",\"potentialAction\":[{\"@type\":\"SearchAction\",\"target\":{\"@type\":\"EntryPoint\",\"urlTemplate\":\"https:\\\/\\\/www.accuratereviews.com\\\/it\\\/?s={search_term_string}\"},\"query-input\":{\"@type\":\"PropertyValueSpecification\",\"valueRequired\":true,\"valueName\":\"search_term_string\"}}],\"inLanguage\":\"it-IT\"}]}<\/script>\n<!-- \/ Yoast SEO plugin. -->","yoast_head_json":{"title":"Elephas: recensione software intelligenza artificiale - Accurate Reviews","description":"Elephas: recensione strumento di assistente alla scrittura basato sull'intelligenza artificiale e su cloud per Macbook, iPhone e iPad.","robots":{"index":"index","follow":"follow","max-snippet":"max-snippet:-1","max-image-preview":"max-image-preview:large","max-video-preview":"max-video-preview:-1"},"canonical":"https:\/\/www.accuratereviews.com\/it\/software-intelligenza-artificiale\/elephas-recensione\/","og_locale":"it_IT","og_type":"article","og_title":"Elephas: recensione software intelligenza artificiale - Accurate Reviews","og_description":"Elephas: recensione strumento di assistente alla scrittura basato sull'intelligenza artificiale e su cloud per Macbook, iPhone e iPad.","og_url":"https:\/\/www.accuratereviews.com\/it\/software-intelligenza-artificiale\/elephas-recensione\/","og_site_name":"Accurate Reviews","article_modified_time":"2025-01-13T10:56:59+00:00","og_image":[{"width":600,"height":600,"url":"https:\/\/www.accuratereviews.com\/wp-content\/uploads\/2025\/01\/Elephas.png","type":"image\/png"}],"twitter_card":"summary_large_image","twitter_misc":{"Tempo di lettura stimato":"4 minuti"},"schema":{"@context":"https:\/\/schema.org","@graph":[{"@type":"WebPage","@id":"https:\/\/www.accuratereviews.com\/it\/software-intelligenza-artificiale\/elephas-recensione\/","url":"https:\/\/www.accuratereviews.com\/it\/software-intelligenza-artificiale\/elephas-recensione\/","name":"Elephas: recensione software intelligenza artificiale - Accurate Reviews","isPartOf":{"@id":"https:\/\/www.accuratereviews.com\/it\/#website"},"primaryImageOfPage":{"@id":"https:\/\/www.accuratereviews.com\/it\/software-intelligenza-artificiale\/elephas-recensione\/#primaryimage"},"image":{"@id":"https:\/\/www.accuratereviews.com\/it\/software-intelligenza-artificiale\/elephas-recensione\/#primaryimage"},"thumbnailUrl":"https:\/\/www.accuratereviews.com\/wp-content\/uploads\/2025\/01\/Elephas.png","datePublished":"2025-01-10T16:47:51+00:00","dateModified":"2025-01-13T10:56:59+00:00","description":"Elephas: recensione strumento di assistente alla scrittura basato sull'intelligenza artificiale e su cloud per Macbook, iPhone e iPad.","breadcrumb":{"@id":"https:\/\/www.accuratereviews.com\/it\/software-intelligenza-artificiale\/elephas-recensione\/#breadcrumb"},"inLanguage":"it-IT","potentialAction":[{"@type":"ReadAction","target":["https:\/\/www.accuratereviews.com\/it\/software-intelligenza-artificiale\/elephas-recensione\/"]}]},{"@type":"ImageObject","inLanguage":"it-IT","@id":"https:\/\/www.accuratereviews.com\/it\/software-intelligenza-artificiale\/elephas-recensione\/#primaryimage","url":"https:\/\/www.accuratereviews.com\/wp-content\/uploads\/2025\/01\/Elephas.png","contentUrl":"https:\/\/www.accuratereviews.com\/wp-content\/uploads\/2025\/01\/Elephas.png","width":600,"height":600},{"@type":"BreadcrumbList","@id":"https:\/\/www.accuratereviews.com\/it\/software-intelligenza-artificiale\/elephas-recensione\/#breadcrumb","itemListElement":[{"@type":"ListItem","position":1,"name":"Home","item":"https:\/\/www.accuratereviews.com\/it\/"},{"@type":"ListItem","position":2,"name":"Software di intelligenza artificiale","item":"https:\/\/www.accuratereviews.com\/it\/software-intelligenza-artificiale\/"},{"@type":"ListItem","position":3,"name":"Elephas"}]},{"@type":"WebSite","@id":"https:\/\/www.accuratereviews.com\/it\/#website","url":"https:\/\/www.accuratereviews.com\/it\/","name":"Accurate Reviews","description":"","potentialAction":[{"@type":"SearchAction","target":{"@type":"EntryPoint","urlTemplate":"https:\/\/www.accuratereviews.com\/it\/?s={search_term_string}"},"query-input":{"@type":"PropertyValueSpecification","valueRequired":true,"valueName":"search_term_string"}}],"inLanguage":"it-IT"}]}},"_links":{"self":[{"href":"https:\/\/www.accuratereviews.com\/it\/wp-json\/wp\/v2\/pages\/82158","targetHints":{"allow":["GET"]}}],"collection":[{"href":"https:\/\/www.accuratereviews.com\/it\/wp-json\/wp\/v2\/pages"}],"about":[{"href":"https:\/\/www.accuratereviews.com\/it\/wp-json\/wp\/v2\/types\/page"}],"author":[{"embeddable":true,"href":"https:\/\/www.accuratereviews.com\/it\/wp-json\/wp\/v2\/users\/19"}],"replies":[{"embeddable":true,"href":"https:\/\/www.accuratereviews.com\/it\/wp-json\/wp\/v2\/comments?post=82158"}],"version-history":[{"count":11,"href":"https:\/\/www.accuratereviews.com\/it\/wp-json\/wp\/v2\/pages\/82158\/revisions"}],"predecessor-version":[{"id":82340,"href":"https:\/\/www.accuratereviews.com\/it\/wp-json\/wp\/v2\/pages\/82158\/revisions\/82340"}],"up":[{"embeddable":true,"href":"https:\/\/www.accuratereviews.com\/it\/wp-json\/wp\/v2\/pages\/79864"}],"wp:featuredmedia":[{"embeddable":true,"href":"https:\/\/www.accuratereviews.com\/it\/wp-json\/wp\/v2\/media\/82159"}],"wp:attachment":[{"href":"https:\/\/www.accuratereviews.com\/it\/wp-json\/wp\/v2\/media?parent=82158"}],"wp:term":[{"taxonomy":"category","embeddable":true,"href":"https:\/\/www.accuratereviews.com\/it\/wp-json\/wp\/v2\/categories?post=82158"},{"taxonomy":"post_tag","embeddable":true,"href":"https:\/\/www.accuratereviews.com\/it\/wp-json\/wp\/v2\/tags?post=82158"},{"taxonomy":"features","embeddable":true,"href":"https:\/\/www.accuratereviews.com\/it\/wp-json\/wp\/v2\/features?post=82158"}],"curies":[{"name":"wp","href":"https:\/\/api.w.org\/{rel}","templated":true}]}}