{"id":82301,"date":"2025-01-13T22:25:00","date_gmt":"2025-01-13T22:25:00","guid":{"rendered":"https:\/\/www.accuratereviews.com\/?page_id=82301"},"modified":"2025-01-13T22:25:00","modified_gmt":"2025-01-13T22:25:00","slug":"wordtune-recensione","status":"publish","type":"page","link":"https:\/\/www.accuratereviews.com\/it\/software-intelligenza-artificiale\/wordtune-recensione\/","title":{"rendered":"Wordtune"},"content":{"rendered":"<p><strong>Wordtune <\/strong>\u00e8 un compagno di lettura e scrittura, basato sull<strong>&#8216;intelligenza artificiale<\/strong>, che capisce cosa stai cercando di dire e suggerisce modi per rendere la tua scrittura\u00a0 chiara, avvincente e autentica. Oltre a scrivere, il programma pu\u00f2 anche riassumere testi lunghi, articoli, PDF o persino video di YouTube e condensarli in porzioni di facile lettura, in modo che tu possa assimilare molte pi\u00f9 informazioni in una frazione del tempo.<br \/>\nPorta la tua produttivit\u00e0 a nuovi livelli con l&#8217;estensione<strong> Wordtune Chrome<\/strong>, disponibile su tutti i tuoi siti Web e app Web preferiti.<\/p>\n<h2>WORDTUNE &#8211; TUTORIAL<\/h2>\n<div id=\"fluid-wrapper-counter-1\" class=\"g1-fluid-wrapper \" style=\"width:686px;\">\n<div style=\"padding-bottom:56.268221574344%;\"><iframe loading=\"lazy\" title=\"Transform Your Thoughts into Written Words with Wordtune | Wordtune Demo\" width=\"686\" height=\"386\" src=\"https:\/\/www.youtube.com\/embed\/IHsYUcbWnXA?feature=oembed&amp;wmode=transparent&amp;autohide=1&amp;autoplay=0&amp;disablekb=0&amp;fs=1&amp;loop=0&amp;enablejsapi=1&amp;rel=0&amp;controls=2&amp;showinfo=0&amp;wmode=transparent&amp;autohide=2&amp;autoplay=0&amp;disablekb=0&amp;fs=1&amp;loop=0&amp;enablejsapi=1&amp;rel=0&amp;controls=2&amp;showinfo=1\" frameborder=\"0\" allow=\"accelerometer; autoplay; clipboard-write; encrypted-media; gyroscope; picture-in-picture; web-share\" referrerpolicy=\"strict-origin-when-cross-origin\" allowfullscreen><\/iframe><\/div>\n<\/div>\n<div class=\"AxqVh\">\n<div class=\"OPPzxe\">\n<div class=\"QcsUad BDJ8fb BLojaf sMVRZe hCXDsb wneUed\">\n<h3>WORDTUNE &#8211; CARATTERISTICHE<\/h3>\n<div class=\"usGWQd\">\n<div class=\"KkbLmb\">\n<ul>\n<li class=\"lRu31\" dir=\"ltr\"><span class=\"HwtZe\" lang=\"it\"><span class=\"jCAhz\"><span class=\"ryNqvb\"><strong>Sinonimi<\/strong>: aumenta il tuo vocabolario e perfeziona la tua scrittura scegliendo la parola migliore per qualsiasi cosa tu stia cercando di dire.<\/span><\/span> <\/span><\/li>\n<li class=\"lRu31\" dir=\"ltr\"><span class=\"HwtZe\" lang=\"it\"><span class=\"jCAhz\"><span class=\"ryNqvb\"><strong>AI text humanizer<\/strong>: evita facilmente il plagio e assicurati che il tuo lavoro sia originale riformulando il tuo contenuto in modo che sia veramente tuo.<\/span><\/span><\/span><\/li>\n<li class=\"lRu31\" dir=\"ltr\"><span class=\"HwtZe\" lang=\"it\"><span class=\"jCAhz\"><span class=\"ryNqvb\"><strong> Traduci con l&#8217;IA<\/strong>: non riesci a pensare alla parola inglese giusta?<\/span><\/span> <span class=\"jCAhz\"><span class=\"ryNqvb\">Scrivi una parola o una frase nella tua lingua madre e il programma la tradurr\u00e0 automaticamente per adattarla al contesto della tua scrittura.<\/span><\/span> <\/span><\/li>\n<li class=\"lRu31\" dir=\"ltr\"><span class=\"HwtZe\" lang=\"it\"><strong><span class=\"jCAhz\"><span class=\"ryNqvb\">Scrittura migliore.<\/span><\/span> <\/strong><span class=\"jCAhz\"><span class=\"ryNqvb\"><strong>Voti migliori<\/strong>: <\/span><\/span><span class=\"jCAhz\"><span class=\"ryNqvb\">Migliora i tuoi voti con saggi e documenti di ricerca di prim&#8217;ordine, pensati, ben scritti e privi di plagio.<\/span><\/span> <\/span><\/li>\n<li class=\"lRu31\" dir=\"ltr\"><span class=\"HwtZe\" lang=\"it\"><span class=\"jCAhz\"><span class=\"ryNqvb\"><strong>Presentati come il professionista che sei<\/strong>:<\/span><\/span><span class=\"jCAhz ChMk0b\"><span class=\"ryNqvb\"> rafforza la tua reputazione e non preoccuparti mai pi\u00f9 di essere imbarazzato o frainteso creando email e messaggi chiari, concisi e pertinenti.<\/span><\/span> <\/span><\/li>\n<li class=\"lRu31\" dir=\"ltr\"><span class=\"HwtZe\" lang=\"it\"><span class=\"jCAhz ChMk0b\"><span class=\"ryNqvb\"><strong>Controlla la grammatica<\/strong>: libera i tuoi pensieri senza preoccuparti mai di grammatica o punteggiatura.<\/span><\/span> <\/span><\/li>\n<li class=\"lRu31\" dir=\"ltr\"><span class=\"HwtZe\" lang=\"it\"><span class=\"jCAhz ChMk0b\"><span class=\"ryNqvb\"><strong>Correggi l&#8217;ortografia<\/strong>: produci un lavoro di qualit\u00e0 privo di errori di ortografia.<\/span><\/span><\/span><\/li>\n<li class=\"lRu31\" dir=\"ltr\"><span class=\"HwtZe\" lang=\"it\"><span class=\"jCAhz ChMk0b\"><span class=\"ryNqvb\"><strong>Perfeziona la tua scrittura<\/strong>: utilizza lasoluzione per parafrasare all&#8217;istante email, articoli, messaggi e altro ancora per fornire un lavoro scritto privo di errori.<\/span><\/span> <\/span><\/li>\n<li class=\"lRu31\" dir=\"ltr\"><span class=\"HwtZe\" lang=\"it\"><span class=\"jCAhz ChMk0b\"><span class=\"ryNqvb\"><strong>Produci contenuti AI<\/strong>: utilizza la scrittura AI per produrre testi originali e basati sul contesto utilizzando contenuti AI affidabili, il tutto mantenendo il tuo stile personale.<\/span><\/span><\/span><\/li>\n<\/ul>\n<h4>LE RECENSIONI DEGLI UTENTI<\/h4>\n<p><strong>Elisa &#8220;Ottimo strumento&#8221;<\/strong><br \/>\n<strong>Commenti<\/strong>: Facile da utilizzare, un sopporto all&#8217; elaborazione e all&#8217;invio di comunicazioni, sia inglese colloquiale che professionale. Molto consigliato!<br \/>\n<strong>Pro<\/strong>: di facile utilizzo, si pu\u00f2 fare un check in tempo reale, propone alternative sia per uso colloquiale che professionale.<br \/>\n<strong>Contro<\/strong>: non ho riscontrato difficolt\u00e0 nell&#8217;utilizzo, solo aspetti positivi<\/p>\n<p><strong>Fortunate &#8220;Il miglior scrittore di intelligenza artificiale sul mercato&#8221;<\/strong><br \/>\n<strong>Commenti<\/strong>: questo software \u00e8 l&#8217;ideale per i nuovi scrittori e i team con ordini di grandi dimensioni da evadere ma con un tempo limitato. Lo consiglierei a tutti i creativi che si occupano di contenuti scritti. Tutto sommato, \u00e8 un&#8217;applicazione straordinaria.<br \/>\n<strong>Pro<\/strong>: a differenza di altri strumenti di riscrittura, lo strumento Wordtune funziona in modo molto naturale. Ogni volta che riscrivo una frase o un paragrafo, conserva il suo significato e il suo fascino dopo che \u00e8 stato riscritto. Una delle cose che preferisco di Wordtune \u00e8 che mi offre cos\u00ec tante opzioni per scrivere una frase, il che \u00e8 semplicemente fantastico. Inoltre, ci sono molte altre funzionalit\u00e0 tra cui scegliere, come l&#8217;accorciamento o l&#8217;espansione delle frasi. Puoi scegliere tra toni casual e formali, il che \u00e8 fantastico per creare l&#8217;atmosfera giusta per il contenuto. Aiuta i tempi di invio ai clienti a essere super veloci. Mi piace che fornisca l&#8217;integrazione con MS Word e Grammarly.<br \/>\n<strong>Contro<\/strong>: il software \u00e8 incredibile per il prezzo sarebbe folle lamentarsi. Ma i miei suggerimenti all&#8217;azienda sono: &#8211; Dovrebbero creare un&#8217;app mobile &#8211; Rimuovere l&#8217;opzione gratuita per inserire una versione di prova. Il software \u00e8 troppo grande per essere utilizzato gratuitamente.<\/p>\n<p><strong>Mohamed &#8220;Controlla, assicura e gestisci la tua scrittura&#8221;<\/strong><br \/>\n<strong>Commenti<\/strong>: sono soddisfatto e continuer\u00f2 sicuramente a usare il prodotto.<br \/>\n<strong>Pro<\/strong>: ora mi sento a mio agio perch\u00e9 posso essere sicuro che l&#8217;ortografia, la grammatica e l&#8217;intero testo siano corretti al 100%.<br \/>\n<strong>Contro<\/strong>: con l&#8217;abbonamento gratuito avrai a disposizione un minimo di correzioni al giorno: solo 20.<\/p>\n<\/div>\n<\/div>\n<\/div>\n<\/div>\n<\/div>\n","protected":false},"excerpt":{"rendered":"<p>Wordtune \u00e8 un compagno di lettura e scrittura basato sull&#8217;intelligenza artificiale che capisce cosa stai cercando di dire e suggerisce modi per rendere la tua scrittura chiara, avvincente e autentica. Oltre a scrivere, il programma pu\u00f2 anche riassumere testi lunghi, articoli, PDF o persino video di YouTube e condensarli in porzioni di facile lettura, in modo che tu possa assimilare molte pi\u00f9 informazioni in una frazione del tempo.<\/p>\n","protected":false},"author":19,"featured_media":82302,"parent":79864,"menu_order":0,"comment_status":"open","ping_status":"closed","template":"g1_template_page_review_new.php","meta":{"_acf_changed":false,"cwp_meta_box_check":"No","cwp_rev_product_name":"","cwp_rev_product_image":"","wppr_links":[],"cwp_rev_price":"","wppr_options":[],"wppr_pros":[],"wppr_cons":[],"_monsterinsights_skip_tracking":false,"_monsterinsights_sitenote_active":false,"_monsterinsights_sitenote_note":"","_monsterinsights_sitenote_category":0,"footnotes":""},"categories":[15435],"tags":[997,998,15441,15440,15479,15480,15707],"features":[],"class_list":{"0":"post-82301","1":"page","2":"type-page","3":"status-publish","4":"has-post-thumbnail","6":"category-software-intelligenza-artificiale-cat","7":"tag-ai","8":"tag-intelligenza-artificiale","9":"tag-piattaforma-intelligenza-artificiale","10":"tag-programma-intelligenza-artificiale","11":"tag-software-intelligenza-artificiale","12":"tag-soluzione-intelligenza-artificiale","13":"tag-wordtune"},"wppr_data":{"cwp_meta_box_check":"No"},"acf":[],"yoast_head":"<!-- This site is optimized with the Yoast SEO plugin v27.4 - https:\/\/yoast.com\/product\/yoast-seo-wordpress\/ -->\n<title>Wordtune: recensione software intelligenza artificiale - Accurate Reviews<\/title>\n<meta name=\"description\" content=\"Wordtune: soluzione basata sull&#039;AI che capisce cosa stai cercando di dire e suggerisce modi per rendere la tua scrittura chiara e autentica\" \/>\n<meta name=\"robots\" content=\"index, follow, max-snippet:-1, max-image-preview:large, max-video-preview:-1\" \/>\n<link rel=\"canonical\" href=\"https:\/\/www.accuratereviews.com\/it\/software-intelligenza-artificiale\/wordtune-recensione\/\" \/>\n<meta property=\"og:locale\" content=\"it_IT\" \/>\n<meta property=\"og:type\" content=\"article\" \/>\n<meta property=\"og:title\" content=\"Wordtune: recensione software intelligenza artificiale - Accurate Reviews\" \/>\n<meta property=\"og:description\" content=\"Wordtune: soluzione basata sull&#039;AI che capisce cosa stai cercando di dire e suggerisce modi per rendere la tua scrittura chiara e autentica\" \/>\n<meta property=\"og:url\" content=\"https:\/\/www.accuratereviews.com\/it\/software-intelligenza-artificiale\/wordtune-recensione\/\" \/>\n<meta property=\"og:site_name\" content=\"Accurate Reviews\" \/>\n<meta property=\"og:image\" content=\"https:\/\/www.accuratereviews.com\/wp-content\/uploads\/2025\/01\/Wordtune.png\" \/>\n\t<meta property=\"og:image:width\" content=\"300\" \/>\n\t<meta property=\"og:image:height\" content=\"300\" \/>\n\t<meta property=\"og:image:type\" content=\"image\/png\" \/>\n<meta name=\"twitter:card\" content=\"summary_large_image\" \/>\n<meta name=\"twitter:label1\" content=\"Tempo di lettura stimato\" \/>\n\t<meta name=\"twitter:data1\" content=\"5 minuti\" \/>\n<script type=\"application\/ld+json\" class=\"yoast-schema-graph\">{\"@context\":\"https:\\\/\\\/schema.org\",\"@graph\":[{\"@type\":\"WebPage\",\"@id\":\"https:\\\/\\\/www.accuratereviews.com\\\/it\\\/software-intelligenza-artificiale\\\/wordtune-recensione\\\/\",\"url\":\"https:\\\/\\\/www.accuratereviews.com\\\/it\\\/software-intelligenza-artificiale\\\/wordtune-recensione\\\/\",\"name\":\"Wordtune: recensione software intelligenza artificiale - Accurate Reviews\",\"isPartOf\":{\"@id\":\"https:\\\/\\\/www.accuratereviews.com\\\/it\\\/#website\"},\"primaryImageOfPage\":{\"@id\":\"https:\\\/\\\/www.accuratereviews.com\\\/it\\\/software-intelligenza-artificiale\\\/wordtune-recensione\\\/#primaryimage\"},\"image\":{\"@id\":\"https:\\\/\\\/www.accuratereviews.com\\\/it\\\/software-intelligenza-artificiale\\\/wordtune-recensione\\\/#primaryimage\"},\"thumbnailUrl\":\"https:\\\/\\\/www.accuratereviews.com\\\/wp-content\\\/uploads\\\/2025\\\/01\\\/Wordtune.png\",\"datePublished\":\"2025-01-13T22:25:00+00:00\",\"description\":\"Wordtune: soluzione basata sull'AI che capisce cosa stai cercando di dire e suggerisce modi per rendere la tua scrittura chiara e autentica\",\"breadcrumb\":{\"@id\":\"https:\\\/\\\/www.accuratereviews.com\\\/it\\\/software-intelligenza-artificiale\\\/wordtune-recensione\\\/#breadcrumb\"},\"inLanguage\":\"it-IT\",\"potentialAction\":[{\"@type\":\"ReadAction\",\"target\":[\"https:\\\/\\\/www.accuratereviews.com\\\/it\\\/software-intelligenza-artificiale\\\/wordtune-recensione\\\/\"]}]},{\"@type\":\"ImageObject\",\"inLanguage\":\"it-IT\",\"@id\":\"https:\\\/\\\/www.accuratereviews.com\\\/it\\\/software-intelligenza-artificiale\\\/wordtune-recensione\\\/#primaryimage\",\"url\":\"https:\\\/\\\/www.accuratereviews.com\\\/wp-content\\\/uploads\\\/2025\\\/01\\\/Wordtune.png\",\"contentUrl\":\"https:\\\/\\\/www.accuratereviews.com\\\/wp-content\\\/uploads\\\/2025\\\/01\\\/Wordtune.png\",\"width\":300,\"height\":300},{\"@type\":\"BreadcrumbList\",\"@id\":\"https:\\\/\\\/www.accuratereviews.com\\\/it\\\/software-intelligenza-artificiale\\\/wordtune-recensione\\\/#breadcrumb\",\"itemListElement\":[{\"@type\":\"ListItem\",\"position\":1,\"name\":\"Home\",\"item\":\"https:\\\/\\\/www.accuratereviews.com\\\/it\\\/\"},{\"@type\":\"ListItem\",\"position\":2,\"name\":\"Software di intelligenza artificiale\",\"item\":\"https:\\\/\\\/www.accuratereviews.com\\\/it\\\/software-intelligenza-artificiale\\\/\"},{\"@type\":\"ListItem\",\"position\":3,\"name\":\"Wordtune\"}]},{\"@type\":\"WebSite\",\"@id\":\"https:\\\/\\\/www.accuratereviews.com\\\/it\\\/#website\",\"url\":\"https:\\\/\\\/www.accuratereviews.com\\\/it\\\/\",\"name\":\"Accurate Reviews\",\"description\":\"\",\"potentialAction\":[{\"@type\":\"SearchAction\",\"target\":{\"@type\":\"EntryPoint\",\"urlTemplate\":\"https:\\\/\\\/www.accuratereviews.com\\\/it\\\/?s={search_term_string}\"},\"query-input\":{\"@type\":\"PropertyValueSpecification\",\"valueRequired\":true,\"valueName\":\"search_term_string\"}}],\"inLanguage\":\"it-IT\"}]}<\/script>\n<!-- \/ Yoast SEO plugin. -->","yoast_head_json":{"title":"Wordtune: recensione software intelligenza artificiale - Accurate Reviews","description":"Wordtune: soluzione basata sull'AI che capisce cosa stai cercando di dire e suggerisce modi per rendere la tua scrittura chiara e autentica","robots":{"index":"index","follow":"follow","max-snippet":"max-snippet:-1","max-image-preview":"max-image-preview:large","max-video-preview":"max-video-preview:-1"},"canonical":"https:\/\/www.accuratereviews.com\/it\/software-intelligenza-artificiale\/wordtune-recensione\/","og_locale":"it_IT","og_type":"article","og_title":"Wordtune: recensione software intelligenza artificiale - Accurate Reviews","og_description":"Wordtune: soluzione basata sull'AI che capisce cosa stai cercando di dire e suggerisce modi per rendere la tua scrittura chiara e autentica","og_url":"https:\/\/www.accuratereviews.com\/it\/software-intelligenza-artificiale\/wordtune-recensione\/","og_site_name":"Accurate Reviews","og_image":[{"width":300,"height":300,"url":"https:\/\/www.accuratereviews.com\/wp-content\/uploads\/2025\/01\/Wordtune.png","type":"image\/png"}],"twitter_card":"summary_large_image","twitter_misc":{"Tempo di lettura stimato":"5 minuti"},"schema":{"@context":"https:\/\/schema.org","@graph":[{"@type":"WebPage","@id":"https:\/\/www.accuratereviews.com\/it\/software-intelligenza-artificiale\/wordtune-recensione\/","url":"https:\/\/www.accuratereviews.com\/it\/software-intelligenza-artificiale\/wordtune-recensione\/","name":"Wordtune: recensione software intelligenza artificiale - Accurate Reviews","isPartOf":{"@id":"https:\/\/www.accuratereviews.com\/it\/#website"},"primaryImageOfPage":{"@id":"https:\/\/www.accuratereviews.com\/it\/software-intelligenza-artificiale\/wordtune-recensione\/#primaryimage"},"image":{"@id":"https:\/\/www.accuratereviews.com\/it\/software-intelligenza-artificiale\/wordtune-recensione\/#primaryimage"},"thumbnailUrl":"https:\/\/www.accuratereviews.com\/wp-content\/uploads\/2025\/01\/Wordtune.png","datePublished":"2025-01-13T22:25:00+00:00","description":"Wordtune: soluzione basata sull'AI che capisce cosa stai cercando di dire e suggerisce modi per rendere la tua scrittura chiara e autentica","breadcrumb":{"@id":"https:\/\/www.accuratereviews.com\/it\/software-intelligenza-artificiale\/wordtune-recensione\/#breadcrumb"},"inLanguage":"it-IT","potentialAction":[{"@type":"ReadAction","target":["https:\/\/www.accuratereviews.com\/it\/software-intelligenza-artificiale\/wordtune-recensione\/"]}]},{"@type":"ImageObject","inLanguage":"it-IT","@id":"https:\/\/www.accuratereviews.com\/it\/software-intelligenza-artificiale\/wordtune-recensione\/#primaryimage","url":"https:\/\/www.accuratereviews.com\/wp-content\/uploads\/2025\/01\/Wordtune.png","contentUrl":"https:\/\/www.accuratereviews.com\/wp-content\/uploads\/2025\/01\/Wordtune.png","width":300,"height":300},{"@type":"BreadcrumbList","@id":"https:\/\/www.accuratereviews.com\/it\/software-intelligenza-artificiale\/wordtune-recensione\/#breadcrumb","itemListElement":[{"@type":"ListItem","position":1,"name":"Home","item":"https:\/\/www.accuratereviews.com\/it\/"},{"@type":"ListItem","position":2,"name":"Software di intelligenza artificiale","item":"https:\/\/www.accuratereviews.com\/it\/software-intelligenza-artificiale\/"},{"@type":"ListItem","position":3,"name":"Wordtune"}]},{"@type":"WebSite","@id":"https:\/\/www.accuratereviews.com\/it\/#website","url":"https:\/\/www.accuratereviews.com\/it\/","name":"Accurate Reviews","description":"","potentialAction":[{"@type":"SearchAction","target":{"@type":"EntryPoint","urlTemplate":"https:\/\/www.accuratereviews.com\/it\/?s={search_term_string}"},"query-input":{"@type":"PropertyValueSpecification","valueRequired":true,"valueName":"search_term_string"}}],"inLanguage":"it-IT"}]}},"_links":{"self":[{"href":"https:\/\/www.accuratereviews.com\/it\/wp-json\/wp\/v2\/pages\/82301","targetHints":{"allow":["GET"]}}],"collection":[{"href":"https:\/\/www.accuratereviews.com\/it\/wp-json\/wp\/v2\/pages"}],"about":[{"href":"https:\/\/www.accuratereviews.com\/it\/wp-json\/wp\/v2\/types\/page"}],"author":[{"embeddable":true,"href":"https:\/\/www.accuratereviews.com\/it\/wp-json\/wp\/v2\/users\/19"}],"replies":[{"embeddable":true,"href":"https:\/\/www.accuratereviews.com\/it\/wp-json\/wp\/v2\/comments?post=82301"}],"version-history":[{"count":9,"href":"https:\/\/www.accuratereviews.com\/it\/wp-json\/wp\/v2\/pages\/82301\/revisions"}],"predecessor-version":[{"id":82370,"href":"https:\/\/www.accuratereviews.com\/it\/wp-json\/wp\/v2\/pages\/82301\/revisions\/82370"}],"up":[{"embeddable":true,"href":"https:\/\/www.accuratereviews.com\/it\/wp-json\/wp\/v2\/pages\/79864"}],"wp:featuredmedia":[{"embeddable":true,"href":"https:\/\/www.accuratereviews.com\/it\/wp-json\/wp\/v2\/media\/82302"}],"wp:attachment":[{"href":"https:\/\/www.accuratereviews.com\/it\/wp-json\/wp\/v2\/media?parent=82301"}],"wp:term":[{"taxonomy":"category","embeddable":true,"href":"https:\/\/www.accuratereviews.com\/it\/wp-json\/wp\/v2\/categories?post=82301"},{"taxonomy":"post_tag","embeddable":true,"href":"https:\/\/www.accuratereviews.com\/it\/wp-json\/wp\/v2\/tags?post=82301"},{"taxonomy":"features","embeddable":true,"href":"https:\/\/www.accuratereviews.com\/it\/wp-json\/wp\/v2\/features?post=82301"}],"curies":[{"name":"wp","href":"https:\/\/api.w.org\/{rel}","templated":true}]}}