{"id":82391,"date":"2025-01-14T14:41:51","date_gmt":"2025-01-14T14:41:51","guid":{"rendered":"https:\/\/www.accuratereviews.com\/?page_id=82391"},"modified":"2025-01-15T10:39:56","modified_gmt":"2025-01-15T10:39:56","slug":"anaconda-recensione","status":"publish","type":"page","link":"https:\/\/www.accuratereviews.com\/it\/software-intelligenza-artificiale\/anaconda-recensione\/","title":{"rendered":"Anaconda"},"content":{"rendered":"<p><strong>Anaconda<\/strong> \u00e8 una<strong> soluzione open source<\/strong> per la <strong>scienza dei dati<\/strong>, che aiuta a sviluppare e distribuire modelli di apprendimento automatico utilizzando strumenti e pacchetti ad alte prestazioni. L&#8217;applicazione consente ai team IT di eseguire modelli predittivi e analizzare serie temporali finanziarie. I professionisti possono gestire app, pacchetti e ambienti integrati senza utilizzare l&#8217;interfaccia della riga di comando. I supervisori possono concedere l&#8217;accesso alla piattaforma e tenere traccia dei pacchetti utilizzati pi\u00f9 di frequente dai membri del team. Con il suo strumento di gestione delle vulnerabilit\u00e0 i dipendenti possono riflettere repository professionali e pubblici tra cui conda-forge, CRAN e PyPI.<\/p>\n<h2>ANACONDA &#8211; TUTORIAL<\/h2>\n<div id=\"fluid-wrapper-counter-1\" class=\"g1-fluid-wrapper \" style=\"width:686px;\">\n<div style=\"padding-bottom:56.268221574344%;\"><iframe loading=\"lazy\" title=\"Anaconda - The OS for AI\" width=\"686\" height=\"386\" src=\"https:\/\/www.youtube.com\/embed\/jhfHikABGXA?feature=oembed&amp;wmode=transparent&amp;autohide=1&amp;autoplay=0&amp;disablekb=0&amp;fs=1&amp;loop=0&amp;enablejsapi=1&amp;rel=0&amp;controls=2&amp;showinfo=0&amp;wmode=transparent&amp;autohide=2&amp;autoplay=0&amp;disablekb=0&amp;fs=1&amp;loop=0&amp;enablejsapi=1&amp;rel=0&amp;controls=2&amp;showinfo=1\" frameborder=\"0\" allow=\"accelerometer; autoplay; clipboard-write; encrypted-media; gyroscope; picture-in-picture; web-share\" referrerpolicy=\"strict-origin-when-cross-origin\" allowfullscreen><\/iframe><\/div>\n<\/div>\n<h3>ANACONDA &#8211; CARATTERISTICHE<\/h3>\n<ul>\n<li><strong>Conversazioni rapide e semplici<\/strong>: interagisci con modelli di intelligenza artificiale all&#8217;avanguardia; poni domande, chiedi esempi di codice o chiarisci concetti direttamente nel tuo Notebook.<\/li>\n<li><strong>Genera codice che viene eseguito nel tuo Notebook:<\/strong> ottieni codice che viene eseguito senza problemi nel tuo ambiente.<\/li>\n<li><strong>Spiegazione e miglioramento del codice<\/strong>: seleziona un pezzo di codice e chiedi all&#8217;Assistente di spiegarne la funzionalit\u00e0, aggiungere commenti per facilitare la comprensione o suggerire miglioramenti per l&#8217;ottimizzazione.<\/li>\n<li><strong>Visualizzazioni automatiche:<\/strong> genera codice per tracciare dati in DataFrames, offrendo pi\u00f9 idee di tracciamento tra cui scegliere e fornendo una rappresentazione visiva accattivante dei tuoi dati.<\/li>\n<li><strong>Integrazione<\/strong>: integra senza problemi AI Assistant nel tuo percorso di data science con strumenti, API e un ecosistema che facilita la collaborazione.<\/li>\n<li><strong>Interpretabilit\u00e0 del modello:<\/strong> crea modelli ML interpretabili con librerie come scikit-learn e TensorFlow.<\/li>\n<li><strong>Gestione della qualit\u00e0 dei dati:<\/strong> gestisci senza sforzo la qualit\u00e0 dei dati con librerie come pandas e NumPy, per affrontare valori mancanti, valori anomali e incongruenze, assicurando dati solidi e affidabili.<\/li>\n<li><strong>Apprendimento continuo e riaddestramento del modello<\/strong>: immergiti nei flussi di lavoro automatizzati per un&#8217;acquisizione dati senza interruzioni, pre-elaborazione, addestramento del modello e valutazione.<\/li>\n<li><strong>Acquisizione dati<\/strong>: consolida facilmente i dati da diverse fonti in una posizione centrale.<\/li>\n<li><strong>Organizzazione dei dati<\/strong>: pulisci, trasforma e analizza i dati strutturati.<\/li>\n<li><strong>Integrazione dei dati:<\/strong> unisci o ruota set di dati da diverse fonti.<\/li>\n<li><strong>Archiviazione dei dati:<\/strong> archivia i dati in vari formati con supporto di sistema distribuito.<\/li>\n<li><strong>Analisi dei dati:<\/strong> esegui varie attivit\u00e0 di analisi dei dati: statistiche, modifica, clustering, classificazione e altro.<\/li>\n<li><strong>Visualizzazione dei dati:<\/strong> crea visualizzazioni approfondite per un&#8217;interpretazione completa dei dati.<\/li>\n<li><strong>Gestione dell&#8217;ambiente:<\/strong> imposta ambienti isolati su misura per un trasferimento del flusso di lavoro senza interruzioni.<\/li>\n<li><strong>Pacchetti curati:<\/strong> affidati ai professionisti per svolgere il lavoro noioso. Ottieni pacchetti curati professionalmente con un riepilogo per la revisione.<\/li>\n<li><strong>Monitoraggio delle vulnerabilit\u00e0<\/strong>: proteggi i tuoi canali dalle vulnerabilit\u00e0 dei pacchetti in continua evoluzione e in continua evoluzione.<\/li>\n<li><strong>Riduzione del rischio<\/strong>: impedisci a pacchetti pericolosi o indesiderati di raggiungere la tua forza lavoro.<\/li>\n<\/ul>\n<h4>LE RECENSIONI DEGLI UTENTI<\/h4>\n<p><strong>Gioacchino &#8220;Come facilitare Python&#8221;<\/strong><br \/>\n<strong>Commenti<\/strong>: Essendo studente di Ingegneria Informatica ho installato Anaconda per semplificare di molto la mia esperienza con Python su ambiente Linux. Ottima esperienza e consiglio vivamente l&#8217;utilizzo di questa distribuzione.<br \/>\n<strong>Pro<\/strong>: Semplicit\u00e0 nell&#8217;implementazione e gestione dei pacchetti<br \/>\n<strong>Contro<\/strong>: Se non sei del campo non sai minimamente a cosa serve<\/p>\n<p><strong>Tania &#8220;Mi ha salvato il semestre!&#8221;<\/strong><br \/>\n<strong>Commenti<\/strong>: Ottimo! Non hai problemi se scrivi codice in r o python, puoi lavorare con entrambi contemporaneamente!<br \/>\n<strong>Pro<\/strong>: Il fatto che tu possa utilizzare Spyder e Rstudio nello stesso software rappresenta un grande vantaggio per migliorare lo sviluppo delle tue app.<br \/>\n<strong>Contro<\/strong>: Se sei alle prime armi con la programmazione, ci sono tantissime informazioni da imparare, ma una volta imparato, sar\u00e0 molto facile orientarsi tra le funzionalit\u00e0 di Anaconda.<\/p>\n<p><strong>Moustafa &#8220;Recensione di Anaconda&#8221;<\/strong><br \/>\n<strong>Commenti<\/strong>: La mia esperienza complessiva con Anaconda \u00e8 davvero molto positiva per lo sviluppo di modelli di intelligenza artificiale e per effettuare alcune analisi.<br \/>\n<strong>Pro<\/strong>: Mi piace che Anaconda fornisca lo strumento Anaconda prompt che mi consente di installare i pacchetti e le librerie che voglio usando il terminale. Mi piace che posso creare un numero infinito di ambienti virtuali su Anaconda dove ognuno di essi \u00e8 correlato a un certo progetto. Inoltre, mi piace che Anaconda offra un tutorial di apprendimento per principianti su come usarlo in modo efficiente.<br \/>\n<strong>Contro<\/strong>: Ci vuole molto tempo quando si passa da un ambiente all&#8217;altro all&#8217;interno di Anaconda. Non c&#8217;\u00e8 un&#8217;opzione cloud o di sincronizzazione che mi aiuti se uso Anaconda su pi\u00f9 dispositivi. Inoltre, non mi piace l&#8217;interfaccia di Anaconda Navigator e non riesco a passare alla modalit\u00e0 scura.<\/p>\n","protected":false},"excerpt":{"rendered":"<p>Anaconda \u00e8 una soluzione open source per la scienza dei dati, che aiuta a sviluppare e distribuire modelli di apprendimento automatico utilizzando strumenti e pacchetti ad alte prestazioni. L&#8217;applicazione consente ai team IT di eseguire modelli predittivi e analizzare serie temporali finanziarie.<\/p>\n","protected":false},"author":19,"featured_media":82398,"parent":79864,"menu_order":0,"comment_status":"open","ping_status":"closed","template":"g1_template_page_review_new.php","meta":{"_acf_changed":false,"cwp_meta_box_check":"Yes","cwp_rev_product_name":"","cwp_rev_product_image":"","wppr_links":[],"cwp_rev_price":"0.00","wppr_options":[{"name":"Usability","value":"0"},{"name":"Speed","value":"0"},{"name":"Features","value":"0"},{"name":"Support","value":"0"},{"name":"Pricing","value":"0"}],"wppr_pros":["","","","",""],"wppr_cons":["","","","",""],"_monsterinsights_skip_tracking":false,"_monsterinsights_sitenote_active":false,"_monsterinsights_sitenote_note":"","_monsterinsights_sitenote_category":0,"footnotes":""},"categories":[15435],"tags":[997,15709,998,15441,15440,15479,15480],"features":[],"class_list":{"0":"post-82391","1":"page","2":"type-page","3":"status-publish","4":"has-post-thumbnail","6":"category-software-intelligenza-artificiale-cat","7":"tag-ai","8":"tag-anaconda","9":"tag-intelligenza-artificiale","10":"tag-piattaforma-intelligenza-artificiale","11":"tag-programma-intelligenza-artificiale","12":"tag-software-intelligenza-artificiale","13":"tag-soluzione-intelligenza-artificiale"},"wppr_data":{"cwp_meta_box_check":"Yes","_wppr_review_template":"default","cwp_rev_product_image":"","cwp_image_link":"image","wppr_links":[],"cwp_rev_price":"0.00","wppr_pros":["","","","",""],"wppr_cons":["","","","",""],"wppr_rating":"0.00","wppr_options":{"1":{"name":"Usability","value":"0"},"2":{"name":"Speed","value":"0"},"3":{"name":"Features","value":"0"},"4":{"name":"Support","value":"0"},"5":{"name":"Pricing","value":"0"}},"wppr_review_type":"Product","wppr_review_custom_fields":{"additionalProperty":"","additionalType":"","aggregateRating":"","alternateName":"","audience":"","award":"","awards":"","brand":"","color":"","depth":"","description":"","disambiguatingDescription":"","gtin12":"","gtin13":"","gtin14":"","gtin8":"","height":"","identifier":"","image":"","isAccessoryOrSparePartFor":"","isConsumableFor":"","isRelatedTo":"","isSimilarTo":"","itemCondition":"","logo":"","mainEntityOfPage":"","manufacturer":"","material":"","model":"","mpn":"","name":"","offers":"","potentialAction":"","productID":"","productionDate":"","purchaseDate":"","releaseDate":"","review":"","reviews":"","sameAs":"","sku":"","slogan":"","subjectOf":"","url":"","weight":"","width":""}},"acf":[],"yoast_head":"<!-- This site is optimized with the Yoast SEO plugin v27.4 - https:\/\/yoast.com\/product\/yoast-seo-wordpress\/ -->\n<title>Anaconda: recensione software intelligenza artificiale - Accurate Reviews<\/title>\n<meta name=\"description\" content=\"Anaconda: recensione soluzione open source per la scienza dei dati, che aiuta a sviluppare e distribuire modelli di apprendimento automatico.\" \/>\n<meta name=\"robots\" content=\"index, follow, max-snippet:-1, max-image-preview:large, max-video-preview:-1\" \/>\n<link rel=\"canonical\" href=\"https:\/\/www.accuratereviews.com\/it\/software-intelligenza-artificiale\/anaconda-recensione\/\" \/>\n<meta property=\"og:locale\" content=\"it_IT\" \/>\n<meta property=\"og:type\" content=\"article\" \/>\n<meta property=\"og:title\" content=\"Anaconda: recensione software intelligenza artificiale - Accurate Reviews\" \/>\n<meta property=\"og:description\" content=\"Anaconda: recensione soluzione open source per la scienza dei dati, che aiuta a sviluppare e distribuire modelli di apprendimento automatico.\" \/>\n<meta property=\"og:url\" content=\"https:\/\/www.accuratereviews.com\/it\/software-intelligenza-artificiale\/anaconda-recensione\/\" \/>\n<meta property=\"og:site_name\" content=\"Accurate Reviews\" \/>\n<meta property=\"article:modified_time\" content=\"2025-01-15T10:39:56+00:00\" \/>\n<meta property=\"og:image\" content=\"https:\/\/www.accuratereviews.com\/wp-content\/uploads\/2025\/01\/anaconda.webp\" \/>\n\t<meta property=\"og:image:width\" content=\"310\" \/>\n\t<meta property=\"og:image:height\" content=\"310\" \/>\n\t<meta property=\"og:image:type\" content=\"image\/webp\" \/>\n<meta name=\"twitter:card\" content=\"summary_large_image\" \/>\n<meta name=\"twitter:label1\" content=\"Tempo di lettura stimato\" \/>\n\t<meta name=\"twitter:data1\" content=\"5 minuti\" \/>\n<script type=\"application\/ld+json\" class=\"yoast-schema-graph\">{\"@context\":\"https:\\\/\\\/schema.org\",\"@graph\":[{\"@type\":\"WebPage\",\"@id\":\"https:\\\/\\\/www.accuratereviews.com\\\/it\\\/software-intelligenza-artificiale\\\/anaconda-recensione\\\/\",\"url\":\"https:\\\/\\\/www.accuratereviews.com\\\/it\\\/software-intelligenza-artificiale\\\/anaconda-recensione\\\/\",\"name\":\"Anaconda: recensione software intelligenza artificiale - Accurate Reviews\",\"isPartOf\":{\"@id\":\"https:\\\/\\\/www.accuratereviews.com\\\/it\\\/#website\"},\"primaryImageOfPage\":{\"@id\":\"https:\\\/\\\/www.accuratereviews.com\\\/it\\\/software-intelligenza-artificiale\\\/anaconda-recensione\\\/#primaryimage\"},\"image\":{\"@id\":\"https:\\\/\\\/www.accuratereviews.com\\\/it\\\/software-intelligenza-artificiale\\\/anaconda-recensione\\\/#primaryimage\"},\"thumbnailUrl\":\"https:\\\/\\\/www.accuratereviews.com\\\/wp-content\\\/uploads\\\/2025\\\/01\\\/anaconda.webp\",\"datePublished\":\"2025-01-14T14:41:51+00:00\",\"dateModified\":\"2025-01-15T10:39:56+00:00\",\"description\":\"Anaconda: recensione soluzione open source per la scienza dei dati, che aiuta a sviluppare e distribuire modelli di apprendimento automatico.\",\"breadcrumb\":{\"@id\":\"https:\\\/\\\/www.accuratereviews.com\\\/it\\\/software-intelligenza-artificiale\\\/anaconda-recensione\\\/#breadcrumb\"},\"inLanguage\":\"it-IT\",\"potentialAction\":[{\"@type\":\"ReadAction\",\"target\":[\"https:\\\/\\\/www.accuratereviews.com\\\/it\\\/software-intelligenza-artificiale\\\/anaconda-recensione\\\/\"]}]},{\"@type\":\"ImageObject\",\"inLanguage\":\"it-IT\",\"@id\":\"https:\\\/\\\/www.accuratereviews.com\\\/it\\\/software-intelligenza-artificiale\\\/anaconda-recensione\\\/#primaryimage\",\"url\":\"https:\\\/\\\/www.accuratereviews.com\\\/wp-content\\\/uploads\\\/2025\\\/01\\\/anaconda.webp\",\"contentUrl\":\"https:\\\/\\\/www.accuratereviews.com\\\/wp-content\\\/uploads\\\/2025\\\/01\\\/anaconda.webp\",\"width\":310,\"height\":310},{\"@type\":\"BreadcrumbList\",\"@id\":\"https:\\\/\\\/www.accuratereviews.com\\\/it\\\/software-intelligenza-artificiale\\\/anaconda-recensione\\\/#breadcrumb\",\"itemListElement\":[{\"@type\":\"ListItem\",\"position\":1,\"name\":\"Home\",\"item\":\"https:\\\/\\\/www.accuratereviews.com\\\/it\\\/\"},{\"@type\":\"ListItem\",\"position\":2,\"name\":\"Software di intelligenza artificiale\",\"item\":\"https:\\\/\\\/www.accuratereviews.com\\\/it\\\/software-intelligenza-artificiale\\\/\"},{\"@type\":\"ListItem\",\"position\":3,\"name\":\"Anaconda\"}]},{\"@type\":\"WebSite\",\"@id\":\"https:\\\/\\\/www.accuratereviews.com\\\/it\\\/#website\",\"url\":\"https:\\\/\\\/www.accuratereviews.com\\\/it\\\/\",\"name\":\"Accurate Reviews\",\"description\":\"\",\"potentialAction\":[{\"@type\":\"SearchAction\",\"target\":{\"@type\":\"EntryPoint\",\"urlTemplate\":\"https:\\\/\\\/www.accuratereviews.com\\\/it\\\/?s={search_term_string}\"},\"query-input\":{\"@type\":\"PropertyValueSpecification\",\"valueRequired\":true,\"valueName\":\"search_term_string\"}}],\"inLanguage\":\"it-IT\"}]}<\/script>\n<!-- \/ Yoast SEO plugin. -->","yoast_head_json":{"title":"Anaconda: recensione software intelligenza artificiale - Accurate Reviews","description":"Anaconda: recensione soluzione open source per la scienza dei dati, che aiuta a sviluppare e distribuire modelli di apprendimento automatico.","robots":{"index":"index","follow":"follow","max-snippet":"max-snippet:-1","max-image-preview":"max-image-preview:large","max-video-preview":"max-video-preview:-1"},"canonical":"https:\/\/www.accuratereviews.com\/it\/software-intelligenza-artificiale\/anaconda-recensione\/","og_locale":"it_IT","og_type":"article","og_title":"Anaconda: recensione software intelligenza artificiale - Accurate Reviews","og_description":"Anaconda: recensione soluzione open source per la scienza dei dati, che aiuta a sviluppare e distribuire modelli di apprendimento automatico.","og_url":"https:\/\/www.accuratereviews.com\/it\/software-intelligenza-artificiale\/anaconda-recensione\/","og_site_name":"Accurate Reviews","article_modified_time":"2025-01-15T10:39:56+00:00","og_image":[{"width":310,"height":310,"url":"https:\/\/www.accuratereviews.com\/wp-content\/uploads\/2025\/01\/anaconda.webp","type":"image\/webp"}],"twitter_card":"summary_large_image","twitter_misc":{"Tempo di lettura stimato":"5 minuti"},"schema":{"@context":"https:\/\/schema.org","@graph":[{"@type":"WebPage","@id":"https:\/\/www.accuratereviews.com\/it\/software-intelligenza-artificiale\/anaconda-recensione\/","url":"https:\/\/www.accuratereviews.com\/it\/software-intelligenza-artificiale\/anaconda-recensione\/","name":"Anaconda: recensione software intelligenza artificiale - Accurate Reviews","isPartOf":{"@id":"https:\/\/www.accuratereviews.com\/it\/#website"},"primaryImageOfPage":{"@id":"https:\/\/www.accuratereviews.com\/it\/software-intelligenza-artificiale\/anaconda-recensione\/#primaryimage"},"image":{"@id":"https:\/\/www.accuratereviews.com\/it\/software-intelligenza-artificiale\/anaconda-recensione\/#primaryimage"},"thumbnailUrl":"https:\/\/www.accuratereviews.com\/wp-content\/uploads\/2025\/01\/anaconda.webp","datePublished":"2025-01-14T14:41:51+00:00","dateModified":"2025-01-15T10:39:56+00:00","description":"Anaconda: recensione soluzione open source per la scienza dei dati, che aiuta a sviluppare e distribuire modelli di apprendimento automatico.","breadcrumb":{"@id":"https:\/\/www.accuratereviews.com\/it\/software-intelligenza-artificiale\/anaconda-recensione\/#breadcrumb"},"inLanguage":"it-IT","potentialAction":[{"@type":"ReadAction","target":["https:\/\/www.accuratereviews.com\/it\/software-intelligenza-artificiale\/anaconda-recensione\/"]}]},{"@type":"ImageObject","inLanguage":"it-IT","@id":"https:\/\/www.accuratereviews.com\/it\/software-intelligenza-artificiale\/anaconda-recensione\/#primaryimage","url":"https:\/\/www.accuratereviews.com\/wp-content\/uploads\/2025\/01\/anaconda.webp","contentUrl":"https:\/\/www.accuratereviews.com\/wp-content\/uploads\/2025\/01\/anaconda.webp","width":310,"height":310},{"@type":"BreadcrumbList","@id":"https:\/\/www.accuratereviews.com\/it\/software-intelligenza-artificiale\/anaconda-recensione\/#breadcrumb","itemListElement":[{"@type":"ListItem","position":1,"name":"Home","item":"https:\/\/www.accuratereviews.com\/it\/"},{"@type":"ListItem","position":2,"name":"Software di intelligenza artificiale","item":"https:\/\/www.accuratereviews.com\/it\/software-intelligenza-artificiale\/"},{"@type":"ListItem","position":3,"name":"Anaconda"}]},{"@type":"WebSite","@id":"https:\/\/www.accuratereviews.com\/it\/#website","url":"https:\/\/www.accuratereviews.com\/it\/","name":"Accurate Reviews","description":"","potentialAction":[{"@type":"SearchAction","target":{"@type":"EntryPoint","urlTemplate":"https:\/\/www.accuratereviews.com\/it\/?s={search_term_string}"},"query-input":{"@type":"PropertyValueSpecification","valueRequired":true,"valueName":"search_term_string"}}],"inLanguage":"it-IT"}]}},"_links":{"self":[{"href":"https:\/\/www.accuratereviews.com\/it\/wp-json\/wp\/v2\/pages\/82391","targetHints":{"allow":["GET"]}}],"collection":[{"href":"https:\/\/www.accuratereviews.com\/it\/wp-json\/wp\/v2\/pages"}],"about":[{"href":"https:\/\/www.accuratereviews.com\/it\/wp-json\/wp\/v2\/types\/page"}],"author":[{"embeddable":true,"href":"https:\/\/www.accuratereviews.com\/it\/wp-json\/wp\/v2\/users\/19"}],"replies":[{"embeddable":true,"href":"https:\/\/www.accuratereviews.com\/it\/wp-json\/wp\/v2\/comments?post=82391"}],"version-history":[{"count":15,"href":"https:\/\/www.accuratereviews.com\/it\/wp-json\/wp\/v2\/pages\/82391\/revisions"}],"predecessor-version":[{"id":82463,"href":"https:\/\/www.accuratereviews.com\/it\/wp-json\/wp\/v2\/pages\/82391\/revisions\/82463"}],"up":[{"embeddable":true,"href":"https:\/\/www.accuratereviews.com\/it\/wp-json\/wp\/v2\/pages\/79864"}],"wp:featuredmedia":[{"embeddable":true,"href":"https:\/\/www.accuratereviews.com\/it\/wp-json\/wp\/v2\/media\/82398"}],"wp:attachment":[{"href":"https:\/\/www.accuratereviews.com\/it\/wp-json\/wp\/v2\/media?parent=82391"}],"wp:term":[{"taxonomy":"category","embeddable":true,"href":"https:\/\/www.accuratereviews.com\/it\/wp-json\/wp\/v2\/categories?post=82391"},{"taxonomy":"post_tag","embeddable":true,"href":"https:\/\/www.accuratereviews.com\/it\/wp-json\/wp\/v2\/tags?post=82391"},{"taxonomy":"features","embeddable":true,"href":"https:\/\/www.accuratereviews.com\/it\/wp-json\/wp\/v2\/features?post=82391"}],"curies":[{"name":"wp","href":"https:\/\/api.w.org\/{rel}","templated":true}]}}