{"id":82417,"date":"2025-01-15T12:30:05","date_gmt":"2025-01-15T12:30:05","guid":{"rendered":"https:\/\/www.accuratereviews.com\/?page_id=82417"},"modified":"2025-01-15T12:30:05","modified_gmt":"2025-01-15T12:30:05","slug":"livresq-recensione","status":"publish","type":"page","link":"https:\/\/www.accuratereviews.com\/it\/piattaforme-e-learning\/livresq-recensione\/","title":{"rendered":"LIVRESQ"},"content":{"rendered":"<p><strong>LIVRESQ<\/strong> \u00e8 una piattaforma innovativa dedicata alla <strong>creazione di contenuti digitali interattivi<\/strong>, pensata principalmente per l&#8217;istruzione e la formazione aziendale. Questo software si distingue per l\u2019approccio intuitivo e l\u2019ampia gamma di strumenti offerti, che consentono a educatori, formatori e creatori di contenuti di sviluppare e pubblicare rapidamente materiali didattici accattivanti e di alta qualit\u00e0. <strong>LIVRESQ<\/strong> supporta l\u2019interazione con sistemi di apprendimento online, rendendolo un\u2019ottima scelta per scuole, universit\u00e0 e aziende che cercano una soluzione dinamica per i loro corsi e materiali didattici.<br \/>\nCon funzionalit\u00e0 che spaziano dalla creazione di libri interattivi alla possibilit\u00e0 di integrare video, quiz e attivit\u00e0 personalizzate, <strong>LIVRESQ<\/strong> si presenta come uno strumento versatile e potente per chi desidera innovare nel mondo dell\u2019e-learning.<\/p>\n<h2>LIVRESQ &#8211; TUTORIAL<\/h2>\n<div id=\"fluid-wrapper-counter-1\" class=\"g1-fluid-wrapper \" style=\"width:686px;\">\n<div style=\"padding-bottom:56.268221574344%;\"><iframe loading=\"lazy\" title=\"Start creating your courses in LIVRESQ with ready-made templates!\" width=\"686\" height=\"386\" src=\"https:\/\/www.youtube.com\/embed\/HZ7g-ST5KjU?feature=oembed&amp;wmode=transparent&amp;autohide=1&amp;autoplay=0&amp;disablekb=0&amp;fs=1&amp;loop=0&amp;enablejsapi=1&amp;rel=0&amp;controls=2&amp;showinfo=0&amp;wmode=transparent&amp;autohide=2&amp;autoplay=0&amp;disablekb=0&amp;fs=1&amp;loop=0&amp;enablejsapi=1&amp;rel=0&amp;controls=2&amp;showinfo=1\" frameborder=\"0\" allow=\"accelerometer; autoplay; clipboard-write; encrypted-media; gyroscope; picture-in-picture; web-share\" referrerpolicy=\"strict-origin-when-cross-origin\" allowfullscreen><\/iframe><\/div>\n<\/div>\n<h3>LIVRESQ &#8211; CARATTERISTICHE<\/h3>\n<ul>\n<li><strong>Editor drag-and-drop<\/strong>: facile da usare, permette di creare contenuti senza bisogno di programmazione.<\/li>\n<li><strong>Integrazione di elementi multimediali<\/strong>: possibilit\u00e0 di aggiungere video, immagini, audio e presentazioni interattive.<\/li>\n<li><strong>Quiz e test<\/strong>: strumento integrato per aggiungere attivit\u00e0 di valutazione per verificare l\u2019apprendimento degli utenti.<\/li>\n<li><strong>Design responsive<\/strong>: tutti i contenuti creati si adattano automaticamente a diversi dispositivi, garantendo un\u2019esperienza ottimale su smartphone, tablet e desktop.<\/li>\n<li><strong>Pubblicazione integrata<\/strong>: supporto per la distribuzione diretta dei contenuti su piattaforme LMS tramite SCORM o in formato HTML5.<\/li>\n<li><strong>Collaborazione<\/strong>: opzione per lavorare in team, con strumenti di feedback e revisione inclusi.<\/li>\n<li><strong>Accesso a template predefiniti<\/strong>: una libreria di modelli per accelerare la creazione di contenuti e mantenere un aspetto professionale.<\/li>\n<li><strong>Analisi delle performance<\/strong>: funzionalit\u00e0 per monitorare l&#8217;uso dei materiali e il progresso degli studenti.<\/li>\n<\/ul>\n<h4>LE RECENSIONI DELI UTENTI<\/h4>\n<p><strong>Maria \u201cLivresq \u00e8 una scuola per insegnanti, una passione per gli studenti\u201d.<\/strong><br \/>\nCommenti: Con Livresq creo la maggior parte delle risorse didattiche di cui ho bisogno in classe. Scherzavo con altri colleghi che siamo dipendenti da Livresq. Attenzione: Livresq crea una nuova dipendenza, ma positiva ed educativa.<br \/>\nPro: Ci\u00f2 che mi ha attratto di pi\u00f9 di Livresq \u00e8 stata la disponibilit\u00e0 del team che sta dietro alla piattaforma. Sono un utente premium da tre anni e posso dire di essermi formato professionalmente nella digitalizzazione utilizzando la piattaforma Livresq. Come abbiamo detto: Livresq \u00e8 una scuola per insegnanti<br \/>\nContro: Livresq mi piace al 100%. Ogni problema che si \u00e8 presentato l&#8217;ho risolto insieme al team di Livresq.<\/p>\n<p><strong>Daniela \u201cUtile e pratico\u201d<\/strong><br \/>\nPro: \u00c8 interattivo e facile da usare. Anche l&#8217;integrazione con i miei processi aziendali esistenti \u00e8 stata molto semplice.<br \/>\nContro: Non ci sono funzioni mancanti e non ho trovato aspetti del prodotto difficili da usare.<\/p>\n<p><strong>Yaron \u201cEccellente strumento per la creazione di corsi\u201d<\/strong><br \/>\nCommenti: La mia esperienza \u00e8 stata fantastica. Ho sempre ricevuto risposte veloci alle mie domande e il supporto del team \u00e8 stato brillante. Il prezzo \u00e8 imbattibile, soprattutto se si considera l&#8217;ampia funzionalit\u00e0 di Livresq. Non ho ancora trovato un altro strumento che offra di pi\u00f9.<br \/>\nPro: La funzione incolla \u00e8 facile e mi permette di aggiungere risorse al mio corso in modo rapido e semplice. Anche l&#8217;accesso alle librerie di immagini e l&#8217;intelligenza artificiale sono strumenti fantastici che mi aiutano enormemente nella creazione dei corsi.<br \/>\nContro: Non posso salvare i colori in una palette per riutilizzarli nei miei corsi. Questo sarebbe uno strumento per risparmiare tempo, dato che i colori che uso spesso sono al di fuori della palette standard e sarebbe un risparmio di tempo poterli salvare e riutilizzare.<\/p>\n","protected":false},"excerpt":{"rendered":"<p>LIVRESQ \u00e8 una piattaforma innovativa dedicata alla creazione di contenuti digitali interattivi, pensata principalmente per l&#8217;istruzione e la formazione aziendale. Questo software si distingue per l\u2019approccio intuitivo e l\u2019ampia gamma di strumenti offerti, che consentono a educatori, formatori e creatori di contenuti di sviluppare e pubblicare rapidamente materiali didattici accattivanti e di alta qualit\u00e0.<\/p>\n","protected":false},"author":17,"featured_media":82425,"parent":81131,"menu_order":0,"comment_status":"open","ping_status":"closed","template":"g1_template_page_review_new.php","meta":{"_acf_changed":false,"cwp_meta_box_check":"No","cwp_rev_product_name":"","cwp_rev_product_image":"","wppr_links":[],"cwp_rev_price":"","wppr_options":[],"wppr_pros":[],"wppr_cons":[],"_monsterinsights_skip_tracking":false,"_monsterinsights_sitenote_active":false,"_monsterinsights_sitenote_note":"","_monsterinsights_sitenote_category":0,"footnotes":""},"categories":[15634],"tags":[13042,15715,15710,13045,15662,15687],"features":[],"class_list":{"0":"post-82417","1":"page","2":"type-page","3":"status-publish","4":"has-post-thumbnail","6":"category-piattaforme-e-learning-cat","7":"tag-e-learning","8":"tag-livresq","9":"tag-piattaforma-e-learning","10":"tag-programma-di-e-learning","11":"tag-software-di-e-learning","12":"tag-soluzione-di-e-learning"},"wppr_data":{"cwp_meta_box_check":"No"},"acf":[],"yoast_head":"<!-- This site is optimized with the Yoast SEO plugin v27.4 - https:\/\/yoast.com\/product\/yoast-seo-wordpress\/ -->\n<title>LIVRESQ: recensione piattaforma e-learning - Accurate Reviews<\/title>\n<meta name=\"description\" content=\"LIVRESQ: recensione della piattaforma innovativa dedicata alla creazione di contenuti digitali interattivi.\" \/>\n<meta name=\"robots\" content=\"index, follow, max-snippet:-1, max-image-preview:large, max-video-preview:-1\" \/>\n<link rel=\"canonical\" href=\"https:\/\/www.accuratereviews.com\/it\/piattaforme-e-learning\/livresq-recensione\/\" \/>\n<meta property=\"og:locale\" content=\"it_IT\" \/>\n<meta property=\"og:type\" content=\"article\" \/>\n<meta property=\"og:title\" content=\"LIVRESQ: recensione piattaforma e-learning - Accurate Reviews\" \/>\n<meta property=\"og:description\" content=\"LIVRESQ: recensione della piattaforma innovativa dedicata alla creazione di contenuti digitali interattivi.\" \/>\n<meta property=\"og:url\" content=\"https:\/\/www.accuratereviews.com\/it\/piattaforme-e-learning\/livresq-recensione\/\" \/>\n<meta property=\"og:site_name\" content=\"Accurate Reviews\" \/>\n<meta property=\"og:image\" content=\"https:\/\/www.accuratereviews.com\/wp-content\/uploads\/2025\/01\/images-1.png\" \/>\n\t<meta property=\"og:image:width\" content=\"412\" \/>\n\t<meta property=\"og:image:height\" content=\"355\" \/>\n\t<meta property=\"og:image:type\" content=\"image\/png\" \/>\n<meta name=\"twitter:card\" content=\"summary_large_image\" \/>\n<meta name=\"twitter:label1\" content=\"Tempo di lettura stimato\" \/>\n\t<meta name=\"twitter:data1\" content=\"4 minuti\" \/>\n<script type=\"application\/ld+json\" class=\"yoast-schema-graph\">{\"@context\":\"https:\\\/\\\/schema.org\",\"@graph\":[{\"@type\":\"WebPage\",\"@id\":\"https:\\\/\\\/www.accuratereviews.com\\\/it\\\/piattaforme-e-learning\\\/livresq-recensione\\\/\",\"url\":\"https:\\\/\\\/www.accuratereviews.com\\\/it\\\/piattaforme-e-learning\\\/livresq-recensione\\\/\",\"name\":\"LIVRESQ: recensione piattaforma e-learning - Accurate Reviews\",\"isPartOf\":{\"@id\":\"https:\\\/\\\/www.accuratereviews.com\\\/it\\\/#website\"},\"primaryImageOfPage\":{\"@id\":\"https:\\\/\\\/www.accuratereviews.com\\\/it\\\/piattaforme-e-learning\\\/livresq-recensione\\\/#primaryimage\"},\"image\":{\"@id\":\"https:\\\/\\\/www.accuratereviews.com\\\/it\\\/piattaforme-e-learning\\\/livresq-recensione\\\/#primaryimage\"},\"thumbnailUrl\":\"https:\\\/\\\/www.accuratereviews.com\\\/wp-content\\\/uploads\\\/2025\\\/01\\\/images-1.png\",\"datePublished\":\"2025-01-15T12:30:05+00:00\",\"description\":\"LIVRESQ: recensione della piattaforma innovativa dedicata alla creazione di contenuti digitali interattivi.\",\"breadcrumb\":{\"@id\":\"https:\\\/\\\/www.accuratereviews.com\\\/it\\\/piattaforme-e-learning\\\/livresq-recensione\\\/#breadcrumb\"},\"inLanguage\":\"it-IT\",\"potentialAction\":[{\"@type\":\"ReadAction\",\"target\":[\"https:\\\/\\\/www.accuratereviews.com\\\/it\\\/piattaforme-e-learning\\\/livresq-recensione\\\/\"]}]},{\"@type\":\"ImageObject\",\"inLanguage\":\"it-IT\",\"@id\":\"https:\\\/\\\/www.accuratereviews.com\\\/it\\\/piattaforme-e-learning\\\/livresq-recensione\\\/#primaryimage\",\"url\":\"https:\\\/\\\/www.accuratereviews.com\\\/wp-content\\\/uploads\\\/2025\\\/01\\\/images-1.png\",\"contentUrl\":\"https:\\\/\\\/www.accuratereviews.com\\\/wp-content\\\/uploads\\\/2025\\\/01\\\/images-1.png\",\"width\":412,\"height\":355},{\"@type\":\"BreadcrumbList\",\"@id\":\"https:\\\/\\\/www.accuratereviews.com\\\/it\\\/piattaforme-e-learning\\\/livresq-recensione\\\/#breadcrumb\",\"itemListElement\":[{\"@type\":\"ListItem\",\"position\":1,\"name\":\"Home\",\"item\":\"https:\\\/\\\/www.accuratereviews.com\\\/it\\\/\"},{\"@type\":\"ListItem\",\"position\":2,\"name\":\"Piattaforme e-learning\",\"item\":\"https:\\\/\\\/www.accuratereviews.com\\\/it\\\/piattaforme-e-learning\\\/\"},{\"@type\":\"ListItem\",\"position\":3,\"name\":\"LIVRESQ\"}]},{\"@type\":\"WebSite\",\"@id\":\"https:\\\/\\\/www.accuratereviews.com\\\/it\\\/#website\",\"url\":\"https:\\\/\\\/www.accuratereviews.com\\\/it\\\/\",\"name\":\"Accurate Reviews\",\"description\":\"\",\"potentialAction\":[{\"@type\":\"SearchAction\",\"target\":{\"@type\":\"EntryPoint\",\"urlTemplate\":\"https:\\\/\\\/www.accuratereviews.com\\\/it\\\/?s={search_term_string}\"},\"query-input\":{\"@type\":\"PropertyValueSpecification\",\"valueRequired\":true,\"valueName\":\"search_term_string\"}}],\"inLanguage\":\"it-IT\"}]}<\/script>\n<!-- \/ Yoast SEO plugin. -->","yoast_head_json":{"title":"LIVRESQ: recensione piattaforma e-learning - Accurate Reviews","description":"LIVRESQ: recensione della piattaforma innovativa dedicata alla creazione di contenuti digitali interattivi.","robots":{"index":"index","follow":"follow","max-snippet":"max-snippet:-1","max-image-preview":"max-image-preview:large","max-video-preview":"max-video-preview:-1"},"canonical":"https:\/\/www.accuratereviews.com\/it\/piattaforme-e-learning\/livresq-recensione\/","og_locale":"it_IT","og_type":"article","og_title":"LIVRESQ: recensione piattaforma e-learning - Accurate Reviews","og_description":"LIVRESQ: recensione della piattaforma innovativa dedicata alla creazione di contenuti digitali interattivi.","og_url":"https:\/\/www.accuratereviews.com\/it\/piattaforme-e-learning\/livresq-recensione\/","og_site_name":"Accurate Reviews","og_image":[{"width":412,"height":355,"url":"https:\/\/www.accuratereviews.com\/wp-content\/uploads\/2025\/01\/images-1.png","type":"image\/png"}],"twitter_card":"summary_large_image","twitter_misc":{"Tempo di lettura stimato":"4 minuti"},"schema":{"@context":"https:\/\/schema.org","@graph":[{"@type":"WebPage","@id":"https:\/\/www.accuratereviews.com\/it\/piattaforme-e-learning\/livresq-recensione\/","url":"https:\/\/www.accuratereviews.com\/it\/piattaforme-e-learning\/livresq-recensione\/","name":"LIVRESQ: recensione piattaforma e-learning - Accurate Reviews","isPartOf":{"@id":"https:\/\/www.accuratereviews.com\/it\/#website"},"primaryImageOfPage":{"@id":"https:\/\/www.accuratereviews.com\/it\/piattaforme-e-learning\/livresq-recensione\/#primaryimage"},"image":{"@id":"https:\/\/www.accuratereviews.com\/it\/piattaforme-e-learning\/livresq-recensione\/#primaryimage"},"thumbnailUrl":"https:\/\/www.accuratereviews.com\/wp-content\/uploads\/2025\/01\/images-1.png","datePublished":"2025-01-15T12:30:05+00:00","description":"LIVRESQ: recensione della piattaforma innovativa dedicata alla creazione di contenuti digitali interattivi.","breadcrumb":{"@id":"https:\/\/www.accuratereviews.com\/it\/piattaforme-e-learning\/livresq-recensione\/#breadcrumb"},"inLanguage":"it-IT","potentialAction":[{"@type":"ReadAction","target":["https:\/\/www.accuratereviews.com\/it\/piattaforme-e-learning\/livresq-recensione\/"]}]},{"@type":"ImageObject","inLanguage":"it-IT","@id":"https:\/\/www.accuratereviews.com\/it\/piattaforme-e-learning\/livresq-recensione\/#primaryimage","url":"https:\/\/www.accuratereviews.com\/wp-content\/uploads\/2025\/01\/images-1.png","contentUrl":"https:\/\/www.accuratereviews.com\/wp-content\/uploads\/2025\/01\/images-1.png","width":412,"height":355},{"@type":"BreadcrumbList","@id":"https:\/\/www.accuratereviews.com\/it\/piattaforme-e-learning\/livresq-recensione\/#breadcrumb","itemListElement":[{"@type":"ListItem","position":1,"name":"Home","item":"https:\/\/www.accuratereviews.com\/it\/"},{"@type":"ListItem","position":2,"name":"Piattaforme e-learning","item":"https:\/\/www.accuratereviews.com\/it\/piattaforme-e-learning\/"},{"@type":"ListItem","position":3,"name":"LIVRESQ"}]},{"@type":"WebSite","@id":"https:\/\/www.accuratereviews.com\/it\/#website","url":"https:\/\/www.accuratereviews.com\/it\/","name":"Accurate Reviews","description":"","potentialAction":[{"@type":"SearchAction","target":{"@type":"EntryPoint","urlTemplate":"https:\/\/www.accuratereviews.com\/it\/?s={search_term_string}"},"query-input":{"@type":"PropertyValueSpecification","valueRequired":true,"valueName":"search_term_string"}}],"inLanguage":"it-IT"}]}},"_links":{"self":[{"href":"https:\/\/www.accuratereviews.com\/it\/wp-json\/wp\/v2\/pages\/82417","targetHints":{"allow":["GET"]}}],"collection":[{"href":"https:\/\/www.accuratereviews.com\/it\/wp-json\/wp\/v2\/pages"}],"about":[{"href":"https:\/\/www.accuratereviews.com\/it\/wp-json\/wp\/v2\/types\/page"}],"author":[{"embeddable":true,"href":"https:\/\/www.accuratereviews.com\/it\/wp-json\/wp\/v2\/users\/17"}],"replies":[{"embeddable":true,"href":"https:\/\/www.accuratereviews.com\/it\/wp-json\/wp\/v2\/comments?post=82417"}],"version-history":[{"count":5,"href":"https:\/\/www.accuratereviews.com\/it\/wp-json\/wp\/v2\/pages\/82417\/revisions"}],"predecessor-version":[{"id":82466,"href":"https:\/\/www.accuratereviews.com\/it\/wp-json\/wp\/v2\/pages\/82417\/revisions\/82466"}],"up":[{"embeddable":true,"href":"https:\/\/www.accuratereviews.com\/it\/wp-json\/wp\/v2\/pages\/81131"}],"wp:featuredmedia":[{"embeddable":true,"href":"https:\/\/www.accuratereviews.com\/it\/wp-json\/wp\/v2\/media\/82425"}],"wp:attachment":[{"href":"https:\/\/www.accuratereviews.com\/it\/wp-json\/wp\/v2\/media?parent=82417"}],"wp:term":[{"taxonomy":"category","embeddable":true,"href":"https:\/\/www.accuratereviews.com\/it\/wp-json\/wp\/v2\/categories?post=82417"},{"taxonomy":"post_tag","embeddable":true,"href":"https:\/\/www.accuratereviews.com\/it\/wp-json\/wp\/v2\/tags?post=82417"},{"taxonomy":"features","embeddable":true,"href":"https:\/\/www.accuratereviews.com\/it\/wp-json\/wp\/v2\/features?post=82417"}],"curies":[{"name":"wp","href":"https:\/\/api.w.org\/{rel}","templated":true}]}}