{"id":82449,"date":"2025-01-16T08:23:29","date_gmt":"2025-01-16T08:23:29","guid":{"rendered":"https:\/\/www.accuratereviews.com\/?page_id=82449"},"modified":"2025-01-16T08:23:29","modified_gmt":"2025-01-16T08:23:29","slug":"teramind-recensione","status":"publish","type":"page","link":"https:\/\/www.accuratereviews.com\/it\/software-intelligenza-artificiale\/teramind-recensione\/","title":{"rendered":"Teramind"},"content":{"rendered":"<p><strong>Teramind<\/strong> offre<strong> soluzioni di monitoraggio dei dipendenti,<\/strong> rilevamento delle minacce interne e prevenzione della perdita di dati (DLP). Monitora le attivit\u00e0 degli utenti su applicazioni, siti Web, file system, reti, email, social media e altro ancora. \u00c8 possibile creare regole comportamentali per avvisare, bloccare, notificare o fare altre azioni automaticamente quando viene rilevata un&#8217;anomalia. La sua funzione di registrazione delle sessioni consente di indagare sugli incidenti con registrazioni video e audio opzionali del desktop degli utenti.<br \/>\n<strong>Teramind <\/strong>\u00e8 dotato di tutte le funzionalit\u00e0 disponibili come: scoperta e classificazione automatizzate dei dati con supporto integrato per molti tipi di dati sensibili per informazioni personali, sanitarie e finanziarie. Il suo modulo di riconoscimento ottico dei caratteri (OCR) pu\u00f2 rilevare i contenuti in tempo reale anche all&#8217;interno di immagini e video. La soluzione pu\u00f2 essere ospitata nel cloud, on-premise o in un cloud privato come Amazon Web Services (AWS) e Microsoft Azure.<\/p>\n<h2>TERAMIND &#8211; TUTORIAL<\/h2>\n<div id=\"fluid-wrapper-counter-1\" class=\"g1-fluid-wrapper \" style=\"width:686px;\">\n<div style=\"padding-bottom:56.268221574344%;\"><iframe loading=\"lazy\" title=\"Teramind Overview Demo\" width=\"686\" height=\"386\" src=\"https:\/\/www.youtube.com\/embed\/3TWU5aUg-lQ?feature=oembed&amp;wmode=transparent&amp;autohide=1&amp;autoplay=0&amp;disablekb=0&amp;fs=1&amp;loop=0&amp;enablejsapi=1&amp;rel=0&amp;controls=2&amp;showinfo=0&amp;wmode=transparent&amp;autohide=2&amp;autoplay=0&amp;disablekb=0&amp;fs=1&amp;loop=0&amp;enablejsapi=1&amp;rel=0&amp;controls=2&amp;showinfo=1\" frameborder=\"0\" allow=\"accelerometer; autoplay; clipboard-write; encrypted-media; gyroscope; picture-in-picture; web-share\" referrerpolicy=\"strict-origin-when-cross-origin\" allowfullscreen><\/iframe><\/div>\n<\/div>\n<h3>TERAMIND &#8211; CARATTERISTICHE<\/h3>\n<ul>\n<li><strong>Visualizzazione in tempo reale e riproduzione storica:<\/strong> monitoraggio degli schermi dei dipendenti in tempo reale o revisione delle attivit\u00e0 passate con riproduzione storica per ottenere una visibilit\u00e0 completa delle attivit\u00e0 degli utenti e del computer.<\/li>\n<li><strong>Riconoscimento ottico dei caratteri:<\/strong> la funzionalit\u00e0 OCR consente di estrarre testo da immagini e schermate, migliorando le capacit\u00e0 di monitoraggio e analisi.<\/li>\n<li><strong>Monitoraggio del sito Web<\/strong>: osservazione del tempo trascorso dai dipendenti sui siti Web, identificazione della navigazione Web improduttiva e applicazione delle policy aziendali con un monitoraggio completo del sito Web.<\/li>\n<li><strong>Controllo delle applicazioni<\/strong>: monitoraggio dell&#8217;utilizzo delle applicazioni, monitoraggio del tempo trascorso su app specifiche e identificazione di potenziali rischi per la sicurezza con un monitoraggio dettagliato delle applicazioni sui tuoi endpoint.<\/li>\n<li><strong>Rilevamento delle email:<\/strong> monitoraggio delle email dei dipendenti per prevenire perdite di dati, garantire la conformit\u00e0 alle policy aziendali e proteggere le informazioni sensibili.<\/li>\n<li><strong>Controllo del desktop remoto<\/strong>: prendi il controllo dei computer dei dipendenti remoti in tempo reale per fornire supporto, risolvere problemi o prevenire violazioni dei dati e minacce interne.<\/li>\n<li><strong>Monitoraggio dei messaggi istantanei<\/strong>: monitoraggio dei messaggi istantanei e delle conversazioni per ottenere informazioni sulla comunicazione e la collaborazione del team e garantire la conformit\u00e0.<\/li>\n<li><strong>Analisi della produttivit\u00e0<\/strong>: analizza la produttivit\u00e0 dei dipendenti con metriche dettagliate, identifica le aree di miglioramento e aumenta la produttivit\u00e0 tra i membri del tuo team.<\/li>\n<li><strong>Registrazione delle sessioni RDP<\/strong>: registra le sessioni RDP per ottenere una comprensione completa dell&#8217;attivit\u00e0 degli utenti, risolvere problemi tecnici e garantire la conformit\u00e0.<\/li>\n<li><strong>Monitoraggio dei social media<\/strong>: osserva l&#8217;attivit\u00e0 sui social media per proteggere la reputazione del tuo marchio, prevenire perdite di dati e garantire che i dipendenti aderiscano alle policy aziendali.<\/li>\n<li><strong>Tempo di inattivit\u00e0:<\/strong> controlla il tempo attivo e inattivo per capire come i dipendenti trascorrono le loro ore di lavoro e ottimizzare la gestione del tempo e la produttivit\u00e0.<\/li>\n<li><strong>Monitoraggio della rete<\/strong>: ottieni visibilit\u00e0 sull&#8217;attivit\u00e0 di rete, identifica potenziali minacce alla sicurezza e ottimizza le prestazioni di rete con il monitoraggio della rete.<\/li>\n<\/ul>\n<h4>LE RECENSIONI DEGLI UTENTI<\/h4>\n<p><strong>Raizy &#8220;Servizio di alto livello&#8221;<\/strong><br \/>\n<strong>Pro<\/strong>: Il servizio \u00e8 ottimo<br \/>\n<strong>Contro<\/strong>: niente, non ho avuto nessun problema da quando ho iniziato ad usarlo.<\/p>\n<p><strong>Chaz &#8220;Monitoraggio del lavoro a distanza&#8221;<\/strong><br \/>\n<strong>Pro<\/strong>: Ci\u00f2 aiuta a monitorare i dipendenti quando lavorano da remoto<br \/>\n<strong>Contro<\/strong>: La tariffa \u00e8 costosa. Questo \u00e8 l&#8217;unico contro che mi viene in mente.<\/p>\n<p><strong>Kerri &#8220;Utente molto soddisfatto&#8221;<\/strong><br \/>\n<strong>Commenti<\/strong>: esperienza davvero fantastica con teramind. lo consiglierei<br \/>\n<strong>Pro<\/strong>: Se hai dipendenti che lavorano da remoto e vuoi monitorare il loro lavoro, questa \u00e8 la cosa giusta per te<br \/>\n<strong>Contro<\/strong>: questo \u00e8 davvero un ottimo software. puoi visualizzare lo schermo in tempo reale dei tuoi dipendenti, che \u00e8 la caratteristica migliore di tutte<\/p>\n","protected":false},"excerpt":{"rendered":"<p>Teramind offre soluzioni di monitoraggio dei dipendenti, rilevamento delle minacce interne e prevenzione della perdita di dati (DLP). Monitora le attivit\u00e0 degli utenti su applicazioni, siti Web, file system, reti, email, social media e altro ancora. \u00c8 possibile creare regole comportamentali per avvisare, bloccare, notificare, bloccare o intraprendere altre azioni automaticamente quando viene rilevata un&#8217;anomalia.<\/p>\n","protected":false},"author":19,"featured_media":82456,"parent":79864,"menu_order":0,"comment_status":"open","ping_status":"closed","template":"g1_template_page_review_new.php","meta":{"_acf_changed":false,"cwp_meta_box_check":"No","cwp_rev_product_name":"","cwp_rev_product_image":"","wppr_links":[],"cwp_rev_price":"","wppr_options":[],"wppr_pros":[],"wppr_cons":[],"_monsterinsights_skip_tracking":false,"_monsterinsights_sitenote_active":false,"_monsterinsights_sitenote_note":"","_monsterinsights_sitenote_category":0,"footnotes":""},"categories":[15435],"tags":[997,998,15441,15440,15479,15480,15714],"features":[],"class_list":{"0":"post-82449","1":"page","2":"type-page","3":"status-publish","4":"has-post-thumbnail","6":"category-software-intelligenza-artificiale-cat","7":"tag-ai","8":"tag-intelligenza-artificiale","9":"tag-piattaforma-intelligenza-artificiale","10":"tag-programma-intelligenza-artificiale","11":"tag-software-intelligenza-artificiale","12":"tag-soluzione-intelligenza-artificiale","13":"tag-teramind"},"wppr_data":{"cwp_meta_box_check":"No"},"acf":[],"yoast_head":"<!-- This site is optimized with the Yoast SEO plugin v27.4 - https:\/\/yoast.com\/product\/yoast-seo-wordpress\/ -->\n<title>Teramind: recensione software intelligenza artificiale - Accurate Reviews<\/title>\n<meta name=\"description\" content=\"Teramind: recensione soluzione di monitoraggio dei dipendenti, rilevamento delle minacce interne e prevenzione della perdita di dati (DLP).\" \/>\n<meta name=\"robots\" content=\"index, follow, max-snippet:-1, max-image-preview:large, max-video-preview:-1\" \/>\n<link rel=\"canonical\" href=\"https:\/\/www.accuratereviews.com\/it\/software-intelligenza-artificiale\/teramind-recensione\/\" \/>\n<meta property=\"og:locale\" content=\"it_IT\" \/>\n<meta property=\"og:type\" content=\"article\" \/>\n<meta property=\"og:title\" content=\"Teramind: recensione software intelligenza artificiale - Accurate Reviews\" \/>\n<meta property=\"og:description\" content=\"Teramind: recensione soluzione di monitoraggio dei dipendenti, rilevamento delle minacce interne e prevenzione della perdita di dati (DLP).\" \/>\n<meta property=\"og:url\" content=\"https:\/\/www.accuratereviews.com\/it\/software-intelligenza-artificiale\/teramind-recensione\/\" \/>\n<meta property=\"og:site_name\" content=\"Accurate Reviews\" \/>\n<meta property=\"og:image\" content=\"https:\/\/www.accuratereviews.com\/wp-content\/uploads\/2025\/01\/teramind.webp\" \/>\n\t<meta property=\"og:image:width\" content=\"810\" \/>\n\t<meta property=\"og:image:height\" content=\"456\" \/>\n\t<meta property=\"og:image:type\" content=\"image\/webp\" \/>\n<meta name=\"twitter:card\" content=\"summary_large_image\" \/>\n<meta name=\"twitter:label1\" content=\"Tempo di lettura stimato\" \/>\n\t<meta name=\"twitter:data1\" content=\"5 minuti\" \/>\n<script type=\"application\/ld+json\" class=\"yoast-schema-graph\">{\"@context\":\"https:\\\/\\\/schema.org\",\"@graph\":[{\"@type\":\"WebPage\",\"@id\":\"https:\\\/\\\/www.accuratereviews.com\\\/it\\\/software-intelligenza-artificiale\\\/teramind-recensione\\\/\",\"url\":\"https:\\\/\\\/www.accuratereviews.com\\\/it\\\/software-intelligenza-artificiale\\\/teramind-recensione\\\/\",\"name\":\"Teramind: recensione software intelligenza artificiale - Accurate Reviews\",\"isPartOf\":{\"@id\":\"https:\\\/\\\/www.accuratereviews.com\\\/it\\\/#website\"},\"primaryImageOfPage\":{\"@id\":\"https:\\\/\\\/www.accuratereviews.com\\\/it\\\/software-intelligenza-artificiale\\\/teramind-recensione\\\/#primaryimage\"},\"image\":{\"@id\":\"https:\\\/\\\/www.accuratereviews.com\\\/it\\\/software-intelligenza-artificiale\\\/teramind-recensione\\\/#primaryimage\"},\"thumbnailUrl\":\"https:\\\/\\\/www.accuratereviews.com\\\/wp-content\\\/uploads\\\/2025\\\/01\\\/teramind.webp\",\"datePublished\":\"2025-01-16T08:23:29+00:00\",\"description\":\"Teramind: recensione soluzione di monitoraggio dei dipendenti, rilevamento delle minacce interne e prevenzione della perdita di dati (DLP).\",\"breadcrumb\":{\"@id\":\"https:\\\/\\\/www.accuratereviews.com\\\/it\\\/software-intelligenza-artificiale\\\/teramind-recensione\\\/#breadcrumb\"},\"inLanguage\":\"it-IT\",\"potentialAction\":[{\"@type\":\"ReadAction\",\"target\":[\"https:\\\/\\\/www.accuratereviews.com\\\/it\\\/software-intelligenza-artificiale\\\/teramind-recensione\\\/\"]}]},{\"@type\":\"ImageObject\",\"inLanguage\":\"it-IT\",\"@id\":\"https:\\\/\\\/www.accuratereviews.com\\\/it\\\/software-intelligenza-artificiale\\\/teramind-recensione\\\/#primaryimage\",\"url\":\"https:\\\/\\\/www.accuratereviews.com\\\/wp-content\\\/uploads\\\/2025\\\/01\\\/teramind.webp\",\"contentUrl\":\"https:\\\/\\\/www.accuratereviews.com\\\/wp-content\\\/uploads\\\/2025\\\/01\\\/teramind.webp\",\"width\":810,\"height\":456},{\"@type\":\"BreadcrumbList\",\"@id\":\"https:\\\/\\\/www.accuratereviews.com\\\/it\\\/software-intelligenza-artificiale\\\/teramind-recensione\\\/#breadcrumb\",\"itemListElement\":[{\"@type\":\"ListItem\",\"position\":1,\"name\":\"Home\",\"item\":\"https:\\\/\\\/www.accuratereviews.com\\\/it\\\/\"},{\"@type\":\"ListItem\",\"position\":2,\"name\":\"Software di intelligenza artificiale\",\"item\":\"https:\\\/\\\/www.accuratereviews.com\\\/it\\\/software-intelligenza-artificiale\\\/\"},{\"@type\":\"ListItem\",\"position\":3,\"name\":\"Teramind\"}]},{\"@type\":\"WebSite\",\"@id\":\"https:\\\/\\\/www.accuratereviews.com\\\/it\\\/#website\",\"url\":\"https:\\\/\\\/www.accuratereviews.com\\\/it\\\/\",\"name\":\"Accurate Reviews\",\"description\":\"\",\"potentialAction\":[{\"@type\":\"SearchAction\",\"target\":{\"@type\":\"EntryPoint\",\"urlTemplate\":\"https:\\\/\\\/www.accuratereviews.com\\\/it\\\/?s={search_term_string}\"},\"query-input\":{\"@type\":\"PropertyValueSpecification\",\"valueRequired\":true,\"valueName\":\"search_term_string\"}}],\"inLanguage\":\"it-IT\"}]}<\/script>\n<!-- \/ Yoast SEO plugin. -->","yoast_head_json":{"title":"Teramind: recensione software intelligenza artificiale - Accurate Reviews","description":"Teramind: recensione soluzione di monitoraggio dei dipendenti, rilevamento delle minacce interne e prevenzione della perdita di dati (DLP).","robots":{"index":"index","follow":"follow","max-snippet":"max-snippet:-1","max-image-preview":"max-image-preview:large","max-video-preview":"max-video-preview:-1"},"canonical":"https:\/\/www.accuratereviews.com\/it\/software-intelligenza-artificiale\/teramind-recensione\/","og_locale":"it_IT","og_type":"article","og_title":"Teramind: recensione software intelligenza artificiale - Accurate Reviews","og_description":"Teramind: recensione soluzione di monitoraggio dei dipendenti, rilevamento delle minacce interne e prevenzione della perdita di dati (DLP).","og_url":"https:\/\/www.accuratereviews.com\/it\/software-intelligenza-artificiale\/teramind-recensione\/","og_site_name":"Accurate Reviews","og_image":[{"width":810,"height":456,"url":"https:\/\/www.accuratereviews.com\/wp-content\/uploads\/2025\/01\/teramind.webp","type":"image\/webp"}],"twitter_card":"summary_large_image","twitter_misc":{"Tempo di lettura stimato":"5 minuti"},"schema":{"@context":"https:\/\/schema.org","@graph":[{"@type":"WebPage","@id":"https:\/\/www.accuratereviews.com\/it\/software-intelligenza-artificiale\/teramind-recensione\/","url":"https:\/\/www.accuratereviews.com\/it\/software-intelligenza-artificiale\/teramind-recensione\/","name":"Teramind: recensione software intelligenza artificiale - Accurate Reviews","isPartOf":{"@id":"https:\/\/www.accuratereviews.com\/it\/#website"},"primaryImageOfPage":{"@id":"https:\/\/www.accuratereviews.com\/it\/software-intelligenza-artificiale\/teramind-recensione\/#primaryimage"},"image":{"@id":"https:\/\/www.accuratereviews.com\/it\/software-intelligenza-artificiale\/teramind-recensione\/#primaryimage"},"thumbnailUrl":"https:\/\/www.accuratereviews.com\/wp-content\/uploads\/2025\/01\/teramind.webp","datePublished":"2025-01-16T08:23:29+00:00","description":"Teramind: recensione soluzione di monitoraggio dei dipendenti, rilevamento delle minacce interne e prevenzione della perdita di dati (DLP).","breadcrumb":{"@id":"https:\/\/www.accuratereviews.com\/it\/software-intelligenza-artificiale\/teramind-recensione\/#breadcrumb"},"inLanguage":"it-IT","potentialAction":[{"@type":"ReadAction","target":["https:\/\/www.accuratereviews.com\/it\/software-intelligenza-artificiale\/teramind-recensione\/"]}]},{"@type":"ImageObject","inLanguage":"it-IT","@id":"https:\/\/www.accuratereviews.com\/it\/software-intelligenza-artificiale\/teramind-recensione\/#primaryimage","url":"https:\/\/www.accuratereviews.com\/wp-content\/uploads\/2025\/01\/teramind.webp","contentUrl":"https:\/\/www.accuratereviews.com\/wp-content\/uploads\/2025\/01\/teramind.webp","width":810,"height":456},{"@type":"BreadcrumbList","@id":"https:\/\/www.accuratereviews.com\/it\/software-intelligenza-artificiale\/teramind-recensione\/#breadcrumb","itemListElement":[{"@type":"ListItem","position":1,"name":"Home","item":"https:\/\/www.accuratereviews.com\/it\/"},{"@type":"ListItem","position":2,"name":"Software di intelligenza artificiale","item":"https:\/\/www.accuratereviews.com\/it\/software-intelligenza-artificiale\/"},{"@type":"ListItem","position":3,"name":"Teramind"}]},{"@type":"WebSite","@id":"https:\/\/www.accuratereviews.com\/it\/#website","url":"https:\/\/www.accuratereviews.com\/it\/","name":"Accurate Reviews","description":"","potentialAction":[{"@type":"SearchAction","target":{"@type":"EntryPoint","urlTemplate":"https:\/\/www.accuratereviews.com\/it\/?s={search_term_string}"},"query-input":{"@type":"PropertyValueSpecification","valueRequired":true,"valueName":"search_term_string"}}],"inLanguage":"it-IT"}]}},"_links":{"self":[{"href":"https:\/\/www.accuratereviews.com\/it\/wp-json\/wp\/v2\/pages\/82449","targetHints":{"allow":["GET"]}}],"collection":[{"href":"https:\/\/www.accuratereviews.com\/it\/wp-json\/wp\/v2\/pages"}],"about":[{"href":"https:\/\/www.accuratereviews.com\/it\/wp-json\/wp\/v2\/types\/page"}],"author":[{"embeddable":true,"href":"https:\/\/www.accuratereviews.com\/it\/wp-json\/wp\/v2\/users\/19"}],"replies":[{"embeddable":true,"href":"https:\/\/www.accuratereviews.com\/it\/wp-json\/wp\/v2\/comments?post=82449"}],"version-history":[{"count":8,"href":"https:\/\/www.accuratereviews.com\/it\/wp-json\/wp\/v2\/pages\/82449\/revisions"}],"predecessor-version":[{"id":82477,"href":"https:\/\/www.accuratereviews.com\/it\/wp-json\/wp\/v2\/pages\/82449\/revisions\/82477"}],"up":[{"embeddable":true,"href":"https:\/\/www.accuratereviews.com\/it\/wp-json\/wp\/v2\/pages\/79864"}],"wp:featuredmedia":[{"embeddable":true,"href":"https:\/\/www.accuratereviews.com\/it\/wp-json\/wp\/v2\/media\/82456"}],"wp:attachment":[{"href":"https:\/\/www.accuratereviews.com\/it\/wp-json\/wp\/v2\/media?parent=82449"}],"wp:term":[{"taxonomy":"category","embeddable":true,"href":"https:\/\/www.accuratereviews.com\/it\/wp-json\/wp\/v2\/categories?post=82449"},{"taxonomy":"post_tag","embeddable":true,"href":"https:\/\/www.accuratereviews.com\/it\/wp-json\/wp\/v2\/tags?post=82449"},{"taxonomy":"features","embeddable":true,"href":"https:\/\/www.accuratereviews.com\/it\/wp-json\/wp\/v2\/features?post=82449"}],"curies":[{"name":"wp","href":"https:\/\/api.w.org\/{rel}","templated":true}]}}