{"id":82481,"date":"2025-01-17T18:42:09","date_gmt":"2025-01-17T18:42:09","guid":{"rendered":"https:\/\/www.accuratereviews.com\/?page_id=82481"},"modified":"2025-01-17T18:42:09","modified_gmt":"2025-01-17T18:42:09","slug":"otter-recensione","status":"publish","type":"page","link":"https:\/\/www.accuratereviews.com\/it\/software-intelligenza-artificiale\/otter-recensione\/","title":{"rendered":"Otter"},"content":{"rendered":"<p><strong>Otter<\/strong> \u00e8 un<strong> software per prendere appunti<\/strong> progettato per aiutare le aziende a registrare, trascrivere e condividere note vocali in tempo reale. La piattaforma consente agli amministratori di invitare partecipanti, modificare note, gestire il vocabolario e generare automaticamente sottotitoli in tempo reale. I partecipanti possono scorrere indietro per visionare punti specifici e annotare il testo trascritto durante le riunioni virtuali su un&#8217;interfaccia unificata.<br \/>\n<strong>Otter <\/strong>\u00e8 un<strong> software di intelligenza artificiale<\/strong> che consente ai team di accedere in modo sicuro tramite autenticazione a due fattori (2FA) e funzionalit\u00e0 di Single Sign-On (SSO). Inoltre, i supervisori possono evidenziare i punti chiave ed esportare le analisi delle riunioni in PDF, TXT, SRT, MP3 e altri formati utilizzando applicazioni mobili su dispositivi Android e iOS.<\/p>\n<h2>OTTER &#8211; TUTORIAL<\/h2>\n<div id=\"fluid-wrapper-counter-1\" class=\"g1-fluid-wrapper \" style=\"width:686px;\">\n<div style=\"padding-bottom:56.268221574344%;\"><iframe loading=\"lazy\" title=\"How to Use Otter.ai With Teams Step By Step Guide (2025)\" width=\"686\" height=\"386\" src=\"https:\/\/www.youtube.com\/embed\/LIdC2BaCxxE?feature=oembed&amp;wmode=transparent&amp;autohide=1&amp;autoplay=0&amp;disablekb=0&amp;fs=1&amp;loop=0&amp;enablejsapi=1&amp;rel=0&amp;controls=2&amp;showinfo=0&amp;wmode=transparent&amp;autohide=2&amp;autoplay=0&amp;disablekb=0&amp;fs=1&amp;loop=0&amp;enablejsapi=1&amp;rel=0&amp;controls=2&amp;showinfo=1\" frameborder=\"0\" allow=\"accelerometer; autoplay; clipboard-write; encrypted-media; gyroscope; picture-in-picture; web-share\" referrerpolicy=\"strict-origin-when-cross-origin\" allowfullscreen><\/iframe><\/div>\n<\/div>\n<h3>OTTER &#8211; CARATTERISTICHE<\/h3>\n<ul>\n<li><strong>Pianifica<\/strong>: collega il tuo calendario Google o Microsoft e programma OtterPilot\u2122 per partecipare automaticamente a Zoom, Microsoft Teams o Google Meet per prendere e condividere appunti della riunione. Se sei in ritardo o non puoi partecipare alla riunione, non preoccuparti: OtterPilot prender\u00e0 comunque appunti.<\/li>\n<li><strong>Collabora<\/strong>: i membri del team possono chattare insieme per ottenere risposte rapidamente e tra loro per far avanzare i progetti.<\/li>\n<li><strong>Ottieni contesto con l&#8217;acquisizione automatica delle diapositive<\/strong>: la soluzione registra l&#8217;audio e prende automaticamente appunti in tempo reale, cos\u00ec puoi concentrarti sulla discussione. Evidenzia le note per farvi riferimento in qualsiasi momento. Nelle sessioni virtuali, acquisisce automaticamente le diapositive della lezione e le aggiunge alle note, aiutando gli studenti a ricordare i dettagli con il contesto completo.<\/li>\n<li><strong>Rendi l&#8217;apprendimento accessibile e inclusivo<\/strong>: assicurati che le lezioni siano accessibili utilizzando le didascalie in tempo reale. Offri agli studenti la possibilit\u00e0 di evidenziare, commentare e inserire immagini nelle note di lezione e fornisci loro strumenti di studio avanzati con trascrizioni archiviate, funzionalit\u00e0 di ricerca ed evidenziazioni di parole chiave. Tutte le note evidenziate si riflettono nel pannello dei takeaway. Gli studenti possono taggare altri e porre domande, senza interrompere la discussione.<\/li>\n<li><strong>Cattura i momenti in modo accurato<\/strong>: cattura tutto in modo accurato, in tempo reale e a costi contenuti, che si tratti di un breve frammento audio o di un&#8217;intervista lunga.<\/li>\n<li><strong>Gestisci meglio i contenuti<\/strong>: condividi e lavora direttamente all&#8217;interno della trascrizione in tempo reale con tutto il tuo team per modificare, evidenziare frammenti audio, condividere idee e porre domande.<\/li>\n<li><strong>Elimina ore<\/strong>: risparmia tempo con la trascrizione automatica, quindi condividi e collabora con i colleghi per modificare, finalizzare e pubblicare prima i tuoi contenuti.<\/li>\n<li><strong>Genera trascrizioni con facilit\u00e0<\/strong>: utilizza il browser Web di Otter o l&#8217;app iOS o Android per interviste in tempo reale, carica file audio o video o sincronizza automaticamente i file multimediali da Dropbox per trascrizioni accurate e in tempo reale.<\/li>\n<li><strong>Organizza i tuoi contenuti:<\/strong> accedi alle tue trascrizioni in un unico luogo centrale, sicuro e ricercabile, indipendentemente da dove o come sono state catturate le tue interviste.<\/li>\n<\/ul>\n<h4>LE RECENSIONI DEGLI UTENTI<\/h4>\n<p><strong>Ben &#8220;Si integra bene&#8221;<\/strong><br \/>\n<strong>Pro<\/strong>: Si integra bene con i prodotti MS. Fornisce ottimi report di riepilogo.<br \/>\n<strong>Contro<\/strong>: \u00c8 necessario selezionare manualmente a quali riunioni partecipare.<\/p>\n<p><strong>Rebecca &#8220;Buona esperienza ma necessita di tempo di registrazione per l&#8217;INTERO MEETING&#8221;<\/strong><br \/>\n<strong>Commenti<\/strong>: Nel complesso la mia esperienza con questo software \u00e8 stata positiva.<br \/>\n<strong>Pro<\/strong>: \u00c8 semplice da usare e la registrazione inizia automaticamente all&#8217;inizio della riunione.<br \/>\n<strong>Contro<\/strong>: Con la versione gratuita hai a disposizione solo 30 minuti di tempo per la registrazione!<\/p>\n<p><strong>Drew &#8220;Uno strumento indispensabile per la produttivit\u00e0&#8221;<\/strong><br \/>\n<strong>Commenti<\/strong>: usare Otter ha cambiato le carte in tavola per la mia produttivit\u00e0. La sua capacit\u00e0 di trascrivere riunioni e appunti in modo accurato mi ha fatto risparmiare innumerevoli ore.<br \/>\n<strong>Pro<\/strong>: otter \u00e8 incredibilmente facile da usare e intuitivo. Ha semplificato notevolmente il mio flusso di lavoro.<br \/>\n<strong>Contro<\/strong>: sebbene Otter sia eccellente, a volte ha difficolt\u00e0 a trascrivere accuratamente termini tecnici complessi. Tuttavia, questo \u00e8 un problema minore rispetto alla sua utilit\u00e0 complessiva.<\/p>\n","protected":false},"excerpt":{"rendered":"<p>Otter \u00e8 un software per prendere appunti progettato per aiutare le aziende a registrare, trascrivere e condividere note vocali in tempo reale. La piattaforma consente agli amministratori di invitare partecipanti, modificare note, gestire il vocabolario e generare automaticamente sottotitoli in tempo reale.<\/p>\n","protected":false},"author":19,"featured_media":82494,"parent":79864,"menu_order":0,"comment_status":"open","ping_status":"closed","template":"g1_template_page_review_new.php","meta":{"_acf_changed":false,"cwp_meta_box_check":"No","cwp_rev_product_name":"","cwp_rev_product_image":"","wppr_links":[],"cwp_rev_price":"","wppr_options":[],"wppr_pros":[],"wppr_cons":[],"_monsterinsights_skip_tracking":false,"_monsterinsights_sitenote_active":false,"_monsterinsights_sitenote_note":"","_monsterinsights_sitenote_category":0,"footnotes":""},"categories":[15435],"tags":[997,998,15716,15441,15479,15480],"features":[],"class_list":{"0":"post-82481","1":"page","2":"type-page","3":"status-publish","4":"has-post-thumbnail","6":"category-software-intelligenza-artificiale-cat","7":"tag-ai","8":"tag-intelligenza-artificiale","9":"tag-otter","10":"tag-piattaforma-intelligenza-artificiale","11":"tag-software-intelligenza-artificiale","12":"tag-soluzione-intelligenza-artificiale"},"wppr_data":{"cwp_meta_box_check":"No"},"acf":[],"yoast_head":"<!-- This site is optimized with the Yoast SEO plugin v27.4 - https:\/\/yoast.com\/product\/yoast-seo-wordpress\/ -->\n<title>Otter: recensione software intelligenza artificiale - Accurate Reviews<\/title>\n<meta name=\"description\" content=\"Otter: recensione software per prendere appunti progettato per aiutare le aziende a registrare, trascrivere e condividere note in tempo reale\" \/>\n<meta name=\"robots\" content=\"index, follow, max-snippet:-1, max-image-preview:large, max-video-preview:-1\" \/>\n<link rel=\"canonical\" href=\"https:\/\/www.accuratereviews.com\/it\/software-intelligenza-artificiale\/otter-recensione\/\" \/>\n<meta property=\"og:locale\" content=\"it_IT\" \/>\n<meta property=\"og:type\" content=\"article\" \/>\n<meta property=\"og:title\" content=\"Otter: recensione software intelligenza artificiale - Accurate Reviews\" \/>\n<meta property=\"og:description\" content=\"Otter: recensione software per prendere appunti progettato per aiutare le aziende a registrare, trascrivere e condividere note in tempo reale\" \/>\n<meta property=\"og:url\" content=\"https:\/\/www.accuratereviews.com\/it\/software-intelligenza-artificiale\/otter-recensione\/\" \/>\n<meta property=\"og:site_name\" content=\"Accurate Reviews\" \/>\n<meta property=\"og:image\" content=\"https:\/\/www.accuratereviews.com\/wp-content\/uploads\/2025\/01\/Otter.webp\" \/>\n\t<meta property=\"og:image:width\" content=\"960\" \/>\n\t<meta property=\"og:image:height\" content=\"960\" \/>\n\t<meta property=\"og:image:type\" content=\"image\/webp\" \/>\n<meta name=\"twitter:card\" content=\"summary_large_image\" \/>\n<meta name=\"twitter:label1\" content=\"Tempo di lettura stimato\" \/>\n\t<meta name=\"twitter:data1\" content=\"5 minuti\" \/>\n<script type=\"application\/ld+json\" class=\"yoast-schema-graph\">{\"@context\":\"https:\\\/\\\/schema.org\",\"@graph\":[{\"@type\":\"WebPage\",\"@id\":\"https:\\\/\\\/www.accuratereviews.com\\\/it\\\/software-intelligenza-artificiale\\\/otter-recensione\\\/\",\"url\":\"https:\\\/\\\/www.accuratereviews.com\\\/it\\\/software-intelligenza-artificiale\\\/otter-recensione\\\/\",\"name\":\"Otter: recensione software intelligenza artificiale - Accurate Reviews\",\"isPartOf\":{\"@id\":\"https:\\\/\\\/www.accuratereviews.com\\\/it\\\/#website\"},\"primaryImageOfPage\":{\"@id\":\"https:\\\/\\\/www.accuratereviews.com\\\/it\\\/software-intelligenza-artificiale\\\/otter-recensione\\\/#primaryimage\"},\"image\":{\"@id\":\"https:\\\/\\\/www.accuratereviews.com\\\/it\\\/software-intelligenza-artificiale\\\/otter-recensione\\\/#primaryimage\"},\"thumbnailUrl\":\"https:\\\/\\\/www.accuratereviews.com\\\/wp-content\\\/uploads\\\/2025\\\/01\\\/Otter.webp\",\"datePublished\":\"2025-01-17T18:42:09+00:00\",\"description\":\"Otter: recensione software per prendere appunti progettato per aiutare le aziende a registrare, trascrivere e condividere note in tempo reale\",\"breadcrumb\":{\"@id\":\"https:\\\/\\\/www.accuratereviews.com\\\/it\\\/software-intelligenza-artificiale\\\/otter-recensione\\\/#breadcrumb\"},\"inLanguage\":\"it-IT\",\"potentialAction\":[{\"@type\":\"ReadAction\",\"target\":[\"https:\\\/\\\/www.accuratereviews.com\\\/it\\\/software-intelligenza-artificiale\\\/otter-recensione\\\/\"]}]},{\"@type\":\"ImageObject\",\"inLanguage\":\"it-IT\",\"@id\":\"https:\\\/\\\/www.accuratereviews.com\\\/it\\\/software-intelligenza-artificiale\\\/otter-recensione\\\/#primaryimage\",\"url\":\"https:\\\/\\\/www.accuratereviews.com\\\/wp-content\\\/uploads\\\/2025\\\/01\\\/Otter.webp\",\"contentUrl\":\"https:\\\/\\\/www.accuratereviews.com\\\/wp-content\\\/uploads\\\/2025\\\/01\\\/Otter.webp\",\"width\":960,\"height\":960},{\"@type\":\"BreadcrumbList\",\"@id\":\"https:\\\/\\\/www.accuratereviews.com\\\/it\\\/software-intelligenza-artificiale\\\/otter-recensione\\\/#breadcrumb\",\"itemListElement\":[{\"@type\":\"ListItem\",\"position\":1,\"name\":\"Home\",\"item\":\"https:\\\/\\\/www.accuratereviews.com\\\/it\\\/\"},{\"@type\":\"ListItem\",\"position\":2,\"name\":\"Software di intelligenza artificiale\",\"item\":\"https:\\\/\\\/www.accuratereviews.com\\\/it\\\/software-intelligenza-artificiale\\\/\"},{\"@type\":\"ListItem\",\"position\":3,\"name\":\"Otter\"}]},{\"@type\":\"WebSite\",\"@id\":\"https:\\\/\\\/www.accuratereviews.com\\\/it\\\/#website\",\"url\":\"https:\\\/\\\/www.accuratereviews.com\\\/it\\\/\",\"name\":\"Accurate Reviews\",\"description\":\"\",\"potentialAction\":[{\"@type\":\"SearchAction\",\"target\":{\"@type\":\"EntryPoint\",\"urlTemplate\":\"https:\\\/\\\/www.accuratereviews.com\\\/it\\\/?s={search_term_string}\"},\"query-input\":{\"@type\":\"PropertyValueSpecification\",\"valueRequired\":true,\"valueName\":\"search_term_string\"}}],\"inLanguage\":\"it-IT\"}]}<\/script>\n<!-- \/ Yoast SEO plugin. -->","yoast_head_json":{"title":"Otter: recensione software intelligenza artificiale - Accurate Reviews","description":"Otter: recensione software per prendere appunti progettato per aiutare le aziende a registrare, trascrivere e condividere note in tempo reale","robots":{"index":"index","follow":"follow","max-snippet":"max-snippet:-1","max-image-preview":"max-image-preview:large","max-video-preview":"max-video-preview:-1"},"canonical":"https:\/\/www.accuratereviews.com\/it\/software-intelligenza-artificiale\/otter-recensione\/","og_locale":"it_IT","og_type":"article","og_title":"Otter: recensione software intelligenza artificiale - Accurate Reviews","og_description":"Otter: recensione software per prendere appunti progettato per aiutare le aziende a registrare, trascrivere e condividere note in tempo reale","og_url":"https:\/\/www.accuratereviews.com\/it\/software-intelligenza-artificiale\/otter-recensione\/","og_site_name":"Accurate Reviews","og_image":[{"width":960,"height":960,"url":"https:\/\/www.accuratereviews.com\/wp-content\/uploads\/2025\/01\/Otter.webp","type":"image\/webp"}],"twitter_card":"summary_large_image","twitter_misc":{"Tempo di lettura stimato":"5 minuti"},"schema":{"@context":"https:\/\/schema.org","@graph":[{"@type":"WebPage","@id":"https:\/\/www.accuratereviews.com\/it\/software-intelligenza-artificiale\/otter-recensione\/","url":"https:\/\/www.accuratereviews.com\/it\/software-intelligenza-artificiale\/otter-recensione\/","name":"Otter: recensione software intelligenza artificiale - Accurate Reviews","isPartOf":{"@id":"https:\/\/www.accuratereviews.com\/it\/#website"},"primaryImageOfPage":{"@id":"https:\/\/www.accuratereviews.com\/it\/software-intelligenza-artificiale\/otter-recensione\/#primaryimage"},"image":{"@id":"https:\/\/www.accuratereviews.com\/it\/software-intelligenza-artificiale\/otter-recensione\/#primaryimage"},"thumbnailUrl":"https:\/\/www.accuratereviews.com\/wp-content\/uploads\/2025\/01\/Otter.webp","datePublished":"2025-01-17T18:42:09+00:00","description":"Otter: recensione software per prendere appunti progettato per aiutare le aziende a registrare, trascrivere e condividere note in tempo reale","breadcrumb":{"@id":"https:\/\/www.accuratereviews.com\/it\/software-intelligenza-artificiale\/otter-recensione\/#breadcrumb"},"inLanguage":"it-IT","potentialAction":[{"@type":"ReadAction","target":["https:\/\/www.accuratereviews.com\/it\/software-intelligenza-artificiale\/otter-recensione\/"]}]},{"@type":"ImageObject","inLanguage":"it-IT","@id":"https:\/\/www.accuratereviews.com\/it\/software-intelligenza-artificiale\/otter-recensione\/#primaryimage","url":"https:\/\/www.accuratereviews.com\/wp-content\/uploads\/2025\/01\/Otter.webp","contentUrl":"https:\/\/www.accuratereviews.com\/wp-content\/uploads\/2025\/01\/Otter.webp","width":960,"height":960},{"@type":"BreadcrumbList","@id":"https:\/\/www.accuratereviews.com\/it\/software-intelligenza-artificiale\/otter-recensione\/#breadcrumb","itemListElement":[{"@type":"ListItem","position":1,"name":"Home","item":"https:\/\/www.accuratereviews.com\/it\/"},{"@type":"ListItem","position":2,"name":"Software di intelligenza artificiale","item":"https:\/\/www.accuratereviews.com\/it\/software-intelligenza-artificiale\/"},{"@type":"ListItem","position":3,"name":"Otter"}]},{"@type":"WebSite","@id":"https:\/\/www.accuratereviews.com\/it\/#website","url":"https:\/\/www.accuratereviews.com\/it\/","name":"Accurate Reviews","description":"","potentialAction":[{"@type":"SearchAction","target":{"@type":"EntryPoint","urlTemplate":"https:\/\/www.accuratereviews.com\/it\/?s={search_term_string}"},"query-input":{"@type":"PropertyValueSpecification","valueRequired":true,"valueName":"search_term_string"}}],"inLanguage":"it-IT"}]}},"_links":{"self":[{"href":"https:\/\/www.accuratereviews.com\/it\/wp-json\/wp\/v2\/pages\/82481","targetHints":{"allow":["GET"]}}],"collection":[{"href":"https:\/\/www.accuratereviews.com\/it\/wp-json\/wp\/v2\/pages"}],"about":[{"href":"https:\/\/www.accuratereviews.com\/it\/wp-json\/wp\/v2\/types\/page"}],"author":[{"embeddable":true,"href":"https:\/\/www.accuratereviews.com\/it\/wp-json\/wp\/v2\/users\/19"}],"replies":[{"embeddable":true,"href":"https:\/\/www.accuratereviews.com\/it\/wp-json\/wp\/v2\/comments?post=82481"}],"version-history":[{"count":8,"href":"https:\/\/www.accuratereviews.com\/it\/wp-json\/wp\/v2\/pages\/82481\/revisions"}],"predecessor-version":[{"id":82567,"href":"https:\/\/www.accuratereviews.com\/it\/wp-json\/wp\/v2\/pages\/82481\/revisions\/82567"}],"up":[{"embeddable":true,"href":"https:\/\/www.accuratereviews.com\/it\/wp-json\/wp\/v2\/pages\/79864"}],"wp:featuredmedia":[{"embeddable":true,"href":"https:\/\/www.accuratereviews.com\/it\/wp-json\/wp\/v2\/media\/82494"}],"wp:attachment":[{"href":"https:\/\/www.accuratereviews.com\/it\/wp-json\/wp\/v2\/media?parent=82481"}],"wp:term":[{"taxonomy":"category","embeddable":true,"href":"https:\/\/www.accuratereviews.com\/it\/wp-json\/wp\/v2\/categories?post=82481"},{"taxonomy":"post_tag","embeddable":true,"href":"https:\/\/www.accuratereviews.com\/it\/wp-json\/wp\/v2\/tags?post=82481"},{"taxonomy":"features","embeddable":true,"href":"https:\/\/www.accuratereviews.com\/it\/wp-json\/wp\/v2\/features?post=82481"}],"curies":[{"name":"wp","href":"https:\/\/api.w.org\/{rel}","templated":true}]}}