{"id":82543,"date":"2025-01-17T15:04:00","date_gmt":"2025-01-17T15:04:00","guid":{"rendered":"https:\/\/www.accuratereviews.com\/?page_id=82543"},"modified":"2025-01-17T15:04:00","modified_gmt":"2025-01-17T15:04:00","slug":"echobox-recensione","status":"publish","type":"page","link":"https:\/\/www.accuratereviews.com\/it\/software-intelligenza-artificiale\/echobox-recensione\/","title":{"rendered":"Echobox"},"content":{"rendered":"<p><strong>Echobox<\/strong> \u00e8 un <strong>software di gestione dei social media<\/strong>, progettato per aiutare gli editori a monitorare, aggiornare e pubblicare contenuti digitali su varie piattaforme di social media come Twitter, LinkedIn e Facebook. Consente ai team di marketing di classificare i contenuti in base al tasso di viralit\u00e0 e pianificare post su pi\u00f9 account social. Utilizzando la capacit\u00e0 di test A\/B di <strong>Echobox<\/strong>, i dipendenti inoltre\u00a0 possono analizzare il comportamento degli utenti di Facebook, testare diversi titoli, messaggi, immagini o video e sviluppare strategie di contenuto in base ai requisiti aziendali. L&#8217;applicazione consente ai marketer di impostare regole per escludere parole chiave specifiche dal contenuto e accedere automaticamente ai suggerimenti hashtag pertinenti utilizzando la tecnologia di<strong> intelligenza artificiale (AI)<\/strong>. Fornisce inoltre un modulo di reporting, che consente ai manager di ottenere informazioni sulle prestazioni dei dipendenti e di monitorare i tassi di clic (CTR) e i risultati dei test A\/B in tempo reale.\u00a0Altre funzionalit\u00e0 includono campagne di marketing, conformit\u00e0 al GDPR, dashboard interattiva, monitoraggio delle attivit\u00e0, gestione del flusso di lavoro, analisi, gestione delle comunicazioni e altro ancora.<\/p>\n<h2><a href=\"https:\/\/www.accuratereviews.com\/wp-content\/uploads\/2025\/01\/Screenshot-2025-01-17-102642.png\"><img loading=\"lazy\" decoding=\"async\" class=\"aligncenter wp-image-82551 size-full\" src=\"https:\/\/www.accuratereviews.com\/wp-content\/uploads\/2025\/01\/Screenshot-2025-01-17-102642.png\" alt=\"\" width=\"1453\" height=\"607\" srcset=\"https:\/\/www.accuratereviews.com\/wp-content\/uploads\/2025\/01\/Screenshot-2025-01-17-102642.png 1453w, https:\/\/www.accuratereviews.com\/wp-content\/uploads\/2025\/01\/Screenshot-2025-01-17-102642-300x125.png 300w, https:\/\/www.accuratereviews.com\/wp-content\/uploads\/2025\/01\/Screenshot-2025-01-17-102642-1024x428.png 1024w, https:\/\/www.accuratereviews.com\/wp-content\/uploads\/2025\/01\/Screenshot-2025-01-17-102642-768x321.png 768w, https:\/\/www.accuratereviews.com\/wp-content\/uploads\/2025\/01\/Screenshot-2025-01-17-102642-50x21.png 50w, https:\/\/www.accuratereviews.com\/wp-content\/uploads\/2025\/01\/Screenshot-2025-01-17-102642-260x109.png 260w, https:\/\/www.accuratereviews.com\/wp-content\/uploads\/2025\/01\/Screenshot-2025-01-17-102642-968x404.png 968w, https:\/\/www.accuratereviews.com\/wp-content\/uploads\/2025\/01\/Screenshot-2025-01-17-102642-636x266.png 636w, https:\/\/www.accuratereviews.com\/wp-content\/uploads\/2025\/01\/Screenshot-2025-01-17-102642-320x134.png 320w, https:\/\/www.accuratereviews.com\/wp-content\/uploads\/2025\/01\/Screenshot-2025-01-17-102642-239x100.png 239w\" sizes=\"auto, (max-width: 1453px) 100vw, 1453px\" \/><\/a><\/h2>\n<h2>ECHOBOX &#8211; CARATTERISTICHE<\/h2>\n<footer class=\"footer \">\n<div class=\"box\">\n<div class=\"footer__bottom\">\n<div class=\"footer__base\">\n<ul>\n<li><strong>Facebook<\/strong>:\u00a0analizza l&#8217;algoritmo del feed di Facebook e adatta di conseguenza la strategia di condivisione.<\/li>\n<li><strong>X\/Twitter:<\/strong>\u00a0adatta la vostra strategia di condivisione su X\/Twitter ai comportamenti del vostro pubblico e agli argomenti di tendenza.<\/li>\n<li><strong>LinkedIn<\/strong>:\u00a0rispecchia l&#8217;algoritmo dei contenuti di LinkedIn per garantire che la vostra curatela sia completamente ottimizzata.<\/li>\n<li><strong>Instagram<\/strong>:\u00a0regola la vostra curatela di Instagram con le ultime intuizioni dell&#8217;algoritmo del feed di Instagram.<\/li>\n<li><strong>TikTok<\/strong>:\u00a0mette a punto la condivisione di video su TikTok per massimizzare il potenziale dei contenuti.<\/li>\n<li><strong>Traffico e coinvolgimento<\/strong>: prevede il traffico e il coinvolgimento dei vostri contenuti e li classifica di conseguenza, permettendovi di sapere quali contenuti pubblicare successivamente.<\/li>\n<li><strong>Ottimizzazione dei tempi<\/strong>: individua il minuto migliore della giornata per ogni azione, in modo da massimizzarne la portata.<\/li>\n<li><strong>Test A\/B<\/strong>:\u00a0testa diversi messaggi e immagini per capire veramente cosa piace al vostro pubblico.<\/li>\n<li><strong>Quantit\u00e0 di condivisione<\/strong>: determina la quantit\u00e0 ideale di condivisioni al giorno per aumentare le prestazioni senza incorrere in penalizzazioni per eccesso di condivisione da parte dei social network.<\/li>\n<li><strong>Messaggistica<\/strong>: utilizza il modello GPT di OpenAI per scrivere messaggi di condivisione virale, adattati al vostro tono di voce.<\/li>\n<li><strong>Emojis<\/strong>: lascia che la soluzione aggiunga emoji per migliorare le prestazioni alle vostre azioni.<\/li>\n<li><strong>Hashtag e menzioni<\/strong>:\u00a0trover\u00e0 e suggerir\u00e0 hashtag e menzioni pertinenti, in modo che le vostre condivisioni facciano parte di una conversazione pi\u00f9 ampia sui social network.<\/li>\n<li><strong>Video<\/strong>: ottimizza la tempistica dei vostri post video per aumentare le visualizzazioni.<\/li>\n<li><strong>Link in Bio<\/strong>: create un link nella bio e condividete i\u00a0 post su Instagram come link per aumentare il traffico di riferimento.<\/li>\n<li><strong>Grafici del pubblico personalizzati<\/strong>: gli Audience Graphs sono rappresentazioni matematiche granulari del vostro pubblico che permettono al programma di adattare i suoi algoritmi alle vostre esigenze.<\/li>\n<li><strong>Ottimizzazione del tempo<\/strong>: scegliere una tempistica ottimizzata dall&#8217;IA, all&#8217;interno di una fascia oraria selezionata, impostare un orario specifico o condividere immediatamente.<\/li>\n<li><strong>Controlli del feed<\/strong>:\u00a0interroga i feed di contenuti una volta al minuto per garantire che i contenuti pi\u00f9 recenti e freschi vengano acquisiti rapidamente.<\/li>\n<li><strong>Sovrapposizioni di immagini<\/strong>: aggiungete il vostro logo o un banner in sovraimpressione sulle immagini dei vostri post per aumentare il CTR.<\/li>\n<li><strong>Integrazione ChatGPT<\/strong>: utilizza ChatGPT di OpenAI per creare automaticamente messaggi di condivisione coinvolgenti.<\/li>\n<li><strong>Regole per le parole chiave<\/strong>: impostare regole di condivisione basate su parole chiave che la soluzione seguir\u00e0.<\/li>\n<\/ul>\n<h3>LE RECENSIONE DEGLI UTENTI<\/h3>\n<p><strong>Guillermo &#8220;Raccomando la piattaforma&#8221;<\/strong><br \/>\n<strong>Pro<\/strong>: Il modo in cui ci consente di pubblicare e programmare i contenuti<br \/>\n<strong>Contro<\/strong>: Non trovo nessuno svantaggio al momento, sono molto soddisfatto<\/p>\n<p><strong>Leonardo &#8220;Ideale per l&#8217;automazione dei contenuti&#8221;<\/strong><br \/>\n<strong>Commenti<\/strong>: La mia esperienza \u00e8 stata positiva, poich\u00e9 ci ha permesso di integrare in modo semplice e veloce uno strumento per pubblicare contenuti sui social network, massimizzando la produttivit\u00e0 e il raggiungimento dei nostri utenti.<br \/>\n<strong>Pro<\/strong>: La sua facilit\u00e0 di integrazione con il nostro sistema tramite RSS e l&#8217;ottimizzazione nella pubblicazione dei contenuti sui social network.<br \/>\n<strong>Contro<\/strong>: In casi particolari non \u00e8 consentito modificare il modo in cui pubblichi, il che sarebbe positivo per determinati tipi di contenuti.<\/p>\n<p><strong>Luigi &#8220;Echobox: Un passo in avanti per la nostra attivit\u00e0&#8221;<\/strong><br \/>\n<strong>Commenti<\/strong>: Sono pi\u00f9 di 4 anni che utilizziamo Echobox e non ne riusciamo pi\u00f9 a farne a meno. E&#8217; fondamentale per mantenere la nostra pagina facebook sempre aggiornata con post competitivi<br \/>\n<strong>Pro<\/strong>: Grazie ad Echobox riusciamo a scegliere il momento migliore per postare gli articoli della nostra testata giornalistica<br \/>\n<strong>Contro<\/strong>: Non hanno personale che parla Italiano, ma non \u00e8 un problema.<\/p>\n<\/div>\n<\/div>\n<\/div>\n<\/footer>\n","protected":false},"excerpt":{"rendered":"<p>Echobox \u00e8 un software di gestione dei social media progettato per aiutare gli editori a monitorare, aggiornare e pubblicare contenuti digitali su varie piattaforme di social media come Twitter, LinkedIn e Facebook. Consente ai team di marketing di classificare i contenuti in base al tasso di viralit\u00e0 e pianificare post su pi\u00f9 account social.<\/p>\n","protected":false},"author":19,"featured_media":82546,"parent":79864,"menu_order":0,"comment_status":"open","ping_status":"closed","template":"g1_template_page_review_new.php","meta":{"_acf_changed":false,"cwp_meta_box_check":"No","cwp_rev_product_name":"","cwp_rev_product_image":"","wppr_links":[],"cwp_rev_price":"","wppr_options":[],"wppr_pros":[],"wppr_cons":[],"_monsterinsights_skip_tracking":false,"_monsterinsights_sitenote_active":false,"_monsterinsights_sitenote_note":"","_monsterinsights_sitenote_category":0,"footnotes":""},"categories":[15435],"tags":[997,15717,998,15441,15440,5612,15479,15480],"features":[],"class_list":{"0":"post-82543","1":"page","2":"type-page","3":"status-publish","4":"has-post-thumbnail","6":"category-software-intelligenza-artificiale-cat","7":"tag-ai","8":"tag-echobox","9":"tag-intelligenza-artificiale","10":"tag-piattaforma-intelligenza-artificiale","11":"tag-programma-intelligenza-artificiale","12":"tag-social-media","13":"tag-software-intelligenza-artificiale","14":"tag-soluzione-intelligenza-artificiale"},"wppr_data":{"cwp_meta_box_check":"No"},"acf":[],"yoast_head":"<!-- This site is optimized with the Yoast SEO plugin v27.4 - https:\/\/yoast.com\/product\/yoast-seo-wordpress\/ -->\n<title>Echobox: recensione software intelligenza artificiale - Accurate Reviews<\/title>\n<meta name=\"description\" content=\"Echobox: recensione software di gestione dei social media progettato per gli editori a monitorare, aggiornare e pubblicare contenuti digitali\" \/>\n<meta name=\"robots\" content=\"index, follow, max-snippet:-1, max-image-preview:large, max-video-preview:-1\" \/>\n<link rel=\"canonical\" href=\"https:\/\/www.accuratereviews.com\/it\/software-intelligenza-artificiale\/echobox-recensione\/\" \/>\n<meta property=\"og:locale\" content=\"it_IT\" \/>\n<meta property=\"og:type\" content=\"article\" \/>\n<meta property=\"og:title\" content=\"Echobox: recensione software intelligenza artificiale - Accurate Reviews\" \/>\n<meta property=\"og:description\" content=\"Echobox: recensione software di gestione dei social media progettato per gli editori a monitorare, aggiornare e pubblicare contenuti digitali\" \/>\n<meta property=\"og:url\" content=\"https:\/\/www.accuratereviews.com\/it\/software-intelligenza-artificiale\/echobox-recensione\/\" \/>\n<meta property=\"og:site_name\" content=\"Accurate Reviews\" \/>\n<meta property=\"og:image\" content=\"https:\/\/www.accuratereviews.com\/wp-content\/uploads\/2025\/01\/Echobox.png\" \/>\n\t<meta property=\"og:image:width\" content=\"200\" \/>\n\t<meta property=\"og:image:height\" content=\"200\" \/>\n\t<meta property=\"og:image:type\" content=\"image\/png\" \/>\n<meta name=\"twitter:card\" content=\"summary_large_image\" \/>\n<meta name=\"twitter:label1\" content=\"Tempo di lettura stimato\" \/>\n\t<meta name=\"twitter:data1\" content=\"6 minuti\" \/>\n<script type=\"application\/ld+json\" class=\"yoast-schema-graph\">{\"@context\":\"https:\\\/\\\/schema.org\",\"@graph\":[{\"@type\":\"WebPage\",\"@id\":\"https:\\\/\\\/www.accuratereviews.com\\\/it\\\/software-intelligenza-artificiale\\\/echobox-recensione\\\/\",\"url\":\"https:\\\/\\\/www.accuratereviews.com\\\/it\\\/software-intelligenza-artificiale\\\/echobox-recensione\\\/\",\"name\":\"Echobox: recensione software intelligenza artificiale - Accurate Reviews\",\"isPartOf\":{\"@id\":\"https:\\\/\\\/www.accuratereviews.com\\\/it\\\/#website\"},\"primaryImageOfPage\":{\"@id\":\"https:\\\/\\\/www.accuratereviews.com\\\/it\\\/software-intelligenza-artificiale\\\/echobox-recensione\\\/#primaryimage\"},\"image\":{\"@id\":\"https:\\\/\\\/www.accuratereviews.com\\\/it\\\/software-intelligenza-artificiale\\\/echobox-recensione\\\/#primaryimage\"},\"thumbnailUrl\":\"https:\\\/\\\/www.accuratereviews.com\\\/wp-content\\\/uploads\\\/2025\\\/01\\\/Echobox.png\",\"datePublished\":\"2025-01-17T15:04:00+00:00\",\"description\":\"Echobox: recensione software di gestione dei social media progettato per gli editori a monitorare, aggiornare e pubblicare contenuti digitali\",\"breadcrumb\":{\"@id\":\"https:\\\/\\\/www.accuratereviews.com\\\/it\\\/software-intelligenza-artificiale\\\/echobox-recensione\\\/#breadcrumb\"},\"inLanguage\":\"it-IT\",\"potentialAction\":[{\"@type\":\"ReadAction\",\"target\":[\"https:\\\/\\\/www.accuratereviews.com\\\/it\\\/software-intelligenza-artificiale\\\/echobox-recensione\\\/\"]}]},{\"@type\":\"ImageObject\",\"inLanguage\":\"it-IT\",\"@id\":\"https:\\\/\\\/www.accuratereviews.com\\\/it\\\/software-intelligenza-artificiale\\\/echobox-recensione\\\/#primaryimage\",\"url\":\"https:\\\/\\\/www.accuratereviews.com\\\/wp-content\\\/uploads\\\/2025\\\/01\\\/Echobox.png\",\"contentUrl\":\"https:\\\/\\\/www.accuratereviews.com\\\/wp-content\\\/uploads\\\/2025\\\/01\\\/Echobox.png\",\"width\":200,\"height\":200},{\"@type\":\"BreadcrumbList\",\"@id\":\"https:\\\/\\\/www.accuratereviews.com\\\/it\\\/software-intelligenza-artificiale\\\/echobox-recensione\\\/#breadcrumb\",\"itemListElement\":[{\"@type\":\"ListItem\",\"position\":1,\"name\":\"Home\",\"item\":\"https:\\\/\\\/www.accuratereviews.com\\\/it\\\/\"},{\"@type\":\"ListItem\",\"position\":2,\"name\":\"Software di intelligenza artificiale\",\"item\":\"https:\\\/\\\/www.accuratereviews.com\\\/it\\\/software-intelligenza-artificiale\\\/\"},{\"@type\":\"ListItem\",\"position\":3,\"name\":\"Echobox\"}]},{\"@type\":\"WebSite\",\"@id\":\"https:\\\/\\\/www.accuratereviews.com\\\/it\\\/#website\",\"url\":\"https:\\\/\\\/www.accuratereviews.com\\\/it\\\/\",\"name\":\"Accurate Reviews\",\"description\":\"\",\"potentialAction\":[{\"@type\":\"SearchAction\",\"target\":{\"@type\":\"EntryPoint\",\"urlTemplate\":\"https:\\\/\\\/www.accuratereviews.com\\\/it\\\/?s={search_term_string}\"},\"query-input\":{\"@type\":\"PropertyValueSpecification\",\"valueRequired\":true,\"valueName\":\"search_term_string\"}}],\"inLanguage\":\"it-IT\"}]}<\/script>\n<!-- \/ Yoast SEO plugin. -->","yoast_head_json":{"title":"Echobox: recensione software intelligenza artificiale - Accurate Reviews","description":"Echobox: recensione software di gestione dei social media progettato per gli editori a monitorare, aggiornare e pubblicare contenuti digitali","robots":{"index":"index","follow":"follow","max-snippet":"max-snippet:-1","max-image-preview":"max-image-preview:large","max-video-preview":"max-video-preview:-1"},"canonical":"https:\/\/www.accuratereviews.com\/it\/software-intelligenza-artificiale\/echobox-recensione\/","og_locale":"it_IT","og_type":"article","og_title":"Echobox: recensione software intelligenza artificiale - Accurate Reviews","og_description":"Echobox: recensione software di gestione dei social media progettato per gli editori a monitorare, aggiornare e pubblicare contenuti digitali","og_url":"https:\/\/www.accuratereviews.com\/it\/software-intelligenza-artificiale\/echobox-recensione\/","og_site_name":"Accurate Reviews","og_image":[{"width":200,"height":200,"url":"https:\/\/www.accuratereviews.com\/wp-content\/uploads\/2025\/01\/Echobox.png","type":"image\/png"}],"twitter_card":"summary_large_image","twitter_misc":{"Tempo di lettura stimato":"6 minuti"},"schema":{"@context":"https:\/\/schema.org","@graph":[{"@type":"WebPage","@id":"https:\/\/www.accuratereviews.com\/it\/software-intelligenza-artificiale\/echobox-recensione\/","url":"https:\/\/www.accuratereviews.com\/it\/software-intelligenza-artificiale\/echobox-recensione\/","name":"Echobox: recensione software intelligenza artificiale - Accurate Reviews","isPartOf":{"@id":"https:\/\/www.accuratereviews.com\/it\/#website"},"primaryImageOfPage":{"@id":"https:\/\/www.accuratereviews.com\/it\/software-intelligenza-artificiale\/echobox-recensione\/#primaryimage"},"image":{"@id":"https:\/\/www.accuratereviews.com\/it\/software-intelligenza-artificiale\/echobox-recensione\/#primaryimage"},"thumbnailUrl":"https:\/\/www.accuratereviews.com\/wp-content\/uploads\/2025\/01\/Echobox.png","datePublished":"2025-01-17T15:04:00+00:00","description":"Echobox: recensione software di gestione dei social media progettato per gli editori a monitorare, aggiornare e pubblicare contenuti digitali","breadcrumb":{"@id":"https:\/\/www.accuratereviews.com\/it\/software-intelligenza-artificiale\/echobox-recensione\/#breadcrumb"},"inLanguage":"it-IT","potentialAction":[{"@type":"ReadAction","target":["https:\/\/www.accuratereviews.com\/it\/software-intelligenza-artificiale\/echobox-recensione\/"]}]},{"@type":"ImageObject","inLanguage":"it-IT","@id":"https:\/\/www.accuratereviews.com\/it\/software-intelligenza-artificiale\/echobox-recensione\/#primaryimage","url":"https:\/\/www.accuratereviews.com\/wp-content\/uploads\/2025\/01\/Echobox.png","contentUrl":"https:\/\/www.accuratereviews.com\/wp-content\/uploads\/2025\/01\/Echobox.png","width":200,"height":200},{"@type":"BreadcrumbList","@id":"https:\/\/www.accuratereviews.com\/it\/software-intelligenza-artificiale\/echobox-recensione\/#breadcrumb","itemListElement":[{"@type":"ListItem","position":1,"name":"Home","item":"https:\/\/www.accuratereviews.com\/it\/"},{"@type":"ListItem","position":2,"name":"Software di intelligenza artificiale","item":"https:\/\/www.accuratereviews.com\/it\/software-intelligenza-artificiale\/"},{"@type":"ListItem","position":3,"name":"Echobox"}]},{"@type":"WebSite","@id":"https:\/\/www.accuratereviews.com\/it\/#website","url":"https:\/\/www.accuratereviews.com\/it\/","name":"Accurate Reviews","description":"","potentialAction":[{"@type":"SearchAction","target":{"@type":"EntryPoint","urlTemplate":"https:\/\/www.accuratereviews.com\/it\/?s={search_term_string}"},"query-input":{"@type":"PropertyValueSpecification","valueRequired":true,"valueName":"search_term_string"}}],"inLanguage":"it-IT"}]}},"_links":{"self":[{"href":"https:\/\/www.accuratereviews.com\/it\/wp-json\/wp\/v2\/pages\/82543","targetHints":{"allow":["GET"]}}],"collection":[{"href":"https:\/\/www.accuratereviews.com\/it\/wp-json\/wp\/v2\/pages"}],"about":[{"href":"https:\/\/www.accuratereviews.com\/it\/wp-json\/wp\/v2\/types\/page"}],"author":[{"embeddable":true,"href":"https:\/\/www.accuratereviews.com\/it\/wp-json\/wp\/v2\/users\/19"}],"replies":[{"embeddable":true,"href":"https:\/\/www.accuratereviews.com\/it\/wp-json\/wp\/v2\/comments?post=82543"}],"version-history":[{"count":9,"href":"https:\/\/www.accuratereviews.com\/it\/wp-json\/wp\/v2\/pages\/82543\/revisions"}],"predecessor-version":[{"id":82565,"href":"https:\/\/www.accuratereviews.com\/it\/wp-json\/wp\/v2\/pages\/82543\/revisions\/82565"}],"up":[{"embeddable":true,"href":"https:\/\/www.accuratereviews.com\/it\/wp-json\/wp\/v2\/pages\/79864"}],"wp:featuredmedia":[{"embeddable":true,"href":"https:\/\/www.accuratereviews.com\/it\/wp-json\/wp\/v2\/media\/82546"}],"wp:attachment":[{"href":"https:\/\/www.accuratereviews.com\/it\/wp-json\/wp\/v2\/media?parent=82543"}],"wp:term":[{"taxonomy":"category","embeddable":true,"href":"https:\/\/www.accuratereviews.com\/it\/wp-json\/wp\/v2\/categories?post=82543"},{"taxonomy":"post_tag","embeddable":true,"href":"https:\/\/www.accuratereviews.com\/it\/wp-json\/wp\/v2\/tags?post=82543"},{"taxonomy":"features","embeddable":true,"href":"https:\/\/www.accuratereviews.com\/it\/wp-json\/wp\/v2\/features?post=82543"}],"curies":[{"name":"wp","href":"https:\/\/api.w.org\/{rel}","templated":true}]}}