{"id":82668,"date":"2025-01-22T09:57:24","date_gmt":"2025-01-22T09:57:24","guid":{"rendered":"https:\/\/www.accuratereviews.com\/?page_id=82668"},"modified":"2025-01-23T09:42:13","modified_gmt":"2025-01-23T09:42:13","slug":"luigis-box-recensione","status":"publish","type":"page","link":"https:\/\/www.accuratereviews.com\/it\/software-intelligenza-artificiale\/luigis-box-recensione\/","title":{"rendered":"Luigi&#8217;s Box"},"content":{"rendered":"<p><strong>Luigi&#8217;s Box<\/strong> \u00e8 una piattaforma software basata su cloud e sull&#8217;intelligenza artificiale che utilizza l&#8217;apprendimento automatico per aiutare le aziende a prendere decisioni migliori, dando un senso ai propri dati, inserendoli nel contesto e comprendendo come migliorare i propri processi aziendali. Il <strong>modulo di ricerca e completamento<\/strong> automatico consente agli utenti di cercare prodotti e servizi nel loro settore o area di competenza, nonch\u00e9 di trovare informazioni su aziende specifiche. Con lo s<strong>trumento di raccomandazione<\/strong>, gli utenti\u00a0 prendono decisioni migliori fornendo raccomandazioni basate sugli acquisti passati e altri fattori come posizione, periodo dell&#8217;anno, ecc. Possono anche impostare avvisi in modo da essere avvisati quando un nuovo prodotto o servizio soddisfa le loro esigenze specifiche. Il motore di analisi integrato permette agli utenti di ottenere informazioni sulle prestazioni della propria attivit\u00e0, dalle cifre di vendita ai tassi di fidelizzazione dei clienti, e li aiuta a comprendere in che modo i cambiamenti nella strategia influiscono su tali numeri nel tempo.<\/p>\n<h2>LUIGI&#8217;S BOX &#8211; TUTORIAL<\/h2>\n<div id=\"fluid-wrapper-counter-1\" class=\"g1-fluid-wrapper \" style=\"width:686px;\">\n<div style=\"padding-bottom:56.268221574344%;\"><iframe loading=\"lazy\" title=\"Luigi&#039;s Box E-Commerce Search &amp; Discovery Suite\" width=\"686\" height=\"386\" src=\"https:\/\/www.youtube.com\/embed\/SMbaYfgawP8?feature=oembed&amp;wmode=transparent&amp;autohide=1&amp;autoplay=0&amp;disablekb=0&amp;fs=1&amp;loop=0&amp;enablejsapi=1&amp;rel=0&amp;controls=2&amp;showinfo=0&amp;wmode=transparent&amp;autohide=2&amp;autoplay=0&amp;disablekb=0&amp;fs=1&amp;loop=0&amp;enablejsapi=1&amp;rel=0&amp;controls=2&amp;showinfo=1\" frameborder=\"0\" allow=\"accelerometer; autoplay; clipboard-write; encrypted-media; gyroscope; picture-in-picture; web-share\" referrerpolicy=\"strict-origin-when-cross-origin\" allowfullscreen><\/iframe><\/div>\n<\/div>\n<h3>LUIGI&#8217;S BOX &#8211; CARATTERISTICHE<\/h3>\n<ul>\n<li>I risultati di ricerca personalizzati sono uno dei principali vantaggi di usare Search della soluzione. Ogni cliente riceve suggerimenti e risultati di ricerca personalizzati, basati sulle sue preferenze e sul contesto della sua esperienza di navigazione, il che assicura un elevato ranking di corrispondenza.<\/li>\n<li>Il\u00a0 completamento automatico \u00e8 una funzionalit\u00e0 incredibilmente pratica, ed \u00e8 accompagnata da un componente showcase capace di attirare l\u2019attenzione dei clienti sulla barra di ricerca. Inoltre questa funzione suggerisce ai tuoi clienti nuove idee di prodotti da cercar, grazie alle parole che scorrono e ai pratici suggerimenti.<\/li>\n<li>L\u2019elaborazione del linguaggio \u00e8 parte integrante dell\u2019esperienza di ricerca. Il programma \u00e8 in grado di gestire varie forme grammaticali, errori di battitura, lemmatizzazione e altro ancora in oltre 20 lingue e di garantirti cos\u00ec la migliore esperienza possibile.<\/li>\n<li>La ricerca vocale \u00e8 un\u2019utile funzione aggiuntiva che funziona bene insieme alle altre funzioni. \u00c8 incredibilmente pratica per le persone diversamente abili, ma \u00e8 molto apprezzata anche dagli utenti che preferiscono fare acquisti online tramite i loro smartphone o altri dispositivi intelligenti.<\/li>\n<li>Le funzioni di classificazione automatica personalizzano gli elenchi di prodotti per ogni cliente, in modo che corrispondano ai suoi interessi e desideri. Ci\u00f2 contribuisce ad aumentare l&#8217;engagement. Le funzioni di merchandising e i banner di prodotto consentono di promuovere i prodotti in modo personalizzato. Le opzioni di filtraggio dinamico personalizzabili migliorano notevolmente l&#8217;esperienza di acquisto dei tuoi clienti e facilitano la navigazione.<\/li>\n<li>Aumenta il valore medio dell&#8217;ordine e il valore del carrello, proponendo in modo strategico opzioni rilevanti di cross-selling e up-selling.<\/li>\n<li>Fornisci esperienze cos\u00ec personalizzate che i clienti avranno l&#8217;impressione che il tuo e-shop sia stato creato apposta per loro.<\/li>\n<li>Mostra i prodotti giusti al momento giusto e al posto giusto, grazie a funzionalit\u00e0 di merchandising che ti faranno ottenere le vendite che hai sempre sognato.<\/li>\n<li>Monitora lo stato di salute del tuo sito con metriche fondamentali che possono rivelarti pi\u00f9 informazioni sulle prestazioni e la user experience.<\/li>\n<li>La conoscenza \u00e8 vitale, ed \u00e8 per questo che \u00e8 di fondamentale importanza disporre di uno strumento che ti aiuti a capire in che modo i tuoi clienti interagiscono con il sito.<\/li>\n<li>Analytics \u00e8 uno strumento perfetto per ottimizzare le conversioni, grazie alla sua capacit\u00e0 di mostrarti dati precisi sull&#8217;engagement dei clienti.<\/li>\n<li>Riconosci dove stai perdendo le maggiori opportunit\u00e0 di vendita e rimuovi gli ostacoli che si frappongono fra te e e un aumento costante del fatturato.<\/li>\n<\/ul>\n<h4>LE RECENSIONI DEGLI UTENTI<\/h4>\n<p><strong>Jan&#8221;Motore di ricerca per qualsiasi tipo di e-shop&#8221;<\/strong><br \/>\n<strong>Commenti<\/strong>: Abbiamo deciso di usare Luigis box invece della nostra soluzione perch\u00e9 \u00e8 veloce, preciso, fornisce dati interessanti ed \u00e8 facile da gestire. Dopo anni di utilizzo posso dire che \u00e8 stata una buona decisione.<br \/>\n<strong>Pro<\/strong>: \u00c8 veloce e facile da usare per i nostri clienti (ricerca\/suggerimento automatico) e anche per noi (amministrazione\/raccolta dati,&#8230;). Ottimo supporto.<br \/>\n<strong>Contro<\/strong>: Non mi viene in mente niente. Tutto funziona come previsto.<\/p>\n<p><strong>Boris&#8221;Soluzione di ricerca e-commerce completa e adattabile&#8221;<\/strong><br \/>\n<strong>Pro<\/strong>: Una soluzione di ricerca e raccomandazione altamente adattabile e robusta per l&#8217;e-commerce. Funziona alla grande in pi\u00f9 lingue e paesi. Ottime funzionalit\u00e0 di reporting e assistenza clienti eccezionale.<br \/>\n<strong>Contro<\/strong>: Richiede ancora un po&#8217; di lavoro manuale di tanto in tanto, ad esempio la configurazione dei sinonimi.<\/p>\n<p><strong>Yuliia&#8221;Grande vantaggio: ricerca veloce e precisa!&#8221;<\/strong><br \/>\n<strong>Commenti<\/strong>: La mia esperienza complessiva \u00e8 perfetta: LB fa esattamente ci\u00f2 di cui abbiamo bisogno.<br \/>\n<strong>Pro<\/strong>: Apprezzo la velocit\u00e0 di Luigi&#8217;s Box: il completamento automatico fornisce consigli in millisecondi e ottieni risultati di ricerca altrettanto rapidamente. Per quanto riguarda la distribuzione e l&#8217;implementazione, possono essere risolte in poco tempo. Quindi Luigi&#8217;s Box funziona come dovrebbe e puoi visualizzare continuamente i dati raccolti. In caso di necessit\u00e0, c&#8217;\u00e8 il supporto di Luigi&#8217;s Box che sar\u00e0 felice di aiutarti rapidamente e in modo utile.<br \/>\n<strong>Contro<\/strong>: Non ho problemi, funziona benissimo.<\/p>\n","protected":false},"excerpt":{"rendered":"<p>Luigi&#8217;s Box \u00e8 una piattaforma software basata su cloud e sull&#8217;intelligenza artificiale che utilizza l&#8217;apprendimento automatico per aiutare le aziende a prendere decisioni migliori, dando un senso ai propri dati, inserendoli nel contesto e comprendendo come migliorare i propri processi aziendali.<\/p>\n","protected":false},"author":19,"featured_media":82670,"parent":79864,"menu_order":0,"comment_status":"open","ping_status":"closed","template":"g1_template_page_review_new.php","meta":{"_acf_changed":false,"cwp_meta_box_check":"No","cwp_rev_product_name":"","cwp_rev_product_image":"","wppr_links":[],"cwp_rev_price":"","wppr_options":[],"wppr_pros":[],"wppr_cons":[],"_monsterinsights_skip_tracking":false,"_monsterinsights_sitenote_active":false,"_monsterinsights_sitenote_note":"","_monsterinsights_sitenote_category":0,"footnotes":""},"categories":[15435],"tags":[997,998,15722,15441,15440,15479,15480],"features":[],"class_list":{"0":"post-82668","1":"page","2":"type-page","3":"status-publish","4":"has-post-thumbnail","6":"category-software-intelligenza-artificiale-cat","7":"tag-ai","8":"tag-intelligenza-artificiale","9":"tag-luigis-box","10":"tag-piattaforma-intelligenza-artificiale","11":"tag-programma-intelligenza-artificiale","12":"tag-software-intelligenza-artificiale","13":"tag-soluzione-intelligenza-artificiale"},"wppr_data":{"cwp_meta_box_check":"No"},"acf":[],"yoast_head":"<!-- This site is optimized with the Yoast SEO plugin v27.4 - https:\/\/yoast.com\/product\/yoast-seo-wordpress\/ -->\n<title>Luigi&#039;s Box: recensione software intelligenza artificiale - Accurate Reviews<\/title>\n<meta name=\"description\" content=\"Luigi&#039;s Box: recensione software basata su cloud e sull&#039;ai che utilizza l&#039;apprendimento automatico per aiutare le aziende a prendere decisioni migliori.\" \/>\n<meta name=\"robots\" content=\"index, follow, max-snippet:-1, max-image-preview:large, max-video-preview:-1\" \/>\n<link rel=\"canonical\" href=\"https:\/\/www.accuratereviews.com\/it\/software-intelligenza-artificiale\/luigis-box-recensione\/\" \/>\n<meta property=\"og:locale\" content=\"it_IT\" \/>\n<meta property=\"og:type\" content=\"article\" \/>\n<meta property=\"og:title\" content=\"Luigi&#039;s Box: recensione software intelligenza artificiale - Accurate Reviews\" \/>\n<meta property=\"og:description\" content=\"Luigi&#039;s Box: recensione software basata su cloud e sull&#039;ai che utilizza l&#039;apprendimento automatico per aiutare le aziende a prendere decisioni migliori.\" \/>\n<meta property=\"og:url\" content=\"https:\/\/www.accuratereviews.com\/it\/software-intelligenza-artificiale\/luigis-box-recensione\/\" \/>\n<meta property=\"og:site_name\" content=\"Accurate Reviews\" \/>\n<meta property=\"article:modified_time\" content=\"2025-01-23T09:42:13+00:00\" \/>\n<meta property=\"og:image\" content=\"https:\/\/www.accuratereviews.com\/wp-content\/uploads\/2025\/01\/Logo-Luigis-Box.png\" \/>\n\t<meta property=\"og:image:width\" content=\"500\" \/>\n\t<meta property=\"og:image:height\" content=\"498\" \/>\n\t<meta property=\"og:image:type\" content=\"image\/png\" \/>\n<meta name=\"twitter:card\" content=\"summary_large_image\" \/>\n<meta name=\"twitter:label1\" content=\"Tempo di lettura stimato\" \/>\n\t<meta name=\"twitter:data1\" content=\"6 minuti\" \/>\n<script type=\"application\/ld+json\" class=\"yoast-schema-graph\">{\"@context\":\"https:\\\/\\\/schema.org\",\"@graph\":[{\"@type\":\"WebPage\",\"@id\":\"https:\\\/\\\/www.accuratereviews.com\\\/it\\\/software-intelligenza-artificiale\\\/luigis-box-recensione\\\/\",\"url\":\"https:\\\/\\\/www.accuratereviews.com\\\/it\\\/software-intelligenza-artificiale\\\/luigis-box-recensione\\\/\",\"name\":\"Luigi's Box: recensione software intelligenza artificiale - Accurate Reviews\",\"isPartOf\":{\"@id\":\"https:\\\/\\\/www.accuratereviews.com\\\/it\\\/#website\"},\"primaryImageOfPage\":{\"@id\":\"https:\\\/\\\/www.accuratereviews.com\\\/it\\\/software-intelligenza-artificiale\\\/luigis-box-recensione\\\/#primaryimage\"},\"image\":{\"@id\":\"https:\\\/\\\/www.accuratereviews.com\\\/it\\\/software-intelligenza-artificiale\\\/luigis-box-recensione\\\/#primaryimage\"},\"thumbnailUrl\":\"https:\\\/\\\/www.accuratereviews.com\\\/wp-content\\\/uploads\\\/2025\\\/01\\\/Logo-Luigis-Box.png\",\"datePublished\":\"2025-01-22T09:57:24+00:00\",\"dateModified\":\"2025-01-23T09:42:13+00:00\",\"description\":\"Luigi's Box: recensione software basata su cloud e sull'ai che utilizza l'apprendimento automatico per aiutare le aziende a prendere decisioni migliori.\",\"breadcrumb\":{\"@id\":\"https:\\\/\\\/www.accuratereviews.com\\\/it\\\/software-intelligenza-artificiale\\\/luigis-box-recensione\\\/#breadcrumb\"},\"inLanguage\":\"it-IT\",\"potentialAction\":[{\"@type\":\"ReadAction\",\"target\":[\"https:\\\/\\\/www.accuratereviews.com\\\/it\\\/software-intelligenza-artificiale\\\/luigis-box-recensione\\\/\"]}]},{\"@type\":\"ImageObject\",\"inLanguage\":\"it-IT\",\"@id\":\"https:\\\/\\\/www.accuratereviews.com\\\/it\\\/software-intelligenza-artificiale\\\/luigis-box-recensione\\\/#primaryimage\",\"url\":\"https:\\\/\\\/www.accuratereviews.com\\\/wp-content\\\/uploads\\\/2025\\\/01\\\/Logo-Luigis-Box.png\",\"contentUrl\":\"https:\\\/\\\/www.accuratereviews.com\\\/wp-content\\\/uploads\\\/2025\\\/01\\\/Logo-Luigis-Box.png\",\"width\":500,\"height\":498},{\"@type\":\"BreadcrumbList\",\"@id\":\"https:\\\/\\\/www.accuratereviews.com\\\/it\\\/software-intelligenza-artificiale\\\/luigis-box-recensione\\\/#breadcrumb\",\"itemListElement\":[{\"@type\":\"ListItem\",\"position\":1,\"name\":\"Home\",\"item\":\"https:\\\/\\\/www.accuratereviews.com\\\/it\\\/\"},{\"@type\":\"ListItem\",\"position\":2,\"name\":\"Software di intelligenza artificiale\",\"item\":\"https:\\\/\\\/www.accuratereviews.com\\\/it\\\/software-intelligenza-artificiale\\\/\"},{\"@type\":\"ListItem\",\"position\":3,\"name\":\"Luigi&#8217;s Box\"}]},{\"@type\":\"WebSite\",\"@id\":\"https:\\\/\\\/www.accuratereviews.com\\\/it\\\/#website\",\"url\":\"https:\\\/\\\/www.accuratereviews.com\\\/it\\\/\",\"name\":\"Accurate Reviews\",\"description\":\"\",\"potentialAction\":[{\"@type\":\"SearchAction\",\"target\":{\"@type\":\"EntryPoint\",\"urlTemplate\":\"https:\\\/\\\/www.accuratereviews.com\\\/it\\\/?s={search_term_string}\"},\"query-input\":{\"@type\":\"PropertyValueSpecification\",\"valueRequired\":true,\"valueName\":\"search_term_string\"}}],\"inLanguage\":\"it-IT\"}]}<\/script>\n<!-- \/ Yoast SEO plugin. -->","yoast_head_json":{"title":"Luigi's Box: recensione software intelligenza artificiale - Accurate Reviews","description":"Luigi's Box: recensione software basata su cloud e sull'ai che utilizza l'apprendimento automatico per aiutare le aziende a prendere decisioni migliori.","robots":{"index":"index","follow":"follow","max-snippet":"max-snippet:-1","max-image-preview":"max-image-preview:large","max-video-preview":"max-video-preview:-1"},"canonical":"https:\/\/www.accuratereviews.com\/it\/software-intelligenza-artificiale\/luigis-box-recensione\/","og_locale":"it_IT","og_type":"article","og_title":"Luigi's Box: recensione software intelligenza artificiale - Accurate Reviews","og_description":"Luigi's Box: recensione software basata su cloud e sull'ai che utilizza l'apprendimento automatico per aiutare le aziende a prendere decisioni migliori.","og_url":"https:\/\/www.accuratereviews.com\/it\/software-intelligenza-artificiale\/luigis-box-recensione\/","og_site_name":"Accurate Reviews","article_modified_time":"2025-01-23T09:42:13+00:00","og_image":[{"width":500,"height":498,"url":"https:\/\/www.accuratereviews.com\/wp-content\/uploads\/2025\/01\/Logo-Luigis-Box.png","type":"image\/png"}],"twitter_card":"summary_large_image","twitter_misc":{"Tempo di lettura stimato":"6 minuti"},"schema":{"@context":"https:\/\/schema.org","@graph":[{"@type":"WebPage","@id":"https:\/\/www.accuratereviews.com\/it\/software-intelligenza-artificiale\/luigis-box-recensione\/","url":"https:\/\/www.accuratereviews.com\/it\/software-intelligenza-artificiale\/luigis-box-recensione\/","name":"Luigi's Box: recensione software intelligenza artificiale - Accurate Reviews","isPartOf":{"@id":"https:\/\/www.accuratereviews.com\/it\/#website"},"primaryImageOfPage":{"@id":"https:\/\/www.accuratereviews.com\/it\/software-intelligenza-artificiale\/luigis-box-recensione\/#primaryimage"},"image":{"@id":"https:\/\/www.accuratereviews.com\/it\/software-intelligenza-artificiale\/luigis-box-recensione\/#primaryimage"},"thumbnailUrl":"https:\/\/www.accuratereviews.com\/wp-content\/uploads\/2025\/01\/Logo-Luigis-Box.png","datePublished":"2025-01-22T09:57:24+00:00","dateModified":"2025-01-23T09:42:13+00:00","description":"Luigi's Box: recensione software basata su cloud e sull'ai che utilizza l'apprendimento automatico per aiutare le aziende a prendere decisioni migliori.","breadcrumb":{"@id":"https:\/\/www.accuratereviews.com\/it\/software-intelligenza-artificiale\/luigis-box-recensione\/#breadcrumb"},"inLanguage":"it-IT","potentialAction":[{"@type":"ReadAction","target":["https:\/\/www.accuratereviews.com\/it\/software-intelligenza-artificiale\/luigis-box-recensione\/"]}]},{"@type":"ImageObject","inLanguage":"it-IT","@id":"https:\/\/www.accuratereviews.com\/it\/software-intelligenza-artificiale\/luigis-box-recensione\/#primaryimage","url":"https:\/\/www.accuratereviews.com\/wp-content\/uploads\/2025\/01\/Logo-Luigis-Box.png","contentUrl":"https:\/\/www.accuratereviews.com\/wp-content\/uploads\/2025\/01\/Logo-Luigis-Box.png","width":500,"height":498},{"@type":"BreadcrumbList","@id":"https:\/\/www.accuratereviews.com\/it\/software-intelligenza-artificiale\/luigis-box-recensione\/#breadcrumb","itemListElement":[{"@type":"ListItem","position":1,"name":"Home","item":"https:\/\/www.accuratereviews.com\/it\/"},{"@type":"ListItem","position":2,"name":"Software di intelligenza artificiale","item":"https:\/\/www.accuratereviews.com\/it\/software-intelligenza-artificiale\/"},{"@type":"ListItem","position":3,"name":"Luigi&#8217;s Box"}]},{"@type":"WebSite","@id":"https:\/\/www.accuratereviews.com\/it\/#website","url":"https:\/\/www.accuratereviews.com\/it\/","name":"Accurate Reviews","description":"","potentialAction":[{"@type":"SearchAction","target":{"@type":"EntryPoint","urlTemplate":"https:\/\/www.accuratereviews.com\/it\/?s={search_term_string}"},"query-input":{"@type":"PropertyValueSpecification","valueRequired":true,"valueName":"search_term_string"}}],"inLanguage":"it-IT"}]}},"_links":{"self":[{"href":"https:\/\/www.accuratereviews.com\/it\/wp-json\/wp\/v2\/pages\/82668","targetHints":{"allow":["GET"]}}],"collection":[{"href":"https:\/\/www.accuratereviews.com\/it\/wp-json\/wp\/v2\/pages"}],"about":[{"href":"https:\/\/www.accuratereviews.com\/it\/wp-json\/wp\/v2\/types\/page"}],"author":[{"embeddable":true,"href":"https:\/\/www.accuratereviews.com\/it\/wp-json\/wp\/v2\/users\/19"}],"replies":[{"embeddable":true,"href":"https:\/\/www.accuratereviews.com\/it\/wp-json\/wp\/v2\/comments?post=82668"}],"version-history":[{"count":8,"href":"https:\/\/www.accuratereviews.com\/it\/wp-json\/wp\/v2\/pages\/82668\/revisions"}],"predecessor-version":[{"id":82811,"href":"https:\/\/www.accuratereviews.com\/it\/wp-json\/wp\/v2\/pages\/82668\/revisions\/82811"}],"up":[{"embeddable":true,"href":"https:\/\/www.accuratereviews.com\/it\/wp-json\/wp\/v2\/pages\/79864"}],"wp:featuredmedia":[{"embeddable":true,"href":"https:\/\/www.accuratereviews.com\/it\/wp-json\/wp\/v2\/media\/82670"}],"wp:attachment":[{"href":"https:\/\/www.accuratereviews.com\/it\/wp-json\/wp\/v2\/media?parent=82668"}],"wp:term":[{"taxonomy":"category","embeddable":true,"href":"https:\/\/www.accuratereviews.com\/it\/wp-json\/wp\/v2\/categories?post=82668"},{"taxonomy":"post_tag","embeddable":true,"href":"https:\/\/www.accuratereviews.com\/it\/wp-json\/wp\/v2\/tags?post=82668"},{"taxonomy":"features","embeddable":true,"href":"https:\/\/www.accuratereviews.com\/it\/wp-json\/wp\/v2\/features?post=82668"}],"curies":[{"name":"wp","href":"https:\/\/api.w.org\/{rel}","templated":true}]}}