{"id":82706,"date":"2025-01-22T09:27:00","date_gmt":"2025-01-22T09:27:00","guid":{"rendered":"https:\/\/www.accuratereviews.com\/?page_id=82706"},"modified":"2025-01-29T09:12:56","modified_gmt":"2025-01-29T09:12:56","slug":"diaspora-recensione","status":"publish","type":"page","link":"https:\/\/www.accuratereviews.com\/it\/piattaforme-fediverso\/diaspora-recensione\/","title":{"rendered":"Diaspora"},"content":{"rendered":"<p><strong>Diaspora<\/strong> \u00e8 una <strong>piattaforma social open source<\/strong> progettata per offrire una valida alternativa ai social network tradizionali. \u00c8 parte del <strong>Fediverso<\/strong>, una rete di piattaforme interconnesse e decentralizzate, ed \u00e8 costruita attorno a valori come la privacy, la decentralizzazione e il controllo personale sui dati.<br \/>\nIn <strong>Diaspora<\/strong>, gli utenti possono condividere contenuti, comunicare con altri e organizzare la propria attivit\u00e0 sociale in base a tematiche specifiche grazie al sistema di &#8220;aspetti&#8221;. Questa piattaforma \u00e8 ideale per chi desidera un&#8217;esperienza social pi\u00f9 libera e meno influenzata dagli algoritmi commerciali.<\/p>\n<p>Inoltre, ogni istanza o server di <strong>Diaspora<\/strong>\u00a0definisce le proprie politiche di privacy, garantendo agli utenti una maggiore trasparenza e controllo sui propri dati.<\/p>\n<h2>DIASPORA &#8211; TUTORIAL<\/h2>\n<div id=\"fluid-wrapper-counter-1\" class=\"g1-fluid-wrapper \" style=\"width:686px;\">\n<div style=\"padding-bottom:56.268221574344%;\"><iframe loading=\"lazy\" title=\"Diaspora: A Decentralized Social Network\" width=\"686\" height=\"386\" src=\"https:\/\/www.youtube.com\/embed\/pKml7lTU_ng?feature=oembed&amp;wmode=transparent&amp;autohide=1&amp;autoplay=0&amp;disablekb=0&amp;fs=1&amp;loop=0&amp;enablejsapi=1&amp;rel=0&amp;controls=2&amp;showinfo=0&amp;wmode=transparent&amp;autohide=2&amp;autoplay=0&amp;disablekb=0&amp;fs=1&amp;loop=0&amp;enablejsapi=1&amp;rel=0&amp;controls=2&amp;showinfo=1\" frameborder=\"0\" allow=\"accelerometer; autoplay; clipboard-write; encrypted-media; gyroscope; picture-in-picture; web-share\" referrerpolicy=\"strict-origin-when-cross-origin\" allowfullscreen><\/iframe><\/div>\n<\/div>\n<h3>DIASPORA &#8211; CARATTERISTICHE<\/h3>\n<ul>\n<li><strong>Decentralizzazione<\/strong>: non esiste un server centrale, ma una rete di &#8220;pod&#8221; (nodi) gestiti da volontari o utenti stessi.<\/li>\n<li><strong>Focus sulla privacy<\/strong>: gli utenti mantengono il controllo completo sui propri dati, con impostazioni di condivisione dettagliate e trasparenza.<\/li>\n<li><strong>Aspetti personalizzabili<\/strong>: organizza i tuoi contatti in diverse cerchie, selezionando chi pu\u00f2 vedere specifici contenuti.<\/li>\n<li><strong>Interconnessione con il Fediverso<\/strong>: comunica con utenti di altre piattaforme del Fediverso (come Mastodon) attraverso l&#8217;ActivityPub.<\/li>\n<li><strong>Condivisione e blogging<\/strong>: pubblica contenuti come post, foto, video e link; personalizza il formato dei tuoi post in stile blog.<\/li>\n<li><strong>Supporto hashtag<\/strong>: segui argomenti di tuo interesse e scopri contenuti correlati.<\/li>\n<li><strong>Open Source<\/strong>: il codice \u00e8 completamente accessibile e modificabile dalla comunit\u00e0.<\/li>\n<\/ul>\n","protected":false},"excerpt":{"rendered":"<p>Diaspora \u00e8 una piattaforma social open source progettata per offrire una valida alternativa ai social network tradizionali. \u00c8 parte del Fediverso, una rete di piattaforme interconnesse e decentralizzate, ed \u00e8 costruita attorno a valori come la privacy, la decentralizzazione e il controllo personale sui dati.<\/p>\n","protected":false},"author":17,"featured_media":82712,"parent":82690,"menu_order":0,"comment_status":"open","ping_status":"closed","template":"g1_template_page_review_new.php","meta":{"_acf_changed":false,"cwp_meta_box_check":"No","cwp_rev_product_name":"","cwp_rev_product_image":"","wppr_links":[],"cwp_rev_price":"","wppr_options":[],"wppr_pros":[],"wppr_cons":[],"_monsterinsights_skip_tracking":false,"_monsterinsights_sitenote_active":false,"_monsterinsights_sitenote_note":"","_monsterinsights_sitenote_category":0,"footnotes":""},"categories":[15727],"tags":[15719,15718,15729,15730,15731],"features":[],"class_list":{"0":"post-82706","1":"page","2":"type-page","3":"status-publish","4":"has-post-thumbnail","6":"category-piattaforme-fediverso-cat","7":"tag-diaspora","8":"tag-fediverso","9":"tag-piattaforma-fediverso","10":"tag-programma-fediverso","11":"tag-software-fediverso"},"wppr_data":{"cwp_meta_box_check":"No"},"acf":[],"yoast_head":"<!-- This site is optimized with the Yoast SEO plugin v27.4 - https:\/\/yoast.com\/product\/yoast-seo-wordpress\/ -->\n<title>Diaspora: recensione piattaforma fediverso - Accurate Reviews<\/title>\n<meta name=\"description\" content=\"Diaspora: piattaforma del fediverso, progettata per offrire una valida alternativa ai social network tradizionali.\" \/>\n<meta name=\"robots\" content=\"index, follow, max-snippet:-1, max-image-preview:large, max-video-preview:-1\" \/>\n<link rel=\"canonical\" href=\"https:\/\/www.accuratereviews.com\/it\/piattaforme-fediverso\/diaspora-recensione\/\" \/>\n<meta property=\"og:locale\" content=\"it_IT\" \/>\n<meta property=\"og:type\" content=\"article\" \/>\n<meta property=\"og:title\" content=\"Diaspora: recensione piattaforma fediverso - Accurate Reviews\" \/>\n<meta property=\"og:description\" content=\"Diaspora: piattaforma del fediverso, progettata per offrire una valida alternativa ai social network tradizionali.\" \/>\n<meta property=\"og:url\" content=\"https:\/\/www.accuratereviews.com\/it\/piattaforme-fediverso\/diaspora-recensione\/\" \/>\n<meta property=\"og:site_name\" content=\"Accurate Reviews\" \/>\n<meta property=\"article:modified_time\" content=\"2025-01-29T09:12:56+00:00\" \/>\n<meta property=\"og:image\" content=\"https:\/\/www.accuratereviews.com\/wp-content\/uploads\/2025\/01\/Screenshot-2025-01-21-152753-1.png\" \/>\n\t<meta property=\"og:image:width\" content=\"385\" \/>\n\t<meta property=\"og:image:height\" content=\"250\" \/>\n\t<meta property=\"og:image:type\" content=\"image\/png\" \/>\n<meta name=\"twitter:card\" content=\"summary_large_image\" \/>\n<meta name=\"twitter:label1\" content=\"Tempo di lettura stimato\" \/>\n\t<meta name=\"twitter:data1\" content=\"3 minuti\" \/>\n<script type=\"application\/ld+json\" class=\"yoast-schema-graph\">{\"@context\":\"https:\\\/\\\/schema.org\",\"@graph\":[{\"@type\":\"WebPage\",\"@id\":\"https:\\\/\\\/www.accuratereviews.com\\\/it\\\/piattaforme-fediverso\\\/diaspora-recensione\\\/\",\"url\":\"https:\\\/\\\/www.accuratereviews.com\\\/it\\\/piattaforme-fediverso\\\/diaspora-recensione\\\/\",\"name\":\"Diaspora: recensione piattaforma fediverso - Accurate Reviews\",\"isPartOf\":{\"@id\":\"https:\\\/\\\/www.accuratereviews.com\\\/it\\\/#website\"},\"primaryImageOfPage\":{\"@id\":\"https:\\\/\\\/www.accuratereviews.com\\\/it\\\/piattaforme-fediverso\\\/diaspora-recensione\\\/#primaryimage\"},\"image\":{\"@id\":\"https:\\\/\\\/www.accuratereviews.com\\\/it\\\/piattaforme-fediverso\\\/diaspora-recensione\\\/#primaryimage\"},\"thumbnailUrl\":\"https:\\\/\\\/www.accuratereviews.com\\\/wp-content\\\/uploads\\\/2025\\\/01\\\/Screenshot-2025-01-21-152753-1.png\",\"datePublished\":\"2025-01-22T09:27:00+00:00\",\"dateModified\":\"2025-01-29T09:12:56+00:00\",\"description\":\"Diaspora: piattaforma del fediverso, progettata per offrire una valida alternativa ai social network tradizionali.\",\"breadcrumb\":{\"@id\":\"https:\\\/\\\/www.accuratereviews.com\\\/it\\\/piattaforme-fediverso\\\/diaspora-recensione\\\/#breadcrumb\"},\"inLanguage\":\"it-IT\",\"potentialAction\":[{\"@type\":\"ReadAction\",\"target\":[\"https:\\\/\\\/www.accuratereviews.com\\\/it\\\/piattaforme-fediverso\\\/diaspora-recensione\\\/\"]}]},{\"@type\":\"ImageObject\",\"inLanguage\":\"it-IT\",\"@id\":\"https:\\\/\\\/www.accuratereviews.com\\\/it\\\/piattaforme-fediverso\\\/diaspora-recensione\\\/#primaryimage\",\"url\":\"https:\\\/\\\/www.accuratereviews.com\\\/wp-content\\\/uploads\\\/2025\\\/01\\\/Screenshot-2025-01-21-152753-1.png\",\"contentUrl\":\"https:\\\/\\\/www.accuratereviews.com\\\/wp-content\\\/uploads\\\/2025\\\/01\\\/Screenshot-2025-01-21-152753-1.png\",\"width\":385,\"height\":250},{\"@type\":\"BreadcrumbList\",\"@id\":\"https:\\\/\\\/www.accuratereviews.com\\\/it\\\/piattaforme-fediverso\\\/diaspora-recensione\\\/#breadcrumb\",\"itemListElement\":[{\"@type\":\"ListItem\",\"position\":1,\"name\":\"Home\",\"item\":\"https:\\\/\\\/www.accuratereviews.com\\\/it\\\/\"},{\"@type\":\"ListItem\",\"position\":2,\"name\":\"Piattaforme fediverso\",\"item\":\"https:\\\/\\\/www.accuratereviews.com\\\/it\\\/piattaforme-fediverso\\\/\"},{\"@type\":\"ListItem\",\"position\":3,\"name\":\"Diaspora\"}]},{\"@type\":\"WebSite\",\"@id\":\"https:\\\/\\\/www.accuratereviews.com\\\/it\\\/#website\",\"url\":\"https:\\\/\\\/www.accuratereviews.com\\\/it\\\/\",\"name\":\"Accurate Reviews\",\"description\":\"\",\"potentialAction\":[{\"@type\":\"SearchAction\",\"target\":{\"@type\":\"EntryPoint\",\"urlTemplate\":\"https:\\\/\\\/www.accuratereviews.com\\\/it\\\/?s={search_term_string}\"},\"query-input\":{\"@type\":\"PropertyValueSpecification\",\"valueRequired\":true,\"valueName\":\"search_term_string\"}}],\"inLanguage\":\"it-IT\"}]}<\/script>\n<!-- \/ Yoast SEO plugin. -->","yoast_head_json":{"title":"Diaspora: recensione piattaforma fediverso - Accurate Reviews","description":"Diaspora: piattaforma del fediverso, progettata per offrire una valida alternativa ai social network tradizionali.","robots":{"index":"index","follow":"follow","max-snippet":"max-snippet:-1","max-image-preview":"max-image-preview:large","max-video-preview":"max-video-preview:-1"},"canonical":"https:\/\/www.accuratereviews.com\/it\/piattaforme-fediverso\/diaspora-recensione\/","og_locale":"it_IT","og_type":"article","og_title":"Diaspora: recensione piattaforma fediverso - Accurate Reviews","og_description":"Diaspora: piattaforma del fediverso, progettata per offrire una valida alternativa ai social network tradizionali.","og_url":"https:\/\/www.accuratereviews.com\/it\/piattaforme-fediverso\/diaspora-recensione\/","og_site_name":"Accurate Reviews","article_modified_time":"2025-01-29T09:12:56+00:00","og_image":[{"width":385,"height":250,"url":"https:\/\/www.accuratereviews.com\/wp-content\/uploads\/2025\/01\/Screenshot-2025-01-21-152753-1.png","type":"image\/png"}],"twitter_card":"summary_large_image","twitter_misc":{"Tempo di lettura stimato":"3 minuti"},"schema":{"@context":"https:\/\/schema.org","@graph":[{"@type":"WebPage","@id":"https:\/\/www.accuratereviews.com\/it\/piattaforme-fediverso\/diaspora-recensione\/","url":"https:\/\/www.accuratereviews.com\/it\/piattaforme-fediverso\/diaspora-recensione\/","name":"Diaspora: recensione piattaforma fediverso - Accurate Reviews","isPartOf":{"@id":"https:\/\/www.accuratereviews.com\/it\/#website"},"primaryImageOfPage":{"@id":"https:\/\/www.accuratereviews.com\/it\/piattaforme-fediverso\/diaspora-recensione\/#primaryimage"},"image":{"@id":"https:\/\/www.accuratereviews.com\/it\/piattaforme-fediverso\/diaspora-recensione\/#primaryimage"},"thumbnailUrl":"https:\/\/www.accuratereviews.com\/wp-content\/uploads\/2025\/01\/Screenshot-2025-01-21-152753-1.png","datePublished":"2025-01-22T09:27:00+00:00","dateModified":"2025-01-29T09:12:56+00:00","description":"Diaspora: piattaforma del fediverso, progettata per offrire una valida alternativa ai social network tradizionali.","breadcrumb":{"@id":"https:\/\/www.accuratereviews.com\/it\/piattaforme-fediverso\/diaspora-recensione\/#breadcrumb"},"inLanguage":"it-IT","potentialAction":[{"@type":"ReadAction","target":["https:\/\/www.accuratereviews.com\/it\/piattaforme-fediverso\/diaspora-recensione\/"]}]},{"@type":"ImageObject","inLanguage":"it-IT","@id":"https:\/\/www.accuratereviews.com\/it\/piattaforme-fediverso\/diaspora-recensione\/#primaryimage","url":"https:\/\/www.accuratereviews.com\/wp-content\/uploads\/2025\/01\/Screenshot-2025-01-21-152753-1.png","contentUrl":"https:\/\/www.accuratereviews.com\/wp-content\/uploads\/2025\/01\/Screenshot-2025-01-21-152753-1.png","width":385,"height":250},{"@type":"BreadcrumbList","@id":"https:\/\/www.accuratereviews.com\/it\/piattaforme-fediverso\/diaspora-recensione\/#breadcrumb","itemListElement":[{"@type":"ListItem","position":1,"name":"Home","item":"https:\/\/www.accuratereviews.com\/it\/"},{"@type":"ListItem","position":2,"name":"Piattaforme fediverso","item":"https:\/\/www.accuratereviews.com\/it\/piattaforme-fediverso\/"},{"@type":"ListItem","position":3,"name":"Diaspora"}]},{"@type":"WebSite","@id":"https:\/\/www.accuratereviews.com\/it\/#website","url":"https:\/\/www.accuratereviews.com\/it\/","name":"Accurate Reviews","description":"","potentialAction":[{"@type":"SearchAction","target":{"@type":"EntryPoint","urlTemplate":"https:\/\/www.accuratereviews.com\/it\/?s={search_term_string}"},"query-input":{"@type":"PropertyValueSpecification","valueRequired":true,"valueName":"search_term_string"}}],"inLanguage":"it-IT"}]}},"_links":{"self":[{"href":"https:\/\/www.accuratereviews.com\/it\/wp-json\/wp\/v2\/pages\/82706","targetHints":{"allow":["GET"]}}],"collection":[{"href":"https:\/\/www.accuratereviews.com\/it\/wp-json\/wp\/v2\/pages"}],"about":[{"href":"https:\/\/www.accuratereviews.com\/it\/wp-json\/wp\/v2\/types\/page"}],"author":[{"embeddable":true,"href":"https:\/\/www.accuratereviews.com\/it\/wp-json\/wp\/v2\/users\/17"}],"replies":[{"embeddable":true,"href":"https:\/\/www.accuratereviews.com\/it\/wp-json\/wp\/v2\/comments?post=82706"}],"version-history":[{"count":6,"href":"https:\/\/www.accuratereviews.com\/it\/wp-json\/wp\/v2\/pages\/82706\/revisions"}],"predecessor-version":[{"id":83093,"href":"https:\/\/www.accuratereviews.com\/it\/wp-json\/wp\/v2\/pages\/82706\/revisions\/83093"}],"up":[{"embeddable":true,"href":"https:\/\/www.accuratereviews.com\/it\/wp-json\/wp\/v2\/pages\/82690"}],"wp:featuredmedia":[{"embeddable":true,"href":"https:\/\/www.accuratereviews.com\/it\/wp-json\/wp\/v2\/media\/82712"}],"wp:attachment":[{"href":"https:\/\/www.accuratereviews.com\/it\/wp-json\/wp\/v2\/media?parent=82706"}],"wp:term":[{"taxonomy":"category","embeddable":true,"href":"https:\/\/www.accuratereviews.com\/it\/wp-json\/wp\/v2\/categories?post=82706"},{"taxonomy":"post_tag","embeddable":true,"href":"https:\/\/www.accuratereviews.com\/it\/wp-json\/wp\/v2\/tags?post=82706"},{"taxonomy":"features","embeddable":true,"href":"https:\/\/www.accuratereviews.com\/it\/wp-json\/wp\/v2\/features?post=82706"}],"curies":[{"name":"wp","href":"https:\/\/api.w.org\/{rel}","templated":true}]}}