{"id":82801,"date":"2025-01-23T17:03:31","date_gmt":"2025-01-23T17:03:31","guid":{"rendered":"https:\/\/www.accuratereviews.com\/?page_id=82801"},"modified":"2025-01-28T16:10:39","modified_gmt":"2025-01-28T16:10:39","slug":"friendica-recensione","status":"publish","type":"page","link":"https:\/\/www.accuratereviews.com\/it\/piattaforme-fediverso\/friendica-recensione\/","title":{"rendered":"Friendica"},"content":{"rendered":"<p><strong>Friendica<\/strong> \u00e8 un&#8217;<strong>applicazione di social network<\/strong> distribuita . Consente agli utenti di connettersi con altri tramite il proprio server, ma possono anche integrare completamente i contatti da altre piattaforme tra cui Twitter, diaspora, Pump.io e StatusNet nel loro &#8220;newsfeed&#8221;. Oltre a queste connessioni bidirezionali, gli utenti possono anche utilizzare <strong>Friendica<\/strong> come piattaforma di pubblicazione per divulgare contenuti su Google+, Google Buzz, WordPress, Tumblr, GNU-social e Libertree. L&#8217;elenco delle reti supportate \u00e8 in crescita. Inoltre, \u00e8 possibile integrare contatti email e feed RSS. Gli sviluppatori sostengono che la decentralizzazione su piccoli server \u00e8 una condizione fondamentale per la libert\u00e0 degli utenti e la loro autodeterminazione.<\/p>\n<p>Inoltre, ogni istanza o server di <strong>Friendica<\/strong>\u00a0definisce le proprie politiche di privacy, garantendo agli utenti una maggiore trasparenza e controllo sui propri dati.<\/p>\n<h2>FRIENDICA &#8211; TUTORIAL<\/h2>\n<div id=\"fluid-wrapper-counter-1\" class=\"g1-fluid-wrapper \" style=\"width:686px;\">\n<div style=\"padding-bottom:56.268221574344%;\"><iframe loading=\"lazy\" title=\"Friendica tutorial Pt 1 of 6: Explaining Friendica\/Facebook comparisons and how to join. Ver 2023.12\" width=\"686\" height=\"386\" src=\"https:\/\/www.youtube.com\/embed\/-4wsAmXnaE0?feature=oembed&amp;wmode=transparent&amp;autohide=1&amp;autoplay=0&amp;disablekb=0&amp;fs=1&amp;loop=0&amp;enablejsapi=1&amp;rel=0&amp;controls=2&amp;showinfo=0&amp;wmode=transparent&amp;autohide=2&amp;autoplay=0&amp;disablekb=0&amp;fs=1&amp;loop=0&amp;enablejsapi=1&amp;rel=0&amp;controls=2&amp;showinfo=1\" frameborder=\"0\" allow=\"accelerometer; autoplay; clipboard-write; encrypted-media; gyroscope; picture-in-picture; web-share\" referrerpolicy=\"strict-origin-when-cross-origin\" allowfullscreen><\/iframe><\/div>\n<\/div>\n<h3>FRIENDICA &#8211; CARATTERISTICHE<\/h3>\n<ul>\n<li><strong>Hardware dedicato<\/strong>: fornisce tutti i servizi su macchine virtuali dedicate. Hai accesso completo alle risorse\u00a0 e alla sicurezza a livello di kernel.<\/li>\n<li><strong>Aggiornamenti automatici<\/strong>: risparmia alla tua azienda un sacco di problemi, assicurandoti al contempo di ottenere i vantaggi in termini di prestazioni e sicurezza di software e sistemi aggiornati regolarmente.<\/li>\n<li><strong>Nessun vincolo con il fornitore<\/strong>: puoi migrare il tuo software e i tuoi dati a qualsiasi provider cloud in qualsiasi momento tu voglia. Con Elestio sei totalmente libero e hai il controllo.<\/li>\n<li><strong>Conformit\u00e0<\/strong>: \u00e8 conforme a SOC2 e GDPR. Si impegna a proteggere i tuoi dati e la tua privacy.<\/li>\n<li><strong>Decentralizzazione<\/strong>: architettura decentralizzata senza autorit\u00e0 o propriet\u00e0 centrale. Le relazioni possono essere stabilite su qualsiasi sistema compatibile, creando una rete di scala Internet composta da siti pi\u00f9 piccoli.<\/li>\n<li><strong>Interoperabilit\u00e0<\/strong>: supporto integrato per ActivityPub (ad esempio Funkwhale, Hubzilla, Mastodon, Pleroma, Pixelfed), OStatus (ad esempio StatusNet, GNU social, Quitter) e protocolli diaspora. Supporto per contatti email e comunicazioni (bidirezionali) tramite IMAP4rev1\/ESMTP.<\/li>\n<li><strong>Privacy e controllo di gruppo<\/strong>:\u00a0tutte le comunicazioni sono riservate ai membri del gruppo, in modo simile alle &#8220;cerchie&#8221; di Google+ o agli &#8220;aspetti&#8221; della diaspora. Editor di gruppo visuale per gestire i membri dei gruppi di conversazione privati<\/li>\n<li><strong>Varie:<\/strong> post e aggiornamenti di stato, messaggistica diretta, forum distribuiti, gestione di foto e media, calendario eventi, profili singoli\u00a0 e\u00a0 multipli, controllo delle relazioni, temi, componenti aggiuntivi e app e sistema e amministrazione.<\/li>\n<\/ul>\n","protected":false},"excerpt":{"rendered":"<p>Friendica \u00e8 un&#8217;applicazione di social network distribuita . Consente agli utenti di connettersi con altri tramite il proprio server, ma possono anche integrare completamente i contatti da altre piattaforme tra cui Twitter, diaspora, Pump.io e StatusNet nel loro &#8220;newsfeed&#8221;.<\/p>\n","protected":false},"author":19,"featured_media":82802,"parent":82690,"menu_order":0,"comment_status":"open","ping_status":"closed","template":"g1_template_page_review_new.php","meta":{"_acf_changed":false,"cwp_meta_box_check":"No","cwp_rev_product_name":"","cwp_rev_product_image":"","wppr_links":[],"cwp_rev_price":"","wppr_options":[],"wppr_pros":[],"wppr_cons":[],"_monsterinsights_skip_tracking":false,"_monsterinsights_sitenote_active":false,"_monsterinsights_sitenote_note":"","_monsterinsights_sitenote_category":0,"footnotes":""},"categories":[15727],"tags":[15718,15725,15729,15730,15731,15734],"features":[],"class_list":{"0":"post-82801","1":"page","2":"type-page","3":"status-publish","4":"has-post-thumbnail","6":"category-piattaforme-fediverso-cat","7":"tag-fediverso","8":"tag-friendica","9":"tag-piattaforma-fediverso","10":"tag-programma-fediverso","11":"tag-software-fediverso","12":"tag-soluzione-fediverso"},"wppr_data":{"cwp_meta_box_check":"No"},"acf":[],"yoast_head":"<!-- This site is optimized with the Yoast SEO plugin v27.4 - https:\/\/yoast.com\/product\/yoast-seo-wordpress\/ -->\n<title>Friendica: recensione piattaforma fediverso - Accurate Reviews<\/title>\n<meta name=\"description\" content=\"Friendica: recensione software social network distribuito del fediverso utile per connettere utenti con altri tramite il proprio server.\" \/>\n<meta name=\"robots\" content=\"index, follow, max-snippet:-1, max-image-preview:large, max-video-preview:-1\" \/>\n<link rel=\"canonical\" href=\"https:\/\/www.accuratereviews.com\/it\/piattaforme-fediverso\/friendica-recensione\/\" \/>\n<meta property=\"og:locale\" content=\"it_IT\" \/>\n<meta property=\"og:type\" content=\"article\" \/>\n<meta property=\"og:title\" content=\"Friendica: recensione piattaforma fediverso - Accurate Reviews\" \/>\n<meta property=\"og:description\" content=\"Friendica: recensione software social network distribuito del fediverso utile per connettere utenti con altri tramite il proprio server.\" \/>\n<meta property=\"og:url\" content=\"https:\/\/www.accuratereviews.com\/it\/piattaforme-fediverso\/friendica-recensione\/\" \/>\n<meta property=\"og:site_name\" content=\"Accurate Reviews\" \/>\n<meta property=\"article:modified_time\" content=\"2025-01-28T16:10:39+00:00\" \/>\n<meta property=\"og:image\" content=\"https:\/\/www.accuratereviews.com\/wp-content\/uploads\/2025\/01\/friendi.ca_.png\" \/>\n\t<meta property=\"og:image:width\" content=\"250\" \/>\n\t<meta property=\"og:image:height\" content=\"250\" \/>\n\t<meta property=\"og:image:type\" content=\"image\/png\" \/>\n<meta name=\"twitter:card\" content=\"summary_large_image\" \/>\n<meta name=\"twitter:label1\" content=\"Tempo di lettura stimato\" \/>\n\t<meta name=\"twitter:data1\" content=\"3 minuti\" \/>\n<script type=\"application\/ld+json\" class=\"yoast-schema-graph\">{\"@context\":\"https:\\\/\\\/schema.org\",\"@graph\":[{\"@type\":\"WebPage\",\"@id\":\"https:\\\/\\\/www.accuratereviews.com\\\/it\\\/piattaforme-fediverso\\\/friendica-recensione\\\/\",\"url\":\"https:\\\/\\\/www.accuratereviews.com\\\/it\\\/piattaforme-fediverso\\\/friendica-recensione\\\/\",\"name\":\"Friendica: recensione piattaforma fediverso - Accurate Reviews\",\"isPartOf\":{\"@id\":\"https:\\\/\\\/www.accuratereviews.com\\\/it\\\/#website\"},\"primaryImageOfPage\":{\"@id\":\"https:\\\/\\\/www.accuratereviews.com\\\/it\\\/piattaforme-fediverso\\\/friendica-recensione\\\/#primaryimage\"},\"image\":{\"@id\":\"https:\\\/\\\/www.accuratereviews.com\\\/it\\\/piattaforme-fediverso\\\/friendica-recensione\\\/#primaryimage\"},\"thumbnailUrl\":\"https:\\\/\\\/www.accuratereviews.com\\\/wp-content\\\/uploads\\\/2025\\\/01\\\/friendi.ca_.png\",\"datePublished\":\"2025-01-23T17:03:31+00:00\",\"dateModified\":\"2025-01-28T16:10:39+00:00\",\"description\":\"Friendica: recensione software social network distribuito del fediverso utile per connettere utenti con altri tramite il proprio server.\",\"breadcrumb\":{\"@id\":\"https:\\\/\\\/www.accuratereviews.com\\\/it\\\/piattaforme-fediverso\\\/friendica-recensione\\\/#breadcrumb\"},\"inLanguage\":\"it-IT\",\"potentialAction\":[{\"@type\":\"ReadAction\",\"target\":[\"https:\\\/\\\/www.accuratereviews.com\\\/it\\\/piattaforme-fediverso\\\/friendica-recensione\\\/\"]}]},{\"@type\":\"ImageObject\",\"inLanguage\":\"it-IT\",\"@id\":\"https:\\\/\\\/www.accuratereviews.com\\\/it\\\/piattaforme-fediverso\\\/friendica-recensione\\\/#primaryimage\",\"url\":\"https:\\\/\\\/www.accuratereviews.com\\\/wp-content\\\/uploads\\\/2025\\\/01\\\/friendi.ca_.png\",\"contentUrl\":\"https:\\\/\\\/www.accuratereviews.com\\\/wp-content\\\/uploads\\\/2025\\\/01\\\/friendi.ca_.png\",\"width\":250,\"height\":250},{\"@type\":\"BreadcrumbList\",\"@id\":\"https:\\\/\\\/www.accuratereviews.com\\\/it\\\/piattaforme-fediverso\\\/friendica-recensione\\\/#breadcrumb\",\"itemListElement\":[{\"@type\":\"ListItem\",\"position\":1,\"name\":\"Home\",\"item\":\"https:\\\/\\\/www.accuratereviews.com\\\/it\\\/\"},{\"@type\":\"ListItem\",\"position\":2,\"name\":\"Piattaforme fediverso\",\"item\":\"https:\\\/\\\/www.accuratereviews.com\\\/it\\\/piattaforme-fediverso\\\/\"},{\"@type\":\"ListItem\",\"position\":3,\"name\":\"Friendica\"}]},{\"@type\":\"WebSite\",\"@id\":\"https:\\\/\\\/www.accuratereviews.com\\\/it\\\/#website\",\"url\":\"https:\\\/\\\/www.accuratereviews.com\\\/it\\\/\",\"name\":\"Accurate Reviews\",\"description\":\"\",\"potentialAction\":[{\"@type\":\"SearchAction\",\"target\":{\"@type\":\"EntryPoint\",\"urlTemplate\":\"https:\\\/\\\/www.accuratereviews.com\\\/it\\\/?s={search_term_string}\"},\"query-input\":{\"@type\":\"PropertyValueSpecification\",\"valueRequired\":true,\"valueName\":\"search_term_string\"}}],\"inLanguage\":\"it-IT\"}]}<\/script>\n<!-- \/ Yoast SEO plugin. -->","yoast_head_json":{"title":"Friendica: recensione piattaforma fediverso - Accurate Reviews","description":"Friendica: recensione software social network distribuito del fediverso utile per connettere utenti con altri tramite il proprio server.","robots":{"index":"index","follow":"follow","max-snippet":"max-snippet:-1","max-image-preview":"max-image-preview:large","max-video-preview":"max-video-preview:-1"},"canonical":"https:\/\/www.accuratereviews.com\/it\/piattaforme-fediverso\/friendica-recensione\/","og_locale":"it_IT","og_type":"article","og_title":"Friendica: recensione piattaforma fediverso - Accurate Reviews","og_description":"Friendica: recensione software social network distribuito del fediverso utile per connettere utenti con altri tramite il proprio server.","og_url":"https:\/\/www.accuratereviews.com\/it\/piattaforme-fediverso\/friendica-recensione\/","og_site_name":"Accurate Reviews","article_modified_time":"2025-01-28T16:10:39+00:00","og_image":[{"width":250,"height":250,"url":"https:\/\/www.accuratereviews.com\/wp-content\/uploads\/2025\/01\/friendi.ca_.png","type":"image\/png"}],"twitter_card":"summary_large_image","twitter_misc":{"Tempo di lettura stimato":"3 minuti"},"schema":{"@context":"https:\/\/schema.org","@graph":[{"@type":"WebPage","@id":"https:\/\/www.accuratereviews.com\/it\/piattaforme-fediverso\/friendica-recensione\/","url":"https:\/\/www.accuratereviews.com\/it\/piattaforme-fediverso\/friendica-recensione\/","name":"Friendica: recensione piattaforma fediverso - Accurate Reviews","isPartOf":{"@id":"https:\/\/www.accuratereviews.com\/it\/#website"},"primaryImageOfPage":{"@id":"https:\/\/www.accuratereviews.com\/it\/piattaforme-fediverso\/friendica-recensione\/#primaryimage"},"image":{"@id":"https:\/\/www.accuratereviews.com\/it\/piattaforme-fediverso\/friendica-recensione\/#primaryimage"},"thumbnailUrl":"https:\/\/www.accuratereviews.com\/wp-content\/uploads\/2025\/01\/friendi.ca_.png","datePublished":"2025-01-23T17:03:31+00:00","dateModified":"2025-01-28T16:10:39+00:00","description":"Friendica: recensione software social network distribuito del fediverso utile per connettere utenti con altri tramite il proprio server.","breadcrumb":{"@id":"https:\/\/www.accuratereviews.com\/it\/piattaforme-fediverso\/friendica-recensione\/#breadcrumb"},"inLanguage":"it-IT","potentialAction":[{"@type":"ReadAction","target":["https:\/\/www.accuratereviews.com\/it\/piattaforme-fediverso\/friendica-recensione\/"]}]},{"@type":"ImageObject","inLanguage":"it-IT","@id":"https:\/\/www.accuratereviews.com\/it\/piattaforme-fediverso\/friendica-recensione\/#primaryimage","url":"https:\/\/www.accuratereviews.com\/wp-content\/uploads\/2025\/01\/friendi.ca_.png","contentUrl":"https:\/\/www.accuratereviews.com\/wp-content\/uploads\/2025\/01\/friendi.ca_.png","width":250,"height":250},{"@type":"BreadcrumbList","@id":"https:\/\/www.accuratereviews.com\/it\/piattaforme-fediverso\/friendica-recensione\/#breadcrumb","itemListElement":[{"@type":"ListItem","position":1,"name":"Home","item":"https:\/\/www.accuratereviews.com\/it\/"},{"@type":"ListItem","position":2,"name":"Piattaforme fediverso","item":"https:\/\/www.accuratereviews.com\/it\/piattaforme-fediverso\/"},{"@type":"ListItem","position":3,"name":"Friendica"}]},{"@type":"WebSite","@id":"https:\/\/www.accuratereviews.com\/it\/#website","url":"https:\/\/www.accuratereviews.com\/it\/","name":"Accurate Reviews","description":"","potentialAction":[{"@type":"SearchAction","target":{"@type":"EntryPoint","urlTemplate":"https:\/\/www.accuratereviews.com\/it\/?s={search_term_string}"},"query-input":{"@type":"PropertyValueSpecification","valueRequired":true,"valueName":"search_term_string"}}],"inLanguage":"it-IT"}]}},"_links":{"self":[{"href":"https:\/\/www.accuratereviews.com\/it\/wp-json\/wp\/v2\/pages\/82801","targetHints":{"allow":["GET"]}}],"collection":[{"href":"https:\/\/www.accuratereviews.com\/it\/wp-json\/wp\/v2\/pages"}],"about":[{"href":"https:\/\/www.accuratereviews.com\/it\/wp-json\/wp\/v2\/types\/page"}],"author":[{"embeddable":true,"href":"https:\/\/www.accuratereviews.com\/it\/wp-json\/wp\/v2\/users\/19"}],"replies":[{"embeddable":true,"href":"https:\/\/www.accuratereviews.com\/it\/wp-json\/wp\/v2\/comments?post=82801"}],"version-history":[{"count":6,"href":"https:\/\/www.accuratereviews.com\/it\/wp-json\/wp\/v2\/pages\/82801\/revisions"}],"predecessor-version":[{"id":83068,"href":"https:\/\/www.accuratereviews.com\/it\/wp-json\/wp\/v2\/pages\/82801\/revisions\/83068"}],"up":[{"embeddable":true,"href":"https:\/\/www.accuratereviews.com\/it\/wp-json\/wp\/v2\/pages\/82690"}],"wp:featuredmedia":[{"embeddable":true,"href":"https:\/\/www.accuratereviews.com\/it\/wp-json\/wp\/v2\/media\/82802"}],"wp:attachment":[{"href":"https:\/\/www.accuratereviews.com\/it\/wp-json\/wp\/v2\/media?parent=82801"}],"wp:term":[{"taxonomy":"category","embeddable":true,"href":"https:\/\/www.accuratereviews.com\/it\/wp-json\/wp\/v2\/categories?post=82801"},{"taxonomy":"post_tag","embeddable":true,"href":"https:\/\/www.accuratereviews.com\/it\/wp-json\/wp\/v2\/tags?post=82801"},{"taxonomy":"features","embeddable":true,"href":"https:\/\/www.accuratereviews.com\/it\/wp-json\/wp\/v2\/features?post=82801"}],"curies":[{"name":"wp","href":"https:\/\/api.w.org\/{rel}","templated":true}]}}