{"id":82975,"date":"2025-01-27T17:53:46","date_gmt":"2025-01-27T17:53:46","guid":{"rendered":"https:\/\/www.accuratereviews.com\/?page_id=82975"},"modified":"2025-02-01T14:48:02","modified_gmt":"2025-02-01T14:48:02","slug":"db-finance-analytics-recensione","status":"publish","type":"page","link":"https:\/\/www.accuratereviews.com\/it\/software-intelligenza-artificiale\/db-finance-analytics-recensione\/","title":{"rendered":"D&#038;B Finance Analytics"},"content":{"rendered":"<p><strong>D&amp;B Finance Analytics<\/strong> \u00e8 un <strong>software di gestione del rischio di credito<\/strong> che aiuta le aziende di tutte le dimensioni a utilizzare analisi predittive per valutare i nuovi richiedenti di credito e identificare opportunit\u00e0 di crescita. Consente agli utenti di organizzare, monitorare e generare report per stabilire le priorit\u00e0 delle riscossioni dei crediti in base alle caratteristiche predefinite dei clienti. Fornisce filtri personalizzabili, che consentono ai membri dello staff di acquisire modelli di credito, monitorare i conti con pagamenti lenti e prevedere fallimenti aziendali, riducendo i giorni di saldo in sospeso (DSO) e ottimizzare il flusso di cassa.<br \/>\nGrazie a <strong>D&amp;B Finance Analytics<\/strong>, i supervisori possono monitorare i conti dei clienti e attivare notifiche automatiche via email o report in base ai rischi o alle opportunit\u00e0 identificati. Gli amministratori possono anche aggiungere e organizzare i clienti in base a tag e segmenti personalizzati come aziende, paesi e settori pi\u00f9 rischiosi.<\/p>\n<h2>D&amp;B FINANCE ANALYTICS &#8211; TUTORIAL<\/h2>\n<div id=\"fluid-wrapper-counter-1\" class=\"g1-fluid-wrapper \" style=\"width:686px;\">\n<div style=\"padding-bottom:56.268221574344%;\"><iframe loading=\"lazy\" title=\"D&amp;B Finance Analytics\" width=\"686\" height=\"386\" src=\"https:\/\/www.youtube.com\/embed\/Ln2c1hoVScQ?feature=oembed&amp;wmode=transparent&amp;autohide=1&amp;autoplay=0&amp;disablekb=0&amp;fs=1&amp;loop=0&amp;enablejsapi=1&amp;rel=0&amp;controls=2&amp;showinfo=0&amp;wmode=transparent&amp;autohide=2&amp;autoplay=0&amp;disablekb=0&amp;fs=1&amp;loop=0&amp;enablejsapi=1&amp;rel=0&amp;controls=2&amp;showinfo=1\" frameborder=\"0\" allow=\"accelerometer; autoplay; clipboard-write; encrypted-media; gyroscope; picture-in-picture; web-share\" referrerpolicy=\"strict-origin-when-cross-origin\" allowfullscreen><\/iframe><\/div>\n<\/div>\n<h3>D&amp;B FINANCE ANALYTICS &#8211; CARATTERISTICHE<\/h3>\n<ul>\n<li>Analisi dei dati da parte di esperti di analisi<\/li>\n<li>Copertura globale<\/li>\n<li>Servizi aggiuntivi per tutte le offerte Bisnode e D&amp;B<\/li>\n<li>Profilazione dei clienti e analisi di mercato<\/li>\n<li>Predictive Analytics<\/li>\n<li>Scorecard per la gestione del rischio e del credito<\/li>\n<li>Processi di acquisizione globali intelligenti e basati sull\u2019analisi<\/li>\n<li>Priorit\u00e0 dei clienti: up\/cross-selling, gestione degli abbandoni<\/li>\n<li>Segmentazione<\/li>\n<li>Soluzioni di analisi e IA per l\u2019intero ciclo di vita del cliente<\/li>\n<\/ul>\n<div class=\"col-md-6 col-md-pull-6\">\n<div class=\"colPar1 parsys\">\n<div class=\"content_text RootBaseComponent section\">\n<div class=\"z808004c20e7f4ad2932f872bfc10216b\">\n<h4 class=\"z_7efa428bb8d23d1d_contenttext jbIqMOv_M8MaLY998mhh\">LE RECENSIONI DEGLI UTENTI<\/h4>\n<p><strong>Ricky &#8220;Recensione D&amp;B&#8221;<\/strong><br \/>\n<strong>Commenti<\/strong>: Utilizzo D&amp;B da oltre 10 anni e non ho trovato nulla<br \/>\n<strong>Pro<\/strong>: D&amp;B offre una fonte di informazioni sul rischio di credito di facile utilizzo per tutti i tipi di controparti.<br \/>\n<strong>Contro<\/strong>: Ci sono informazioni molto limitate sulle aziende private. Ci\u00f2 \u00e8 comprensibile e D&amp;B sembra essere una fonte di informazioni valida quanto qualsiasi altra.<\/p>\n<p><strong>Christopher &#8220;ALTAMENTE RACCOMANDATO&#8221;<\/strong><br \/>\n<strong>Commenti<\/strong>: NEL COMPLESSO, questo \u00e8 il miglior prodotto da utilizzare per la valutazione\/qualificazione del merito creditizio B2B.<br \/>\n<strong>Pro<\/strong>: D&amp;B FINANCE ANALYTICS \u00e8 lo standard del settore per la segnalazione creditizia. Se hai bisogno di qualificare un potenziale cliente in termini di merito creditizio, DNB \u00e8 il prodotto che fa per te. Dalle esperienze commerciali alla longevit\u00e0 negli affari, privilegi, cause, sentenze, scaduti, BK, commenti negativi o situazioni in cui un potenziale cliente \u00e8 stato inviato a riscossioni, DNB \u00e8 la tua soluzione all-in-one.<br \/>\n<strong>Contro<\/strong>: Mi chiedo quanta parte delle esperienze commerciali di un potenziale cliente sia rappresentata nel reporting. In altre parole, ci\u00f2 che viene riportato da DNB rappresenta solo una frazione delle reali esperienze commerciali totali.<\/p>\n<p><strong>Erica &#8220;Un&#8217;analisi RCM indispensabile&#8221;<\/strong><br \/>\n<strong>Commenti<\/strong>: Utilizzo questo sito settimanalmente, se non quotidianamente. Mi aiuta a decifrare i limiti di credito e la sostenibilit\u00e0 finanziaria dei potenziali clienti. Mi aiuta a comprendere il rischio per i clienti esistenti.<br \/>\n<strong>Pro<\/strong>: Il livello di dettaglio disponibile per ottenere informazioni sulla relazione di acquisto di un potenziale cliente, un&#8217;analisi dettagliata degli eventi legali, la previsione del rischio e della fattibilit\u00e0.<br \/>\n<strong>Contro<\/strong>: Non ho ben compreso i punteggi di valutazione della fattibilit\u00e0, ma so di avere risorse a disposizione per aiutarmi a comprenderli meglio, quando il tempo me lo permetter\u00e0.<\/p>\n<\/div>\n<\/div>\n<\/div>\n<\/div>\n","protected":false},"excerpt":{"rendered":"<p>D&#038;B Finance Analytics \u00e8 un software di gestione del rischio di credito che aiuta le aziende di tutte le dimensioni a utilizzare analisi predittive per valutare i nuovi richiedenti di credito e identificare opportunit\u00e0 di crescita. Consente agli utenti di organizzare, monitorare e generare report per stabilire le priorit\u00e0 delle riscossioni dei crediti in base alle caratteristiche predefinite dei clienti.<\/p>\n","protected":false},"author":19,"featured_media":83012,"parent":79864,"menu_order":0,"comment_status":"open","ping_status":"closed","template":"g1_template_page_review_new.php","meta":{"_acf_changed":false,"cwp_meta_box_check":"Yes","cwp_rev_product_name":"","cwp_rev_product_image":"","wppr_links":[],"cwp_rev_price":"0.00","wppr_options":[{"name":"Usability","value":"0"},{"name":"Speed","value":"0"},{"name":"Features","value":"0"},{"name":"Support","value":"0"},{"name":"Pricing","value":"0"}],"wppr_pros":["","","","",""],"wppr_cons":["","","","",""],"_monsterinsights_skip_tracking":false,"_monsterinsights_sitenote_active":false,"_monsterinsights_sitenote_note":"","_monsterinsights_sitenote_category":0,"footnotes":""},"categories":[15435],"tags":[997,998,15441,15440,15479,15480],"features":[],"class_list":{"0":"post-82975","1":"page","2":"type-page","3":"status-publish","4":"has-post-thumbnail","6":"category-software-intelligenza-artificiale-cat","7":"tag-ai","8":"tag-intelligenza-artificiale","9":"tag-piattaforma-intelligenza-artificiale","10":"tag-programma-intelligenza-artificiale","11":"tag-software-intelligenza-artificiale","12":"tag-soluzione-intelligenza-artificiale"},"wppr_data":{"cwp_meta_box_check":"Yes","_wppr_review_template":"default","cwp_rev_product_image":"","cwp_image_link":"image","wppr_links":[],"cwp_rev_price":"0.00","wppr_pros":["","","","",""],"wppr_cons":["","","","",""],"wppr_rating":"0.00","wppr_options":{"1":{"name":"Usability","value":"0"},"2":{"name":"Speed","value":"0"},"3":{"name":"Features","value":"0"},"4":{"name":"Support","value":"0"},"5":{"name":"Pricing","value":"0"}},"wppr_review_type":"Product","wppr_review_custom_fields":{"additionalProperty":"","additionalType":"","aggregateRating":"","alternateName":"","audience":"","award":"","awards":"","brand":"","color":"","depth":"","description":"","disambiguatingDescription":"","gtin12":"","gtin13":"","gtin14":"","gtin8":"","height":"","identifier":"","image":"","isAccessoryOrSparePartFor":"","isConsumableFor":"","isRelatedTo":"","isSimilarTo":"","itemCondition":"","logo":"","mainEntityOfPage":"","manufacturer":"","material":"","model":"","mpn":"","name":"","offers":"","potentialAction":"","productID":"","productionDate":"","purchaseDate":"","releaseDate":"","review":"","reviews":"","sameAs":"","sku":"","slogan":"","subjectOf":"","url":"","weight":"","width":""}},"acf":[],"yoast_head":"<!-- This site is optimized with the Yoast SEO plugin v27.4 - https:\/\/yoast.com\/product\/yoast-seo-wordpress\/ -->\n<title>D&amp;B Finance Analytics: recensione software intelligenza artificiale Accurate Reviews<\/title>\n<meta name=\"description\" content=\"D&amp;B Finance Analytics: recensione software di gestione del rischio di credito che utilizza analisi predittive per valutare i nuovi utenti.\" \/>\n<meta name=\"robots\" content=\"index, follow, max-snippet:-1, max-image-preview:large, max-video-preview:-1\" \/>\n<link rel=\"canonical\" href=\"https:\/\/www.accuratereviews.com\/it\/software-intelligenza-artificiale\/db-finance-analytics-recensione\/\" \/>\n<meta property=\"og:locale\" content=\"it_IT\" \/>\n<meta property=\"og:type\" content=\"article\" \/>\n<meta property=\"og:title\" content=\"D&amp;B Finance Analytics: recensione software intelligenza artificiale Accurate Reviews\" \/>\n<meta property=\"og:description\" content=\"D&amp;B Finance Analytics: recensione software di gestione del rischio di credito che utilizza analisi predittive per valutare i nuovi utenti.\" \/>\n<meta property=\"og:url\" content=\"https:\/\/www.accuratereviews.com\/it\/software-intelligenza-artificiale\/db-finance-analytics-recensione\/\" \/>\n<meta property=\"og:site_name\" content=\"Accurate Reviews\" \/>\n<meta property=\"article:modified_time\" content=\"2025-02-01T14:48:02+00:00\" \/>\n<meta property=\"og:image\" content=\"https:\/\/www.accuratereviews.com\/wp-content\/uploads\/2025\/01\/d-b-finance-analytics.webp\" \/>\n\t<meta property=\"og:image:width\" content=\"600\" \/>\n\t<meta property=\"og:image:height\" content=\"315\" \/>\n\t<meta property=\"og:image:type\" content=\"image\/webp\" \/>\n<meta name=\"twitter:card\" content=\"summary_large_image\" \/>\n<meta name=\"twitter:label1\" content=\"Tempo di lettura stimato\" \/>\n\t<meta name=\"twitter:data1\" content=\"4 minuti\" \/>\n<script type=\"application\/ld+json\" class=\"yoast-schema-graph\">{\"@context\":\"https:\\\/\\\/schema.org\",\"@graph\":[{\"@type\":\"WebPage\",\"@id\":\"https:\\\/\\\/www.accuratereviews.com\\\/it\\\/software-intelligenza-artificiale\\\/db-finance-analytics-recensione\\\/\",\"url\":\"https:\\\/\\\/www.accuratereviews.com\\\/it\\\/software-intelligenza-artificiale\\\/db-finance-analytics-recensione\\\/\",\"name\":\"D&B Finance Analytics: recensione software intelligenza artificiale Accurate Reviews\",\"isPartOf\":{\"@id\":\"https:\\\/\\\/www.accuratereviews.com\\\/it\\\/#website\"},\"primaryImageOfPage\":{\"@id\":\"https:\\\/\\\/www.accuratereviews.com\\\/it\\\/software-intelligenza-artificiale\\\/db-finance-analytics-recensione\\\/#primaryimage\"},\"image\":{\"@id\":\"https:\\\/\\\/www.accuratereviews.com\\\/it\\\/software-intelligenza-artificiale\\\/db-finance-analytics-recensione\\\/#primaryimage\"},\"thumbnailUrl\":\"https:\\\/\\\/www.accuratereviews.com\\\/wp-content\\\/uploads\\\/2025\\\/01\\\/d-b-finance-analytics.webp\",\"datePublished\":\"2025-01-27T17:53:46+00:00\",\"dateModified\":\"2025-02-01T14:48:02+00:00\",\"description\":\"D&B Finance Analytics: recensione software di gestione del rischio di credito che utilizza analisi predittive per valutare i nuovi utenti.\",\"breadcrumb\":{\"@id\":\"https:\\\/\\\/www.accuratereviews.com\\\/it\\\/software-intelligenza-artificiale\\\/db-finance-analytics-recensione\\\/#breadcrumb\"},\"inLanguage\":\"it-IT\",\"potentialAction\":[{\"@type\":\"ReadAction\",\"target\":[\"https:\\\/\\\/www.accuratereviews.com\\\/it\\\/software-intelligenza-artificiale\\\/db-finance-analytics-recensione\\\/\"]}]},{\"@type\":\"ImageObject\",\"inLanguage\":\"it-IT\",\"@id\":\"https:\\\/\\\/www.accuratereviews.com\\\/it\\\/software-intelligenza-artificiale\\\/db-finance-analytics-recensione\\\/#primaryimage\",\"url\":\"https:\\\/\\\/www.accuratereviews.com\\\/wp-content\\\/uploads\\\/2025\\\/01\\\/d-b-finance-analytics.webp\",\"contentUrl\":\"https:\\\/\\\/www.accuratereviews.com\\\/wp-content\\\/uploads\\\/2025\\\/01\\\/d-b-finance-analytics.webp\",\"width\":600,\"height\":315},{\"@type\":\"BreadcrumbList\",\"@id\":\"https:\\\/\\\/www.accuratereviews.com\\\/it\\\/software-intelligenza-artificiale\\\/db-finance-analytics-recensione\\\/#breadcrumb\",\"itemListElement\":[{\"@type\":\"ListItem\",\"position\":1,\"name\":\"Home\",\"item\":\"https:\\\/\\\/www.accuratereviews.com\\\/it\\\/\"},{\"@type\":\"ListItem\",\"position\":2,\"name\":\"Software di intelligenza artificiale\",\"item\":\"https:\\\/\\\/www.accuratereviews.com\\\/it\\\/software-intelligenza-artificiale\\\/\"},{\"@type\":\"ListItem\",\"position\":3,\"name\":\"D&#038;B Finance Analytics\"}]},{\"@type\":\"WebSite\",\"@id\":\"https:\\\/\\\/www.accuratereviews.com\\\/it\\\/#website\",\"url\":\"https:\\\/\\\/www.accuratereviews.com\\\/it\\\/\",\"name\":\"Accurate Reviews\",\"description\":\"\",\"potentialAction\":[{\"@type\":\"SearchAction\",\"target\":{\"@type\":\"EntryPoint\",\"urlTemplate\":\"https:\\\/\\\/www.accuratereviews.com\\\/it\\\/?s={search_term_string}\"},\"query-input\":{\"@type\":\"PropertyValueSpecification\",\"valueRequired\":true,\"valueName\":\"search_term_string\"}}],\"inLanguage\":\"it-IT\"}]}<\/script>\n<!-- \/ Yoast SEO plugin. -->","yoast_head_json":{"title":"D&B Finance Analytics: recensione software intelligenza artificiale Accurate Reviews","description":"D&B Finance Analytics: recensione software di gestione del rischio di credito che utilizza analisi predittive per valutare i nuovi utenti.","robots":{"index":"index","follow":"follow","max-snippet":"max-snippet:-1","max-image-preview":"max-image-preview:large","max-video-preview":"max-video-preview:-1"},"canonical":"https:\/\/www.accuratereviews.com\/it\/software-intelligenza-artificiale\/db-finance-analytics-recensione\/","og_locale":"it_IT","og_type":"article","og_title":"D&B Finance Analytics: recensione software intelligenza artificiale Accurate Reviews","og_description":"D&B Finance Analytics: recensione software di gestione del rischio di credito che utilizza analisi predittive per valutare i nuovi utenti.","og_url":"https:\/\/www.accuratereviews.com\/it\/software-intelligenza-artificiale\/db-finance-analytics-recensione\/","og_site_name":"Accurate Reviews","article_modified_time":"2025-02-01T14:48:02+00:00","og_image":[{"width":600,"height":315,"url":"https:\/\/www.accuratereviews.com\/wp-content\/uploads\/2025\/01\/d-b-finance-analytics.webp","type":"image\/webp"}],"twitter_card":"summary_large_image","twitter_misc":{"Tempo di lettura stimato":"4 minuti"},"schema":{"@context":"https:\/\/schema.org","@graph":[{"@type":"WebPage","@id":"https:\/\/www.accuratereviews.com\/it\/software-intelligenza-artificiale\/db-finance-analytics-recensione\/","url":"https:\/\/www.accuratereviews.com\/it\/software-intelligenza-artificiale\/db-finance-analytics-recensione\/","name":"D&B Finance Analytics: recensione software intelligenza artificiale Accurate Reviews","isPartOf":{"@id":"https:\/\/www.accuratereviews.com\/it\/#website"},"primaryImageOfPage":{"@id":"https:\/\/www.accuratereviews.com\/it\/software-intelligenza-artificiale\/db-finance-analytics-recensione\/#primaryimage"},"image":{"@id":"https:\/\/www.accuratereviews.com\/it\/software-intelligenza-artificiale\/db-finance-analytics-recensione\/#primaryimage"},"thumbnailUrl":"https:\/\/www.accuratereviews.com\/wp-content\/uploads\/2025\/01\/d-b-finance-analytics.webp","datePublished":"2025-01-27T17:53:46+00:00","dateModified":"2025-02-01T14:48:02+00:00","description":"D&B Finance Analytics: recensione software di gestione del rischio di credito che utilizza analisi predittive per valutare i nuovi utenti.","breadcrumb":{"@id":"https:\/\/www.accuratereviews.com\/it\/software-intelligenza-artificiale\/db-finance-analytics-recensione\/#breadcrumb"},"inLanguage":"it-IT","potentialAction":[{"@type":"ReadAction","target":["https:\/\/www.accuratereviews.com\/it\/software-intelligenza-artificiale\/db-finance-analytics-recensione\/"]}]},{"@type":"ImageObject","inLanguage":"it-IT","@id":"https:\/\/www.accuratereviews.com\/it\/software-intelligenza-artificiale\/db-finance-analytics-recensione\/#primaryimage","url":"https:\/\/www.accuratereviews.com\/wp-content\/uploads\/2025\/01\/d-b-finance-analytics.webp","contentUrl":"https:\/\/www.accuratereviews.com\/wp-content\/uploads\/2025\/01\/d-b-finance-analytics.webp","width":600,"height":315},{"@type":"BreadcrumbList","@id":"https:\/\/www.accuratereviews.com\/it\/software-intelligenza-artificiale\/db-finance-analytics-recensione\/#breadcrumb","itemListElement":[{"@type":"ListItem","position":1,"name":"Home","item":"https:\/\/www.accuratereviews.com\/it\/"},{"@type":"ListItem","position":2,"name":"Software di intelligenza artificiale","item":"https:\/\/www.accuratereviews.com\/it\/software-intelligenza-artificiale\/"},{"@type":"ListItem","position":3,"name":"D&#038;B Finance Analytics"}]},{"@type":"WebSite","@id":"https:\/\/www.accuratereviews.com\/it\/#website","url":"https:\/\/www.accuratereviews.com\/it\/","name":"Accurate Reviews","description":"","potentialAction":[{"@type":"SearchAction","target":{"@type":"EntryPoint","urlTemplate":"https:\/\/www.accuratereviews.com\/it\/?s={search_term_string}"},"query-input":{"@type":"PropertyValueSpecification","valueRequired":true,"valueName":"search_term_string"}}],"inLanguage":"it-IT"}]}},"_links":{"self":[{"href":"https:\/\/www.accuratereviews.com\/it\/wp-json\/wp\/v2\/pages\/82975","targetHints":{"allow":["GET"]}}],"collection":[{"href":"https:\/\/www.accuratereviews.com\/it\/wp-json\/wp\/v2\/pages"}],"about":[{"href":"https:\/\/www.accuratereviews.com\/it\/wp-json\/wp\/v2\/types\/page"}],"author":[{"embeddable":true,"href":"https:\/\/www.accuratereviews.com\/it\/wp-json\/wp\/v2\/users\/19"}],"replies":[{"embeddable":true,"href":"https:\/\/www.accuratereviews.com\/it\/wp-json\/wp\/v2\/comments?post=82975"}],"version-history":[{"count":12,"href":"https:\/\/www.accuratereviews.com\/it\/wp-json\/wp\/v2\/pages\/82975\/revisions"}],"predecessor-version":[{"id":83324,"href":"https:\/\/www.accuratereviews.com\/it\/wp-json\/wp\/v2\/pages\/82975\/revisions\/83324"}],"up":[{"embeddable":true,"href":"https:\/\/www.accuratereviews.com\/it\/wp-json\/wp\/v2\/pages\/79864"}],"wp:featuredmedia":[{"embeddable":true,"href":"https:\/\/www.accuratereviews.com\/it\/wp-json\/wp\/v2\/media\/83012"}],"wp:attachment":[{"href":"https:\/\/www.accuratereviews.com\/it\/wp-json\/wp\/v2\/media?parent=82975"}],"wp:term":[{"taxonomy":"category","embeddable":true,"href":"https:\/\/www.accuratereviews.com\/it\/wp-json\/wp\/v2\/categories?post=82975"},{"taxonomy":"post_tag","embeddable":true,"href":"https:\/\/www.accuratereviews.com\/it\/wp-json\/wp\/v2\/tags?post=82975"},{"taxonomy":"features","embeddable":true,"href":"https:\/\/www.accuratereviews.com\/it\/wp-json\/wp\/v2\/features?post=82975"}],"curies":[{"name":"wp","href":"https:\/\/api.w.org\/{rel}","templated":true}]}}