{"id":83044,"date":"2025-01-28T16:07:57","date_gmt":"2025-01-28T16:07:57","guid":{"rendered":"https:\/\/www.accuratereviews.com\/?page_id=83044"},"modified":"2025-01-28T16:07:57","modified_gmt":"2025-01-28T16:07:57","slug":"bizagi-recensione","status":"publish","type":"page","link":"https:\/\/www.accuratereviews.com\/it\/software-intelligenza-artificiale\/bizagi-recensione\/","title":{"rendered":"Bizagi"},"content":{"rendered":"<p><strong>Bizagi<\/strong> \u00e8 una <strong>soluzione di gestione dei processi aziendali (BPM)<\/strong> che consente agli utenti di modificare, migliorare ed eseguire processi aziendali tramite un ambiente grafico. La versione <strong>cloud<\/strong> di <strong>Bizagi<\/strong> offre servizi di automazione e ritocco, inclusi strumenti per la creazione, l&#8217;ottimizzazione e la pubblicazione di flussi di lavoro dinamici.<br \/>\nQuesta piattaforma di processo agile collega persone, applicazioni, dispositivi e informazioni per fornire l&#8217;esperienza coinvolgente richiesta dai clienti digitali. Gli utenti sono in grado di creare e pubblicare modelli di processo, creare applicazioni di processi aziendali, collaborare su modelli di processo, visualizzare cronologie di revisione e altro ancora. I modelli vengono salvati nel cloud e possono quindi essere accessibili ovunque, da chiunque abbia le autorizzazioni, per la revisione o l&#8217;apprendimento.<br \/>\nInoltre, <strong>Bizagi<\/strong> si integra con sistemi di gestione dei contenuti aziendali (ECM) come SharePoint, Alfresco, Documentum e FileNet.<\/p>\n<h2>BIZAGI &#8211; TUTORIAL<\/h2>\n<div id=\"fluid-wrapper-counter-1\" class=\"g1-fluid-wrapper \" style=\"width:686px;\">\n<div style=\"padding-bottom:56.268221574344%;\"><iframe loading=\"lazy\" title=\"Bizagi Apps\" width=\"686\" height=\"386\" src=\"https:\/\/www.youtube.com\/embed\/Ck8z7c4-gVU?feature=oembed&amp;wmode=transparent&amp;autohide=1&amp;autoplay=0&amp;disablekb=0&amp;fs=1&amp;loop=0&amp;enablejsapi=1&amp;rel=0&amp;controls=2&amp;showinfo=0&amp;wmode=transparent&amp;autohide=2&amp;autoplay=0&amp;disablekb=0&amp;fs=1&amp;loop=0&amp;enablejsapi=1&amp;rel=0&amp;controls=2&amp;showinfo=1\" frameborder=\"0\" allow=\"accelerometer; autoplay; clipboard-write; encrypted-media; gyroscope; picture-in-picture; web-share\" referrerpolicy=\"strict-origin-when-cross-origin\" allowfullscreen><\/iframe><\/div>\n<\/div>\n<h3>BIZAGI &#8211; CARATTERISTICHE<\/h3>\n<ul>\n<li>Aiuta il processo decisionale con app abilitate all&#8217;intelligenza artificiale<\/li>\n<li>Automazione potente con governance integrata<\/li>\n<li>Accesso e affidabilit\u00e0 globali e cloud-native<\/li>\n<li>Connettori di integrazione predefiniti<\/li>\n<li>Crea nuove email, documenti, testo, copia, articoli della knowledge base e risposte.<\/li>\n<li>Estrarre informazioni chiave dai documenti per aumentare la produttivit\u00e0 e prendere decisioni aziendali consapevoli.<\/li>\n<li>Organizzare attivit\u00e0 e scadenze per garantire che le risorse siano concentrate sulla consegna di lavoro di alto valore per prime.<\/li>\n<li>Estrarre testo incorporato in documenti o PDF per trasformare dati non strutturati in informazioni.<\/li>\n<li>Colma le lacune di competenze e traduci dati o testo in pi\u00f9 lingue.<\/li>\n<li>Identifica e rendi anonime le informazioni di identificazione personale (PII) per garantire la conformit\u00e0 al GDPR e ad altre normative.<\/li>\n<li>Organizza dati eterogenei in raggruppamenti logici per semplificare l&#8217;analisi e aumentare la produttivit\u00e0.<\/li>\n<li>Interpreta rapidamente le informazioni da testo e immagini per un processo decisionale pi\u00f9 efficiente.<\/li>\n<\/ul>\n<h4>LE RECENSIONI DEGLI UTENTI<\/h4>\n<p><strong>Juan &#8220;Bizagi \u00e8 un&#8217;eccellente risorsa che pu\u00f2 essere utilizzata da qualsiasi azienda.&#8221;<\/strong><br \/>\n<strong>Commenti<\/strong>: Facile da usare. Ho bisogno di acquisire esperienza su tutte le risorse fornite da Bizagi.<br \/>\n<strong>Pro<\/strong>: Facile da usare e dotato di numerose funzionalit\u00e0 per ottenere il massimo dalle aziende.<br \/>\n<strong>Contro<\/strong>: Mi \u00e8 piaciuto tutto quello che ho visto durante questo corso di formazione.<\/p>\n<p><strong>Marcos &#8220;Il miglior software sul mercato&#8221;<\/strong><br \/>\n<strong>Commenti<\/strong>: La migliore esperienza possibile finora.<br \/>\n<strong>Pro<\/strong>: Lo strumento \u00e8 completamente intuitivo, non avevo mai lavorato con nessun software di mappatura dei processi prima, questa \u00e8 stata la mia prima esperienza e contatto con esso, \u00e8 stato cos\u00ec sorprendente che oggi interrompo le mie attivit\u00e0 per elogiare tutti coloro che sono coinvolti nello sviluppo di questo strumento.<br \/>\n<strong>Contro<\/strong>: Non mi \u00e8 piaciuto il fatto che fosse molto complesso provare ad acquistare la versione a pagamento dello strumento, sentivo e ho ancora molte difficolt\u00e0 con questo.<\/p>\n<p><strong>Gisele &#8220;Recensione Bizagi&#8221;<\/strong><br \/>\n<strong>Commenti<\/strong>: Strumento usuale e di facile comprensione per gli utenti.<br \/>\n<strong>Pro<\/strong>: Il miglior strumento per la mappatura dei processi.<br \/>\n<strong>Contro<\/strong>: Non ho ancora trovato un fattore negativo nello strumento Bizagi.<\/p>\n","protected":false},"excerpt":{"rendered":"<p>Bizagi \u00e8 una soluzione di gestione dei processi aziendali (BPM) che consente agli utenti di modificare, migliorare ed eseguire processi aziendali tramite un ambiente grafico. La versione cloud di Bizagi offre servizi di automazione e ritocco, inclusi strumenti per la creazione, l&#8217;ottimizzazione e la pubblicazione di flussi di lavoro dinamici.<\/p>\n","protected":false},"author":19,"featured_media":83050,"parent":79864,"menu_order":0,"comment_status":"open","ping_status":"closed","template":"g1_template_page_review_new.php","meta":{"_acf_changed":false,"cwp_meta_box_check":"No","cwp_rev_product_name":"","cwp_rev_product_image":"","wppr_links":[],"cwp_rev_price":"","wppr_options":[],"wppr_pros":[],"wppr_cons":[],"_monsterinsights_skip_tracking":false,"_monsterinsights_sitenote_active":false,"_monsterinsights_sitenote_note":"","_monsterinsights_sitenote_category":0,"footnotes":""},"categories":[15435],"tags":[997,15754,998,15441,15440,15479,15480],"features":[],"class_list":{"0":"post-83044","1":"page","2":"type-page","3":"status-publish","4":"has-post-thumbnail","6":"category-software-intelligenza-artificiale-cat","7":"tag-ai","8":"tag-bizagi","9":"tag-intelligenza-artificiale","10":"tag-piattaforma-intelligenza-artificiale","11":"tag-programma-intelligenza-artificiale","12":"tag-software-intelligenza-artificiale","13":"tag-soluzione-intelligenza-artificiale"},"wppr_data":{"cwp_meta_box_check":"No"},"acf":[],"yoast_head":"<!-- This site is optimized with the Yoast SEO plugin v26.0 - https:\/\/yoast.com\/wordpress\/plugins\/seo\/ -->\n<title>Bizagi: recensione software intelligenza artificiale - Accurate Reviews<\/title>\n<meta name=\"description\" content=\"Bizagi: recensione software intelligenza artificiale che consente di modificare ed eseguire procedure aziendali tramite un ambiente grafico.\" \/>\n<meta name=\"robots\" content=\"index, follow, max-snippet:-1, max-image-preview:large, max-video-preview:-1\" \/>\n<link rel=\"canonical\" href=\"https:\/\/www.accuratereviews.com\/it\/software-intelligenza-artificiale\/bizagi-recensione\/\" \/>\n<meta property=\"og:locale\" content=\"it_IT\" \/>\n<meta property=\"og:type\" content=\"article\" \/>\n<meta property=\"og:title\" content=\"Bizagi: recensione software intelligenza artificiale - Accurate Reviews\" \/>\n<meta property=\"og:description\" content=\"Bizagi: recensione software intelligenza artificiale che consente di modificare ed eseguire procedure aziendali tramite un ambiente grafico.\" \/>\n<meta property=\"og:url\" content=\"https:\/\/www.accuratereviews.com\/it\/software-intelligenza-artificiale\/bizagi-recensione\/\" \/>\n<meta property=\"og:site_name\" content=\"Accurate Reviews\" \/>\n<meta property=\"og:image\" content=\"https:\/\/www.accuratereviews.com\/wp-content\/uploads\/2025\/01\/bizagi-2.jpg\" \/>\n\t<meta property=\"og:image:width\" content=\"1000\" \/>\n\t<meta property=\"og:image:height\" content=\"1000\" \/>\n\t<meta property=\"og:image:type\" content=\"image\/jpeg\" \/>\n<meta name=\"twitter:card\" content=\"summary_large_image\" \/>\n<meta name=\"twitter:label1\" content=\"Tempo di lettura stimato\" \/>\n\t<meta name=\"twitter:data1\" content=\"4 minuti\" \/>\n<script type=\"application\/ld+json\" class=\"yoast-schema-graph\">{\"@context\":\"https:\/\/schema.org\",\"@graph\":[{\"@type\":\"WebPage\",\"@id\":\"https:\/\/www.accuratereviews.com\/it\/software-intelligenza-artificiale\/bizagi-recensione\/\",\"url\":\"https:\/\/www.accuratereviews.com\/it\/software-intelligenza-artificiale\/bizagi-recensione\/\",\"name\":\"Bizagi: recensione software intelligenza artificiale - Accurate Reviews\",\"isPartOf\":{\"@id\":\"https:\/\/www.accuratereviews.com\/it\/#website\"},\"primaryImageOfPage\":{\"@id\":\"https:\/\/www.accuratereviews.com\/it\/software-intelligenza-artificiale\/bizagi-recensione\/#primaryimage\"},\"image\":{\"@id\":\"https:\/\/www.accuratereviews.com\/it\/software-intelligenza-artificiale\/bizagi-recensione\/#primaryimage\"},\"thumbnailUrl\":\"https:\/\/www.accuratereviews.com\/wp-content\/uploads\/2025\/01\/bizagi-2.jpg\",\"datePublished\":\"2025-01-28T16:07:57+00:00\",\"description\":\"Bizagi: recensione software intelligenza artificiale che consente di modificare ed eseguire procedure aziendali tramite un ambiente grafico.\",\"breadcrumb\":{\"@id\":\"https:\/\/www.accuratereviews.com\/it\/software-intelligenza-artificiale\/bizagi-recensione\/#breadcrumb\"},\"inLanguage\":\"it-IT\",\"potentialAction\":[{\"@type\":\"ReadAction\",\"target\":[\"https:\/\/www.accuratereviews.com\/it\/software-intelligenza-artificiale\/bizagi-recensione\/\"]}]},{\"@type\":\"ImageObject\",\"inLanguage\":\"it-IT\",\"@id\":\"https:\/\/www.accuratereviews.com\/it\/software-intelligenza-artificiale\/bizagi-recensione\/#primaryimage\",\"url\":\"https:\/\/www.accuratereviews.com\/wp-content\/uploads\/2025\/01\/bizagi-2.jpg\",\"contentUrl\":\"https:\/\/www.accuratereviews.com\/wp-content\/uploads\/2025\/01\/bizagi-2.jpg\",\"width\":1000,\"height\":1000},{\"@type\":\"BreadcrumbList\",\"@id\":\"https:\/\/www.accuratereviews.com\/it\/software-intelligenza-artificiale\/bizagi-recensione\/#breadcrumb\",\"itemListElement\":[{\"@type\":\"ListItem\",\"position\":1,\"name\":\"Home\",\"item\":\"https:\/\/www.accuratereviews.com\/it\/\"},{\"@type\":\"ListItem\",\"position\":2,\"name\":\"Software di intelligenza artificiale\",\"item\":\"https:\/\/www.accuratereviews.com\/it\/software-intelligenza-artificiale\/\"},{\"@type\":\"ListItem\",\"position\":3,\"name\":\"Bizagi\"}]},{\"@type\":\"WebSite\",\"@id\":\"https:\/\/www.accuratereviews.com\/it\/#website\",\"url\":\"https:\/\/www.accuratereviews.com\/it\/\",\"name\":\"Accurate Reviews\",\"description\":\"\",\"potentialAction\":[{\"@type\":\"SearchAction\",\"target\":{\"@type\":\"EntryPoint\",\"urlTemplate\":\"https:\/\/www.accuratereviews.com\/it\/?s={search_term_string}\"},\"query-input\":{\"@type\":\"PropertyValueSpecification\",\"valueRequired\":true,\"valueName\":\"search_term_string\"}}],\"inLanguage\":\"it-IT\"}]}<\/script>\n<!-- \/ Yoast SEO plugin. -->","yoast_head_json":{"title":"Bizagi: recensione software intelligenza artificiale - Accurate Reviews","description":"Bizagi: recensione software intelligenza artificiale che consente di modificare ed eseguire procedure aziendali tramite un ambiente grafico.","robots":{"index":"index","follow":"follow","max-snippet":"max-snippet:-1","max-image-preview":"max-image-preview:large","max-video-preview":"max-video-preview:-1"},"canonical":"https:\/\/www.accuratereviews.com\/it\/software-intelligenza-artificiale\/bizagi-recensione\/","og_locale":"it_IT","og_type":"article","og_title":"Bizagi: recensione software intelligenza artificiale - Accurate Reviews","og_description":"Bizagi: recensione software intelligenza artificiale che consente di modificare ed eseguire procedure aziendali tramite un ambiente grafico.","og_url":"https:\/\/www.accuratereviews.com\/it\/software-intelligenza-artificiale\/bizagi-recensione\/","og_site_name":"Accurate Reviews","og_image":[{"width":1000,"height":1000,"url":"https:\/\/www.accuratereviews.com\/wp-content\/uploads\/2025\/01\/bizagi-2.jpg","type":"image\/jpeg"}],"twitter_card":"summary_large_image","twitter_misc":{"Tempo di lettura stimato":"4 minuti"},"schema":{"@context":"https:\/\/schema.org","@graph":[{"@type":"WebPage","@id":"https:\/\/www.accuratereviews.com\/it\/software-intelligenza-artificiale\/bizagi-recensione\/","url":"https:\/\/www.accuratereviews.com\/it\/software-intelligenza-artificiale\/bizagi-recensione\/","name":"Bizagi: recensione software intelligenza artificiale - Accurate Reviews","isPartOf":{"@id":"https:\/\/www.accuratereviews.com\/it\/#website"},"primaryImageOfPage":{"@id":"https:\/\/www.accuratereviews.com\/it\/software-intelligenza-artificiale\/bizagi-recensione\/#primaryimage"},"image":{"@id":"https:\/\/www.accuratereviews.com\/it\/software-intelligenza-artificiale\/bizagi-recensione\/#primaryimage"},"thumbnailUrl":"https:\/\/www.accuratereviews.com\/wp-content\/uploads\/2025\/01\/bizagi-2.jpg","datePublished":"2025-01-28T16:07:57+00:00","description":"Bizagi: recensione software intelligenza artificiale che consente di modificare ed eseguire procedure aziendali tramite un ambiente grafico.","breadcrumb":{"@id":"https:\/\/www.accuratereviews.com\/it\/software-intelligenza-artificiale\/bizagi-recensione\/#breadcrumb"},"inLanguage":"it-IT","potentialAction":[{"@type":"ReadAction","target":["https:\/\/www.accuratereviews.com\/it\/software-intelligenza-artificiale\/bizagi-recensione\/"]}]},{"@type":"ImageObject","inLanguage":"it-IT","@id":"https:\/\/www.accuratereviews.com\/it\/software-intelligenza-artificiale\/bizagi-recensione\/#primaryimage","url":"https:\/\/www.accuratereviews.com\/wp-content\/uploads\/2025\/01\/bizagi-2.jpg","contentUrl":"https:\/\/www.accuratereviews.com\/wp-content\/uploads\/2025\/01\/bizagi-2.jpg","width":1000,"height":1000},{"@type":"BreadcrumbList","@id":"https:\/\/www.accuratereviews.com\/it\/software-intelligenza-artificiale\/bizagi-recensione\/#breadcrumb","itemListElement":[{"@type":"ListItem","position":1,"name":"Home","item":"https:\/\/www.accuratereviews.com\/it\/"},{"@type":"ListItem","position":2,"name":"Software di intelligenza artificiale","item":"https:\/\/www.accuratereviews.com\/it\/software-intelligenza-artificiale\/"},{"@type":"ListItem","position":3,"name":"Bizagi"}]},{"@type":"WebSite","@id":"https:\/\/www.accuratereviews.com\/it\/#website","url":"https:\/\/www.accuratereviews.com\/it\/","name":"Accurate Reviews","description":"","potentialAction":[{"@type":"SearchAction","target":{"@type":"EntryPoint","urlTemplate":"https:\/\/www.accuratereviews.com\/it\/?s={search_term_string}"},"query-input":{"@type":"PropertyValueSpecification","valueRequired":true,"valueName":"search_term_string"}}],"inLanguage":"it-IT"}]}},"_links":{"self":[{"href":"https:\/\/www.accuratereviews.com\/it\/wp-json\/wp\/v2\/pages\/83044","targetHints":{"allow":["GET"]}}],"collection":[{"href":"https:\/\/www.accuratereviews.com\/it\/wp-json\/wp\/v2\/pages"}],"about":[{"href":"https:\/\/www.accuratereviews.com\/it\/wp-json\/wp\/v2\/types\/page"}],"author":[{"embeddable":true,"href":"https:\/\/www.accuratereviews.com\/it\/wp-json\/wp\/v2\/users\/19"}],"replies":[{"embeddable":true,"href":"https:\/\/www.accuratereviews.com\/it\/wp-json\/wp\/v2\/comments?post=83044"}],"version-history":[{"count":9,"href":"https:\/\/www.accuratereviews.com\/it\/wp-json\/wp\/v2\/pages\/83044\/revisions"}],"predecessor-version":[{"id":83065,"href":"https:\/\/www.accuratereviews.com\/it\/wp-json\/wp\/v2\/pages\/83044\/revisions\/83065"}],"up":[{"embeddable":true,"href":"https:\/\/www.accuratereviews.com\/it\/wp-json\/wp\/v2\/pages\/79864"}],"wp:featuredmedia":[{"embeddable":true,"href":"https:\/\/www.accuratereviews.com\/it\/wp-json\/wp\/v2\/media\/83050"}],"wp:attachment":[{"href":"https:\/\/www.accuratereviews.com\/it\/wp-json\/wp\/v2\/media?parent=83044"}],"wp:term":[{"taxonomy":"category","embeddable":true,"href":"https:\/\/www.accuratereviews.com\/it\/wp-json\/wp\/v2\/categories?post=83044"},{"taxonomy":"post_tag","embeddable":true,"href":"https:\/\/www.accuratereviews.com\/it\/wp-json\/wp\/v2\/tags?post=83044"},{"taxonomy":"features","embeddable":true,"href":"https:\/\/www.accuratereviews.com\/it\/wp-json\/wp\/v2\/features?post=83044"}],"curies":[{"name":"wp","href":"https:\/\/api.w.org\/{rel}","templated":true}]}}