{"id":83100,"date":"2025-01-29T17:46:46","date_gmt":"2025-01-29T17:46:46","guid":{"rendered":"https:\/\/www.accuratereviews.com\/?page_id=83100"},"modified":"2025-02-01T14:41:21","modified_gmt":"2025-02-01T14:41:21","slug":"deepl-pro-recensione","status":"publish","type":"page","link":"https:\/\/www.accuratereviews.com\/it\/software-intelligenza-artificiale\/deepl-pro-recensione\/","title":{"rendered":"DeepL Pro"},"content":{"rendered":"<p><strong>DeepL Pro<\/strong> \u00e8 una <strong>soluzione di traduzione automatica<\/strong> che utilizza reti neurali per generare traduzioni accurate e sicure in pi\u00f9 lingue. A differenza di altri strumenti di traduzione, offre una sicurezza completa dei dati con crittografia end-to-end e canceller\u00e0 automaticamente tutto il testo dopo la traduzione.<strong><br \/>\nDeepL Pro<\/strong> pu\u00f2 anche tradurre pi\u00f9 documenti con un clic senza alterare i font, le immagini e la formattazione (i formati supportati includono .pptx, .docx e .txt). Pu\u00f2 essere facilmente integrato in qualsiasi strumento CAT e in qualsiasi altra piattaforma di terze parti utilizzando la REST API basata su JSON. . Una caratteristica speciale \u00e8 che sono disponibili banche dati di termini e promemoria di traduzione.<\/p>\n<h2>DEEPL PRO &#8211; TUTORIAL<\/h2>\n<div id=\"fluid-wrapper-counter-1\" class=\"g1-fluid-wrapper \" style=\"width:686px;\"><div style=\"padding-bottom:56.268221574344%;\"><iframe loading=\"lazy\" title=\"Andrea Cartotto - Come utilizzare un traduttore online affidabile: conosciamo Deepl\" width=\"686\" height=\"386\" src=\"https:\/\/www.youtube.com\/embed\/w3ess649UAM?feature=oembed&amp;wmode=transparent&amp;autohide=1&amp;autoplay=0&amp;disablekb=0&amp;fs=1&amp;loop=0&amp;enablejsapi=1&amp;rel=0&amp;controls=2&amp;showinfo=0&amp;wmode=transparent&amp;autohide=2&amp;autoplay=0&amp;disablekb=0&amp;fs=1&amp;loop=0&amp;enablejsapi=1&amp;rel=0&amp;controls=2&amp;showinfo=1\" frameborder=\"0\" allow=\"accelerometer; autoplay; clipboard-write; encrypted-media; gyroscope; picture-in-picture; web-share\" referrerpolicy=\"strict-origin-when-cross-origin\" allowfullscreen><\/iframe><\/div><\/div>\n<h3>DEEPL PRO &#8211; CARATTERISTICHE<\/h3>\n<ul>\n<li><strong>Precisione e naturalezza<\/strong>: la soluzione cattura il senso del testo originale in tutte le sue sfumature, producendo sempre traduzioni autentiche.<\/li>\n<li><strong>Ampia gamma di lingue<\/strong>: traduci facilmente i tuoi contenuti in oltre 30 lingue, raggiungendo in poco tempo un pubblico internazionale.<\/li>\n<li><strong>Personalizzazione avanzata<\/strong>: utilizza i glossari per rispettare la terminologia che contraddistingue la tua azienda in qualsiasi lingua.<\/li>\n<li><strong>Protezione dei dati di prim\u2019ordine<\/strong>: i tuoi dati rimangono al sicuro e non vengono mai memorizzati senza il tuo consenso.<\/li>\n<li><strong>Conformit\u00e0 e certificazioni:<\/strong> il programma aderisce agli standard ISO 27001 e GDPR, garantendo la massima sicurezza alla tua azienda.<\/li>\n<li><strong>Accesso sicuro:<\/strong> utilizza il Single Sign-On (SSO) e l\u2019amministrazione centralizzata per una gestione semplificata e sicura degli utenti.<\/li>\n<li><strong>Traduzione di documenti:<\/strong> traduci interi documenti, preservando la formattazione originale di PDF, Word e altri tipi di file.<\/li>\n<li><strong>Modalit\u00e0 di modifica<\/strong>: utilizza la modalit\u00e0 di modifica per perfezionare le traduzioni, assicurando un risultato finale in linea con le tue esigenze.<\/li>\n<li><strong>Alternative:<\/strong> scegli la traduzione che preferisci per rivolgerti in modo efficace al tuo pubblico.<\/li>\n<li><strong>Tempistiche ridotte:<\/strong> metti il turbo ai processi di traduzione con funzioni come i glossari condivisi e la possibilit\u00e0 di tradurre pi\u00f9 documenti contemporaneamente.<\/li>\n<li><strong>Traduzioni illimitate<\/strong>: traduci tutti i contenuti di cui hai bisogno senza restrizioni, per garantire sempre la massima produttivit\u00e0.<\/li>\n<\/ul>\n<h4>LE RECENSIONI DEGLI UTENTI<\/h4>\n<p><strong>Lorenzo &#8220;Infallibile&#8221;<\/strong><br \/>\n<strong>Commenti<\/strong>: La mia esperienza \u00e8 molto buona, utilizzo deepL pro molto spesso anche per lavoro e non lo sostituirei<br \/>\n<strong>Pro<\/strong>: Di deepL Pro apprezzo la sua precisione nelle traduzioni a differenza di altri software e applicazioni. Mi permette di tradurre in maniera fedele da una lingua all\u2019altra molto velocemente e di rilevare la lingua anche se non \u00e8 stata inserita in precedenza.<br \/>\n<strong>Contro<\/strong>: Alcune volte si presentano problemi con l\u2019importazioni di alcuni formati dei file, ma sono problematiche risolvibili<\/p>\n<p><strong>Dario &#8220;DeepL ottimo prodotto&#8221;<\/strong><br \/>\n<strong>Pro<\/strong>: Dalla mia esperienza \u00e8 il miglior traduttore in circolazione<br \/>\n<strong>Contro<\/strong>: Quando si traduce da un file (pdf, etc) ho trovato che l&#8217;impaginazione della traduzione si leggermente approssimativa.<\/p>\n<p><strong>Carla &#8220;Un eccezionale aiuto alla traduzione con bug occasionali&#8221;<\/strong><br \/>\n<strong>Commenti<\/strong>: DeepL Pro \u00e8 fondamentalmente il mio migliore amico al lavoro. \u00c8 uno strumento essenziale che mi aiuta a perfezionare le mie traduzioni e fornisce ottime alternative quando sono bloccato. \u00c8 intuitivo e aumenta la qualit\u00e0 del mio lavoro ogni giorno.<br \/>\n<strong>Pro<\/strong>: Come traduttore freelance, DeepL Pro \u00e8 senza dubbio il miglior traduttore automatico in circolazione. La versione gratuita \u00e8 impressionante ed \u00e8 incredibilmente facile da usare. Adoro in particolar modo la funzione delle alternative: suggerisce sempre ottime opzioni di parole che rendono la messa a punto delle traduzioni un gioco da ragazzi.<br \/>\n<strong>Contro<\/strong>: Il pi\u00f9 grande svantaggio di DeepL Pro \u00e8 che il sito web o il server si bloccano pi\u00f9 spesso di quanto vorrei, il che pu\u00f2 essere frustrante. Inoltre, ogni tanto diventa un po&#8217; buggato. Per qualcuno che ci fa affidamento quotidianamente per diverse ore, questo pu\u00f2 essere piuttosto fastidioso, soprattutto perch\u00e9 sto pagando per la versione Pro.<\/p>\n","protected":false},"excerpt":{"rendered":"<p>DeepL Pro \u00e8 una soluzione di traduzione automatica che utilizza reti neurali per generare traduzioni accurate e sicure in pi\u00f9 lingue. A differenza di altri strumenti di traduzione, offre una sicurezza completa dei dati con crittografia end-to-end e canceller\u00e0 automaticamente tutto il testo dopo la traduzione.<\/p>\n","protected":false},"author":19,"featured_media":83114,"parent":79864,"menu_order":0,"comment_status":"open","ping_status":"closed","template":"g1_template_page_review_new.php","meta":{"_acf_changed":false,"cwp_meta_box_check":"No","cwp_rev_product_name":"","cwp_rev_product_image":"","wppr_links":[],"cwp_rev_price":"","wppr_options":[],"wppr_pros":[],"wppr_cons":[],"_monsterinsights_skip_tracking":false,"_monsterinsights_sitenote_active":false,"_monsterinsights_sitenote_note":"","_monsterinsights_sitenote_category":0,"footnotes":""},"categories":[15435],"tags":[997,15762,15441,15440,15479,15480],"features":[],"class_list":{"0":"post-83100","1":"page","2":"type-page","3":"status-publish","4":"has-post-thumbnail","6":"category-software-intelligenza-artificiale-cat","7":"tag-ai","8":"tag-deepl-pro","9":"tag-piattaforma-intelligenza-artificiale","10":"tag-programma-intelligenza-artificiale","11":"tag-software-intelligenza-artificiale","12":"tag-soluzione-intelligenza-artificiale"},"wppr_data":{"cwp_meta_box_check":"No"},"acf":[],"yoast_head":"<!-- This site is optimized with the Yoast SEO plugin v27.4 - https:\/\/yoast.com\/product\/yoast-seo-wordpress\/ -->\n<title>DeepL Pro: recensione software intelligenza artificiale - Accurate Reviews<\/title>\n<meta name=\"description\" content=\"DeepL Pro: recensione soluzione di traduzione automatica che utilizza reti neurali per generare traduzioni accurate e sicure in pi\u00f9 lingue.\" \/>\n<meta name=\"robots\" content=\"index, follow, max-snippet:-1, max-image-preview:large, max-video-preview:-1\" \/>\n<link rel=\"canonical\" href=\"https:\/\/www.accuratereviews.com\/it\/software-intelligenza-artificiale\/deepl-pro-recensione\/\" \/>\n<meta property=\"og:locale\" content=\"it_IT\" \/>\n<meta property=\"og:type\" content=\"article\" \/>\n<meta property=\"og:title\" content=\"DeepL Pro: recensione software intelligenza artificiale - Accurate Reviews\" \/>\n<meta property=\"og:description\" content=\"DeepL Pro: recensione soluzione di traduzione automatica che utilizza reti neurali per generare traduzioni accurate e sicure in pi\u00f9 lingue.\" \/>\n<meta property=\"og:url\" content=\"https:\/\/www.accuratereviews.com\/it\/software-intelligenza-artificiale\/deepl-pro-recensione\/\" \/>\n<meta property=\"og:site_name\" content=\"Accurate Reviews\" \/>\n<meta property=\"article:modified_time\" content=\"2025-02-01T14:41:21+00:00\" \/>\n<meta property=\"og:image\" content=\"https:\/\/www.accuratereviews.com\/wp-content\/uploads\/2025\/01\/DeepL-Pro-Logo.webp\" \/>\n\t<meta property=\"og:image:width\" content=\"200\" \/>\n\t<meta property=\"og:image:height\" content=\"200\" \/>\n\t<meta property=\"og:image:type\" content=\"image\/webp\" \/>\n<meta name=\"twitter:card\" content=\"summary_large_image\" \/>\n<meta name=\"twitter:label1\" content=\"Tempo di lettura stimato\" \/>\n\t<meta name=\"twitter:data1\" content=\"5 minuti\" \/>\n<script type=\"application\/ld+json\" class=\"yoast-schema-graph\">{\"@context\":\"https:\\\/\\\/schema.org\",\"@graph\":[{\"@type\":\"WebPage\",\"@id\":\"https:\\\/\\\/www.accuratereviews.com\\\/it\\\/software-intelligenza-artificiale\\\/deepl-pro-recensione\\\/\",\"url\":\"https:\\\/\\\/www.accuratereviews.com\\\/it\\\/software-intelligenza-artificiale\\\/deepl-pro-recensione\\\/\",\"name\":\"DeepL Pro: recensione software intelligenza artificiale - Accurate Reviews\",\"isPartOf\":{\"@id\":\"https:\\\/\\\/www.accuratereviews.com\\\/it\\\/#website\"},\"primaryImageOfPage\":{\"@id\":\"https:\\\/\\\/www.accuratereviews.com\\\/it\\\/software-intelligenza-artificiale\\\/deepl-pro-recensione\\\/#primaryimage\"},\"image\":{\"@id\":\"https:\\\/\\\/www.accuratereviews.com\\\/it\\\/software-intelligenza-artificiale\\\/deepl-pro-recensione\\\/#primaryimage\"},\"thumbnailUrl\":\"https:\\\/\\\/www.accuratereviews.com\\\/wp-content\\\/uploads\\\/2025\\\/01\\\/DeepL-Pro-Logo.webp\",\"datePublished\":\"2025-01-29T17:46:46+00:00\",\"dateModified\":\"2025-02-01T14:41:21+00:00\",\"description\":\"DeepL Pro: recensione soluzione di traduzione automatica che utilizza reti neurali per generare traduzioni accurate e sicure in pi\u00f9 lingue.\",\"breadcrumb\":{\"@id\":\"https:\\\/\\\/www.accuratereviews.com\\\/it\\\/software-intelligenza-artificiale\\\/deepl-pro-recensione\\\/#breadcrumb\"},\"inLanguage\":\"it-IT\",\"potentialAction\":[{\"@type\":\"ReadAction\",\"target\":[\"https:\\\/\\\/www.accuratereviews.com\\\/it\\\/software-intelligenza-artificiale\\\/deepl-pro-recensione\\\/\"]}]},{\"@type\":\"ImageObject\",\"inLanguage\":\"it-IT\",\"@id\":\"https:\\\/\\\/www.accuratereviews.com\\\/it\\\/software-intelligenza-artificiale\\\/deepl-pro-recensione\\\/#primaryimage\",\"url\":\"https:\\\/\\\/www.accuratereviews.com\\\/wp-content\\\/uploads\\\/2025\\\/01\\\/DeepL-Pro-Logo.webp\",\"contentUrl\":\"https:\\\/\\\/www.accuratereviews.com\\\/wp-content\\\/uploads\\\/2025\\\/01\\\/DeepL-Pro-Logo.webp\",\"width\":200,\"height\":200},{\"@type\":\"BreadcrumbList\",\"@id\":\"https:\\\/\\\/www.accuratereviews.com\\\/it\\\/software-intelligenza-artificiale\\\/deepl-pro-recensione\\\/#breadcrumb\",\"itemListElement\":[{\"@type\":\"ListItem\",\"position\":1,\"name\":\"Home\",\"item\":\"https:\\\/\\\/www.accuratereviews.com\\\/it\\\/\"},{\"@type\":\"ListItem\",\"position\":2,\"name\":\"Software di intelligenza artificiale\",\"item\":\"https:\\\/\\\/www.accuratereviews.com\\\/it\\\/software-intelligenza-artificiale\\\/\"},{\"@type\":\"ListItem\",\"position\":3,\"name\":\"DeepL Pro\"}]},{\"@type\":\"WebSite\",\"@id\":\"https:\\\/\\\/www.accuratereviews.com\\\/it\\\/#website\",\"url\":\"https:\\\/\\\/www.accuratereviews.com\\\/it\\\/\",\"name\":\"Accurate Reviews\",\"description\":\"\",\"potentialAction\":[{\"@type\":\"SearchAction\",\"target\":{\"@type\":\"EntryPoint\",\"urlTemplate\":\"https:\\\/\\\/www.accuratereviews.com\\\/it\\\/?s={search_term_string}\"},\"query-input\":{\"@type\":\"PropertyValueSpecification\",\"valueRequired\":true,\"valueName\":\"search_term_string\"}}],\"inLanguage\":\"it-IT\"}]}<\/script>\n<!-- \/ Yoast SEO plugin. -->","yoast_head_json":{"title":"DeepL Pro: recensione software intelligenza artificiale - Accurate Reviews","description":"DeepL Pro: recensione soluzione di traduzione automatica che utilizza reti neurali per generare traduzioni accurate e sicure in pi\u00f9 lingue.","robots":{"index":"index","follow":"follow","max-snippet":"max-snippet:-1","max-image-preview":"max-image-preview:large","max-video-preview":"max-video-preview:-1"},"canonical":"https:\/\/www.accuratereviews.com\/it\/software-intelligenza-artificiale\/deepl-pro-recensione\/","og_locale":"it_IT","og_type":"article","og_title":"DeepL Pro: recensione software intelligenza artificiale - Accurate Reviews","og_description":"DeepL Pro: recensione soluzione di traduzione automatica che utilizza reti neurali per generare traduzioni accurate e sicure in pi\u00f9 lingue.","og_url":"https:\/\/www.accuratereviews.com\/it\/software-intelligenza-artificiale\/deepl-pro-recensione\/","og_site_name":"Accurate Reviews","article_modified_time":"2025-02-01T14:41:21+00:00","og_image":[{"width":200,"height":200,"url":"https:\/\/www.accuratereviews.com\/wp-content\/uploads\/2025\/01\/DeepL-Pro-Logo.webp","type":"image\/webp"}],"twitter_card":"summary_large_image","twitter_misc":{"Tempo di lettura stimato":"5 minuti"},"schema":{"@context":"https:\/\/schema.org","@graph":[{"@type":"WebPage","@id":"https:\/\/www.accuratereviews.com\/it\/software-intelligenza-artificiale\/deepl-pro-recensione\/","url":"https:\/\/www.accuratereviews.com\/it\/software-intelligenza-artificiale\/deepl-pro-recensione\/","name":"DeepL Pro: recensione software intelligenza artificiale - Accurate Reviews","isPartOf":{"@id":"https:\/\/www.accuratereviews.com\/it\/#website"},"primaryImageOfPage":{"@id":"https:\/\/www.accuratereviews.com\/it\/software-intelligenza-artificiale\/deepl-pro-recensione\/#primaryimage"},"image":{"@id":"https:\/\/www.accuratereviews.com\/it\/software-intelligenza-artificiale\/deepl-pro-recensione\/#primaryimage"},"thumbnailUrl":"https:\/\/www.accuratereviews.com\/wp-content\/uploads\/2025\/01\/DeepL-Pro-Logo.webp","datePublished":"2025-01-29T17:46:46+00:00","dateModified":"2025-02-01T14:41:21+00:00","description":"DeepL Pro: recensione soluzione di traduzione automatica che utilizza reti neurali per generare traduzioni accurate e sicure in pi\u00f9 lingue.","breadcrumb":{"@id":"https:\/\/www.accuratereviews.com\/it\/software-intelligenza-artificiale\/deepl-pro-recensione\/#breadcrumb"},"inLanguage":"it-IT","potentialAction":[{"@type":"ReadAction","target":["https:\/\/www.accuratereviews.com\/it\/software-intelligenza-artificiale\/deepl-pro-recensione\/"]}]},{"@type":"ImageObject","inLanguage":"it-IT","@id":"https:\/\/www.accuratereviews.com\/it\/software-intelligenza-artificiale\/deepl-pro-recensione\/#primaryimage","url":"https:\/\/www.accuratereviews.com\/wp-content\/uploads\/2025\/01\/DeepL-Pro-Logo.webp","contentUrl":"https:\/\/www.accuratereviews.com\/wp-content\/uploads\/2025\/01\/DeepL-Pro-Logo.webp","width":200,"height":200},{"@type":"BreadcrumbList","@id":"https:\/\/www.accuratereviews.com\/it\/software-intelligenza-artificiale\/deepl-pro-recensione\/#breadcrumb","itemListElement":[{"@type":"ListItem","position":1,"name":"Home","item":"https:\/\/www.accuratereviews.com\/it\/"},{"@type":"ListItem","position":2,"name":"Software di intelligenza artificiale","item":"https:\/\/www.accuratereviews.com\/it\/software-intelligenza-artificiale\/"},{"@type":"ListItem","position":3,"name":"DeepL Pro"}]},{"@type":"WebSite","@id":"https:\/\/www.accuratereviews.com\/it\/#website","url":"https:\/\/www.accuratereviews.com\/it\/","name":"Accurate Reviews","description":"","potentialAction":[{"@type":"SearchAction","target":{"@type":"EntryPoint","urlTemplate":"https:\/\/www.accuratereviews.com\/it\/?s={search_term_string}"},"query-input":{"@type":"PropertyValueSpecification","valueRequired":true,"valueName":"search_term_string"}}],"inLanguage":"it-IT"}]}},"_links":{"self":[{"href":"https:\/\/www.accuratereviews.com\/it\/wp-json\/wp\/v2\/pages\/83100","targetHints":{"allow":["GET"]}}],"collection":[{"href":"https:\/\/www.accuratereviews.com\/it\/wp-json\/wp\/v2\/pages"}],"about":[{"href":"https:\/\/www.accuratereviews.com\/it\/wp-json\/wp\/v2\/types\/page"}],"author":[{"embeddable":true,"href":"https:\/\/www.accuratereviews.com\/it\/wp-json\/wp\/v2\/users\/19"}],"replies":[{"embeddable":true,"href":"https:\/\/www.accuratereviews.com\/it\/wp-json\/wp\/v2\/comments?post=83100"}],"version-history":[{"count":10,"href":"https:\/\/www.accuratereviews.com\/it\/wp-json\/wp\/v2\/pages\/83100\/revisions"}],"predecessor-version":[{"id":83323,"href":"https:\/\/www.accuratereviews.com\/it\/wp-json\/wp\/v2\/pages\/83100\/revisions\/83323"}],"up":[{"embeddable":true,"href":"https:\/\/www.accuratereviews.com\/it\/wp-json\/wp\/v2\/pages\/79864"}],"wp:featuredmedia":[{"embeddable":true,"href":"https:\/\/www.accuratereviews.com\/it\/wp-json\/wp\/v2\/media\/83114"}],"wp:attachment":[{"href":"https:\/\/www.accuratereviews.com\/it\/wp-json\/wp\/v2\/media?parent=83100"}],"wp:term":[{"taxonomy":"category","embeddable":true,"href":"https:\/\/www.accuratereviews.com\/it\/wp-json\/wp\/v2\/categories?post=83100"},{"taxonomy":"post_tag","embeddable":true,"href":"https:\/\/www.accuratereviews.com\/it\/wp-json\/wp\/v2\/tags?post=83100"},{"taxonomy":"features","embeddable":true,"href":"https:\/\/www.accuratereviews.com\/it\/wp-json\/wp\/v2\/features?post=83100"}],"curies":[{"name":"wp","href":"https:\/\/api.w.org\/{rel}","templated":true}]}}