{"id":83185,"date":"2025-01-30T16:03:42","date_gmt":"2025-01-30T16:03:42","guid":{"rendered":"https:\/\/www.accuratereviews.com\/?page_id=83185"},"modified":"2025-01-30T16:03:42","modified_gmt":"2025-01-30T16:03:42","slug":"contents-ai-recensione","status":"publish","type":"page","link":"https:\/\/www.accuratereviews.com\/it\/software-intelligenza-artificiale\/contents-ai-recensione\/","title":{"rendered":"Contents.ai"},"content":{"rendered":"<p><strong>Contents.ai<\/strong> \u00e8 una piattaforma di <strong>copywriting<\/strong>, basata sull<strong>&#8216;intelligenza artificiale<\/strong>, che genera contenuti in pi\u00f9 lingue ottimizzati per SEO. Con solo un titolo e una breve descrizione, il programma pu\u00f2 creare post di blog, descrizioni di prodotti, post sui social media, testi pubblicitari e altro ancora per aiutare i venditori, gli scrittori e i marchi a produrre rapidamente contenuti di alta qualit\u00e0.<br \/>\n<strong>Contents.ai <\/strong>\u00e8 progettato per essere estremamente facile da usare: basta inserire un titolo e una breve descrizione e l&#8217;<strong>intelligenza artificiale<\/strong> generer\u00e0 contenuti ottimizzati e simili a quelli umani in pochi secondi. Il contenuto generato \u00e8 multilingue, con un&#8217;attenzione particolare alla produzione di contenuti in lingua italiana che seguono le migliori pratiche SEO di base.<\/p>\n<h2>CONTENTS.AI &#8211; TUTORIAL<\/h2>\n<div id=\"fluid-wrapper-counter-1\" class=\"g1-fluid-wrapper \" style=\"width:686px;\">\n<div style=\"padding-bottom:56.268221574344%;\"><iframe loading=\"lazy\" title=\"Contents.ai - AI Chat Multimodal\" width=\"686\" height=\"386\" src=\"https:\/\/www.youtube.com\/embed\/juJ5kldbVrE?feature=oembed&amp;wmode=transparent&amp;autohide=1&amp;autoplay=0&amp;disablekb=0&amp;fs=1&amp;loop=0&amp;enablejsapi=1&amp;rel=0&amp;controls=2&amp;showinfo=0&amp;wmode=transparent&amp;autohide=2&amp;autoplay=0&amp;disablekb=0&amp;fs=1&amp;loop=0&amp;enablejsapi=1&amp;rel=0&amp;controls=2&amp;showinfo=1\" frameborder=\"0\" allow=\"accelerometer; autoplay; clipboard-write; encrypted-media; gyroscope; picture-in-picture; web-share\" referrerpolicy=\"strict-origin-when-cross-origin\" allowfullscreen><\/iframe><\/div>\n<\/div>\n<h3>CONTENTS.AI &#8211; CARATTERISTICHE<\/h3>\n<ul>\n<li><strong>Preserva la tua identit\u00e0<\/strong>: genera contenuti basati sull&#8217;AI perfettamente in linea con l&#8217;etica del tuo brand, su qualunque canale tu voglia comunicare.<\/li>\n<li><strong>Garantisci contenuti uniformi<\/strong>: assicurati che ogni contenuto sia in linea con la personalit\u00e0, l&#8217;estetica e la vision del tuo brand.<\/li>\n<li><strong>Accelera la produzione di contenuti<\/strong>: realizza contenuti dieci volte pi\u00f9 rapidamente mantenendo l&#8217;unicit\u00e0 del tuo marchio.<\/li>\n<li><strong>Condividi i dettagli essenziali<\/strong>: con il programma puoi condividere dettagli fondamentali sul tuo brand, come il pubblico di riferimento e il tone of voice, per permettere all&#8217;AI di creare sempre contenuti pertinenti, in linea con il brand e adatti alla tua attivit\u00e0.<\/li>\n<li><strong>Supporto end-to-end per le campagne<\/strong>: sfrutta le capacit\u00e0 dell\u2019AI avanzata per mettere a punto nuove idee creative per le campagne, per poi produrre immediatamente gli elementi della campagna in base alle tue esigenze.<\/li>\n<li><strong>Carica informazioni per garantire l\u2019accuratezza dei contenuti<\/strong>: condividi informazioni sull\u2019azienda, sulle offerte e sui target demografici, assicurandoti che i contenuti generati siano sempre accurati.<\/li>\n<li><strong>Archivia i tuoi dati in modo sicuro<\/strong>: le informazioni che carichi sul software rimangono di tua esclusiva propriet\u00e0. Non utilizziamo mai i dati dei clienti per addestrare modelli di AI esterni. Tutti i dati rimangono criptati durante la trasmissione e l\u2019archiviazione.<\/li>\n<\/ul>\n<h4>LE RECENSIONE DEGLI UTENTI<\/h4>\n<p><strong>Piergiorgio &#8220;Finalmente un&#8217;Intelligenza Artificiale Italiana&#8221;<\/strong><br \/>\n<strong>Commenti<\/strong>: Semplice e facilmente usabile, nonostante all&#8217;inizio mi sia sembrata un p\u00f2 complessa, sono bastati 30 minuti per avere molta pi\u00f9 dimestichezza nell&#8217;uso quotidiano<br \/>\n<strong>Pro<\/strong>: Cortesia e attenzione unica nei confronti delle persone (anche se non clienti)<br \/>\n<strong>Contro<\/strong>: Non conosco bene la home page, forse unico consiglio sarebbe quello di rendere la Dashboard pi\u00f9 semplice<\/p>\n<p><strong>Alessandro &#8220;Fantastico&#8221;<\/strong><br \/>\n<strong>Pro<\/strong>: Tutto davvero eccezionale, complimenti. Sono molto soddisfatto anche del servizio clienti<br \/>\n<strong>Contro<\/strong>: La parte di generazione delle animazioni da testo (in beta) dovrebbe funzionare in modo pi\u00f9 performante.<\/p>\n<p><strong>Mario Rino &#8220;Ottimo servizio, facile da usare.&#8221;<\/strong><br \/>\n<strong>Pro<\/strong>: L&#8217;idea di trovare pi\u00f9 strumenti nello stesso posto e la semplicit\u00e0 di utilizzo.<br \/>\n<strong>Contro<\/strong>: Non mi piacciono completamente le voci che Contents mette a disposizione nella conversione dal testo alla voce. E la lettura \u00e8 metallica, fastidiosa, direi. Preferirei voci tipo quelle presenti in Cohesive, belle da sentire ma anche straordinariamente fedeli nella lettura.<\/p>\n","protected":false},"excerpt":{"rendered":"<p>Contents.ai \u00e8 una piattaforma di copywriting, basata sull&#8217;intelligenza artificiale, che genera contenuti in pi\u00f9 lingue ottimizzati per SEO. Con solo un titolo e una breve descrizione, il programma pu\u00f2 creare post di blog, descrizioni di prodotti, post sui social media, testi pubblicitari e altro ancora per aiutare i venditori, gli scrittori e i marchi a produrre rapidamente contenuti di alta qualit\u00e0.<\/p>\n","protected":false},"author":19,"featured_media":83207,"parent":79864,"menu_order":0,"comment_status":"open","ping_status":"closed","template":"g1_template_page_review_new.php","meta":{"_acf_changed":false,"cwp_meta_box_check":"No","cwp_rev_product_name":"","cwp_rev_product_image":"","wppr_links":[],"cwp_rev_price":"","wppr_options":[],"wppr_pros":[],"wppr_cons":[],"_monsterinsights_skip_tracking":false,"_monsterinsights_sitenote_active":false,"_monsterinsights_sitenote_note":"","_monsterinsights_sitenote_category":0,"footnotes":""},"categories":[15435],"tags":[997,15766,998,15441,15440,15479,15480],"features":[],"class_list":{"0":"post-83185","1":"page","2":"type-page","3":"status-publish","4":"has-post-thumbnail","6":"category-software-intelligenza-artificiale-cat","7":"tag-ai","8":"tag-contents-ai","9":"tag-intelligenza-artificiale","10":"tag-piattaforma-intelligenza-artificiale","11":"tag-programma-intelligenza-artificiale","12":"tag-software-intelligenza-artificiale","13":"tag-soluzione-intelligenza-artificiale"},"wppr_data":{"cwp_meta_box_check":"No"},"acf":[],"yoast_head":"<!-- This site is optimized with the Yoast SEO plugin v27.4 - https:\/\/yoast.com\/product\/yoast-seo-wordpress\/ -->\n<title>Contents.ai: recensione software intelligenza artificiale - Accurate Reviews<\/title>\n<meta name=\"description\" content=\"Contents.ai: recensione soluzione di copywriting basata sull&#039;intelligenza artificiale che genera contenuti in pi\u00f9 lingue ottimizzati per SEO.\" \/>\n<meta name=\"robots\" content=\"index, follow, max-snippet:-1, max-image-preview:large, max-video-preview:-1\" \/>\n<link rel=\"canonical\" href=\"https:\/\/www.accuratereviews.com\/it\/software-intelligenza-artificiale\/contents-ai-recensione\/\" \/>\n<meta property=\"og:locale\" content=\"it_IT\" \/>\n<meta property=\"og:type\" content=\"article\" \/>\n<meta property=\"og:title\" content=\"Contents.ai: recensione software intelligenza artificiale - Accurate Reviews\" \/>\n<meta property=\"og:description\" content=\"Contents.ai: recensione soluzione di copywriting basata sull&#039;intelligenza artificiale che genera contenuti in pi\u00f9 lingue ottimizzati per SEO.\" \/>\n<meta property=\"og:url\" content=\"https:\/\/www.accuratereviews.com\/it\/software-intelligenza-artificiale\/contents-ai-recensione\/\" \/>\n<meta property=\"og:site_name\" content=\"Accurate Reviews\" \/>\n<meta property=\"og:image\" content=\"https:\/\/www.accuratereviews.com\/wp-content\/uploads\/2025\/01\/Screenshot-2025-01-30-113615.png\" \/>\n\t<meta property=\"og:image:width\" content=\"977\" \/>\n\t<meta property=\"og:image:height\" content=\"222\" \/>\n\t<meta property=\"og:image:type\" content=\"image\/png\" \/>\n<meta name=\"twitter:card\" content=\"summary_large_image\" \/>\n<meta name=\"twitter:label1\" content=\"Tempo di lettura stimato\" \/>\n\t<meta name=\"twitter:data1\" content=\"4 minuti\" \/>\n<script type=\"application\/ld+json\" class=\"yoast-schema-graph\">{\"@context\":\"https:\\\/\\\/schema.org\",\"@graph\":[{\"@type\":\"WebPage\",\"@id\":\"https:\\\/\\\/www.accuratereviews.com\\\/it\\\/software-intelligenza-artificiale\\\/contents-ai-recensione\\\/\",\"url\":\"https:\\\/\\\/www.accuratereviews.com\\\/it\\\/software-intelligenza-artificiale\\\/contents-ai-recensione\\\/\",\"name\":\"Contents.ai: recensione software intelligenza artificiale - Accurate Reviews\",\"isPartOf\":{\"@id\":\"https:\\\/\\\/www.accuratereviews.com\\\/it\\\/#website\"},\"primaryImageOfPage\":{\"@id\":\"https:\\\/\\\/www.accuratereviews.com\\\/it\\\/software-intelligenza-artificiale\\\/contents-ai-recensione\\\/#primaryimage\"},\"image\":{\"@id\":\"https:\\\/\\\/www.accuratereviews.com\\\/it\\\/software-intelligenza-artificiale\\\/contents-ai-recensione\\\/#primaryimage\"},\"thumbnailUrl\":\"https:\\\/\\\/www.accuratereviews.com\\\/wp-content\\\/uploads\\\/2025\\\/01\\\/Screenshot-2025-01-30-113615.png\",\"datePublished\":\"2025-01-30T16:03:42+00:00\",\"description\":\"Contents.ai: recensione soluzione di copywriting basata sull'intelligenza artificiale che genera contenuti in pi\u00f9 lingue ottimizzati per SEO.\",\"breadcrumb\":{\"@id\":\"https:\\\/\\\/www.accuratereviews.com\\\/it\\\/software-intelligenza-artificiale\\\/contents-ai-recensione\\\/#breadcrumb\"},\"inLanguage\":\"it-IT\",\"potentialAction\":[{\"@type\":\"ReadAction\",\"target\":[\"https:\\\/\\\/www.accuratereviews.com\\\/it\\\/software-intelligenza-artificiale\\\/contents-ai-recensione\\\/\"]}]},{\"@type\":\"ImageObject\",\"inLanguage\":\"it-IT\",\"@id\":\"https:\\\/\\\/www.accuratereviews.com\\\/it\\\/software-intelligenza-artificiale\\\/contents-ai-recensione\\\/#primaryimage\",\"url\":\"https:\\\/\\\/www.accuratereviews.com\\\/wp-content\\\/uploads\\\/2025\\\/01\\\/Screenshot-2025-01-30-113615.png\",\"contentUrl\":\"https:\\\/\\\/www.accuratereviews.com\\\/wp-content\\\/uploads\\\/2025\\\/01\\\/Screenshot-2025-01-30-113615.png\",\"width\":977,\"height\":222},{\"@type\":\"BreadcrumbList\",\"@id\":\"https:\\\/\\\/www.accuratereviews.com\\\/it\\\/software-intelligenza-artificiale\\\/contents-ai-recensione\\\/#breadcrumb\",\"itemListElement\":[{\"@type\":\"ListItem\",\"position\":1,\"name\":\"Home\",\"item\":\"https:\\\/\\\/www.accuratereviews.com\\\/it\\\/\"},{\"@type\":\"ListItem\",\"position\":2,\"name\":\"Software di intelligenza artificiale\",\"item\":\"https:\\\/\\\/www.accuratereviews.com\\\/it\\\/software-intelligenza-artificiale\\\/\"},{\"@type\":\"ListItem\",\"position\":3,\"name\":\"Contents.ai\"}]},{\"@type\":\"WebSite\",\"@id\":\"https:\\\/\\\/www.accuratereviews.com\\\/it\\\/#website\",\"url\":\"https:\\\/\\\/www.accuratereviews.com\\\/it\\\/\",\"name\":\"Accurate Reviews\",\"description\":\"\",\"potentialAction\":[{\"@type\":\"SearchAction\",\"target\":{\"@type\":\"EntryPoint\",\"urlTemplate\":\"https:\\\/\\\/www.accuratereviews.com\\\/it\\\/?s={search_term_string}\"},\"query-input\":{\"@type\":\"PropertyValueSpecification\",\"valueRequired\":true,\"valueName\":\"search_term_string\"}}],\"inLanguage\":\"it-IT\"}]}<\/script>\n<!-- \/ Yoast SEO plugin. -->","yoast_head_json":{"title":"Contents.ai: recensione software intelligenza artificiale - Accurate Reviews","description":"Contents.ai: recensione soluzione di copywriting basata sull'intelligenza artificiale che genera contenuti in pi\u00f9 lingue ottimizzati per SEO.","robots":{"index":"index","follow":"follow","max-snippet":"max-snippet:-1","max-image-preview":"max-image-preview:large","max-video-preview":"max-video-preview:-1"},"canonical":"https:\/\/www.accuratereviews.com\/it\/software-intelligenza-artificiale\/contents-ai-recensione\/","og_locale":"it_IT","og_type":"article","og_title":"Contents.ai: recensione software intelligenza artificiale - Accurate Reviews","og_description":"Contents.ai: recensione soluzione di copywriting basata sull'intelligenza artificiale che genera contenuti in pi\u00f9 lingue ottimizzati per SEO.","og_url":"https:\/\/www.accuratereviews.com\/it\/software-intelligenza-artificiale\/contents-ai-recensione\/","og_site_name":"Accurate Reviews","og_image":[{"width":977,"height":222,"url":"https:\/\/www.accuratereviews.com\/wp-content\/uploads\/2025\/01\/Screenshot-2025-01-30-113615.png","type":"image\/png"}],"twitter_card":"summary_large_image","twitter_misc":{"Tempo di lettura stimato":"4 minuti"},"schema":{"@context":"https:\/\/schema.org","@graph":[{"@type":"WebPage","@id":"https:\/\/www.accuratereviews.com\/it\/software-intelligenza-artificiale\/contents-ai-recensione\/","url":"https:\/\/www.accuratereviews.com\/it\/software-intelligenza-artificiale\/contents-ai-recensione\/","name":"Contents.ai: recensione software intelligenza artificiale - Accurate Reviews","isPartOf":{"@id":"https:\/\/www.accuratereviews.com\/it\/#website"},"primaryImageOfPage":{"@id":"https:\/\/www.accuratereviews.com\/it\/software-intelligenza-artificiale\/contents-ai-recensione\/#primaryimage"},"image":{"@id":"https:\/\/www.accuratereviews.com\/it\/software-intelligenza-artificiale\/contents-ai-recensione\/#primaryimage"},"thumbnailUrl":"https:\/\/www.accuratereviews.com\/wp-content\/uploads\/2025\/01\/Screenshot-2025-01-30-113615.png","datePublished":"2025-01-30T16:03:42+00:00","description":"Contents.ai: recensione soluzione di copywriting basata sull'intelligenza artificiale che genera contenuti in pi\u00f9 lingue ottimizzati per SEO.","breadcrumb":{"@id":"https:\/\/www.accuratereviews.com\/it\/software-intelligenza-artificiale\/contents-ai-recensione\/#breadcrumb"},"inLanguage":"it-IT","potentialAction":[{"@type":"ReadAction","target":["https:\/\/www.accuratereviews.com\/it\/software-intelligenza-artificiale\/contents-ai-recensione\/"]}]},{"@type":"ImageObject","inLanguage":"it-IT","@id":"https:\/\/www.accuratereviews.com\/it\/software-intelligenza-artificiale\/contents-ai-recensione\/#primaryimage","url":"https:\/\/www.accuratereviews.com\/wp-content\/uploads\/2025\/01\/Screenshot-2025-01-30-113615.png","contentUrl":"https:\/\/www.accuratereviews.com\/wp-content\/uploads\/2025\/01\/Screenshot-2025-01-30-113615.png","width":977,"height":222},{"@type":"BreadcrumbList","@id":"https:\/\/www.accuratereviews.com\/it\/software-intelligenza-artificiale\/contents-ai-recensione\/#breadcrumb","itemListElement":[{"@type":"ListItem","position":1,"name":"Home","item":"https:\/\/www.accuratereviews.com\/it\/"},{"@type":"ListItem","position":2,"name":"Software di intelligenza artificiale","item":"https:\/\/www.accuratereviews.com\/it\/software-intelligenza-artificiale\/"},{"@type":"ListItem","position":3,"name":"Contents.ai"}]},{"@type":"WebSite","@id":"https:\/\/www.accuratereviews.com\/it\/#website","url":"https:\/\/www.accuratereviews.com\/it\/","name":"Accurate Reviews","description":"","potentialAction":[{"@type":"SearchAction","target":{"@type":"EntryPoint","urlTemplate":"https:\/\/www.accuratereviews.com\/it\/?s={search_term_string}"},"query-input":{"@type":"PropertyValueSpecification","valueRequired":true,"valueName":"search_term_string"}}],"inLanguage":"it-IT"}]}},"_links":{"self":[{"href":"https:\/\/www.accuratereviews.com\/it\/wp-json\/wp\/v2\/pages\/83185","targetHints":{"allow":["GET"]}}],"collection":[{"href":"https:\/\/www.accuratereviews.com\/it\/wp-json\/wp\/v2\/pages"}],"about":[{"href":"https:\/\/www.accuratereviews.com\/it\/wp-json\/wp\/v2\/types\/page"}],"author":[{"embeddable":true,"href":"https:\/\/www.accuratereviews.com\/it\/wp-json\/wp\/v2\/users\/19"}],"replies":[{"embeddable":true,"href":"https:\/\/www.accuratereviews.com\/it\/wp-json\/wp\/v2\/comments?post=83185"}],"version-history":[{"count":12,"href":"https:\/\/www.accuratereviews.com\/it\/wp-json\/wp\/v2\/pages\/83185\/revisions"}],"predecessor-version":[{"id":83229,"href":"https:\/\/www.accuratereviews.com\/it\/wp-json\/wp\/v2\/pages\/83185\/revisions\/83229"}],"up":[{"embeddable":true,"href":"https:\/\/www.accuratereviews.com\/it\/wp-json\/wp\/v2\/pages\/79864"}],"wp:featuredmedia":[{"embeddable":true,"href":"https:\/\/www.accuratereviews.com\/it\/wp-json\/wp\/v2\/media\/83207"}],"wp:attachment":[{"href":"https:\/\/www.accuratereviews.com\/it\/wp-json\/wp\/v2\/media?parent=83185"}],"wp:term":[{"taxonomy":"category","embeddable":true,"href":"https:\/\/www.accuratereviews.com\/it\/wp-json\/wp\/v2\/categories?post=83185"},{"taxonomy":"post_tag","embeddable":true,"href":"https:\/\/www.accuratereviews.com\/it\/wp-json\/wp\/v2\/tags?post=83185"},{"taxonomy":"features","embeddable":true,"href":"https:\/\/www.accuratereviews.com\/it\/wp-json\/wp\/v2\/features?post=83185"}],"curies":[{"name":"wp","href":"https:\/\/api.w.org\/{rel}","templated":true}]}}