{"id":8337,"date":"2016-02-19T16:57:23","date_gmt":"2016-02-19T16:57:23","guid":{"rendered":"http:\/\/www.accuratereviews.com\/online-project-management-user-guide\/"},"modified":"2017-03-06T15:40:53","modified_gmt":"2017-03-06T15:40:53","slug":"project-management-online-guida-utente","status":"publish","type":"page","link":"https:\/\/www.accuratereviews.com\/it\/project-management-online-guida-utente\/","title":{"rendered":"Project Management Online"},"content":{"rendered":"<p><a href=\"http:\/\/www.accuratereviews.com\/wp-content\/uploads\/2015\/05\/Project-Management-Online.jpg\" rel=\"attachment wp-att-3062\"><img loading=\"lazy\" decoding=\"async\" class=\"alignleft size-full wp-image-3062\" src=\"http:\/\/www.accuratereviews.com\/wp-content\/uploads\/2015\/05\/Project-Management-Online.jpg\" alt=\"Project Management Online\" width=\"960\" height=\"637\" srcset=\"https:\/\/www.accuratereviews.com\/wp-content\/uploads\/2015\/05\/Project-Management-Online.jpg 960w, https:\/\/www.accuratereviews.com\/wp-content\/uploads\/2015\/05\/Project-Management-Online-300x199.jpg 300w, https:\/\/www.accuratereviews.com\/wp-content\/uploads\/2015\/05\/Project-Management-Online-768x510.jpg 768w, https:\/\/www.accuratereviews.com\/wp-content\/uploads\/2015\/05\/Project-Management-Online-188x125.jpg 188w, https:\/\/www.accuratereviews.com\/wp-content\/uploads\/2015\/05\/Project-Management-Online-50x33.jpg 50w, https:\/\/www.accuratereviews.com\/wp-content\/uploads\/2015\/05\/Project-Management-Online-636x422.jpg 636w, https:\/\/www.accuratereviews.com\/wp-content\/uploads\/2015\/05\/Project-Management-Online-320x212.jpg 320w, https:\/\/www.accuratereviews.com\/wp-content\/uploads\/2015\/05\/Project-Management-Online-239x159.jpg 239w\" sizes=\"auto, (max-width: 960px) 100vw, 960px\" \/><\/a><\/p>\n<p>Una dei migliori risultati nel trovare il miglior metodo per gestire la vostra azienda \u00e8 <strong>aumentarne l\u2019efficienza<\/strong>, dal momento che avrete lo status di tutti i vostri progetti sott\u2019occhio. <strong>La maggior parte del software che abbiamo recensito pu\u00f2 aiutare il vostro gruppo di lavoro a essere sincronizzati riguardo l\u2019evoluzione del progetto<\/strong>, e aggiungere i contributi di ogni membro. Se gli strumenti sono abbastanza facili da utilizzare, tutti i colleghi possono essere aggiornati e produttivi. Certo, dipende tutto dal lavoro che va fatto e dai vostri bisogni: <strong>potrebbe benissimo essere che abbiate bisogno soltanto di comunicare meglio<\/strong>, il che non significa usare per forza uno strumento per la gestione dei progetti, ma potrebbe certamente migliorare la maniera in cui lavorate. Se \u00e8 il vostro caso, magari potreste provare uno degli strumenti di nuova concezione come <a href=\"https:\/\/www.accuratereviews.com\/it\/chat-i-migliori-im-lista\/slack\/\" target=\"_blank\">Slack<\/a> o HipChat, oppure affidarvi al buon vecchio <a href=\"https:\/\/www.accuratereviews.com\/it\/chat-i-migliori-im-lista\/microsoft-skype\/\" target=\"_blank\">Skype<\/a>.<\/p>\n<p>Se dovete occuparvi di <strong>diversi progetti, con diverse scadenze l\u2019uno dall\u2019altro<\/strong>, diverse attivit\u00e0 da compiere e risorse da distribuire, allora \u00e8 meglio che testiate <strong>uno strumento pi\u00f9 articolato che includa funzioni professionali come gestione delle risorse, opzioni per budget e consuntivi, report e grafici<\/strong> (specialmente Gantt). Quasi tutti i software che abbiamo recensito e che potete trovare hanno delle funzioni minime per il calendario interno, gestione delle attivit\u00e0 e anche strumenti collaborativi per creare e modificare documenti. Molti aggiungono a questa lista di funzionalit\u00e0 dello spazio di archiviazione online, ma dovrete cercare strumenti specializzati per avere funzioni specifiche come il monitoraggio del tempo o funzioni di contabilit\u00e0.<\/p>\n<p><strong>Oggigiorno la maggior parte delle app pi\u00f9 belle sono Saas (Software as a Service), ovvero funzionano completamente dal vostro browser<\/strong>. Online, avete bisogno soltanto di un nome utente e una password, e riuscirete a lavorare ovunque, sapendo che i vostri file sono su internet e pronti a essere usati senza alcuna limitazione dovuta alla vostra posizione, ma essendo tutto online, la sicurezza \u00e8 una questione delicata, e dovreste occuparvene seriamente &#8211; senza considerare il fatto che se non siete online, non potete lavorare.<\/p>\n<p><strong>Ci sono molti servizi e software tra i quali scegliere, a seconda di quello che vi serve<\/strong>: il settore spazia da nuove forme di comunicazione a suite complesse che controllano ogni aspetto della vostra azienda. La cosa pi\u00f9 ovvia per cui servono questo tipo di software \u00e8 aiutarvi, ma a volte questi strumenti professionali sono cos\u00ec stratificati che diventano ostacoli, e finite per cercare soluzioni pi\u00f9 semplici. D\u2019altro canto, se voi o qualcuno del vostro gruppo \u00e8 portato per le minuzie informatiche, alcuni software vi permettono di personalizzarli a fondo.<\/p>\n","protected":false},"excerpt":{"rendered":"<p>Una dei migliori risultati nel trovare il miglior metodo per gestire la vostra azienda \u00e8 aumentarne l\u2019efficienza, dal momento che avrete lo status di tutti i vostri progetti sott\u2019occhio. La maggior parte del software che abbiamo recensito pu\u00f2 aiutare il vostro gruppo di lavoro a essere sincronizzati riguardo l\u2019evoluzione del progetto, e aggiungere i contributi [&hellip;]<\/p>\n","protected":false},"author":16,"featured_media":0,"parent":0,"menu_order":96,"comment_status":"closed","ping_status":"closed","template":"g1_template_page_category_userguide.php","meta":{"_acf_changed":false,"cwp_meta_box_check":"No","cwp_rev_product_name":"","cwp_rev_product_image":"","wppr_links":[],"cwp_rev_price":"","wppr_options":[],"wppr_pros":[],"wppr_cons":[],"_monsterinsights_skip_tracking":false,"_monsterinsights_sitenote_active":false,"_monsterinsights_sitenote_note":"","_monsterinsights_sitenote_category":0,"footnotes":""},"categories":[172],"tags":[],"features":[],"class_list":{"0":"post-8337","1":"page","2":"type-page","3":"status-publish","5":"category-online-project-management-it"},"wppr_data":{"cwp_meta_box_check":"No","cwp_rev_product_name":"","cwp_rev_product_image":"","cwp_image_link":"image","cwp_rev_price":""},"acf":[],"yoast_head":"<!-- This site is optimized with the Yoast SEO plugin v27.4 - https:\/\/yoast.com\/product\/yoast-seo-wordpress\/ -->\n<title>La guida ai migliori servizi online di project management<\/title>\n<meta name=\"description\" content=\"I nostri esperti vi sapranno consigliare i migliori servizi di project management per i vostri progetti di lavoro - e anche personali.\" \/>\n<meta name=\"robots\" content=\"index, follow, max-snippet:-1, max-image-preview:large, max-video-preview:-1\" \/>\n<link rel=\"canonical\" href=\"https:\/\/www.accuratereviews.com\/it\/project-management-online-guida-utente\/\" \/>\n<meta property=\"og:locale\" content=\"it_IT\" \/>\n<meta property=\"og:type\" content=\"article\" \/>\n<meta property=\"og:title\" content=\"La guida ai migliori servizi online di project management\" \/>\n<meta property=\"og:description\" content=\"I nostri esperti vi sapranno consigliare i migliori servizi di project management per i vostri progetti di lavoro - e anche personali.\" \/>\n<meta property=\"og:url\" content=\"https:\/\/www.accuratereviews.com\/it\/project-management-online-guida-utente\/\" \/>\n<meta property=\"og:site_name\" content=\"Accurate Reviews\" \/>\n<meta property=\"article:modified_time\" content=\"2017-03-06T15:40:53+00:00\" \/>\n<meta property=\"og:image\" content=\"http:\/\/www.accuratereviews.com\/wp-content\/uploads\/2015\/05\/Project-Management-Online.jpg\" \/>\n<meta name=\"twitter:card\" content=\"summary_large_image\" \/>\n<meta name=\"twitter:label1\" content=\"Tempo di lettura stimato\" \/>\n\t<meta name=\"twitter:data1\" content=\"2 minuti\" \/>\n<script type=\"application\/ld+json\" class=\"yoast-schema-graph\">{\"@context\":\"https:\\\/\\\/schema.org\",\"@graph\":[{\"@type\":\"WebPage\",\"@id\":\"https:\\\/\\\/www.accuratereviews.com\\\/it\\\/project-management-online-guida-utente\\\/\",\"url\":\"https:\\\/\\\/www.accuratereviews.com\\\/it\\\/project-management-online-guida-utente\\\/\",\"name\":\"La guida ai migliori servizi online di project management\",\"isPartOf\":{\"@id\":\"https:\\\/\\\/www.accuratereviews.com\\\/it\\\/#website\"},\"primaryImageOfPage\":{\"@id\":\"https:\\\/\\\/www.accuratereviews.com\\\/it\\\/project-management-online-guida-utente\\\/#primaryimage\"},\"image\":{\"@id\":\"https:\\\/\\\/www.accuratereviews.com\\\/it\\\/project-management-online-guida-utente\\\/#primaryimage\"},\"thumbnailUrl\":\"http:\\\/\\\/www.accuratereviews.com\\\/wp-content\\\/uploads\\\/2015\\\/05\\\/Project-Management-Online.jpg\",\"datePublished\":\"2016-02-19T16:57:23+00:00\",\"dateModified\":\"2017-03-06T15:40:53+00:00\",\"description\":\"I nostri esperti vi sapranno consigliare i migliori servizi di project management per i vostri progetti di lavoro - e anche personali.\",\"breadcrumb\":{\"@id\":\"https:\\\/\\\/www.accuratereviews.com\\\/it\\\/project-management-online-guida-utente\\\/#breadcrumb\"},\"inLanguage\":\"it-IT\",\"potentialAction\":[{\"@type\":\"ReadAction\",\"target\":[\"https:\\\/\\\/www.accuratereviews.com\\\/it\\\/project-management-online-guida-utente\\\/\"]}]},{\"@type\":\"ImageObject\",\"inLanguage\":\"it-IT\",\"@id\":\"https:\\\/\\\/www.accuratereviews.com\\\/it\\\/project-management-online-guida-utente\\\/#primaryimage\",\"url\":\"http:\\\/\\\/www.accuratereviews.com\\\/wp-content\\\/uploads\\\/2015\\\/05\\\/Project-Management-Online.jpg\",\"contentUrl\":\"http:\\\/\\\/www.accuratereviews.com\\\/wp-content\\\/uploads\\\/2015\\\/05\\\/Project-Management-Online.jpg\"},{\"@type\":\"BreadcrumbList\",\"@id\":\"https:\\\/\\\/www.accuratereviews.com\\\/it\\\/project-management-online-guida-utente\\\/#breadcrumb\",\"itemListElement\":[{\"@type\":\"ListItem\",\"position\":1,\"name\":\"Home\",\"item\":\"https:\\\/\\\/www.accuratereviews.com\\\/it\\\/\"},{\"@type\":\"ListItem\",\"position\":2,\"name\":\"Project Management Online\"}]},{\"@type\":\"WebSite\",\"@id\":\"https:\\\/\\\/www.accuratereviews.com\\\/it\\\/#website\",\"url\":\"https:\\\/\\\/www.accuratereviews.com\\\/it\\\/\",\"name\":\"Accurate Reviews\",\"description\":\"\",\"potentialAction\":[{\"@type\":\"SearchAction\",\"target\":{\"@type\":\"EntryPoint\",\"urlTemplate\":\"https:\\\/\\\/www.accuratereviews.com\\\/it\\\/?s={search_term_string}\"},\"query-input\":{\"@type\":\"PropertyValueSpecification\",\"valueRequired\":true,\"valueName\":\"search_term_string\"}}],\"inLanguage\":\"it-IT\"}]}<\/script>\n<!-- \/ Yoast SEO plugin. -->","yoast_head_json":{"title":"La guida ai migliori servizi online di project management","description":"I nostri esperti vi sapranno consigliare i migliori servizi di project management per i vostri progetti di lavoro - e anche personali.","robots":{"index":"index","follow":"follow","max-snippet":"max-snippet:-1","max-image-preview":"max-image-preview:large","max-video-preview":"max-video-preview:-1"},"canonical":"https:\/\/www.accuratereviews.com\/it\/project-management-online-guida-utente\/","og_locale":"it_IT","og_type":"article","og_title":"La guida ai migliori servizi online di project management","og_description":"I nostri esperti vi sapranno consigliare i migliori servizi di project management per i vostri progetti di lavoro - e anche personali.","og_url":"https:\/\/www.accuratereviews.com\/it\/project-management-online-guida-utente\/","og_site_name":"Accurate Reviews","article_modified_time":"2017-03-06T15:40:53+00:00","og_image":[{"url":"http:\/\/www.accuratereviews.com\/wp-content\/uploads\/2015\/05\/Project-Management-Online.jpg","type":"","width":"","height":""}],"twitter_card":"summary_large_image","twitter_misc":{"Tempo di lettura stimato":"2 minuti"},"schema":{"@context":"https:\/\/schema.org","@graph":[{"@type":"WebPage","@id":"https:\/\/www.accuratereviews.com\/it\/project-management-online-guida-utente\/","url":"https:\/\/www.accuratereviews.com\/it\/project-management-online-guida-utente\/","name":"La guida ai migliori servizi online di project management","isPartOf":{"@id":"https:\/\/www.accuratereviews.com\/it\/#website"},"primaryImageOfPage":{"@id":"https:\/\/www.accuratereviews.com\/it\/project-management-online-guida-utente\/#primaryimage"},"image":{"@id":"https:\/\/www.accuratereviews.com\/it\/project-management-online-guida-utente\/#primaryimage"},"thumbnailUrl":"http:\/\/www.accuratereviews.com\/wp-content\/uploads\/2015\/05\/Project-Management-Online.jpg","datePublished":"2016-02-19T16:57:23+00:00","dateModified":"2017-03-06T15:40:53+00:00","description":"I nostri esperti vi sapranno consigliare i migliori servizi di project management per i vostri progetti di lavoro - e anche personali.","breadcrumb":{"@id":"https:\/\/www.accuratereviews.com\/it\/project-management-online-guida-utente\/#breadcrumb"},"inLanguage":"it-IT","potentialAction":[{"@type":"ReadAction","target":["https:\/\/www.accuratereviews.com\/it\/project-management-online-guida-utente\/"]}]},{"@type":"ImageObject","inLanguage":"it-IT","@id":"https:\/\/www.accuratereviews.com\/it\/project-management-online-guida-utente\/#primaryimage","url":"http:\/\/www.accuratereviews.com\/wp-content\/uploads\/2015\/05\/Project-Management-Online.jpg","contentUrl":"http:\/\/www.accuratereviews.com\/wp-content\/uploads\/2015\/05\/Project-Management-Online.jpg"},{"@type":"BreadcrumbList","@id":"https:\/\/www.accuratereviews.com\/it\/project-management-online-guida-utente\/#breadcrumb","itemListElement":[{"@type":"ListItem","position":1,"name":"Home","item":"https:\/\/www.accuratereviews.com\/it\/"},{"@type":"ListItem","position":2,"name":"Project Management Online"}]},{"@type":"WebSite","@id":"https:\/\/www.accuratereviews.com\/it\/#website","url":"https:\/\/www.accuratereviews.com\/it\/","name":"Accurate Reviews","description":"","potentialAction":[{"@type":"SearchAction","target":{"@type":"EntryPoint","urlTemplate":"https:\/\/www.accuratereviews.com\/it\/?s={search_term_string}"},"query-input":{"@type":"PropertyValueSpecification","valueRequired":true,"valueName":"search_term_string"}}],"inLanguage":"it-IT"}]}},"_links":{"self":[{"href":"https:\/\/www.accuratereviews.com\/it\/wp-json\/wp\/v2\/pages\/8337","targetHints":{"allow":["GET"]}}],"collection":[{"href":"https:\/\/www.accuratereviews.com\/it\/wp-json\/wp\/v2\/pages"}],"about":[{"href":"https:\/\/www.accuratereviews.com\/it\/wp-json\/wp\/v2\/types\/page"}],"author":[{"embeddable":true,"href":"https:\/\/www.accuratereviews.com\/it\/wp-json\/wp\/v2\/users\/16"}],"replies":[{"embeddable":true,"href":"https:\/\/www.accuratereviews.com\/it\/wp-json\/wp\/v2\/comments?post=8337"}],"version-history":[{"count":2,"href":"https:\/\/www.accuratereviews.com\/it\/wp-json\/wp\/v2\/pages\/8337\/revisions"}],"predecessor-version":[{"id":8339,"href":"https:\/\/www.accuratereviews.com\/it\/wp-json\/wp\/v2\/pages\/8337\/revisions\/8339"}],"wp:attachment":[{"href":"https:\/\/www.accuratereviews.com\/it\/wp-json\/wp\/v2\/media?parent=8337"}],"wp:term":[{"taxonomy":"category","embeddable":true,"href":"https:\/\/www.accuratereviews.com\/it\/wp-json\/wp\/v2\/categories?post=8337"},{"taxonomy":"post_tag","embeddable":true,"href":"https:\/\/www.accuratereviews.com\/it\/wp-json\/wp\/v2\/tags?post=8337"},{"taxonomy":"features","embeddable":true,"href":"https:\/\/www.accuratereviews.com\/it\/wp-json\/wp\/v2\/features?post=8337"}],"curies":[{"name":"wp","href":"https:\/\/api.w.org\/{rel}","templated":true}]}}