{"id":83406,"date":"2025-02-03T11:55:21","date_gmt":"2025-02-03T11:55:21","guid":{"rendered":"https:\/\/www.accuratereviews.com\/?page_id=83406"},"modified":"2025-02-03T11:55:21","modified_gmt":"2025-02-03T11:55:21","slug":"automation-anywhere-recensione","status":"publish","type":"page","link":"https:\/\/www.accuratereviews.com\/it\/software-intelligenza-artificiale\/automation-anywhere-recensione\/","title":{"rendered":"Automation Anywhere"},"content":{"rendered":"<p><strong>Automation Anywhere<\/strong> \u00e8 una <strong>soluzione di automazione dei processi robotici (RPA)<\/strong>, progettata per aiutare a ottimizzare e gestire forze lavoro miste per soddisfare le richieste di contratto di servizio (SLA). Le caratteristiche principali includono automazione dei processi aziendali, automazione non presidiata\/presidiata, estrazione dati, conformit\u00e0 normativa ed estrazione di indirizzi IP.<br \/>\nCon l<strong>&#8216;intelligenza artificiale (IA)<\/strong> e le tecnologie di apprendimento automatico, la<strong> piattaforma RPA<\/strong> consente ai team di creare dipendenti virtuali per eseguire pi\u00f9 attivit\u00e0 ripetitive su pi\u00f9 processi. Offre diversi tipi di framework di sicurezza, tra cui controllo degli accessi basato sui ruoli (RBAC), controllo degli accessi basato sulla rete, sistemi di rilevamento delle intrusioni e protezione dei dati end-to-end, garantendo la conformit\u00e0 a numerose normative di settore, come Capability Maturity Model Integration (CMMI) e Sarbanes-Oxley Act (SOX).<\/p>\n<h2>AUTOMATION ANYWHERE &#8211; TUTORIAL<\/h2>\n<div id=\"fluid-wrapper-counter-1\" class=\"g1-fluid-wrapper \" style=\"width:686px;\">\n<div style=\"padding-bottom:56.268221574344%;\"><iframe loading=\"lazy\" title=\"Enterprise A2019 RPA Platform from Automation Anywhere | Automation Faster Than Ever Before\" width=\"686\" height=\"386\" src=\"https:\/\/www.youtube.com\/embed\/KuHZ-43IvHg?feature=oembed&amp;wmode=transparent&amp;autohide=1&amp;autoplay=0&amp;disablekb=0&amp;fs=1&amp;loop=0&amp;enablejsapi=1&amp;rel=0&amp;controls=2&amp;showinfo=0&amp;wmode=transparent&amp;autohide=2&amp;autoplay=0&amp;disablekb=0&amp;fs=1&amp;loop=0&amp;enablejsapi=1&amp;rel=0&amp;controls=2&amp;showinfo=1\" frameborder=\"0\" allow=\"accelerometer; autoplay; clipboard-write; encrypted-media; gyroscope; picture-in-picture; web-share\" referrerpolicy=\"strict-origin-when-cross-origin\" allowfullscreen><\/iframe><\/div>\n<\/div>\n<h3>AUTOMATION ANYWHERE &#8211; CARATTERISTICHE<\/h3>\n<div class=\"T4LgNb\">\n<div class=\"ToWKne\">\n<div class=\"OlSOob\">\n<div class=\"ccvoYb\">\n<div class=\"AxqVh\">\n<div class=\"OPPzxe\">\n<div class=\"n4sEPd\">\n<div class=\"QFw9Te BLojaf\">\n<ul>\n<li id=\"ow10\"><strong>Agentic process automation system<\/strong> \u00e8 una suite connessa di strumenti e soluzioni basati sull&#8217;intelligenza artificiale per semplificare i flussi di lavoro, migliorare le operazioni e scalare con sicurezza.<\/li>\n<li><strong>Document Automation<\/strong>\u00a0\u00e8 un&#8217;elaborazione intelligente dei documenti incorporata nel flusso di lavoro per sbloccare i documenti aziendali in qualsiasi formato e inserire i dati nel flusso di lavoro.<\/li>\n<li><strong>Process Discovery\u00a0<\/strong>offre una visibilit\u00e0 completa nei processi aziendali con indicazioni su dove ottimizzare e cosa.<\/li>\n<li><strong>Automation co-pilot\u00a0<\/strong>\u00e8 un assistente conversazionale basato su genAI direttamente accessibile dalle applicazioni di lavoro per connettere senza problemi persone, dati, agenti AI e sistemi.<\/li>\n<li><strong>Automation Workspace<\/strong> \u00e8 un&#8217;esperienza di automazione unificata che unisce la potenza di AI, RPA, API e orchestrazione dei processi per un&#8217;automazione dei processi aziendali senza problemi.<\/li>\n<li><strong>Citizen Developers<\/strong> \u00e8 un set di strumenti per creare e distribuire automazioni con governance e guardrail per accelerare ed espandere i programmi di automazione.<\/li>\n<li><strong>Automation Anywhere Cloud Service<\/strong> \u00e8 un&#8217;automazione senza server per lo scambio di dati alla velocit\u00e0 della luce tra sistemi e applicazioni, eseguita al 100% nel cloud.<\/li>\n<li><strong>Integrazioni<\/strong> \u00e8 un solido ecosistema di connettori predefiniti, API confezionate e integrazioni iPaaS per accelerare i flussi di lavoro con azioni e dati in tempo reale su qualsiasi sistema.<\/li>\n<\/ul>\n<h4>LE RECENSIONI DEGLI UTENTI<\/h4>\n<p><strong>Moe Min &#8220;L&#8217;accesso ai dati in tempo reale rivoluziona il servizio automobilistico, ma la configurazione complessa pone delle sfide&#8221;<\/strong><br \/>\n<strong>Commenti<\/strong>: Ho pi\u00f9 di 2 anni di esperienza con Automation Anywhere.<br \/>\n<strong>Pro<\/strong>: Automation Anywhere pu\u00f2 semplificare l&#8217;integrazione dei dati provenienti da diverse fonti, offrendo agli ingegneri l&#8217;accesso in tempo reale ai dati provenienti da sensori e dispositivi IoT.<br \/>\n<strong>Contro<\/strong>: Automation Anywhere spesso comporta attivit\u00e0 complesse e specializzate che richiedono la personalizzazione nei flussi di lavoro di AA.<\/p>\n<p><strong>Luis Javier &#8220;Automazione ovunque 360 2023&#8221;<\/strong><br \/>\n<strong>Commenti<\/strong>: Dopo aver lavorato con AA per 4 anni, ritengo che sia oggi lo strumento migliore per poter realizzare progetti RPA poich\u00e9 ha tutto il necessario per svolgere qualsiasi attivit\u00e0 e vengono aggiornati per generare un impatto maggiore sul tema dell&#8217;intelligenza artificiale. .<br \/>\n<strong>Pro<\/strong>: Lo strumento \u00e8 facile da usare per aziende grandi e piccole, \u00e8 intuitivo ed \u00e8 necessario conoscere la logica di base per poter creare il tuo primo robot e, con buone pratiche, potrai realizzare progetti pi\u00f9 completi.<br \/>\n<strong>Contro<\/strong>: I preventivi per creatori, utenti e broker possono essere costosi, ma ne vale la pena.<\/p>\n<p><strong>Rodrigo &#8220;Software per RPA&#8221;<\/strong><br \/>\n<strong>Pro<\/strong>: Il metodo di sviluppo diventa molto intuitivo, il che lo rende un ottimo strumento per automatizzare processi lunghi.<br \/>\n<strong>Contro<\/strong>: Ha ancora bisogno di alcuni aggiornamenti per poter interagire meglio.<\/p>\n<\/div>\n<\/div>\n<\/div>\n<\/div>\n<\/div>\n<\/div>\n<\/div>\n<\/div>\n","protected":false},"excerpt":{"rendered":"<p>Automation Anywhere \u00e8 una soluzione di automazione dei processi robotici (RPA), progettata per aiutare a ottimizzare e gestire forze lavoro miste per soddisfare le richieste di contratto di servizio (SLA). Le caratteristiche principali includono automazione dei processi aziendali, automazione non presidiata\/presidiata, estrazione dati, conformit\u00e0 normativa ed estrazione di indirizzi IP.<\/p>\n","protected":false},"author":19,"featured_media":83409,"parent":79864,"menu_order":0,"comment_status":"open","ping_status":"closed","template":"g1_template_page_review_new.php","meta":{"_acf_changed":false,"cwp_meta_box_check":"No","cwp_rev_product_name":"","cwp_rev_product_image":"","wppr_links":[],"cwp_rev_price":"","wppr_options":[],"wppr_pros":[],"wppr_cons":[],"_monsterinsights_skip_tracking":false,"_monsterinsights_sitenote_active":false,"_monsterinsights_sitenote_note":"","_monsterinsights_sitenote_category":0,"footnotes":""},"categories":[15435],"tags":[997,15773,998,15772,15771,15479,15480],"features":[],"class_list":{"0":"post-83406","1":"page","2":"type-page","3":"status-publish","4":"has-post-thumbnail","6":"category-software-intelligenza-artificiale-cat","7":"tag-ai","8":"tag-automation-anywhere","9":"tag-intelligenza-artificiale","10":"tag-piattaforma-intelligenza-arteficiale","11":"tag-programma-intelligenza-artficiale","12":"tag-software-intelligenza-artificiale","13":"tag-soluzione-intelligenza-artificiale"},"wppr_data":{"cwp_meta_box_check":"No"},"acf":[],"yoast_head":"<!-- This site is optimized with the Yoast SEO plugin v27.4 - https:\/\/yoast.com\/product\/yoast-seo-wordpress\/ -->\n<title>Automation Anywhere: recensione software intelligenza artificiale - Accurate Reviews<\/title>\n<meta name=\"description\" content=\"Automation Anywhere: soluzione di automazione dei processi robotici progettata per aiutare a ottimizzare e gestire forze lavoro miste.\" \/>\n<meta name=\"robots\" content=\"index, follow, max-snippet:-1, max-image-preview:large, max-video-preview:-1\" \/>\n<link rel=\"canonical\" href=\"https:\/\/www.accuratereviews.com\/it\/software-intelligenza-artificiale\/automation-anywhere-recensione\/\" \/>\n<meta property=\"og:locale\" content=\"it_IT\" \/>\n<meta property=\"og:type\" content=\"article\" \/>\n<meta property=\"og:title\" content=\"Automation Anywhere: recensione software intelligenza artificiale - Accurate Reviews\" \/>\n<meta property=\"og:description\" content=\"Automation Anywhere: soluzione di automazione dei processi robotici progettata per aiutare a ottimizzare e gestire forze lavoro miste.\" \/>\n<meta property=\"og:url\" content=\"https:\/\/www.accuratereviews.com\/it\/software-intelligenza-artificiale\/automation-anywhere-recensione\/\" \/>\n<meta property=\"og:site_name\" content=\"Accurate Reviews\" \/>\n<meta property=\"og:image\" content=\"https:\/\/www.accuratereviews.com\/wp-content\/uploads\/2025\/02\/Logo-Automation-Anywhere-Colour.webp\" \/>\n\t<meta property=\"og:image:width\" content=\"740\" \/>\n\t<meta property=\"og:image:height\" content=\"453\" \/>\n\t<meta property=\"og:image:type\" content=\"image\/webp\" \/>\n<meta name=\"twitter:card\" content=\"summary_large_image\" \/>\n<meta name=\"twitter:label1\" content=\"Tempo di lettura stimato\" \/>\n\t<meta name=\"twitter:data1\" content=\"4 minuti\" \/>\n<script type=\"application\/ld+json\" class=\"yoast-schema-graph\">{\"@context\":\"https:\\\/\\\/schema.org\",\"@graph\":[{\"@type\":\"WebPage\",\"@id\":\"https:\\\/\\\/www.accuratereviews.com\\\/it\\\/software-intelligenza-artificiale\\\/automation-anywhere-recensione\\\/\",\"url\":\"https:\\\/\\\/www.accuratereviews.com\\\/it\\\/software-intelligenza-artificiale\\\/automation-anywhere-recensione\\\/\",\"name\":\"Automation Anywhere: recensione software intelligenza artificiale - Accurate Reviews\",\"isPartOf\":{\"@id\":\"https:\\\/\\\/www.accuratereviews.com\\\/it\\\/#website\"},\"primaryImageOfPage\":{\"@id\":\"https:\\\/\\\/www.accuratereviews.com\\\/it\\\/software-intelligenza-artificiale\\\/automation-anywhere-recensione\\\/#primaryimage\"},\"image\":{\"@id\":\"https:\\\/\\\/www.accuratereviews.com\\\/it\\\/software-intelligenza-artificiale\\\/automation-anywhere-recensione\\\/#primaryimage\"},\"thumbnailUrl\":\"https:\\\/\\\/www.accuratereviews.com\\\/wp-content\\\/uploads\\\/2025\\\/02\\\/Logo-Automation-Anywhere-Colour.webp\",\"datePublished\":\"2025-02-03T11:55:21+00:00\",\"description\":\"Automation Anywhere: soluzione di automazione dei processi robotici progettata per aiutare a ottimizzare e gestire forze lavoro miste.\",\"breadcrumb\":{\"@id\":\"https:\\\/\\\/www.accuratereviews.com\\\/it\\\/software-intelligenza-artificiale\\\/automation-anywhere-recensione\\\/#breadcrumb\"},\"inLanguage\":\"it-IT\",\"potentialAction\":[{\"@type\":\"ReadAction\",\"target\":[\"https:\\\/\\\/www.accuratereviews.com\\\/it\\\/software-intelligenza-artificiale\\\/automation-anywhere-recensione\\\/\"]}]},{\"@type\":\"ImageObject\",\"inLanguage\":\"it-IT\",\"@id\":\"https:\\\/\\\/www.accuratereviews.com\\\/it\\\/software-intelligenza-artificiale\\\/automation-anywhere-recensione\\\/#primaryimage\",\"url\":\"https:\\\/\\\/www.accuratereviews.com\\\/wp-content\\\/uploads\\\/2025\\\/02\\\/Logo-Automation-Anywhere-Colour.webp\",\"contentUrl\":\"https:\\\/\\\/www.accuratereviews.com\\\/wp-content\\\/uploads\\\/2025\\\/02\\\/Logo-Automation-Anywhere-Colour.webp\",\"width\":740,\"height\":453},{\"@type\":\"BreadcrumbList\",\"@id\":\"https:\\\/\\\/www.accuratereviews.com\\\/it\\\/software-intelligenza-artificiale\\\/automation-anywhere-recensione\\\/#breadcrumb\",\"itemListElement\":[{\"@type\":\"ListItem\",\"position\":1,\"name\":\"Home\",\"item\":\"https:\\\/\\\/www.accuratereviews.com\\\/it\\\/\"},{\"@type\":\"ListItem\",\"position\":2,\"name\":\"Software di intelligenza artificiale\",\"item\":\"https:\\\/\\\/www.accuratereviews.com\\\/it\\\/software-intelligenza-artificiale\\\/\"},{\"@type\":\"ListItem\",\"position\":3,\"name\":\"Automation Anywhere\"}]},{\"@type\":\"WebSite\",\"@id\":\"https:\\\/\\\/www.accuratereviews.com\\\/it\\\/#website\",\"url\":\"https:\\\/\\\/www.accuratereviews.com\\\/it\\\/\",\"name\":\"Accurate Reviews\",\"description\":\"\",\"potentialAction\":[{\"@type\":\"SearchAction\",\"target\":{\"@type\":\"EntryPoint\",\"urlTemplate\":\"https:\\\/\\\/www.accuratereviews.com\\\/it\\\/?s={search_term_string}\"},\"query-input\":{\"@type\":\"PropertyValueSpecification\",\"valueRequired\":true,\"valueName\":\"search_term_string\"}}],\"inLanguage\":\"it-IT\"}]}<\/script>\n<!-- \/ Yoast SEO plugin. -->","yoast_head_json":{"title":"Automation Anywhere: recensione software intelligenza artificiale - Accurate Reviews","description":"Automation Anywhere: soluzione di automazione dei processi robotici progettata per aiutare a ottimizzare e gestire forze lavoro miste.","robots":{"index":"index","follow":"follow","max-snippet":"max-snippet:-1","max-image-preview":"max-image-preview:large","max-video-preview":"max-video-preview:-1"},"canonical":"https:\/\/www.accuratereviews.com\/it\/software-intelligenza-artificiale\/automation-anywhere-recensione\/","og_locale":"it_IT","og_type":"article","og_title":"Automation Anywhere: recensione software intelligenza artificiale - Accurate Reviews","og_description":"Automation Anywhere: soluzione di automazione dei processi robotici progettata per aiutare a ottimizzare e gestire forze lavoro miste.","og_url":"https:\/\/www.accuratereviews.com\/it\/software-intelligenza-artificiale\/automation-anywhere-recensione\/","og_site_name":"Accurate Reviews","og_image":[{"width":740,"height":453,"url":"https:\/\/www.accuratereviews.com\/wp-content\/uploads\/2025\/02\/Logo-Automation-Anywhere-Colour.webp","type":"image\/webp"}],"twitter_card":"summary_large_image","twitter_misc":{"Tempo di lettura stimato":"4 minuti"},"schema":{"@context":"https:\/\/schema.org","@graph":[{"@type":"WebPage","@id":"https:\/\/www.accuratereviews.com\/it\/software-intelligenza-artificiale\/automation-anywhere-recensione\/","url":"https:\/\/www.accuratereviews.com\/it\/software-intelligenza-artificiale\/automation-anywhere-recensione\/","name":"Automation Anywhere: recensione software intelligenza artificiale - Accurate Reviews","isPartOf":{"@id":"https:\/\/www.accuratereviews.com\/it\/#website"},"primaryImageOfPage":{"@id":"https:\/\/www.accuratereviews.com\/it\/software-intelligenza-artificiale\/automation-anywhere-recensione\/#primaryimage"},"image":{"@id":"https:\/\/www.accuratereviews.com\/it\/software-intelligenza-artificiale\/automation-anywhere-recensione\/#primaryimage"},"thumbnailUrl":"https:\/\/www.accuratereviews.com\/wp-content\/uploads\/2025\/02\/Logo-Automation-Anywhere-Colour.webp","datePublished":"2025-02-03T11:55:21+00:00","description":"Automation Anywhere: soluzione di automazione dei processi robotici progettata per aiutare a ottimizzare e gestire forze lavoro miste.","breadcrumb":{"@id":"https:\/\/www.accuratereviews.com\/it\/software-intelligenza-artificiale\/automation-anywhere-recensione\/#breadcrumb"},"inLanguage":"it-IT","potentialAction":[{"@type":"ReadAction","target":["https:\/\/www.accuratereviews.com\/it\/software-intelligenza-artificiale\/automation-anywhere-recensione\/"]}]},{"@type":"ImageObject","inLanguage":"it-IT","@id":"https:\/\/www.accuratereviews.com\/it\/software-intelligenza-artificiale\/automation-anywhere-recensione\/#primaryimage","url":"https:\/\/www.accuratereviews.com\/wp-content\/uploads\/2025\/02\/Logo-Automation-Anywhere-Colour.webp","contentUrl":"https:\/\/www.accuratereviews.com\/wp-content\/uploads\/2025\/02\/Logo-Automation-Anywhere-Colour.webp","width":740,"height":453},{"@type":"BreadcrumbList","@id":"https:\/\/www.accuratereviews.com\/it\/software-intelligenza-artificiale\/automation-anywhere-recensione\/#breadcrumb","itemListElement":[{"@type":"ListItem","position":1,"name":"Home","item":"https:\/\/www.accuratereviews.com\/it\/"},{"@type":"ListItem","position":2,"name":"Software di intelligenza artificiale","item":"https:\/\/www.accuratereviews.com\/it\/software-intelligenza-artificiale\/"},{"@type":"ListItem","position":3,"name":"Automation Anywhere"}]},{"@type":"WebSite","@id":"https:\/\/www.accuratereviews.com\/it\/#website","url":"https:\/\/www.accuratereviews.com\/it\/","name":"Accurate Reviews","description":"","potentialAction":[{"@type":"SearchAction","target":{"@type":"EntryPoint","urlTemplate":"https:\/\/www.accuratereviews.com\/it\/?s={search_term_string}"},"query-input":{"@type":"PropertyValueSpecification","valueRequired":true,"valueName":"search_term_string"}}],"inLanguage":"it-IT"}]}},"_links":{"self":[{"href":"https:\/\/www.accuratereviews.com\/it\/wp-json\/wp\/v2\/pages\/83406","targetHints":{"allow":["GET"]}}],"collection":[{"href":"https:\/\/www.accuratereviews.com\/it\/wp-json\/wp\/v2\/pages"}],"about":[{"href":"https:\/\/www.accuratereviews.com\/it\/wp-json\/wp\/v2\/types\/page"}],"author":[{"embeddable":true,"href":"https:\/\/www.accuratereviews.com\/it\/wp-json\/wp\/v2\/users\/19"}],"replies":[{"embeddable":true,"href":"https:\/\/www.accuratereviews.com\/it\/wp-json\/wp\/v2\/comments?post=83406"}],"version-history":[{"count":8,"href":"https:\/\/www.accuratereviews.com\/it\/wp-json\/wp\/v2\/pages\/83406\/revisions"}],"predecessor-version":[{"id":83431,"href":"https:\/\/www.accuratereviews.com\/it\/wp-json\/wp\/v2\/pages\/83406\/revisions\/83431"}],"up":[{"embeddable":true,"href":"https:\/\/www.accuratereviews.com\/it\/wp-json\/wp\/v2\/pages\/79864"}],"wp:featuredmedia":[{"embeddable":true,"href":"https:\/\/www.accuratereviews.com\/it\/wp-json\/wp\/v2\/media\/83409"}],"wp:attachment":[{"href":"https:\/\/www.accuratereviews.com\/it\/wp-json\/wp\/v2\/media?parent=83406"}],"wp:term":[{"taxonomy":"category","embeddable":true,"href":"https:\/\/www.accuratereviews.com\/it\/wp-json\/wp\/v2\/categories?post=83406"},{"taxonomy":"post_tag","embeddable":true,"href":"https:\/\/www.accuratereviews.com\/it\/wp-json\/wp\/v2\/tags?post=83406"},{"taxonomy":"features","embeddable":true,"href":"https:\/\/www.accuratereviews.com\/it\/wp-json\/wp\/v2\/features?post=83406"}],"curies":[{"name":"wp","href":"https:\/\/api.w.org\/{rel}","templated":true}]}}