{"id":83421,"date":"2025-02-03T16:28:52","date_gmt":"2025-02-03T16:28:52","guid":{"rendered":"https:\/\/www.accuratereviews.com\/?page_id=83421"},"modified":"2025-02-03T16:28:52","modified_gmt":"2025-02-03T16:28:52","slug":"ilias-recensione","status":"publish","type":"page","link":"https:\/\/www.accuratereviews.com\/it\/piattaforme-e-learning\/ilias-recensione\/","title":{"rendered":"ILIAS"},"content":{"rendered":"<p><strong>ILIAS<\/strong> \u00e8 una <strong>piattaforma e-learning<\/strong> open source progettata per aziende, universit\u00e0 e istituzioni che necessitano di un sistema di gestione dell&#8217;apprendimento (LMS) versatile e personalizzabile. Grazie alla sua struttura modulare, offre strumenti avanzati per la creazione di corsi, la gestione degli utenti e la valutazione delle competenze. Supporta contenuti SCORM, permette l\u2019integrazione con altri sistemi e offre funzionalit\u00e0 di social learning.<br \/>\n<strong>ILIAS<\/strong> \u00e8 noto per la sua flessibilit\u00e0, adattandosi a realt\u00e0 di diverse dimensioni senza costi di licenza. \u00c8 una scelta ideale per chi cerca un <strong>LMS<\/strong> solido, sicuro e ampiamente configurabile.<\/p>\n<h2>ILIAS &#8211; TUTORIAL<\/h2>\n<div id=\"fluid-wrapper-counter-1\" class=\"g1-fluid-wrapper \" style=\"width:686px;\">\n<div style=\"padding-bottom:56.268221574344%;\"><iframe loading=\"lazy\" title=\"Corso &quot;Introduzione a ILIAS LMS&quot;\" width=\"686\" height=\"386\" src=\"https:\/\/www.youtube.com\/embed\/iSv9V7sue5k?feature=oembed&amp;wmode=transparent&amp;autohide=1&amp;autoplay=0&amp;disablekb=0&amp;fs=1&amp;loop=0&amp;enablejsapi=1&amp;rel=0&amp;controls=2&amp;showinfo=0&amp;wmode=transparent&amp;autohide=2&amp;autoplay=0&amp;disablekb=0&amp;fs=1&amp;loop=0&amp;enablejsapi=1&amp;rel=0&amp;controls=2&amp;showinfo=1\" frameborder=\"0\" allow=\"accelerometer; autoplay; clipboard-write; encrypted-media; gyroscope; picture-in-picture; web-share\" referrerpolicy=\"strict-origin-when-cross-origin\" allowfullscreen><\/iframe><\/div>\n<\/div>\n<h3>ILIAS &#8211; CARATTERISTICHE<\/h3>\n<ul>\n<li><strong>Gestione avanzata dei corsi:<\/strong> creazione di corsi interattivi con supporto SCORM, test, quiz e certificazioni.<\/li>\n<li><strong>Personalizzazione e scalabilit\u00e0:<\/strong> sistema modulare che consente di adattare la piattaforma alle esigenze specifiche.<\/li>\n<li><strong>Collaborazione e social learning:<\/strong> forum, chat e strumenti di comunicazione per migliorare l\u2019interazione tra studenti e docenti.<\/li>\n<li><strong>Gestione utenti e ruoli:<\/strong> controllo dettagliato sugli accessi con possibilit\u00e0 di assegnare permessi e ruoli differenti.<\/li>\n<li><strong>Report e monitoraggio:<\/strong> tracciamento dei progressi degli utenti con report dettagliati e dashboard di analisi.<\/li>\n<li><strong>Sicurezza e conformit\u00e0:<\/strong> protezione dei dati, compatibilit\u00e0 con normative come GDPR e integrazione con sistemi di autenticazione esterni.<\/li>\n<li><strong>Integrazione con altri sistemi:<\/strong> compatibilit\u00e0 con LMS, CMS e strumenti di terze parti tramite API e plugin.<\/li>\n<\/ul>\n<h4>LE RECENSIONI DEGLI UTENTI<\/h4>\n<p><strong>Timon \u201cLMS solido per le universit\u00e0\u201d<\/strong><br \/>\nCommenti: Lo utilizziamo nella nostra Universit\u00e0 dal 2007, efficiente e stabile<br \/>\nPro: LMS flessibile, solido e con un design molto curato<br \/>\nContro: \u00c8 un LMS, cio\u00e8 piuttosto grande e potrebbe richiedere un po&#8217; di lavoro per essere mantenuto.<\/p>\n<p><strong>Denis \u201cILIAS &#8211; Multifunzionale\u201d<\/strong><br \/>\nCommenti: Siamo molto entusiasti di ILIAS e dell&#8217;opportunit\u00e0 di partecipare in prima persona allo sviluppo.<br \/>\nPro: ILIAS \u00e8 estremamente versatile e offre gli strumenti giusti per diverse occasioni di apprendimento, on premise e quindi sotto la nostra sovranit\u00e0 dei dati.<br \/>\nContro: Iniziare \u00e8 piuttosto complesso a causa della grande variet\u00e0. \u00c8 necessario essere sempre aggiornati e avere a disposizione un numero sufficiente di collaboratori che abbiano dimestichezza con il sistema.<\/p>\n<p><strong>Marcel: \u201cILIAS presso l&#8217;Universit\u00e0 di Formazione degli Insegnanti\u201d.<\/strong><br \/>\nPro: Uno strumento per quasi tutto. Facile fornitura di corsi per i docenti.<br \/>\nContro: design della pagina piuttosto irregolare, richiede molti clic.<\/p>\n","protected":false},"excerpt":{"rendered":"<p>ILIAS \u00e8 una piattaforma e-learning open source progettata per aziende, universit\u00e0 e istituzioni che necessitano di un sistema di gestione dell&#8217;apprendimento (LMS) versatile e personalizzabile. Grazie alla sua struttura modulare, offre strumenti avanzati per la creazione di corsi, la gestione degli utenti e la valutazione delle competenze.<\/p>\n","protected":false},"author":17,"featured_media":83422,"parent":81131,"menu_order":0,"comment_status":"open","ping_status":"closed","template":"g1_template_page_review_new.php","meta":{"_acf_changed":false,"cwp_meta_box_check":"No","cwp_rev_product_name":"","cwp_rev_product_image":"","wppr_links":[],"cwp_rev_price":"","wppr_options":[],"wppr_pros":[],"wppr_cons":[],"_monsterinsights_skip_tracking":false,"_monsterinsights_sitenote_active":false,"_monsterinsights_sitenote_note":"","_monsterinsights_sitenote_category":0,"footnotes":""},"categories":[15634],"tags":[13042,15774,3257,15710,13045,15631,15630],"features":[],"class_list":{"0":"post-83421","1":"page","2":"type-page","3":"status-publish","4":"has-post-thumbnail","6":"category-piattaforme-e-learning-cat","7":"tag-e-learning","8":"tag-ilias","9":"tag-lms","10":"tag-piattaforma-e-learning","11":"tag-programma-di-e-learning","12":"tag-software-e-learning","13":"tag-soluzione-e-learning"},"wppr_data":{"cwp_meta_box_check":"No"},"acf":[],"yoast_head":"<!-- This site is optimized with the Yoast SEO plugin v27.4 - https:\/\/yoast.com\/product\/yoast-seo-wordpress\/ -->\n<title>ILIAS: recensione piattaforma e-learning - Accurate Reviews<\/title>\n<meta name=\"description\" content=\"ILIAS: recensione della piattaforma e-learning open source progettata per aziende, universit\u00e0 e istituzioni.\" \/>\n<meta name=\"robots\" content=\"index, follow, max-snippet:-1, max-image-preview:large, max-video-preview:-1\" \/>\n<link rel=\"canonical\" href=\"https:\/\/www.accuratereviews.com\/it\/piattaforme-e-learning\/ilias-recensione\/\" \/>\n<meta property=\"og:locale\" content=\"it_IT\" \/>\n<meta property=\"og:type\" content=\"article\" \/>\n<meta property=\"og:title\" content=\"ILIAS: recensione piattaforma e-learning - Accurate Reviews\" \/>\n<meta property=\"og:description\" content=\"ILIAS: recensione della piattaforma e-learning open source progettata per aziende, universit\u00e0 e istituzioni.\" \/>\n<meta property=\"og:url\" content=\"https:\/\/www.accuratereviews.com\/it\/piattaforme-e-learning\/ilias-recensione\/\" \/>\n<meta property=\"og:site_name\" content=\"Accurate Reviews\" \/>\n<meta property=\"og:image\" content=\"https:\/\/www.accuratereviews.com\/wp-content\/uploads\/2025\/02\/Logo_ILIAS.svg_.png\" \/>\n\t<meta property=\"og:image:width\" content=\"1200\" \/>\n\t<meta property=\"og:image:height\" content=\"1200\" \/>\n\t<meta property=\"og:image:type\" content=\"image\/png\" \/>\n<meta name=\"twitter:card\" content=\"summary_large_image\" \/>\n<meta name=\"twitter:label1\" content=\"Tempo di lettura stimato\" \/>\n\t<meta name=\"twitter:data1\" content=\"3 minuti\" \/>\n<script type=\"application\/ld+json\" class=\"yoast-schema-graph\">{\"@context\":\"https:\\\/\\\/schema.org\",\"@graph\":[{\"@type\":\"WebPage\",\"@id\":\"https:\\\/\\\/www.accuratereviews.com\\\/it\\\/piattaforme-e-learning\\\/ilias-recensione\\\/\",\"url\":\"https:\\\/\\\/www.accuratereviews.com\\\/it\\\/piattaforme-e-learning\\\/ilias-recensione\\\/\",\"name\":\"ILIAS: recensione piattaforma e-learning - Accurate Reviews\",\"isPartOf\":{\"@id\":\"https:\\\/\\\/www.accuratereviews.com\\\/it\\\/#website\"},\"primaryImageOfPage\":{\"@id\":\"https:\\\/\\\/www.accuratereviews.com\\\/it\\\/piattaforme-e-learning\\\/ilias-recensione\\\/#primaryimage\"},\"image\":{\"@id\":\"https:\\\/\\\/www.accuratereviews.com\\\/it\\\/piattaforme-e-learning\\\/ilias-recensione\\\/#primaryimage\"},\"thumbnailUrl\":\"https:\\\/\\\/www.accuratereviews.com\\\/wp-content\\\/uploads\\\/2025\\\/02\\\/Logo_ILIAS.svg_.png\",\"datePublished\":\"2025-02-03T16:28:52+00:00\",\"description\":\"ILIAS: recensione della piattaforma e-learning open source progettata per aziende, universit\u00e0 e istituzioni.\",\"breadcrumb\":{\"@id\":\"https:\\\/\\\/www.accuratereviews.com\\\/it\\\/piattaforme-e-learning\\\/ilias-recensione\\\/#breadcrumb\"},\"inLanguage\":\"it-IT\",\"potentialAction\":[{\"@type\":\"ReadAction\",\"target\":[\"https:\\\/\\\/www.accuratereviews.com\\\/it\\\/piattaforme-e-learning\\\/ilias-recensione\\\/\"]}]},{\"@type\":\"ImageObject\",\"inLanguage\":\"it-IT\",\"@id\":\"https:\\\/\\\/www.accuratereviews.com\\\/it\\\/piattaforme-e-learning\\\/ilias-recensione\\\/#primaryimage\",\"url\":\"https:\\\/\\\/www.accuratereviews.com\\\/wp-content\\\/uploads\\\/2025\\\/02\\\/Logo_ILIAS.svg_.png\",\"contentUrl\":\"https:\\\/\\\/www.accuratereviews.com\\\/wp-content\\\/uploads\\\/2025\\\/02\\\/Logo_ILIAS.svg_.png\",\"width\":1200,\"height\":1200},{\"@type\":\"BreadcrumbList\",\"@id\":\"https:\\\/\\\/www.accuratereviews.com\\\/it\\\/piattaforme-e-learning\\\/ilias-recensione\\\/#breadcrumb\",\"itemListElement\":[{\"@type\":\"ListItem\",\"position\":1,\"name\":\"Home\",\"item\":\"https:\\\/\\\/www.accuratereviews.com\\\/it\\\/\"},{\"@type\":\"ListItem\",\"position\":2,\"name\":\"Piattaforme e-learning\",\"item\":\"https:\\\/\\\/www.accuratereviews.com\\\/it\\\/piattaforme-e-learning\\\/\"},{\"@type\":\"ListItem\",\"position\":3,\"name\":\"ILIAS\"}]},{\"@type\":\"WebSite\",\"@id\":\"https:\\\/\\\/www.accuratereviews.com\\\/it\\\/#website\",\"url\":\"https:\\\/\\\/www.accuratereviews.com\\\/it\\\/\",\"name\":\"Accurate Reviews\",\"description\":\"\",\"potentialAction\":[{\"@type\":\"SearchAction\",\"target\":{\"@type\":\"EntryPoint\",\"urlTemplate\":\"https:\\\/\\\/www.accuratereviews.com\\\/it\\\/?s={search_term_string}\"},\"query-input\":{\"@type\":\"PropertyValueSpecification\",\"valueRequired\":true,\"valueName\":\"search_term_string\"}}],\"inLanguage\":\"it-IT\"}]}<\/script>\n<!-- \/ Yoast SEO plugin. -->","yoast_head_json":{"title":"ILIAS: recensione piattaforma e-learning - Accurate Reviews","description":"ILIAS: recensione della piattaforma e-learning open source progettata per aziende, universit\u00e0 e istituzioni.","robots":{"index":"index","follow":"follow","max-snippet":"max-snippet:-1","max-image-preview":"max-image-preview:large","max-video-preview":"max-video-preview:-1"},"canonical":"https:\/\/www.accuratereviews.com\/it\/piattaforme-e-learning\/ilias-recensione\/","og_locale":"it_IT","og_type":"article","og_title":"ILIAS: recensione piattaforma e-learning - Accurate Reviews","og_description":"ILIAS: recensione della piattaforma e-learning open source progettata per aziende, universit\u00e0 e istituzioni.","og_url":"https:\/\/www.accuratereviews.com\/it\/piattaforme-e-learning\/ilias-recensione\/","og_site_name":"Accurate Reviews","og_image":[{"width":1200,"height":1200,"url":"https:\/\/www.accuratereviews.com\/wp-content\/uploads\/2025\/02\/Logo_ILIAS.svg_.png","type":"image\/png"}],"twitter_card":"summary_large_image","twitter_misc":{"Tempo di lettura stimato":"3 minuti"},"schema":{"@context":"https:\/\/schema.org","@graph":[{"@type":"WebPage","@id":"https:\/\/www.accuratereviews.com\/it\/piattaforme-e-learning\/ilias-recensione\/","url":"https:\/\/www.accuratereviews.com\/it\/piattaforme-e-learning\/ilias-recensione\/","name":"ILIAS: recensione piattaforma e-learning - Accurate Reviews","isPartOf":{"@id":"https:\/\/www.accuratereviews.com\/it\/#website"},"primaryImageOfPage":{"@id":"https:\/\/www.accuratereviews.com\/it\/piattaforme-e-learning\/ilias-recensione\/#primaryimage"},"image":{"@id":"https:\/\/www.accuratereviews.com\/it\/piattaforme-e-learning\/ilias-recensione\/#primaryimage"},"thumbnailUrl":"https:\/\/www.accuratereviews.com\/wp-content\/uploads\/2025\/02\/Logo_ILIAS.svg_.png","datePublished":"2025-02-03T16:28:52+00:00","description":"ILIAS: recensione della piattaforma e-learning open source progettata per aziende, universit\u00e0 e istituzioni.","breadcrumb":{"@id":"https:\/\/www.accuratereviews.com\/it\/piattaforme-e-learning\/ilias-recensione\/#breadcrumb"},"inLanguage":"it-IT","potentialAction":[{"@type":"ReadAction","target":["https:\/\/www.accuratereviews.com\/it\/piattaforme-e-learning\/ilias-recensione\/"]}]},{"@type":"ImageObject","inLanguage":"it-IT","@id":"https:\/\/www.accuratereviews.com\/it\/piattaforme-e-learning\/ilias-recensione\/#primaryimage","url":"https:\/\/www.accuratereviews.com\/wp-content\/uploads\/2025\/02\/Logo_ILIAS.svg_.png","contentUrl":"https:\/\/www.accuratereviews.com\/wp-content\/uploads\/2025\/02\/Logo_ILIAS.svg_.png","width":1200,"height":1200},{"@type":"BreadcrumbList","@id":"https:\/\/www.accuratereviews.com\/it\/piattaforme-e-learning\/ilias-recensione\/#breadcrumb","itemListElement":[{"@type":"ListItem","position":1,"name":"Home","item":"https:\/\/www.accuratereviews.com\/it\/"},{"@type":"ListItem","position":2,"name":"Piattaforme e-learning","item":"https:\/\/www.accuratereviews.com\/it\/piattaforme-e-learning\/"},{"@type":"ListItem","position":3,"name":"ILIAS"}]},{"@type":"WebSite","@id":"https:\/\/www.accuratereviews.com\/it\/#website","url":"https:\/\/www.accuratereviews.com\/it\/","name":"Accurate Reviews","description":"","potentialAction":[{"@type":"SearchAction","target":{"@type":"EntryPoint","urlTemplate":"https:\/\/www.accuratereviews.com\/it\/?s={search_term_string}"},"query-input":{"@type":"PropertyValueSpecification","valueRequired":true,"valueName":"search_term_string"}}],"inLanguage":"it-IT"}]}},"_links":{"self":[{"href":"https:\/\/www.accuratereviews.com\/it\/wp-json\/wp\/v2\/pages\/83421","targetHints":{"allow":["GET"]}}],"collection":[{"href":"https:\/\/www.accuratereviews.com\/it\/wp-json\/wp\/v2\/pages"}],"about":[{"href":"https:\/\/www.accuratereviews.com\/it\/wp-json\/wp\/v2\/types\/page"}],"author":[{"embeddable":true,"href":"https:\/\/www.accuratereviews.com\/it\/wp-json\/wp\/v2\/users\/17"}],"replies":[{"embeddable":true,"href":"https:\/\/www.accuratereviews.com\/it\/wp-json\/wp\/v2\/comments?post=83421"}],"version-history":[{"count":4,"href":"https:\/\/www.accuratereviews.com\/it\/wp-json\/wp\/v2\/pages\/83421\/revisions"}],"predecessor-version":[{"id":83441,"href":"https:\/\/www.accuratereviews.com\/it\/wp-json\/wp\/v2\/pages\/83421\/revisions\/83441"}],"up":[{"embeddable":true,"href":"https:\/\/www.accuratereviews.com\/it\/wp-json\/wp\/v2\/pages\/81131"}],"wp:featuredmedia":[{"embeddable":true,"href":"https:\/\/www.accuratereviews.com\/it\/wp-json\/wp\/v2\/media\/83422"}],"wp:attachment":[{"href":"https:\/\/www.accuratereviews.com\/it\/wp-json\/wp\/v2\/media?parent=83421"}],"wp:term":[{"taxonomy":"category","embeddable":true,"href":"https:\/\/www.accuratereviews.com\/it\/wp-json\/wp\/v2\/categories?post=83421"},{"taxonomy":"post_tag","embeddable":true,"href":"https:\/\/www.accuratereviews.com\/it\/wp-json\/wp\/v2\/tags?post=83421"},{"taxonomy":"features","embeddable":true,"href":"https:\/\/www.accuratereviews.com\/it\/wp-json\/wp\/v2\/features?post=83421"}],"curies":[{"name":"wp","href":"https:\/\/api.w.org\/{rel}","templated":true}]}}