{"id":83464,"date":"2025-02-04T16:49:56","date_gmt":"2025-02-04T16:49:56","guid":{"rendered":"https:\/\/www.accuratereviews.com\/?page_id=83464"},"modified":"2025-02-05T09:41:30","modified_gmt":"2025-02-05T09:41:30","slug":"boomi-recensione","status":"publish","type":"page","link":"https:\/\/www.accuratereviews.com\/it\/software-intelligenza-artificiale\/boomi-recensione\/","title":{"rendered":"Boomi"},"content":{"rendered":"<p><strong>Boomi<\/strong> \u00e8 la<strong> piattaforma di integrazione e automazione cloud-native<\/strong> pi\u00f9 popolare al mondo, indipendente. Semplifica i paesaggi digitali, quindi \u00e8 pi\u00f9 facile ottimizzare le esperienze dei clienti, automatizzare i processi aziendali e adottare nuove tecnologie come l&#8217;<strong>intelligenza artificiale<\/strong> generativa. La piattaforma, di facile utilizzo, \u00e8 dotata di<strong> intelligenza integrata<\/strong> arricchita da approfondimenti della community di utenti <strong>Boomi<\/strong>. D\u00e0 la possibilit\u00e0 ai professionisti IT e aziendali di fare di pi\u00f9 veloci collegando tutto e tutti all&#8217;interno dell&#8217;organizzazione.<br \/>\nLa piattaforma scalabile, sicura e affidabile fornisce integrazione e automazione in tempo reale per aziende di tutte le dimensioni e in tutti i settori in tutto il mondo. Inoltre, \u00e8 particolarmente solida perch\u00e9 unifica una serie di servizi che orchestrano la connettivit\u00e0 delle applicazioni e il flusso di dati.<\/p>\n<h2>BOOMI &#8211; TUTORIAL<\/h2>\n<div id=\"fluid-wrapper-counter-1\" class=\"g1-fluid-wrapper \" style=\"width:686px;\">\n<div style=\"padding-bottom:56.268221574344%;\"><iframe loading=\"lazy\" title=\"The Evolution of AI\" width=\"686\" height=\"386\" src=\"https:\/\/www.youtube.com\/embed\/vloZgPkfA6o?feature=oembed&amp;wmode=transparent&amp;autohide=1&amp;autoplay=0&amp;disablekb=0&amp;fs=1&amp;loop=0&amp;enablejsapi=1&amp;rel=0&amp;controls=2&amp;showinfo=0&amp;wmode=transparent&amp;autohide=2&amp;autoplay=0&amp;disablekb=0&amp;fs=1&amp;loop=0&amp;enablejsapi=1&amp;rel=0&amp;controls=2&amp;showinfo=1\" frameborder=\"0\" allow=\"accelerometer; autoplay; clipboard-write; encrypted-media; gyroscope; picture-in-picture; web-share\" referrerpolicy=\"strict-origin-when-cross-origin\" allowfullscreen><\/iframe><\/div>\n<\/div>\n<h3>BOOMI &#8211; CARATTERISTICHE<\/h3>\n<ul>\n<li>Collaborare autonomamente con altri agenti per completare le attivit\u00e0. Interagire in modo sicuro con gli utenti tramite linguaggio naturale.<\/li>\n<li>Progettare e modificare le integrazioni per accelerare il time-to-value utilizzando metadati de-identificati di oltre 300 milioni di processi.<\/li>\n<li>Fornire autonomamente best practice brevettate per il passaggio successivo con mappatura automatizzata dei dati, blocchi di costruzione, risoluzione degli errori e altro ancora.<\/li>\n<li>Automatizza trigger, eventi e altre azioni per ottenere i dati dove servono. Rendi le persone pi\u00f9 produttive, riduci le attivit\u00e0 ripetitive che rendono i lavori inutilmente frustranti e assicurati che i clienti ottengano sempre ci\u00f2 che desiderano.<\/li>\n<li>Migliorare la privacy dei dati e proteggere le informazioni di identificazione personale con classificazione e monitoraggio interregionale.<\/li>\n<li>Fornire\u00a0 risposte utili sulla piattaforma in base alla documentazione\u00a0 e oltre 250.000 esperti della community.<\/li>\n<li>Semplificare autonomamente la sincronizzazione dei dati e migliorare la qualit\u00e0. Unire informazioni accurate da varie fonti in un&#8217;unica fonte di verit\u00e0.<\/li>\n<\/ul>\n<h4>LE RECENSIONI DEGLI UTENTI<\/h4>\n<p><strong>Xavier &#8220;Strumento eccellente!&#8221;<\/strong><br \/>\n<strong>Pro<\/strong>: Integrazioni semplificate! Boomi ha semplificato tutta la nostra attivit\u00e0 e ci ha concesso pi\u00f9 tempo per concentrarci.<br \/>\n<strong>Contro<\/strong>: Niente, \u00e8 uno strumento eccellente e merita giustamente una valutazione A+.<\/p>\n<p><strong>Kelly Michael &#8220;Boomi \u00e8 una buona soluzione intermedia tra integrazioni facili e integrazioni personalizzate complesse&#8221;<\/strong><br \/>\n<strong>Commenti<\/strong>: Boomi \u00e8 una buona soluzione di mezzo. Se disponi di un amministratore dedicato e disponi di un software aziendale che pone l&#8217;accento su dati e integrazione di qualit\u00e0, il lavoro \u00e8 svolto.<br \/>\n<strong>Pro<\/strong>: Boomi supporta praticamente tutte le piattaforme software che ti vengono in mente e consente integrazioni pi\u00f9 personalizzate rispetto a Zapier<br \/>\n<strong>Contro<\/strong>: Devi capire abbastanza bene Boomi per realizzare l&#8217;integrazione dei tuoi sogni. Ci sono risorse di apprendimento ma richiedono tempo.<\/p>\n<p><strong>Chris &#8220;Boomi come nostro IPAAS&#8221;<\/strong><br \/>\n<strong>Pro<\/strong>: pu\u00f2 creare integrazioni senza alcun codice. Siamo stati in grado di configurare e distribuire un&#8217;integrazione da Salesforce a Netsuite in una settimana. La facilit\u00e0 d&#8217;uso della piattaforma semplifica la formazione dei nuovi dipendenti sulla piattaforma<br \/>\n<strong>Contro<\/strong>: Non ho nessun contro la comunit\u00e0 \u00e8 fantastica e il supporto \u00e8 utile<\/p>\n","protected":false},"excerpt":{"rendered":"<p>Boomi \u00e8 la piattaforma di integrazione e automazione cloud-native pi\u00f9 popolare al mondo. Semplifica i paesaggi digitali, quindi \u00e8 pi\u00f9 facile ottimizzare le esperienze dei clienti, automatizzare i processi aziendali e adottare nuove tecnologie come l&#8217;intelligenza artificiale generativa.<\/p>\n","protected":false},"author":19,"featured_media":83478,"parent":79864,"menu_order":0,"comment_status":"open","ping_status":"closed","template":"g1_template_page_review_new.php","meta":{"_acf_changed":false,"cwp_meta_box_check":"No","cwp_rev_product_name":"","cwp_rev_product_image":"","wppr_links":[],"cwp_rev_price":"","wppr_options":[],"wppr_pros":[],"wppr_cons":[],"_monsterinsights_skip_tracking":false,"_monsterinsights_sitenote_active":false,"_monsterinsights_sitenote_note":"","_monsterinsights_sitenote_category":0,"footnotes":""},"categories":[15435],"tags":[997,15776,998,15441,15440,15479,15480],"features":[],"class_list":{"0":"post-83464","1":"page","2":"type-page","3":"status-publish","4":"has-post-thumbnail","6":"category-software-intelligenza-artificiale-cat","7":"tag-ai","8":"tag-boomi","9":"tag-intelligenza-artificiale","10":"tag-piattaforma-intelligenza-artificiale","11":"tag-programma-intelligenza-artificiale","12":"tag-software-intelligenza-artificiale","13":"tag-soluzione-intelligenza-artificiale"},"wppr_data":{"cwp_meta_box_check":"No"},"acf":[],"yoast_head":"<!-- This site is optimized with the Yoast SEO plugin v26.0 - https:\/\/yoast.com\/wordpress\/plugins\/seo\/ -->\n<title>Boomi: recensione software intelligenza artificiale - Accurate Reviews<\/title>\n<meta name=\"description\" content=\"Boomi: recensione piattaforma di integrazione e automazione cloud-native pi\u00f9 popolare al mondo che semplifica i paesaggi digitali.\" \/>\n<meta name=\"robots\" content=\"index, follow, max-snippet:-1, max-image-preview:large, max-video-preview:-1\" \/>\n<link rel=\"canonical\" href=\"https:\/\/www.accuratereviews.com\/it\/software-intelligenza-artificiale\/boomi-recensione\/\" \/>\n<meta property=\"og:locale\" content=\"it_IT\" \/>\n<meta property=\"og:type\" content=\"article\" \/>\n<meta property=\"og:title\" content=\"Boomi: recensione software intelligenza artificiale - Accurate Reviews\" \/>\n<meta property=\"og:description\" content=\"Boomi: recensione piattaforma di integrazione e automazione cloud-native pi\u00f9 popolare al mondo che semplifica i paesaggi digitali.\" \/>\n<meta property=\"og:url\" content=\"https:\/\/www.accuratereviews.com\/it\/software-intelligenza-artificiale\/boomi-recensione\/\" \/>\n<meta property=\"og:site_name\" content=\"Accurate Reviews\" \/>\n<meta property=\"article:modified_time\" content=\"2025-02-05T09:41:30+00:00\" \/>\n<meta property=\"og:image\" content=\"https:\/\/www.accuratereviews.com\/wp-content\/uploads\/2025\/02\/Boomi-BW-logo-01.png\" \/>\n\t<meta property=\"og:image:width\" content=\"1042\" \/>\n\t<meta property=\"og:image:height\" content=\"313\" \/>\n\t<meta property=\"og:image:type\" content=\"image\/png\" \/>\n<meta name=\"twitter:card\" content=\"summary_large_image\" \/>\n<meta name=\"twitter:label1\" content=\"Tempo di lettura stimato\" \/>\n\t<meta name=\"twitter:data1\" content=\"4 minuti\" \/>\n<script type=\"application\/ld+json\" class=\"yoast-schema-graph\">{\"@context\":\"https:\/\/schema.org\",\"@graph\":[{\"@type\":\"WebPage\",\"@id\":\"https:\/\/www.accuratereviews.com\/it\/software-intelligenza-artificiale\/boomi-recensione\/\",\"url\":\"https:\/\/www.accuratereviews.com\/it\/software-intelligenza-artificiale\/boomi-recensione\/\",\"name\":\"Boomi: recensione software intelligenza artificiale - Accurate Reviews\",\"isPartOf\":{\"@id\":\"https:\/\/www.accuratereviews.com\/it\/#website\"},\"primaryImageOfPage\":{\"@id\":\"https:\/\/www.accuratereviews.com\/it\/software-intelligenza-artificiale\/boomi-recensione\/#primaryimage\"},\"image\":{\"@id\":\"https:\/\/www.accuratereviews.com\/it\/software-intelligenza-artificiale\/boomi-recensione\/#primaryimage\"},\"thumbnailUrl\":\"https:\/\/www.accuratereviews.com\/wp-content\/uploads\/2025\/02\/Boomi-BW-logo-01.png\",\"datePublished\":\"2025-02-04T16:49:56+00:00\",\"dateModified\":\"2025-02-05T09:41:30+00:00\",\"description\":\"Boomi: recensione piattaforma di integrazione e automazione cloud-native pi\u00f9 popolare al mondo che semplifica i paesaggi digitali.\",\"breadcrumb\":{\"@id\":\"https:\/\/www.accuratereviews.com\/it\/software-intelligenza-artificiale\/boomi-recensione\/#breadcrumb\"},\"inLanguage\":\"it-IT\",\"potentialAction\":[{\"@type\":\"ReadAction\",\"target\":[\"https:\/\/www.accuratereviews.com\/it\/software-intelligenza-artificiale\/boomi-recensione\/\"]}]},{\"@type\":\"ImageObject\",\"inLanguage\":\"it-IT\",\"@id\":\"https:\/\/www.accuratereviews.com\/it\/software-intelligenza-artificiale\/boomi-recensione\/#primaryimage\",\"url\":\"https:\/\/www.accuratereviews.com\/wp-content\/uploads\/2025\/02\/Boomi-BW-logo-01.png\",\"contentUrl\":\"https:\/\/www.accuratereviews.com\/wp-content\/uploads\/2025\/02\/Boomi-BW-logo-01.png\",\"width\":1042,\"height\":313},{\"@type\":\"BreadcrumbList\",\"@id\":\"https:\/\/www.accuratereviews.com\/it\/software-intelligenza-artificiale\/boomi-recensione\/#breadcrumb\",\"itemListElement\":[{\"@type\":\"ListItem\",\"position\":1,\"name\":\"Home\",\"item\":\"https:\/\/www.accuratereviews.com\/it\/\"},{\"@type\":\"ListItem\",\"position\":2,\"name\":\"Software di intelligenza artificiale\",\"item\":\"https:\/\/www.accuratereviews.com\/it\/software-intelligenza-artificiale\/\"},{\"@type\":\"ListItem\",\"position\":3,\"name\":\"Boomi\"}]},{\"@type\":\"WebSite\",\"@id\":\"https:\/\/www.accuratereviews.com\/it\/#website\",\"url\":\"https:\/\/www.accuratereviews.com\/it\/\",\"name\":\"Accurate Reviews\",\"description\":\"\",\"potentialAction\":[{\"@type\":\"SearchAction\",\"target\":{\"@type\":\"EntryPoint\",\"urlTemplate\":\"https:\/\/www.accuratereviews.com\/it\/?s={search_term_string}\"},\"query-input\":{\"@type\":\"PropertyValueSpecification\",\"valueRequired\":true,\"valueName\":\"search_term_string\"}}],\"inLanguage\":\"it-IT\"}]}<\/script>\n<!-- \/ Yoast SEO plugin. -->","yoast_head_json":{"title":"Boomi: recensione software intelligenza artificiale - Accurate Reviews","description":"Boomi: recensione piattaforma di integrazione e automazione cloud-native pi\u00f9 popolare al mondo che semplifica i paesaggi digitali.","robots":{"index":"index","follow":"follow","max-snippet":"max-snippet:-1","max-image-preview":"max-image-preview:large","max-video-preview":"max-video-preview:-1"},"canonical":"https:\/\/www.accuratereviews.com\/it\/software-intelligenza-artificiale\/boomi-recensione\/","og_locale":"it_IT","og_type":"article","og_title":"Boomi: recensione software intelligenza artificiale - Accurate Reviews","og_description":"Boomi: recensione piattaforma di integrazione e automazione cloud-native pi\u00f9 popolare al mondo che semplifica i paesaggi digitali.","og_url":"https:\/\/www.accuratereviews.com\/it\/software-intelligenza-artificiale\/boomi-recensione\/","og_site_name":"Accurate Reviews","article_modified_time":"2025-02-05T09:41:30+00:00","og_image":[{"width":1042,"height":313,"url":"https:\/\/www.accuratereviews.com\/wp-content\/uploads\/2025\/02\/Boomi-BW-logo-01.png","type":"image\/png"}],"twitter_card":"summary_large_image","twitter_misc":{"Tempo di lettura stimato":"4 minuti"},"schema":{"@context":"https:\/\/schema.org","@graph":[{"@type":"WebPage","@id":"https:\/\/www.accuratereviews.com\/it\/software-intelligenza-artificiale\/boomi-recensione\/","url":"https:\/\/www.accuratereviews.com\/it\/software-intelligenza-artificiale\/boomi-recensione\/","name":"Boomi: recensione software intelligenza artificiale - Accurate Reviews","isPartOf":{"@id":"https:\/\/www.accuratereviews.com\/it\/#website"},"primaryImageOfPage":{"@id":"https:\/\/www.accuratereviews.com\/it\/software-intelligenza-artificiale\/boomi-recensione\/#primaryimage"},"image":{"@id":"https:\/\/www.accuratereviews.com\/it\/software-intelligenza-artificiale\/boomi-recensione\/#primaryimage"},"thumbnailUrl":"https:\/\/www.accuratereviews.com\/wp-content\/uploads\/2025\/02\/Boomi-BW-logo-01.png","datePublished":"2025-02-04T16:49:56+00:00","dateModified":"2025-02-05T09:41:30+00:00","description":"Boomi: recensione piattaforma di integrazione e automazione cloud-native pi\u00f9 popolare al mondo che semplifica i paesaggi digitali.","breadcrumb":{"@id":"https:\/\/www.accuratereviews.com\/it\/software-intelligenza-artificiale\/boomi-recensione\/#breadcrumb"},"inLanguage":"it-IT","potentialAction":[{"@type":"ReadAction","target":["https:\/\/www.accuratereviews.com\/it\/software-intelligenza-artificiale\/boomi-recensione\/"]}]},{"@type":"ImageObject","inLanguage":"it-IT","@id":"https:\/\/www.accuratereviews.com\/it\/software-intelligenza-artificiale\/boomi-recensione\/#primaryimage","url":"https:\/\/www.accuratereviews.com\/wp-content\/uploads\/2025\/02\/Boomi-BW-logo-01.png","contentUrl":"https:\/\/www.accuratereviews.com\/wp-content\/uploads\/2025\/02\/Boomi-BW-logo-01.png","width":1042,"height":313},{"@type":"BreadcrumbList","@id":"https:\/\/www.accuratereviews.com\/it\/software-intelligenza-artificiale\/boomi-recensione\/#breadcrumb","itemListElement":[{"@type":"ListItem","position":1,"name":"Home","item":"https:\/\/www.accuratereviews.com\/it\/"},{"@type":"ListItem","position":2,"name":"Software di intelligenza artificiale","item":"https:\/\/www.accuratereviews.com\/it\/software-intelligenza-artificiale\/"},{"@type":"ListItem","position":3,"name":"Boomi"}]},{"@type":"WebSite","@id":"https:\/\/www.accuratereviews.com\/it\/#website","url":"https:\/\/www.accuratereviews.com\/it\/","name":"Accurate Reviews","description":"","potentialAction":[{"@type":"SearchAction","target":{"@type":"EntryPoint","urlTemplate":"https:\/\/www.accuratereviews.com\/it\/?s={search_term_string}"},"query-input":{"@type":"PropertyValueSpecification","valueRequired":true,"valueName":"search_term_string"}}],"inLanguage":"it-IT"}]}},"_links":{"self":[{"href":"https:\/\/www.accuratereviews.com\/it\/wp-json\/wp\/v2\/pages\/83464","targetHints":{"allow":["GET"]}}],"collection":[{"href":"https:\/\/www.accuratereviews.com\/it\/wp-json\/wp\/v2\/pages"}],"about":[{"href":"https:\/\/www.accuratereviews.com\/it\/wp-json\/wp\/v2\/types\/page"}],"author":[{"embeddable":true,"href":"https:\/\/www.accuratereviews.com\/it\/wp-json\/wp\/v2\/users\/19"}],"replies":[{"embeddable":true,"href":"https:\/\/www.accuratereviews.com\/it\/wp-json\/wp\/v2\/comments?post=83464"}],"version-history":[{"count":11,"href":"https:\/\/www.accuratereviews.com\/it\/wp-json\/wp\/v2\/pages\/83464\/revisions"}],"predecessor-version":[{"id":83693,"href":"https:\/\/www.accuratereviews.com\/it\/wp-json\/wp\/v2\/pages\/83464\/revisions\/83693"}],"up":[{"embeddable":true,"href":"https:\/\/www.accuratereviews.com\/it\/wp-json\/wp\/v2\/pages\/79864"}],"wp:featuredmedia":[{"embeddable":true,"href":"https:\/\/www.accuratereviews.com\/it\/wp-json\/wp\/v2\/media\/83478"}],"wp:attachment":[{"href":"https:\/\/www.accuratereviews.com\/it\/wp-json\/wp\/v2\/media?parent=83464"}],"wp:term":[{"taxonomy":"category","embeddable":true,"href":"https:\/\/www.accuratereviews.com\/it\/wp-json\/wp\/v2\/categories?post=83464"},{"taxonomy":"post_tag","embeddable":true,"href":"https:\/\/www.accuratereviews.com\/it\/wp-json\/wp\/v2\/tags?post=83464"},{"taxonomy":"features","embeddable":true,"href":"https:\/\/www.accuratereviews.com\/it\/wp-json\/wp\/v2\/features?post=83464"}],"curies":[{"name":"wp","href":"https:\/\/api.w.org\/{rel}","templated":true}]}}