{"id":83674,"date":"2025-02-05T16:01:37","date_gmt":"2025-02-05T16:01:37","guid":{"rendered":"https:\/\/www.accuratereviews.com\/?page_id=83674"},"modified":"2025-02-05T16:01:37","modified_gmt":"2025-02-05T16:01:37","slug":"anyword-recensione","status":"publish","type":"page","link":"https:\/\/www.accuratereviews.com\/it\/software-intelligenza-artificiale\/anyword-recensione\/","title":{"rendered":"Anyword"},"content":{"rendered":"<p><strong>Anyword<\/strong> \u00e8 un <strong>software di intelligenza artificiale<\/strong> progettato per aiutare i professionisti del marketing a creare messaggi personalizzati per il pubblico di destinazione su tutti i canali e i formati. La piattaforma consente ai manager di generare e valutare testi per post sui social media, landing page, oggetto delle email, pubblicit\u00e0 e altro ancora. Gli amministratori possono incorporare automaticamente parole chiave specifiche per creare post di blog ed email su un&#8217;interfaccia unificata.<br \/>\n<strong>Anyword<\/strong> offre analisi predittive e profili dei clienti, che consentono ai team di ottimizzare testi accattivanti per vari canali come Google, LinkedIn, Twitter e Instagram. Inoltre, i supervisori possono modificare pulsanti di invito all&#8217;azione (CTA), descrizioni di prodotti, intestazioni e altro ancora su tutte le landing page.<\/p>\n<h2>ANYWORD &#8211; TUTORIAL<\/h2>\n<div id=\"fluid-wrapper-counter-1\" class=\"g1-fluid-wrapper \" style=\"width:686px;\">\n<div style=\"padding-bottom:56.268221574344%;\"><iframe loading=\"lazy\" title=\"Anyword Performance Boost AI Extension\" width=\"686\" height=\"386\" src=\"https:\/\/www.youtube.com\/embed\/g93t2Ar0Sn0?feature=oembed&amp;wmode=transparent&amp;autohide=1&amp;autoplay=0&amp;disablekb=0&amp;fs=1&amp;loop=0&amp;enablejsapi=1&amp;rel=0&amp;controls=2&amp;showinfo=0&amp;wmode=transparent&amp;autohide=2&amp;autoplay=0&amp;disablekb=0&amp;fs=1&amp;loop=0&amp;enablejsapi=1&amp;rel=0&amp;controls=2&amp;showinfo=1\" frameborder=\"0\" allow=\"accelerometer; autoplay; clipboard-write; encrypted-media; gyroscope; picture-in-picture; web-share\" referrerpolicy=\"strict-origin-when-cross-origin\" allowfullscreen><\/iframe><\/div>\n<\/div>\n<h3>ANYWORD &#8211; CARATTERISTICHE<\/h3>\n<ul>\n<li><strong>API<\/strong>: consenti ai tuoi utenti di creare pi\u00f9 contenuti che convertono<\/li>\n<li><strong>Demand Gen<\/strong>: crea all&#8217;istante annunci ad alte prestazioni e prevedi il successo prima della pubblicazione<\/li>\n<li><strong>Product Marketing<\/strong>: semplifica i flussi di lavoro, entra in sintonia con i tuoi utenti e migliora la voce del tuo marchio<\/li>\n<li><strong>Esperti SEO<\/strong>: crea blog ottimizzati per SEO e on-brand su larga scala<\/li>\n<li><strong>CMO<\/strong>: aumenta le prestazioni del tuo marketing e semplifica i flussi di lavoro mantenendo la voce del tuo marchio<\/li>\n<li><strong>Content Marketing<\/strong>: genera contenuti ad alte prestazioni e on-brand per annunci, social, blog, email, LP e altro<\/li>\n<li><strong>Social Media<\/strong>: crea contenuti sui social media on-brand che stimolano il coinvolgimento<\/li>\n<li><strong>Marketing Ops:<\/strong> migliora le email, semplifica i processi, aumenta le prestazioni e migliora il tuo marchio<\/li>\n<li><strong>Contenuto intelligence<\/strong>: comprendi, analizza e migliora i contenuti su ogni canale in un&#8217;unica potente piattaforma<\/li>\n<li><strong>Editor basato sui dati<\/strong>: genera contenuti basati sull&#8217;intelligenza artificiale utilizzando punteggi di previsione delle prestazioni per sapere quali risorse funzioneranno meglio.<\/li>\n<li><strong>Automazione del sito Web<\/strong>: personalizza i messaggi sul tuo sito web su larga scala<\/li>\n<li><strong>Blog Wizard<\/strong>: produci costantemente contenuti di blog di alta qualit\u00e0 e coinvolgenti nella met\u00e0 del tempo<\/li>\n<li><strong>Estensione Chrome<\/strong>: aumenta il coinvolgimento, le iscrizioni, le conversioni e i lead come mai prima con l&#8217;estensione Chrome<\/li>\n<li><strong>Modello privato<\/strong>: proteggi i tuoi dati aziendali con gli LLM privati.<\/li>\n<li><strong>Sicurezza<\/strong>: scopri una sicurezza senza pari e una protezione avanzata creata per dare priorit\u00e0 alla sicurezza della privacy dei tuoi dati<\/li>\n<li><strong>Integrazioni<\/strong>: collega la soluzione al tuo stack tecnologico per ottenere contenuti che forniscono risultati misurabili<\/li>\n<\/ul>\n<h4>LE RECENSIONI DEGLI UTENTI<\/h4>\n<p><strong>Nicola &#8220;Molto costoso, ma utile&#8221;<\/strong><br \/>\n<strong>Pro<\/strong>: Ottimo assistente di scrittura. Veloce, efficiente e preciso.<br \/>\n<strong>Contro<\/strong>: Il prezzo mi sembra decisamente eccessivo. Poi mi secca dover fare copia-incolla manuale.<\/p>\n<p><strong>Melissa &#8220;Strumento di intelligenza artificiale salvavita per la scrittura di blog&#8221;<\/strong><br \/>\n<strong>Commenti<\/strong>: Anyword si \u00e8 posta come uno strumento efficace che trasmette il tuo messaggio in pochi spunti. Per quanto lo trovi costoso, \u00e8 il pi\u00f9 efficace<br \/>\n<strong>Pro<\/strong>: Prova gratuita perfetta per testare lo strumento. \u00c8 efficace, facile e veloce nell&#8217;articolazione e nel controllo del plagio<br \/>\n<strong>Contro<\/strong>: \u00c8 un po&#8217; costoso. Il che potrebbe non essere alla portata dei principianti nel marketing dei social media<\/p>\n<p><strong>Laia &#8220;Anyword ci fa risparmiare tempo e denaro che possiamo impiegare in modi pi\u00f9 significativi nella nostra piccola organizzazione benefica.&#8221;<\/strong><br \/>\n<strong>Pro<\/strong>: Mi piace Anyword perch\u00e9 ci aiuta a creare contenuti di buona qualit\u00e0 in una frazione del tempo che impiegavamo prima. Lo usiamo per la creazione di contenuti, brainstorming, idee seed e contenuti per newsletter, tra le altre cose. Lo usiamo per alcuni prompt su ci\u00f2 di cui abbiamo bisogno nel testo e crea una copia impeccabile.<br \/>\n<strong>Contro<\/strong>: Finora non ho lamentele su Anyword. Non utilizziamo ancora tutte le sue funzionalit\u00e0, ma sembra un prodotto eccellente per le nostre esigenze.<\/p>\n","protected":false},"excerpt":{"rendered":"<p>Anyword \u00e8 un software di intelligenza artificiale progettato per aiutare i professionisti del marketing a creare messaggi personalizzati per il pubblico di destinazione su tutti i canali e i formati. La piattaforma consente ai manager di generare e valutare testi per post sui social media, landing page, oggetto delle email, pubblicit\u00e0 e altro ancora.<\/p>\n","protected":false},"author":19,"featured_media":83694,"parent":79864,"menu_order":0,"comment_status":"open","ping_status":"closed","template":"g1_template_page_review_new.php","meta":{"_acf_changed":false,"cwp_meta_box_check":"Yes","cwp_rev_product_name":"","cwp_rev_product_image":"","wppr_links":[],"cwp_rev_price":"0.00","wppr_options":[{"name":"Usability","value":"0"},{"name":"Speed","value":"0"},{"name":"Features","value":"0"},{"name":"Support","value":"0"},{"name":"Pricing","value":"0"}],"wppr_pros":["","","","",""],"wppr_cons":["","","","",""],"_monsterinsights_skip_tracking":false,"_monsterinsights_sitenote_active":false,"_monsterinsights_sitenote_note":"","_monsterinsights_sitenote_category":0,"footnotes":""},"categories":[15435],"tags":[997,15778,998,15441,15440,15479,15480],"features":[],"class_list":{"0":"post-83674","1":"page","2":"type-page","3":"status-publish","4":"has-post-thumbnail","6":"category-software-intelligenza-artificiale-cat","7":"tag-ai","8":"tag-anyword","9":"tag-intelligenza-artificiale","10":"tag-piattaforma-intelligenza-artificiale","11":"tag-programma-intelligenza-artificiale","12":"tag-software-intelligenza-artificiale","13":"tag-soluzione-intelligenza-artificiale"},"wppr_data":{"cwp_meta_box_check":"Yes","_wppr_review_template":"default","cwp_rev_product_image":"","cwp_image_link":"image","wppr_links":[],"cwp_rev_price":"0.00","wppr_pros":["","","","",""],"wppr_cons":["","","","",""],"wppr_rating":"0.00","wppr_options":{"1":{"name":"Usability","value":"0"},"2":{"name":"Speed","value":"0"},"3":{"name":"Features","value":"0"},"4":{"name":"Support","value":"0"},"5":{"name":"Pricing","value":"0"}},"wppr_review_type":"Product","wppr_review_custom_fields":{"additionalProperty":"","additionalType":"","aggregateRating":"","alternateName":"","audience":"","award":"","awards":"","brand":"","color":"","depth":"","description":"","disambiguatingDescription":"","gtin12":"","gtin13":"","gtin14":"","gtin8":"","height":"","identifier":"","image":"","isAccessoryOrSparePartFor":"","isConsumableFor":"","isRelatedTo":"","isSimilarTo":"","itemCondition":"","logo":"","mainEntityOfPage":"","manufacturer":"","material":"","model":"","mpn":"","name":"","offers":"","potentialAction":"","productID":"","productionDate":"","purchaseDate":"","releaseDate":"","review":"","reviews":"","sameAs":"","sku":"","slogan":"","subjectOf":"","url":"","weight":"","width":""}},"acf":[],"yoast_head":"<!-- This site is optimized with the Yoast SEO plugin v27.4 - https:\/\/yoast.com\/product\/yoast-seo-wordpress\/ -->\n<title>Anyword: recensione software intelligenza artificiale - Accurate Reviews<\/title>\n<meta name=\"description\" content=\"Anyword: recensione software intelligenza artificiale progettato per aiutare a creare messaggi per il pubblico su tutti i canali e formati.\" \/>\n<meta name=\"robots\" content=\"index, follow, max-snippet:-1, max-image-preview:large, max-video-preview:-1\" \/>\n<link rel=\"canonical\" href=\"https:\/\/www.accuratereviews.com\/it\/software-intelligenza-artificiale\/anyword-recensione\/\" \/>\n<meta property=\"og:locale\" content=\"it_IT\" \/>\n<meta property=\"og:type\" content=\"article\" \/>\n<meta property=\"og:title\" content=\"Anyword: recensione software intelligenza artificiale - Accurate Reviews\" \/>\n<meta property=\"og:description\" content=\"Anyword: recensione software intelligenza artificiale progettato per aiutare a creare messaggi per il pubblico su tutti i canali e formati.\" \/>\n<meta property=\"og:url\" content=\"https:\/\/www.accuratereviews.com\/it\/software-intelligenza-artificiale\/anyword-recensione\/\" \/>\n<meta property=\"og:site_name\" content=\"Accurate Reviews\" \/>\n<meta property=\"og:image\" content=\"https:\/\/www.accuratereviews.com\/wp-content\/uploads\/2025\/02\/anyword.jpg\" \/>\n\t<meta property=\"og:image:width\" content=\"200\" \/>\n\t<meta property=\"og:image:height\" content=\"200\" \/>\n\t<meta property=\"og:image:type\" content=\"image\/jpeg\" \/>\n<meta name=\"twitter:card\" content=\"summary_large_image\" \/>\n<meta name=\"twitter:label1\" content=\"Tempo di lettura stimato\" \/>\n\t<meta name=\"twitter:data1\" content=\"4 minuti\" \/>\n<script type=\"application\/ld+json\" class=\"yoast-schema-graph\">{\"@context\":\"https:\\\/\\\/schema.org\",\"@graph\":[{\"@type\":\"WebPage\",\"@id\":\"https:\\\/\\\/www.accuratereviews.com\\\/it\\\/software-intelligenza-artificiale\\\/anyword-recensione\\\/\",\"url\":\"https:\\\/\\\/www.accuratereviews.com\\\/it\\\/software-intelligenza-artificiale\\\/anyword-recensione\\\/\",\"name\":\"Anyword: recensione software intelligenza artificiale - Accurate Reviews\",\"isPartOf\":{\"@id\":\"https:\\\/\\\/www.accuratereviews.com\\\/it\\\/#website\"},\"primaryImageOfPage\":{\"@id\":\"https:\\\/\\\/www.accuratereviews.com\\\/it\\\/software-intelligenza-artificiale\\\/anyword-recensione\\\/#primaryimage\"},\"image\":{\"@id\":\"https:\\\/\\\/www.accuratereviews.com\\\/it\\\/software-intelligenza-artificiale\\\/anyword-recensione\\\/#primaryimage\"},\"thumbnailUrl\":\"https:\\\/\\\/www.accuratereviews.com\\\/wp-content\\\/uploads\\\/2025\\\/02\\\/anyword.jpg\",\"datePublished\":\"2025-02-05T16:01:37+00:00\",\"description\":\"Anyword: recensione software intelligenza artificiale progettato per aiutare a creare messaggi per il pubblico su tutti i canali e formati.\",\"breadcrumb\":{\"@id\":\"https:\\\/\\\/www.accuratereviews.com\\\/it\\\/software-intelligenza-artificiale\\\/anyword-recensione\\\/#breadcrumb\"},\"inLanguage\":\"it-IT\",\"potentialAction\":[{\"@type\":\"ReadAction\",\"target\":[\"https:\\\/\\\/www.accuratereviews.com\\\/it\\\/software-intelligenza-artificiale\\\/anyword-recensione\\\/\"]}]},{\"@type\":\"ImageObject\",\"inLanguage\":\"it-IT\",\"@id\":\"https:\\\/\\\/www.accuratereviews.com\\\/it\\\/software-intelligenza-artificiale\\\/anyword-recensione\\\/#primaryimage\",\"url\":\"https:\\\/\\\/www.accuratereviews.com\\\/wp-content\\\/uploads\\\/2025\\\/02\\\/anyword.jpg\",\"contentUrl\":\"https:\\\/\\\/www.accuratereviews.com\\\/wp-content\\\/uploads\\\/2025\\\/02\\\/anyword.jpg\",\"width\":200,\"height\":200},{\"@type\":\"BreadcrumbList\",\"@id\":\"https:\\\/\\\/www.accuratereviews.com\\\/it\\\/software-intelligenza-artificiale\\\/anyword-recensione\\\/#breadcrumb\",\"itemListElement\":[{\"@type\":\"ListItem\",\"position\":1,\"name\":\"Home\",\"item\":\"https:\\\/\\\/www.accuratereviews.com\\\/it\\\/\"},{\"@type\":\"ListItem\",\"position\":2,\"name\":\"Software di intelligenza artificiale\",\"item\":\"https:\\\/\\\/www.accuratereviews.com\\\/it\\\/software-intelligenza-artificiale\\\/\"},{\"@type\":\"ListItem\",\"position\":3,\"name\":\"Anyword\"}]},{\"@type\":\"WebSite\",\"@id\":\"https:\\\/\\\/www.accuratereviews.com\\\/it\\\/#website\",\"url\":\"https:\\\/\\\/www.accuratereviews.com\\\/it\\\/\",\"name\":\"Accurate Reviews\",\"description\":\"\",\"potentialAction\":[{\"@type\":\"SearchAction\",\"target\":{\"@type\":\"EntryPoint\",\"urlTemplate\":\"https:\\\/\\\/www.accuratereviews.com\\\/it\\\/?s={search_term_string}\"},\"query-input\":{\"@type\":\"PropertyValueSpecification\",\"valueRequired\":true,\"valueName\":\"search_term_string\"}}],\"inLanguage\":\"it-IT\"}]}<\/script>\n<!-- \/ Yoast SEO plugin. -->","yoast_head_json":{"title":"Anyword: recensione software intelligenza artificiale - Accurate Reviews","description":"Anyword: recensione software intelligenza artificiale progettato per aiutare a creare messaggi per il pubblico su tutti i canali e formati.","robots":{"index":"index","follow":"follow","max-snippet":"max-snippet:-1","max-image-preview":"max-image-preview:large","max-video-preview":"max-video-preview:-1"},"canonical":"https:\/\/www.accuratereviews.com\/it\/software-intelligenza-artificiale\/anyword-recensione\/","og_locale":"it_IT","og_type":"article","og_title":"Anyword: recensione software intelligenza artificiale - Accurate Reviews","og_description":"Anyword: recensione software intelligenza artificiale progettato per aiutare a creare messaggi per il pubblico su tutti i canali e formati.","og_url":"https:\/\/www.accuratereviews.com\/it\/software-intelligenza-artificiale\/anyword-recensione\/","og_site_name":"Accurate Reviews","og_image":[{"width":200,"height":200,"url":"https:\/\/www.accuratereviews.com\/wp-content\/uploads\/2025\/02\/anyword.jpg","type":"image\/jpeg"}],"twitter_card":"summary_large_image","twitter_misc":{"Tempo di lettura stimato":"4 minuti"},"schema":{"@context":"https:\/\/schema.org","@graph":[{"@type":"WebPage","@id":"https:\/\/www.accuratereviews.com\/it\/software-intelligenza-artificiale\/anyword-recensione\/","url":"https:\/\/www.accuratereviews.com\/it\/software-intelligenza-artificiale\/anyword-recensione\/","name":"Anyword: recensione software intelligenza artificiale - Accurate Reviews","isPartOf":{"@id":"https:\/\/www.accuratereviews.com\/it\/#website"},"primaryImageOfPage":{"@id":"https:\/\/www.accuratereviews.com\/it\/software-intelligenza-artificiale\/anyword-recensione\/#primaryimage"},"image":{"@id":"https:\/\/www.accuratereviews.com\/it\/software-intelligenza-artificiale\/anyword-recensione\/#primaryimage"},"thumbnailUrl":"https:\/\/www.accuratereviews.com\/wp-content\/uploads\/2025\/02\/anyword.jpg","datePublished":"2025-02-05T16:01:37+00:00","description":"Anyword: recensione software intelligenza artificiale progettato per aiutare a creare messaggi per il pubblico su tutti i canali e formati.","breadcrumb":{"@id":"https:\/\/www.accuratereviews.com\/it\/software-intelligenza-artificiale\/anyword-recensione\/#breadcrumb"},"inLanguage":"it-IT","potentialAction":[{"@type":"ReadAction","target":["https:\/\/www.accuratereviews.com\/it\/software-intelligenza-artificiale\/anyword-recensione\/"]}]},{"@type":"ImageObject","inLanguage":"it-IT","@id":"https:\/\/www.accuratereviews.com\/it\/software-intelligenza-artificiale\/anyword-recensione\/#primaryimage","url":"https:\/\/www.accuratereviews.com\/wp-content\/uploads\/2025\/02\/anyword.jpg","contentUrl":"https:\/\/www.accuratereviews.com\/wp-content\/uploads\/2025\/02\/anyword.jpg","width":200,"height":200},{"@type":"BreadcrumbList","@id":"https:\/\/www.accuratereviews.com\/it\/software-intelligenza-artificiale\/anyword-recensione\/#breadcrumb","itemListElement":[{"@type":"ListItem","position":1,"name":"Home","item":"https:\/\/www.accuratereviews.com\/it\/"},{"@type":"ListItem","position":2,"name":"Software di intelligenza artificiale","item":"https:\/\/www.accuratereviews.com\/it\/software-intelligenza-artificiale\/"},{"@type":"ListItem","position":3,"name":"Anyword"}]},{"@type":"WebSite","@id":"https:\/\/www.accuratereviews.com\/it\/#website","url":"https:\/\/www.accuratereviews.com\/it\/","name":"Accurate Reviews","description":"","potentialAction":[{"@type":"SearchAction","target":{"@type":"EntryPoint","urlTemplate":"https:\/\/www.accuratereviews.com\/it\/?s={search_term_string}"},"query-input":{"@type":"PropertyValueSpecification","valueRequired":true,"valueName":"search_term_string"}}],"inLanguage":"it-IT"}]}},"_links":{"self":[{"href":"https:\/\/www.accuratereviews.com\/it\/wp-json\/wp\/v2\/pages\/83674","targetHints":{"allow":["GET"]}}],"collection":[{"href":"https:\/\/www.accuratereviews.com\/it\/wp-json\/wp\/v2\/pages"}],"about":[{"href":"https:\/\/www.accuratereviews.com\/it\/wp-json\/wp\/v2\/types\/page"}],"author":[{"embeddable":true,"href":"https:\/\/www.accuratereviews.com\/it\/wp-json\/wp\/v2\/users\/19"}],"replies":[{"embeddable":true,"href":"https:\/\/www.accuratereviews.com\/it\/wp-json\/wp\/v2\/comments?post=83674"}],"version-history":[{"count":10,"href":"https:\/\/www.accuratereviews.com\/it\/wp-json\/wp\/v2\/pages\/83674\/revisions"}],"predecessor-version":[{"id":83771,"href":"https:\/\/www.accuratereviews.com\/it\/wp-json\/wp\/v2\/pages\/83674\/revisions\/83771"}],"up":[{"embeddable":true,"href":"https:\/\/www.accuratereviews.com\/it\/wp-json\/wp\/v2\/pages\/79864"}],"wp:featuredmedia":[{"embeddable":true,"href":"https:\/\/www.accuratereviews.com\/it\/wp-json\/wp\/v2\/media\/83694"}],"wp:attachment":[{"href":"https:\/\/www.accuratereviews.com\/it\/wp-json\/wp\/v2\/media?parent=83674"}],"wp:term":[{"taxonomy":"category","embeddable":true,"href":"https:\/\/www.accuratereviews.com\/it\/wp-json\/wp\/v2\/categories?post=83674"},{"taxonomy":"post_tag","embeddable":true,"href":"https:\/\/www.accuratereviews.com\/it\/wp-json\/wp\/v2\/tags?post=83674"},{"taxonomy":"features","embeddable":true,"href":"https:\/\/www.accuratereviews.com\/it\/wp-json\/wp\/v2\/features?post=83674"}],"curies":[{"name":"wp","href":"https:\/\/api.w.org\/{rel}","templated":true}]}}