{"id":83921,"date":"2025-02-06T17:24:26","date_gmt":"2025-02-06T17:24:26","guid":{"rendered":"https:\/\/www.accuratereviews.com\/?page_id=83921"},"modified":"2025-02-06T17:24:26","modified_gmt":"2025-02-06T17:24:26","slug":"splunk-enterprise-recensione","status":"publish","type":"page","link":"https:\/\/www.accuratereviews.com\/it\/software-intelligenza-artificiale\/splunk-enterprise-recensione\/","title":{"rendered":"Splunk Enterprise"},"content":{"rendered":"<p><strong>Splunk Enterprise<\/strong> \u00e8 una piattaforma basata su <strong>cloud<\/strong> e sull&#8217;<strong>intelligenza artificiale<\/strong> progettata per assistere le aziende nella gestione dei big data e nell&#8217;analisi dei dati delle macchine. Le funzionalit\u00e0 principali includono visualizzazione dei dati, metriche delle prestazioni, raccolta dati, ricerca in tempo reale, indicizzazione, monitoraggio KPI, reporting e monitoraggio. L&#8217;applicazione consente ai manager di creare dashboard personalizzate, aggiungere visualizzazioni, regolare i componenti dell&#8217;interfaccia e convertirli in moduli. Aiuta gli amministratori a condurre un monitoraggio continuo degli eventi operativi per rilevare vulnerabilit\u00e0 e ricevere avvisi attivati \u200b\u200bda eventi in tempo reale. Con la sua funzionalit\u00e0 di gestione del carico di lavoro, gli utenti possono riservare capacit\u00e0 di archiviazione delle risorse di sistema per l&#8217;importazione\/inserimento di dati di attivit\u00e0 ad alta priorit\u00e0.<br \/>\n<strong>Splunk Enterprise<\/strong> consente, inoltre, ai membri del team di rilevare anomalie di sistema ed eseguire il clustering dei dati per filtrare i dati danneggiati.<\/p>\n<h2>SPLUNK ENTERPRISE &#8211; TUTORIAL<\/h2>\n<div id=\"fluid-wrapper-counter-1\" class=\"g1-fluid-wrapper \" style=\"width:686px;\">\n<div style=\"padding-bottom:56.268221574344%;\"><iframe loading=\"lazy\" title=\"ULTIMATE Cyber Security Training Discount \/\/ Zero to Cyber Pro\" width=\"686\" height=\"386\" src=\"https:\/\/www.youtube.com\/embed\/P2OudFIq3s0?feature=oembed&amp;wmode=transparent&amp;autohide=1&amp;autoplay=0&amp;disablekb=0&amp;fs=1&amp;loop=0&amp;enablejsapi=1&amp;rel=0&amp;controls=2&amp;showinfo=0&amp;wmode=transparent&amp;autohide=2&amp;autoplay=0&amp;disablekb=0&amp;fs=1&amp;loop=0&amp;enablejsapi=1&amp;rel=0&amp;controls=2&amp;showinfo=1\" frameborder=\"0\" allow=\"accelerometer; autoplay; clipboard-write; encrypted-media; gyroscope; picture-in-picture; web-share\" referrerpolicy=\"strict-origin-when-cross-origin\" allowfullscreen><\/iframe><\/div>\n<\/div>\n<h3>SPLUNK ENTERPRISE &#8211; CARATTERISTICHE<\/h3>\n<ul>\n<li><strong>Machine learning e AI<\/strong>: prevedi e previeni. Migliora la sicurezza e i risultati aziendali con l&#8217;intelligenza artificiale.<\/li>\n<li><strong>Streaming di dati<\/strong>: raccogli, elabora e distribuisci dati nella soluzione e ad altre destinazioni in millisecondi con l&#8217;elaborazione di flussi in tempo reale.<\/li>\n<li><strong>Indice scalabile<\/strong>: raduna e acquisisci dati da migliaia di fonti e oltre, il tutto su scala terabyte.<\/li>\n<li><strong>Strumenti collaborativi<\/strong>: interagisci e collabora da qualsiasi luogo con funzionalit\u00e0 di realt\u00e0 aumentata, TV e dispositivi mobili.<\/li>\n<li><strong>Area di lavoro di analisi<\/strong>: converti i registri in metriche, aumenta le prestazioni di ricerca e monitoraggio e semplifica le funzioni di avviso.<\/li>\n<li><strong>Dashboard potenti<\/strong>: comunica facilmente anche le tue storie di dati complesse utilizzando l&#8217;intuitiva esperienza di creazione di dashboard.<\/li>\n<\/ul>\n<h4>LE RECENSIONI DEGLI UTENTI<\/h4>\n<p><strong>Dario &#8220;Splunk \u00e8 un ottimo SIEM&#8221;<\/strong><br \/>\n<strong>Pro<\/strong>: il linguaggio che utilizza splunk per le query e la facilit\u00e0 di utilizzo<br \/>\n<strong>Contro<\/strong>: purtroppo devo ammettere che il costo di Splunk Enterprise \u00e8 molto alto<\/p>\n<p><strong>Roda &#8220;Software completo per analisi dei log&#8221;<\/strong><br \/>\n<strong>Commenti<\/strong>: utilizzando un solo strumento sono in grado di: effettuare analisi sulla sicurezza basandomi sui log, definire allarmi per eventi indesiderati, raccogliere in un unico luogo tutti log, visualizzare i dati dei log in un formato maggiormente comprensibile.<br \/>\n<strong>Pro<\/strong>: utiizzzo Splunk da molto tempo e si \u00e8 rivelato sempre eccellente. Nel mio lavoro attuale lo uso per l\u2019analisi dei log di sicurezza e, a mio parere, pu\u00f2 essere considerato uno dei migliori strumenti in circolazione per questo scopo. \u00c8 possibile effettuare approfondite analisi dei log, fornisce informazioni di sintesi di qualit\u00e0 e consente la creazione cruscotti che semplifica la visualizzazione e la comprensione dei dati. Splunk permette inoltre di crede allarmi personalizzati e report bassi sui log analizzati.<br \/>\n<strong>Contro<\/strong>: \u00c8 avido di risorse, quindi bisogna stare attenti alla macchina e l\u2019host che si utilizza inoltre \u00e8 necessario una buona conoscenza di XML per utilizzarlo al meglio e creare ottimi report.<\/p>\n<p><strong>Michele &#8220;Splunk Enterprise non \u00e8 solo uno strumento di tracciamento&#8221;<\/strong><br \/>\n<strong>Commenti<\/strong>: la mia esperienza complessiva con Splunk Enterprise \u00e8 davvero buona. \u00c8 uno strumento potente per aiutarti a tracciare le chiamate, utilizzando filtri e indici personalizzabili.<br \/>\n<strong>Pro<\/strong>: intuitivo, personalizzabile e davvero utile nel lavoro quotidiano. Le diverse sezioni &#8220;intelligente, veloce e dettagliata&#8221; ti danno la libert\u00e0 di scegliere come interagire con lo strumento.<br \/>\n<strong>Contro<\/strong>: alcuni bug nella sezione Avvisi da modificare rendono l&#8217;esperienza peggiore di quanto mi aspettassi.<\/p>\n","protected":false},"excerpt":{"rendered":"<p>Splunk Enterprise \u00e8 una piattaforma basata su cloud e sull&#8217;intelligenza artificiale progettata per assistere le aziende nella gestione dei big data e nell&#8217;analisi dei dati delle macchine. Le funzionalit\u00e0 principali includono visualizzazione dei dati, metriche delle prestazioni, raccolta dati, ricerca in tempo reale, indicizzazione, monitoraggio KPI, reporting e monitoraggio.<\/p>\n","protected":false},"author":19,"featured_media":83922,"parent":79864,"menu_order":0,"comment_status":"open","ping_status":"closed","template":"g1_template_page_review_new.php","meta":{"_acf_changed":false,"cwp_meta_box_check":"No","cwp_rev_product_name":"","cwp_rev_product_image":"","wppr_links":[],"cwp_rev_price":"","wppr_options":[],"wppr_pros":[],"wppr_cons":[],"_monsterinsights_skip_tracking":false,"_monsterinsights_sitenote_active":false,"_monsterinsights_sitenote_note":"","_monsterinsights_sitenote_category":0,"footnotes":""},"categories":[15435],"tags":[997,998,15441,15440,15479,15480,13671],"features":[],"class_list":{"0":"post-83921","1":"page","2":"type-page","3":"status-publish","4":"has-post-thumbnail","6":"category-software-intelligenza-artificiale-cat","7":"tag-ai","8":"tag-intelligenza-artificiale","9":"tag-piattaforma-intelligenza-artificiale","10":"tag-programma-intelligenza-artificiale","11":"tag-software-intelligenza-artificiale","12":"tag-soluzione-intelligenza-artificiale","13":"tag-splunk-enterprise"},"wppr_data":{"cwp_meta_box_check":"No"},"acf":[],"yoast_head":"<!-- This site is optimized with the Yoast SEO plugin v27.4 - https:\/\/yoast.com\/product\/yoast-seo-wordpress\/ -->\n<title>Splunk Enterprise: recensione software intelligenza artificiale - Accurate Reviews<\/title>\n<meta name=\"description\" content=\"Splunk Enterprise: recensione soluzione basata su cloud e sull&#039;ai progettata per assistere aziende nella gestione dei big data e nell&#039;analisi.\" \/>\n<meta name=\"robots\" content=\"index, follow, max-snippet:-1, max-image-preview:large, max-video-preview:-1\" \/>\n<link rel=\"canonical\" href=\"https:\/\/www.accuratereviews.com\/it\/software-intelligenza-artificiale\/splunk-enterprise-recensione\/\" \/>\n<meta property=\"og:locale\" content=\"it_IT\" \/>\n<meta property=\"og:type\" content=\"article\" \/>\n<meta property=\"og:title\" content=\"Splunk Enterprise: recensione software intelligenza artificiale - Accurate Reviews\" \/>\n<meta property=\"og:description\" content=\"Splunk Enterprise: recensione soluzione basata su cloud e sull&#039;ai progettata per assistere aziende nella gestione dei big data e nell&#039;analisi.\" \/>\n<meta property=\"og:url\" content=\"https:\/\/www.accuratereviews.com\/it\/software-intelligenza-artificiale\/splunk-enterprise-recensione\/\" \/>\n<meta property=\"og:site_name\" content=\"Accurate Reviews\" \/>\n<meta property=\"og:image\" content=\"https:\/\/www.accuratereviews.com\/wp-content\/uploads\/2025\/02\/Splunk-Enterprise.png\" \/>\n\t<meta property=\"og:image:width\" content=\"348\" \/>\n\t<meta property=\"og:image:height\" content=\"348\" \/>\n\t<meta property=\"og:image:type\" content=\"image\/png\" \/>\n<meta name=\"twitter:card\" content=\"summary_large_image\" \/>\n<meta name=\"twitter:label1\" content=\"Tempo di lettura stimato\" \/>\n\t<meta name=\"twitter:data1\" content=\"4 minuti\" \/>\n<script type=\"application\/ld+json\" class=\"yoast-schema-graph\">{\"@context\":\"https:\\\/\\\/schema.org\",\"@graph\":[{\"@type\":\"WebPage\",\"@id\":\"https:\\\/\\\/www.accuratereviews.com\\\/it\\\/software-intelligenza-artificiale\\\/splunk-enterprise-recensione\\\/\",\"url\":\"https:\\\/\\\/www.accuratereviews.com\\\/it\\\/software-intelligenza-artificiale\\\/splunk-enterprise-recensione\\\/\",\"name\":\"Splunk Enterprise: recensione software intelligenza artificiale - Accurate Reviews\",\"isPartOf\":{\"@id\":\"https:\\\/\\\/www.accuratereviews.com\\\/it\\\/#website\"},\"primaryImageOfPage\":{\"@id\":\"https:\\\/\\\/www.accuratereviews.com\\\/it\\\/software-intelligenza-artificiale\\\/splunk-enterprise-recensione\\\/#primaryimage\"},\"image\":{\"@id\":\"https:\\\/\\\/www.accuratereviews.com\\\/it\\\/software-intelligenza-artificiale\\\/splunk-enterprise-recensione\\\/#primaryimage\"},\"thumbnailUrl\":\"https:\\\/\\\/www.accuratereviews.com\\\/wp-content\\\/uploads\\\/2025\\\/02\\\/Splunk-Enterprise.png\",\"datePublished\":\"2025-02-06T17:24:26+00:00\",\"description\":\"Splunk Enterprise: recensione soluzione basata su cloud e sull'ai progettata per assistere aziende nella gestione dei big data e nell'analisi.\",\"breadcrumb\":{\"@id\":\"https:\\\/\\\/www.accuratereviews.com\\\/it\\\/software-intelligenza-artificiale\\\/splunk-enterprise-recensione\\\/#breadcrumb\"},\"inLanguage\":\"it-IT\",\"potentialAction\":[{\"@type\":\"ReadAction\",\"target\":[\"https:\\\/\\\/www.accuratereviews.com\\\/it\\\/software-intelligenza-artificiale\\\/splunk-enterprise-recensione\\\/\"]}]},{\"@type\":\"ImageObject\",\"inLanguage\":\"it-IT\",\"@id\":\"https:\\\/\\\/www.accuratereviews.com\\\/it\\\/software-intelligenza-artificiale\\\/splunk-enterprise-recensione\\\/#primaryimage\",\"url\":\"https:\\\/\\\/www.accuratereviews.com\\\/wp-content\\\/uploads\\\/2025\\\/02\\\/Splunk-Enterprise.png\",\"contentUrl\":\"https:\\\/\\\/www.accuratereviews.com\\\/wp-content\\\/uploads\\\/2025\\\/02\\\/Splunk-Enterprise.png\",\"width\":348,\"height\":348},{\"@type\":\"BreadcrumbList\",\"@id\":\"https:\\\/\\\/www.accuratereviews.com\\\/it\\\/software-intelligenza-artificiale\\\/splunk-enterprise-recensione\\\/#breadcrumb\",\"itemListElement\":[{\"@type\":\"ListItem\",\"position\":1,\"name\":\"Home\",\"item\":\"https:\\\/\\\/www.accuratereviews.com\\\/it\\\/\"},{\"@type\":\"ListItem\",\"position\":2,\"name\":\"Software di intelligenza artificiale\",\"item\":\"https:\\\/\\\/www.accuratereviews.com\\\/it\\\/software-intelligenza-artificiale\\\/\"},{\"@type\":\"ListItem\",\"position\":3,\"name\":\"Splunk Enterprise\"}]},{\"@type\":\"WebSite\",\"@id\":\"https:\\\/\\\/www.accuratereviews.com\\\/it\\\/#website\",\"url\":\"https:\\\/\\\/www.accuratereviews.com\\\/it\\\/\",\"name\":\"Accurate Reviews\",\"description\":\"\",\"potentialAction\":[{\"@type\":\"SearchAction\",\"target\":{\"@type\":\"EntryPoint\",\"urlTemplate\":\"https:\\\/\\\/www.accuratereviews.com\\\/it\\\/?s={search_term_string}\"},\"query-input\":{\"@type\":\"PropertyValueSpecification\",\"valueRequired\":true,\"valueName\":\"search_term_string\"}}],\"inLanguage\":\"it-IT\"}]}<\/script>\n<!-- \/ Yoast SEO plugin. -->","yoast_head_json":{"title":"Splunk Enterprise: recensione software intelligenza artificiale - Accurate Reviews","description":"Splunk Enterprise: recensione soluzione basata su cloud e sull'ai progettata per assistere aziende nella gestione dei big data e nell'analisi.","robots":{"index":"index","follow":"follow","max-snippet":"max-snippet:-1","max-image-preview":"max-image-preview:large","max-video-preview":"max-video-preview:-1"},"canonical":"https:\/\/www.accuratereviews.com\/it\/software-intelligenza-artificiale\/splunk-enterprise-recensione\/","og_locale":"it_IT","og_type":"article","og_title":"Splunk Enterprise: recensione software intelligenza artificiale - Accurate Reviews","og_description":"Splunk Enterprise: recensione soluzione basata su cloud e sull'ai progettata per assistere aziende nella gestione dei big data e nell'analisi.","og_url":"https:\/\/www.accuratereviews.com\/it\/software-intelligenza-artificiale\/splunk-enterprise-recensione\/","og_site_name":"Accurate Reviews","og_image":[{"width":348,"height":348,"url":"https:\/\/www.accuratereviews.com\/wp-content\/uploads\/2025\/02\/Splunk-Enterprise.png","type":"image\/png"}],"twitter_card":"summary_large_image","twitter_misc":{"Tempo di lettura stimato":"4 minuti"},"schema":{"@context":"https:\/\/schema.org","@graph":[{"@type":"WebPage","@id":"https:\/\/www.accuratereviews.com\/it\/software-intelligenza-artificiale\/splunk-enterprise-recensione\/","url":"https:\/\/www.accuratereviews.com\/it\/software-intelligenza-artificiale\/splunk-enterprise-recensione\/","name":"Splunk Enterprise: recensione software intelligenza artificiale - Accurate Reviews","isPartOf":{"@id":"https:\/\/www.accuratereviews.com\/it\/#website"},"primaryImageOfPage":{"@id":"https:\/\/www.accuratereviews.com\/it\/software-intelligenza-artificiale\/splunk-enterprise-recensione\/#primaryimage"},"image":{"@id":"https:\/\/www.accuratereviews.com\/it\/software-intelligenza-artificiale\/splunk-enterprise-recensione\/#primaryimage"},"thumbnailUrl":"https:\/\/www.accuratereviews.com\/wp-content\/uploads\/2025\/02\/Splunk-Enterprise.png","datePublished":"2025-02-06T17:24:26+00:00","description":"Splunk Enterprise: recensione soluzione basata su cloud e sull'ai progettata per assistere aziende nella gestione dei big data e nell'analisi.","breadcrumb":{"@id":"https:\/\/www.accuratereviews.com\/it\/software-intelligenza-artificiale\/splunk-enterprise-recensione\/#breadcrumb"},"inLanguage":"it-IT","potentialAction":[{"@type":"ReadAction","target":["https:\/\/www.accuratereviews.com\/it\/software-intelligenza-artificiale\/splunk-enterprise-recensione\/"]}]},{"@type":"ImageObject","inLanguage":"it-IT","@id":"https:\/\/www.accuratereviews.com\/it\/software-intelligenza-artificiale\/splunk-enterprise-recensione\/#primaryimage","url":"https:\/\/www.accuratereviews.com\/wp-content\/uploads\/2025\/02\/Splunk-Enterprise.png","contentUrl":"https:\/\/www.accuratereviews.com\/wp-content\/uploads\/2025\/02\/Splunk-Enterprise.png","width":348,"height":348},{"@type":"BreadcrumbList","@id":"https:\/\/www.accuratereviews.com\/it\/software-intelligenza-artificiale\/splunk-enterprise-recensione\/#breadcrumb","itemListElement":[{"@type":"ListItem","position":1,"name":"Home","item":"https:\/\/www.accuratereviews.com\/it\/"},{"@type":"ListItem","position":2,"name":"Software di intelligenza artificiale","item":"https:\/\/www.accuratereviews.com\/it\/software-intelligenza-artificiale\/"},{"@type":"ListItem","position":3,"name":"Splunk Enterprise"}]},{"@type":"WebSite","@id":"https:\/\/www.accuratereviews.com\/it\/#website","url":"https:\/\/www.accuratereviews.com\/it\/","name":"Accurate Reviews","description":"","potentialAction":[{"@type":"SearchAction","target":{"@type":"EntryPoint","urlTemplate":"https:\/\/www.accuratereviews.com\/it\/?s={search_term_string}"},"query-input":{"@type":"PropertyValueSpecification","valueRequired":true,"valueName":"search_term_string"}}],"inLanguage":"it-IT"}]}},"_links":{"self":[{"href":"https:\/\/www.accuratereviews.com\/it\/wp-json\/wp\/v2\/pages\/83921","targetHints":{"allow":["GET"]}}],"collection":[{"href":"https:\/\/www.accuratereviews.com\/it\/wp-json\/wp\/v2\/pages"}],"about":[{"href":"https:\/\/www.accuratereviews.com\/it\/wp-json\/wp\/v2\/types\/page"}],"author":[{"embeddable":true,"href":"https:\/\/www.accuratereviews.com\/it\/wp-json\/wp\/v2\/users\/19"}],"replies":[{"embeddable":true,"href":"https:\/\/www.accuratereviews.com\/it\/wp-json\/wp\/v2\/comments?post=83921"}],"version-history":[{"count":11,"href":"https:\/\/www.accuratereviews.com\/it\/wp-json\/wp\/v2\/pages\/83921\/revisions"}],"predecessor-version":[{"id":84025,"href":"https:\/\/www.accuratereviews.com\/it\/wp-json\/wp\/v2\/pages\/83921\/revisions\/84025"}],"up":[{"embeddable":true,"href":"https:\/\/www.accuratereviews.com\/it\/wp-json\/wp\/v2\/pages\/79864"}],"wp:featuredmedia":[{"embeddable":true,"href":"https:\/\/www.accuratereviews.com\/it\/wp-json\/wp\/v2\/media\/83922"}],"wp:attachment":[{"href":"https:\/\/www.accuratereviews.com\/it\/wp-json\/wp\/v2\/media?parent=83921"}],"wp:term":[{"taxonomy":"category","embeddable":true,"href":"https:\/\/www.accuratereviews.com\/it\/wp-json\/wp\/v2\/categories?post=83921"},{"taxonomy":"post_tag","embeddable":true,"href":"https:\/\/www.accuratereviews.com\/it\/wp-json\/wp\/v2\/tags?post=83921"},{"taxonomy":"features","embeddable":true,"href":"https:\/\/www.accuratereviews.com\/it\/wp-json\/wp\/v2\/features?post=83921"}],"curies":[{"name":"wp","href":"https:\/\/api.w.org\/{rel}","templated":true}]}}