{"id":8435,"date":"2017-03-13T09:36:00","date_gmt":"2017-03-13T09:36:00","guid":{"rendered":"http:\/\/www.accuratereviews.com\/revue\/"},"modified":"2017-04-14T13:10:13","modified_gmt":"2017-04-14T13:10:13","slug":"revue","status":"publish","type":"page","link":"https:\/\/www.accuratereviews.com\/it\/newsletter-migliori-software-lista\/revue\/","title":{"rendered":"Revue"},"content":{"rendered":"<p><img loading=\"lazy\" decoding=\"async\" class=\"aligncenter size-full wp-image-8425\" src=\"http:\/\/www.accuratereviews.com\/wp-content\/uploads\/2017\/03\/Revue_-_Get_your_thoughts_into_people_s_inboxes.jpg\" alt=\"Revue \" width=\"1261\" height=\"1119\" srcset=\"https:\/\/www.accuratereviews.com\/wp-content\/uploads\/2017\/03\/Revue_-_Get_your_thoughts_into_people_s_inboxes.jpg 1261w, https:\/\/www.accuratereviews.com\/wp-content\/uploads\/2017\/03\/Revue_-_Get_your_thoughts_into_people_s_inboxes-300x266.jpg 300w, https:\/\/www.accuratereviews.com\/wp-content\/uploads\/2017\/03\/Revue_-_Get_your_thoughts_into_people_s_inboxes-768x682.jpg 768w, https:\/\/www.accuratereviews.com\/wp-content\/uploads\/2017\/03\/Revue_-_Get_your_thoughts_into_people_s_inboxes-1024x909.jpg 1024w, https:\/\/www.accuratereviews.com\/wp-content\/uploads\/2017\/03\/Revue_-_Get_your_thoughts_into_people_s_inboxes-141x125.jpg 141w, https:\/\/www.accuratereviews.com\/wp-content\/uploads\/2017\/03\/Revue_-_Get_your_thoughts_into_people_s_inboxes-50x44.jpg 50w, https:\/\/www.accuratereviews.com\/wp-content\/uploads\/2017\/03\/Revue_-_Get_your_thoughts_into_people_s_inboxes-968x859.jpg 968w, https:\/\/www.accuratereviews.com\/wp-content\/uploads\/2017\/03\/Revue_-_Get_your_thoughts_into_people_s_inboxes-636x564.jpg 636w, https:\/\/www.accuratereviews.com\/wp-content\/uploads\/2017\/03\/Revue_-_Get_your_thoughts_into_people_s_inboxes-320x284.jpg 320w, https:\/\/www.accuratereviews.com\/wp-content\/uploads\/2017\/03\/Revue_-_Get_your_thoughts_into_people_s_inboxes-239x212.jpg 239w\" sizes=\"auto, (max-width: 1261px) 100vw, 1261px\" \/><\/p>\n<p><strong>Revue \u00e8 un servizio di newsletter che vi aiuta a condividere le vostre newsletter personali e le arricchisce di testo, link e immagini che troviamo online<\/strong>. \u00c8 il tipo di servizio pensato per i social media manager, curatori, influencer, blogger o piccole aziende che hanno la necessit\u00e0 di una presenza online solida. <strong>Il servizio \u00e8 molto carino, poco costoso e davvero piacevole<\/strong> da usare per condividere con il nostro pubblico quello che ci interessa, semplificando il concetto di newsletter e lasciando soltanto quello che conta.<\/p>\n<p>Revue vi aiuta a curare senza sforzi la vostra newsletter: la prima cosa da fare \u00e8 eseguire il login attraverso un account social (Facebook, Twitter o Google). Poi <strong>potrete collegare al vostro account anche Instagram, Google+, Pocket, Product Hunt, Instapaper, Medium e feed RSS<\/strong>. Una volta che avrete collegato i vari profili social, <strong>Revue prepara una lista di link da ciascuno di essi<\/strong>: potrete scegliere cosa aggiungere alla vostra newsletter personale con molta facilit\u00e0. E se vorreste aggiungere del contenuto da una pagina web che state visitando, c\u2019\u00e8 un\u2019estensione di Chrome che vi aiuta.<\/p>\n<p><img loading=\"lazy\" decoding=\"async\" class=\"aligncenter size-full wp-image-8427\" src=\"http:\/\/www.accuratereviews.com\/wp-content\/uploads\/2017\/03\/Revue_Editor.jpg\" alt=\"Revue Editor\" width=\"603\" height=\"700\" \/><\/p>\n<p><strong>Tutto quello che dovrete fare \u00e8 trascinare i contenuti nell\u2019editor minimale<\/strong>, che \u00e8 molto simile a uno strumento di composizione: vi permette di scegliere un layout, i colori principali, modificare il titolo, la descrizione e il link di ciascun elemento. Se avete bisogno di includere il cntenuto della pagina che state visitando, potete usare il bookmarklet \u201cAdd to digest\u201d.<\/p>\n<p>Come probabilmente immaginerete, <strong>l\u2019editor di Revue \u00e8 estremamente semplice<\/strong>: le opzioni di personalizzazione sono limitate, ma nonostante le newsletter spedite hanno un design moderno, piacevole, semplice. Con pochi semplici passi potete ottenere un risultato notevole, e non dovete nemmeno preoccuparvi di codice HTML o complicati editor WYSIWYG. \u00c8 una delle cose migliori di Revue: pu\u00f2 essere utilizzato anche da inesperti totali, permettendo loro di concentrarsi sulla qualit\u00e0 dei contenuti.<\/p>\n<p>Prima di diffondere i vostri contenuti in internet, <strong>dovrete impostare la vostra lista di iscritti: potete importarli da file CSV o TXT, o dal vostro account <a href=\"https:\/\/www.accuratereviews.com\/it\/newsletter-migliori-software-lista\/mailchimp\/\" target=\"_blank\">MailChimp<\/a><\/strong>. Potete anche aggiungere iscritti manualmente, o invitare i vostri amici attraverso un link di Revue. Avete bisogno di far crescere il vostro pubblico e trovare nuovi lettori? Basta <strong>aggiungere un modulo di iscrizione sul vostro sito, grazie al plugin per WordPress<\/strong>. Potete anche approfittare della card per Twitter: gli utenti potranno iscriversi direttamente dal social network.<\/p>\n<p><strong>Le statistiche sono semplificate anch\u2019esse<\/strong>, ma semplici da capire: il servizio offre una panoramica di ogni newsletter inviata, tasso di apertura e di cancellazione, condivisione e i link pi\u00f9 popolari. Potete comparare le statistiche di diverse newsletter per capire come migliorare i vostri contenuti.<\/p>\n<p>Se avete bisogno di essere ispirati, buttate un occhio alla <strong><a href=\"https:\/\/www.getrevue.co\/explore\" target=\"_blank\">pagina <em>Gallery<\/em> di Revue<\/a>: potrete sfogliare le newsletter che Revue considera migliori, organizzate per argomenti<\/strong>.<\/p>\n<p>Per quel che riguarda il costo, <strong>Revue ha un piano gratuito per un singolo utente e 200 iscritti<\/strong>. Se ve ne servono di pi\u00f9, c\u2019\u00e8 <strong>un piano Pro da 5$ al mese<\/strong>, per un singolo utente e fino a 1500 iscritti, logo personale, personalizzazione dei colori e del dominio.<br \/>\n<strong>Un piano Team<\/strong> con utenti illimitati e fino a 10.000 iscritti, logo personale, personalizzazione dei colori e del dominio costa <strong>25$ al mese<\/strong>.<\/p>\n","protected":false},"excerpt":{"rendered":"<p>Revue \u00e8 un servizio di newsletter che vi aiuta a condividere le vostre newsletter personali e le arricchisce di testo, link e immagini che troviamo online. \u00c8 il tipo di servizio pensato per i social media manager, curatori, influencer, blogger o piccole aziende che hanno la necessit\u00e0 di una presenza online solida.<\/p>\n","protected":false},"author":16,"featured_media":0,"parent":5555,"menu_order":0,"comment_status":"open","ping_status":"closed","template":"g1_template_page_review_new.php","meta":{"_acf_changed":false,"cwp_meta_box_check":"Yes","cwp_rev_product_name":"","cwp_rev_product_image":"","wppr_links":[],"cwp_rev_price":"","wppr_options":[],"wppr_pros":[],"wppr_cons":[],"_monsterinsights_skip_tracking":false,"_monsterinsights_sitenote_active":false,"_monsterinsights_sitenote_note":"","_monsterinsights_sitenote_category":0,"footnotes":""},"categories":[106,108],"tags":[],"features":[],"class_list":{"0":"post-8435","1":"page","2":"type-page","3":"status-publish","5":"category-email-marketing-it","6":"category-newsletter"},"wppr_data":{"cwp_meta_box_check":"Yes","cwp_rev_product_name":"","cwp_rev_product_image":"","cwp_image_link":"image","cwp_rev_price":"","wppr_rating":"0.00"},"acf":[],"yoast_head":"<!-- This site is optimized with the Yoast SEO plugin v27.4 - https:\/\/yoast.com\/product\/yoast-seo-wordpress\/ -->\n<title>Revue recensione miglior servizio di newsletter | Accurate Reviews<\/title>\n<meta name=\"description\" content=\"Revue \u00e8 lo strumento pi\u00f9 semplice per creare splendide newsletter con pochissimo sforzo, che siate dei blogger esperti, dei marketer o degli influencer.\" \/>\n<meta name=\"robots\" content=\"index, follow, max-snippet:-1, max-image-preview:large, max-video-preview:-1\" \/>\n<link rel=\"canonical\" href=\"https:\/\/www.accuratereviews.com\/it\/newsletter-migliori-software-lista\/revue\/\" \/>\n<meta property=\"og:locale\" content=\"it_IT\" \/>\n<meta property=\"og:type\" content=\"article\" \/>\n<meta property=\"og:title\" content=\"Revue recensione miglior servizio di newsletter | Accurate Reviews\" \/>\n<meta property=\"og:description\" content=\"Revue \u00e8 lo strumento pi\u00f9 semplice per creare splendide newsletter con pochissimo sforzo, che siate dei blogger esperti, dei marketer o degli influencer.\" \/>\n<meta property=\"og:url\" content=\"https:\/\/www.accuratereviews.com\/it\/newsletter-migliori-software-lista\/revue\/\" \/>\n<meta property=\"og:site_name\" content=\"Accurate Reviews\" \/>\n<meta property=\"article:modified_time\" content=\"2017-04-14T13:10:13+00:00\" \/>\n<meta property=\"og:image\" content=\"https:\/\/www.accuratereviews.com\/wp-content\/uploads\/2017\/03\/Revue_-_Get_your_thoughts_into_people_s_inboxes.jpg\" \/>\n\t<meta property=\"og:image:width\" content=\"1261\" \/>\n\t<meta property=\"og:image:height\" content=\"1119\" \/>\n\t<meta property=\"og:image:type\" content=\"image\/jpeg\" \/>\n<meta name=\"twitter:card\" content=\"summary_large_image\" \/>\n<meta name=\"twitter:label1\" content=\"Tempo di lettura stimato\" \/>\n\t<meta name=\"twitter:data1\" content=\"3 minuti\" \/>\n<script type=\"application\/ld+json\" class=\"yoast-schema-graph\">{\"@context\":\"https:\\\/\\\/schema.org\",\"@graph\":[{\"@type\":\"WebPage\",\"@id\":\"https:\\\/\\\/www.accuratereviews.com\\\/it\\\/newsletter-migliori-software-lista\\\/revue\\\/\",\"url\":\"https:\\\/\\\/www.accuratereviews.com\\\/it\\\/newsletter-migliori-software-lista\\\/revue\\\/\",\"name\":\"Revue recensione miglior servizio di newsletter | Accurate Reviews\",\"isPartOf\":{\"@id\":\"https:\\\/\\\/www.accuratereviews.com\\\/it\\\/#website\"},\"primaryImageOfPage\":{\"@id\":\"https:\\\/\\\/www.accuratereviews.com\\\/it\\\/newsletter-migliori-software-lista\\\/revue\\\/#primaryimage\"},\"image\":{\"@id\":\"https:\\\/\\\/www.accuratereviews.com\\\/it\\\/newsletter-migliori-software-lista\\\/revue\\\/#primaryimage\"},\"thumbnailUrl\":\"http:\\\/\\\/www.accuratereviews.com\\\/wp-content\\\/uploads\\\/2017\\\/03\\\/Revue_-_Get_your_thoughts_into_people_s_inboxes.jpg\",\"datePublished\":\"2017-03-13T09:36:00+00:00\",\"dateModified\":\"2017-04-14T13:10:13+00:00\",\"description\":\"Revue \u00e8 lo strumento pi\u00f9 semplice per creare splendide newsletter con pochissimo sforzo, che siate dei blogger esperti, dei marketer o degli influencer.\",\"breadcrumb\":{\"@id\":\"https:\\\/\\\/www.accuratereviews.com\\\/it\\\/newsletter-migliori-software-lista\\\/revue\\\/#breadcrumb\"},\"inLanguage\":\"it-IT\",\"potentialAction\":[{\"@type\":\"ReadAction\",\"target\":[\"https:\\\/\\\/www.accuratereviews.com\\\/it\\\/newsletter-migliori-software-lista\\\/revue\\\/\"]}]},{\"@type\":\"ImageObject\",\"inLanguage\":\"it-IT\",\"@id\":\"https:\\\/\\\/www.accuratereviews.com\\\/it\\\/newsletter-migliori-software-lista\\\/revue\\\/#primaryimage\",\"url\":\"http:\\\/\\\/www.accuratereviews.com\\\/wp-content\\\/uploads\\\/2017\\\/03\\\/Revue_-_Get_your_thoughts_into_people_s_inboxes.jpg\",\"contentUrl\":\"http:\\\/\\\/www.accuratereviews.com\\\/wp-content\\\/uploads\\\/2017\\\/03\\\/Revue_-_Get_your_thoughts_into_people_s_inboxes.jpg\"},{\"@type\":\"BreadcrumbList\",\"@id\":\"https:\\\/\\\/www.accuratereviews.com\\\/it\\\/newsletter-migliori-software-lista\\\/revue\\\/#breadcrumb\",\"itemListElement\":[{\"@type\":\"ListItem\",\"position\":1,\"name\":\"Home\",\"item\":\"https:\\\/\\\/www.accuratereviews.com\\\/it\\\/\"},{\"@type\":\"ListItem\",\"position\":2,\"name\":\"Newsletter: i migliori software\",\"item\":\"https:\\\/\\\/www.accuratereviews.com\\\/it\\\/newsletter-migliori-software-lista\\\/\"},{\"@type\":\"ListItem\",\"position\":3,\"name\":\"Revue\"}]},{\"@type\":\"WebSite\",\"@id\":\"https:\\\/\\\/www.accuratereviews.com\\\/it\\\/#website\",\"url\":\"https:\\\/\\\/www.accuratereviews.com\\\/it\\\/\",\"name\":\"Accurate Reviews\",\"description\":\"\",\"potentialAction\":[{\"@type\":\"SearchAction\",\"target\":{\"@type\":\"EntryPoint\",\"urlTemplate\":\"https:\\\/\\\/www.accuratereviews.com\\\/it\\\/?s={search_term_string}\"},\"query-input\":{\"@type\":\"PropertyValueSpecification\",\"valueRequired\":true,\"valueName\":\"search_term_string\"}}],\"inLanguage\":\"it-IT\"}]}<\/script>\n<!-- \/ Yoast SEO plugin. -->","yoast_head_json":{"title":"Revue recensione miglior servizio di newsletter | Accurate Reviews","description":"Revue \u00e8 lo strumento pi\u00f9 semplice per creare splendide newsletter con pochissimo sforzo, che siate dei blogger esperti, dei marketer o degli influencer.","robots":{"index":"index","follow":"follow","max-snippet":"max-snippet:-1","max-image-preview":"max-image-preview:large","max-video-preview":"max-video-preview:-1"},"canonical":"https:\/\/www.accuratereviews.com\/it\/newsletter-migliori-software-lista\/revue\/","og_locale":"it_IT","og_type":"article","og_title":"Revue recensione miglior servizio di newsletter | Accurate Reviews","og_description":"Revue \u00e8 lo strumento pi\u00f9 semplice per creare splendide newsletter con pochissimo sforzo, che siate dei blogger esperti, dei marketer o degli influencer.","og_url":"https:\/\/www.accuratereviews.com\/it\/newsletter-migliori-software-lista\/revue\/","og_site_name":"Accurate Reviews","article_modified_time":"2017-04-14T13:10:13+00:00","og_image":[{"width":1261,"height":1119,"url":"https:\/\/www.accuratereviews.com\/wp-content\/uploads\/2017\/03\/Revue_-_Get_your_thoughts_into_people_s_inboxes.jpg","type":"image\/jpeg"}],"twitter_card":"summary_large_image","twitter_misc":{"Tempo di lettura stimato":"3 minuti"},"schema":{"@context":"https:\/\/schema.org","@graph":[{"@type":"WebPage","@id":"https:\/\/www.accuratereviews.com\/it\/newsletter-migliori-software-lista\/revue\/","url":"https:\/\/www.accuratereviews.com\/it\/newsletter-migliori-software-lista\/revue\/","name":"Revue recensione miglior servizio di newsletter | Accurate Reviews","isPartOf":{"@id":"https:\/\/www.accuratereviews.com\/it\/#website"},"primaryImageOfPage":{"@id":"https:\/\/www.accuratereviews.com\/it\/newsletter-migliori-software-lista\/revue\/#primaryimage"},"image":{"@id":"https:\/\/www.accuratereviews.com\/it\/newsletter-migliori-software-lista\/revue\/#primaryimage"},"thumbnailUrl":"http:\/\/www.accuratereviews.com\/wp-content\/uploads\/2017\/03\/Revue_-_Get_your_thoughts_into_people_s_inboxes.jpg","datePublished":"2017-03-13T09:36:00+00:00","dateModified":"2017-04-14T13:10:13+00:00","description":"Revue \u00e8 lo strumento pi\u00f9 semplice per creare splendide newsletter con pochissimo sforzo, che siate dei blogger esperti, dei marketer o degli influencer.","breadcrumb":{"@id":"https:\/\/www.accuratereviews.com\/it\/newsletter-migliori-software-lista\/revue\/#breadcrumb"},"inLanguage":"it-IT","potentialAction":[{"@type":"ReadAction","target":["https:\/\/www.accuratereviews.com\/it\/newsletter-migliori-software-lista\/revue\/"]}]},{"@type":"ImageObject","inLanguage":"it-IT","@id":"https:\/\/www.accuratereviews.com\/it\/newsletter-migliori-software-lista\/revue\/#primaryimage","url":"http:\/\/www.accuratereviews.com\/wp-content\/uploads\/2017\/03\/Revue_-_Get_your_thoughts_into_people_s_inboxes.jpg","contentUrl":"http:\/\/www.accuratereviews.com\/wp-content\/uploads\/2017\/03\/Revue_-_Get_your_thoughts_into_people_s_inboxes.jpg"},{"@type":"BreadcrumbList","@id":"https:\/\/www.accuratereviews.com\/it\/newsletter-migliori-software-lista\/revue\/#breadcrumb","itemListElement":[{"@type":"ListItem","position":1,"name":"Home","item":"https:\/\/www.accuratereviews.com\/it\/"},{"@type":"ListItem","position":2,"name":"Newsletter: i migliori software","item":"https:\/\/www.accuratereviews.com\/it\/newsletter-migliori-software-lista\/"},{"@type":"ListItem","position":3,"name":"Revue"}]},{"@type":"WebSite","@id":"https:\/\/www.accuratereviews.com\/it\/#website","url":"https:\/\/www.accuratereviews.com\/it\/","name":"Accurate Reviews","description":"","potentialAction":[{"@type":"SearchAction","target":{"@type":"EntryPoint","urlTemplate":"https:\/\/www.accuratereviews.com\/it\/?s={search_term_string}"},"query-input":{"@type":"PropertyValueSpecification","valueRequired":true,"valueName":"search_term_string"}}],"inLanguage":"it-IT"}]}},"_links":{"self":[{"href":"https:\/\/www.accuratereviews.com\/it\/wp-json\/wp\/v2\/pages\/8435","targetHints":{"allow":["GET"]}}],"collection":[{"href":"https:\/\/www.accuratereviews.com\/it\/wp-json\/wp\/v2\/pages"}],"about":[{"href":"https:\/\/www.accuratereviews.com\/it\/wp-json\/wp\/v2\/types\/page"}],"author":[{"embeddable":true,"href":"https:\/\/www.accuratereviews.com\/it\/wp-json\/wp\/v2\/users\/16"}],"replies":[{"embeddable":true,"href":"https:\/\/www.accuratereviews.com\/it\/wp-json\/wp\/v2\/comments?post=8435"}],"version-history":[{"count":5,"href":"https:\/\/www.accuratereviews.com\/it\/wp-json\/wp\/v2\/pages\/8435\/revisions"}],"predecessor-version":[{"id":8969,"href":"https:\/\/www.accuratereviews.com\/it\/wp-json\/wp\/v2\/pages\/8435\/revisions\/8969"}],"up":[{"embeddable":true,"href":"https:\/\/www.accuratereviews.com\/it\/wp-json\/wp\/v2\/pages\/5555"}],"wp:attachment":[{"href":"https:\/\/www.accuratereviews.com\/it\/wp-json\/wp\/v2\/media?parent=8435"}],"wp:term":[{"taxonomy":"category","embeddable":true,"href":"https:\/\/www.accuratereviews.com\/it\/wp-json\/wp\/v2\/categories?post=8435"},{"taxonomy":"post_tag","embeddable":true,"href":"https:\/\/www.accuratereviews.com\/it\/wp-json\/wp\/v2\/tags?post=8435"},{"taxonomy":"features","embeddable":true,"href":"https:\/\/www.accuratereviews.com\/it\/wp-json\/wp\/v2\/features?post=8435"}],"curies":[{"name":"wp","href":"https:\/\/api.w.org\/{rel}","templated":true}]}}