{"id":8481,"date":"2017-02-28T09:37:43","date_gmt":"2017-02-28T09:37:43","guid":{"rendered":"http:\/\/www.accuratereviews.com\/video-editing-lista-software\/corel-videostudio-pro\/"},"modified":"2019-06-03T14:09:08","modified_gmt":"2019-06-03T14:09:08","slug":"corel-videostudio-pro","status":"publish","type":"page","link":"https:\/\/www.accuratereviews.com\/it\/video-editing-lista-software\/corel-videostudio-pro\/","title":{"rendered":"Corel VideoStudio Pro"},"content":{"rendered":"<p>Se il software di video editing di Adobe riesce a far sorridere un professionista e corrucciare, confuso, un amatore, <strong>VideoStudio Pro di Corel \u00e8 un ottimo esempio di qualcosa che riesce a funzionare bene per entrambi<\/strong>. Questo lo colloca dritto tra coloro che vogliono realizzare qualcosa di pi\u00f9 del semplice filmino delle vacanze, ma che non hanno le capacit\u00e0 di montare un film intero.<\/p>\n<p><img loading=\"lazy\" decoding=\"async\" class=\"alignnone size-full wp-image-8173\" src=\"http:\/\/www.accuratereviews.com\/wp-content\/uploads\/2017\/02\/top-reasons-pro.png\" alt=\"corel videostudio pro\" width=\"800\" height=\"450\" srcset=\"https:\/\/www.accuratereviews.com\/wp-content\/uploads\/2017\/02\/top-reasons-pro.png 800w, https:\/\/www.accuratereviews.com\/wp-content\/uploads\/2017\/02\/top-reasons-pro-300x169.png 300w, https:\/\/www.accuratereviews.com\/wp-content\/uploads\/2017\/02\/top-reasons-pro-768x432.png 768w, https:\/\/www.accuratereviews.com\/wp-content\/uploads\/2017\/02\/top-reasons-pro-222x125.png 222w, https:\/\/www.accuratereviews.com\/wp-content\/uploads\/2017\/02\/top-reasons-pro-50x28.png 50w, https:\/\/www.accuratereviews.com\/wp-content\/uploads\/2017\/02\/top-reasons-pro-636x358.png 636w, https:\/\/www.accuratereviews.com\/wp-content\/uploads\/2017\/02\/top-reasons-pro-482x271.png 482w, https:\/\/www.accuratereviews.com\/wp-content\/uploads\/2017\/02\/top-reasons-pro-320x180.png 320w, https:\/\/www.accuratereviews.com\/wp-content\/uploads\/2017\/02\/top-reasons-pro-239x134.png 239w\" sizes=\"auto, (max-width: 800px) 100vw, 800px\" \/><\/p>\n<p><strong>L\u2019editor video multi-cam vi permette di lavorare con sei tracce video simultanee<\/strong>, garantendo al prodotto finito lo stesso impatto visivo di un film. \u00c8 probabilmente molto pi\u00f9 di quanto abbiate bisogno, a meno che non siate andati con pi\u00f9 di una videocamera a uno stesso evento. Per\u00f2 vi permette di <strong>organizzare il vostro girato con lo scopo di ottenere un effetto drammatico<\/strong>. Questo tipo di funzioni in un software pensato per non-professionisti pu\u00f2 aiutarli a sviluppare una tecnica migliore, anche nelle riprese.<\/p>\n<p><strong>VideoStudio Pro ha delle funzioni per l\u2019animazione in stop motion<\/strong>. Potete collegare una camera e utilizzare le impostazioni di auto capture per infondere ai giochi dei vostri bambini un po\u2019 di vita. Altre funzioni interessanti sono il motion tracking, con il quale potete coprire una faccia o aggiungere cartelli di testo, e <strong>il supporto per la realt\u00e0 virtuale a 360\u00b0<\/strong>. Cos\u00ec potrete comprarvi una telecamera a 360\u00b0 solo per giocare un po\u2019 con questa funzione, ecco. In pi\u00f9 c\u2019\u00e8 <strong>un controllo avanzato del colore, pi\u00f9 di duemila effetti e transizioni, e maschere facili da applicare<\/strong>: tutto quello che serve per realizzare video dall\u2019aspetto professionale.<\/p>\n<p><img loading=\"lazy\" decoding=\"async\" class=\"alignnone size-full wp-image-8176\" src=\"http:\/\/www.accuratereviews.com\/wp-content\/uploads\/2017\/02\/Corel-VideoStudio-X8-SP1-Multilingual-Offline-Installer-Download.jpg\" alt=\"corel videostudio pro\" width=\"800\" height=\"459\" srcset=\"https:\/\/www.accuratereviews.com\/wp-content\/uploads\/2017\/02\/Corel-VideoStudio-X8-SP1-Multilingual-Offline-Installer-Download.jpg 800w, https:\/\/www.accuratereviews.com\/wp-content\/uploads\/2017\/02\/Corel-VideoStudio-X8-SP1-Multilingual-Offline-Installer-Download-300x172.jpg 300w, https:\/\/www.accuratereviews.com\/wp-content\/uploads\/2017\/02\/Corel-VideoStudio-X8-SP1-Multilingual-Offline-Installer-Download-768x441.jpg 768w, https:\/\/www.accuratereviews.com\/wp-content\/uploads\/2017\/02\/Corel-VideoStudio-X8-SP1-Multilingual-Offline-Installer-Download-218x125.jpg 218w, https:\/\/www.accuratereviews.com\/wp-content\/uploads\/2017\/02\/Corel-VideoStudio-X8-SP1-Multilingual-Offline-Installer-Download-50x29.jpg 50w, https:\/\/www.accuratereviews.com\/wp-content\/uploads\/2017\/02\/Corel-VideoStudio-X8-SP1-Multilingual-Offline-Installer-Download-636x365.jpg 636w, https:\/\/www.accuratereviews.com\/wp-content\/uploads\/2017\/02\/Corel-VideoStudio-X8-SP1-Multilingual-Offline-Installer-Download-320x184.jpg 320w, https:\/\/www.accuratereviews.com\/wp-content\/uploads\/2017\/02\/Corel-VideoStudio-X8-SP1-Multilingual-Offline-Installer-Download-239x137.jpg 239w\" sizes=\"auto, (max-width: 800px) 100vw, 800px\" \/><\/p>\n<p>E non serve le conoscenze di un professionista. <strong>Corel VideoStudio accoglie ogni nuovo utente con istruzioni, video e template<\/strong>, e mantiene le tre modalit\u00e0 d\u2019uso (Capture, Edit e Share) a portata di click. I layout, sebbene siano tradizionali, sono notevolmente flessibili, e permettono all\u2019utenza di usare quelli che pi\u00f9 preferiscono.<\/p>\n<p>Una delle funzioni meno promosse \u00e8 in realt\u00e0 una delle pi\u00f9 utili. <strong>Poter effettuare registrazioni dello schermo in diretta permette di realizzare facilmente video tutorial e presentazioni, utilizzando il resto di Corel VideoStudio Pro per le esigenze di montaggio<\/strong>. Persino i dirigenti con pochissima voglia di montare le loro vacanze a sciare si ritroveranno a lanciare Corel VideoStudio Pro per preparare le loro presentazioni.<\/p>\n","protected":false},"excerpt":{"rendered":"<p>Se il software di video editing di Adobe riesce a far sorridere un professionista e corrucciare, confuso, un amatore, VideoStudio Pro di Corel \u00e8 un ottimo esempio di qualcosa che riesce a funzionare bene per entrambi. Questo lo colloca dritto tra coloro che vogliono realizzare qualcosa di pi\u00f9 del semplice filmino delle vacanze, ma che non hanno le capacit\u00e0 di montare un film intero.<\/p>\n","protected":false},"author":16,"featured_media":0,"parent":7571,"menu_order":0,"comment_status":"open","ping_status":"closed","template":"g1_template_page_review_new.php","meta":{"_acf_changed":false,"cwp_meta_box_check":"Yes","cwp_rev_product_name":"","cwp_rev_product_image":"","wppr_links":[],"cwp_rev_price":"","wppr_options":[],"wppr_pros":[],"wppr_cons":[],"_monsterinsights_skip_tracking":false,"_monsterinsights_sitenote_active":false,"_monsterinsights_sitenote_note":"","_monsterinsights_sitenote_category":0,"footnotes":""},"categories":[169],"tags":[],"features":[],"class_list":{"0":"post-8481","1":"page","2":"type-page","3":"status-publish","5":"category-video-editing-software-it"},"wppr_data":{"cwp_meta_box_check":"Yes","cwp_rev_product_name":"","cwp_rev_product_image":"","cwp_image_link":"image","cwp_rev_price":"","wppr_rating":"0.00"},"acf":[],"yoast_head":"<!-- This site is optimized with the Yoast SEO plugin v27.4 - https:\/\/yoast.com\/product\/yoast-seo-wordpress\/ -->\n<title>Corel VideoStudio Pro recensione software video editing | Accurate Reviews<\/title>\n<meta name=\"description\" content=\"Per quanto pensato per il mercato prosumer, Corel VideoStudio Pro ha ottime funzionalit\u00e0 che possono essere usate anche dai professionisti.\" \/>\n<meta name=\"robots\" content=\"index, follow, max-snippet:-1, max-image-preview:large, max-video-preview:-1\" \/>\n<link rel=\"canonical\" href=\"https:\/\/www.accuratereviews.com\/it\/video-editing-lista-software\/corel-videostudio-pro\/\" \/>\n<meta property=\"og:locale\" content=\"it_IT\" \/>\n<meta property=\"og:type\" content=\"article\" \/>\n<meta property=\"og:title\" content=\"Corel VideoStudio Pro recensione software video editing | Accurate Reviews\" \/>\n<meta property=\"og:description\" content=\"Per quanto pensato per il mercato prosumer, Corel VideoStudio Pro ha ottime funzionalit\u00e0 che possono essere usate anche dai professionisti.\" \/>\n<meta property=\"og:url\" content=\"https:\/\/www.accuratereviews.com\/it\/video-editing-lista-software\/corel-videostudio-pro\/\" \/>\n<meta property=\"og:site_name\" content=\"Accurate Reviews\" \/>\n<meta property=\"article:modified_time\" content=\"2019-06-03T14:09:08+00:00\" \/>\n<meta property=\"og:image\" content=\"http:\/\/www.accuratereviews.com\/wp-content\/uploads\/2017\/02\/top-reasons-pro.png\" \/>\n<meta name=\"twitter:card\" content=\"summary_large_image\" \/>\n<meta name=\"twitter:label1\" content=\"Tempo di lettura stimato\" \/>\n\t<meta name=\"twitter:data1\" content=\"2 minuti\" \/>\n<script type=\"application\/ld+json\" class=\"yoast-schema-graph\">{\"@context\":\"https:\\\/\\\/schema.org\",\"@graph\":[{\"@type\":\"WebPage\",\"@id\":\"https:\\\/\\\/www.accuratereviews.com\\\/it\\\/video-editing-lista-software\\\/corel-videostudio-pro\\\/\",\"url\":\"https:\\\/\\\/www.accuratereviews.com\\\/it\\\/video-editing-lista-software\\\/corel-videostudio-pro\\\/\",\"name\":\"Corel VideoStudio Pro recensione software video editing | Accurate Reviews\",\"isPartOf\":{\"@id\":\"https:\\\/\\\/www.accuratereviews.com\\\/it\\\/#website\"},\"primaryImageOfPage\":{\"@id\":\"https:\\\/\\\/www.accuratereviews.com\\\/it\\\/video-editing-lista-software\\\/corel-videostudio-pro\\\/#primaryimage\"},\"image\":{\"@id\":\"https:\\\/\\\/www.accuratereviews.com\\\/it\\\/video-editing-lista-software\\\/corel-videostudio-pro\\\/#primaryimage\"},\"thumbnailUrl\":\"http:\\\/\\\/www.accuratereviews.com\\\/wp-content\\\/uploads\\\/2017\\\/02\\\/top-reasons-pro.png\",\"datePublished\":\"2017-02-28T09:37:43+00:00\",\"dateModified\":\"2019-06-03T14:09:08+00:00\",\"description\":\"Per quanto pensato per il mercato prosumer, Corel VideoStudio Pro ha ottime funzionalit\u00e0 che possono essere usate anche dai professionisti.\",\"breadcrumb\":{\"@id\":\"https:\\\/\\\/www.accuratereviews.com\\\/it\\\/video-editing-lista-software\\\/corel-videostudio-pro\\\/#breadcrumb\"},\"inLanguage\":\"it-IT\",\"potentialAction\":[{\"@type\":\"ReadAction\",\"target\":[\"https:\\\/\\\/www.accuratereviews.com\\\/it\\\/video-editing-lista-software\\\/corel-videostudio-pro\\\/\"]}]},{\"@type\":\"ImageObject\",\"inLanguage\":\"it-IT\",\"@id\":\"https:\\\/\\\/www.accuratereviews.com\\\/it\\\/video-editing-lista-software\\\/corel-videostudio-pro\\\/#primaryimage\",\"url\":\"http:\\\/\\\/www.accuratereviews.com\\\/wp-content\\\/uploads\\\/2017\\\/02\\\/top-reasons-pro.png\",\"contentUrl\":\"http:\\\/\\\/www.accuratereviews.com\\\/wp-content\\\/uploads\\\/2017\\\/02\\\/top-reasons-pro.png\"},{\"@type\":\"BreadcrumbList\",\"@id\":\"https:\\\/\\\/www.accuratereviews.com\\\/it\\\/video-editing-lista-software\\\/corel-videostudio-pro\\\/#breadcrumb\",\"itemListElement\":[{\"@type\":\"ListItem\",\"position\":1,\"name\":\"Home\",\"item\":\"https:\\\/\\\/www.accuratereviews.com\\\/it\\\/\"},{\"@type\":\"ListItem\",\"position\":2,\"name\":\"Software per il video editing\",\"item\":\"https:\\\/\\\/www.accuratereviews.com\\\/it\\\/video-editing-lista-software\\\/\"},{\"@type\":\"ListItem\",\"position\":3,\"name\":\"Corel VideoStudio Pro\"}]},{\"@type\":\"WebSite\",\"@id\":\"https:\\\/\\\/www.accuratereviews.com\\\/it\\\/#website\",\"url\":\"https:\\\/\\\/www.accuratereviews.com\\\/it\\\/\",\"name\":\"Accurate Reviews\",\"description\":\"\",\"potentialAction\":[{\"@type\":\"SearchAction\",\"target\":{\"@type\":\"EntryPoint\",\"urlTemplate\":\"https:\\\/\\\/www.accuratereviews.com\\\/it\\\/?s={search_term_string}\"},\"query-input\":{\"@type\":\"PropertyValueSpecification\",\"valueRequired\":true,\"valueName\":\"search_term_string\"}}],\"inLanguage\":\"it-IT\"}]}<\/script>\n<!-- \/ Yoast SEO plugin. -->","yoast_head_json":{"title":"Corel VideoStudio Pro recensione software video editing | Accurate Reviews","description":"Per quanto pensato per il mercato prosumer, Corel VideoStudio Pro ha ottime funzionalit\u00e0 che possono essere usate anche dai professionisti.","robots":{"index":"index","follow":"follow","max-snippet":"max-snippet:-1","max-image-preview":"max-image-preview:large","max-video-preview":"max-video-preview:-1"},"canonical":"https:\/\/www.accuratereviews.com\/it\/video-editing-lista-software\/corel-videostudio-pro\/","og_locale":"it_IT","og_type":"article","og_title":"Corel VideoStudio Pro recensione software video editing | Accurate Reviews","og_description":"Per quanto pensato per il mercato prosumer, Corel VideoStudio Pro ha ottime funzionalit\u00e0 che possono essere usate anche dai professionisti.","og_url":"https:\/\/www.accuratereviews.com\/it\/video-editing-lista-software\/corel-videostudio-pro\/","og_site_name":"Accurate Reviews","article_modified_time":"2019-06-03T14:09:08+00:00","og_image":[{"url":"http:\/\/www.accuratereviews.com\/wp-content\/uploads\/2017\/02\/top-reasons-pro.png","type":"","width":"","height":""}],"twitter_card":"summary_large_image","twitter_misc":{"Tempo di lettura stimato":"2 minuti"},"schema":{"@context":"https:\/\/schema.org","@graph":[{"@type":"WebPage","@id":"https:\/\/www.accuratereviews.com\/it\/video-editing-lista-software\/corel-videostudio-pro\/","url":"https:\/\/www.accuratereviews.com\/it\/video-editing-lista-software\/corel-videostudio-pro\/","name":"Corel VideoStudio Pro recensione software video editing | Accurate Reviews","isPartOf":{"@id":"https:\/\/www.accuratereviews.com\/it\/#website"},"primaryImageOfPage":{"@id":"https:\/\/www.accuratereviews.com\/it\/video-editing-lista-software\/corel-videostudio-pro\/#primaryimage"},"image":{"@id":"https:\/\/www.accuratereviews.com\/it\/video-editing-lista-software\/corel-videostudio-pro\/#primaryimage"},"thumbnailUrl":"http:\/\/www.accuratereviews.com\/wp-content\/uploads\/2017\/02\/top-reasons-pro.png","datePublished":"2017-02-28T09:37:43+00:00","dateModified":"2019-06-03T14:09:08+00:00","description":"Per quanto pensato per il mercato prosumer, Corel VideoStudio Pro ha ottime funzionalit\u00e0 che possono essere usate anche dai professionisti.","breadcrumb":{"@id":"https:\/\/www.accuratereviews.com\/it\/video-editing-lista-software\/corel-videostudio-pro\/#breadcrumb"},"inLanguage":"it-IT","potentialAction":[{"@type":"ReadAction","target":["https:\/\/www.accuratereviews.com\/it\/video-editing-lista-software\/corel-videostudio-pro\/"]}]},{"@type":"ImageObject","inLanguage":"it-IT","@id":"https:\/\/www.accuratereviews.com\/it\/video-editing-lista-software\/corel-videostudio-pro\/#primaryimage","url":"http:\/\/www.accuratereviews.com\/wp-content\/uploads\/2017\/02\/top-reasons-pro.png","contentUrl":"http:\/\/www.accuratereviews.com\/wp-content\/uploads\/2017\/02\/top-reasons-pro.png"},{"@type":"BreadcrumbList","@id":"https:\/\/www.accuratereviews.com\/it\/video-editing-lista-software\/corel-videostudio-pro\/#breadcrumb","itemListElement":[{"@type":"ListItem","position":1,"name":"Home","item":"https:\/\/www.accuratereviews.com\/it\/"},{"@type":"ListItem","position":2,"name":"Software per il video editing","item":"https:\/\/www.accuratereviews.com\/it\/video-editing-lista-software\/"},{"@type":"ListItem","position":3,"name":"Corel VideoStudio Pro"}]},{"@type":"WebSite","@id":"https:\/\/www.accuratereviews.com\/it\/#website","url":"https:\/\/www.accuratereviews.com\/it\/","name":"Accurate Reviews","description":"","potentialAction":[{"@type":"SearchAction","target":{"@type":"EntryPoint","urlTemplate":"https:\/\/www.accuratereviews.com\/it\/?s={search_term_string}"},"query-input":{"@type":"PropertyValueSpecification","valueRequired":true,"valueName":"search_term_string"}}],"inLanguage":"it-IT"}]}},"_links":{"self":[{"href":"https:\/\/www.accuratereviews.com\/it\/wp-json\/wp\/v2\/pages\/8481","targetHints":{"allow":["GET"]}}],"collection":[{"href":"https:\/\/www.accuratereviews.com\/it\/wp-json\/wp\/v2\/pages"}],"about":[{"href":"https:\/\/www.accuratereviews.com\/it\/wp-json\/wp\/v2\/types\/page"}],"author":[{"embeddable":true,"href":"https:\/\/www.accuratereviews.com\/it\/wp-json\/wp\/v2\/users\/16"}],"replies":[{"embeddable":true,"href":"https:\/\/www.accuratereviews.com\/it\/wp-json\/wp\/v2\/comments?post=8481"}],"version-history":[{"count":4,"href":"https:\/\/www.accuratereviews.com\/it\/wp-json\/wp\/v2\/pages\/8481\/revisions"}],"predecessor-version":[{"id":15402,"href":"https:\/\/www.accuratereviews.com\/it\/wp-json\/wp\/v2\/pages\/8481\/revisions\/15402"}],"up":[{"embeddable":true,"href":"https:\/\/www.accuratereviews.com\/it\/wp-json\/wp\/v2\/pages\/7571"}],"wp:attachment":[{"href":"https:\/\/www.accuratereviews.com\/it\/wp-json\/wp\/v2\/media?parent=8481"}],"wp:term":[{"taxonomy":"category","embeddable":true,"href":"https:\/\/www.accuratereviews.com\/it\/wp-json\/wp\/v2\/categories?post=8481"},{"taxonomy":"post_tag","embeddable":true,"href":"https:\/\/www.accuratereviews.com\/it\/wp-json\/wp\/v2\/tags?post=8481"},{"taxonomy":"features","embeddable":true,"href":"https:\/\/www.accuratereviews.com\/it\/wp-json\/wp\/v2\/features?post=8481"}],"curies":[{"name":"wp","href":"https:\/\/api.w.org\/{rel}","templated":true}]}}