{"id":84817,"date":"2025-02-10T15:55:32","date_gmt":"2025-02-10T15:55:32","guid":{"rendered":"https:\/\/www.accuratereviews.com\/?page_id=84817"},"modified":"2025-02-10T15:55:32","modified_gmt":"2025-02-10T15:55:32","slug":"arcgis-recensione","status":"publish","type":"page","link":"https:\/\/www.accuratereviews.com\/it\/software-intelligenza-artificiale\/arcgis-recensione\/","title":{"rendered":"ArcGIS"},"content":{"rendered":"<p><strong>ArcGIS<\/strong> \u00e8 una <strong>soluzione di mappatura e analisi<\/strong> che aiuta a gestire le operazioni sul campo, la raccolta dati, la visualizzazione, la configurazione del flusso di lavoro e altro ancora. I dipendenti possono eseguire ispezioni, tracciare risorse e acquisire dati sulle risorse, come foto, video, registrazioni audio, note o markup. L&#8217;applicazione di analisi aziendale di <strong>ArcGIS<\/strong> consente ai manager di generare informazioni specifiche sulla posizione per ottimizzare la pianificazione del mercato, la selezione del sito e le operazioni di segmentazione dei clienti. Le dashboard strategiche, tattiche, operative e informative consentono ai supervisori di ottenere visibilit\u00e0 su KPI, tendenze dei dati e stato del progetto.<br \/>\nInoltre, i membri dello staff possono utilizzare lo strumento di reportistica crowdsource per inviare problemi, osservazioni, revisioni e commenti su piani e proposte specifici in modo anonimo.<\/p>\n<h2>ARCGIS &#8211; TUTORIAL<\/h2>\n<div id=\"fluid-wrapper-counter-1\" class=\"g1-fluid-wrapper \" style=\"width:686px;\">\n<div style=\"padding-bottom:56.268221574344%;\"><iframe loading=\"lazy\" title=\"Introducing ArcGIS Pro\" width=\"686\" height=\"386\" src=\"https:\/\/www.youtube.com\/embed\/0_kXMq1eZ4g?list=PLGZUzt4E4O2IJFxX_Bhp98MJEw5ItRtvb\" frameborder=\"0\" allow=\"accelerometer; autoplay; clipboard-write; encrypted-media; gyroscope; picture-in-picture; web-share\" referrerpolicy=\"strict-origin-when-cross-origin\" allowfullscreen><\/iframe><\/div>\n<\/div>\n<h3>ARCGIS &#8211; CARATTERISTICHE<\/h3>\n<ul>\n<li><strong>Gestione di asset e reti: <\/strong>conoscere la posizione e le condizioni in tempo reale di asset in movimento e fissi<\/li>\n<li><strong>Politica e trasparenza<\/strong>: assegnare le risorse dove sono pi\u00f9 necessarie e comunicare le decisioni in un potente formato visivo<\/li>\n<li><strong>Pianificazione e sviluppo urbano<\/strong>: creare gemelli digitali ricchi di contesto che integrano la geografia con dati BIM e 3D<\/li>\n<li><strong>Uso del territorio e gestione delle propriet\u00e0<\/strong>: semplificare la gestione del territorio con un autorevole database geografico, capacit\u00e0 e strumenti<\/li>\n<li><strong>Gestione delle risorse naturali<\/strong>: sfruttare mappe, immagini e telerilevamento per gestire le risorse in modo sostenibile ed equo<\/li>\n<li><strong>Trasporti e logistica<\/strong>: pianificare percorsi efficienti e gestire una logistica complessa della flotta con mappe e dashboard condivise<\/li>\n<li><strong>Analisi di mercato e selezione del sito<\/strong>: scegliere le posizioni intelligenti per negozi, strutture ed espansione del mercato con dati completi basati sul luogo e analisi spaziale<\/li>\n<li><strong>Ottimizzazione della supply chain<\/strong>: potenziare la visibilit\u00e0 e la pianificazione della supply chain end-to-end con mappe in tempo reale<\/li>\n<li><strong>Sicurezza pubblica e protezione<\/strong>: migliorare la consapevolezza della situazione con dati di posizione precisi in tempo reale<\/li>\n<li><strong>Conservazione e monitoraggio ambientale<\/strong>: analizzare gli ambienti ed ecosistemi in modo olistico per creare piani di conservazione basati sui dati e specifici per area<\/li>\n<li><strong>Analisi e mitigazione del rischio<\/strong>: mappatura delle risorse per individuare il rischio e dare priorit\u00e0 alle strategie di mitigazione per il massimo beneficio<\/li>\n<li><strong>Mappatura<\/strong>: comprendi i dati in un modo nuovo mappandoli e visualizzandoli in 2D, 3D e in tempo reale. Sfrutta i servizi di localizzazione e gli strumenti cartografici avanzati.<\/li>\n<li><strong>Analisi spaziale:<\/strong> esegui modellazione e analisi spaziale con dati da qualsiasi fonte, arricchiti dalla geografia. I flussi di lavoro infusi di intelligenza artificiale alimentano analisi avanzate.<\/li>\n<li><strong>Operazioni sul campo<\/strong>: consenti ai team di lavorare in ambienti disconnessi. Semplifica la raccolta dei dati sul campo e la pianificazione, il routing e la gestione della forza lavoro.<\/li>\n<li><strong>Modifica e gestione dei dati<\/strong>: implementa un sistema di registrazione affidabile per la modifica dei dati, la gestione dei dati offline e la condivisione dei dati in un&#8217;organizzazione.<\/li>\n<li><strong>Immagini e telerilevamento<\/strong>: sfrutta un sistema end-to-end per la raccolta, la gestione e l&#8217;elaborazione delle immagini, potenziato dai flussi di lavoro AI.<\/li>\n<li><strong>Supporto tecnico<\/strong>: il team di supporto di livello mondiale di Esri \u00e8 disponibile per aiutare le organizzazioni a garantire il successo, con opzioni aggiuntive per un supporto premium 24 ore su 24, 7 giorni su 7.<\/li>\n<\/ul>\n<h4>LE RECENSIONI DEGLI UTENTI<\/h4>\n<p><strong>Luigi &#8220;Tra i migliori software GIS&#8221;<\/strong><br \/>\n<strong>Commenti<\/strong>: Nei pochi mesi che l&#8217;ho utilizzato l&#8217;esperienza \u00e8 stata pi\u00f9 che soddisfacente. Lo consiglierei ancora in futuro per l&#8217;azienda in cui lavoro, qualora dovesse servire un software GIS.<br \/>\n<strong>Pro<\/strong>: Importazione, visualizzazione e modifica dei dati georeferenziati tra le migliori. A differenza di altri software propone una scelta di tools aggiuntivi che aiutano decisamente nel lavoro.<br \/>\n<strong>Contro<\/strong>: Il prezzo \u00e8 piuttosto elevato, se si considera che \u00e8 possibile trovare buoni SW anche open source (es. QGIS).<\/p>\n<p><strong>Ahmed &#8220;Grandi possibilit\u00e0 nel programma ArcGIS&#8221;<\/strong><br \/>\n<strong>Commenti<\/strong>: Quando vedrai i risultati del tuo lavoro dopo il completamento, ti renderai conto che ne \u00e8 valsa la pena ogni minuto che hai dedicato a questo lavoro.<br \/>\n<strong>Pro<\/strong>: Ci\u00f2 che mi \u00e8 piaciuto di pi\u00f9 di questo programma \u00e8 la sua straordinaria capacit\u00e0 di svolgere compiti straordinari in modo del tutto professionale, cosa che ti fa letteralmente fare a meno di altri programmi.<br \/>\n<strong>Contro<\/strong>: Ci\u00f2 che pi\u00f9 mi infastidisce \u00e8 che richiede specifiche particolari per funzionare perfettamente, ma bisogna dire che funziona su dispositivi moderatamente efficienti e a volte presenta qualche problema durante il funzionamento, che pu\u00f2 portare il programma a bloccarsi e riavviarsi da solo.<\/p>\n<p><strong>khaled &#8220;Recensione di ArcGIS basata su un utilizzo prolungato del programma.&#8221;<\/strong><br \/>\n<strong>Commenti<\/strong>: Nel complesso l&#8217;esperienza con questo software \u00e8 davvero fantastica e utile. Mi piace molto e posso sempre aggiornare i miei lavori senza alcun problema. Per me \u00e8 un vero risparmio di tempo.<br \/>\n<strong>Pro<\/strong>: Ci\u00f2 che pi\u00f9 mi piace \u00e8 che posso sempre aggiornare e modificare i DATI facilmente senza dover ricreare l&#8217;intero progetto.<br \/>\n<strong>Contro<\/strong>: Non mi piacciono molto le funzionalit\u00e0 a pagamento perch\u00e9 sono cos\u00ec costose per me che non posso utilizzarle e migliorare il mio lavoro.<\/p>\n","protected":false},"excerpt":{"rendered":"<p>ArcGIS \u00e8 una soluzione di mappatura e analisi che aiuta a gestire le operazioni sul campo, la raccolta dati, la visualizzazione, la configurazione del flusso di lavoro e altro ancora. I dipendenti possono eseguire ispezioni, tracciare risorse e acquisire dati sulle risorse, come foto, video, registrazioni audio, note o markup.<\/p>\n","protected":false},"author":19,"featured_media":84825,"parent":79864,"menu_order":0,"comment_status":"open","ping_status":"closed","template":"g1_template_page_review_new.php","meta":{"_acf_changed":false,"cwp_meta_box_check":"No","cwp_rev_product_name":"","cwp_rev_product_image":"","wppr_links":[],"cwp_rev_price":"","wppr_options":[],"wppr_pros":[],"wppr_cons":[],"_monsterinsights_skip_tracking":false,"_monsterinsights_sitenote_active":false,"_monsterinsights_sitenote_note":"","_monsterinsights_sitenote_category":0,"footnotes":""},"categories":[15435],"tags":[997,15789,998,15441,15440,15479,15790,15480],"features":[],"class_list":{"0":"post-84817","1":"page","2":"type-page","3":"status-publish","4":"has-post-thumbnail","6":"category-software-intelligenza-artificiale-cat","7":"tag-ai","8":"tag-arcgis","9":"tag-intelligenza-artificiale","10":"tag-piattaforma-intelligenza-artificiale","11":"tag-programma-intelligenza-artificiale","12":"tag-software-intelligenza-artificiale","13":"tag-soluzione-di-mappatura-e-analisi","14":"tag-soluzione-intelligenza-artificiale"},"wppr_data":{"cwp_meta_box_check":"No"},"acf":[],"yoast_head":"<!-- This site is optimized with the Yoast SEO plugin v27.4 - https:\/\/yoast.com\/product\/yoast-seo-wordpress\/ -->\n<title>ArcGIS: recensione software intelligenza artificiale - Accurate Reviews<\/title>\n<meta name=\"description\" content=\"ArcGIS: soluzione AI per gestire le operazioni sul campo, la raccolta dati, la visualizzazione e la configurazione del flusso di lavoro.\" \/>\n<meta name=\"robots\" content=\"index, follow, max-snippet:-1, max-image-preview:large, max-video-preview:-1\" \/>\n<link rel=\"canonical\" href=\"https:\/\/www.accuratereviews.com\/it\/software-intelligenza-artificiale\/arcgis-recensione\/\" \/>\n<meta property=\"og:locale\" content=\"it_IT\" \/>\n<meta property=\"og:type\" content=\"article\" \/>\n<meta property=\"og:title\" content=\"ArcGIS: recensione software intelligenza artificiale - Accurate Reviews\" \/>\n<meta property=\"og:description\" content=\"ArcGIS: soluzione AI per gestire le operazioni sul campo, la raccolta dati, la visualizzazione e la configurazione del flusso di lavoro.\" \/>\n<meta property=\"og:url\" content=\"https:\/\/www.accuratereviews.com\/it\/software-intelligenza-artificiale\/arcgis-recensione\/\" \/>\n<meta property=\"og:site_name\" content=\"Accurate Reviews\" \/>\n<meta property=\"og:image\" content=\"https:\/\/www.accuratereviews.com\/wp-content\/uploads\/2025\/02\/arcgis.png\" \/>\n\t<meta property=\"og:image:width\" content=\"600\" \/>\n\t<meta property=\"og:image:height\" content=\"600\" \/>\n\t<meta property=\"og:image:type\" content=\"image\/png\" \/>\n<meta name=\"twitter:card\" content=\"summary_large_image\" \/>\n<meta name=\"twitter:label1\" content=\"Tempo di lettura stimato\" \/>\n\t<meta name=\"twitter:data1\" content=\"6 minuti\" \/>\n<script type=\"application\/ld+json\" class=\"yoast-schema-graph\">{\"@context\":\"https:\\\/\\\/schema.org\",\"@graph\":[{\"@type\":\"WebPage\",\"@id\":\"https:\\\/\\\/www.accuratereviews.com\\\/it\\\/software-intelligenza-artificiale\\\/arcgis-recensione\\\/\",\"url\":\"https:\\\/\\\/www.accuratereviews.com\\\/it\\\/software-intelligenza-artificiale\\\/arcgis-recensione\\\/\",\"name\":\"ArcGIS: recensione software intelligenza artificiale - Accurate Reviews\",\"isPartOf\":{\"@id\":\"https:\\\/\\\/www.accuratereviews.com\\\/it\\\/#website\"},\"primaryImageOfPage\":{\"@id\":\"https:\\\/\\\/www.accuratereviews.com\\\/it\\\/software-intelligenza-artificiale\\\/arcgis-recensione\\\/#primaryimage\"},\"image\":{\"@id\":\"https:\\\/\\\/www.accuratereviews.com\\\/it\\\/software-intelligenza-artificiale\\\/arcgis-recensione\\\/#primaryimage\"},\"thumbnailUrl\":\"https:\\\/\\\/www.accuratereviews.com\\\/wp-content\\\/uploads\\\/2025\\\/02\\\/arcgis.png\",\"datePublished\":\"2025-02-10T15:55:32+00:00\",\"description\":\"ArcGIS: soluzione AI per gestire le operazioni sul campo, la raccolta dati, la visualizzazione e la configurazione del flusso di lavoro.\",\"breadcrumb\":{\"@id\":\"https:\\\/\\\/www.accuratereviews.com\\\/it\\\/software-intelligenza-artificiale\\\/arcgis-recensione\\\/#breadcrumb\"},\"inLanguage\":\"it-IT\",\"potentialAction\":[{\"@type\":\"ReadAction\",\"target\":[\"https:\\\/\\\/www.accuratereviews.com\\\/it\\\/software-intelligenza-artificiale\\\/arcgis-recensione\\\/\"]}]},{\"@type\":\"ImageObject\",\"inLanguage\":\"it-IT\",\"@id\":\"https:\\\/\\\/www.accuratereviews.com\\\/it\\\/software-intelligenza-artificiale\\\/arcgis-recensione\\\/#primaryimage\",\"url\":\"https:\\\/\\\/www.accuratereviews.com\\\/wp-content\\\/uploads\\\/2025\\\/02\\\/arcgis.png\",\"contentUrl\":\"https:\\\/\\\/www.accuratereviews.com\\\/wp-content\\\/uploads\\\/2025\\\/02\\\/arcgis.png\",\"width\":600,\"height\":600},{\"@type\":\"BreadcrumbList\",\"@id\":\"https:\\\/\\\/www.accuratereviews.com\\\/it\\\/software-intelligenza-artificiale\\\/arcgis-recensione\\\/#breadcrumb\",\"itemListElement\":[{\"@type\":\"ListItem\",\"position\":1,\"name\":\"Home\",\"item\":\"https:\\\/\\\/www.accuratereviews.com\\\/it\\\/\"},{\"@type\":\"ListItem\",\"position\":2,\"name\":\"Software di intelligenza artificiale\",\"item\":\"https:\\\/\\\/www.accuratereviews.com\\\/it\\\/software-intelligenza-artificiale\\\/\"},{\"@type\":\"ListItem\",\"position\":3,\"name\":\"ArcGIS\"}]},{\"@type\":\"WebSite\",\"@id\":\"https:\\\/\\\/www.accuratereviews.com\\\/it\\\/#website\",\"url\":\"https:\\\/\\\/www.accuratereviews.com\\\/it\\\/\",\"name\":\"Accurate Reviews\",\"description\":\"\",\"potentialAction\":[{\"@type\":\"SearchAction\",\"target\":{\"@type\":\"EntryPoint\",\"urlTemplate\":\"https:\\\/\\\/www.accuratereviews.com\\\/it\\\/?s={search_term_string}\"},\"query-input\":{\"@type\":\"PropertyValueSpecification\",\"valueRequired\":true,\"valueName\":\"search_term_string\"}}],\"inLanguage\":\"it-IT\"}]}<\/script>\n<!-- \/ Yoast SEO plugin. -->","yoast_head_json":{"title":"ArcGIS: recensione software intelligenza artificiale - Accurate Reviews","description":"ArcGIS: soluzione AI per gestire le operazioni sul campo, la raccolta dati, la visualizzazione e la configurazione del flusso di lavoro.","robots":{"index":"index","follow":"follow","max-snippet":"max-snippet:-1","max-image-preview":"max-image-preview:large","max-video-preview":"max-video-preview:-1"},"canonical":"https:\/\/www.accuratereviews.com\/it\/software-intelligenza-artificiale\/arcgis-recensione\/","og_locale":"it_IT","og_type":"article","og_title":"ArcGIS: recensione software intelligenza artificiale - Accurate Reviews","og_description":"ArcGIS: soluzione AI per gestire le operazioni sul campo, la raccolta dati, la visualizzazione e la configurazione del flusso di lavoro.","og_url":"https:\/\/www.accuratereviews.com\/it\/software-intelligenza-artificiale\/arcgis-recensione\/","og_site_name":"Accurate Reviews","og_image":[{"width":600,"height":600,"url":"https:\/\/www.accuratereviews.com\/wp-content\/uploads\/2025\/02\/arcgis.png","type":"image\/png"}],"twitter_card":"summary_large_image","twitter_misc":{"Tempo di lettura stimato":"6 minuti"},"schema":{"@context":"https:\/\/schema.org","@graph":[{"@type":"WebPage","@id":"https:\/\/www.accuratereviews.com\/it\/software-intelligenza-artificiale\/arcgis-recensione\/","url":"https:\/\/www.accuratereviews.com\/it\/software-intelligenza-artificiale\/arcgis-recensione\/","name":"ArcGIS: recensione software intelligenza artificiale - Accurate Reviews","isPartOf":{"@id":"https:\/\/www.accuratereviews.com\/it\/#website"},"primaryImageOfPage":{"@id":"https:\/\/www.accuratereviews.com\/it\/software-intelligenza-artificiale\/arcgis-recensione\/#primaryimage"},"image":{"@id":"https:\/\/www.accuratereviews.com\/it\/software-intelligenza-artificiale\/arcgis-recensione\/#primaryimage"},"thumbnailUrl":"https:\/\/www.accuratereviews.com\/wp-content\/uploads\/2025\/02\/arcgis.png","datePublished":"2025-02-10T15:55:32+00:00","description":"ArcGIS: soluzione AI per gestire le operazioni sul campo, la raccolta dati, la visualizzazione e la configurazione del flusso di lavoro.","breadcrumb":{"@id":"https:\/\/www.accuratereviews.com\/it\/software-intelligenza-artificiale\/arcgis-recensione\/#breadcrumb"},"inLanguage":"it-IT","potentialAction":[{"@type":"ReadAction","target":["https:\/\/www.accuratereviews.com\/it\/software-intelligenza-artificiale\/arcgis-recensione\/"]}]},{"@type":"ImageObject","inLanguage":"it-IT","@id":"https:\/\/www.accuratereviews.com\/it\/software-intelligenza-artificiale\/arcgis-recensione\/#primaryimage","url":"https:\/\/www.accuratereviews.com\/wp-content\/uploads\/2025\/02\/arcgis.png","contentUrl":"https:\/\/www.accuratereviews.com\/wp-content\/uploads\/2025\/02\/arcgis.png","width":600,"height":600},{"@type":"BreadcrumbList","@id":"https:\/\/www.accuratereviews.com\/it\/software-intelligenza-artificiale\/arcgis-recensione\/#breadcrumb","itemListElement":[{"@type":"ListItem","position":1,"name":"Home","item":"https:\/\/www.accuratereviews.com\/it\/"},{"@type":"ListItem","position":2,"name":"Software di intelligenza artificiale","item":"https:\/\/www.accuratereviews.com\/it\/software-intelligenza-artificiale\/"},{"@type":"ListItem","position":3,"name":"ArcGIS"}]},{"@type":"WebSite","@id":"https:\/\/www.accuratereviews.com\/it\/#website","url":"https:\/\/www.accuratereviews.com\/it\/","name":"Accurate Reviews","description":"","potentialAction":[{"@type":"SearchAction","target":{"@type":"EntryPoint","urlTemplate":"https:\/\/www.accuratereviews.com\/it\/?s={search_term_string}"},"query-input":{"@type":"PropertyValueSpecification","valueRequired":true,"valueName":"search_term_string"}}],"inLanguage":"it-IT"}]}},"_links":{"self":[{"href":"https:\/\/www.accuratereviews.com\/it\/wp-json\/wp\/v2\/pages\/84817","targetHints":{"allow":["GET"]}}],"collection":[{"href":"https:\/\/www.accuratereviews.com\/it\/wp-json\/wp\/v2\/pages"}],"about":[{"href":"https:\/\/www.accuratereviews.com\/it\/wp-json\/wp\/v2\/types\/page"}],"author":[{"embeddable":true,"href":"https:\/\/www.accuratereviews.com\/it\/wp-json\/wp\/v2\/users\/19"}],"replies":[{"embeddable":true,"href":"https:\/\/www.accuratereviews.com\/it\/wp-json\/wp\/v2\/comments?post=84817"}],"version-history":[{"count":10,"href":"https:\/\/www.accuratereviews.com\/it\/wp-json\/wp\/v2\/pages\/84817\/revisions"}],"predecessor-version":[{"id":84924,"href":"https:\/\/www.accuratereviews.com\/it\/wp-json\/wp\/v2\/pages\/84817\/revisions\/84924"}],"up":[{"embeddable":true,"href":"https:\/\/www.accuratereviews.com\/it\/wp-json\/wp\/v2\/pages\/79864"}],"wp:featuredmedia":[{"embeddable":true,"href":"https:\/\/www.accuratereviews.com\/it\/wp-json\/wp\/v2\/media\/84825"}],"wp:attachment":[{"href":"https:\/\/www.accuratereviews.com\/it\/wp-json\/wp\/v2\/media?parent=84817"}],"wp:term":[{"taxonomy":"category","embeddable":true,"href":"https:\/\/www.accuratereviews.com\/it\/wp-json\/wp\/v2\/categories?post=84817"},{"taxonomy":"post_tag","embeddable":true,"href":"https:\/\/www.accuratereviews.com\/it\/wp-json\/wp\/v2\/tags?post=84817"},{"taxonomy":"features","embeddable":true,"href":"https:\/\/www.accuratereviews.com\/it\/wp-json\/wp\/v2\/features?post=84817"}],"curies":[{"name":"wp","href":"https:\/\/api.w.org\/{rel}","templated":true}]}}