{"id":84945,"date":"2025-02-11T15:56:19","date_gmt":"2025-02-11T15:56:19","guid":{"rendered":"https:\/\/www.accuratereviews.com\/?page_id=84945"},"modified":"2025-02-16T19:56:56","modified_gmt":"2025-02-16T19:56:56","slug":"uipath-recensione","status":"publish","type":"page","link":"https:\/\/www.accuratereviews.com\/it\/software-intelligenza-artificiale\/uipath-recensione\/","title":{"rendered":"UiPath"},"content":{"rendered":"<p><strong>UiPath<\/strong> <strong>Robotic Process Automation<\/strong> \u00e8 una soluzione basata su <strong>cloud<\/strong> che aiuta a progettare e gestire attivit\u00e0 di automazione assistite e non assistite per semplificare le attivit\u00e0 di front-office. Consente agli utenti di archiviare pi\u00f9 licenze in un database unificato per riferimento futuro. Le caratteristiche principali includono sviluppo senza codice, riconoscimento ottico dei caratteri (OCR), <strong>apprendimento automatico\/AI<\/strong>, riconoscimento delle immagini e un generatore di processi. Il modulo studio della piattaforma consente ai team di progettare flussi di lavoro utilizzando vari linguaggi tecnici come C#, Java, VB.Net e Python.<strong><br \/>\nUiPath RPA<\/strong> fornisce una dashboard unificata per monitorare i flussi di lavoro digitali in tempo reale utilizzando browser Web e applicazioni.\u00a0 \u00c8 dotato di pi\u00f9 modelli di distribuzione a seconda delle singole esigenze. Il modulo robot della piattaforma supporta il funzionamento autonomo di robot senza supervisione, consentendo agli utenti di gestire attivit\u00e0 di back-end, inclusa l&#8217;elaborazione dei dati.<\/p>\n<h2>UIPATH &#8211; TUTORIAL<\/h2>\n<div id=\"fluid-wrapper-counter-1\" class=\"g1-fluid-wrapper \" style=\"width:686px;\">\n<div style=\"padding-bottom:56.268221574344%;\"><iframe loading=\"lazy\" title=\"See variable values from test trigger with UiPath Studio Web\" width=\"686\" height=\"386\" src=\"https:\/\/www.youtube.com\/embed\/4eS-IFU0El0?feature=oembed&amp;wmode=transparent&amp;autohide=1&amp;autoplay=0&amp;disablekb=0&amp;fs=1&amp;loop=0&amp;enablejsapi=1&amp;rel=0&amp;controls=2&amp;showinfo=0&amp;wmode=transparent&amp;autohide=2&amp;autoplay=0&amp;disablekb=0&amp;fs=1&amp;loop=0&amp;enablejsapi=1&amp;rel=0&amp;controls=2&amp;showinfo=1\" frameborder=\"0\" allow=\"accelerometer; autoplay; clipboard-write; encrypted-media; gyroscope; picture-in-picture; web-share\" referrerpolicy=\"strict-origin-when-cross-origin\" allowfullscreen><\/iframe><\/div>\n<\/div>\n<h3>UIPATH &#8211; CARATTERISTICHE<\/h3>\n<ul>\n<li><strong>Acceleratori di soluzioni<\/strong>: documentazione tecnica, flussi di lavoro e modelli confezionati riducono i tempi e le spese dei clienti in fase di scoperta, progettazione e sviluppo. Gli acceleratori iniziali includono IT Service Management, Finance: Purchase to Pay e Healthcare: Digital Intake Optimization.<\/li>\n<li><strong>Confronto ROI<\/strong>: scopri facilmente le automazioni pi\u00f9 impattanti in termini di ROI, identifica i gap tra stime e risultati effettivi e acquisisci una prospettiva per informare la strategia di automazione.<\/li>\n<li><strong>Programmi di supporto<\/strong>: i clienti possono accedere facilmente alla consulenza degli esperti, tempi di risposta ultra rapidi, supporto mission-critical e guida personalizzata. Ideale per le aziende che cercano di sbloccare rapidamente nuove opportunit\u00e0 di automazione.<\/li>\n<li><strong>Robot live streaming, controllo remoto e registrazione video<\/strong>: offre la massima visibilit\u00e0 su come i robot senza supervisione eseguono le loro mansioni trasmettendo in live streaming l&#8217;esecuzione, assumendo il controllo da remoto e registrando gli ultimi minuti delle loro sessioni per una successiva revisione o risoluzione dei problemi. Questa \u00e8 una soluzione innovativa nel settore che si traduce in automazioni migliori, con risultati affidabili e verificabili, riducendo al contempo il costo totale di propriet\u00e0 per i clienti che utilizzano gi\u00e0 strumenti di terze parti per il debug.<\/li>\n<li><strong>Distribuzione semplificata di Automation Suite nel cloud pubblico<\/strong>: il supporto AKS\/EKS consente la distribuzione di Automation Suite su cluster Kubernetes gestiti dal cliente da Azure o AWS.<\/li>\n<li><strong>Studio Web<\/strong>: offre potenti strumenti per sviluppatori professionisti ed esperienze semplici e fluide per sviluppatori. Gli utenti multipiattaforma ottengono l&#8217;accesso basato su browser a una potente piattaforma di build low-code senza necessit\u00e0 di installazione software, rendendo rapido e senza attriti l&#8217;ampliamento dell&#8217;accesso a ogni sviluppatore cittadino.<\/li>\n<li><strong>Automazione assistita migliorata<\/strong>: una nuova funzionalit\u00e0 per gli sviluppatori di automazione basate su trigger offrono un&#8217;esperienza\u00a0 ricca consentendo agli sviluppatori di richiamare automazioni in base ad azioni specifiche dell&#8217;utente. Inoltre, le chiamate migliorate possono rendere il software esistente pi\u00f9 intelligente. Questi consentono agli utenti di aggiungere regole personalizzate alla loro suite software esistente senza dover aggiornare l&#8217;applicazione.<\/li>\n<li><strong>Apps<\/strong>: la gestione del ciclo di vita delle applicazioni ottiene una spinta poich\u00e9 Apps semplifica la distribuzione nelle cartelle e Apps introduce un nuovo modello di licenza di consumo altamente flessibile per le App rivolte al pubblico. L&#8217;aggiunta del linguaggio di espressioni VB.NET sblocca un universo di nuove funzionalit\u00e0 per gli sviluppatori.<\/li>\n<\/ul>\n<h4>LE RECENSIONE DEGLI UTENTI<\/h4>\n<p><strong>Javier &#8220;Scala rapidamente i tuoi progetti di automazione con UiPath&#8221;<\/strong><br \/>\n<strong>Commenti<\/strong>: Ottimo software, davvero potente e migliora molto velocemente.<br \/>\n<strong>Pro<\/strong>: le integrazioni con diversi software, Test Suite \u00e8 ottimo per testare velocemente la tua automazione.<br \/>\n<strong>Contro<\/strong>: alcune restrizioni nell&#8217;utilizzo dei processi di orchestrazione che sicuramente verranno migliorati in futuro ma finora nulla di critico. Complicato stare al passo con le nuove versioni, hanno cos\u00ec tante versioni durante l&#8217;anno.<\/p>\n<p><strong>Netra &#8220;Un potente software di automazione dei processi robotici&#8221;<\/strong><br \/>\n<strong>Commenti<\/strong>: Uno strumento RPA molto intuitivo e affidabile con aggiunta costante di nuove funzionalit\u00e0. UiPath Studio \u00e8 il miglior IDE di sviluppo poich\u00e9 tutte le funzioni possono essere ricercate e inserite nel processo con un semplice trascinamento della selezione.<br \/>\n<strong>Pro<\/strong>: L&#8217;intero sviluppo si basa sulla funzionalit\u00e0 drag and drop delle funzioni richieste. Sono richieste conoscenze di programmazione minime per sviluppare un bot RPA. Estremamente facile da implementare utilizzando l&#8217;orchestratore cloud.<br \/>\n<strong>Contro<\/strong>: Nessuna opzione per disattivare gli aggiornamenti automatici nelle impostazioni<\/p>\n<p><strong>Erik &#8220;Il miglior software RPA disponibile&#8221;<\/strong><br \/>\n<strong>Commenti<\/strong>: Molto bene, \u00e8 sicuramente il miglior software RPA in circolazione. Le nuove capacit\u00e0 non sono sempre eccezionali, ma anche la loro comprensione dei documenti sta migliorando molto e sono davvero curioso di sapere dove stanno andando con gli agenti AI.<br \/>\n<strong>Pro<\/strong>: Software RPA all&#8217;avanguardia, in continuo miglioramento e con capacit\u00e0 sempre pi\u00f9 estese<br \/>\n<strong>Contro<\/strong>: In passato hanno rilasciato nuove funzionalit\u00e0 troppo presto, prima che il nuovo prodotto fosse sufficientemente maturo.<\/p>\n","protected":false},"excerpt":{"rendered":"<p>UiPath Robotic Process Automation \u00e8 una soluzione basata su cloud che aiuta a progettare e gestire attivit\u00e0 di automazione assistite e non assistite per semplificare le attivit\u00e0 di front-office. Consente agli utenti di archiviare pi\u00f9 licenze in un database unificato per riferimento futuro.<\/p>\n","protected":false},"author":19,"featured_media":84947,"parent":79864,"menu_order":0,"comment_status":"open","ping_status":"closed","template":"g1_template_page_review_new.php","meta":{"_acf_changed":false,"cwp_meta_box_check":"Yes","cwp_rev_product_name":"","cwp_rev_product_image":"","wppr_links":[],"cwp_rev_price":"0.00","wppr_options":[{"name":"Usability","value":"0"},{"name":"Speed","value":"0"},{"name":"Features","value":"0"},{"name":"Support","value":"0"},{"name":"Pricing","value":"0"}],"wppr_pros":["","","","",""],"wppr_cons":["","","","",""],"_monsterinsights_skip_tracking":false,"_monsterinsights_sitenote_active":false,"_monsterinsights_sitenote_note":"","_monsterinsights_sitenote_category":0,"footnotes":""},"categories":[15435],"tags":[997,998,15441,15440,15479,15480,15796],"features":[],"class_list":{"0":"post-84945","1":"page","2":"type-page","3":"status-publish","4":"has-post-thumbnail","6":"category-software-intelligenza-artificiale-cat","7":"tag-ai","8":"tag-intelligenza-artificiale","9":"tag-piattaforma-intelligenza-artificiale","10":"tag-programma-intelligenza-artificiale","11":"tag-software-intelligenza-artificiale","12":"tag-soluzione-intelligenza-artificiale","13":"tag-uipath"},"wppr_data":{"cwp_meta_box_check":"Yes","_wppr_review_template":"default","cwp_rev_product_image":"","cwp_image_link":"image","wppr_links":[],"cwp_rev_price":"0.00","wppr_pros":["","","","",""],"wppr_cons":["","","","",""],"wppr_rating":"0.00","wppr_options":{"1":{"name":"Usability","value":"0"},"2":{"name":"Speed","value":"0"},"3":{"name":"Features","value":"0"},"4":{"name":"Support","value":"0"},"5":{"name":"Pricing","value":"0"}},"wppr_review_type":"Product","wppr_review_custom_fields":{"additionalProperty":"","additionalType":"","aggregateRating":"","alternateName":"","audience":"","award":"","awards":"","brand":"","color":"","depth":"","description":"","disambiguatingDescription":"","gtin12":"","gtin13":"","gtin14":"","gtin8":"","height":"","identifier":"","image":"","isAccessoryOrSparePartFor":"","isConsumableFor":"","isRelatedTo":"","isSimilarTo":"","itemCondition":"","logo":"","mainEntityOfPage":"","manufacturer":"","material":"","model":"","mpn":"","name":"","offers":"","potentialAction":"","productID":"","productionDate":"","purchaseDate":"","releaseDate":"","review":"","reviews":"","sameAs":"","sku":"","slogan":"","subjectOf":"","url":"","weight":"","width":""}},"acf":[],"yoast_head":"<!-- This site is optimized with the Yoast SEO plugin v27.4 - https:\/\/yoast.com\/product\/yoast-seo-wordpress\/ -->\n<title>UiPath: recensione software intelligenza artificiale - Accurate Reviews<\/title>\n<meta name=\"description\" content=\"UiPath: soluzione che aiuta a gestire attivit\u00e0 di automazione assistite e non assistite per semplificare le attivit\u00e0 di front-office.\" \/>\n<meta name=\"robots\" content=\"index, follow, max-snippet:-1, max-image-preview:large, max-video-preview:-1\" \/>\n<link rel=\"canonical\" href=\"https:\/\/www.accuratereviews.com\/it\/software-intelligenza-artificiale\/uipath-recensione\/\" \/>\n<meta property=\"og:locale\" content=\"it_IT\" \/>\n<meta property=\"og:type\" content=\"article\" \/>\n<meta property=\"og:title\" content=\"UiPath: recensione software intelligenza artificiale - Accurate Reviews\" \/>\n<meta property=\"og:description\" content=\"UiPath: soluzione che aiuta a gestire attivit\u00e0 di automazione assistite e non assistite per semplificare le attivit\u00e0 di front-office.\" \/>\n<meta property=\"og:url\" content=\"https:\/\/www.accuratereviews.com\/it\/software-intelligenza-artificiale\/uipath-recensione\/\" \/>\n<meta property=\"og:site_name\" content=\"Accurate Reviews\" \/>\n<meta property=\"article:modified_time\" content=\"2025-02-16T19:56:56+00:00\" \/>\n<meta property=\"og:image\" content=\"https:\/\/www.accuratereviews.com\/wp-content\/uploads\/2025\/02\/UiPath.png\" \/>\n\t<meta property=\"og:image:width\" content=\"225\" \/>\n\t<meta property=\"og:image:height\" content=\"225\" \/>\n\t<meta property=\"og:image:type\" content=\"image\/png\" \/>\n<meta name=\"twitter:card\" content=\"summary_large_image\" \/>\n<meta name=\"twitter:label1\" content=\"Tempo di lettura stimato\" \/>\n\t<meta name=\"twitter:data1\" content=\"5 minuti\" \/>\n<script type=\"application\/ld+json\" class=\"yoast-schema-graph\">{\"@context\":\"https:\\\/\\\/schema.org\",\"@graph\":[{\"@type\":\"WebPage\",\"@id\":\"https:\\\/\\\/www.accuratereviews.com\\\/it\\\/software-intelligenza-artificiale\\\/uipath-recensione\\\/\",\"url\":\"https:\\\/\\\/www.accuratereviews.com\\\/it\\\/software-intelligenza-artificiale\\\/uipath-recensione\\\/\",\"name\":\"UiPath: recensione software intelligenza artificiale - Accurate Reviews\",\"isPartOf\":{\"@id\":\"https:\\\/\\\/www.accuratereviews.com\\\/it\\\/#website\"},\"primaryImageOfPage\":{\"@id\":\"https:\\\/\\\/www.accuratereviews.com\\\/it\\\/software-intelligenza-artificiale\\\/uipath-recensione\\\/#primaryimage\"},\"image\":{\"@id\":\"https:\\\/\\\/www.accuratereviews.com\\\/it\\\/software-intelligenza-artificiale\\\/uipath-recensione\\\/#primaryimage\"},\"thumbnailUrl\":\"https:\\\/\\\/www.accuratereviews.com\\\/wp-content\\\/uploads\\\/2025\\\/02\\\/UiPath.png\",\"datePublished\":\"2025-02-11T15:56:19+00:00\",\"dateModified\":\"2025-02-16T19:56:56+00:00\",\"description\":\"UiPath: soluzione che aiuta a gestire attivit\u00e0 di automazione assistite e non assistite per semplificare le attivit\u00e0 di front-office.\",\"breadcrumb\":{\"@id\":\"https:\\\/\\\/www.accuratereviews.com\\\/it\\\/software-intelligenza-artificiale\\\/uipath-recensione\\\/#breadcrumb\"},\"inLanguage\":\"it-IT\",\"potentialAction\":[{\"@type\":\"ReadAction\",\"target\":[\"https:\\\/\\\/www.accuratereviews.com\\\/it\\\/software-intelligenza-artificiale\\\/uipath-recensione\\\/\"]}]},{\"@type\":\"ImageObject\",\"inLanguage\":\"it-IT\",\"@id\":\"https:\\\/\\\/www.accuratereviews.com\\\/it\\\/software-intelligenza-artificiale\\\/uipath-recensione\\\/#primaryimage\",\"url\":\"https:\\\/\\\/www.accuratereviews.com\\\/wp-content\\\/uploads\\\/2025\\\/02\\\/UiPath.png\",\"contentUrl\":\"https:\\\/\\\/www.accuratereviews.com\\\/wp-content\\\/uploads\\\/2025\\\/02\\\/UiPath.png\",\"width\":225,\"height\":225},{\"@type\":\"BreadcrumbList\",\"@id\":\"https:\\\/\\\/www.accuratereviews.com\\\/it\\\/software-intelligenza-artificiale\\\/uipath-recensione\\\/#breadcrumb\",\"itemListElement\":[{\"@type\":\"ListItem\",\"position\":1,\"name\":\"Home\",\"item\":\"https:\\\/\\\/www.accuratereviews.com\\\/it\\\/\"},{\"@type\":\"ListItem\",\"position\":2,\"name\":\"Software di intelligenza artificiale\",\"item\":\"https:\\\/\\\/www.accuratereviews.com\\\/it\\\/software-intelligenza-artificiale\\\/\"},{\"@type\":\"ListItem\",\"position\":3,\"name\":\"UiPath\"}]},{\"@type\":\"WebSite\",\"@id\":\"https:\\\/\\\/www.accuratereviews.com\\\/it\\\/#website\",\"url\":\"https:\\\/\\\/www.accuratereviews.com\\\/it\\\/\",\"name\":\"Accurate Reviews\",\"description\":\"\",\"potentialAction\":[{\"@type\":\"SearchAction\",\"target\":{\"@type\":\"EntryPoint\",\"urlTemplate\":\"https:\\\/\\\/www.accuratereviews.com\\\/it\\\/?s={search_term_string}\"},\"query-input\":{\"@type\":\"PropertyValueSpecification\",\"valueRequired\":true,\"valueName\":\"search_term_string\"}}],\"inLanguage\":\"it-IT\"}]}<\/script>\n<!-- \/ Yoast SEO plugin. -->","yoast_head_json":{"title":"UiPath: recensione software intelligenza artificiale - Accurate Reviews","description":"UiPath: soluzione che aiuta a gestire attivit\u00e0 di automazione assistite e non assistite per semplificare le attivit\u00e0 di front-office.","robots":{"index":"index","follow":"follow","max-snippet":"max-snippet:-1","max-image-preview":"max-image-preview:large","max-video-preview":"max-video-preview:-1"},"canonical":"https:\/\/www.accuratereviews.com\/it\/software-intelligenza-artificiale\/uipath-recensione\/","og_locale":"it_IT","og_type":"article","og_title":"UiPath: recensione software intelligenza artificiale - Accurate Reviews","og_description":"UiPath: soluzione che aiuta a gestire attivit\u00e0 di automazione assistite e non assistite per semplificare le attivit\u00e0 di front-office.","og_url":"https:\/\/www.accuratereviews.com\/it\/software-intelligenza-artificiale\/uipath-recensione\/","og_site_name":"Accurate Reviews","article_modified_time":"2025-02-16T19:56:56+00:00","og_image":[{"width":225,"height":225,"url":"https:\/\/www.accuratereviews.com\/wp-content\/uploads\/2025\/02\/UiPath.png","type":"image\/png"}],"twitter_card":"summary_large_image","twitter_misc":{"Tempo di lettura stimato":"5 minuti"},"schema":{"@context":"https:\/\/schema.org","@graph":[{"@type":"WebPage","@id":"https:\/\/www.accuratereviews.com\/it\/software-intelligenza-artificiale\/uipath-recensione\/","url":"https:\/\/www.accuratereviews.com\/it\/software-intelligenza-artificiale\/uipath-recensione\/","name":"UiPath: recensione software intelligenza artificiale - Accurate Reviews","isPartOf":{"@id":"https:\/\/www.accuratereviews.com\/it\/#website"},"primaryImageOfPage":{"@id":"https:\/\/www.accuratereviews.com\/it\/software-intelligenza-artificiale\/uipath-recensione\/#primaryimage"},"image":{"@id":"https:\/\/www.accuratereviews.com\/it\/software-intelligenza-artificiale\/uipath-recensione\/#primaryimage"},"thumbnailUrl":"https:\/\/www.accuratereviews.com\/wp-content\/uploads\/2025\/02\/UiPath.png","datePublished":"2025-02-11T15:56:19+00:00","dateModified":"2025-02-16T19:56:56+00:00","description":"UiPath: soluzione che aiuta a gestire attivit\u00e0 di automazione assistite e non assistite per semplificare le attivit\u00e0 di front-office.","breadcrumb":{"@id":"https:\/\/www.accuratereviews.com\/it\/software-intelligenza-artificiale\/uipath-recensione\/#breadcrumb"},"inLanguage":"it-IT","potentialAction":[{"@type":"ReadAction","target":["https:\/\/www.accuratereviews.com\/it\/software-intelligenza-artificiale\/uipath-recensione\/"]}]},{"@type":"ImageObject","inLanguage":"it-IT","@id":"https:\/\/www.accuratereviews.com\/it\/software-intelligenza-artificiale\/uipath-recensione\/#primaryimage","url":"https:\/\/www.accuratereviews.com\/wp-content\/uploads\/2025\/02\/UiPath.png","contentUrl":"https:\/\/www.accuratereviews.com\/wp-content\/uploads\/2025\/02\/UiPath.png","width":225,"height":225},{"@type":"BreadcrumbList","@id":"https:\/\/www.accuratereviews.com\/it\/software-intelligenza-artificiale\/uipath-recensione\/#breadcrumb","itemListElement":[{"@type":"ListItem","position":1,"name":"Home","item":"https:\/\/www.accuratereviews.com\/it\/"},{"@type":"ListItem","position":2,"name":"Software di intelligenza artificiale","item":"https:\/\/www.accuratereviews.com\/it\/software-intelligenza-artificiale\/"},{"@type":"ListItem","position":3,"name":"UiPath"}]},{"@type":"WebSite","@id":"https:\/\/www.accuratereviews.com\/it\/#website","url":"https:\/\/www.accuratereviews.com\/it\/","name":"Accurate Reviews","description":"","potentialAction":[{"@type":"SearchAction","target":{"@type":"EntryPoint","urlTemplate":"https:\/\/www.accuratereviews.com\/it\/?s={search_term_string}"},"query-input":{"@type":"PropertyValueSpecification","valueRequired":true,"valueName":"search_term_string"}}],"inLanguage":"it-IT"}]}},"_links":{"self":[{"href":"https:\/\/www.accuratereviews.com\/it\/wp-json\/wp\/v2\/pages\/84945","targetHints":{"allow":["GET"]}}],"collection":[{"href":"https:\/\/www.accuratereviews.com\/it\/wp-json\/wp\/v2\/pages"}],"about":[{"href":"https:\/\/www.accuratereviews.com\/it\/wp-json\/wp\/v2\/types\/page"}],"author":[{"embeddable":true,"href":"https:\/\/www.accuratereviews.com\/it\/wp-json\/wp\/v2\/users\/19"}],"replies":[{"embeddable":true,"href":"https:\/\/www.accuratereviews.com\/it\/wp-json\/wp\/v2\/comments?post=84945"}],"version-history":[{"count":12,"href":"https:\/\/www.accuratereviews.com\/it\/wp-json\/wp\/v2\/pages\/84945\/revisions"}],"predecessor-version":[{"id":85028,"href":"https:\/\/www.accuratereviews.com\/it\/wp-json\/wp\/v2\/pages\/84945\/revisions\/85028"}],"up":[{"embeddable":true,"href":"https:\/\/www.accuratereviews.com\/it\/wp-json\/wp\/v2\/pages\/79864"}],"wp:featuredmedia":[{"embeddable":true,"href":"https:\/\/www.accuratereviews.com\/it\/wp-json\/wp\/v2\/media\/84947"}],"wp:attachment":[{"href":"https:\/\/www.accuratereviews.com\/it\/wp-json\/wp\/v2\/media?parent=84945"}],"wp:term":[{"taxonomy":"category","embeddable":true,"href":"https:\/\/www.accuratereviews.com\/it\/wp-json\/wp\/v2\/categories?post=84945"},{"taxonomy":"post_tag","embeddable":true,"href":"https:\/\/www.accuratereviews.com\/it\/wp-json\/wp\/v2\/tags?post=84945"},{"taxonomy":"features","embeddable":true,"href":"https:\/\/www.accuratereviews.com\/it\/wp-json\/wp\/v2\/features?post=84945"}],"curies":[{"name":"wp","href":"https:\/\/api.w.org\/{rel}","templated":true}]}}