{"id":85012,"date":"2025-02-12T17:19:53","date_gmt":"2025-02-12T17:19:53","guid":{"rendered":"https:\/\/www.accuratereviews.com\/?page_id=85012"},"modified":"2025-02-12T17:19:53","modified_gmt":"2025-02-12T17:19:53","slug":"appy-pie-recensione","status":"publish","type":"page","link":"https:\/\/www.accuratereviews.com\/it\/software-intelligenza-artificiale\/appy-pie-recensione\/","title":{"rendered":"Appy Pie"},"content":{"rendered":"<p><strong>Appy Pie<\/strong> \u00e8 una <strong>piattaforma di sviluppo senza codice<\/strong> che consente alle aziende di tutte le dimensioni di creare app, siti web e chatbot senza alcuna codifica. La sua suite di funzionalit\u00e0 include un app builder per la progettazione di app Android e iOS di livello professionale, un convertitore da sito web ad app per trasformare siti esistenti in app mobili e un generatore di <strong>app AI<\/strong> che gestisce le complessit\u00e0 di progettazione in base all&#8217;input dell&#8217;utente.<br \/>\nLa piattaforma aiuta anche gli utenti nella creazione di siti web, offrendo un website builder con modelli professionali e un <strong>website builder AI<\/strong> che automatizza le attivit\u00e0 di progettazione e garantisce un sito personalizzato. Il chatbot maker di <strong>Appy Pie<\/strong> consente alle aziende di qualificare i lead, prenotare appuntamenti e gestire l&#8217;assistenza clienti con <strong>AI<\/strong> senza alcuna codifica.<\/p>\n<h2>APPY PIE &#8211; TUTORIAL<\/h2>\n<div id=\"fluid-wrapper-counter-1\" class=\"g1-fluid-wrapper \" style=\"width:686px;\">\n<div style=\"padding-bottom:56.268221574344%;\"><iframe loading=\"lazy\" title=\"How to Create an App without any Coding - Appy Pie&#039;s No-Code App Maker\" width=\"686\" height=\"386\" src=\"https:\/\/www.youtube.com\/embed\/MA7lCcEJUhw?feature=oembed&amp;wmode=transparent&amp;autohide=1&amp;autoplay=0&amp;disablekb=0&amp;fs=1&amp;loop=0&amp;enablejsapi=1&amp;rel=0&amp;controls=2&amp;showinfo=0&amp;wmode=transparent&amp;autohide=2&amp;autoplay=0&amp;disablekb=0&amp;fs=1&amp;loop=0&amp;enablejsapi=1&amp;rel=0&amp;controls=2&amp;showinfo=1\" frameborder=\"0\" allow=\"accelerometer; autoplay; clipboard-write; encrypted-media; gyroscope; picture-in-picture; web-share\" referrerpolicy=\"strict-origin-when-cross-origin\" allowfullscreen><\/iframe><\/div>\n<\/div>\n<h3>APPY PIE &#8211; CARATTERISTICHE<\/h3>\n<ul>\n<li><strong>Nessuna barriera all&#8217;ingresso<\/strong>: budget ridotti e mancanza di competenze tecniche non sono pi\u00f9 un ostacolo quando si sviluppano app mobili efficaci con AI App Maker di Appy Pie.<\/li>\n<li><strong>Funzionalit\u00e0 multi-dispositivo<\/strong>: crea app versatili che funzionano senza problemi su vari dispositivi e piattaforme, tra cui smart TV, tablet e smartwatch.<\/li>\n<li><strong>Costi bassi e ROI elevato<\/strong>: elimina la necessit\u00e0 di investimenti sostanziali in sviluppatori e risorse IT. Con solo una buona idea per l&#8217;app e un dispositivo connesso a Internet, puoi iniziare.<\/li>\n<li><strong>Riduci i tempi GTM<\/strong>: crea e lancia app pi\u00f9 rapidamente che mai. Lo sviluppo di app AI riduce notevolmente i tempi necessari per immettere la tua app sul mercato, aiutandoti a raggiungere i tuoi obiettivi pi\u00f9 velocemente.<\/li>\n<li><strong>Soluzioni scalabili<\/strong>: adatta facilmente la tua app per soddisfare le mutevoli richieste degli utenti o i requisiti aziendali, assicurando la crescita senza un&#8217;ampia riqualificazione.<\/li>\n<li><strong>Ampia gamma di modelli<\/strong>: scegli tra un&#8217;ampia gamma di temi, modelli e schemi di colori per far s\u00ec che la tua app abbia esattamente l&#8217;aspetto che desideri.<\/li>\n<li><strong>Interfaccia intuitiva<\/strong>: descrivi semplicemente i requisiti della tua app tramite testo o comandi vocali e l&#8217;interfaccia AI far\u00e0 il resto!<\/li>\n<li><strong>Un sacco di funzionalit\u00e0<\/strong>: facilita i pagamenti online, invia notifiche push o aggiungi altre funzionalit\u00e0 esclusive con il creatore di app AI , che ti aiuta a creare qualsiasi tipo di app.<\/li>\n<li><strong>Altamente personalizzabile:<\/strong> personalizza ogni aspetto della tua app, cambiando colori, font, design o qualsiasi cosa tu voglia con il generatore di app AI completamente personalizzabile.<\/li>\n<li><strong>Analisi integrate:<\/strong> monitora l&#8217;attivit\u00e0 degli utenti e scopri come usano la tua app. Scopri dove gli utenti abbandonano e quali funzionalit\u00e0 vengono utilizzate di pi\u00f9.<\/li>\n<li><strong>Supporto 24 ore su 24<\/strong>: non c&#8217;\u00e8 limite alla quantit\u00e0 di assistenza che puoi ricevere. Offre supporto gratuito via email, telefonico e tramite chat dal vivo 24 ore su 24, 7 giorni su 7.<\/li>\n<\/ul>\n<h4>LE RECENSIONI DEGLI UTENTI<\/h4>\n<p><strong>Antonio &#8220;Ottima piattaforma sviluppo&#8221;<\/strong><br \/>\n<strong>Pro<\/strong>: Grazie ad Appy Pie \u00e8 semplicissimo sviluppare app per il mondo mobile in maniera grafica e senza la necessaria conoscenza dei linguaggi di programmazione. Con pochi semplici passaggi si possono creare applicazioni molto interessanti.<br \/>\n<strong>Contro<\/strong>: La piattaforma \u00e8 molto performante e facile da usare, per cui non ritengo necessario segnalare anomalie o cose che andrebbero migliorate.<\/p>\n<p><strong>Vincenzo &#8220;Programmare senza l&#8217;uso di codice&#8221;<\/strong><br \/>\n<strong>Pro<\/strong>: E&#8217; un&#8217;ottima applicazione totalmente online che offre un ventaglio di opportunit\u00e0 uniche e soprattutto rapide quando necessit\u00e0 lo sviluppo rapido di semplici applicazione multipiattaforma.<br \/>\n<strong>Contro<\/strong>: E&#8217; ben sviluppata e molto semplice da utilizzare, quantomeno per lo sviluppo di semplici app senza troppe variabili.<\/p>\n<p><strong>Francesco &#8220;Creare applicazioni mobile&#8221;<\/strong><br \/>\n<strong>Pro<\/strong>: E&#8217; una buona piattaforma per la creazione di applicazioni per il mondo mobile. E&#8217; possibile utilizzare dei template pronti o iniziare da zero, mediante un semplice drag&amp;drop degli oggetti da inserire nell&#8217;applicazione.<br \/>\n<strong>Contro<\/strong>: La piattaforma \u00e8 ben costruita ma l&#8217;interfaccia di connessione ad eventuali database risulta un p\u00f2 macchinosa.<\/p>\n","protected":false},"excerpt":{"rendered":"<p>Appy Pie \u00e8 una piattaforma di sviluppo senza codice che consente alle aziende di tutte le dimensioni di creare app, siti web e chatbot senza alcuna codifica. La sua suite di funzionalit\u00e0 include un app builder per la progettazione di app Android e iOS di livello professionale, un convertitore da sito web ad app per trasformare siti esistenti in app mobili e un generatore di app AI che gestisce le complessit\u00e0 di progettazione in base all&#8217;input dell&#8217;utente<\/p>\n","protected":false},"author":19,"featured_media":85015,"parent":79864,"menu_order":0,"comment_status":"open","ping_status":"closed","template":"g1_template_page_review_new.php","meta":{"_acf_changed":false,"cwp_meta_box_check":"Yes","cwp_rev_product_name":"","cwp_rev_product_image":"","wppr_links":[],"cwp_rev_price":"0.00","wppr_options":[{"name":"Usability","value":"0"},{"name":"Speed","value":"0"},{"name":"Features","value":"0"},{"name":"Support","value":"0"},{"name":"Pricing","value":"0"}],"wppr_pros":["","","","",""],"wppr_cons":["","","","",""],"_monsterinsights_skip_tracking":false,"_monsterinsights_sitenote_active":false,"_monsterinsights_sitenote_note":"","_monsterinsights_sitenote_category":0,"footnotes":""},"categories":[15435],"tags":[997,15800,998,15441,15440,15479,15480],"features":[],"class_list":{"0":"post-85012","1":"page","2":"type-page","3":"status-publish","4":"has-post-thumbnail","6":"category-software-intelligenza-artificiale-cat","7":"tag-ai","8":"tag-appy-pie","9":"tag-intelligenza-artificiale","10":"tag-piattaforma-intelligenza-artificiale","11":"tag-programma-intelligenza-artificiale","12":"tag-software-intelligenza-artificiale","13":"tag-soluzione-intelligenza-artificiale"},"wppr_data":{"cwp_meta_box_check":"Yes","_wppr_review_template":"default","cwp_rev_product_image":"","cwp_image_link":"image","wppr_links":[],"cwp_rev_price":"0.00","wppr_pros":["","","","",""],"wppr_cons":["","","","",""],"wppr_rating":"0.00","wppr_options":{"1":{"name":"Usability","value":"0"},"2":{"name":"Speed","value":"0"},"3":{"name":"Features","value":"0"},"4":{"name":"Support","value":"0"},"5":{"name":"Pricing","value":"0"}},"wppr_review_type":"Product","wppr_review_custom_fields":{"additionalProperty":"","additionalType":"","aggregateRating":"","alternateName":"","audience":"","award":"","awards":"","brand":"","color":"","depth":"","description":"","disambiguatingDescription":"","gtin12":"","gtin13":"","gtin14":"","gtin8":"","height":"","identifier":"","image":"","isAccessoryOrSparePartFor":"","isConsumableFor":"","isRelatedTo":"","isSimilarTo":"","itemCondition":"","logo":"","mainEntityOfPage":"","manufacturer":"","material":"","model":"","mpn":"","name":"","offers":"","potentialAction":"","productID":"","productionDate":"","purchaseDate":"","releaseDate":"","review":"","reviews":"","sameAs":"","sku":"","slogan":"","subjectOf":"","url":"","weight":"","width":""}},"acf":[],"yoast_head":"<!-- This site is optimized with the Yoast SEO plugin v27.4 - https:\/\/yoast.com\/product\/yoast-seo-wordpress\/ -->\n<title>Appy Pie: recensione software intelligenza artificiale - Accurate Reviews<\/title>\n<meta name=\"description\" content=\"Appy Pie: recensione software di sviluppo senza codice che consente alle aziende di creare app, siti web e chatbot senza alcuna codifica.\" \/>\n<meta name=\"robots\" content=\"index, follow, max-snippet:-1, max-image-preview:large, max-video-preview:-1\" \/>\n<link rel=\"canonical\" href=\"https:\/\/www.accuratereviews.com\/it\/software-intelligenza-artificiale\/appy-pie-recensione\/\" \/>\n<meta property=\"og:locale\" content=\"it_IT\" \/>\n<meta property=\"og:type\" content=\"article\" \/>\n<meta property=\"og:title\" content=\"Appy Pie: recensione software intelligenza artificiale - Accurate Reviews\" \/>\n<meta property=\"og:description\" content=\"Appy Pie: recensione software di sviluppo senza codice che consente alle aziende di creare app, siti web e chatbot senza alcuna codifica.\" \/>\n<meta property=\"og:url\" content=\"https:\/\/www.accuratereviews.com\/it\/software-intelligenza-artificiale\/appy-pie-recensione\/\" \/>\n<meta property=\"og:site_name\" content=\"Accurate Reviews\" \/>\n<meta property=\"og:image\" content=\"https:\/\/www.accuratereviews.com\/wp-content\/uploads\/2025\/02\/appiepie-420x320-20232004.png\" \/>\n\t<meta property=\"og:image:width\" content=\"420\" \/>\n\t<meta property=\"og:image:height\" content=\"320\" \/>\n\t<meta property=\"og:image:type\" content=\"image\/png\" \/>\n<meta name=\"twitter:card\" content=\"summary_large_image\" \/>\n<meta name=\"twitter:label1\" content=\"Tempo di lettura stimato\" \/>\n\t<meta name=\"twitter:data1\" content=\"5 minuti\" \/>\n<script type=\"application\/ld+json\" class=\"yoast-schema-graph\">{\"@context\":\"https:\\\/\\\/schema.org\",\"@graph\":[{\"@type\":\"WebPage\",\"@id\":\"https:\\\/\\\/www.accuratereviews.com\\\/it\\\/software-intelligenza-artificiale\\\/appy-pie-recensione\\\/\",\"url\":\"https:\\\/\\\/www.accuratereviews.com\\\/it\\\/software-intelligenza-artificiale\\\/appy-pie-recensione\\\/\",\"name\":\"Appy Pie: recensione software intelligenza artificiale - Accurate Reviews\",\"isPartOf\":{\"@id\":\"https:\\\/\\\/www.accuratereviews.com\\\/it\\\/#website\"},\"primaryImageOfPage\":{\"@id\":\"https:\\\/\\\/www.accuratereviews.com\\\/it\\\/software-intelligenza-artificiale\\\/appy-pie-recensione\\\/#primaryimage\"},\"image\":{\"@id\":\"https:\\\/\\\/www.accuratereviews.com\\\/it\\\/software-intelligenza-artificiale\\\/appy-pie-recensione\\\/#primaryimage\"},\"thumbnailUrl\":\"https:\\\/\\\/www.accuratereviews.com\\\/wp-content\\\/uploads\\\/2025\\\/02\\\/appiepie-420x320-20232004.png\",\"datePublished\":\"2025-02-12T17:19:53+00:00\",\"description\":\"Appy Pie: recensione software di sviluppo senza codice che consente alle aziende di creare app, siti web e chatbot senza alcuna codifica.\",\"breadcrumb\":{\"@id\":\"https:\\\/\\\/www.accuratereviews.com\\\/it\\\/software-intelligenza-artificiale\\\/appy-pie-recensione\\\/#breadcrumb\"},\"inLanguage\":\"it-IT\",\"potentialAction\":[{\"@type\":\"ReadAction\",\"target\":[\"https:\\\/\\\/www.accuratereviews.com\\\/it\\\/software-intelligenza-artificiale\\\/appy-pie-recensione\\\/\"]}]},{\"@type\":\"ImageObject\",\"inLanguage\":\"it-IT\",\"@id\":\"https:\\\/\\\/www.accuratereviews.com\\\/it\\\/software-intelligenza-artificiale\\\/appy-pie-recensione\\\/#primaryimage\",\"url\":\"https:\\\/\\\/www.accuratereviews.com\\\/wp-content\\\/uploads\\\/2025\\\/02\\\/appiepie-420x320-20232004.png\",\"contentUrl\":\"https:\\\/\\\/www.accuratereviews.com\\\/wp-content\\\/uploads\\\/2025\\\/02\\\/appiepie-420x320-20232004.png\",\"width\":420,\"height\":320},{\"@type\":\"BreadcrumbList\",\"@id\":\"https:\\\/\\\/www.accuratereviews.com\\\/it\\\/software-intelligenza-artificiale\\\/appy-pie-recensione\\\/#breadcrumb\",\"itemListElement\":[{\"@type\":\"ListItem\",\"position\":1,\"name\":\"Home\",\"item\":\"https:\\\/\\\/www.accuratereviews.com\\\/it\\\/\"},{\"@type\":\"ListItem\",\"position\":2,\"name\":\"Software di intelligenza artificiale\",\"item\":\"https:\\\/\\\/www.accuratereviews.com\\\/it\\\/software-intelligenza-artificiale\\\/\"},{\"@type\":\"ListItem\",\"position\":3,\"name\":\"Appy Pie\"}]},{\"@type\":\"WebSite\",\"@id\":\"https:\\\/\\\/www.accuratereviews.com\\\/it\\\/#website\",\"url\":\"https:\\\/\\\/www.accuratereviews.com\\\/it\\\/\",\"name\":\"Accurate Reviews\",\"description\":\"\",\"potentialAction\":[{\"@type\":\"SearchAction\",\"target\":{\"@type\":\"EntryPoint\",\"urlTemplate\":\"https:\\\/\\\/www.accuratereviews.com\\\/it\\\/?s={search_term_string}\"},\"query-input\":{\"@type\":\"PropertyValueSpecification\",\"valueRequired\":true,\"valueName\":\"search_term_string\"}}],\"inLanguage\":\"it-IT\"}]}<\/script>\n<!-- \/ Yoast SEO plugin. -->","yoast_head_json":{"title":"Appy Pie: recensione software intelligenza artificiale - Accurate Reviews","description":"Appy Pie: recensione software di sviluppo senza codice che consente alle aziende di creare app, siti web e chatbot senza alcuna codifica.","robots":{"index":"index","follow":"follow","max-snippet":"max-snippet:-1","max-image-preview":"max-image-preview:large","max-video-preview":"max-video-preview:-1"},"canonical":"https:\/\/www.accuratereviews.com\/it\/software-intelligenza-artificiale\/appy-pie-recensione\/","og_locale":"it_IT","og_type":"article","og_title":"Appy Pie: recensione software intelligenza artificiale - Accurate Reviews","og_description":"Appy Pie: recensione software di sviluppo senza codice che consente alle aziende di creare app, siti web e chatbot senza alcuna codifica.","og_url":"https:\/\/www.accuratereviews.com\/it\/software-intelligenza-artificiale\/appy-pie-recensione\/","og_site_name":"Accurate Reviews","og_image":[{"width":420,"height":320,"url":"https:\/\/www.accuratereviews.com\/wp-content\/uploads\/2025\/02\/appiepie-420x320-20232004.png","type":"image\/png"}],"twitter_card":"summary_large_image","twitter_misc":{"Tempo di lettura stimato":"5 minuti"},"schema":{"@context":"https:\/\/schema.org","@graph":[{"@type":"WebPage","@id":"https:\/\/www.accuratereviews.com\/it\/software-intelligenza-artificiale\/appy-pie-recensione\/","url":"https:\/\/www.accuratereviews.com\/it\/software-intelligenza-artificiale\/appy-pie-recensione\/","name":"Appy Pie: recensione software intelligenza artificiale - Accurate Reviews","isPartOf":{"@id":"https:\/\/www.accuratereviews.com\/it\/#website"},"primaryImageOfPage":{"@id":"https:\/\/www.accuratereviews.com\/it\/software-intelligenza-artificiale\/appy-pie-recensione\/#primaryimage"},"image":{"@id":"https:\/\/www.accuratereviews.com\/it\/software-intelligenza-artificiale\/appy-pie-recensione\/#primaryimage"},"thumbnailUrl":"https:\/\/www.accuratereviews.com\/wp-content\/uploads\/2025\/02\/appiepie-420x320-20232004.png","datePublished":"2025-02-12T17:19:53+00:00","description":"Appy Pie: recensione software di sviluppo senza codice che consente alle aziende di creare app, siti web e chatbot senza alcuna codifica.","breadcrumb":{"@id":"https:\/\/www.accuratereviews.com\/it\/software-intelligenza-artificiale\/appy-pie-recensione\/#breadcrumb"},"inLanguage":"it-IT","potentialAction":[{"@type":"ReadAction","target":["https:\/\/www.accuratereviews.com\/it\/software-intelligenza-artificiale\/appy-pie-recensione\/"]}]},{"@type":"ImageObject","inLanguage":"it-IT","@id":"https:\/\/www.accuratereviews.com\/it\/software-intelligenza-artificiale\/appy-pie-recensione\/#primaryimage","url":"https:\/\/www.accuratereviews.com\/wp-content\/uploads\/2025\/02\/appiepie-420x320-20232004.png","contentUrl":"https:\/\/www.accuratereviews.com\/wp-content\/uploads\/2025\/02\/appiepie-420x320-20232004.png","width":420,"height":320},{"@type":"BreadcrumbList","@id":"https:\/\/www.accuratereviews.com\/it\/software-intelligenza-artificiale\/appy-pie-recensione\/#breadcrumb","itemListElement":[{"@type":"ListItem","position":1,"name":"Home","item":"https:\/\/www.accuratereviews.com\/it\/"},{"@type":"ListItem","position":2,"name":"Software di intelligenza artificiale","item":"https:\/\/www.accuratereviews.com\/it\/software-intelligenza-artificiale\/"},{"@type":"ListItem","position":3,"name":"Appy Pie"}]},{"@type":"WebSite","@id":"https:\/\/www.accuratereviews.com\/it\/#website","url":"https:\/\/www.accuratereviews.com\/it\/","name":"Accurate Reviews","description":"","potentialAction":[{"@type":"SearchAction","target":{"@type":"EntryPoint","urlTemplate":"https:\/\/www.accuratereviews.com\/it\/?s={search_term_string}"},"query-input":{"@type":"PropertyValueSpecification","valueRequired":true,"valueName":"search_term_string"}}],"inLanguage":"it-IT"}]}},"_links":{"self":[{"href":"https:\/\/www.accuratereviews.com\/it\/wp-json\/wp\/v2\/pages\/85012","targetHints":{"allow":["GET"]}}],"collection":[{"href":"https:\/\/www.accuratereviews.com\/it\/wp-json\/wp\/v2\/pages"}],"about":[{"href":"https:\/\/www.accuratereviews.com\/it\/wp-json\/wp\/v2\/types\/page"}],"author":[{"embeddable":true,"href":"https:\/\/www.accuratereviews.com\/it\/wp-json\/wp\/v2\/users\/19"}],"replies":[{"embeddable":true,"href":"https:\/\/www.accuratereviews.com\/it\/wp-json\/wp\/v2\/comments?post=85012"}],"version-history":[{"count":10,"href":"https:\/\/www.accuratereviews.com\/it\/wp-json\/wp\/v2\/pages\/85012\/revisions"}],"predecessor-version":[{"id":85037,"href":"https:\/\/www.accuratereviews.com\/it\/wp-json\/wp\/v2\/pages\/85012\/revisions\/85037"}],"up":[{"embeddable":true,"href":"https:\/\/www.accuratereviews.com\/it\/wp-json\/wp\/v2\/pages\/79864"}],"wp:featuredmedia":[{"embeddable":true,"href":"https:\/\/www.accuratereviews.com\/it\/wp-json\/wp\/v2\/media\/85015"}],"wp:attachment":[{"href":"https:\/\/www.accuratereviews.com\/it\/wp-json\/wp\/v2\/media?parent=85012"}],"wp:term":[{"taxonomy":"category","embeddable":true,"href":"https:\/\/www.accuratereviews.com\/it\/wp-json\/wp\/v2\/categories?post=85012"},{"taxonomy":"post_tag","embeddable":true,"href":"https:\/\/www.accuratereviews.com\/it\/wp-json\/wp\/v2\/tags?post=85012"},{"taxonomy":"features","embeddable":true,"href":"https:\/\/www.accuratereviews.com\/it\/wp-json\/wp\/v2\/features?post=85012"}],"curies":[{"name":"wp","href":"https:\/\/api.w.org\/{rel}","templated":true}]}}