{"id":85047,"date":"2025-02-14T22:16:12","date_gmt":"2025-02-14T22:16:12","guid":{"rendered":"https:\/\/www.accuratereviews.com\/?page_id=85047"},"modified":"2025-02-14T22:16:12","modified_gmt":"2025-02-14T22:16:12","slug":"writesonic-recensione","status":"publish","type":"page","link":"https:\/\/www.accuratereviews.com\/it\/software-intelligenza-artificiale\/writesonic-recensione\/","title":{"rendered":"Writesonic"},"content":{"rendered":"<p><strong>Writesonic<\/strong> \u00e8 uno strumento di scrittura\u00a0 basato <strong>sull&#8217;intelligenza artificiale<\/strong> per competere con <strong>ChatGPT e Google Bard<\/strong>. \u00c8 efficiente, facile da usare e pu\u00f2 fornire buoni risultati. Mira a consentire a tutti di scrivere e pubblicare ovunque. Semplifica il processo di creazione, modifica e pubblicazione di articoli, post di blog, annunci, landing page, descrizioni di prodotti di ecommerce, post sui social media e molte altre forme di contenuto. Creare testi pubblicitari che non solo catturino l&#8217;attenzione ma che convertano pu\u00f2 essere un compito arduo. Con <strong>Writesonic<\/strong>, puoi semplificare il processo e generare testi pubblicitari accattivanti in pochi clic.<\/p>\n<h2>WRITESONIC &#8211; TUTORIAL<\/h2>\n<div id=\"fluid-wrapper-counter-1\" class=\"g1-fluid-wrapper \" style=\"width:686px;\">\n<div style=\"padding-bottom:56.268221574344%;\"><iframe loading=\"lazy\" title=\"Writesonic Tutorial (Beginner to AI EXPERT in 7 MINUTES)\" width=\"686\" height=\"386\" src=\"https:\/\/www.youtube.com\/embed\/rpePvRdPZPY?feature=oembed&amp;wmode=transparent&amp;autohide=1&amp;autoplay=0&amp;disablekb=0&amp;fs=1&amp;loop=0&amp;enablejsapi=1&amp;rel=0&amp;controls=2&amp;showinfo=0&amp;wmode=transparent&amp;autohide=2&amp;autoplay=0&amp;disablekb=0&amp;fs=1&amp;loop=0&amp;enablejsapi=1&amp;rel=0&amp;controls=2&amp;showinfo=1\" frameborder=\"0\" allow=\"accelerometer; autoplay; clipboard-write; encrypted-media; gyroscope; picture-in-picture; web-share\" referrerpolicy=\"strict-origin-when-cross-origin\" allowfullscreen><\/iframe><\/div>\n<\/div>\n<h2>WRITESONIC &#8211; CARATTERISTICHE<\/h2>\n<ul>\n<li><strong>Approfondimenti in tempo reale e aggiornati:<\/strong> di&#8217; addio ai contenuti obsoleti. Puoi generare immediatamente articoli con le informazioni pi\u00f9 recenti e accurate.<\/li>\n<li><strong>Contenuto verificato<\/strong>: potenzia i tuoi articoli con contenuti accurati e supportati da citazioni. Il fact checker garantisce affidabilit\u00e0 identificando e rimuovendo eventuali inesattezze, rendendo i tuoi contenuti credibili e affidabili.<\/li>\n<li><strong>Analisi avanzata della concorrenza<\/strong>: scopri approfondimenti sulle strategie dei concorrenti con analisi approfondite su conteggi di parole, titoli, argomenti e parole chiave. Utilizza queste conoscenze per perfezionare i tuoi contenuti e assicurarti un posto di rilievo nelle classifiche di ricerca.<\/li>\n<li><strong>Ricerca deep web<\/strong>: immergiti nel web per una ricerca senza pari, scoprendo approfondimenti e dati per arricchire i tuoi contenuti. Esalta i tuoi articoli con profondit\u00e0 e pertinenza che ti distinguono.<\/li>\n<li><strong>Crea contenuti dai tuoi documenti<\/strong>: carica i tuoi documenti e guarda come la soluzione li trasforma in articoli nuovi e coinvolgenti. Sfrutta le tue conoscenze per potenziare nuovi articoli che aumentano il tuo punteggio E-E-A-T.<\/li>\n<li><strong>Collegamento interno a livello di dominio<\/strong>: mantieni i lettori coinvolti e sul tuo sito pi\u00f9 a lungo. AI automatizza il collegamento interno, rafforzando la tua SEO e migliorando la navigazione.<\/li>\n<li><strong>Personalizza la lunghezza dell&#8217;articolo<\/strong>: che si tratti di una panoramica concisa di 500 parole o di un&#8217;analisi approfondita di 5000 parole, personalizza la lunghezza del tuo articolo in base alle tue esigenze con una flessibilit\u00e0 senza pari.<\/li>\n<li><strong>Crea articoli ottimizzati per la SEO e scala le SERP<\/strong>: dall&#8217;integrazione delle parole chiave all&#8217;analisi della concorrenza, i tuoi contenuti non sono solo scritti, sono ottimizzati. Il SEO Checker integrato assicura che il tuo articolo si classifichi in modo impressionante come viene letto.<\/li>\n<li><strong>Personalizzazione della voce e dello stile del marchio<\/strong>: genera articoli allineati alla voce del tuo marchio senza sforzo. Il software si adatta alle tue preferenze di stile, garantendo coerenza e autenticit\u00e0 in tutti i tuoi contenuti.<\/li>\n<li><strong>Scrivi in \u200b\u200boltre 30 lingue<\/strong>: abbatti le barriere linguistiche e connettiti con un pubblico pi\u00f9 ampio. AI\u00a0 supporta la creazione di contenuti in pi\u00f9 lingue.<\/li>\n<li><strong>Generazione automatica di immagini<\/strong>: non c&#8217;\u00e8 bisogno di una ricerca di immagini separata. Genera immagini accattivanti che completano il tuo testo per un&#8217;esperienza di lettura coinvolgente, il tutto all&#8217;interno dello stesso flusso di lavoro.<\/li>\n<\/ul>\n<h4>LE RECENSIONI DEGLI UTENTI<\/h4>\n<p><strong>Stefano &#8220;OTTIMO PRODOTTO&#8221;<\/strong><br \/>\n<strong>Pro<\/strong>: le immagini generate sono molto vicine alla mia idea di quello che volevo e la qualit\u00e0 de download risulta ottima per i contenuti sui social<br \/>\n<strong>Contro<\/strong>: la generazione di foto d photosonic e ottima.<\/p>\n<p><strong>Reynardt &#8220;Soluzioni e modelli di scrittura AI potenti e ampi&#8221;<\/strong><br \/>\n<strong>Commenti<\/strong>: Probabilmente lo strumento di scrittura pi\u00f9 avanzato che abbiamo mai incontrato.<br \/>\n<strong>Pro<\/strong>: Moduli di integrazione multipli e antiplagio.<br \/>\n<strong>Contro<\/strong>: Il prezzo \u00e8 piuttosto alto, ma decisamente pi\u00f9 economico rispetto ad altri.<\/p>\n<p><strong>Rishabh &#8220;Impressionante strumento di scrittura AI&#8221;<\/strong><br \/>\n<strong>Commenti<\/strong>: Nel complesso, la mia esperienza con Writesonic \u00e8 stata eccellente. \u00c8 uno strumento affidabile per creatori di contenuti, addetti al marketing e chiunque abbia bisogno di produrre contenuti scritti in modo efficiente. Anche l&#8217;assistenza clienti \u00e8 reattiva e utile.<br \/>\n<strong>Pro<\/strong>: La capacit\u00e0 di Writesonic di generare rapidamente contenuti di alta qualit\u00e0 e coinvolgenti \u00e8 davvero impressionante. L&#8217;interfaccia intuitiva e l&#8217;ampia gamma di modelli semplificano la creazione di qualsiasi cosa, dai post del blog ai testi pubblicitari. Le sue capacit\u00e0 di intelligenza artificiale consentono di risparmiare molto tempo e fatica, migliorando la produttivit\u00e0.<br \/>\n<strong>Contro<\/strong>: L&#8217;unico inconveniente che ho trovato \u00e8 che alcuni argomenti specializzati potrebbero richiedere ulteriori modifiche per garantire accuratezza e pertinenza. Tuttavia, questo \u00e8 un problema minore rispetto ai vantaggi complessivi.<\/p>\n","protected":false},"excerpt":{"rendered":"<p>Writesonic \u00e8 uno strumento di scrittura, basato sull&#8217;intelligenza artificiale, che compete con ChatGPT e Google Bard. \u00c8 efficiente, facile da usare e pu\u00f2 fornire buoni risultati. Mira a consentire a tutti di scrivere e pubblicare ovunque. Semplifica il processo di creazione, modifica e pubblicazione di articoli, post di blog, annunci, landing page, descrizioni di prodotti di ecommerce, post sui social media e molte altre forme di contenuto.<\/p>\n","protected":false},"author":19,"featured_media":85048,"parent":79864,"menu_order":0,"comment_status":"open","ping_status":"closed","template":"g1_template_page_review_new.php","meta":{"_acf_changed":false,"cwp_meta_box_check":"No","cwp_rev_product_name":"","cwp_rev_product_image":"","wppr_links":[],"cwp_rev_price":"","wppr_options":[],"wppr_pros":[],"wppr_cons":[],"_monsterinsights_skip_tracking":false,"_monsterinsights_sitenote_active":false,"_monsterinsights_sitenote_note":"","_monsterinsights_sitenote_category":0,"footnotes":""},"categories":[15435],"tags":[997,998,15441,15771,15479,15480,15804],"features":[],"class_list":{"0":"post-85047","1":"page","2":"type-page","3":"status-publish","4":"has-post-thumbnail","6":"category-software-intelligenza-artificiale-cat","7":"tag-ai","8":"tag-intelligenza-artificiale","9":"tag-piattaforma-intelligenza-artificiale","10":"tag-programma-intelligenza-artficiale","11":"tag-software-intelligenza-artificiale","12":"tag-soluzione-intelligenza-artificiale","13":"tag-writesonic"},"wppr_data":{"cwp_meta_box_check":"No"},"acf":[],"yoast_head":"<!-- This site is optimized with the Yoast SEO plugin v27.4 - https:\/\/yoast.com\/product\/yoast-seo-wordpress\/ -->\n<title>Writesonic: recensione software intelligenza artificiale - Accurate Reviews<\/title>\n<meta name=\"description\" content=\"Writesonic: recensione strumento di scrittura, basato sull&#039;intelligenza artificiale, sviluppato per competere con ChatGPT e Google Bard.\" \/>\n<meta name=\"robots\" content=\"index, follow, max-snippet:-1, max-image-preview:large, max-video-preview:-1\" \/>\n<link rel=\"canonical\" href=\"https:\/\/www.accuratereviews.com\/it\/software-intelligenza-artificiale\/writesonic-recensione\/\" \/>\n<meta property=\"og:locale\" content=\"it_IT\" \/>\n<meta property=\"og:type\" content=\"article\" \/>\n<meta property=\"og:title\" content=\"Writesonic: recensione software intelligenza artificiale - Accurate Reviews\" \/>\n<meta property=\"og:description\" content=\"Writesonic: recensione strumento di scrittura, basato sull&#039;intelligenza artificiale, sviluppato per competere con ChatGPT e Google Bard.\" \/>\n<meta property=\"og:url\" content=\"https:\/\/www.accuratereviews.com\/it\/software-intelligenza-artificiale\/writesonic-recensione\/\" \/>\n<meta property=\"og:site_name\" content=\"Accurate Reviews\" \/>\n<meta property=\"og:image\" content=\"https:\/\/www.accuratereviews.com\/wp-content\/uploads\/2025\/02\/WRITESONIC.webp\" \/>\n\t<meta property=\"og:image:width\" content=\"600\" \/>\n\t<meta property=\"og:image:height\" content=\"315\" \/>\n\t<meta property=\"og:image:type\" content=\"image\/webp\" \/>\n<meta name=\"twitter:card\" content=\"summary_large_image\" \/>\n<meta name=\"twitter:label1\" content=\"Tempo di lettura stimato\" \/>\n\t<meta name=\"twitter:data1\" content=\"5 minuti\" \/>\n<script type=\"application\/ld+json\" class=\"yoast-schema-graph\">{\"@context\":\"https:\\\/\\\/schema.org\",\"@graph\":[{\"@type\":\"WebPage\",\"@id\":\"https:\\\/\\\/www.accuratereviews.com\\\/it\\\/software-intelligenza-artificiale\\\/writesonic-recensione\\\/\",\"url\":\"https:\\\/\\\/www.accuratereviews.com\\\/it\\\/software-intelligenza-artificiale\\\/writesonic-recensione\\\/\",\"name\":\"Writesonic: recensione software intelligenza artificiale - Accurate Reviews\",\"isPartOf\":{\"@id\":\"https:\\\/\\\/www.accuratereviews.com\\\/it\\\/#website\"},\"primaryImageOfPage\":{\"@id\":\"https:\\\/\\\/www.accuratereviews.com\\\/it\\\/software-intelligenza-artificiale\\\/writesonic-recensione\\\/#primaryimage\"},\"image\":{\"@id\":\"https:\\\/\\\/www.accuratereviews.com\\\/it\\\/software-intelligenza-artificiale\\\/writesonic-recensione\\\/#primaryimage\"},\"thumbnailUrl\":\"https:\\\/\\\/www.accuratereviews.com\\\/wp-content\\\/uploads\\\/2025\\\/02\\\/WRITESONIC.webp\",\"datePublished\":\"2025-02-14T22:16:12+00:00\",\"description\":\"Writesonic: recensione strumento di scrittura, basato sull'intelligenza artificiale, sviluppato per competere con ChatGPT e Google Bard.\",\"breadcrumb\":{\"@id\":\"https:\\\/\\\/www.accuratereviews.com\\\/it\\\/software-intelligenza-artificiale\\\/writesonic-recensione\\\/#breadcrumb\"},\"inLanguage\":\"it-IT\",\"potentialAction\":[{\"@type\":\"ReadAction\",\"target\":[\"https:\\\/\\\/www.accuratereviews.com\\\/it\\\/software-intelligenza-artificiale\\\/writesonic-recensione\\\/\"]}]},{\"@type\":\"ImageObject\",\"inLanguage\":\"it-IT\",\"@id\":\"https:\\\/\\\/www.accuratereviews.com\\\/it\\\/software-intelligenza-artificiale\\\/writesonic-recensione\\\/#primaryimage\",\"url\":\"https:\\\/\\\/www.accuratereviews.com\\\/wp-content\\\/uploads\\\/2025\\\/02\\\/WRITESONIC.webp\",\"contentUrl\":\"https:\\\/\\\/www.accuratereviews.com\\\/wp-content\\\/uploads\\\/2025\\\/02\\\/WRITESONIC.webp\",\"width\":600,\"height\":315},{\"@type\":\"BreadcrumbList\",\"@id\":\"https:\\\/\\\/www.accuratereviews.com\\\/it\\\/software-intelligenza-artificiale\\\/writesonic-recensione\\\/#breadcrumb\",\"itemListElement\":[{\"@type\":\"ListItem\",\"position\":1,\"name\":\"Home\",\"item\":\"https:\\\/\\\/www.accuratereviews.com\\\/it\\\/\"},{\"@type\":\"ListItem\",\"position\":2,\"name\":\"Software di intelligenza artificiale\",\"item\":\"https:\\\/\\\/www.accuratereviews.com\\\/it\\\/software-intelligenza-artificiale\\\/\"},{\"@type\":\"ListItem\",\"position\":3,\"name\":\"Writesonic\"}]},{\"@type\":\"WebSite\",\"@id\":\"https:\\\/\\\/www.accuratereviews.com\\\/it\\\/#website\",\"url\":\"https:\\\/\\\/www.accuratereviews.com\\\/it\\\/\",\"name\":\"Accurate Reviews\",\"description\":\"\",\"potentialAction\":[{\"@type\":\"SearchAction\",\"target\":{\"@type\":\"EntryPoint\",\"urlTemplate\":\"https:\\\/\\\/www.accuratereviews.com\\\/it\\\/?s={search_term_string}\"},\"query-input\":{\"@type\":\"PropertyValueSpecification\",\"valueRequired\":true,\"valueName\":\"search_term_string\"}}],\"inLanguage\":\"it-IT\"}]}<\/script>\n<!-- \/ Yoast SEO plugin. -->","yoast_head_json":{"title":"Writesonic: recensione software intelligenza artificiale - Accurate Reviews","description":"Writesonic: recensione strumento di scrittura, basato sull'intelligenza artificiale, sviluppato per competere con ChatGPT e Google Bard.","robots":{"index":"index","follow":"follow","max-snippet":"max-snippet:-1","max-image-preview":"max-image-preview:large","max-video-preview":"max-video-preview:-1"},"canonical":"https:\/\/www.accuratereviews.com\/it\/software-intelligenza-artificiale\/writesonic-recensione\/","og_locale":"it_IT","og_type":"article","og_title":"Writesonic: recensione software intelligenza artificiale - Accurate Reviews","og_description":"Writesonic: recensione strumento di scrittura, basato sull'intelligenza artificiale, sviluppato per competere con ChatGPT e Google Bard.","og_url":"https:\/\/www.accuratereviews.com\/it\/software-intelligenza-artificiale\/writesonic-recensione\/","og_site_name":"Accurate Reviews","og_image":[{"width":600,"height":315,"url":"https:\/\/www.accuratereviews.com\/wp-content\/uploads\/2025\/02\/WRITESONIC.webp","type":"image\/webp"}],"twitter_card":"summary_large_image","twitter_misc":{"Tempo di lettura stimato":"5 minuti"},"schema":{"@context":"https:\/\/schema.org","@graph":[{"@type":"WebPage","@id":"https:\/\/www.accuratereviews.com\/it\/software-intelligenza-artificiale\/writesonic-recensione\/","url":"https:\/\/www.accuratereviews.com\/it\/software-intelligenza-artificiale\/writesonic-recensione\/","name":"Writesonic: recensione software intelligenza artificiale - Accurate Reviews","isPartOf":{"@id":"https:\/\/www.accuratereviews.com\/it\/#website"},"primaryImageOfPage":{"@id":"https:\/\/www.accuratereviews.com\/it\/software-intelligenza-artificiale\/writesonic-recensione\/#primaryimage"},"image":{"@id":"https:\/\/www.accuratereviews.com\/it\/software-intelligenza-artificiale\/writesonic-recensione\/#primaryimage"},"thumbnailUrl":"https:\/\/www.accuratereviews.com\/wp-content\/uploads\/2025\/02\/WRITESONIC.webp","datePublished":"2025-02-14T22:16:12+00:00","description":"Writesonic: recensione strumento di scrittura, basato sull'intelligenza artificiale, sviluppato per competere con ChatGPT e Google Bard.","breadcrumb":{"@id":"https:\/\/www.accuratereviews.com\/it\/software-intelligenza-artificiale\/writesonic-recensione\/#breadcrumb"},"inLanguage":"it-IT","potentialAction":[{"@type":"ReadAction","target":["https:\/\/www.accuratereviews.com\/it\/software-intelligenza-artificiale\/writesonic-recensione\/"]}]},{"@type":"ImageObject","inLanguage":"it-IT","@id":"https:\/\/www.accuratereviews.com\/it\/software-intelligenza-artificiale\/writesonic-recensione\/#primaryimage","url":"https:\/\/www.accuratereviews.com\/wp-content\/uploads\/2025\/02\/WRITESONIC.webp","contentUrl":"https:\/\/www.accuratereviews.com\/wp-content\/uploads\/2025\/02\/WRITESONIC.webp","width":600,"height":315},{"@type":"BreadcrumbList","@id":"https:\/\/www.accuratereviews.com\/it\/software-intelligenza-artificiale\/writesonic-recensione\/#breadcrumb","itemListElement":[{"@type":"ListItem","position":1,"name":"Home","item":"https:\/\/www.accuratereviews.com\/it\/"},{"@type":"ListItem","position":2,"name":"Software di intelligenza artificiale","item":"https:\/\/www.accuratereviews.com\/it\/software-intelligenza-artificiale\/"},{"@type":"ListItem","position":3,"name":"Writesonic"}]},{"@type":"WebSite","@id":"https:\/\/www.accuratereviews.com\/it\/#website","url":"https:\/\/www.accuratereviews.com\/it\/","name":"Accurate Reviews","description":"","potentialAction":[{"@type":"SearchAction","target":{"@type":"EntryPoint","urlTemplate":"https:\/\/www.accuratereviews.com\/it\/?s={search_term_string}"},"query-input":{"@type":"PropertyValueSpecification","valueRequired":true,"valueName":"search_term_string"}}],"inLanguage":"it-IT"}]}},"_links":{"self":[{"href":"https:\/\/www.accuratereviews.com\/it\/wp-json\/wp\/v2\/pages\/85047","targetHints":{"allow":["GET"]}}],"collection":[{"href":"https:\/\/www.accuratereviews.com\/it\/wp-json\/wp\/v2\/pages"}],"about":[{"href":"https:\/\/www.accuratereviews.com\/it\/wp-json\/wp\/v2\/types\/page"}],"author":[{"embeddable":true,"href":"https:\/\/www.accuratereviews.com\/it\/wp-json\/wp\/v2\/users\/19"}],"replies":[{"embeddable":true,"href":"https:\/\/www.accuratereviews.com\/it\/wp-json\/wp\/v2\/comments?post=85047"}],"version-history":[{"count":8,"href":"https:\/\/www.accuratereviews.com\/it\/wp-json\/wp\/v2\/pages\/85047\/revisions"}],"predecessor-version":[{"id":85094,"href":"https:\/\/www.accuratereviews.com\/it\/wp-json\/wp\/v2\/pages\/85047\/revisions\/85094"}],"up":[{"embeddable":true,"href":"https:\/\/www.accuratereviews.com\/it\/wp-json\/wp\/v2\/pages\/79864"}],"wp:featuredmedia":[{"embeddable":true,"href":"https:\/\/www.accuratereviews.com\/it\/wp-json\/wp\/v2\/media\/85048"}],"wp:attachment":[{"href":"https:\/\/www.accuratereviews.com\/it\/wp-json\/wp\/v2\/media?parent=85047"}],"wp:term":[{"taxonomy":"category","embeddable":true,"href":"https:\/\/www.accuratereviews.com\/it\/wp-json\/wp\/v2\/categories?post=85047"},{"taxonomy":"post_tag","embeddable":true,"href":"https:\/\/www.accuratereviews.com\/it\/wp-json\/wp\/v2\/tags?post=85047"},{"taxonomy":"features","embeddable":true,"href":"https:\/\/www.accuratereviews.com\/it\/wp-json\/wp\/v2\/features?post=85047"}],"curies":[{"name":"wp","href":"https:\/\/api.w.org\/{rel}","templated":true}]}}