{"id":85338,"date":"2025-02-25T19:14:38","date_gmt":"2025-02-25T19:14:38","guid":{"rendered":"https:\/\/www.accuratereviews.com\/?page_id=85338"},"modified":"2025-03-26T07:10:07","modified_gmt":"2025-03-26T07:10:07","slug":"capboard-recensione","status":"publish","type":"page","link":"https:\/\/www.accuratereviews.com\/it\/software-gestione-finanze\/capboard-recensione\/","title":{"rendered":"Capboard"},"content":{"rendered":"<p><strong>Capboard<\/strong> \u00e8 uno strumento di <strong>gestione di azioni e investitori<\/strong> che pu\u00f2 essere adattato a tutti i paesi e valute d&#8217;affari. Pu\u00f2 essere utilizzato per digitalizzare tabelle di capitalizzazione, proiezioni, piani azionari e altro ancora. Lo strumento pu\u00f2 essere utilizzato per condividere e archiviare aggiornamenti mensili, documenti di raccolta fondi e documenti di due diligence.<br \/>\nInoltre, <strong>Capboard<\/strong> fornisce una panoramica del portafoglio con dettagli sulle prestazioni finanziarie per gli investitori. Fornisce anche funzionalit\u00e0 per le relazioni con gli investitori, la gestione dei documenti e la visibilit\u00e0 ESOP.<\/p>\n<h2>CAPBOARD &#8211; TUTORIAL<\/h2>\n<div id=\"fluid-wrapper-counter-1\" class=\"g1-fluid-wrapper \" style=\"width:686px;\">\n<div style=\"padding-bottom:56.268221574344%;\"><iframe loading=\"lazy\" title=\"ESOPS Amelie 23 01 2024\" width=\"515\" height=\"386\" src=\"https:\/\/www.youtube.com\/embed\/-miAzTy5S5Y?feature=oembed&amp;wmode=transparent&amp;autohide=1&amp;autoplay=0&amp;disablekb=0&amp;fs=1&amp;loop=0&amp;enablejsapi=1&amp;rel=0&amp;controls=2&amp;showinfo=0&amp;wmode=transparent&amp;autohide=2&amp;autoplay=0&amp;disablekb=0&amp;fs=1&amp;loop=0&amp;enablejsapi=1&amp;rel=0&amp;controls=2&amp;showinfo=1\" frameborder=\"0\" allow=\"accelerometer; autoplay; clipboard-write; encrypted-media; gyroscope; picture-in-picture; web-share\" referrerpolicy=\"strict-origin-when-cross-origin\" allowfullscreen><\/iframe><\/div>\n<\/div>\n<h3>CAPBOARD &#8211; CARATTERISTICHE<\/h3>\n<ul>\n<li><strong>Gestione azionaria senza sforzo<\/strong>: semplifica la gestione dei piani azionari offrendo una piattaforma intuitiva per monitorare tabelle di capitalizzazione, sovvenzioni e calendari di acquisizione. Automatizza le attivit\u00e0 amministrative, genera report e garantisce un monitoraggio accurato della propriet\u00e0 azionaria.<\/li>\n<li><strong>Raccolta fondi e gestione degli investitori:<\/strong>\u00a0fornisce strumenti per la gestione di round di raccolta fondi e relazioni con gli investitori. Le aziende possono creare aggiornamenti per gli investitori, condividere documenti in modo sicuro e monitorare gli impegni degli investitori, semplificando la comunicazione e il coinvolgimento.<\/li>\n<li><strong>Calcoli di diluizione azionaria<\/strong>: la soluzione include un calcolatore di diluizione azionaria che consente agli utenti di modificare e simulare l&#8217;impatto di futuri round di raccolta fondi sulla propriet\u00e0 azionaria. Gli utenti possono prendere decisioni informate sulla raccolta fondi e ottenere informazioni sulla potenziale diluizione azionaria.<\/li>\n<li><strong>Archivio documenti e conformit\u00e0<\/strong>: offre un archivio documenti sicuro in cui le aziende possono archiviare e organizzare importanti documenti legali e finanziari. Facilita la condivisione sicura dei documenti con le parti interessate e aiuta le aziende a mantenere la conformit\u00e0 normativa.<\/li>\n<li><strong>Visibilit\u00e0 e gestione ESOP<\/strong>: presenta funzionalit\u00e0 su misura per la gestione dei piani di stock option per i dipendenti (ESOP). Fornisce trasparenza ai dipendenti per visualizzare e gestire le proprie stock option, garantendo la conformit\u00e0 alle normative ESOP.<\/li>\n<li><strong>Relazioni con gli investitori<\/strong>: migliora la comunicazione con gli investitori fornendo visibilit\u00e0 sulla loro propriet\u00e0. Gli investitori possono accedere alla piattaforma per rimanere informati sui propri investimenti. Capboard facilita un reporting efficace per gli investitori, aggiornamenti regolari e una gestione centralizzata delle relazioni con gli investitori.<\/li>\n<li><strong>Data Room<\/strong>: include una data room virtuale per caricare e condividere documenti in modo sicuro. Gli utenti possono monitorare l&#8217;accesso ai documenti e mantenere la privacy e il controllo sulla condivisione dei file.<\/li>\n<li><strong>Aggiornamenti via email:<\/strong> consente agli utenti di inviare aggiornamenti agli investitori tramite email. Gli utenti possono personalizzare il contenuto con opzioni di formattazione e monitorare il coinvolgimento tramite tassi di apertura, clic e tempo di lettura.<\/li>\n<\/ul>\n<h4>LE RECENSIONI DEGLI UTENTI<\/h4>\n<p><strong>John &#8220;Prodotto straordinario.&#8221;<\/strong><br \/>\n<strong>Commenti<\/strong>: non voglio diluire la propriet\u00e0 della mia azienda, ma il cap-board mi ha aiutato a tenere traccia del mio controllo sull&#8217;azienda.<br \/>\n<strong>Pro<\/strong>: mi \u00e8 piaciuto il modo in cui \u00e8 stato facile navigare tra le sue funzionalit\u00e0, il che mi ha aiutato a tenere traccia del valore della mia azienda, delle azioni e dei potenziali investimenti.<br \/>\n<strong>Contro<\/strong>: s\u00ec, alcune funzionalit\u00e0 non sono facili da aggirare e suggerirebbero pi\u00f9 tutorial.<\/p>\n<p><strong>Alina &#8220;Era una buona opzione, ma non vedo miglioramento dopo l&#8217;aumento di prezzo&#8221;<\/strong><br \/>\n<strong>Pro<\/strong>: facile da gestire. Bella interfaccia. Funziona bene con diverse opzioni di equity: noi utilizziamo phantom equity, per cui non molte altre piattaforme hanno una funzionalit\u00e0 specifica, ma Capboard s\u00ec. Funzionalit\u00e0 decenti, tra cui modelli di documenti personalizzati + firma.<br \/>\n<strong>Contro<\/strong>: aumento di prezzo di 4 volte alla fine dell&#8217;anno scorso. Era un&#8217;opzione pi\u00f9 conveniente, motivo per cui l&#8217;abbiamo scelta, ma ora \u00e8 l\u00ec con i principali concorrenti, quindi penso che avremmo potuto semplicemente scegliere un prodotto pi\u00f9 noto.<\/p>\n<p><strong>Dash &#8220;Molto soddisfatto&#8221;<\/strong><br \/>\n<strong>Commenti<\/strong>: Nel complesso siamo rimasti davvero soddisfatti del servizio e della piattaforma. Il team \u00e8 andato ben oltre e ha reso facili molte cose che avrebbero potuto essere molto difficili.<br \/>\n<strong>Pro<\/strong>: Il supporto \u00e8 stato fantastico! La piattaforma \u00e8 facile da usare e anche veloce da implementare.<br \/>\n<strong>Contro<\/strong>: Alcune funzionalit\u00e0 potrebbero essere automatizzate. Come i documenti depositati dall&#8217;HMRC e dal SEIS.<\/p>\n","protected":false},"excerpt":{"rendered":"<p>Capboard \u00e8 uno strumento di gestione di azioni e investitori che pu\u00f2 essere adattato a tutti i paesi e valute d&#8217;affari. Pu\u00f2 essere utilizzato per digitalizzare tabelle di capitalizzazione, proiezioni, piani azionari e altro ancora. Lo strumento pu\u00f2 essere utilizzato per condividere e archiviare aggiornamenti mensili, documenti di raccolta fondi e documenti di due diligence.<\/p>\n","protected":false},"author":19,"featured_media":85340,"parent":85135,"menu_order":0,"comment_status":"open","ping_status":"closed","template":"g1_template_page_review_new.php","meta":{"_acf_changed":false,"cwp_meta_box_check":"No","cwp_rev_product_name":"","cwp_rev_product_image":"","wppr_links":[],"cwp_rev_price":"","wppr_options":[],"wppr_pros":[],"wppr_cons":[],"_monsterinsights_skip_tracking":false,"_monsterinsights_sitenote_active":false,"_monsterinsights_sitenote_note":"","_monsterinsights_sitenote_category":0,"footnotes":""},"categories":[15812],"tags":[15854,15815,15817,15823,15821,15822],"features":[],"class_list":{"0":"post-85338","1":"page","2":"type-page","3":"status-publish","4":"has-post-thumbnail","6":"category-software-per-gestione-finanze-cat","7":"tag-capboard","8":"tag-gestione-finanze","9":"tag-piattaforma-gestione-finanze","10":"tag-programma-gestione-finanze","11":"tag-software-gestione-finanze","12":"tag-soluzione-gestione-finanze"},"wppr_data":{"cwp_meta_box_check":"No"},"acf":[],"yoast_head":"<!-- This site is optimized with the Yoast SEO plugin v27.4 - https:\/\/yoast.com\/product\/yoast-seo-wordpress\/ -->\n<title>Capboard: recensione software gestione finanze - Accurate Reviews<\/title>\n<meta name=\"description\" content=\"Capboard: recensione strumento di gestione di azioni e investitori che pu\u00f2 essere adattato a tutti i paesi e valute d&#039;affari.\" \/>\n<meta name=\"robots\" content=\"index, follow, max-snippet:-1, max-image-preview:large, max-video-preview:-1\" \/>\n<link rel=\"canonical\" href=\"https:\/\/www.accuratereviews.com\/it\/software-gestione-finanze\/capboard-recensione\/\" \/>\n<meta property=\"og:locale\" content=\"it_IT\" \/>\n<meta property=\"og:type\" content=\"article\" \/>\n<meta property=\"og:title\" content=\"Capboard: recensione software gestione finanze - Accurate Reviews\" \/>\n<meta property=\"og:description\" content=\"Capboard: recensione strumento di gestione di azioni e investitori che pu\u00f2 essere adattato a tutti i paesi e valute d&#039;affari.\" \/>\n<meta property=\"og:url\" content=\"https:\/\/www.accuratereviews.com\/it\/software-gestione-finanze\/capboard-recensione\/\" \/>\n<meta property=\"og:site_name\" content=\"Accurate Reviews\" \/>\n<meta property=\"article:modified_time\" content=\"2025-03-26T07:10:07+00:00\" \/>\n<meta property=\"og:image\" content=\"https:\/\/www.accuratereviews.com\/wp-content\/uploads\/2025\/02\/Capboard.png\" \/>\n\t<meta property=\"og:image:width\" content=\"946\" \/>\n\t<meta property=\"og:image:height\" content=\"358\" \/>\n\t<meta property=\"og:image:type\" content=\"image\/png\" \/>\n<meta name=\"twitter:card\" content=\"summary_large_image\" \/>\n<meta name=\"twitter:label1\" content=\"Tempo di lettura stimato\" \/>\n\t<meta name=\"twitter:data1\" content=\"5 minuti\" \/>\n<script type=\"application\/ld+json\" class=\"yoast-schema-graph\">{\"@context\":\"https:\\\/\\\/schema.org\",\"@graph\":[{\"@type\":\"WebPage\",\"@id\":\"https:\\\/\\\/www.accuratereviews.com\\\/it\\\/software-gestione-finanze\\\/capboard-recensione\\\/\",\"url\":\"https:\\\/\\\/www.accuratereviews.com\\\/it\\\/software-gestione-finanze\\\/capboard-recensione\\\/\",\"name\":\"Capboard: recensione software gestione finanze - Accurate Reviews\",\"isPartOf\":{\"@id\":\"https:\\\/\\\/www.accuratereviews.com\\\/it\\\/#website\"},\"primaryImageOfPage\":{\"@id\":\"https:\\\/\\\/www.accuratereviews.com\\\/it\\\/software-gestione-finanze\\\/capboard-recensione\\\/#primaryimage\"},\"image\":{\"@id\":\"https:\\\/\\\/www.accuratereviews.com\\\/it\\\/software-gestione-finanze\\\/capboard-recensione\\\/#primaryimage\"},\"thumbnailUrl\":\"https:\\\/\\\/www.accuratereviews.com\\\/wp-content\\\/uploads\\\/2025\\\/02\\\/Capboard.png\",\"datePublished\":\"2025-02-25T19:14:38+00:00\",\"dateModified\":\"2025-03-26T07:10:07+00:00\",\"description\":\"Capboard: recensione strumento di gestione di azioni e investitori che pu\u00f2 essere adattato a tutti i paesi e valute d'affari.\",\"breadcrumb\":{\"@id\":\"https:\\\/\\\/www.accuratereviews.com\\\/it\\\/software-gestione-finanze\\\/capboard-recensione\\\/#breadcrumb\"},\"inLanguage\":\"it-IT\",\"potentialAction\":[{\"@type\":\"ReadAction\",\"target\":[\"https:\\\/\\\/www.accuratereviews.com\\\/it\\\/software-gestione-finanze\\\/capboard-recensione\\\/\"]}]},{\"@type\":\"ImageObject\",\"inLanguage\":\"it-IT\",\"@id\":\"https:\\\/\\\/www.accuratereviews.com\\\/it\\\/software-gestione-finanze\\\/capboard-recensione\\\/#primaryimage\",\"url\":\"https:\\\/\\\/www.accuratereviews.com\\\/wp-content\\\/uploads\\\/2025\\\/02\\\/Capboard.png\",\"contentUrl\":\"https:\\\/\\\/www.accuratereviews.com\\\/wp-content\\\/uploads\\\/2025\\\/02\\\/Capboard.png\",\"width\":946,\"height\":358},{\"@type\":\"BreadcrumbList\",\"@id\":\"https:\\\/\\\/www.accuratereviews.com\\\/it\\\/software-gestione-finanze\\\/capboard-recensione\\\/#breadcrumb\",\"itemListElement\":[{\"@type\":\"ListItem\",\"position\":1,\"name\":\"Home\",\"item\":\"https:\\\/\\\/www.accuratereviews.com\\\/it\\\/\"},{\"@type\":\"ListItem\",\"position\":2,\"name\":\"Software per gestione finanze\",\"item\":\"https:\\\/\\\/www.accuratereviews.com\\\/it\\\/software-gestione-finanze\\\/\"},{\"@type\":\"ListItem\",\"position\":3,\"name\":\"Capboard\"}]},{\"@type\":\"WebSite\",\"@id\":\"https:\\\/\\\/www.accuratereviews.com\\\/it\\\/#website\",\"url\":\"https:\\\/\\\/www.accuratereviews.com\\\/it\\\/\",\"name\":\"Accurate Reviews\",\"description\":\"\",\"potentialAction\":[{\"@type\":\"SearchAction\",\"target\":{\"@type\":\"EntryPoint\",\"urlTemplate\":\"https:\\\/\\\/www.accuratereviews.com\\\/it\\\/?s={search_term_string}\"},\"query-input\":{\"@type\":\"PropertyValueSpecification\",\"valueRequired\":true,\"valueName\":\"search_term_string\"}}],\"inLanguage\":\"it-IT\"}]}<\/script>\n<!-- \/ Yoast SEO plugin. -->","yoast_head_json":{"title":"Capboard: recensione software gestione finanze - Accurate Reviews","description":"Capboard: recensione strumento di gestione di azioni e investitori che pu\u00f2 essere adattato a tutti i paesi e valute d'affari.","robots":{"index":"index","follow":"follow","max-snippet":"max-snippet:-1","max-image-preview":"max-image-preview:large","max-video-preview":"max-video-preview:-1"},"canonical":"https:\/\/www.accuratereviews.com\/it\/software-gestione-finanze\/capboard-recensione\/","og_locale":"it_IT","og_type":"article","og_title":"Capboard: recensione software gestione finanze - Accurate Reviews","og_description":"Capboard: recensione strumento di gestione di azioni e investitori che pu\u00f2 essere adattato a tutti i paesi e valute d'affari.","og_url":"https:\/\/www.accuratereviews.com\/it\/software-gestione-finanze\/capboard-recensione\/","og_site_name":"Accurate Reviews","article_modified_time":"2025-03-26T07:10:07+00:00","og_image":[{"width":946,"height":358,"url":"https:\/\/www.accuratereviews.com\/wp-content\/uploads\/2025\/02\/Capboard.png","type":"image\/png"}],"twitter_card":"summary_large_image","twitter_misc":{"Tempo di lettura stimato":"5 minuti"},"schema":{"@context":"https:\/\/schema.org","@graph":[{"@type":"WebPage","@id":"https:\/\/www.accuratereviews.com\/it\/software-gestione-finanze\/capboard-recensione\/","url":"https:\/\/www.accuratereviews.com\/it\/software-gestione-finanze\/capboard-recensione\/","name":"Capboard: recensione software gestione finanze - Accurate Reviews","isPartOf":{"@id":"https:\/\/www.accuratereviews.com\/it\/#website"},"primaryImageOfPage":{"@id":"https:\/\/www.accuratereviews.com\/it\/software-gestione-finanze\/capboard-recensione\/#primaryimage"},"image":{"@id":"https:\/\/www.accuratereviews.com\/it\/software-gestione-finanze\/capboard-recensione\/#primaryimage"},"thumbnailUrl":"https:\/\/www.accuratereviews.com\/wp-content\/uploads\/2025\/02\/Capboard.png","datePublished":"2025-02-25T19:14:38+00:00","dateModified":"2025-03-26T07:10:07+00:00","description":"Capboard: recensione strumento di gestione di azioni e investitori che pu\u00f2 essere adattato a tutti i paesi e valute d'affari.","breadcrumb":{"@id":"https:\/\/www.accuratereviews.com\/it\/software-gestione-finanze\/capboard-recensione\/#breadcrumb"},"inLanguage":"it-IT","potentialAction":[{"@type":"ReadAction","target":["https:\/\/www.accuratereviews.com\/it\/software-gestione-finanze\/capboard-recensione\/"]}]},{"@type":"ImageObject","inLanguage":"it-IT","@id":"https:\/\/www.accuratereviews.com\/it\/software-gestione-finanze\/capboard-recensione\/#primaryimage","url":"https:\/\/www.accuratereviews.com\/wp-content\/uploads\/2025\/02\/Capboard.png","contentUrl":"https:\/\/www.accuratereviews.com\/wp-content\/uploads\/2025\/02\/Capboard.png","width":946,"height":358},{"@type":"BreadcrumbList","@id":"https:\/\/www.accuratereviews.com\/it\/software-gestione-finanze\/capboard-recensione\/#breadcrumb","itemListElement":[{"@type":"ListItem","position":1,"name":"Home","item":"https:\/\/www.accuratereviews.com\/it\/"},{"@type":"ListItem","position":2,"name":"Software per gestione finanze","item":"https:\/\/www.accuratereviews.com\/it\/software-gestione-finanze\/"},{"@type":"ListItem","position":3,"name":"Capboard"}]},{"@type":"WebSite","@id":"https:\/\/www.accuratereviews.com\/it\/#website","url":"https:\/\/www.accuratereviews.com\/it\/","name":"Accurate Reviews","description":"","potentialAction":[{"@type":"SearchAction","target":{"@type":"EntryPoint","urlTemplate":"https:\/\/www.accuratereviews.com\/it\/?s={search_term_string}"},"query-input":{"@type":"PropertyValueSpecification","valueRequired":true,"valueName":"search_term_string"}}],"inLanguage":"it-IT"}]}},"_links":{"self":[{"href":"https:\/\/www.accuratereviews.com\/it\/wp-json\/wp\/v2\/pages\/85338","targetHints":{"allow":["GET"]}}],"collection":[{"href":"https:\/\/www.accuratereviews.com\/it\/wp-json\/wp\/v2\/pages"}],"about":[{"href":"https:\/\/www.accuratereviews.com\/it\/wp-json\/wp\/v2\/types\/page"}],"author":[{"embeddable":true,"href":"https:\/\/www.accuratereviews.com\/it\/wp-json\/wp\/v2\/users\/19"}],"replies":[{"embeddable":true,"href":"https:\/\/www.accuratereviews.com\/it\/wp-json\/wp\/v2\/comments?post=85338"}],"version-history":[{"count":8,"href":"https:\/\/www.accuratereviews.com\/it\/wp-json\/wp\/v2\/pages\/85338\/revisions"}],"predecessor-version":[{"id":86645,"href":"https:\/\/www.accuratereviews.com\/it\/wp-json\/wp\/v2\/pages\/85338\/revisions\/86645"}],"up":[{"embeddable":true,"href":"https:\/\/www.accuratereviews.com\/it\/wp-json\/wp\/v2\/pages\/85135"}],"wp:featuredmedia":[{"embeddable":true,"href":"https:\/\/www.accuratereviews.com\/it\/wp-json\/wp\/v2\/media\/85340"}],"wp:attachment":[{"href":"https:\/\/www.accuratereviews.com\/it\/wp-json\/wp\/v2\/media?parent=85338"}],"wp:term":[{"taxonomy":"category","embeddable":true,"href":"https:\/\/www.accuratereviews.com\/it\/wp-json\/wp\/v2\/categories?post=85338"},{"taxonomy":"post_tag","embeddable":true,"href":"https:\/\/www.accuratereviews.com\/it\/wp-json\/wp\/v2\/tags?post=85338"},{"taxonomy":"features","embeddable":true,"href":"https:\/\/www.accuratereviews.com\/it\/wp-json\/wp\/v2\/features?post=85338"}],"curies":[{"name":"wp","href":"https:\/\/api.w.org\/{rel}","templated":true}]}}