{"id":85358,"date":"2025-02-26T15:38:57","date_gmt":"2025-02-26T15:38:57","guid":{"rendered":"https:\/\/www.accuratereviews.com\/?page_id=85358"},"modified":"2025-02-26T15:38:57","modified_gmt":"2025-02-26T15:38:57","slug":"rundit-recensione","status":"publish","type":"page","link":"https:\/\/www.accuratereviews.com\/it\/software-gestione-finanze\/rundit-recensione\/","title":{"rendered":"Rundit"},"content":{"rendered":"<p><strong>Rundit<\/strong> \u00e8 uno <strong>strumento basato su cloud<\/strong> per le societ\u00e0 di venture capital, che semplifica l&#8217;analisi dei dati di investimento e le informazioni per promuovere<strong> decisioni di investimento<\/strong> basate sui dati. Aggrega i dati dai livelli di portafoglio e di investimento e consente ai gestori di fondi di tenere traccia dei propri investimenti in ogni momento.<br \/>\nGli investitori possono invitare o gestire le societ\u00e0 del proprio portafoglio sulla piattaforma, ottenere report di portafoglio o analizzare i rendimenti degli investimenti e generare report LP automatizzati. Il software si integra anche con altri sistemi finanziari, assicurando un flusso di dati senza interruzioni e riducendo gli errori di immissione manuale.<\/p>\n<h2>RUNDIT &#8211; TUTORIAL<\/h2>\n<div id=\"fluid-wrapper-counter-1\" class=\"g1-fluid-wrapper \" style=\"width:686px;\">\n<div style=\"padding-bottom:56.268221574344%;\"><iframe loading=\"lazy\" title=\"Rundit for portfolio companies - Demo video\" width=\"515\" height=\"386\" src=\"https:\/\/www.youtube.com\/embed\/SgmoaeDVAqI?feature=oembed&amp;wmode=transparent&amp;autohide=1&amp;autoplay=0&amp;disablekb=0&amp;fs=1&amp;loop=0&amp;enablejsapi=1&amp;rel=0&amp;controls=2&amp;showinfo=0&amp;wmode=transparent&amp;autohide=2&amp;autoplay=0&amp;disablekb=0&amp;fs=1&amp;loop=0&amp;enablejsapi=1&amp;rel=0&amp;controls=2&amp;showinfo=1\" frameborder=\"0\" allow=\"accelerometer; autoplay; clipboard-write; encrypted-media; gyroscope; picture-in-picture; web-share\" referrerpolicy=\"strict-origin-when-cross-origin\" allowfullscreen><\/iframe><\/div>\n<\/div>\n<h3>RUNDIT &#8211; CARATTERISTICHE<\/h3>\n<ul>\n<li><strong>Utilizza un&#8217;unica fonte di verit\u00e0 per l&#8217;intero team<\/strong>: accesso a dati e dashboard in qualsiasi momento. Fonte affidabile per riunioni interne ed esterne.<\/li>\n<li><strong>Valuta l&#8217;allocazione del tuo portafoglio<\/strong>: osserva pi\u00f9 da vicino il tuo capitale investito e scopri approfondimenti sui tuoi rendimenti di investimento.<\/li>\n<li><strong>Prendi decisioni basate su fatti, dati e analisi:<\/strong> sfrutta dashboard dettagliate da dati aggregati per produrre una revisione approfondita di aziende e fondi.<\/li>\n<li><strong>Visualizza il report:<\/strong> una presentazione basata sul Web visivamente accattivante e personalizzabile, che include sia il tuo portafoglio che le prestazioni di una singola azienda. Il report non solo ha un aspetto eccezionale, ma \u00e8 anche facile da creare e condividere con un collegamento sicuro.<\/li>\n<li><strong>Personalizza il tuo approccio di monitoraggio per ogni azienda<\/strong>: i modelli di reporting ti consentono di adattare il tuo approccio di monitoraggio alle esigenze uniche di ogni azienda.<\/li>\n<li><strong>Confronta e analizza.<\/strong>: sbloccare approfondimenti preziosi diventa pi\u00f9 facile quando tutti i dati sono messi insieme in modo preciso. Le metriche delle tue aziende sono in modalit\u00e0 pilota automatico con l&#8217;integrazione dei dati di Google Sheet ed Excel. Importazione dati senza sforzo e supervisione centralizzata<\/li>\n<li><strong>Genera e condividi report personalizzabili senza sforzo<\/strong>: ottieni efficienza nei tempi di compilazione dei report. Costruisci una relazione solida e stupisci i tuoi investitori\/LP con report digitali personalizzabili, inclusi Excel e PDF.<\/li>\n<li><strong>Dashboard personalizzabili e visualizzazioni approfondite<\/strong>: la dashboard Panoramica fondo ti consente di personalizzare la visualizzazione delle metriche a livello di fondo, come TVPI, NAV e IRR netto. Crea grafici personalizzati per monitorare le prestazioni nel tempo e prendere decisioni basate sui dati con facilit\u00e0.<\/li>\n<li><strong>Ottimizza la tua strategia di reporting utilizzando le statistiche dei report<\/strong>: oltre a monitorare chi ha visualizzato il report, ora puoi accedere a informazioni pi\u00f9 approfondite, tra cui: numero totale di destinatari, tassi di apertura dei report, tassi di download di PDF ed Excel, statistiche dettagliate sia a livello di report che di contatto.<\/li>\n<\/ul>\n<h4>LE RECENSIONI DEGLI UTENTI<\/h4>\n<p><strong>Irene &#8220;Recensione Irene Prota &#8211; Ilavska Vuillermoz Capital&#8221;<\/strong><br \/>\n<strong>Commenti<\/strong>: Sto risolvendo molti problemi soprattutto con i report trimestrali che dobbiamo inviare ai nostri investitori. \u00c8 anche molto utile avere tutti i dati in un unico posto in modo da poterli consultare rapidamente quando ne ho bisogno.<br \/>\n<strong>Pro<\/strong>: La caratteristica pi\u00f9 importante secondo me \u00e8 la tabella dei KPI, \u00e8 quella che uso la maggior parte del tempo su Rundit, mi piace. Il prodotto \u00e8 altamente user-friendly, per questo motivo l&#8217;ho suggerito a molti miei colleghi e alcuni di loro si sono anche abbonati. L&#8217;integrazione con i nostri processi aziendali \u00e8 stata molto semplice.<br \/>\n<strong>Contro<\/strong>: Cosa migliorare nella tabella dei KPI: non vedo il grafico nelle Metriche sopra le Metriche KPI anche se ho aggiunto le metriche nella tabella; l&#8217;importazione direttamente da excel sarebbe molto apprezzata. Inoltre, vorrei aggiungere un altro Fair Value (ovvero Fair Value al 31.12.2021 e 31.03.2022) ma non mi sembra possibile.<\/p>\n<p><strong>Elena &#8220;Semplice e funzionale allo stesso tempo&#8221;<\/strong><br \/>\n<strong>Commenti<\/strong>: L&#8217;esperienza complessiva con Rundit \u00e8 fantastica: la soluzione \u00e8 molto elegante, semplice e accessibile anche per un piccolo fondo di capitale di rischio.<br \/>\n<strong>Pro<\/strong>: Ci \u00e8 piaciuto il fatto che Rundit sia molto facile da integrare e utilizzare, l&#8217;interfaccia \u00e8 estremamente intuitiva e il team non ha bisogno di sessioni o formazione speciali per iniziare a usarlo.<br \/>\n<strong>Contro<\/strong>: I dati sulle transazioni potrebbero essere migliorati, poich\u00e9 \u00e8 difficile scoprire quale sia stata la valutazione della societ\u00e0 in particolari round, il numero di azioni in nostro possesso e quanto \u00e8 stato investito.<\/p>\n<p><strong>Kamo&#8221;Recensione di Launch Africa Rundit&#8221;<\/strong><br \/>\n<strong>Commenti<\/strong>: Rundit \u00e8 stato uno strumento fondamentale nella funzione di gestione del portafoglio del nostro fondo. Il team \u00e8 incredibilmente reattivo alle domande e ai suggerimenti e ha implementato funzioni che abbiamo specificamente richiesto. Siamo ansiosi di vedere come si sviluppa lo strumento e come ci consentir\u00e0 di essere investitori migliori.<br \/>\n<strong>Pro<\/strong>: La facilit\u00e0 d&#8217;uso e la sua integrazione con i fogli di calcolo di Google rendono l&#8217;esperienza di raccolta dei dati aziendali del portafoglio un&#8217;esperienza fluida<br \/>\n<strong>Contro<\/strong>: Le limitazioni nella personalizzazione dei report LP sono contenute in pagine singole.<\/p>\n","protected":false},"excerpt":{"rendered":"<p>Rundit \u00e8 uno strumento basato su cloud per le societ\u00e0 di venture capital, che semplifica l&#8217;analisi dei dati di investimento e le informazioni per promuovere decisioni di investimento basate sui dati. Aggrega i dati dai livelli di portafoglio e di investimento e consente ai gestori di fondi di tenere traccia dei propri investimenti in ogni momento<\/p>\n","protected":false},"author":19,"featured_media":85365,"parent":85135,"menu_order":0,"comment_status":"open","ping_status":"closed","template":"g1_template_page_review_new.php","meta":{"_acf_changed":false,"cwp_meta_box_check":"No","cwp_rev_product_name":"","cwp_rev_product_image":"","wppr_links":[],"cwp_rev_price":"","wppr_options":[],"wppr_pros":[],"wppr_cons":[],"_monsterinsights_skip_tracking":false,"_monsterinsights_sitenote_active":false,"_monsterinsights_sitenote_note":"","_monsterinsights_sitenote_category":0,"footnotes":""},"categories":[15812],"tags":[15815,15817,15823,15856,15821,15822],"features":[],"class_list":{"0":"post-85358","1":"page","2":"type-page","3":"status-publish","4":"has-post-thumbnail","6":"category-software-per-gestione-finanze-cat","7":"tag-gestione-finanze","8":"tag-piattaforma-gestione-finanze","9":"tag-programma-gestione-finanze","10":"tag-rundit","11":"tag-software-gestione-finanze","12":"tag-soluzione-gestione-finanze"},"wppr_data":{"cwp_meta_box_check":"No"},"acf":[],"yoast_head":"<!-- This site is optimized with the Yoast SEO plugin v27.4 - https:\/\/yoast.com\/product\/yoast-seo-wordpress\/ -->\n<title>Rundit: recensione software gestionale finanze - Accurate Reviews<\/title>\n<meta name=\"description\" content=\"Rundit: recensione soluzione per le societ\u00e0 di venture capital che semplifica l&#039;analisi dei dati di investimento e le informazioni.\" \/>\n<meta name=\"robots\" content=\"index, follow, max-snippet:-1, max-image-preview:large, max-video-preview:-1\" \/>\n<link rel=\"canonical\" href=\"https:\/\/www.accuratereviews.com\/it\/software-gestione-finanze\/rundit-recensione\/\" \/>\n<meta property=\"og:locale\" content=\"it_IT\" \/>\n<meta property=\"og:type\" content=\"article\" \/>\n<meta property=\"og:title\" content=\"Rundit: recensione software gestionale finanze - Accurate Reviews\" \/>\n<meta property=\"og:description\" content=\"Rundit: recensione soluzione per le societ\u00e0 di venture capital che semplifica l&#039;analisi dei dati di investimento e le informazioni.\" \/>\n<meta property=\"og:url\" content=\"https:\/\/www.accuratereviews.com\/it\/software-gestione-finanze\/rundit-recensione\/\" \/>\n<meta property=\"og:site_name\" content=\"Accurate Reviews\" \/>\n<meta property=\"og:image\" content=\"https:\/\/www.accuratereviews.com\/wp-content\/uploads\/2025\/02\/RUNDIT.png\" \/>\n\t<meta property=\"og:image:width\" content=\"800\" \/>\n\t<meta property=\"og:image:height\" content=\"481\" \/>\n\t<meta property=\"og:image:type\" content=\"image\/png\" \/>\n<meta name=\"twitter:card\" content=\"summary_large_image\" \/>\n<meta name=\"twitter:label1\" content=\"Tempo di lettura stimato\" \/>\n\t<meta name=\"twitter:data1\" content=\"5 minuti\" \/>\n<script type=\"application\/ld+json\" class=\"yoast-schema-graph\">{\"@context\":\"https:\\\/\\\/schema.org\",\"@graph\":[{\"@type\":\"WebPage\",\"@id\":\"https:\\\/\\\/www.accuratereviews.com\\\/it\\\/software-gestione-finanze\\\/rundit-recensione\\\/\",\"url\":\"https:\\\/\\\/www.accuratereviews.com\\\/it\\\/software-gestione-finanze\\\/rundit-recensione\\\/\",\"name\":\"Rundit: recensione software gestionale finanze - Accurate Reviews\",\"isPartOf\":{\"@id\":\"https:\\\/\\\/www.accuratereviews.com\\\/it\\\/#website\"},\"primaryImageOfPage\":{\"@id\":\"https:\\\/\\\/www.accuratereviews.com\\\/it\\\/software-gestione-finanze\\\/rundit-recensione\\\/#primaryimage\"},\"image\":{\"@id\":\"https:\\\/\\\/www.accuratereviews.com\\\/it\\\/software-gestione-finanze\\\/rundit-recensione\\\/#primaryimage\"},\"thumbnailUrl\":\"https:\\\/\\\/www.accuratereviews.com\\\/wp-content\\\/uploads\\\/2025\\\/02\\\/RUNDIT.png\",\"datePublished\":\"2025-02-26T15:38:57+00:00\",\"description\":\"Rundit: recensione soluzione per le societ\u00e0 di venture capital che semplifica l'analisi dei dati di investimento e le informazioni.\",\"breadcrumb\":{\"@id\":\"https:\\\/\\\/www.accuratereviews.com\\\/it\\\/software-gestione-finanze\\\/rundit-recensione\\\/#breadcrumb\"},\"inLanguage\":\"it-IT\",\"potentialAction\":[{\"@type\":\"ReadAction\",\"target\":[\"https:\\\/\\\/www.accuratereviews.com\\\/it\\\/software-gestione-finanze\\\/rundit-recensione\\\/\"]}]},{\"@type\":\"ImageObject\",\"inLanguage\":\"it-IT\",\"@id\":\"https:\\\/\\\/www.accuratereviews.com\\\/it\\\/software-gestione-finanze\\\/rundit-recensione\\\/#primaryimage\",\"url\":\"https:\\\/\\\/www.accuratereviews.com\\\/wp-content\\\/uploads\\\/2025\\\/02\\\/RUNDIT.png\",\"contentUrl\":\"https:\\\/\\\/www.accuratereviews.com\\\/wp-content\\\/uploads\\\/2025\\\/02\\\/RUNDIT.png\",\"width\":800,\"height\":481},{\"@type\":\"BreadcrumbList\",\"@id\":\"https:\\\/\\\/www.accuratereviews.com\\\/it\\\/software-gestione-finanze\\\/rundit-recensione\\\/#breadcrumb\",\"itemListElement\":[{\"@type\":\"ListItem\",\"position\":1,\"name\":\"Home\",\"item\":\"https:\\\/\\\/www.accuratereviews.com\\\/it\\\/\"},{\"@type\":\"ListItem\",\"position\":2,\"name\":\"Software per gestione finanze\",\"item\":\"https:\\\/\\\/www.accuratereviews.com\\\/it\\\/software-gestione-finanze\\\/\"},{\"@type\":\"ListItem\",\"position\":3,\"name\":\"Rundit\"}]},{\"@type\":\"WebSite\",\"@id\":\"https:\\\/\\\/www.accuratereviews.com\\\/it\\\/#website\",\"url\":\"https:\\\/\\\/www.accuratereviews.com\\\/it\\\/\",\"name\":\"Accurate Reviews\",\"description\":\"\",\"potentialAction\":[{\"@type\":\"SearchAction\",\"target\":{\"@type\":\"EntryPoint\",\"urlTemplate\":\"https:\\\/\\\/www.accuratereviews.com\\\/it\\\/?s={search_term_string}\"},\"query-input\":{\"@type\":\"PropertyValueSpecification\",\"valueRequired\":true,\"valueName\":\"search_term_string\"}}],\"inLanguage\":\"it-IT\"}]}<\/script>\n<!-- \/ Yoast SEO plugin. -->","yoast_head_json":{"title":"Rundit: recensione software gestionale finanze - Accurate Reviews","description":"Rundit: recensione soluzione per le societ\u00e0 di venture capital che semplifica l'analisi dei dati di investimento e le informazioni.","robots":{"index":"index","follow":"follow","max-snippet":"max-snippet:-1","max-image-preview":"max-image-preview:large","max-video-preview":"max-video-preview:-1"},"canonical":"https:\/\/www.accuratereviews.com\/it\/software-gestione-finanze\/rundit-recensione\/","og_locale":"it_IT","og_type":"article","og_title":"Rundit: recensione software gestionale finanze - Accurate Reviews","og_description":"Rundit: recensione soluzione per le societ\u00e0 di venture capital che semplifica l'analisi dei dati di investimento e le informazioni.","og_url":"https:\/\/www.accuratereviews.com\/it\/software-gestione-finanze\/rundit-recensione\/","og_site_name":"Accurate Reviews","og_image":[{"width":800,"height":481,"url":"https:\/\/www.accuratereviews.com\/wp-content\/uploads\/2025\/02\/RUNDIT.png","type":"image\/png"}],"twitter_card":"summary_large_image","twitter_misc":{"Tempo di lettura stimato":"5 minuti"},"schema":{"@context":"https:\/\/schema.org","@graph":[{"@type":"WebPage","@id":"https:\/\/www.accuratereviews.com\/it\/software-gestione-finanze\/rundit-recensione\/","url":"https:\/\/www.accuratereviews.com\/it\/software-gestione-finanze\/rundit-recensione\/","name":"Rundit: recensione software gestionale finanze - Accurate Reviews","isPartOf":{"@id":"https:\/\/www.accuratereviews.com\/it\/#website"},"primaryImageOfPage":{"@id":"https:\/\/www.accuratereviews.com\/it\/software-gestione-finanze\/rundit-recensione\/#primaryimage"},"image":{"@id":"https:\/\/www.accuratereviews.com\/it\/software-gestione-finanze\/rundit-recensione\/#primaryimage"},"thumbnailUrl":"https:\/\/www.accuratereviews.com\/wp-content\/uploads\/2025\/02\/RUNDIT.png","datePublished":"2025-02-26T15:38:57+00:00","description":"Rundit: recensione soluzione per le societ\u00e0 di venture capital che semplifica l'analisi dei dati di investimento e le informazioni.","breadcrumb":{"@id":"https:\/\/www.accuratereviews.com\/it\/software-gestione-finanze\/rundit-recensione\/#breadcrumb"},"inLanguage":"it-IT","potentialAction":[{"@type":"ReadAction","target":["https:\/\/www.accuratereviews.com\/it\/software-gestione-finanze\/rundit-recensione\/"]}]},{"@type":"ImageObject","inLanguage":"it-IT","@id":"https:\/\/www.accuratereviews.com\/it\/software-gestione-finanze\/rundit-recensione\/#primaryimage","url":"https:\/\/www.accuratereviews.com\/wp-content\/uploads\/2025\/02\/RUNDIT.png","contentUrl":"https:\/\/www.accuratereviews.com\/wp-content\/uploads\/2025\/02\/RUNDIT.png","width":800,"height":481},{"@type":"BreadcrumbList","@id":"https:\/\/www.accuratereviews.com\/it\/software-gestione-finanze\/rundit-recensione\/#breadcrumb","itemListElement":[{"@type":"ListItem","position":1,"name":"Home","item":"https:\/\/www.accuratereviews.com\/it\/"},{"@type":"ListItem","position":2,"name":"Software per gestione finanze","item":"https:\/\/www.accuratereviews.com\/it\/software-gestione-finanze\/"},{"@type":"ListItem","position":3,"name":"Rundit"}]},{"@type":"WebSite","@id":"https:\/\/www.accuratereviews.com\/it\/#website","url":"https:\/\/www.accuratereviews.com\/it\/","name":"Accurate Reviews","description":"","potentialAction":[{"@type":"SearchAction","target":{"@type":"EntryPoint","urlTemplate":"https:\/\/www.accuratereviews.com\/it\/?s={search_term_string}"},"query-input":{"@type":"PropertyValueSpecification","valueRequired":true,"valueName":"search_term_string"}}],"inLanguage":"it-IT"}]}},"_links":{"self":[{"href":"https:\/\/www.accuratereviews.com\/it\/wp-json\/wp\/v2\/pages\/85358","targetHints":{"allow":["GET"]}}],"collection":[{"href":"https:\/\/www.accuratereviews.com\/it\/wp-json\/wp\/v2\/pages"}],"about":[{"href":"https:\/\/www.accuratereviews.com\/it\/wp-json\/wp\/v2\/types\/page"}],"author":[{"embeddable":true,"href":"https:\/\/www.accuratereviews.com\/it\/wp-json\/wp\/v2\/users\/19"}],"replies":[{"embeddable":true,"href":"https:\/\/www.accuratereviews.com\/it\/wp-json\/wp\/v2\/comments?post=85358"}],"version-history":[{"count":6,"href":"https:\/\/www.accuratereviews.com\/it\/wp-json\/wp\/v2\/pages\/85358\/revisions"}],"predecessor-version":[{"id":85401,"href":"https:\/\/www.accuratereviews.com\/it\/wp-json\/wp\/v2\/pages\/85358\/revisions\/85401"}],"up":[{"embeddable":true,"href":"https:\/\/www.accuratereviews.com\/it\/wp-json\/wp\/v2\/pages\/85135"}],"wp:featuredmedia":[{"embeddable":true,"href":"https:\/\/www.accuratereviews.com\/it\/wp-json\/wp\/v2\/media\/85365"}],"wp:attachment":[{"href":"https:\/\/www.accuratereviews.com\/it\/wp-json\/wp\/v2\/media?parent=85358"}],"wp:term":[{"taxonomy":"category","embeddable":true,"href":"https:\/\/www.accuratereviews.com\/it\/wp-json\/wp\/v2\/categories?post=85358"},{"taxonomy":"post_tag","embeddable":true,"href":"https:\/\/www.accuratereviews.com\/it\/wp-json\/wp\/v2\/tags?post=85358"},{"taxonomy":"features","embeddable":true,"href":"https:\/\/www.accuratereviews.com\/it\/wp-json\/wp\/v2\/features?post=85358"}],"curies":[{"name":"wp","href":"https:\/\/api.w.org\/{rel}","templated":true}]}}