{"id":85412,"date":"2025-02-27T16:59:04","date_gmt":"2025-02-27T16:59:04","guid":{"rendered":"https:\/\/www.accuratereviews.com\/?page_id=85412"},"modified":"2025-02-28T11:11:24","modified_gmt":"2025-02-28T11:11:24","slug":"fundcount-recensione","status":"publish","type":"page","link":"https:\/\/www.accuratereviews.com\/it\/software-gestione-finanze\/fundcount-recensione\/","title":{"rendered":"FundCount"},"content":{"rendered":"<p><strong>FundCount<\/strong> \u00e8 una <strong>soluzione integrata di contabilit\u00e0<\/strong> e <strong>gestione degli investimenti<\/strong> che aiuta le piccole e grandi aziende a monitorare, analizzare e segnalare gli investimenti nei portafogli. Consente agli utenti di gestire tutte le operazioni relative a partnership, portafogli e contabilit\u00e0 generale utilizzando una dashboard centralizzata, facilitando la comunicazione tra tutte le parti interessate.<br \/>\nLe caratteristiche principali di <strong>FundCount<\/strong> includono amministrazione dei fondi, contabilit\u00e0, monitoraggio degli investimenti, benchmarking, gestione dei clienti e metriche delle prestazioni. \u00c8 dotato di un modulo di reporting, che consente ai manager di creare report e modelli personalizzati utilizzando grafici, diagrammi e altri componenti visivi.<br \/>\nInoltre, le aziende possono utilizzare il modulo di contabilit\u00e0 del portafoglio per calcolare i rendimenti degli investimenti e misurare le prestazioni rispetto a benchmark individuali o misti. Permette di collegare i conti di entrate e altre spese con i moduli IRS e generare report su richiesta per soddisfare i requisiti fiscali.<\/p>\n<h2>FUNDCOUNT &#8211; TUTORIAL<\/h2>\n<div id=\"fluid-wrapper-counter-1\" class=\"g1-fluid-wrapper \" style=\"width:686px;\">\n<div style=\"padding-bottom:56.268221574344%;\"><iframe loading=\"lazy\" title=\"FundCount for Private Equity\" width=\"686\" height=\"386\" src=\"https:\/\/www.youtube.com\/embed\/jGDghycNiDc?feature=oembed&amp;wmode=transparent&amp;autohide=1&amp;autoplay=0&amp;disablekb=0&amp;fs=1&amp;loop=0&amp;enablejsapi=1&amp;rel=0&amp;controls=2&amp;showinfo=0&amp;wmode=transparent&amp;autohide=2&amp;autoplay=0&amp;disablekb=0&amp;fs=1&amp;loop=0&amp;enablejsapi=1&amp;rel=0&amp;controls=2&amp;showinfo=1\" frameborder=\"0\" allow=\"accelerometer; autoplay; clipboard-write; encrypted-media; gyroscope; picture-in-picture; web-share\" referrerpolicy=\"strict-origin-when-cross-origin\" allowfullscreen><\/iframe><\/div>\n<\/div>\n<h3>FUNDCOUNT &#8211; CARATTERISTICHE<\/h3>\n<ul>\n<li><strong>Qualsiasi tipo di asset<\/strong>: monitora, analizza e segnala con precisione il valore di investimenti complessi, tra cui valute, swap, derivati, private equity, immobili e strumenti di debito.<\/li>\n<li><strong>Oltre la contabilit\u00e0 di portafoglio<\/strong>: integra la contabilit\u00e0 di partnership, fiscale, di investimento e di contabilit\u00e0 generale in tempo reale in un&#8217;unica piattaforma, semplificando in modo efficiente le tue operazioni finanziarie. Garantisci i requisiti delle operazioni di investimento, della contabilit\u00e0 dei fondi e delle relazioni con gli investitori.<\/li>\n<li><strong>Monitoraggio degli investimenti personalizzabile<\/strong>: massimizza le informazioni con categorie personalizzabili e monitoraggio degli investimenti. Migliora l&#8217;efficienza, riduci gli errori tramite un&#8217;integrazione perfetta e connettiti direttamente ai depositari e ai feed di dati di mercato.<\/li>\n<li><strong>Valutazione delle prestazioni e gestione del rischio<\/strong>: utilizza il sistema di contabilit\u00e0 di portafoglio per valutare le prestazioni del portafoglio con un&#8217;ampia gamma di misure statistiche e di rendimento per confronti di benchmark e analisi di attribuzione delle prestazioni, consentendo un processo decisionale basato sui dati.<\/li>\n<li><strong>Conformit\u00e0 semplificata<\/strong>: aderire agli standard di settore come FASB, IFRS e CFA Institute. Semplificare con processi automatizzati e strumenti di flusso di lavoro integrati per trasparenza e un percorso di controllo.<\/li>\n<li><strong>Reporting flessibile per i clienti<\/strong>: personalizza i report e integra gli strumenti di business intelligence con elementi visivi avanzati che raccontano una storia con i dati. Automatizza la distribuzione dei report per i clienti tramite email o tramite il portale per gli investitori.<\/li>\n<li><strong>Passaggio dai fogli di calcolo:<\/strong> gestisci contabilit\u00e0 e reporting senza problemi per partnership singole e multi-classe. Calcola il NAV, monitora le strutture a cascata e gestisci contributi, distribuzioni e serie di azioni in modo completo.<\/li>\n<li><strong>Efficienza operativa migliorata<\/strong>: sfrutta il software di contabilit\u00e0 delle partnership per importare i dati degli investitori, accelerare le allocazioni P&amp;L, semplificare i flussi di lavoro dall&#8217;input dei dati al calcolo del NAV e migliorare il reporting con flussi di lavoro operativi definiti dall&#8217;utente.<\/li>\n<li><strong>Operazioni semplificate<\/strong>: sostituisci l&#8217;input manuale con l&#8217;importazione automatizzata dei dati di attivit\u00e0 e profili degli investitori. Calcola le allocazioni di profitti e perdite, gestisci i flussi di cassa e semplifica i flussi di lavoro per il calcolo e il reporting del NAV.<\/li>\n<\/ul>\n<h4>LE RECENSIONI DEGLI UTENTI<\/h4>\n<p><strong>Lydia &#8220;Ottimo software ma dovrebbe avere pi\u00f9 funzioni gratuite&#8221;<\/strong><br \/>\n<strong>Commenti<\/strong>: L&#8217;esperienza complessiva \u00e8 buona. C&#8217;\u00e8 cos\u00ec tanto da apprezzare in FundCount!<br \/>\n<strong>Pro<\/strong>: Ciclo di vita della contabilit\u00e0 azionaria. La creazione dei profili, la registrazione, l&#8217;acquisto e la vendita e la valutazione delle azioni sono molto fluide.<br \/>\n<strong>Contro<\/strong>: Forward FX &#8211; Per riconoscere i punti FX, devo ricorrere a soluzioni manuali. Devo pagare per la funzione di ritenuta alla fonte, la funzione di integrazione dei report e la funzione dei conti da pagare.<\/p>\n<p><strong>Pablo &#8220;Ottimo software per gli amministratori di fondi&#8221;<\/strong><br \/>\n<strong>Commenti<\/strong>: L&#8217;esperienza complessiva \u00e8 stata positiva. \u00c8 un sistema che genera fiducia nei suoi calcoli e nei suoi report grazie alla sua precisione e ai suoi audit interni.<br \/>\n<strong>Pro<\/strong>: FC offre grandi prestazioni nell&#8217;eseguire tutti i calcoli necessari per i calcoli NAV con solo pochi modelli. Il team di supporto \u00e8 piuttosto veloce quando ne hai bisogno e aperto ad ascoltare le tue esigenze attuali.<br \/>\n<strong>Contro<\/strong>: Nonostante FC valga la pena spendere, per alcune aziende potrebbe risultare costoso.<\/p>\n<p><strong>Bryan &#8220;Pro e contro di Fundcount&#8221;<\/strong><br \/>\n<strong>Commenti<\/strong>: Affidabile e intuitivo, con un team di supporto reattivo<br \/>\n<strong>Pro<\/strong>: Fundcount consente l&#8217;amministrazione di un&#8217;ampia gamma di classi di attivit\u00e0 e il calcolo delle commissioni.<br \/>\n<strong>Contro<\/strong>: Fundcount \u00e8 pi\u00f9 adatto ai fondi con strategia liquida e meno ai fondi di tipo non liquido.<\/p>\n","protected":false},"excerpt":{"rendered":"<p>FundCount \u00e8 una soluzione integrata di contabilit\u00e0 e gestione degli investimenti che aiuta le piccole e grandi aziende a monitorare, analizzare e segnalare gli investimenti nei portafogli. Consente agli utenti di gestire tutte le operazioni relative a partnership, portafogli e contabilit\u00e0 generale utilizzando una dashboard centralizzata, facilitando la comunicazione tra tutte le parti interessate.<\/p>\n","protected":false},"author":19,"featured_media":85413,"parent":85135,"menu_order":0,"comment_status":"open","ping_status":"closed","template":"g1_template_page_review_new.php","meta":{"_acf_changed":false,"cwp_meta_box_check":"No","cwp_rev_product_name":"","cwp_rev_product_image":"","wppr_links":[],"cwp_rev_price":"","wppr_options":[],"wppr_pros":[],"wppr_cons":[],"_monsterinsights_skip_tracking":false,"_monsterinsights_sitenote_active":false,"_monsterinsights_sitenote_note":"","_monsterinsights_sitenote_category":0,"footnotes":""},"categories":[15812],"tags":[15815,15817,15823,15821,15822],"features":[],"class_list":{"0":"post-85412","1":"page","2":"type-page","3":"status-publish","4":"has-post-thumbnail","6":"category-software-per-gestione-finanze-cat","7":"tag-gestione-finanze","8":"tag-piattaforma-gestione-finanze","9":"tag-programma-gestione-finanze","10":"tag-software-gestione-finanze","11":"tag-soluzione-gestione-finanze"},"wppr_data":{"cwp_meta_box_check":"No"},"acf":[],"yoast_head":"<!-- This site is optimized with the Yoast SEO plugin v27.4 - https:\/\/yoast.com\/product\/yoast-seo-wordpress\/ -->\n<title>FundCount: recensione software gestione finanze - Accurate Reviews<\/title>\n<meta name=\"description\" content=\"FundCount: soluzione di contabilit\u00e0 e gestione degli investimenti per monitorare, analizzare e segnalare gli investimenti nei portafogli.\" \/>\n<meta name=\"robots\" content=\"index, follow, max-snippet:-1, max-image-preview:large, max-video-preview:-1\" \/>\n<link rel=\"canonical\" href=\"https:\/\/www.accuratereviews.com\/it\/software-gestione-finanze\/fundcount-recensione\/\" \/>\n<meta property=\"og:locale\" content=\"it_IT\" \/>\n<meta property=\"og:type\" content=\"article\" \/>\n<meta property=\"og:title\" content=\"FundCount: recensione software gestione finanze - Accurate Reviews\" \/>\n<meta property=\"og:description\" content=\"FundCount: soluzione di contabilit\u00e0 e gestione degli investimenti per monitorare, analizzare e segnalare gli investimenti nei portafogli.\" \/>\n<meta property=\"og:url\" content=\"https:\/\/www.accuratereviews.com\/it\/software-gestione-finanze\/fundcount-recensione\/\" \/>\n<meta property=\"og:site_name\" content=\"Accurate Reviews\" \/>\n<meta property=\"article:modified_time\" content=\"2025-02-28T11:11:24+00:00\" \/>\n<meta property=\"og:image\" content=\"https:\/\/www.accuratereviews.com\/wp-content\/uploads\/2025\/02\/FundCount.webp\" \/>\n\t<meta property=\"og:image:width\" content=\"500\" \/>\n\t<meta property=\"og:image:height\" content=\"500\" \/>\n\t<meta property=\"og:image:type\" content=\"image\/webp\" \/>\n<meta name=\"twitter:card\" content=\"summary_large_image\" \/>\n<meta name=\"twitter:label1\" content=\"Tempo di lettura stimato\" \/>\n\t<meta name=\"twitter:data1\" content=\"5 minuti\" \/>\n<script type=\"application\/ld+json\" class=\"yoast-schema-graph\">{\"@context\":\"https:\\\/\\\/schema.org\",\"@graph\":[{\"@type\":\"WebPage\",\"@id\":\"https:\\\/\\\/www.accuratereviews.com\\\/it\\\/software-gestione-finanze\\\/fundcount-recensione\\\/\",\"url\":\"https:\\\/\\\/www.accuratereviews.com\\\/it\\\/software-gestione-finanze\\\/fundcount-recensione\\\/\",\"name\":\"FundCount: recensione software gestione finanze - Accurate Reviews\",\"isPartOf\":{\"@id\":\"https:\\\/\\\/www.accuratereviews.com\\\/it\\\/#website\"},\"primaryImageOfPage\":{\"@id\":\"https:\\\/\\\/www.accuratereviews.com\\\/it\\\/software-gestione-finanze\\\/fundcount-recensione\\\/#primaryimage\"},\"image\":{\"@id\":\"https:\\\/\\\/www.accuratereviews.com\\\/it\\\/software-gestione-finanze\\\/fundcount-recensione\\\/#primaryimage\"},\"thumbnailUrl\":\"https:\\\/\\\/www.accuratereviews.com\\\/wp-content\\\/uploads\\\/2025\\\/02\\\/FundCount.webp\",\"datePublished\":\"2025-02-27T16:59:04+00:00\",\"dateModified\":\"2025-02-28T11:11:24+00:00\",\"description\":\"FundCount: soluzione di contabilit\u00e0 e gestione degli investimenti per monitorare, analizzare e segnalare gli investimenti nei portafogli.\",\"breadcrumb\":{\"@id\":\"https:\\\/\\\/www.accuratereviews.com\\\/it\\\/software-gestione-finanze\\\/fundcount-recensione\\\/#breadcrumb\"},\"inLanguage\":\"it-IT\",\"potentialAction\":[{\"@type\":\"ReadAction\",\"target\":[\"https:\\\/\\\/www.accuratereviews.com\\\/it\\\/software-gestione-finanze\\\/fundcount-recensione\\\/\"]}]},{\"@type\":\"ImageObject\",\"inLanguage\":\"it-IT\",\"@id\":\"https:\\\/\\\/www.accuratereviews.com\\\/it\\\/software-gestione-finanze\\\/fundcount-recensione\\\/#primaryimage\",\"url\":\"https:\\\/\\\/www.accuratereviews.com\\\/wp-content\\\/uploads\\\/2025\\\/02\\\/FundCount.webp\",\"contentUrl\":\"https:\\\/\\\/www.accuratereviews.com\\\/wp-content\\\/uploads\\\/2025\\\/02\\\/FundCount.webp\",\"width\":500,\"height\":500},{\"@type\":\"BreadcrumbList\",\"@id\":\"https:\\\/\\\/www.accuratereviews.com\\\/it\\\/software-gestione-finanze\\\/fundcount-recensione\\\/#breadcrumb\",\"itemListElement\":[{\"@type\":\"ListItem\",\"position\":1,\"name\":\"Home\",\"item\":\"https:\\\/\\\/www.accuratereviews.com\\\/it\\\/\"},{\"@type\":\"ListItem\",\"position\":2,\"name\":\"Software per gestione finanze\",\"item\":\"https:\\\/\\\/www.accuratereviews.com\\\/it\\\/software-gestione-finanze\\\/\"},{\"@type\":\"ListItem\",\"position\":3,\"name\":\"FundCount\"}]},{\"@type\":\"WebSite\",\"@id\":\"https:\\\/\\\/www.accuratereviews.com\\\/it\\\/#website\",\"url\":\"https:\\\/\\\/www.accuratereviews.com\\\/it\\\/\",\"name\":\"Accurate Reviews\",\"description\":\"\",\"potentialAction\":[{\"@type\":\"SearchAction\",\"target\":{\"@type\":\"EntryPoint\",\"urlTemplate\":\"https:\\\/\\\/www.accuratereviews.com\\\/it\\\/?s={search_term_string}\"},\"query-input\":{\"@type\":\"PropertyValueSpecification\",\"valueRequired\":true,\"valueName\":\"search_term_string\"}}],\"inLanguage\":\"it-IT\"}]}<\/script>\n<!-- \/ Yoast SEO plugin. -->","yoast_head_json":{"title":"FundCount: recensione software gestione finanze - Accurate Reviews","description":"FundCount: soluzione di contabilit\u00e0 e gestione degli investimenti per monitorare, analizzare e segnalare gli investimenti nei portafogli.","robots":{"index":"index","follow":"follow","max-snippet":"max-snippet:-1","max-image-preview":"max-image-preview:large","max-video-preview":"max-video-preview:-1"},"canonical":"https:\/\/www.accuratereviews.com\/it\/software-gestione-finanze\/fundcount-recensione\/","og_locale":"it_IT","og_type":"article","og_title":"FundCount: recensione software gestione finanze - Accurate Reviews","og_description":"FundCount: soluzione di contabilit\u00e0 e gestione degli investimenti per monitorare, analizzare e segnalare gli investimenti nei portafogli.","og_url":"https:\/\/www.accuratereviews.com\/it\/software-gestione-finanze\/fundcount-recensione\/","og_site_name":"Accurate Reviews","article_modified_time":"2025-02-28T11:11:24+00:00","og_image":[{"width":500,"height":500,"url":"https:\/\/www.accuratereviews.com\/wp-content\/uploads\/2025\/02\/FundCount.webp","type":"image\/webp"}],"twitter_card":"summary_large_image","twitter_misc":{"Tempo di lettura stimato":"5 minuti"},"schema":{"@context":"https:\/\/schema.org","@graph":[{"@type":"WebPage","@id":"https:\/\/www.accuratereviews.com\/it\/software-gestione-finanze\/fundcount-recensione\/","url":"https:\/\/www.accuratereviews.com\/it\/software-gestione-finanze\/fundcount-recensione\/","name":"FundCount: recensione software gestione finanze - Accurate Reviews","isPartOf":{"@id":"https:\/\/www.accuratereviews.com\/it\/#website"},"primaryImageOfPage":{"@id":"https:\/\/www.accuratereviews.com\/it\/software-gestione-finanze\/fundcount-recensione\/#primaryimage"},"image":{"@id":"https:\/\/www.accuratereviews.com\/it\/software-gestione-finanze\/fundcount-recensione\/#primaryimage"},"thumbnailUrl":"https:\/\/www.accuratereviews.com\/wp-content\/uploads\/2025\/02\/FundCount.webp","datePublished":"2025-02-27T16:59:04+00:00","dateModified":"2025-02-28T11:11:24+00:00","description":"FundCount: soluzione di contabilit\u00e0 e gestione degli investimenti per monitorare, analizzare e segnalare gli investimenti nei portafogli.","breadcrumb":{"@id":"https:\/\/www.accuratereviews.com\/it\/software-gestione-finanze\/fundcount-recensione\/#breadcrumb"},"inLanguage":"it-IT","potentialAction":[{"@type":"ReadAction","target":["https:\/\/www.accuratereviews.com\/it\/software-gestione-finanze\/fundcount-recensione\/"]}]},{"@type":"ImageObject","inLanguage":"it-IT","@id":"https:\/\/www.accuratereviews.com\/it\/software-gestione-finanze\/fundcount-recensione\/#primaryimage","url":"https:\/\/www.accuratereviews.com\/wp-content\/uploads\/2025\/02\/FundCount.webp","contentUrl":"https:\/\/www.accuratereviews.com\/wp-content\/uploads\/2025\/02\/FundCount.webp","width":500,"height":500},{"@type":"BreadcrumbList","@id":"https:\/\/www.accuratereviews.com\/it\/software-gestione-finanze\/fundcount-recensione\/#breadcrumb","itemListElement":[{"@type":"ListItem","position":1,"name":"Home","item":"https:\/\/www.accuratereviews.com\/it\/"},{"@type":"ListItem","position":2,"name":"Software per gestione finanze","item":"https:\/\/www.accuratereviews.com\/it\/software-gestione-finanze\/"},{"@type":"ListItem","position":3,"name":"FundCount"}]},{"@type":"WebSite","@id":"https:\/\/www.accuratereviews.com\/it\/#website","url":"https:\/\/www.accuratereviews.com\/it\/","name":"Accurate Reviews","description":"","potentialAction":[{"@type":"SearchAction","target":{"@type":"EntryPoint","urlTemplate":"https:\/\/www.accuratereviews.com\/it\/?s={search_term_string}"},"query-input":{"@type":"PropertyValueSpecification","valueRequired":true,"valueName":"search_term_string"}}],"inLanguage":"it-IT"}]}},"_links":{"self":[{"href":"https:\/\/www.accuratereviews.com\/it\/wp-json\/wp\/v2\/pages\/85412","targetHints":{"allow":["GET"]}}],"collection":[{"href":"https:\/\/www.accuratereviews.com\/it\/wp-json\/wp\/v2\/pages"}],"about":[{"href":"https:\/\/www.accuratereviews.com\/it\/wp-json\/wp\/v2\/types\/page"}],"author":[{"embeddable":true,"href":"https:\/\/www.accuratereviews.com\/it\/wp-json\/wp\/v2\/users\/19"}],"replies":[{"embeddable":true,"href":"https:\/\/www.accuratereviews.com\/it\/wp-json\/wp\/v2\/comments?post=85412"}],"version-history":[{"count":9,"href":"https:\/\/www.accuratereviews.com\/it\/wp-json\/wp\/v2\/pages\/85412\/revisions"}],"predecessor-version":[{"id":85486,"href":"https:\/\/www.accuratereviews.com\/it\/wp-json\/wp\/v2\/pages\/85412\/revisions\/85486"}],"up":[{"embeddable":true,"href":"https:\/\/www.accuratereviews.com\/it\/wp-json\/wp\/v2\/pages\/85135"}],"wp:featuredmedia":[{"embeddable":true,"href":"https:\/\/www.accuratereviews.com\/it\/wp-json\/wp\/v2\/media\/85413"}],"wp:attachment":[{"href":"https:\/\/www.accuratereviews.com\/it\/wp-json\/wp\/v2\/media?parent=85412"}],"wp:term":[{"taxonomy":"category","embeddable":true,"href":"https:\/\/www.accuratereviews.com\/it\/wp-json\/wp\/v2\/categories?post=85412"},{"taxonomy":"post_tag","embeddable":true,"href":"https:\/\/www.accuratereviews.com\/it\/wp-json\/wp\/v2\/tags?post=85412"},{"taxonomy":"features","embeddable":true,"href":"https:\/\/www.accuratereviews.com\/it\/wp-json\/wp\/v2\/features?post=85412"}],"curies":[{"name":"wp","href":"https:\/\/api.w.org\/{rel}","templated":true}]}}