{"id":85473,"date":"2025-02-28T15:15:16","date_gmt":"2025-02-28T15:15:16","guid":{"rendered":"https:\/\/www.accuratereviews.com\/?page_id=85473"},"modified":"2025-02-28T15:15:16","modified_gmt":"2025-02-28T15:15:16","slug":"emoney-advisor-recensione","status":"publish","type":"page","link":"https:\/\/www.accuratereviews.com\/it\/software-gestione-finanze\/emoney-advisor-recensione\/","title":{"rendered":"eMoney Advisor"},"content":{"rendered":"<p><strong>eMoney Advisor<\/strong> \u00e8 specializzata in <strong>software di pianificazione finanziaria<\/strong> che supporta i consulenti nel promuovere relazioni dinamiche con i clienti e processi aziendali semplificati. Le sue offerte includono aggregazione di account, portali clienti, centri decisionali e analisi per scenari di pianificazione solidi. La piattaforma raccoglie vari punti di dati finanziari, consentendo una visione coesa del cliente. Attraverso un portale clienti accessibile, i consulenti mantengono una connettivit\u00e0 costante, fornendo trasparenza e approfondimenti continui.<br \/>\nRealizzate su misura per le diverse esigenze dei clienti, le soluzioni spaziano dalla pianificazione basata su obiettivi scalabili con <strong>eMoney Advisor Plus<\/strong> alle complesse analisi del flusso di cassa di Pro e Premier, posizionando il consulente per affrontare efficacemente situazioni finanziarie semplici e complesse.<\/p>\n<h2>EMONEY ADVISOR &#8211; TUTORIAL<\/h2>\n<div id=\"fluid-wrapper-counter-1\" class=\"g1-fluid-wrapper \" style=\"width:686px;\">\n<div style=\"padding-bottom:56.268221574344%;\"><iframe loading=\"lazy\" title=\"Teaching the basics of eMoney\" width=\"686\" height=\"386\" src=\"https:\/\/www.youtube.com\/embed\/JAHTk-hLZBQ?feature=oembed&amp;wmode=transparent&amp;autohide=1&amp;autoplay=0&amp;disablekb=0&amp;fs=1&amp;loop=0&amp;enablejsapi=1&amp;rel=0&amp;controls=2&amp;showinfo=0&amp;wmode=transparent&amp;autohide=2&amp;autoplay=0&amp;disablekb=0&amp;fs=1&amp;loop=0&amp;enablejsapi=1&amp;rel=0&amp;controls=2&amp;showinfo=1\" frameborder=\"0\" allow=\"accelerometer; autoplay; clipboard-write; encrypted-media; gyroscope; picture-in-picture; web-share\" referrerpolicy=\"strict-origin-when-cross-origin\" allowfullscreen><\/iframe><\/div>\n<\/div>\n<h3>EMONEY ADVISOR &#8211; CARATTERISTICHE<\/h3>\n<ul>\n<li><strong>Strumenti di pianificazione completi:<\/strong> fornisci conversazioni di pianificazione delle giuste dimensioni, indipendentemente dalla complessit\u00e0 finanziaria di un cliente. Dalla risoluzione di obiettivi individuali alla creazione di piani completi, eMoney produce risultati significativi a ogni livello di pianificazione.<\/li>\n<li><strong>Portale clienti leader del settore<\/strong>: offri un&#8217;esperienza cliente differenziata con il portale clienti leader del settore della pianificazione finanziaria. Offri ai clienti una visione in tempo reale del loro quadro finanziario completo, promuovendo al contempo fiducia e trasparenza con comunicazioni sicure, condivisione di documenti e accesso in tempo reale ai dati finanziari.<\/li>\n<li><strong>Approfondimenti finanziari olistici<\/strong>: potenzia la tua esperienza di pianificazione collegando conti da migliaia di istituti finanziari. Crea una visione unificata dei quadri finanziari completi dei clienti per scoprire opportunit\u00e0 in asset trattenuti, fornire approfondimenti finanziari e creare piani veramente completi.<\/li>\n<li><strong>Risultati visivi coinvolgenti:<\/strong> offri un&#8217;esperienza di pianificazione collaborativa di prima categoria utilizzando elementi visivi chiari e interattivi per semplificare concetti finanziari complessi e promuovere un maggiore coinvolgimento del cliente.<\/li>\n<\/ul>\n<h4>LE RECENSIONI DEGLI UTENTI<\/h4>\n<p><strong>Derek &#8220;Utente precedente da anni&#8221;<\/strong><br \/>\n<strong>Pro<\/strong>: Software molto completo che consente analisi multiple e approfondimenti sui flussi di cassa.<br \/>\n<strong>Contro<\/strong>: Una curva di apprendimento lunga e talvolta troppo complessa per alcuni clienti.<\/p>\n<p><strong>Sally &#8220;Migliora il tuo processo di pianificazione con eMoney&#8221;<\/strong><br \/>\n<strong>Commenti<\/strong>: I principali vantaggi che abbiamo dall&#8217;utilizzo di questo software sono: (1) fidelizzazione del cliente (2) coinvolgimento del cliente nel processo di pianificazione (3) capacit\u00e0 di modellare &#8220;in loco&#8221;<br \/>\n<strong>Pro<\/strong>: Questo prodotto offre un eccellente supporto clienti, con corsi di formazione sul prodotto dal vivo e registrati per assistere nella creazione di piani finanziari complessi. Ci piace il fatto che questo software offra un sito Web\/portale di documenti per la pianificazione dei clienti estremamente facile da adottare per i clienti.<br \/>\n<strong>Contro<\/strong>: Le funzionalit\u00e0 di pianificazione patrimoniale di questo sito Web sono alquanto limitate.<\/p>\n<p><strong>Alexander &#8220;Incredibile software di pianificazione finanziaria&#8221;<\/strong><br \/>\n<strong>Commenti<\/strong>: La moneta elettronica ha un valore inestimabile nel fornire ai clienti proiezioni accurate per la pianificazione finanziaria. Consiglio vivamente di provare questo software a chiunque utilizzi un diverso software di pianificazione finanziaria.<br \/>\n<strong>Pro<\/strong>: Ho utilizzato molte piattaforme diverse per il software di pianificazione finanziaria e la moneta elettronica \u00e8 chiaramente al di sopra e al di l\u00e0 del migliore che ho usato. L&#8217;integrazione con tutti i nostri sistemi \u00e8 fondamentale e la moneta elettronica lo fa.<br \/>\n<strong>Contro<\/strong>: Ci sono alcuni elementi che mancano di coerenza, ma la moneta elettronica \u00e8 molto attiva nella gestione dei ticket tecnici per riparare gli oggetti.<\/p>\n","protected":false},"excerpt":{"rendered":"<p>eMoney Advisor \u00e8 specializzata in software di pianificazione finanziaria che supporta i consulenti nel promuovere relazioni dinamiche con i clienti e processi aziendali semplificati. Le sue offerte includono aggregazione di account, portali clienti, centri decisionali e analisi per scenari di pianificazione solidi.<\/p>\n","protected":false},"author":19,"featured_media":85479,"parent":85135,"menu_order":0,"comment_status":"open","ping_status":"closed","template":"g1_template_page_review_new.php","meta":{"_acf_changed":false,"cwp_meta_box_check":"Yes","cwp_rev_product_name":"","cwp_rev_product_image":"","wppr_links":[],"cwp_rev_price":"0.00","wppr_options":[{"name":"Usability","value":"0"},{"name":"Speed","value":"0"},{"name":"Features","value":"0"},{"name":"Support","value":"0"},{"name":"Pricing","value":"0"}],"wppr_pros":["","","","",""],"wppr_cons":["","","","",""],"_monsterinsights_skip_tracking":false,"_monsterinsights_sitenote_active":false,"_monsterinsights_sitenote_note":"","_monsterinsights_sitenote_category":0,"footnotes":""},"categories":[15812],"tags":[15868,15815,15817,15823,15869,15822],"features":[],"class_list":{"0":"post-85473","1":"page","2":"type-page","3":"status-publish","4":"has-post-thumbnail","6":"category-software-per-gestione-finanze-cat","7":"tag-emoney-advisor","8":"tag-gestione-finanze","9":"tag-piattaforma-gestione-finanze","10":"tag-programma-gestione-finanze","11":"tag-software-gestione-fienanze","12":"tag-soluzione-gestione-finanze"},"wppr_data":{"cwp_meta_box_check":"Yes","_wppr_review_template":"default","cwp_rev_product_image":"","cwp_image_link":"image","wppr_links":[],"cwp_rev_price":"0.00","wppr_pros":["","","","",""],"wppr_cons":["","","","",""],"wppr_rating":"0.00","wppr_options":{"1":{"name":"Usability","value":"0"},"2":{"name":"Speed","value":"0"},"3":{"name":"Features","value":"0"},"4":{"name":"Support","value":"0"},"5":{"name":"Pricing","value":"0"}},"wppr_review_type":"Product","wppr_review_custom_fields":{"additionalProperty":"","additionalType":"","aggregateRating":"","alternateName":"","audience":"","award":"","awards":"","brand":"","color":"","depth":"","description":"","disambiguatingDescription":"","gtin12":"","gtin13":"","gtin14":"","gtin8":"","height":"","identifier":"","image":"","isAccessoryOrSparePartFor":"","isConsumableFor":"","isRelatedTo":"","isSimilarTo":"","itemCondition":"","logo":"","mainEntityOfPage":"","manufacturer":"","material":"","model":"","mpn":"","name":"","offers":"","potentialAction":"","productID":"","productionDate":"","purchaseDate":"","releaseDate":"","review":"","reviews":"","sameAs":"","sku":"","slogan":"","subjectOf":"","url":"","weight":"","width":""}},"acf":[],"yoast_head":"<!-- This site is optimized with the Yoast SEO plugin v27.4 - https:\/\/yoast.com\/product\/yoast-seo-wordpress\/ -->\n<title>eMoney Advisor: recensione software gestione finanze - Accurate Reviews<\/title>\n<meta name=\"description\" content=\"eMoney Advisor: recensione software di pianificazione finanziaria per promuovere relazioni con i clienti e processi aziendali semplificati.\" \/>\n<meta name=\"robots\" content=\"index, follow, max-snippet:-1, max-image-preview:large, max-video-preview:-1\" \/>\n<link rel=\"canonical\" href=\"https:\/\/www.accuratereviews.com\/it\/software-gestione-finanze\/emoney-advisor-recensione\/\" \/>\n<meta property=\"og:locale\" content=\"it_IT\" \/>\n<meta property=\"og:type\" content=\"article\" \/>\n<meta property=\"og:title\" content=\"eMoney Advisor: recensione software gestione finanze - Accurate Reviews\" \/>\n<meta property=\"og:description\" content=\"eMoney Advisor: recensione software di pianificazione finanziaria per promuovere relazioni con i clienti e processi aziendali semplificati.\" \/>\n<meta property=\"og:url\" content=\"https:\/\/www.accuratereviews.com\/it\/software-gestione-finanze\/emoney-advisor-recensione\/\" \/>\n<meta property=\"og:site_name\" content=\"Accurate Reviews\" \/>\n<meta property=\"og:image\" content=\"https:\/\/www.accuratereviews.com\/wp-content\/uploads\/2025\/02\/eMoney-Advisor.webp\" \/>\n\t<meta property=\"og:image:width\" content=\"500\" \/>\n\t<meta property=\"og:image:height\" content=\"500\" \/>\n\t<meta property=\"og:image:type\" content=\"image\/webp\" \/>\n<meta name=\"twitter:card\" content=\"summary_large_image\" \/>\n<meta name=\"twitter:label1\" content=\"Tempo di lettura stimato\" \/>\n\t<meta name=\"twitter:data1\" content=\"4 minuti\" \/>\n<script type=\"application\/ld+json\" class=\"yoast-schema-graph\">{\"@context\":\"https:\\\/\\\/schema.org\",\"@graph\":[{\"@type\":\"WebPage\",\"@id\":\"https:\\\/\\\/www.accuratereviews.com\\\/it\\\/software-gestione-finanze\\\/emoney-advisor-recensione\\\/\",\"url\":\"https:\\\/\\\/www.accuratereviews.com\\\/it\\\/software-gestione-finanze\\\/emoney-advisor-recensione\\\/\",\"name\":\"eMoney Advisor: recensione software gestione finanze - Accurate Reviews\",\"isPartOf\":{\"@id\":\"https:\\\/\\\/www.accuratereviews.com\\\/it\\\/#website\"},\"primaryImageOfPage\":{\"@id\":\"https:\\\/\\\/www.accuratereviews.com\\\/it\\\/software-gestione-finanze\\\/emoney-advisor-recensione\\\/#primaryimage\"},\"image\":{\"@id\":\"https:\\\/\\\/www.accuratereviews.com\\\/it\\\/software-gestione-finanze\\\/emoney-advisor-recensione\\\/#primaryimage\"},\"thumbnailUrl\":\"https:\\\/\\\/www.accuratereviews.com\\\/wp-content\\\/uploads\\\/2025\\\/02\\\/eMoney-Advisor.webp\",\"datePublished\":\"2025-02-28T15:15:16+00:00\",\"description\":\"eMoney Advisor: recensione software di pianificazione finanziaria per promuovere relazioni con i clienti e processi aziendali semplificati.\",\"breadcrumb\":{\"@id\":\"https:\\\/\\\/www.accuratereviews.com\\\/it\\\/software-gestione-finanze\\\/emoney-advisor-recensione\\\/#breadcrumb\"},\"inLanguage\":\"it-IT\",\"potentialAction\":[{\"@type\":\"ReadAction\",\"target\":[\"https:\\\/\\\/www.accuratereviews.com\\\/it\\\/software-gestione-finanze\\\/emoney-advisor-recensione\\\/\"]}]},{\"@type\":\"ImageObject\",\"inLanguage\":\"it-IT\",\"@id\":\"https:\\\/\\\/www.accuratereviews.com\\\/it\\\/software-gestione-finanze\\\/emoney-advisor-recensione\\\/#primaryimage\",\"url\":\"https:\\\/\\\/www.accuratereviews.com\\\/wp-content\\\/uploads\\\/2025\\\/02\\\/eMoney-Advisor.webp\",\"contentUrl\":\"https:\\\/\\\/www.accuratereviews.com\\\/wp-content\\\/uploads\\\/2025\\\/02\\\/eMoney-Advisor.webp\",\"width\":500,\"height\":500},{\"@type\":\"BreadcrumbList\",\"@id\":\"https:\\\/\\\/www.accuratereviews.com\\\/it\\\/software-gestione-finanze\\\/emoney-advisor-recensione\\\/#breadcrumb\",\"itemListElement\":[{\"@type\":\"ListItem\",\"position\":1,\"name\":\"Home\",\"item\":\"https:\\\/\\\/www.accuratereviews.com\\\/it\\\/\"},{\"@type\":\"ListItem\",\"position\":2,\"name\":\"Software per gestione finanze\",\"item\":\"https:\\\/\\\/www.accuratereviews.com\\\/it\\\/software-gestione-finanze\\\/\"},{\"@type\":\"ListItem\",\"position\":3,\"name\":\"eMoney Advisor\"}]},{\"@type\":\"WebSite\",\"@id\":\"https:\\\/\\\/www.accuratereviews.com\\\/it\\\/#website\",\"url\":\"https:\\\/\\\/www.accuratereviews.com\\\/it\\\/\",\"name\":\"Accurate Reviews\",\"description\":\"\",\"potentialAction\":[{\"@type\":\"SearchAction\",\"target\":{\"@type\":\"EntryPoint\",\"urlTemplate\":\"https:\\\/\\\/www.accuratereviews.com\\\/it\\\/?s={search_term_string}\"},\"query-input\":{\"@type\":\"PropertyValueSpecification\",\"valueRequired\":true,\"valueName\":\"search_term_string\"}}],\"inLanguage\":\"it-IT\"}]}<\/script>\n<!-- \/ Yoast SEO plugin. -->","yoast_head_json":{"title":"eMoney Advisor: recensione software gestione finanze - Accurate Reviews","description":"eMoney Advisor: recensione software di pianificazione finanziaria per promuovere relazioni con i clienti e processi aziendali semplificati.","robots":{"index":"index","follow":"follow","max-snippet":"max-snippet:-1","max-image-preview":"max-image-preview:large","max-video-preview":"max-video-preview:-1"},"canonical":"https:\/\/www.accuratereviews.com\/it\/software-gestione-finanze\/emoney-advisor-recensione\/","og_locale":"it_IT","og_type":"article","og_title":"eMoney Advisor: recensione software gestione finanze - Accurate Reviews","og_description":"eMoney Advisor: recensione software di pianificazione finanziaria per promuovere relazioni con i clienti e processi aziendali semplificati.","og_url":"https:\/\/www.accuratereviews.com\/it\/software-gestione-finanze\/emoney-advisor-recensione\/","og_site_name":"Accurate Reviews","og_image":[{"width":500,"height":500,"url":"https:\/\/www.accuratereviews.com\/wp-content\/uploads\/2025\/02\/eMoney-Advisor.webp","type":"image\/webp"}],"twitter_card":"summary_large_image","twitter_misc":{"Tempo di lettura stimato":"4 minuti"},"schema":{"@context":"https:\/\/schema.org","@graph":[{"@type":"WebPage","@id":"https:\/\/www.accuratereviews.com\/it\/software-gestione-finanze\/emoney-advisor-recensione\/","url":"https:\/\/www.accuratereviews.com\/it\/software-gestione-finanze\/emoney-advisor-recensione\/","name":"eMoney Advisor: recensione software gestione finanze - Accurate Reviews","isPartOf":{"@id":"https:\/\/www.accuratereviews.com\/it\/#website"},"primaryImageOfPage":{"@id":"https:\/\/www.accuratereviews.com\/it\/software-gestione-finanze\/emoney-advisor-recensione\/#primaryimage"},"image":{"@id":"https:\/\/www.accuratereviews.com\/it\/software-gestione-finanze\/emoney-advisor-recensione\/#primaryimage"},"thumbnailUrl":"https:\/\/www.accuratereviews.com\/wp-content\/uploads\/2025\/02\/eMoney-Advisor.webp","datePublished":"2025-02-28T15:15:16+00:00","description":"eMoney Advisor: recensione software di pianificazione finanziaria per promuovere relazioni con i clienti e processi aziendali semplificati.","breadcrumb":{"@id":"https:\/\/www.accuratereviews.com\/it\/software-gestione-finanze\/emoney-advisor-recensione\/#breadcrumb"},"inLanguage":"it-IT","potentialAction":[{"@type":"ReadAction","target":["https:\/\/www.accuratereviews.com\/it\/software-gestione-finanze\/emoney-advisor-recensione\/"]}]},{"@type":"ImageObject","inLanguage":"it-IT","@id":"https:\/\/www.accuratereviews.com\/it\/software-gestione-finanze\/emoney-advisor-recensione\/#primaryimage","url":"https:\/\/www.accuratereviews.com\/wp-content\/uploads\/2025\/02\/eMoney-Advisor.webp","contentUrl":"https:\/\/www.accuratereviews.com\/wp-content\/uploads\/2025\/02\/eMoney-Advisor.webp","width":500,"height":500},{"@type":"BreadcrumbList","@id":"https:\/\/www.accuratereviews.com\/it\/software-gestione-finanze\/emoney-advisor-recensione\/#breadcrumb","itemListElement":[{"@type":"ListItem","position":1,"name":"Home","item":"https:\/\/www.accuratereviews.com\/it\/"},{"@type":"ListItem","position":2,"name":"Software per gestione finanze","item":"https:\/\/www.accuratereviews.com\/it\/software-gestione-finanze\/"},{"@type":"ListItem","position":3,"name":"eMoney Advisor"}]},{"@type":"WebSite","@id":"https:\/\/www.accuratereviews.com\/it\/#website","url":"https:\/\/www.accuratereviews.com\/it\/","name":"Accurate Reviews","description":"","potentialAction":[{"@type":"SearchAction","target":{"@type":"EntryPoint","urlTemplate":"https:\/\/www.accuratereviews.com\/it\/?s={search_term_string}"},"query-input":{"@type":"PropertyValueSpecification","valueRequired":true,"valueName":"search_term_string"}}],"inLanguage":"it-IT"}]}},"_links":{"self":[{"href":"https:\/\/www.accuratereviews.com\/it\/wp-json\/wp\/v2\/pages\/85473","targetHints":{"allow":["GET"]}}],"collection":[{"href":"https:\/\/www.accuratereviews.com\/it\/wp-json\/wp\/v2\/pages"}],"about":[{"href":"https:\/\/www.accuratereviews.com\/it\/wp-json\/wp\/v2\/types\/page"}],"author":[{"embeddable":true,"href":"https:\/\/www.accuratereviews.com\/it\/wp-json\/wp\/v2\/users\/19"}],"replies":[{"embeddable":true,"href":"https:\/\/www.accuratereviews.com\/it\/wp-json\/wp\/v2\/comments?post=85473"}],"version-history":[{"count":6,"href":"https:\/\/www.accuratereviews.com\/it\/wp-json\/wp\/v2\/pages\/85473\/revisions"}],"predecessor-version":[{"id":85492,"href":"https:\/\/www.accuratereviews.com\/it\/wp-json\/wp\/v2\/pages\/85473\/revisions\/85492"}],"up":[{"embeddable":true,"href":"https:\/\/www.accuratereviews.com\/it\/wp-json\/wp\/v2\/pages\/85135"}],"wp:featuredmedia":[{"embeddable":true,"href":"https:\/\/www.accuratereviews.com\/it\/wp-json\/wp\/v2\/media\/85479"}],"wp:attachment":[{"href":"https:\/\/www.accuratereviews.com\/it\/wp-json\/wp\/v2\/media?parent=85473"}],"wp:term":[{"taxonomy":"category","embeddable":true,"href":"https:\/\/www.accuratereviews.com\/it\/wp-json\/wp\/v2\/categories?post=85473"},{"taxonomy":"post_tag","embeddable":true,"href":"https:\/\/www.accuratereviews.com\/it\/wp-json\/wp\/v2\/tags?post=85473"},{"taxonomy":"features","embeddable":true,"href":"https:\/\/www.accuratereviews.com\/it\/wp-json\/wp\/v2\/features?post=85473"}],"curies":[{"name":"wp","href":"https:\/\/api.w.org\/{rel}","templated":true}]}}