{"id":85638,"date":"2025-03-04T17:10:36","date_gmt":"2025-03-04T17:10:36","guid":{"rendered":"https:\/\/www.accuratereviews.com\/?page_id=85638"},"modified":"2025-03-04T17:10:36","modified_gmt":"2025-03-04T17:10:36","slug":"carta-recensione","status":"publish","type":"page","link":"https:\/\/www.accuratereviews.com\/it\/software-gestione-finanze\/carta-recensione\/","title":{"rendered":"Carta"},"content":{"rendered":"<p><strong>Carta<\/strong> \u00e8 una <strong>soluzione di gestione del capitale<\/strong> basata su <strong>cloud<\/strong> che aiuta a gestire valutazioni, piani azionari, tabelle di capitalizzazione e investimenti. La soluzione consente agli utenti di monitorare il capitale dei dipendenti e non dipendenti su una piattaforma unificata, consentendo loro di organizzare in modo efficiente i piani di acquisto di azioni dei dipendenti e l&#8217;amministrazione. Le caratteristiche principali includono la gestione degli azionisti, la generazione del modulo 3921, la contabilit\u00e0 delle spese basata su audit, metriche in tempo reale, una dashboard visiva, l&#8217;amministrazione dei fondi di rischio, la gestione delle riunioni del consiglio, la gestione della regola 701, le valutazioni ASC 820 e altro ancora.<br \/>\nLa piattaforma consente a investitori e dipendenti di accettare opzioni di esercizio, titoli elettronici e monitorare i programmi di vesting. Inoltre, la soluzione consente agli utenti di amministrare programmi di liquidit\u00e0, sfruttando una dashboard centralizzata, un tracker di avanzamento e un gestore delle transazioni.<\/p>\n<h2>CARTA &#8211; TUTORIAL<\/h2>\n<div id=\"fluid-wrapper-counter-1\" class=\"g1-fluid-wrapper \" style=\"width:686px;\">\n<div style=\"padding-bottom:56.268221574344%;\"><iframe loading=\"lazy\" title=\"Behind Every Fundraise | Carta\" width=\"686\" height=\"386\" src=\"https:\/\/www.youtube.com\/embed\/o28ZEGZzJvU?feature=oembed&amp;wmode=transparent&amp;autohide=1&amp;autoplay=0&amp;disablekb=0&amp;fs=1&amp;loop=0&amp;enablejsapi=1&amp;rel=0&amp;controls=2&amp;showinfo=0&amp;wmode=transparent&amp;autohide=2&amp;autoplay=0&amp;disablekb=0&amp;fs=1&amp;loop=0&amp;enablejsapi=1&amp;rel=0&amp;controls=2&amp;showinfo=1\" frameborder=\"0\" allow=\"accelerometer; autoplay; clipboard-write; encrypted-media; gyroscope; picture-in-picture; web-share\" referrerpolicy=\"strict-origin-when-cross-origin\" allowfullscreen><\/iframe><\/div>\n<\/div>\n<h3>CARTA &#8211; CARATTERISTICHE<\/h3>\n<ul>\n<li><strong>Tabella dei capitali digitali<\/strong>: rendi la tabella dei capitali della tua azienda un asset, non una passivit\u00e0. La soluzione gestisce tutti i tipi di azioni e gli stakeholder, cos\u00ec non perderai mai traccia della propriet\u00e0.<\/li>\n<li><strong>Dashboard utente interattive<\/strong>: coinvolgi i tuoi stakeholder con dashboard azionarie che tracciano i progressi di vesting per i dipendenti e mostrano agli investitori il loro rendimento stimato.<\/li>\n<li><strong>Onboarding e supporto:<\/strong> fornisce un supporto pratico per la migrazione delle tue informazioni e fornisce al tuo team una piattaforma sicura.<\/li>\n<li><strong>Gestione degli stakeholder:<\/strong> tieni informati gli investitori sulla loro posizione azionaria man mano che la tua tabella dei capitali si evolve con una gestione centralizzata degli stakeholder.<\/li>\n<li><strong>Protezione dati affidabile<\/strong>: le politiche interne, le funzionalit\u00e0 di privacy e i protocolli di test aiutano a mantenere i tuoi dati al sicuro.<\/li>\n<li><strong>Valutazioni aziendali<\/strong>: ottieni valutazioni EMI, CSOP, 409A e azioni di crescita quando ne hai bisogno. Il team interno di esperti pu\u00f2 fornire valutazioni in 3-5 giorni lavorativi.<\/li>\n<li><strong>Gestione del piano azionario<\/strong>: imposta il tuo schema azionario EMI e inizia a emettere opzioni in poche settimane, utilizzando modelli di piano azionario personalizzabili sviluppati da avvocati.<\/li>\n<li><strong>Elimina gli errori<\/strong>: gli aggiornamenti in tempo reale della tabella dei capitali ti consentono di dimenticare la riconciliazione manuale e concentrarti sulla gestione della tua attivit\u00e0.<\/li>\n<li><strong>Raccolta fondi pi\u00f9 velocemente<\/strong>: aggiungi documenti di investimento e note convertibili esistenti in pochi minuti, non in giorni.<\/li>\n<li><strong>Fai di pi\u00f9 con il capitale<\/strong>: emetti certificati azionari, accedi a report finanziari critici e modifica future raccolte fondi da un&#8217;unica piattaforma.<\/li>\n<li><strong>Competenza interna:<\/strong> le tue valutazioni vengono eseguite dagli esperti, mai esternalizzate a un partner o a una terza parte.<\/li>\n<li><strong>Supporto HMRC e IRS<\/strong>: lascia che facciamo noi le cose noiose per te. Ci metteremo persino in contatto con le autorit\u00e0 fiscali del Regno Unito o degli Stati Uniti per tuo conto.<\/li>\n<li><strong>Conformit\u00e0 integrata<\/strong>: non perdere mai una scadenza o superare un limite di sovvenzione, grazie ai tracker in-app e alle dichiarazioni HMRC semplificate.<\/li>\n<\/ul>\n<h4>LE RECENSIONI DEGLI UTENTI<\/h4>\n<p><strong>Filippo &#8220;Buono strumento&#8221;<\/strong><br \/>\n<strong>Commenti<\/strong>: nel complesso la mia esperienza con Carta \u00e8 positiva e non riesco pi\u00f9 a farne a meno<br \/>\n<strong>Pro<\/strong>: la semplicit\u00e0 di utilizzo e l\u2019 intuitivit\u00e0 sono sicuramente due dei punti forti di Carta!<br \/>\n<strong>Contro<\/strong>: al momento non ho riscontrato nessun aspetto negativo (a mio riguardo e per l\u2019uso che ne faccio)<\/p>\n<p><strong>James &#8220;Carta &#8211; Gestione patrimoniale completa per societ\u00e0 private&#8221;<\/strong><br \/>\n<strong>Commenti<\/strong>: 5 stelle. Sono un avvocato specializzato in titoli aziendali da oltre 20 anni (oltre 15 anni in azienda) e Carta \u00e8 la mia applicazione preferita per le entit\u00e0 private. Ha fatto risparmiare innumerevoli ore di fogli di calcolo, fornendo una soluzione chiavi in mano precisa e facile da amministrare per il consiglio di amministrazione, gli investitori e i dipendenti.<br \/>\n<strong>Pro<\/strong>: la gestione del capitale \u00e8 chiavi in mano. Possibilit\u00e0 di condividere con i nostri avvocati e contabili. Possibilit\u00e0 di estrarre rapidamente dati e report per fondi e revisori esterni. Portale di opzioni self-service per i dipendenti.<br \/>\n<strong>Contro<\/strong>: alcune sfumature sono complesse, ma il software funziona. Richiede un po&#8217; di allenamento, ma lo sforzo vale il tempo di tenere tutte le azioni in un unico registro.<\/p>\n<p><strong>Margaret &#8220;Ottimo strumento per la gestione del capitale&#8221;<\/strong><br \/>\n<strong>Commenti<\/strong>: ottimo per la gestione del cap table. Anche il servizio clienti \u00e8 eccellente.<br \/>\n<strong>Pro<\/strong>: mi piace il fatto che sia comunemente utilizzato nelle aziende tecnologiche, quindi molti investitori lo apprezzano gi\u00e0.<br \/>\n<strong>Contro<\/strong>: alcune funzionalit\u00e0 sono difficili da individuare e la funzione di aiuto fa riferimento a una versione del software diversa da quella in mio possesso.<\/p>\n","protected":false},"excerpt":{"rendered":"<p>Carta \u00e8 una soluzione di gestione del capitale basata su cloud che aiuta a gestire valutazioni, piani azionari, tabelle di capitalizzazione e investimenti. La soluzione consente agli utenti di monitorare il capitale dei dipendenti e non dipendenti su una piattaforma unificata, consentendo loro di organizzare in modo efficiente i piani di acquisto di azioni dei dipendenti e l&#8217;amministrazione.<\/p>\n","protected":false},"author":19,"featured_media":85643,"parent":85135,"menu_order":0,"comment_status":"open","ping_status":"closed","template":"g1_template_page_review_new.php","meta":{"_acf_changed":false,"cwp_meta_box_check":"No","cwp_rev_product_name":"","cwp_rev_product_image":"","wppr_links":[],"cwp_rev_price":"","wppr_options":[],"wppr_pros":[],"wppr_cons":[],"_monsterinsights_skip_tracking":false,"_monsterinsights_sitenote_active":false,"_monsterinsights_sitenote_note":"","_monsterinsights_sitenote_category":0,"footnotes":""},"categories":[15812],"tags":[15876,15815,15817,15823,15821,15822],"features":[],"class_list":{"0":"post-85638","1":"page","2":"type-page","3":"status-publish","4":"has-post-thumbnail","6":"category-software-per-gestione-finanze-cat","7":"tag-carta","8":"tag-gestione-finanze","9":"tag-piattaforma-gestione-finanze","10":"tag-programma-gestione-finanze","11":"tag-software-gestione-finanze","12":"tag-soluzione-gestione-finanze"},"wppr_data":{"cwp_meta_box_check":"No"},"acf":[],"yoast_head":"<!-- This site is optimized with the Yoast SEO plugin v27.4 - https:\/\/yoast.com\/product\/yoast-seo-wordpress\/ -->\n<title>Carta: software gestione finanziaria - Accurate Reviews<\/title>\n<meta name=\"description\" content=\"Carta: soluzione di gestione del capitale che aiuta a generare valutazioni, piani azionari, tabelle di capitalizzazione e investimenti.\" \/>\n<meta name=\"robots\" content=\"index, follow, max-snippet:-1, max-image-preview:large, max-video-preview:-1\" \/>\n<link rel=\"canonical\" href=\"https:\/\/www.accuratereviews.com\/it\/software-gestione-finanze\/carta-recensione\/\" \/>\n<meta property=\"og:locale\" content=\"it_IT\" \/>\n<meta property=\"og:type\" content=\"article\" \/>\n<meta property=\"og:title\" content=\"Carta: software gestione finanziaria - Accurate Reviews\" \/>\n<meta property=\"og:description\" content=\"Carta: soluzione di gestione del capitale che aiuta a generare valutazioni, piani azionari, tabelle di capitalizzazione e investimenti.\" \/>\n<meta property=\"og:url\" content=\"https:\/\/www.accuratereviews.com\/it\/software-gestione-finanze\/carta-recensione\/\" \/>\n<meta property=\"og:site_name\" content=\"Accurate Reviews\" \/>\n<meta property=\"og:image\" content=\"https:\/\/www.accuratereviews.com\/wp-content\/uploads\/2025\/03\/Carta.png\" \/>\n\t<meta property=\"og:image:width\" content=\"1228\" \/>\n\t<meta property=\"og:image:height\" content=\"539\" \/>\n\t<meta property=\"og:image:type\" content=\"image\/png\" \/>\n<meta name=\"twitter:card\" content=\"summary_large_image\" \/>\n<meta name=\"twitter:label1\" content=\"Tempo di lettura stimato\" \/>\n\t<meta name=\"twitter:data1\" content=\"5 minuti\" \/>\n<script type=\"application\/ld+json\" class=\"yoast-schema-graph\">{\"@context\":\"https:\\\/\\\/schema.org\",\"@graph\":[{\"@type\":\"WebPage\",\"@id\":\"https:\\\/\\\/www.accuratereviews.com\\\/it\\\/software-gestione-finanze\\\/carta-recensione\\\/\",\"url\":\"https:\\\/\\\/www.accuratereviews.com\\\/it\\\/software-gestione-finanze\\\/carta-recensione\\\/\",\"name\":\"Carta: software gestione finanziaria - Accurate Reviews\",\"isPartOf\":{\"@id\":\"https:\\\/\\\/www.accuratereviews.com\\\/it\\\/#website\"},\"primaryImageOfPage\":{\"@id\":\"https:\\\/\\\/www.accuratereviews.com\\\/it\\\/software-gestione-finanze\\\/carta-recensione\\\/#primaryimage\"},\"image\":{\"@id\":\"https:\\\/\\\/www.accuratereviews.com\\\/it\\\/software-gestione-finanze\\\/carta-recensione\\\/#primaryimage\"},\"thumbnailUrl\":\"https:\\\/\\\/www.accuratereviews.com\\\/wp-content\\\/uploads\\\/2025\\\/03\\\/Carta.png\",\"datePublished\":\"2025-03-04T17:10:36+00:00\",\"description\":\"Carta: soluzione di gestione del capitale che aiuta a generare valutazioni, piani azionari, tabelle di capitalizzazione e investimenti.\",\"breadcrumb\":{\"@id\":\"https:\\\/\\\/www.accuratereviews.com\\\/it\\\/software-gestione-finanze\\\/carta-recensione\\\/#breadcrumb\"},\"inLanguage\":\"it-IT\",\"potentialAction\":[{\"@type\":\"ReadAction\",\"target\":[\"https:\\\/\\\/www.accuratereviews.com\\\/it\\\/software-gestione-finanze\\\/carta-recensione\\\/\"]}]},{\"@type\":\"ImageObject\",\"inLanguage\":\"it-IT\",\"@id\":\"https:\\\/\\\/www.accuratereviews.com\\\/it\\\/software-gestione-finanze\\\/carta-recensione\\\/#primaryimage\",\"url\":\"https:\\\/\\\/www.accuratereviews.com\\\/wp-content\\\/uploads\\\/2025\\\/03\\\/Carta.png\",\"contentUrl\":\"https:\\\/\\\/www.accuratereviews.com\\\/wp-content\\\/uploads\\\/2025\\\/03\\\/Carta.png\",\"width\":1228,\"height\":539},{\"@type\":\"BreadcrumbList\",\"@id\":\"https:\\\/\\\/www.accuratereviews.com\\\/it\\\/software-gestione-finanze\\\/carta-recensione\\\/#breadcrumb\",\"itemListElement\":[{\"@type\":\"ListItem\",\"position\":1,\"name\":\"Home\",\"item\":\"https:\\\/\\\/www.accuratereviews.com\\\/it\\\/\"},{\"@type\":\"ListItem\",\"position\":2,\"name\":\"Software per gestione finanze\",\"item\":\"https:\\\/\\\/www.accuratereviews.com\\\/it\\\/software-gestione-finanze\\\/\"},{\"@type\":\"ListItem\",\"position\":3,\"name\":\"Carta\"}]},{\"@type\":\"WebSite\",\"@id\":\"https:\\\/\\\/www.accuratereviews.com\\\/it\\\/#website\",\"url\":\"https:\\\/\\\/www.accuratereviews.com\\\/it\\\/\",\"name\":\"Accurate Reviews\",\"description\":\"\",\"potentialAction\":[{\"@type\":\"SearchAction\",\"target\":{\"@type\":\"EntryPoint\",\"urlTemplate\":\"https:\\\/\\\/www.accuratereviews.com\\\/it\\\/?s={search_term_string}\"},\"query-input\":{\"@type\":\"PropertyValueSpecification\",\"valueRequired\":true,\"valueName\":\"search_term_string\"}}],\"inLanguage\":\"it-IT\"}]}<\/script>\n<!-- \/ Yoast SEO plugin. -->","yoast_head_json":{"title":"Carta: software gestione finanziaria - Accurate Reviews","description":"Carta: soluzione di gestione del capitale che aiuta a generare valutazioni, piani azionari, tabelle di capitalizzazione e investimenti.","robots":{"index":"index","follow":"follow","max-snippet":"max-snippet:-1","max-image-preview":"max-image-preview:large","max-video-preview":"max-video-preview:-1"},"canonical":"https:\/\/www.accuratereviews.com\/it\/software-gestione-finanze\/carta-recensione\/","og_locale":"it_IT","og_type":"article","og_title":"Carta: software gestione finanziaria - Accurate Reviews","og_description":"Carta: soluzione di gestione del capitale che aiuta a generare valutazioni, piani azionari, tabelle di capitalizzazione e investimenti.","og_url":"https:\/\/www.accuratereviews.com\/it\/software-gestione-finanze\/carta-recensione\/","og_site_name":"Accurate Reviews","og_image":[{"width":1228,"height":539,"url":"https:\/\/www.accuratereviews.com\/wp-content\/uploads\/2025\/03\/Carta.png","type":"image\/png"}],"twitter_card":"summary_large_image","twitter_misc":{"Tempo di lettura stimato":"5 minuti"},"schema":{"@context":"https:\/\/schema.org","@graph":[{"@type":"WebPage","@id":"https:\/\/www.accuratereviews.com\/it\/software-gestione-finanze\/carta-recensione\/","url":"https:\/\/www.accuratereviews.com\/it\/software-gestione-finanze\/carta-recensione\/","name":"Carta: software gestione finanziaria - Accurate Reviews","isPartOf":{"@id":"https:\/\/www.accuratereviews.com\/it\/#website"},"primaryImageOfPage":{"@id":"https:\/\/www.accuratereviews.com\/it\/software-gestione-finanze\/carta-recensione\/#primaryimage"},"image":{"@id":"https:\/\/www.accuratereviews.com\/it\/software-gestione-finanze\/carta-recensione\/#primaryimage"},"thumbnailUrl":"https:\/\/www.accuratereviews.com\/wp-content\/uploads\/2025\/03\/Carta.png","datePublished":"2025-03-04T17:10:36+00:00","description":"Carta: soluzione di gestione del capitale che aiuta a generare valutazioni, piani azionari, tabelle di capitalizzazione e investimenti.","breadcrumb":{"@id":"https:\/\/www.accuratereviews.com\/it\/software-gestione-finanze\/carta-recensione\/#breadcrumb"},"inLanguage":"it-IT","potentialAction":[{"@type":"ReadAction","target":["https:\/\/www.accuratereviews.com\/it\/software-gestione-finanze\/carta-recensione\/"]}]},{"@type":"ImageObject","inLanguage":"it-IT","@id":"https:\/\/www.accuratereviews.com\/it\/software-gestione-finanze\/carta-recensione\/#primaryimage","url":"https:\/\/www.accuratereviews.com\/wp-content\/uploads\/2025\/03\/Carta.png","contentUrl":"https:\/\/www.accuratereviews.com\/wp-content\/uploads\/2025\/03\/Carta.png","width":1228,"height":539},{"@type":"BreadcrumbList","@id":"https:\/\/www.accuratereviews.com\/it\/software-gestione-finanze\/carta-recensione\/#breadcrumb","itemListElement":[{"@type":"ListItem","position":1,"name":"Home","item":"https:\/\/www.accuratereviews.com\/it\/"},{"@type":"ListItem","position":2,"name":"Software per gestione finanze","item":"https:\/\/www.accuratereviews.com\/it\/software-gestione-finanze\/"},{"@type":"ListItem","position":3,"name":"Carta"}]},{"@type":"WebSite","@id":"https:\/\/www.accuratereviews.com\/it\/#website","url":"https:\/\/www.accuratereviews.com\/it\/","name":"Accurate Reviews","description":"","potentialAction":[{"@type":"SearchAction","target":{"@type":"EntryPoint","urlTemplate":"https:\/\/www.accuratereviews.com\/it\/?s={search_term_string}"},"query-input":{"@type":"PropertyValueSpecification","valueRequired":true,"valueName":"search_term_string"}}],"inLanguage":"it-IT"}]}},"_links":{"self":[{"href":"https:\/\/www.accuratereviews.com\/it\/wp-json\/wp\/v2\/pages\/85638","targetHints":{"allow":["GET"]}}],"collection":[{"href":"https:\/\/www.accuratereviews.com\/it\/wp-json\/wp\/v2\/pages"}],"about":[{"href":"https:\/\/www.accuratereviews.com\/it\/wp-json\/wp\/v2\/types\/page"}],"author":[{"embeddable":true,"href":"https:\/\/www.accuratereviews.com\/it\/wp-json\/wp\/v2\/users\/19"}],"replies":[{"embeddable":true,"href":"https:\/\/www.accuratereviews.com\/it\/wp-json\/wp\/v2\/comments?post=85638"}],"version-history":[{"count":7,"href":"https:\/\/www.accuratereviews.com\/it\/wp-json\/wp\/v2\/pages\/85638\/revisions"}],"predecessor-version":[{"id":85680,"href":"https:\/\/www.accuratereviews.com\/it\/wp-json\/wp\/v2\/pages\/85638\/revisions\/85680"}],"up":[{"embeddable":true,"href":"https:\/\/www.accuratereviews.com\/it\/wp-json\/wp\/v2\/pages\/85135"}],"wp:featuredmedia":[{"embeddable":true,"href":"https:\/\/www.accuratereviews.com\/it\/wp-json\/wp\/v2\/media\/85643"}],"wp:attachment":[{"href":"https:\/\/www.accuratereviews.com\/it\/wp-json\/wp\/v2\/media?parent=85638"}],"wp:term":[{"taxonomy":"category","embeddable":true,"href":"https:\/\/www.accuratereviews.com\/it\/wp-json\/wp\/v2\/categories?post=85638"},{"taxonomy":"post_tag","embeddable":true,"href":"https:\/\/www.accuratereviews.com\/it\/wp-json\/wp\/v2\/tags?post=85638"},{"taxonomy":"features","embeddable":true,"href":"https:\/\/www.accuratereviews.com\/it\/wp-json\/wp\/v2\/features?post=85638"}],"curies":[{"name":"wp","href":"https:\/\/api.w.org\/{rel}","templated":true}]}}