{"id":85776,"date":"2025-03-06T16:39:21","date_gmt":"2025-03-06T16:39:21","guid":{"rendered":"https:\/\/www.accuratereviews.com\/?page_id=85776"},"modified":"2025-03-06T16:39:21","modified_gmt":"2025-03-06T16:39:21","slug":"creatio-crm-recensione","status":"publish","type":"page","link":"https:\/\/www.accuratereviews.com\/it\/software-gestione-finanze\/creatio-crm-recensione\/","title":{"rendered":"Creatio CRM"},"content":{"rendered":"<p><strong>Creatio CRM<\/strong> \u00e8 una <strong>piattaforma all-in-one<\/strong> che aiuta le aziende a gestire i processi di clienti e ricavi. La piattaforma fornisce un&#8217;esperienza CRM unificata, consentendo la collaborazione tra team di vendita, marketing e assistenza tramite un database condiviso e flussi di lavoro multi-team e multi-spazio di lavoro. Offre una visione a 360 gradi del cliente, consentendo alle aziende di offrire esperienze personalizzate.<br \/>\nLa piattaforma utilizza l<strong>&#8216;intelligenza artificiale<\/strong> e l&#8217;apprendimento automatico per generare informazioni basate sui dati dei clienti, fornendo una comprensione completa del profilo e della cronologia delle interazioni di ciascun cliente. Le sue capacit\u00e0 di personalizzazione senza codice illimitate permette alle aziende di creare applicazioni uniche e adattare i moduli principali a esigenze specifiche senza codifica. Questa soluzione offre, inoltre, strumenti di analisi e reporting in tempo reale, consentendo agli utenti di creare facilmente dashboard personalizzate e applicazioni di BI senza dover scrivere righe codice.<\/p>\n<h2>CREATIO CRM &#8211; TUTORIAL<\/h2>\n<div id=\"fluid-wrapper-counter-1\" class=\"g1-fluid-wrapper \" style=\"width:686px;\">\n<div style=\"padding-bottom:56.268221574344%;\"><iframe loading=\"lazy\" title=\"Creatio CRM Tutorial For Beginners | How To Use Creatio CRM\" width=\"686\" height=\"386\" src=\"https:\/\/www.youtube.com\/embed\/6AxQlVOQlVs?feature=oembed&amp;wmode=transparent&amp;autohide=1&amp;autoplay=0&amp;disablekb=0&amp;fs=1&amp;loop=0&amp;enablejsapi=1&amp;rel=0&amp;controls=2&amp;showinfo=0&amp;wmode=transparent&amp;autohide=2&amp;autoplay=0&amp;disablekb=0&amp;fs=1&amp;loop=0&amp;enablejsapi=1&amp;rel=0&amp;controls=2&amp;showinfo=1\" frameborder=\"0\" allow=\"accelerometer; autoplay; clipboard-write; encrypted-media; gyroscope; picture-in-picture; web-share\" referrerpolicy=\"strict-origin-when-cross-origin\" allowfullscreen><\/iframe><\/div>\n<\/div>\n<h3>CREATIO CRM &#8211; CARATTERISTICHE<\/h3>\n<ul>\n<li>Visualizza e gestisci in modo sicuro tutte le tue abilit\u00e0 AI in un unico posto con AI Command Center<\/li>\n<li>Utilizza l&#8217;elaborazione del linguaggio naturale per creare e distribuire nuove competenze di intelligenza artificiale agli utenti finali senza scrivere alcun codice<\/li>\n<li>Ottieni piena visibilit\u00e0 per amministrare e gestire l&#8217;utilizzo dell&#8217;intelligenza artificiale all&#8217;interno dell&#8217;organizzazione con un approccio trasparente<\/li>\n<li>Connetti perfettamente le tue applicazioni con sistemi esterni per creare flussi di lavoro unificati ed eliminare i silos di dati.<\/li>\n<li>Crea report e dashboard interattivi per visualizzare i dati e ottenere informazioni dettagliate sui principali parametri aziendali.<\/li>\n<li>Imposta una segmentazione flessibile dei clienti in base a vari criteri e coinvolgi il tuo pubblico con offerte personalizzate attraverso il canale giusto, al momento giusto.<\/li>\n<li>Garantisci una forte generazione di lead e la consapevolezza del marchio progettando, eseguendo e ottimizzando campagne di marketing omnichannel per vari mercati e aree geografiche su scala.<\/li>\n<li>Migliora la fidelizzazione dei clienti con un programma di bonus fedelt\u00e0 completo e automatizzato, integra e gestisci pi\u00f9 soluzioni di fidelizzazione in una sola e analizza i KPI del programma fedelt\u00e0 per garantire una crescita costante.<\/li>\n<li>Semplifica i processi organizzativi per gli eventi aziendali incentrati sui clienti e attingendo a gruppi specifici di lead eseguendo campagne di marketing efficaci su misura per gli eventi di settore e per le fiere.<\/li>\n<li>Traccia e acquisisci i tuoi lead da diverse fonti in un database unificato, assicurati la verifica automatica dei dati e progetta il tuo processo di gestione dei lead per ottenere i migliori tassi di conversione.<\/li>\n<li>Gestisci le tue opportunit\u00e0 con processi specifici utili a supportarti nella definizione e attuazione della strategia pi\u00f9 ottimale per ogni potenziale cliente.<\/li>\n<li>Aumenta il coinvolgimento dei clienti e costruisci relazioni durature nel tempo, facendo proposte di valore altamente personalizzate basate sullo scoring predittivo, sull&#8217;intelligenza dell&#8217;AI\/ML della prossima offerta migliore e sulla cronologia delle interazioni precedenti del cliente.<\/li>\n<li>Offri ai tuoi rappresentanti di vendita e agli agenti di front-office la possibilit\u00e0 di gestire le loro attivit\u00e0 quotidiane, le richieste dei clienti e le comunicazioni in un ambiente digitale unificato che riduce al minimo le distrazioni e garantisce la massima produttivit\u00e0.<\/li>\n<\/ul>\n","protected":false},"excerpt":{"rendered":"<p>Creatio CRM \u00e8 una piattaforma all-in-one che aiuta le aziende a gestire i processi di clienti e ricavi. La piattaforma fornisce un&#8217;esperienza CRM unificata, consentendo la collaborazione tra team di vendita, marketing e assistenza tramite un database condiviso e flussi di lavoro multi-team e multi-spazio di lavoro.<\/p>\n","protected":false},"author":19,"featured_media":85777,"parent":85135,"menu_order":0,"comment_status":"open","ping_status":"closed","template":"g1_template_page_review_new.php","meta":{"_acf_changed":false,"cwp_meta_box_check":"Yes","cwp_rev_product_name":"","cwp_rev_product_image":"","wppr_links":[],"cwp_rev_price":"0.00","wppr_options":[{"name":"Usability","value":"0"},{"name":"Speed","value":"0"},{"name":"Features","value":"0"},{"name":"Support","value":"0"},{"name":"Pricing","value":"0"}],"wppr_pros":["","","","",""],"wppr_cons":["","","","",""],"_monsterinsights_skip_tracking":false,"_monsterinsights_sitenote_active":false,"_monsterinsights_sitenote_note":"","_monsterinsights_sitenote_category":0,"footnotes":""},"categories":[15812],"tags":[15890,15815,15817,15823,15821,15822],"features":[],"class_list":{"0":"post-85776","1":"page","2":"type-page","3":"status-publish","4":"has-post-thumbnail","6":"category-software-per-gestione-finanze-cat","7":"tag-creatio-crm","8":"tag-gestione-finanze","9":"tag-piattaforma-gestione-finanze","10":"tag-programma-gestione-finanze","11":"tag-software-gestione-finanze","12":"tag-soluzione-gestione-finanze"},"wppr_data":{"cwp_meta_box_check":"Yes","_wppr_review_template":"default","cwp_rev_product_image":"","cwp_image_link":"image","wppr_links":[],"cwp_rev_price":"0.00","wppr_pros":["","","","",""],"wppr_cons":["","","","",""],"wppr_rating":"0.00","wppr_options":{"1":{"name":"Usability","value":"0"},"2":{"name":"Speed","value":"0"},"3":{"name":"Features","value":"0"},"4":{"name":"Support","value":"0"},"5":{"name":"Pricing","value":"0"}},"wppr_review_type":"Product","wppr_review_custom_fields":{"additionalProperty":"","additionalType":"","aggregateRating":"","alternateName":"","audience":"","award":"","awards":"","brand":"","color":"","depth":"","description":"","disambiguatingDescription":"","gtin12":"","gtin13":"","gtin14":"","gtin8":"","height":"","identifier":"","image":"","isAccessoryOrSparePartFor":"","isConsumableFor":"","isRelatedTo":"","isSimilarTo":"","itemCondition":"","logo":"","mainEntityOfPage":"","manufacturer":"","material":"","model":"","mpn":"","name":"","offers":"","potentialAction":"","productID":"","productionDate":"","purchaseDate":"","releaseDate":"","review":"","reviews":"","sameAs":"","sku":"","slogan":"","subjectOf":"","url":"","weight":"","width":""}},"acf":[],"yoast_head":"<!-- This site is optimized with the Yoast SEO plugin v27.4 - https:\/\/yoast.com\/product\/yoast-seo-wordpress\/ -->\n<title>Creatio CRM: recensione software gestione finanze - Accurate Reviews<\/title>\n<meta name=\"description\" content=\"Creatio CRM: recensione piattaforma all-in-one che aiuta le aziende a gestire i processi di clienti e ricavi.\" \/>\n<meta name=\"robots\" content=\"index, follow, max-snippet:-1, max-image-preview:large, max-video-preview:-1\" \/>\n<link rel=\"canonical\" href=\"https:\/\/www.accuratereviews.com\/it\/software-gestione-finanze\/creatio-crm-recensione\/\" \/>\n<meta property=\"og:locale\" content=\"it_IT\" \/>\n<meta property=\"og:type\" content=\"article\" \/>\n<meta property=\"og:title\" content=\"Creatio CRM: recensione software gestione finanze - Accurate Reviews\" \/>\n<meta property=\"og:description\" content=\"Creatio CRM: recensione piattaforma all-in-one che aiuta le aziende a gestire i processi di clienti e ricavi.\" \/>\n<meta property=\"og:url\" content=\"https:\/\/www.accuratereviews.com\/it\/software-gestione-finanze\/creatio-crm-recensione\/\" \/>\n<meta property=\"og:site_name\" content=\"Accurate Reviews\" \/>\n<meta property=\"og:image\" content=\"https:\/\/www.accuratereviews.com\/wp-content\/uploads\/2025\/03\/Creatio-CRM.webp\" \/>\n\t<meta property=\"og:image:width\" content=\"1704\" \/>\n\t<meta property=\"og:image:height\" content=\"1984\" \/>\n\t<meta property=\"og:image:type\" content=\"image\/webp\" \/>\n<meta name=\"twitter:card\" content=\"summary_large_image\" \/>\n<meta name=\"twitter:label1\" content=\"Tempo di lettura stimato\" \/>\n\t<meta name=\"twitter:data1\" content=\"4 minuti\" \/>\n<script type=\"application\/ld+json\" class=\"yoast-schema-graph\">{\"@context\":\"https:\\\/\\\/schema.org\",\"@graph\":[{\"@type\":\"WebPage\",\"@id\":\"https:\\\/\\\/www.accuratereviews.com\\\/it\\\/software-gestione-finanze\\\/creatio-crm-recensione\\\/\",\"url\":\"https:\\\/\\\/www.accuratereviews.com\\\/it\\\/software-gestione-finanze\\\/creatio-crm-recensione\\\/\",\"name\":\"Creatio CRM: recensione software gestione finanze - Accurate Reviews\",\"isPartOf\":{\"@id\":\"https:\\\/\\\/www.accuratereviews.com\\\/it\\\/#website\"},\"primaryImageOfPage\":{\"@id\":\"https:\\\/\\\/www.accuratereviews.com\\\/it\\\/software-gestione-finanze\\\/creatio-crm-recensione\\\/#primaryimage\"},\"image\":{\"@id\":\"https:\\\/\\\/www.accuratereviews.com\\\/it\\\/software-gestione-finanze\\\/creatio-crm-recensione\\\/#primaryimage\"},\"thumbnailUrl\":\"https:\\\/\\\/www.accuratereviews.com\\\/wp-content\\\/uploads\\\/2025\\\/03\\\/Creatio-CRM.webp\",\"datePublished\":\"2025-03-06T16:39:21+00:00\",\"description\":\"Creatio CRM: recensione piattaforma all-in-one che aiuta le aziende a gestire i processi di clienti e ricavi.\",\"breadcrumb\":{\"@id\":\"https:\\\/\\\/www.accuratereviews.com\\\/it\\\/software-gestione-finanze\\\/creatio-crm-recensione\\\/#breadcrumb\"},\"inLanguage\":\"it-IT\",\"potentialAction\":[{\"@type\":\"ReadAction\",\"target\":[\"https:\\\/\\\/www.accuratereviews.com\\\/it\\\/software-gestione-finanze\\\/creatio-crm-recensione\\\/\"]}]},{\"@type\":\"ImageObject\",\"inLanguage\":\"it-IT\",\"@id\":\"https:\\\/\\\/www.accuratereviews.com\\\/it\\\/software-gestione-finanze\\\/creatio-crm-recensione\\\/#primaryimage\",\"url\":\"https:\\\/\\\/www.accuratereviews.com\\\/wp-content\\\/uploads\\\/2025\\\/03\\\/Creatio-CRM.webp\",\"contentUrl\":\"https:\\\/\\\/www.accuratereviews.com\\\/wp-content\\\/uploads\\\/2025\\\/03\\\/Creatio-CRM.webp\",\"width\":1704,\"height\":1984},{\"@type\":\"BreadcrumbList\",\"@id\":\"https:\\\/\\\/www.accuratereviews.com\\\/it\\\/software-gestione-finanze\\\/creatio-crm-recensione\\\/#breadcrumb\",\"itemListElement\":[{\"@type\":\"ListItem\",\"position\":1,\"name\":\"Home\",\"item\":\"https:\\\/\\\/www.accuratereviews.com\\\/it\\\/\"},{\"@type\":\"ListItem\",\"position\":2,\"name\":\"Software per gestione finanze\",\"item\":\"https:\\\/\\\/www.accuratereviews.com\\\/it\\\/software-gestione-finanze\\\/\"},{\"@type\":\"ListItem\",\"position\":3,\"name\":\"Creatio CRM\"}]},{\"@type\":\"WebSite\",\"@id\":\"https:\\\/\\\/www.accuratereviews.com\\\/it\\\/#website\",\"url\":\"https:\\\/\\\/www.accuratereviews.com\\\/it\\\/\",\"name\":\"Accurate Reviews\",\"description\":\"\",\"potentialAction\":[{\"@type\":\"SearchAction\",\"target\":{\"@type\":\"EntryPoint\",\"urlTemplate\":\"https:\\\/\\\/www.accuratereviews.com\\\/it\\\/?s={search_term_string}\"},\"query-input\":{\"@type\":\"PropertyValueSpecification\",\"valueRequired\":true,\"valueName\":\"search_term_string\"}}],\"inLanguage\":\"it-IT\"}]}<\/script>\n<!-- \/ Yoast SEO plugin. -->","yoast_head_json":{"title":"Creatio CRM: recensione software gestione finanze - Accurate Reviews","description":"Creatio CRM: recensione piattaforma all-in-one che aiuta le aziende a gestire i processi di clienti e ricavi.","robots":{"index":"index","follow":"follow","max-snippet":"max-snippet:-1","max-image-preview":"max-image-preview:large","max-video-preview":"max-video-preview:-1"},"canonical":"https:\/\/www.accuratereviews.com\/it\/software-gestione-finanze\/creatio-crm-recensione\/","og_locale":"it_IT","og_type":"article","og_title":"Creatio CRM: recensione software gestione finanze - Accurate Reviews","og_description":"Creatio CRM: recensione piattaforma all-in-one che aiuta le aziende a gestire i processi di clienti e ricavi.","og_url":"https:\/\/www.accuratereviews.com\/it\/software-gestione-finanze\/creatio-crm-recensione\/","og_site_name":"Accurate Reviews","og_image":[{"width":1704,"height":1984,"url":"https:\/\/www.accuratereviews.com\/wp-content\/uploads\/2025\/03\/Creatio-CRM.webp","type":"image\/webp"}],"twitter_card":"summary_large_image","twitter_misc":{"Tempo di lettura stimato":"4 minuti"},"schema":{"@context":"https:\/\/schema.org","@graph":[{"@type":"WebPage","@id":"https:\/\/www.accuratereviews.com\/it\/software-gestione-finanze\/creatio-crm-recensione\/","url":"https:\/\/www.accuratereviews.com\/it\/software-gestione-finanze\/creatio-crm-recensione\/","name":"Creatio CRM: recensione software gestione finanze - Accurate Reviews","isPartOf":{"@id":"https:\/\/www.accuratereviews.com\/it\/#website"},"primaryImageOfPage":{"@id":"https:\/\/www.accuratereviews.com\/it\/software-gestione-finanze\/creatio-crm-recensione\/#primaryimage"},"image":{"@id":"https:\/\/www.accuratereviews.com\/it\/software-gestione-finanze\/creatio-crm-recensione\/#primaryimage"},"thumbnailUrl":"https:\/\/www.accuratereviews.com\/wp-content\/uploads\/2025\/03\/Creatio-CRM.webp","datePublished":"2025-03-06T16:39:21+00:00","description":"Creatio CRM: recensione piattaforma all-in-one che aiuta le aziende a gestire i processi di clienti e ricavi.","breadcrumb":{"@id":"https:\/\/www.accuratereviews.com\/it\/software-gestione-finanze\/creatio-crm-recensione\/#breadcrumb"},"inLanguage":"it-IT","potentialAction":[{"@type":"ReadAction","target":["https:\/\/www.accuratereviews.com\/it\/software-gestione-finanze\/creatio-crm-recensione\/"]}]},{"@type":"ImageObject","inLanguage":"it-IT","@id":"https:\/\/www.accuratereviews.com\/it\/software-gestione-finanze\/creatio-crm-recensione\/#primaryimage","url":"https:\/\/www.accuratereviews.com\/wp-content\/uploads\/2025\/03\/Creatio-CRM.webp","contentUrl":"https:\/\/www.accuratereviews.com\/wp-content\/uploads\/2025\/03\/Creatio-CRM.webp","width":1704,"height":1984},{"@type":"BreadcrumbList","@id":"https:\/\/www.accuratereviews.com\/it\/software-gestione-finanze\/creatio-crm-recensione\/#breadcrumb","itemListElement":[{"@type":"ListItem","position":1,"name":"Home","item":"https:\/\/www.accuratereviews.com\/it\/"},{"@type":"ListItem","position":2,"name":"Software per gestione finanze","item":"https:\/\/www.accuratereviews.com\/it\/software-gestione-finanze\/"},{"@type":"ListItem","position":3,"name":"Creatio CRM"}]},{"@type":"WebSite","@id":"https:\/\/www.accuratereviews.com\/it\/#website","url":"https:\/\/www.accuratereviews.com\/it\/","name":"Accurate Reviews","description":"","potentialAction":[{"@type":"SearchAction","target":{"@type":"EntryPoint","urlTemplate":"https:\/\/www.accuratereviews.com\/it\/?s={search_term_string}"},"query-input":{"@type":"PropertyValueSpecification","valueRequired":true,"valueName":"search_term_string"}}],"inLanguage":"it-IT"}]}},"_links":{"self":[{"href":"https:\/\/www.accuratereviews.com\/it\/wp-json\/wp\/v2\/pages\/85776","targetHints":{"allow":["GET"]}}],"collection":[{"href":"https:\/\/www.accuratereviews.com\/it\/wp-json\/wp\/v2\/pages"}],"about":[{"href":"https:\/\/www.accuratereviews.com\/it\/wp-json\/wp\/v2\/types\/page"}],"author":[{"embeddable":true,"href":"https:\/\/www.accuratereviews.com\/it\/wp-json\/wp\/v2\/users\/19"}],"replies":[{"embeddable":true,"href":"https:\/\/www.accuratereviews.com\/it\/wp-json\/wp\/v2\/comments?post=85776"}],"version-history":[{"count":6,"href":"https:\/\/www.accuratereviews.com\/it\/wp-json\/wp\/v2\/pages\/85776\/revisions"}],"predecessor-version":[{"id":85811,"href":"https:\/\/www.accuratereviews.com\/it\/wp-json\/wp\/v2\/pages\/85776\/revisions\/85811"}],"up":[{"embeddable":true,"href":"https:\/\/www.accuratereviews.com\/it\/wp-json\/wp\/v2\/pages\/85135"}],"wp:featuredmedia":[{"embeddable":true,"href":"https:\/\/www.accuratereviews.com\/it\/wp-json\/wp\/v2\/media\/85777"}],"wp:attachment":[{"href":"https:\/\/www.accuratereviews.com\/it\/wp-json\/wp\/v2\/media?parent=85776"}],"wp:term":[{"taxonomy":"category","embeddable":true,"href":"https:\/\/www.accuratereviews.com\/it\/wp-json\/wp\/v2\/categories?post=85776"},{"taxonomy":"post_tag","embeddable":true,"href":"https:\/\/www.accuratereviews.com\/it\/wp-json\/wp\/v2\/tags?post=85776"},{"taxonomy":"features","embeddable":true,"href":"https:\/\/www.accuratereviews.com\/it\/wp-json\/wp\/v2\/features?post=85776"}],"curies":[{"name":"wp","href":"https:\/\/api.w.org\/{rel}","templated":true}]}}