{"id":8585,"date":"2017-03-20T13:54:56","date_gmt":"2017-03-20T13:54:56","guid":{"rendered":"http:\/\/www.accuratereviews.com\/crm-software-migliori-lista\/wakeupsales\/"},"modified":"2020-07-09T10:15:02","modified_gmt":"2020-07-09T10:15:02","slug":"wakeupsales","status":"publish","type":"page","link":"https:\/\/www.accuratereviews.com\/it\/crm-software-migliori-lista\/wakeupsales\/","title":{"rendered":"WakeUpSales"},"content":{"rendered":"<p><img loading=\"lazy\" decoding=\"async\" class=\"aligncenter size-full wp-image-8534\" src=\"http:\/\/www.accuratereviews.com\/wp-content\/uploads\/2017\/03\/WakeUpSales_Dashboard.jpg\" alt=\"WakeUpSales Dashboard\" width=\"2352\" height=\"929\" srcset=\"https:\/\/www.accuratereviews.com\/wp-content\/uploads\/2017\/03\/WakeUpSales_Dashboard.jpg 2352w, https:\/\/www.accuratereviews.com\/wp-content\/uploads\/2017\/03\/WakeUpSales_Dashboard-300x118.jpg 300w, https:\/\/www.accuratereviews.com\/wp-content\/uploads\/2017\/03\/WakeUpSales_Dashboard-768x303.jpg 768w, https:\/\/www.accuratereviews.com\/wp-content\/uploads\/2017\/03\/WakeUpSales_Dashboard-1024x404.jpg 1024w, https:\/\/www.accuratereviews.com\/wp-content\/uploads\/2017\/03\/WakeUpSales_Dashboard-260x103.jpg 260w, https:\/\/www.accuratereviews.com\/wp-content\/uploads\/2017\/03\/WakeUpSales_Dashboard-50x20.jpg 50w, https:\/\/www.accuratereviews.com\/wp-content\/uploads\/2017\/03\/WakeUpSales_Dashboard-968x382.jpg 968w, https:\/\/www.accuratereviews.com\/wp-content\/uploads\/2017\/03\/WakeUpSales_Dashboard-636x251.jpg 636w, https:\/\/www.accuratereviews.com\/wp-content\/uploads\/2017\/03\/WakeUpSales_Dashboard-320x126.jpg 320w, https:\/\/www.accuratereviews.com\/wp-content\/uploads\/2017\/03\/WakeUpSales_Dashboard-239x94.jpg 239w\" sizes=\"auto, (max-width: 2352px) 100vw, 2352px\" \/><\/p>\n<p>Per gestire e tenere traccia tutti i tuoi processi di vendita hai bisogno di un ottimo software CRM (Customer Relationship Management), ovvero di uno strumento che ti assiste durante le tue attivit\u00e0: la ricerca di clienti, il processo di costruzione di un dialogo con loro, la conversione del cliente in acquirente, la gestione del team e molto altro ancora.<br \/>\n<strong>WakeUpSales \u00e8 un sistema CRM molto innovativo: \u00e8 uno strumento Open Source sviluppato in Ruby on Rails disponibile per utenti Windows, Mac e Linux.<\/strong><\/p>\n<p>Una volta iscritti con nome e indirizzo email potete scaricare l\u2019applicazione web di WakeUpSales che gira su server locale (eventualmente virtualizzato sul vostro computer. <strong>L\u2019installazione dell\u2019applicazione non \u00e8 semplice<\/strong>, soprattutto per gli utenti alle prime armi, ma il sito del CRM offre delle ottime guide organizzate per sistema operativo. <a href=\"https:\/\/www.wakeupsales.com\/\" target=\"_blank\" rel=\"noopener noreferrer\">Ogni passaggio viene illustrato chiaramente<\/a>.<\/p>\n<p><strong>Una volta superato lo scoglio dell\u2019installazione, potrete apprezzare l\u2019interfaccia utente moderna, leggera, colorata e ben organizzata: vi troverete a vostro agio nello spazio di pochi minuti<\/strong>. Creare profili individuali o aziendali \u00e8 semplice: basta andare nella sezione Users e aggiungere informazioni come email, numero di telefono, sito personale e via dicendo.<\/p>\n<p><strong>La dashboard ottimizza e mostra chiaramente tutte le attivit\u00e0 previste per tutto il team,<\/strong> aiutandoti a tenere traccia di tutto ci\u00f2 che viene fatto e deve essere fatto: troviamo una visione d\u2019insieme, con tanto di percentuali che riassumono le attivit\u00e0 completate, una lista di task da completare, i task in scadenza e i lead pi\u00f9 recenti.<\/p>\n<p>La sezione Leads permette di <strong>aggiungere in pochissimi click nuovi lead, controllandone e modificandone i dettagli<\/strong>: paese di provenienza, opportunity (ovvero il motivo per il quale cerchiamo di trasformarlo da utente in cliente), la possibilit\u00e0 di guadagno che porta, i contatti email e telefonici. \u00c8 anche possibile assegnare un lead a un preciso membro del team. <strong>Pi\u00f9 dettagli inserite, pi\u00f9 possibilit\u00e0 avete di creare una comunicazione di successo col potenziale cliente<\/strong>.<\/p>\n<p><img loading=\"lazy\" decoding=\"async\" class=\"alignnone size-full wp-image-8545\" src=\"http:\/\/www.accuratereviews.com\/wp-content\/uploads\/2017\/03\/dashboard-WakeUpSales.png\" alt=\"WakeUpSales\" width=\"1444\" height=\"706\" srcset=\"https:\/\/www.accuratereviews.com\/wp-content\/uploads\/2017\/03\/dashboard-WakeUpSales.png 1444w, https:\/\/www.accuratereviews.com\/wp-content\/uploads\/2017\/03\/dashboard-WakeUpSales-300x147.png 300w, https:\/\/www.accuratereviews.com\/wp-content\/uploads\/2017\/03\/dashboard-WakeUpSales-768x375.png 768w, https:\/\/www.accuratereviews.com\/wp-content\/uploads\/2017\/03\/dashboard-WakeUpSales-1024x501.png 1024w, https:\/\/www.accuratereviews.com\/wp-content\/uploads\/2017\/03\/dashboard-WakeUpSales-256x125.png 256w, https:\/\/www.accuratereviews.com\/wp-content\/uploads\/2017\/03\/dashboard-WakeUpSales-50x24.png 50w, https:\/\/www.accuratereviews.com\/wp-content\/uploads\/2017\/03\/dashboard-WakeUpSales-968x473.png 968w, https:\/\/www.accuratereviews.com\/wp-content\/uploads\/2017\/03\/dashboard-WakeUpSales-636x311.png 636w, https:\/\/www.accuratereviews.com\/wp-content\/uploads\/2017\/03\/dashboard-WakeUpSales-320x156.png 320w, https:\/\/www.accuratereviews.com\/wp-content\/uploads\/2017\/03\/dashboard-WakeUpSales-239x117.png 239w\" sizes=\"auto, (max-width: 1444px) 100vw, 1444px\" \/><\/p>\n<p>Aggiungere, modificare e cancellare i contatti \u00e8 incredibilmente semplice: bisogna cliccare sull\u2019opzione a forma di pi\u00f9 nella barra superiore, scegliere l\u2019opzione Contact e aggiungere i dettagli. <strong>\u00c8 possibile importare una lista di contatti in formato CSV cliccando sull\u2019opzione Import Contact<\/strong>.<\/p>\n<p><strong>Cliccando su Kanban View, i nostri lead vengono visualizzati in stile <a href=\"https:\/\/www.accuratereviews.com\/best-online-project-management-software-reviews-list\/trello\/\" target=\"\" rel=\"noopener noreferrer\">Trello<\/a><\/strong>, organizzati per stadio di avanzamento: lead conquistato, perso e via dicendo. Gli stage, ovvero gli stati di avanzamento, possono essere personalizzati.<\/p>\n<p>Per essere aggiornati sulle attivit\u00e0 svolte dai membri del team \u00e8 possibile andare nella sezione Daily Updates e impostare la ricezione di email quotidiane o periodiche. \u00c8 necessario selezionare il lead che vogliamo monitorare, impostare gli avvisi che vogliamo ricevere e i membri del team che ci interessano in particolare. I report vengono creati in file CSV.<\/p>\n<p><strong>WakeUpSales permette anche di gestire le email senza uscire dal CRM<\/strong>: permette infatti di controllare i messaggi in arrivo e di inviarne direttamente. Il sistema include la possibilit\u00e0 di creare campagne email e follow up semplicemente impostando date di invio e trigger di nostro interesse. WakeUpSales \u00e8 in grado di automatizzare tutti questi processi, monitorando anche i click, le aperture e le visualizzazioni delle email.<\/p>\n<p><strong>Questo CRM si integra con <a href=\"https:\/\/www.accuratereviews.com\/best-accounting-service-reviews-list\/freshbooks\/\" target=\"_blank\" rel=\"noopener noreferrer\">Freshbooks<\/a>, Google Calendar, Gmail, <a href=\"https:\/\/www.accuratereviews.com\/best-email-marketing-services-reviews-list\/mailchimp\/\" target=\"_blank\" rel=\"noopener noreferrer\">MailChimp<\/a> e molti altri servizi<\/strong>. Tra i plugin offerti troviamo l\u2019Invoice Generator che permette di tracciare i pagamenti e inviare ricevute ai contatti.<\/p>\n<p><strong>WakeUpSales \u00e8 open source e completamente gratuito<\/strong>: offre task illimitati, utenti illimitati e contatti illimitati.<\/p>\n","protected":false},"excerpt":{"rendered":"<p>Per gestire e tenere traccia tutti i tuoi processi di vendita hai bisogno di un ottimo software CRM (Customer Relationship Management), ovvero di uno strumento che ti assiste durante le tue attivit\u00e0: la ricerca di clienti, il processo di costruzione di un dialogo con loro, la conversione del cliente in acquirente, la gestione del team e molto altro ancora. <\/p>\n","protected":false},"author":16,"featured_media":22133,"parent":5966,"menu_order":0,"comment_status":"open","ping_status":"closed","template":"g1_template_page_review_new.php","meta":{"_acf_changed":false,"cwp_meta_box_check":"Yes","cwp_rev_product_name":"","cwp_rev_product_image":"","wppr_links":[],"cwp_rev_price":"","wppr_options":[],"wppr_pros":[],"wppr_cons":[],"_monsterinsights_skip_tracking":false,"_monsterinsights_sitenote_active":false,"_monsterinsights_sitenote_note":"","_monsterinsights_sitenote_category":0,"footnotes":""},"categories":[120],"tags":[],"features":[],"class_list":{"0":"post-8585","1":"page","2":"type-page","3":"status-publish","4":"has-post-thumbnail","6":"category-crm-it"},"wppr_data":{"cwp_meta_box_check":"Yes","cwp_rev_product_name":"","cwp_rev_product_image":"","cwp_image_link":"image","cwp_rev_price":"","wppr_rating":"0.00"},"acf":[],"yoast_head":"<!-- This site is optimized with the Yoast SEO plugin v27.4 - https:\/\/yoast.com\/product\/yoast-seo-wordpress\/ -->\n<title>WakeUpSales recensione miglior CRM | Accurate Reviews<\/title>\n<meta name=\"description\" content=\"WakeUpSales \u00e8 un sistema CRM molto innovativo: \u00e8 uno strumento Open Source sviluppato in Ruby on Rails disponibile per utenti Windows, Mac e Linux.\" \/>\n<meta name=\"robots\" content=\"index, follow, max-snippet:-1, max-image-preview:large, max-video-preview:-1\" \/>\n<link rel=\"canonical\" href=\"https:\/\/www.accuratereviews.com\/it\/crm-software-migliori-lista\/wakeupsales\/\" \/>\n<meta property=\"og:locale\" content=\"it_IT\" \/>\n<meta property=\"og:type\" content=\"article\" \/>\n<meta property=\"og:title\" content=\"WakeUpSales recensione miglior CRM | Accurate Reviews\" \/>\n<meta property=\"og:description\" content=\"WakeUpSales \u00e8 un sistema CRM molto innovativo: \u00e8 uno strumento Open Source sviluppato in Ruby on Rails disponibile per utenti Windows, Mac e Linux.\" \/>\n<meta property=\"og:url\" content=\"https:\/\/www.accuratereviews.com\/it\/crm-software-migliori-lista\/wakeupsales\/\" \/>\n<meta property=\"og:site_name\" content=\"Accurate Reviews\" \/>\n<meta property=\"article:modified_time\" content=\"2020-07-09T10:15:02+00:00\" \/>\n<meta property=\"og:image\" content=\"https:\/\/www.accuratereviews.com\/wp-content\/uploads\/2020\/01\/wake.png\" \/>\n\t<meta property=\"og:image:width\" content=\"600\" \/>\n\t<meta property=\"og:image:height\" content=\"314\" \/>\n\t<meta property=\"og:image:type\" content=\"image\/png\" \/>\n<meta name=\"twitter:card\" content=\"summary_large_image\" \/>\n<meta name=\"twitter:label1\" content=\"Tempo di lettura stimato\" \/>\n\t<meta name=\"twitter:data1\" content=\"3 minuti\" \/>\n<script type=\"application\/ld+json\" class=\"yoast-schema-graph\">{\"@context\":\"https:\\\/\\\/schema.org\",\"@graph\":[{\"@type\":\"WebPage\",\"@id\":\"https:\\\/\\\/www.accuratereviews.com\\\/it\\\/crm-software-migliori-lista\\\/wakeupsales\\\/\",\"url\":\"https:\\\/\\\/www.accuratereviews.com\\\/it\\\/crm-software-migliori-lista\\\/wakeupsales\\\/\",\"name\":\"WakeUpSales recensione miglior CRM | Accurate Reviews\",\"isPartOf\":{\"@id\":\"https:\\\/\\\/www.accuratereviews.com\\\/it\\\/#website\"},\"primaryImageOfPage\":{\"@id\":\"https:\\\/\\\/www.accuratereviews.com\\\/it\\\/crm-software-migliori-lista\\\/wakeupsales\\\/#primaryimage\"},\"image\":{\"@id\":\"https:\\\/\\\/www.accuratereviews.com\\\/it\\\/crm-software-migliori-lista\\\/wakeupsales\\\/#primaryimage\"},\"thumbnailUrl\":\"https:\\\/\\\/www.accuratereviews.com\\\/wp-content\\\/uploads\\\/2020\\\/01\\\/wake.png\",\"datePublished\":\"2017-03-20T13:54:56+00:00\",\"dateModified\":\"2020-07-09T10:15:02+00:00\",\"description\":\"WakeUpSales \u00e8 un sistema CRM molto innovativo: \u00e8 uno strumento Open Source sviluppato in Ruby on Rails disponibile per utenti Windows, Mac e Linux.\",\"breadcrumb\":{\"@id\":\"https:\\\/\\\/www.accuratereviews.com\\\/it\\\/crm-software-migliori-lista\\\/wakeupsales\\\/#breadcrumb\"},\"inLanguage\":\"it-IT\",\"potentialAction\":[{\"@type\":\"ReadAction\",\"target\":[\"https:\\\/\\\/www.accuratereviews.com\\\/it\\\/crm-software-migliori-lista\\\/wakeupsales\\\/\"]}]},{\"@type\":\"ImageObject\",\"inLanguage\":\"it-IT\",\"@id\":\"https:\\\/\\\/www.accuratereviews.com\\\/it\\\/crm-software-migliori-lista\\\/wakeupsales\\\/#primaryimage\",\"url\":\"https:\\\/\\\/www.accuratereviews.com\\\/wp-content\\\/uploads\\\/2020\\\/01\\\/wake.png\",\"contentUrl\":\"https:\\\/\\\/www.accuratereviews.com\\\/wp-content\\\/uploads\\\/2020\\\/01\\\/wake.png\",\"width\":600,\"height\":314},{\"@type\":\"BreadcrumbList\",\"@id\":\"https:\\\/\\\/www.accuratereviews.com\\\/it\\\/crm-software-migliori-lista\\\/wakeupsales\\\/#breadcrumb\",\"itemListElement\":[{\"@type\":\"ListItem\",\"position\":1,\"name\":\"Home\",\"item\":\"https:\\\/\\\/www.accuratereviews.com\\\/it\\\/\"},{\"@type\":\"ListItem\",\"position\":2,\"name\":\"CRM: i software migliori\",\"item\":\"https:\\\/\\\/www.accuratereviews.com\\\/it\\\/crm-software-migliori-lista\\\/\"},{\"@type\":\"ListItem\",\"position\":3,\"name\":\"WakeUpSales\"}]},{\"@type\":\"WebSite\",\"@id\":\"https:\\\/\\\/www.accuratereviews.com\\\/it\\\/#website\",\"url\":\"https:\\\/\\\/www.accuratereviews.com\\\/it\\\/\",\"name\":\"Accurate Reviews\",\"description\":\"\",\"potentialAction\":[{\"@type\":\"SearchAction\",\"target\":{\"@type\":\"EntryPoint\",\"urlTemplate\":\"https:\\\/\\\/www.accuratereviews.com\\\/it\\\/?s={search_term_string}\"},\"query-input\":{\"@type\":\"PropertyValueSpecification\",\"valueRequired\":true,\"valueName\":\"search_term_string\"}}],\"inLanguage\":\"it-IT\"}]}<\/script>\n<!-- \/ Yoast SEO plugin. -->","yoast_head_json":{"title":"WakeUpSales recensione miglior CRM | Accurate Reviews","description":"WakeUpSales \u00e8 un sistema CRM molto innovativo: \u00e8 uno strumento Open Source sviluppato in Ruby on Rails disponibile per utenti Windows, Mac e Linux.","robots":{"index":"index","follow":"follow","max-snippet":"max-snippet:-1","max-image-preview":"max-image-preview:large","max-video-preview":"max-video-preview:-1"},"canonical":"https:\/\/www.accuratereviews.com\/it\/crm-software-migliori-lista\/wakeupsales\/","og_locale":"it_IT","og_type":"article","og_title":"WakeUpSales recensione miglior CRM | Accurate Reviews","og_description":"WakeUpSales \u00e8 un sistema CRM molto innovativo: \u00e8 uno strumento Open Source sviluppato in Ruby on Rails disponibile per utenti Windows, Mac e Linux.","og_url":"https:\/\/www.accuratereviews.com\/it\/crm-software-migliori-lista\/wakeupsales\/","og_site_name":"Accurate Reviews","article_modified_time":"2020-07-09T10:15:02+00:00","og_image":[{"width":600,"height":314,"url":"https:\/\/www.accuratereviews.com\/wp-content\/uploads\/2020\/01\/wake.png","type":"image\/png"}],"twitter_card":"summary_large_image","twitter_misc":{"Tempo di lettura stimato":"3 minuti"},"schema":{"@context":"https:\/\/schema.org","@graph":[{"@type":"WebPage","@id":"https:\/\/www.accuratereviews.com\/it\/crm-software-migliori-lista\/wakeupsales\/","url":"https:\/\/www.accuratereviews.com\/it\/crm-software-migliori-lista\/wakeupsales\/","name":"WakeUpSales recensione miglior CRM | Accurate Reviews","isPartOf":{"@id":"https:\/\/www.accuratereviews.com\/it\/#website"},"primaryImageOfPage":{"@id":"https:\/\/www.accuratereviews.com\/it\/crm-software-migliori-lista\/wakeupsales\/#primaryimage"},"image":{"@id":"https:\/\/www.accuratereviews.com\/it\/crm-software-migliori-lista\/wakeupsales\/#primaryimage"},"thumbnailUrl":"https:\/\/www.accuratereviews.com\/wp-content\/uploads\/2020\/01\/wake.png","datePublished":"2017-03-20T13:54:56+00:00","dateModified":"2020-07-09T10:15:02+00:00","description":"WakeUpSales \u00e8 un sistema CRM molto innovativo: \u00e8 uno strumento Open Source sviluppato in Ruby on Rails disponibile per utenti Windows, Mac e Linux.","breadcrumb":{"@id":"https:\/\/www.accuratereviews.com\/it\/crm-software-migliori-lista\/wakeupsales\/#breadcrumb"},"inLanguage":"it-IT","potentialAction":[{"@type":"ReadAction","target":["https:\/\/www.accuratereviews.com\/it\/crm-software-migliori-lista\/wakeupsales\/"]}]},{"@type":"ImageObject","inLanguage":"it-IT","@id":"https:\/\/www.accuratereviews.com\/it\/crm-software-migliori-lista\/wakeupsales\/#primaryimage","url":"https:\/\/www.accuratereviews.com\/wp-content\/uploads\/2020\/01\/wake.png","contentUrl":"https:\/\/www.accuratereviews.com\/wp-content\/uploads\/2020\/01\/wake.png","width":600,"height":314},{"@type":"BreadcrumbList","@id":"https:\/\/www.accuratereviews.com\/it\/crm-software-migliori-lista\/wakeupsales\/#breadcrumb","itemListElement":[{"@type":"ListItem","position":1,"name":"Home","item":"https:\/\/www.accuratereviews.com\/it\/"},{"@type":"ListItem","position":2,"name":"CRM: i software migliori","item":"https:\/\/www.accuratereviews.com\/it\/crm-software-migliori-lista\/"},{"@type":"ListItem","position":3,"name":"WakeUpSales"}]},{"@type":"WebSite","@id":"https:\/\/www.accuratereviews.com\/it\/#website","url":"https:\/\/www.accuratereviews.com\/it\/","name":"Accurate Reviews","description":"","potentialAction":[{"@type":"SearchAction","target":{"@type":"EntryPoint","urlTemplate":"https:\/\/www.accuratereviews.com\/it\/?s={search_term_string}"},"query-input":{"@type":"PropertyValueSpecification","valueRequired":true,"valueName":"search_term_string"}}],"inLanguage":"it-IT"}]}},"_links":{"self":[{"href":"https:\/\/www.accuratereviews.com\/it\/wp-json\/wp\/v2\/pages\/8585","targetHints":{"allow":["GET"]}}],"collection":[{"href":"https:\/\/www.accuratereviews.com\/it\/wp-json\/wp\/v2\/pages"}],"about":[{"href":"https:\/\/www.accuratereviews.com\/it\/wp-json\/wp\/v2\/types\/page"}],"author":[{"embeddable":true,"href":"https:\/\/www.accuratereviews.com\/it\/wp-json\/wp\/v2\/users\/16"}],"replies":[{"embeddable":true,"href":"https:\/\/www.accuratereviews.com\/it\/wp-json\/wp\/v2\/comments?post=8585"}],"version-history":[{"count":6,"href":"https:\/\/www.accuratereviews.com\/it\/wp-json\/wp\/v2\/pages\/8585\/revisions"}],"predecessor-version":[{"id":28447,"href":"https:\/\/www.accuratereviews.com\/it\/wp-json\/wp\/v2\/pages\/8585\/revisions\/28447"}],"up":[{"embeddable":true,"href":"https:\/\/www.accuratereviews.com\/it\/wp-json\/wp\/v2\/pages\/5966"}],"wp:featuredmedia":[{"embeddable":true,"href":"https:\/\/www.accuratereviews.com\/it\/wp-json\/wp\/v2\/media\/22133"}],"wp:attachment":[{"href":"https:\/\/www.accuratereviews.com\/it\/wp-json\/wp\/v2\/media?parent=8585"}],"wp:term":[{"taxonomy":"category","embeddable":true,"href":"https:\/\/www.accuratereviews.com\/it\/wp-json\/wp\/v2\/categories?post=8585"},{"taxonomy":"post_tag","embeddable":true,"href":"https:\/\/www.accuratereviews.com\/it\/wp-json\/wp\/v2\/tags?post=8585"},{"taxonomy":"features","embeddable":true,"href":"https:\/\/www.accuratereviews.com\/it\/wp-json\/wp\/v2\/features?post=8585"}],"curies":[{"name":"wp","href":"https:\/\/api.w.org\/{rel}","templated":true}]}}