{"id":85864,"date":"2025-03-07T15:51:24","date_gmt":"2025-03-07T15:51:24","guid":{"rendered":"https:\/\/www.accuratereviews.com\/?page_id=85864"},"modified":"2025-03-10T14:38:26","modified_gmt":"2025-03-10T14:38:26","slug":"modo-recensione","status":"publish","type":"page","link":"https:\/\/www.accuratereviews.com\/it\/programmi-disegno-3d\/modo-recensione\/","title":{"rendered":"Modo"},"content":{"rendered":"<p><strong>Modo<\/strong> \u00e8 un <strong>software CAD 3D<\/strong> sviluppato per creare contenuti e idee utilizzando vari strumenti di texturing, modellazione, rendering e creazione <strong>3D<\/strong> integrati. Gli artisti possono aggiungere pi\u00f9 livelli di dettagli, semplificare i flussi di lavoro e utilizzare un&#8217;interfaccia drag-and-drop per applicare preset a materiali o progetti. <strong>Modo<\/strong> consente alle aziende di configurare modifiche di superficie nelle texture, creare simulazioni e utilizzare tecniche o framework di animazione per gestire i processi di produzione. Le istituzioni educative possono modificare pelliccia, capelli, piume, erba e altri effetti realistici basati su fibre scolpendoli, renderizzandoli e ombreggiandoli come figure geometriche.<br \/>\nIl software supporta anche pi\u00f9 formati di file come <strong>OpenEXR, Alembic e OpenVDB<\/strong> e aiuta le organizzazioni a gestire i processi di creazione di giochi e di creazione VR. Il suo sistema di rigging basato su nodi consente inoltre ai professionisti creativi di creare, gestire, riutilizzare e modificare i design dei personaggi.<\/p>\n<h2>MODO &#8211; TUTORIAL<\/h2>\n<div id=\"fluid-wrapper-counter-1\" class=\"g1-fluid-wrapper \" style=\"width:686px;\">\n<div style=\"padding-bottom:56.268221574344%;\"><iframe loading=\"lazy\" title=\"MODO | Sketch Extrude\" width=\"686\" height=\"386\" src=\"https:\/\/www.youtube.com\/embed\/GxWY3jEtncQ?feature=oembed&amp;wmode=transparent&amp;autohide=1&amp;autoplay=0&amp;disablekb=0&amp;fs=1&amp;loop=0&amp;enablejsapi=1&amp;rel=0&amp;controls=2&amp;showinfo=0&amp;wmode=transparent&amp;autohide=2&amp;autoplay=0&amp;disablekb=0&amp;fs=1&amp;loop=0&amp;enablejsapi=1&amp;rel=0&amp;controls=2&amp;showinfo=1\" frameborder=\"0\" allow=\"accelerometer; autoplay; clipboard-write; encrypted-media; gyroscope; picture-in-picture; web-share\" referrerpolicy=\"strict-origin-when-cross-origin\" allowfullscreen><\/iframe><\/div>\n<\/div>\n<h3>MODO &#8211; CARATTERISTICHE<\/h3>\n<ul>\n<li>Sperimenta un controllo finito e un flusso di lavoro modulare con il grafico a nodi, cos\u00ec puoi dare vita alla tua visione creativa<\/li>\n<li>Automatizza le tue attivit\u00e0 manuali con le API robuste e set di strumenti efficienti, cos\u00ec puoi superare le scadenze imminenti e concentrarti sulla tua arte<\/li>\n<li>L&#8217;utente con questa soluzione \u00a0pu\u00f2 affrontare qualsiasi scena complessa, texture o risoluzione dell&#8217;immagine<\/li>\n<li>Lavora con i flussi di lavoro di colore standard del settore, inclusi OCIO e ACES<\/li>\n<li>Accedi alla tecnologia ottimizzata per USD, strumenti di apprendimento automatico, API Python e C++, supporto per i pi\u00f9 diffusi rendering commerciali e altro ancora<\/li>\n<li>Collabora facilmente con il resto del tuo team e rimani competitivo sapendo che stai lavorando su software standard del settore<\/li>\n<li>Riduci la natura caotica del round-tripping editoriale e sperimenta nuovi livelli di efficienza<\/li>\n<li>Lavora su uno scatto in modo collaborativo e condividi le impostazioni tra team e sequenze con Live Groups per una revisione multiutente<\/li>\n<li>Crea e personalizza tutti gli strumenti di cui hai bisogno per produrre incredibili scatti animati con una personalizzazione avanzata<\/li>\n<li>Sperimenta strumenti di illuminazione che ti consentono di lavorare con un display semplificato in modo da poter controllare le propriet\u00e0 della luce come intensit\u00e0, esposizione e colore.<\/li>\n<li>Crea e modifica luci a livello di sequenza o di scatto, in modo da poter massimizzare l&#8217;illuminazione della tua configurazione e perfeziona le composizioni di scatti individuali.<\/li>\n<li>Gli artisti possono dipingere facilmente le texture con la certezza che la loro arte apparir\u00e0 corretta nel rendering finale.<\/li>\n<li>Ripeti rapidamente nuove texture e look senza ostacoli con l&#8217;ampia gamma di procedure disponibili, indipendentemente dalla complessit\u00e0 della risorsa.<\/li>\n<li>Sfrutta tutta la potenza dello sviluppo del look e crea facilmente look accattivanti per l&#8217;intero spettacolo con assegnazioni automatiche dei materiali, modifiche procedurali e altro ancora.<\/li>\n<li>Con il pieno supporto per flussi di lavoro multi-UDIM, puoi lavorare con centinaia di mappe di texture ad alta risoluzione come se fossero un singolo riquadro.<\/li>\n<li>Ottieni la flessibilit\u00e0 di apportare modifiche e regolazioni alla pittura prima di impegnarla in un modello, in modo da poter essere pi\u00f9 creativo con il tuo lavoro.<\/li>\n<li>Crea facilmente texture su scala con la possibilit\u00e0 di lavorare su oltre un milione di poligoni per una singola topologia senza rallentare. Lavora e rimani aggiornato con le ultime tecnologie del settore con accesso a USD, Hydra e altro ancora.<\/li>\n<li>Sperimenta la gestione del colore di alto livello e mantieni i colori percettivi persistenti su pi\u00f9 spazi colore con il supporto OpenColorIO.<\/li>\n<\/ul>\n<h4>LE RECENSIONE DEGLI UTENTI<\/h4>\n<p><strong>Vikash &#8220;Hai bisogno di Modo&#8221;<\/strong><br \/>\n<strong>Commenti<\/strong>: \u00c8 un software eccezionale e versatile che pu\u00f2 essere utilizzato per modellare, dipingere, rigging, scolpire, ecc. Il suo utilizzo \u00e8 molto pi\u00f9 diffuso negli studi di gioco di fascia alta e nella produzione cinematografica. Quindi non lo consiglierei per semplici attivit\u00e0 legate all&#8217;architettura e all&#8217;interior design.<br \/>\n<strong>Pro<\/strong>: \u00c8 altamente personalizzabile. Puoi personalizzare sia gli strumenti che utilizzi sia l&#8217;interfaccia stessa. Supporta l&#8217;input tramite script in vari linguaggi di programmazione. Il supporto e i contenuti disponibili per imparare Modo sono piuttosto estesi.<br \/>\n<strong>Contro<\/strong>: A Modo mancano alcune funzionalit\u00e0 per quanto riguarda la texturizzazione e la simulazione dei fluidi.<\/p>\n<p><strong>Johnny &#8220;Modo&#8221;<\/strong><br \/>\n<strong>Commenti<\/strong>: la modellazione concettuale e il rendering rapidi hanno reso la progettazione ridotta pi\u00f9 rapida e intuitiva.<br \/>\n<strong>Pro<\/strong>: 1. Modellazione leggera e veloce. Pixar-SDS, MeshFusion e topologia sono strumenti di modellazione interessanti per la creazione di superfici. 2. Ottima texture UV. 3. La qualit\u00e0 del rendering \u00e8 molto buona. Ho V-ray ma il motore di rendering di Modo era uguale o migliore in alcuni casi e anche pi\u00f9 veloce. 4. Ottima community di utenti e risorse gratuite. 5. Politica dei prezzi conveniente rispetto a un&#8217;altra applicazione 3D. La licenza perpetua include un piano di manutenzione di 1 anno.<br \/>\n<strong>Contro<\/strong>: 1. Alcuni vecchi bug che non sono stati risolti come lo snap, il comportamento del mouse, ecc. 2. Alcune funzionalit\u00e0 non consentono questo motivo incomprensibile come convertire il tubo curvo in una funzione quad mesh. Inoltre, il controllo della curva B-spline crea confusione. 3. Il nuovo utente dovrebbe comprendere l'&#8221;albero dello shader&#8221; per applicare il materiale. non \u00e8 intuitivo come un&#8217;altra applicazione che ha l&#8217;anteprima dello shader. l&#8217;utente pu\u00f2 solo trascinare e rilasciare dalla libreria dei materiali preimpostati alla scena di lavoro. 4. La velocit\u00e0 di riproduzione dell&#8217;animazione \u00e8 migliorata nella versione attuale ma \u00e8 ancora lenta, soprattutto in caso di oggetti deformati.<\/p>\n<p><strong>Nabin &#8220;Software di modellazione 3D, texturing, rendering e animazione per artisti&#8221;<\/strong><br \/>\n<strong>Commenti<\/strong>: Modo \u00e8 pi\u00f9 adatto per sviluppare animazioni 3D multipiattaforma per diversi dispositivi embedded.<br \/>\n<strong>Pro<\/strong>: Modo \u00e8 progettato per utenti non tecnici in modo che chiunque possa iniziare rapidamente. Supporta set di strumenti di modellazione sia diretta che procedurale con MeshFusion reinventato. Viene fornito con un motore ibrido di rendering e shading e strumenti specializzati per rigging e animazione pi\u00f9 rapidi. Supporta anche Python e QT5 rendendolo adatto a sviluppare animazioni 3D per qualsiasi schermo o sistema operativo.<br \/>\n<strong>Contro<\/strong>: Modo \u00e8 un po&#8217; indietro nella qualit\u00e0 delle texture e nella simulazione fluida. Le sue caratteristiche sono adatte sia per studi che per singoli artisti.<\/p>\n","protected":false},"excerpt":{"rendered":"<p>Modo \u00e8 un software CAD 3D sviluppato per creare contenuti e idee utilizzando vari strumenti di texturing, modellazione, rendering e creazione 3D integrati. Gli artisti possono aggiungere pi\u00f9 livelli di dettagli, semplificare i flussi di lavoro e utilizzare un&#8217;interfaccia drag-and-drop per applicare preset a materiali o progetti.<\/p>\n","protected":false},"author":19,"featured_media":85884,"parent":85867,"menu_order":0,"comment_status":"open","ping_status":"closed","template":"g1_template_page_review_new.php","meta":{"_acf_changed":false,"cwp_meta_box_check":"No","cwp_rev_product_name":"","cwp_rev_product_image":"","wppr_links":[],"cwp_rev_price":"","wppr_options":[],"wppr_pros":[],"wppr_cons":[],"_monsterinsights_skip_tracking":false,"_monsterinsights_sitenote_active":false,"_monsterinsights_sitenote_note":"","_monsterinsights_sitenote_category":0,"footnotes":""},"categories":[15900],"tags":[15902,15906,15907,15908,15910,15909],"features":[],"class_list":{"0":"post-85864","1":"page","2":"type-page","3":"status-publish","4":"has-post-thumbnail","6":"category-programmi-per-disegno-3d","7":"tag-disegno-3d","8":"tag-modo","9":"tag-piattaforma-disegni-3d","10":"tag-programma-disegni-3-d","11":"tag-software-disegni-3d","12":"tag-soluzione-disegni-3d"},"wppr_data":{"cwp_meta_box_check":"No"},"acf":[],"yoast_head":"<!-- This site is optimized with the Yoast SEO plugin v27.4 - https:\/\/yoast.com\/product\/yoast-seo-wordpress\/ -->\n<title>Modo: recensione software disegni 3D - Accurate Reviews<\/title>\n<meta name=\"description\" content=\"Modo: recensione software CAD 3D\u00a0per creare contenuti e idee utilizzando strumenti di texturing, rendering e creazione 3D integrati.\" \/>\n<meta name=\"robots\" content=\"index, follow, max-snippet:-1, max-image-preview:large, max-video-preview:-1\" \/>\n<link rel=\"canonical\" href=\"https:\/\/www.accuratereviews.com\/it\/programmi-disegno-3d\/modo-recensione\/\" \/>\n<meta property=\"og:locale\" content=\"it_IT\" \/>\n<meta property=\"og:type\" content=\"article\" \/>\n<meta property=\"og:title\" content=\"Modo: recensione software disegni 3D - Accurate Reviews\" \/>\n<meta property=\"og:description\" content=\"Modo: recensione software CAD 3D\u00a0per creare contenuti e idee utilizzando strumenti di texturing, rendering e creazione 3D integrati.\" \/>\n<meta property=\"og:url\" content=\"https:\/\/www.accuratereviews.com\/it\/programmi-disegno-3d\/modo-recensione\/\" \/>\n<meta property=\"og:site_name\" content=\"Accurate Reviews\" \/>\n<meta property=\"article:modified_time\" content=\"2025-03-10T14:38:26+00:00\" \/>\n<meta property=\"og:image\" content=\"https:\/\/www.accuratereviews.com\/wp-content\/uploads\/2025\/03\/Modo.jpg\" \/>\n\t<meta property=\"og:image:width\" content=\"446\" \/>\n\t<meta property=\"og:image:height\" content=\"251\" \/>\n\t<meta property=\"og:image:type\" content=\"image\/jpeg\" \/>\n<meta name=\"twitter:card\" content=\"summary_large_image\" \/>\n<meta name=\"twitter:label1\" content=\"Tempo di lettura stimato\" \/>\n\t<meta name=\"twitter:data1\" content=\"7 minuti\" \/>\n<script type=\"application\/ld+json\" class=\"yoast-schema-graph\">{\"@context\":\"https:\\\/\\\/schema.org\",\"@graph\":[{\"@type\":\"WebPage\",\"@id\":\"https:\\\/\\\/www.accuratereviews.com\\\/it\\\/programmi-disegno-3d\\\/modo-recensione\\\/\",\"url\":\"https:\\\/\\\/www.accuratereviews.com\\\/it\\\/programmi-disegno-3d\\\/modo-recensione\\\/\",\"name\":\"Modo: recensione software disegni 3D - Accurate Reviews\",\"isPartOf\":{\"@id\":\"https:\\\/\\\/www.accuratereviews.com\\\/it\\\/#website\"},\"primaryImageOfPage\":{\"@id\":\"https:\\\/\\\/www.accuratereviews.com\\\/it\\\/programmi-disegno-3d\\\/modo-recensione\\\/#primaryimage\"},\"image\":{\"@id\":\"https:\\\/\\\/www.accuratereviews.com\\\/it\\\/programmi-disegno-3d\\\/modo-recensione\\\/#primaryimage\"},\"thumbnailUrl\":\"https:\\\/\\\/www.accuratereviews.com\\\/wp-content\\\/uploads\\\/2025\\\/03\\\/Modo.jpg\",\"datePublished\":\"2025-03-07T15:51:24+00:00\",\"dateModified\":\"2025-03-10T14:38:26+00:00\",\"description\":\"Modo: recensione software CAD 3D\u00a0per creare contenuti e idee utilizzando strumenti di texturing, rendering e creazione 3D integrati.\",\"breadcrumb\":{\"@id\":\"https:\\\/\\\/www.accuratereviews.com\\\/it\\\/programmi-disegno-3d\\\/modo-recensione\\\/#breadcrumb\"},\"inLanguage\":\"it-IT\",\"potentialAction\":[{\"@type\":\"ReadAction\",\"target\":[\"https:\\\/\\\/www.accuratereviews.com\\\/it\\\/programmi-disegno-3d\\\/modo-recensione\\\/\"]}]},{\"@type\":\"ImageObject\",\"inLanguage\":\"it-IT\",\"@id\":\"https:\\\/\\\/www.accuratereviews.com\\\/it\\\/programmi-disegno-3d\\\/modo-recensione\\\/#primaryimage\",\"url\":\"https:\\\/\\\/www.accuratereviews.com\\\/wp-content\\\/uploads\\\/2025\\\/03\\\/Modo.jpg\",\"contentUrl\":\"https:\\\/\\\/www.accuratereviews.com\\\/wp-content\\\/uploads\\\/2025\\\/03\\\/Modo.jpg\",\"width\":446,\"height\":251},{\"@type\":\"BreadcrumbList\",\"@id\":\"https:\\\/\\\/www.accuratereviews.com\\\/it\\\/programmi-disegno-3d\\\/modo-recensione\\\/#breadcrumb\",\"itemListElement\":[{\"@type\":\"ListItem\",\"position\":1,\"name\":\"Home\",\"item\":\"https:\\\/\\\/www.accuratereviews.com\\\/it\\\/\"},{\"@type\":\"ListItem\",\"position\":2,\"name\":\"Programmi per disegno 3D\",\"item\":\"https:\\\/\\\/www.accuratereviews.com\\\/it\\\/programmi-disegno-3d\\\/\"},{\"@type\":\"ListItem\",\"position\":3,\"name\":\"Modo\"}]},{\"@type\":\"WebSite\",\"@id\":\"https:\\\/\\\/www.accuratereviews.com\\\/it\\\/#website\",\"url\":\"https:\\\/\\\/www.accuratereviews.com\\\/it\\\/\",\"name\":\"Accurate Reviews\",\"description\":\"\",\"potentialAction\":[{\"@type\":\"SearchAction\",\"target\":{\"@type\":\"EntryPoint\",\"urlTemplate\":\"https:\\\/\\\/www.accuratereviews.com\\\/it\\\/?s={search_term_string}\"},\"query-input\":{\"@type\":\"PropertyValueSpecification\",\"valueRequired\":true,\"valueName\":\"search_term_string\"}}],\"inLanguage\":\"it-IT\"}]}<\/script>\n<!-- \/ Yoast SEO plugin. -->","yoast_head_json":{"title":"Modo: recensione software disegni 3D - Accurate Reviews","description":"Modo: recensione software CAD 3D\u00a0per creare contenuti e idee utilizzando strumenti di texturing, rendering e creazione 3D integrati.","robots":{"index":"index","follow":"follow","max-snippet":"max-snippet:-1","max-image-preview":"max-image-preview:large","max-video-preview":"max-video-preview:-1"},"canonical":"https:\/\/www.accuratereviews.com\/it\/programmi-disegno-3d\/modo-recensione\/","og_locale":"it_IT","og_type":"article","og_title":"Modo: recensione software disegni 3D - Accurate Reviews","og_description":"Modo: recensione software CAD 3D\u00a0per creare contenuti e idee utilizzando strumenti di texturing, rendering e creazione 3D integrati.","og_url":"https:\/\/www.accuratereviews.com\/it\/programmi-disegno-3d\/modo-recensione\/","og_site_name":"Accurate Reviews","article_modified_time":"2025-03-10T14:38:26+00:00","og_image":[{"width":446,"height":251,"url":"https:\/\/www.accuratereviews.com\/wp-content\/uploads\/2025\/03\/Modo.jpg","type":"image\/jpeg"}],"twitter_card":"summary_large_image","twitter_misc":{"Tempo di lettura stimato":"7 minuti"},"schema":{"@context":"https:\/\/schema.org","@graph":[{"@type":"WebPage","@id":"https:\/\/www.accuratereviews.com\/it\/programmi-disegno-3d\/modo-recensione\/","url":"https:\/\/www.accuratereviews.com\/it\/programmi-disegno-3d\/modo-recensione\/","name":"Modo: recensione software disegni 3D - Accurate Reviews","isPartOf":{"@id":"https:\/\/www.accuratereviews.com\/it\/#website"},"primaryImageOfPage":{"@id":"https:\/\/www.accuratereviews.com\/it\/programmi-disegno-3d\/modo-recensione\/#primaryimage"},"image":{"@id":"https:\/\/www.accuratereviews.com\/it\/programmi-disegno-3d\/modo-recensione\/#primaryimage"},"thumbnailUrl":"https:\/\/www.accuratereviews.com\/wp-content\/uploads\/2025\/03\/Modo.jpg","datePublished":"2025-03-07T15:51:24+00:00","dateModified":"2025-03-10T14:38:26+00:00","description":"Modo: recensione software CAD 3D\u00a0per creare contenuti e idee utilizzando strumenti di texturing, rendering e creazione 3D integrati.","breadcrumb":{"@id":"https:\/\/www.accuratereviews.com\/it\/programmi-disegno-3d\/modo-recensione\/#breadcrumb"},"inLanguage":"it-IT","potentialAction":[{"@type":"ReadAction","target":["https:\/\/www.accuratereviews.com\/it\/programmi-disegno-3d\/modo-recensione\/"]}]},{"@type":"ImageObject","inLanguage":"it-IT","@id":"https:\/\/www.accuratereviews.com\/it\/programmi-disegno-3d\/modo-recensione\/#primaryimage","url":"https:\/\/www.accuratereviews.com\/wp-content\/uploads\/2025\/03\/Modo.jpg","contentUrl":"https:\/\/www.accuratereviews.com\/wp-content\/uploads\/2025\/03\/Modo.jpg","width":446,"height":251},{"@type":"BreadcrumbList","@id":"https:\/\/www.accuratereviews.com\/it\/programmi-disegno-3d\/modo-recensione\/#breadcrumb","itemListElement":[{"@type":"ListItem","position":1,"name":"Home","item":"https:\/\/www.accuratereviews.com\/it\/"},{"@type":"ListItem","position":2,"name":"Programmi per disegno 3D","item":"https:\/\/www.accuratereviews.com\/it\/programmi-disegno-3d\/"},{"@type":"ListItem","position":3,"name":"Modo"}]},{"@type":"WebSite","@id":"https:\/\/www.accuratereviews.com\/it\/#website","url":"https:\/\/www.accuratereviews.com\/it\/","name":"Accurate Reviews","description":"","potentialAction":[{"@type":"SearchAction","target":{"@type":"EntryPoint","urlTemplate":"https:\/\/www.accuratereviews.com\/it\/?s={search_term_string}"},"query-input":{"@type":"PropertyValueSpecification","valueRequired":true,"valueName":"search_term_string"}}],"inLanguage":"it-IT"}]}},"_links":{"self":[{"href":"https:\/\/www.accuratereviews.com\/it\/wp-json\/wp\/v2\/pages\/85864","targetHints":{"allow":["GET"]}}],"collection":[{"href":"https:\/\/www.accuratereviews.com\/it\/wp-json\/wp\/v2\/pages"}],"about":[{"href":"https:\/\/www.accuratereviews.com\/it\/wp-json\/wp\/v2\/types\/page"}],"author":[{"embeddable":true,"href":"https:\/\/www.accuratereviews.com\/it\/wp-json\/wp\/v2\/users\/19"}],"replies":[{"embeddable":true,"href":"https:\/\/www.accuratereviews.com\/it\/wp-json\/wp\/v2\/comments?post=85864"}],"version-history":[{"count":10,"href":"https:\/\/www.accuratereviews.com\/it\/wp-json\/wp\/v2\/pages\/85864\/revisions"}],"predecessor-version":[{"id":86005,"href":"https:\/\/www.accuratereviews.com\/it\/wp-json\/wp\/v2\/pages\/85864\/revisions\/86005"}],"up":[{"embeddable":true,"href":"https:\/\/www.accuratereviews.com\/it\/wp-json\/wp\/v2\/pages\/85867"}],"wp:featuredmedia":[{"embeddable":true,"href":"https:\/\/www.accuratereviews.com\/it\/wp-json\/wp\/v2\/media\/85884"}],"wp:attachment":[{"href":"https:\/\/www.accuratereviews.com\/it\/wp-json\/wp\/v2\/media?parent=85864"}],"wp:term":[{"taxonomy":"category","embeddable":true,"href":"https:\/\/www.accuratereviews.com\/it\/wp-json\/wp\/v2\/categories?post=85864"},{"taxonomy":"post_tag","embeddable":true,"href":"https:\/\/www.accuratereviews.com\/it\/wp-json\/wp\/v2\/tags?post=85864"},{"taxonomy":"features","embeddable":true,"href":"https:\/\/www.accuratereviews.com\/it\/wp-json\/wp\/v2\/features?post=85864"}],"curies":[{"name":"wp","href":"https:\/\/api.w.org\/{rel}","templated":true}]}}